{"id":17432,"date":"2024-09-27T08:00:34","date_gmt":"2024-09-27T06:00:34","guid":{"rendered":"https:\/\/www.sestogrado.it\/?post_type=product&#038;p=17432"},"modified":"2025-10-18T14:49:34","modified_gmt":"2025-10-18T12:49:34","slug":"black-diamond-stone-duffel-42-zaino-porta-corda","status":"publish","type":"product","link":"https:\/\/www.sestogrado.it\/it\/prodotto\/black-diamond-stone-duffel-42-zaino-porta-corda\/","title":{"rendered":"Black Diamond Stone Duffel 42 zaino porta corda"},"content":{"rendered":"<p>Il BLACK DIAMOND STONE DUFFEL 42 \u00e8 uno zaino da falesia semplice e pulito con 42 litri di capienza. Con cerniere larghe per un facile accesso, lo Stone Duffel 42 include un telo rimovibile per la corda.<\/p>\n<p>\u00c8 l&#8217;ideale per i lunghi avvicinamenti, ma anche per quei viaggi arrampicatori che tutti noi sogniamo di fare almeno una volta nella vita. Incentrato su comfort e leggerezza, lo Stone Duffel 42 ha uno schienale in schiuma e un telaietto ultraleggero. Gli spallacci sono removibili, mentre la cintura in vita in rete aumenta la comodit\u00e0 senza aumentare il peso. Ampie maniglie per il trasporto e un ampio vano principale super accessibile. All&#8217;interno due tasche a zip per riporre al sicuro gli oggetti pi\u00f9 importanti.<\/p>\n<ul>\n<li>telaio leggero con pannello posteriore in schiuma per massimo comfort<\/li>\n<li>spallacci imbottiti<\/li>\n<li>accesso con cerniera a tutta lunghezza<\/li>\n<li>due tasche interne con cerniera<\/li>\n<li>include un telo amovibile da\u00a01,2 x 1,5 m<\/li>\n<\/ul>\n<p>Il Black Diamond Stone Duffel 42\u00a0unisce un tecnico zaino da arrampicata alla praticit\u00e0 e versatilit\u00e0 di un borsone sportivo. \u00c8 l&#8217;ideale per i lunghi avvicinamenti.<\/p>\n<p>&nbsp;<\/p>","protected":false},"excerpt":{"rendered":"<p>Il BLACK DIAMOND STONE DUFFEL 42 \u00e8 uno zaino da falesia semplice e pulito con 42 litri di capienza. Con [&hellip;]<\/p>\n","protected":false},"featured_media":171568,"comment_status":"open","ping_status":"closed","template":"","meta":{"_acf_changed":false},"product_brand":[121],"product_cat":[390,392],"product_tag":[500,425],"class_list":{"0":"post-17432","1":"product","2":"type-product","3":"status-publish","4":"has-post-thumbnail","6":"product_brand-black-diamond","7":"product_cat-zaini-e-borse-portacorda","8":"product_cat-borse-portacorda","9":"product_tag-zaino-blackdiamond","10":"product_tag-zaino-portacorda","12":"first","13":"instock","14":"sale","15":"taxable","16":"shipping-taxable","17":"purchasable","18":"product-type-variable"},"acf":[],"yoast_head":"<!-- This site is optimized with the Yoast SEO plugin v26.4 - https:\/\/yoast.com\/wordpress\/plugins\/seo\/ -->\n<title>Black Diamond Stone Duffel 42 zaino porta corda - Sestogrado<\/title>\n<meta name=\"description\" content=\"Il BLACK DIAMOND STONE DUFFEL 42 \u00e8 uno zaino da falesia semplice e pulito con 42 litri di capienza. Con cerniere larghe per un facile accesso, lo Stone Duffel 42 include un telo rimovibile per la corda. Unisce un tecnico zaino da arrampicata alla praticit\u00e0 e versatilit\u00e0 di un borsone sportivo.\" \/>\n<meta name=\"robots\" content=\"index, follow, max-snippet:-1, max-image-preview:large, max-video-preview:-1\" \/>\n<link rel=\"canonical\" href=\"https:\/\/www.sestogrado.it\/it\/prodotto\/black-diamond-stone-duffel-42-zaino-porta-corda\/\" \/>\n<meta property=\"og:locale\" content=\"it_IT\" \/>\n<meta property=\"og:type\" content=\"article\" \/>\n<meta property=\"og:title\" content=\"Black Diamond Stone Duffel 42 zaino porta corda - Sestogrado\" \/>\n<meta property=\"og:description\" content=\"Il BLACK DIAMOND STONE DUFFEL 42 \u00e8 uno zaino da falesia semplice e pulito con 42 litri di capienza. Con cerniere larghe per un facile accesso, lo Stone Duffel 42 include un telo rimovibile per la corda. Unisce un tecnico zaino da arrampicata alla praticit\u00e0 e versatilit\u00e0 di un borsone sportivo.\" \/>\n<meta property=\"og:url\" content=\"https:\/\/www.sestogrado.it\/it\/prodotto\/black-diamond-stone-duffel-42-zaino-porta-corda\/\" \/>\n<meta property=\"og:site_name\" content=\"Sestogrado\" \/>\n<meta property=\"article:publisher\" content=\"https:\/\/www.facebook.com\/pages\/Sestogrado\/1542635979353017?ref=bookmarks\" \/>\n<meta property=\"article:modified_time\" content=\"2025-10-18T12:49:34+00:00\" \/>\n<meta property=\"og:image\" content=\"https:\/\/www.sestogrado.it\/wp-content\/uploads\/2023\/08\/01-2.jpg\" \/>\n\t<meta property=\"og:image:width\" content=\"1000\" \/>\n\t<meta property=\"og:image:height\" content=\"1000\" \/>\n\t<meta property=\"og:image:type\" content=\"image\/jpeg\" \/>\n<meta name=\"twitter:label1\" content=\"Disponibilit\u00e0\" \/>\n\t<meta name=\"twitter:data1\" content=\"In stock\" \/>\n<script type=\"application\/ld+json\" class=\"yoast-schema-graph\">{\"@context\":\"https:\/\/schema.org\",\"@graph\":[{\"@type\":\"WebPage\",\"@id\":\"https:\/\/www.sestogrado.it\/it\/prodotto\/black-diamond-stone-duffel-42-zaino-porta-corda\/\",\"url\":\"https:\/\/www.sestogrado.it\/it\/prodotto\/black-diamond-stone-duffel-42-zaino-porta-corda\/\",\"name\":\"Black Diamond Stone Duffel 42 zaino porta corda - Sestogrado\",\"isPartOf\":{\"@id\":\"https:\/\/www.sestogrado.it\/it\/#website\"},\"primaryImageOfPage\":{\"@id\":\"https:\/\/www.sestogrado.it\/it\/prodotto\/black-diamond-stone-duffel-42-zaino-porta-corda\/#primaryimage\"},\"image\":{\"@id\":\"https:\/\/www.sestogrado.it\/prodotto\/black-diamond-stone-duffel-42-zaino-porta-corda\/#primaryimage\"},\"thumbnailUrl\":\"https:\/\/www.sestogrado.it\/wp-content\/uploads\/2023\/08\/01-2.jpg\",\"datePublished\":\"2024-09-27T06:00:34+00:00\",\"dateModified\":\"2025-10-18T12:49:34+00:00\",\"description\":\"Il BLACK DIAMOND STONE DUFFEL 42 \u00e8 uno zaino da falesia semplice e pulito con 42 litri di capienza. Con cerniere larghe per un facile accesso, lo Stone Duffel 42 include un telo rimovibile per la corda. Unisce un tecnico zaino da arrampicata alla praticit\u00e0 e versatilit\u00e0 di un borsone sportivo.\",\"breadcrumb\":{\"@id\":\"https:\/\/www.sestogrado.it\/it\/prodotto\/black-diamond-stone-duffel-42-zaino-porta-corda\/#breadcrumb\"},\"inLanguage\":\"it-IT\",\"potentialAction\":[{\"@type\":\"ReadAction\",\"target\":[[\"https:\/\/www.sestogrado.it\/it\/prodotto\/black-diamond-stone-duffel-42-zaino-porta-corda\/\"]]}]},{\"@type\":\"ImageObject\",\"inLanguage\":\"it-IT\",\"@id\":\"https:\/\/www.sestogrado.it\/it\/prodotto\/black-diamond-stone-duffel-42-zaino-porta-corda\/#primaryimage\",\"url\":\"https:\/\/www.sestogrado.it\/wp-content\/uploads\/2023\/08\/01-2.jpg\",\"contentUrl\":\"https:\/\/www.sestogrado.it\/wp-content\/uploads\/2023\/08\/01-2.jpg\",\"width\":1000,\"height\":1000,\"caption\":\"stone duffel octane\"},{\"@type\":\"BreadcrumbList\",\"@id\":\"https:\/\/www.sestogrado.it\/it\/prodotto\/black-diamond-stone-duffel-42-zaino-porta-corda\/#breadcrumb\",\"itemListElement\":[{\"@type\":\"ListItem\",\"position\":1,\"name\":\"Home\",\"item\":\"https:\/\/www.sestogrado.it\/it\/\"},{\"@type\":\"ListItem\",\"position\":2,\"name\":\"Shop\",\"item\":\"https:\/\/www.sestogrado.it\/it\/shop\/\"},{\"@type\":\"ListItem\",\"position\":3,\"name\":\"Black Diamond Stone Duffel 42 zaino porta corda\"}]},{\"@type\":\"WebSite\",\"@id\":\"https:\/\/www.sestogrado.it\/it\/#website\",\"url\":\"https:\/\/www.sestogrado.it\/it\/\",\"name\":\"Sestogrado\",\"description\":\"yes we climb\",\"publisher\":{\"@id\":\"https:\/\/www.sestogrado.it\/it\/#organization\"},\"potentialAction\":[{\"@type\":\"SearchAction\",\"target\":{\"@type\":\"EntryPoint\",\"urlTemplate\":\"https:\/\/www.sestogrado.it\/it\/?s={search_term_string}\"},\"query-input\":{\"@type\":\"PropertyValueSpecification\",\"valueRequired\":true,\"valueName\":\"search_term_string\"}}],\"inLanguage\":\"it-IT\"},{\"@type\":\"Organization\",\"@id\":\"https:\/\/www.sestogrado.it\/it\/#organization\",\"name\":\"Sestogrado\",\"url\":\"https:\/\/www.sestogrado.it\/it\/\",\"logo\":{\"@type\":\"ImageObject\",\"inLanguage\":\"it-IT\",\"@id\":\"https:\/\/www.sestogrado.it\/it\/#\/schema\/logo\/image\/\",\"url\":\"https:\/\/www.sestogrado.it\/wp-content\/uploads\/2015\/03\/sestogrado-favicon.png\",\"contentUrl\":\"https:\/\/www.sestogrado.it\/wp-content\/uploads\/2015\/03\/sestogrado-favicon.png\",\"width\":260,\"height\":260,\"caption\":\"Sestogrado\"},\"image\":{\"@id\":\"https:\/\/www.sestogrado.it\/it\/#\/schema\/logo\/image\/\"},\"sameAs\":[\"https:\/\/www.facebook.com\/pages\/Sestogrado\/1542635979353017?ref=bookmarks\",\"https:\/\/www.youtube.com\/channel\/UC847kAfTkaJsWpc1jtQwr3Q\"],\"hasMerchantReturnPolicy\":{\"@type\":\"MerchantReturnPolicy\",\"merchantReturnLink\":\"https:\/\/www.sestogrado.it\/it\/termini-e-condizioni\/\"}}]}<\/script>\n<meta property=\"product:brand\" content=\"Black Diamond\" \/>\n<meta property=\"og:availability\" content=\"instock\" \/>\n<meta property=\"product:availability\" content=\"instock\" \/>\n<meta property=\"product:condition\" content=\"new\" \/>\n<!-- \/ Yoast SEO plugin. -->","yoast_head_json":{"title":"Black Diamond Stone Duffel 42 zaino porta corda - Sestogrado","description":"Il BLACK DIAMOND STONE DUFFEL 42 \u00e8 uno zaino da falesia semplice e pulito con 42 litri di capienza. Con cerniere larghe per un facile accesso, lo Stone Duffel 42 include un telo rimovibile per la corda. Unisce un tecnico zaino da arrampicata alla praticit\u00e0 e versatilit\u00e0 di un borsone sportivo.","robots":{"index":"index","follow":"follow","max-snippet":"max-snippet:-1","max-image-preview":"max-image-preview:large","max-video-preview":"max-video-preview:-1"},"canonical":"https:\/\/www.sestogrado.it\/it\/prodotto\/black-diamond-stone-duffel-42-zaino-porta-corda\/","og_locale":"it_IT","og_type":"article","og_title":"Black Diamond Stone Duffel 42 zaino porta corda - Sestogrado","og_description":"Il BLACK DIAMOND STONE DUFFEL 42 \u00e8 uno zaino da falesia semplice e pulito con 42 litri di capienza. Con cerniere larghe per un facile accesso, lo Stone Duffel 42 include un telo rimovibile per la corda. Unisce un tecnico zaino da arrampicata alla praticit\u00e0 e versatilit\u00e0 di un borsone sportivo.","og_url":"https:\/\/www.sestogrado.it\/it\/prodotto\/black-diamond-stone-duffel-42-zaino-porta-corda\/","og_site_name":"Sestogrado","article_publisher":"https:\/\/www.facebook.com\/pages\/Sestogrado\/1542635979353017?ref=bookmarks","article_modified_time":"2025-10-18T12:49:34+00:00","og_image":[{"width":1000,"height":1000,"url":"https:\/\/www.sestogrado.it\/wp-content\/uploads\/2023\/08\/01-2.jpg","type":"image\/jpeg"}],"twitter_misc":{"Disponibilit\u00e0":"In stock"},"schema":{"@context":"https:\/\/schema.org","@graph":[{"@type":"WebPage","@id":"https:\/\/www.sestogrado.it\/it\/prodotto\/black-diamond-stone-duffel-42-zaino-porta-corda\/","url":"https:\/\/www.sestogrado.it\/it\/prodotto\/black-diamond-stone-duffel-42-zaino-porta-corda\/","name":"Black Diamond Stone Duffel 42 zaino porta corda - Sestogrado","isPartOf":{"@id":"https:\/\/www.sestogrado.it\/it\/#website"},"primaryImageOfPage":{"@id":"https:\/\/www.sestogrado.it\/it\/prodotto\/black-diamond-stone-duffel-42-zaino-porta-corda\/#primaryimage"},"image":{"@id":"https:\/\/www.sestogrado.it\/prodotto\/black-diamond-stone-duffel-42-zaino-porta-corda\/#primaryimage"},"thumbnailUrl":"https:\/\/www.sestogrado.it\/wp-content\/uploads\/2023\/08\/01-2.jpg","datePublished":"2024-09-27T06:00:34+00:00","dateModified":"2025-10-18T12:49:34+00:00","description":"Il BLACK DIAMOND STONE DUFFEL 42 \u00e8 uno zaino da falesia semplice e pulito con 42 litri di capienza. Con cerniere larghe per un facile accesso, lo Stone Duffel 42 include un telo rimovibile per la corda. Unisce un tecnico zaino da arrampicata alla praticit\u00e0 e versatilit\u00e0 di un borsone sportivo.","breadcrumb":{"@id":"https:\/\/www.sestogrado.it\/it\/prodotto\/black-diamond-stone-duffel-42-zaino-porta-corda\/#breadcrumb"},"inLanguage":"it-IT","potentialAction":[{"@type":"ReadAction","target":[["https:\/\/www.sestogrado.it\/it\/prodotto\/black-diamond-stone-duffel-42-zaino-porta-corda\/"]]}]},{"@type":"ImageObject","inLanguage":"it-IT","@id":"https:\/\/www.sestogrado.it\/it\/prodotto\/black-diamond-stone-duffel-42-zaino-porta-corda\/#primaryimage","url":"https:\/\/www.sestogrado.it\/wp-content\/uploads\/2023\/08\/01-2.jpg","contentUrl":"https:\/\/www.sestogrado.it\/wp-content\/uploads\/2023\/08\/01-2.jpg","width":1000,"height":1000,"caption":"stone duffel octane"},{"@type":"BreadcrumbList","@id":"https:\/\/www.sestogrado.it\/it\/prodotto\/black-diamond-stone-duffel-42-zaino-porta-corda\/#breadcrumb","itemListElement":[{"@type":"ListItem","position":1,"name":"Home","item":"https:\/\/www.sestogrado.it\/it\/"},{"@type":"ListItem","position":2,"name":"Shop","item":"https:\/\/www.sestogrado.it\/it\/shop\/"},{"@type":"ListItem","position":3,"name":"Black Diamond Stone Duffel 42 zaino porta corda"}]},{"@type":"WebSite","@id":"https:\/\/www.sestogrado.it\/it\/#website","url":"https:\/\/www.sestogrado.it\/it\/","name":"Sestogrado","description":"yes we climb","publisher":{"@id":"https:\/\/www.sestogrado.it\/it\/#organization"},"potentialAction":[{"@type":"SearchAction","target":{"@type":"EntryPoint","urlTemplate":"https:\/\/www.sestogrado.it\/it\/?s={search_term_string}"},"query-input":{"@type":"PropertyValueSpecification","valueRequired":true,"valueName":"search_term_string"}}],"inLanguage":"it-IT"},{"@type":"Organization","@id":"https:\/\/www.sestogrado.it\/it\/#organization","name":"Sestogrado","url":"https:\/\/www.sestogrado.it\/it\/","logo":{"@type":"ImageObject","inLanguage":"it-IT","@id":"https:\/\/www.sestogrado.it\/it\/#\/schema\/logo\/image\/","url":"https:\/\/www.sestogrado.it\/wp-content\/uploads\/2015\/03\/sestogrado-favicon.png","contentUrl":"https:\/\/www.sestogrado.it\/wp-content\/uploads\/2015\/03\/sestogrado-favicon.png","width":260,"height":260,"caption":"Sestogrado"},"image":{"@id":"https:\/\/www.sestogrado.it\/it\/#\/schema\/logo\/image\/"},"sameAs":["https:\/\/www.facebook.com\/pages\/Sestogrado\/1542635979353017?ref=bookmarks","https:\/\/www.youtube.com\/channel\/UC847kAfTkaJsWpc1jtQwr3Q"],"hasMerchantReturnPolicy":{"@type":"MerchantReturnPolicy","merchantReturnLink":"https:\/\/www.sestogrado.it\/it\/termini-e-condizioni\/"}}]},"product_brand":"Black Diamond","og_availability":"instock","product_availability":"instock","product_condition":"new"},"_links":{"self":[{"href":"https:\/\/www.sestogrado.it\/it\/wp-json\/wp\/v2\/product\/17432","targetHints":{"allow":["GET"]}}],"collection":[{"href":"https:\/\/www.sestogrado.it\/it\/wp-json\/wp\/v2\/product"}],"about":[{"href":"https:\/\/www.sestogrado.it\/it\/wp-json\/wp\/v2\/types\/product"}],"replies":[{"embeddable":true,"href":"https:\/\/www.sestogrado.it\/it\/wp-json\/wp\/v2\/comments?post=17432"}],"wp:featuredmedia":[{"embeddable":true,"href":"https:\/\/www.sestogrado.it\/it\/wp-json\/wp\/v2\/media\/171568"}],"wp:attachment":[{"href":"https:\/\/www.sestogrado.it\/it\/wp-json\/wp\/v2\/media?parent=17432"}],"wp:term":[{"taxonomy":"product_brand","embeddable":true,"href":"https:\/\/www.sestogrado.it\/it\/wp-json\/wp\/v2\/product_brand?post=17432"},{"taxonomy":"product_cat","embeddable":true,"href":"https:\/\/www.sestogrado.it\/it\/wp-json\/wp\/v2\/product_cat?post=17432"},{"taxonomy":"product_tag","embeddable":true,"href":"https:\/\/www.sestogrado.it\/it\/wp-json\/wp\/v2\/product_tag?post=17432"}],"curies":[{"name":"wp","href":"https:\/\/api.w.org\/{rel}","templated":true}]}}