{"id":173183,"date":"2024-11-05T14:20:27","date_gmt":"2024-11-05T13:20:27","guid":{"rendered":"https:\/\/www.sestogrado.it\/?post_type=product&#038;p=173183"},"modified":"2026-03-01T21:45:16","modified_gmt":"2026-03-01T20:45:16","slug":"black-diamond-venom-lt-tech-piccozza-da-alpinismo","status":"publish","type":"product","link":"https:\/\/www.sestogrado.it\/it\/prodotto\/black-diamond-venom-lt-tech-piccozza-da-alpinismo\/","title":{"rendered":"Black Diamond Venom LT Tech piccozza da alpinismo"},"content":{"rendered":"<p>Progettata come uno strumento ultraleggero in grado di affrontare terreni tecnici, la Venom LT Tech eccelle nelle missioni di scialpinismo e nelle vie alpinistiche. Con un peso di soli 305 grammi, la Venom LT Tech \u00e8 dotata di un martello e di un pomello regolabile. La becca Hot Forged Tech LT, sostituibile, \u00e8 combinata con una testa ergonomica in alluminio forgiato, mentre il manico scanalato e antiscivolo si assottiglia fino a una punta in acciaio sostituibile. La Venom LT Tech \u00e8 inoltre compatibile con la pala Transfer Shovel (non in dotazione) permettendoti di creare uno strumento estremamente versatile per l\u2019escursionismo fuori pista. Infine, puoi smontare lo strumento e sostituire la becca con la Hot Forged Classic LT per trasformarlo nel Venom LT Classic da 240 grammi.<\/p>\n<ul>\n<li>Becca Hot Forged Tech LT<\/li>\n<li>Punta in acciaio sostituibile<\/li>\n<li>Testa in alluminio forgiato con attacco per martello<\/li>\n<li>Manico in alluminio scanalato per una massima presa<\/li>\n<li>Compatibile con la pala Transfer Shovel non inclusa<\/li>\n<li>Pu\u00f2 essere smontata e convertita in Venom LT Classic<\/li>\n<li>Lunghezza: 45 cm<\/li>\n<li>Peso: 305 grammi<\/li>\n<\/ul>\n<p>&nbsp;<\/p>\n<p>Black Diamond dal 1957 rappresenta un punto di riferimento mondiale per l\u2019attrezzatura da arrampicata. Ci\u00f2 che all\u2019inizio era una attivit\u00e0 artigianale con incudine e martello oggi si \u00e8 trasformata in una societ\u00e0 globale con uffici in tre continenti. Il segreto di Black Diamond \u00e8 sempre lo stesso: essere una societ\u00e0 formata da appassionati climber. In Black Diamond si continua a sognare su ci\u00f2 che potrebbe essere e si continua ad essere critici su ci\u00f2 che esiste. E\u2019 cos\u00ec che il processo creativo per la realizzazione della migliore attrezzatura da arrampicata non avr\u00e0 mai fine.<\/p>","protected":false},"excerpt":{"rendered":"<p>Progettata come uno strumento ultraleggero in grado di affrontare terreni tecnici, la Venom LT Tech eccelle nelle missioni di scialpinismo [&hellip;]<\/p>\n","protected":false},"featured_media":173185,"comment_status":"open","ping_status":"closed","template":"","meta":{"_acf_changed":false},"product_brand":[121],"product_cat":[152],"product_tag":[],"class_list":{"0":"post-173183","1":"product","2":"type-product","3":"status-publish","4":"has-post-thumbnail","6":"product_brand-black-diamond","7":"product_cat-piccozze","9":"first","10":"instock","11":"sale","12":"taxable","13":"shipping-taxable","14":"purchasable","15":"product-type-simple"},"acf":[],"yoast_head":"<!-- This site is optimized with the Yoast SEO plugin v26.4 - https:\/\/yoast.com\/wordpress\/plugins\/seo\/ -->\n<title>Black Diamond Venom LT Tech piccozza da alpinismo - Sestogrado<\/title>\n<meta name=\"description\" content=\"Progettata come uno strumento ultraleggero in grado di affrontare terreni tecnici, la Venom LT Tech eccelle nelle missioni di scialpinismo e nelle vie alpinistiche. Con un peso di soli 305 grammi, la Venom LT Tech \u00e8 dotata di un martello e di un pomello regolabile. La becca Hot Forged Tech LT, sostituibile, \u00e8 combinata con una testa ergonomica in alluminio forgiato, mentre il manico scanalato e antiscivolo si assottiglia fino a una punta in acciaio sostituibile. La Venom LT Tech \u00e8 inoltre compatibile con la pala Transfer Shovel (non in dotazione) permettendoti di creare uno strumento estremamente versatile per l\u2019escursionismo fuori pista. Infine, puoi smontare lo strumento e sostituire la becca con la Hot Forged Classic LT per trasformarlo nel Venom LT Classic da 240 grammi.\" \/>\n<meta name=\"robots\" content=\"index, follow, max-snippet:-1, max-image-preview:large, max-video-preview:-1\" \/>\n<link rel=\"canonical\" href=\"https:\/\/www.sestogrado.it\/it\/prodotto\/black-diamond-venom-lt-tech-piccozza-da-alpinismo\/\" \/>\n<meta property=\"og:locale\" content=\"it_IT\" \/>\n<meta property=\"og:type\" content=\"article\" \/>\n<meta property=\"og:title\" content=\"Black Diamond Venom LT Tech piccozza da alpinismo - Sestogrado\" \/>\n<meta property=\"og:description\" content=\"Progettata come uno strumento ultraleggero in grado di affrontare terreni tecnici, la Venom LT Tech eccelle nelle missioni di scialpinismo e nelle vie alpinistiche. Con un peso di soli 305 grammi, la Venom LT Tech \u00e8 dotata di un martello e di un pomello regolabile. La becca Hot Forged Tech LT, sostituibile, \u00e8 combinata con una testa ergonomica in alluminio forgiato, mentre il manico scanalato e antiscivolo si assottiglia fino a una punta in acciaio sostituibile. La Venom LT Tech \u00e8 inoltre compatibile con la pala Transfer Shovel (non in dotazione) permettendoti di creare uno strumento estremamente versatile per l\u2019escursionismo fuori pista. Infine, puoi smontare lo strumento e sostituire la becca con la Hot Forged Classic LT per trasformarlo nel Venom LT Classic da 240 grammi.\" \/>\n<meta property=\"og:url\" content=\"https:\/\/www.sestogrado.it\/it\/prodotto\/black-diamond-venom-lt-tech-piccozza-da-alpinismo\/\" \/>\n<meta property=\"og:site_name\" content=\"Sestogrado\" \/>\n<meta property=\"article:publisher\" content=\"https:\/\/www.facebook.com\/pages\/Sestogrado\/1542635979353017?ref=bookmarks\" \/>\n<meta property=\"article:modified_time\" content=\"2026-03-01T20:45:16+00:00\" \/>\n<meta property=\"og:image\" content=\"https:\/\/www.sestogrado.it\/wp-content\/uploads\/2024\/10\/01-6.jpg\" \/>\n\t<meta property=\"og:image:width\" content=\"1000\" \/>\n\t<meta property=\"og:image:height\" content=\"1000\" \/>\n\t<meta property=\"og:image:type\" content=\"image\/jpeg\" \/>\n<meta name=\"twitter:label1\" content=\"Prezzo\" \/>\n\t<meta name=\"twitter:data1\" content=\"&euro;&nbsp;139,00\" \/>\n\t<meta name=\"twitter:label2\" content=\"Disponibilit\u00e0\" \/>\n\t<meta name=\"twitter:data2\" content=\"In stock\" \/>\n<script type=\"application\/ld+json\" class=\"yoast-schema-graph\">{\"@context\":\"https:\/\/schema.org\",\"@graph\":[{\"@type\":\"WebPage\",\"@id\":\"https:\/\/www.sestogrado.it\/it\/prodotto\/black-diamond-venom-lt-tech-piccozza-da-alpinismo\/\",\"url\":\"https:\/\/www.sestogrado.it\/it\/prodotto\/black-diamond-venom-lt-tech-piccozza-da-alpinismo\/\",\"name\":\"Black Diamond Venom LT Tech piccozza da alpinismo - Sestogrado\",\"isPartOf\":{\"@id\":\"https:\/\/www.sestogrado.it\/it\/#website\"},\"primaryImageOfPage\":{\"@id\":\"https:\/\/www.sestogrado.it\/it\/prodotto\/black-diamond-venom-lt-tech-piccozza-da-alpinismo\/#primaryimage\"},\"image\":{\"@id\":\"https:\/\/www.sestogrado.it\/prodotto\/black-diamond-venom-lt-tech-piccozza-da-alpinismo\/#primaryimage\"},\"thumbnailUrl\":\"https:\/\/www.sestogrado.it\/wp-content\/uploads\/2024\/10\/01-6.jpg\",\"datePublished\":\"2024-11-05T13:20:27+00:00\",\"dateModified\":\"2026-03-01T20:45:16+00:00\",\"description\":\"Progettata come uno strumento ultraleggero in grado di affrontare terreni tecnici, la Venom LT Tech eccelle nelle missioni di scialpinismo e nelle vie alpinistiche. Con un peso di soli 305 grammi, la Venom LT Tech \u00e8 dotata di un martello e di un pomello regolabile. La becca Hot Forged Tech LT, sostituibile, \u00e8 combinata con una testa ergonomica in alluminio forgiato, mentre il manico scanalato e antiscivolo si assottiglia fino a una punta in acciaio sostituibile. La Venom LT Tech \u00e8 inoltre compatibile con la pala Transfer Shovel (non in dotazione) permettendoti di creare uno strumento estremamente versatile per l\u2019escursionismo fuori pista. Infine, puoi smontare lo strumento e sostituire la becca con la Hot Forged Classic LT per trasformarlo nel Venom LT Classic da 240 grammi.\",\"breadcrumb\":{\"@id\":\"https:\/\/www.sestogrado.it\/it\/prodotto\/black-diamond-venom-lt-tech-piccozza-da-alpinismo\/#breadcrumb\"},\"inLanguage\":\"it-IT\",\"potentialAction\":[{\"@type\":\"ReadAction\",\"target\":[[\"https:\/\/www.sestogrado.it\/it\/prodotto\/black-diamond-venom-lt-tech-piccozza-da-alpinismo\/\"]]}]},{\"@type\":\"ImageObject\",\"inLanguage\":\"it-IT\",\"@id\":\"https:\/\/www.sestogrado.it\/it\/prodotto\/black-diamond-venom-lt-tech-piccozza-da-alpinismo\/#primaryimage\",\"url\":\"https:\/\/www.sestogrado.it\/wp-content\/uploads\/2024\/10\/01-6.jpg\",\"contentUrl\":\"https:\/\/www.sestogrado.it\/wp-content\/uploads\/2024\/10\/01-6.jpg\",\"width\":1000,\"height\":1000,\"caption\":\"venom lt tech\"},{\"@type\":\"BreadcrumbList\",\"@id\":\"https:\/\/www.sestogrado.it\/it\/prodotto\/black-diamond-venom-lt-tech-piccozza-da-alpinismo\/#breadcrumb\",\"itemListElement\":[{\"@type\":\"ListItem\",\"position\":1,\"name\":\"Home\",\"item\":\"https:\/\/www.sestogrado.it\/it\/\"},{\"@type\":\"ListItem\",\"position\":2,\"name\":\"Shop\",\"item\":\"https:\/\/www.sestogrado.it\/it\/shop\/\"},{\"@type\":\"ListItem\",\"position\":3,\"name\":\"Black Diamond Venom LT Tech piccozza da alpinismo\"}]},{\"@type\":\"WebSite\",\"@id\":\"https:\/\/www.sestogrado.it\/it\/#website\",\"url\":\"https:\/\/www.sestogrado.it\/it\/\",\"name\":\"Sestogrado\",\"description\":\"yes we climb\",\"publisher\":{\"@id\":\"https:\/\/www.sestogrado.it\/it\/#organization\"},\"potentialAction\":[{\"@type\":\"SearchAction\",\"target\":{\"@type\":\"EntryPoint\",\"urlTemplate\":\"https:\/\/www.sestogrado.it\/it\/?s={search_term_string}\"},\"query-input\":{\"@type\":\"PropertyValueSpecification\",\"valueRequired\":true,\"valueName\":\"search_term_string\"}}],\"inLanguage\":\"it-IT\"},{\"@type\":\"Organization\",\"@id\":\"https:\/\/www.sestogrado.it\/it\/#organization\",\"name\":\"Sestogrado\",\"url\":\"https:\/\/www.sestogrado.it\/it\/\",\"logo\":{\"@type\":\"ImageObject\",\"inLanguage\":\"it-IT\",\"@id\":\"https:\/\/www.sestogrado.it\/it\/#\/schema\/logo\/image\/\",\"url\":\"https:\/\/www.sestogrado.it\/wp-content\/uploads\/2015\/03\/sestogrado-favicon.png\",\"contentUrl\":\"https:\/\/www.sestogrado.it\/wp-content\/uploads\/2015\/03\/sestogrado-favicon.png\",\"width\":260,\"height\":260,\"caption\":\"Sestogrado\"},\"image\":{\"@id\":\"https:\/\/www.sestogrado.it\/it\/#\/schema\/logo\/image\/\"},\"sameAs\":[\"https:\/\/www.facebook.com\/pages\/Sestogrado\/1542635979353017?ref=bookmarks\",\"https:\/\/www.youtube.com\/channel\/UC847kAfTkaJsWpc1jtQwr3Q\"],\"hasMerchantReturnPolicy\":{\"@type\":\"MerchantReturnPolicy\",\"merchantReturnLink\":\"https:\/\/www.sestogrado.it\/it\/termini-e-condizioni\/\"}}]}<\/script>\n<meta property=\"product:brand\" content=\"Black Diamond\" \/>\n<meta property=\"product:price:amount\" content=\"139.00\" \/>\n<meta property=\"product:price:currency\" content=\"EUR\" \/>\n<meta property=\"og:availability\" content=\"instock\" \/>\n<meta property=\"product:availability\" content=\"instock\" \/>\n<meta property=\"product:condition\" content=\"new\" \/>\n<!-- \/ Yoast SEO plugin. -->","yoast_head_json":{"title":"Black Diamond Venom LT Tech piccozza da alpinismo - Sestogrado","description":"Progettata come uno strumento ultraleggero in grado di affrontare terreni tecnici, la Venom LT Tech eccelle nelle missioni di scialpinismo e nelle vie alpinistiche. Con un peso di soli 305 grammi, la Venom LT Tech \u00e8 dotata di un martello e di un pomello regolabile. La becca Hot Forged Tech LT, sostituibile, \u00e8 combinata con una testa ergonomica in alluminio forgiato, mentre il manico scanalato e antiscivolo si assottiglia fino a una punta in acciaio sostituibile. La Venom LT Tech \u00e8 inoltre compatibile con la pala Transfer Shovel (non in dotazione) permettendoti di creare uno strumento estremamente versatile per l\u2019escursionismo fuori pista. Infine, puoi smontare lo strumento e sostituire la becca con la Hot Forged Classic LT per trasformarlo nel Venom LT Classic da 240 grammi.","robots":{"index":"index","follow":"follow","max-snippet":"max-snippet:-1","max-image-preview":"max-image-preview:large","max-video-preview":"max-video-preview:-1"},"canonical":"https:\/\/www.sestogrado.it\/it\/prodotto\/black-diamond-venom-lt-tech-piccozza-da-alpinismo\/","og_locale":"it_IT","og_type":"article","og_title":"Black Diamond Venom LT Tech piccozza da alpinismo - Sestogrado","og_description":"Progettata come uno strumento ultraleggero in grado di affrontare terreni tecnici, la Venom LT Tech eccelle nelle missioni di scialpinismo e nelle vie alpinistiche. Con un peso di soli 305 grammi, la Venom LT Tech \u00e8 dotata di un martello e di un pomello regolabile. La becca Hot Forged Tech LT, sostituibile, \u00e8 combinata con una testa ergonomica in alluminio forgiato, mentre il manico scanalato e antiscivolo si assottiglia fino a una punta in acciaio sostituibile. La Venom LT Tech \u00e8 inoltre compatibile con la pala Transfer Shovel (non in dotazione) permettendoti di creare uno strumento estremamente versatile per l\u2019escursionismo fuori pista. Infine, puoi smontare lo strumento e sostituire la becca con la Hot Forged Classic LT per trasformarlo nel Venom LT Classic da 240 grammi.","og_url":"https:\/\/www.sestogrado.it\/it\/prodotto\/black-diamond-venom-lt-tech-piccozza-da-alpinismo\/","og_site_name":"Sestogrado","article_publisher":"https:\/\/www.facebook.com\/pages\/Sestogrado\/1542635979353017?ref=bookmarks","article_modified_time":"2026-03-01T20:45:16+00:00","og_image":[{"width":1000,"height":1000,"url":"https:\/\/www.sestogrado.it\/wp-content\/uploads\/2024\/10\/01-6.jpg","type":"image\/jpeg"}],"twitter_misc":{"Prezzo":"&euro;&nbsp;139,00","Disponibilit\u00e0":"In stock"},"schema":{"@context":"https:\/\/schema.org","@graph":[{"@type":"WebPage","@id":"https:\/\/www.sestogrado.it\/it\/prodotto\/black-diamond-venom-lt-tech-piccozza-da-alpinismo\/","url":"https:\/\/www.sestogrado.it\/it\/prodotto\/black-diamond-venom-lt-tech-piccozza-da-alpinismo\/","name":"Black Diamond Venom LT Tech piccozza da alpinismo - Sestogrado","isPartOf":{"@id":"https:\/\/www.sestogrado.it\/it\/#website"},"primaryImageOfPage":{"@id":"https:\/\/www.sestogrado.it\/it\/prodotto\/black-diamond-venom-lt-tech-piccozza-da-alpinismo\/#primaryimage"},"image":{"@id":"https:\/\/www.sestogrado.it\/prodotto\/black-diamond-venom-lt-tech-piccozza-da-alpinismo\/#primaryimage"},"thumbnailUrl":"https:\/\/www.sestogrado.it\/wp-content\/uploads\/2024\/10\/01-6.jpg","datePublished":"2024-11-05T13:20:27+00:00","dateModified":"2026-03-01T20:45:16+00:00","description":"Progettata come uno strumento ultraleggero in grado di affrontare terreni tecnici, la Venom LT Tech eccelle nelle missioni di scialpinismo e nelle vie alpinistiche. Con un peso di soli 305 grammi, la Venom LT Tech \u00e8 dotata di un martello e di un pomello regolabile. La becca Hot Forged Tech LT, sostituibile, \u00e8 combinata con una testa ergonomica in alluminio forgiato, mentre il manico scanalato e antiscivolo si assottiglia fino a una punta in acciaio sostituibile. La Venom LT Tech \u00e8 inoltre compatibile con la pala Transfer Shovel (non in dotazione) permettendoti di creare uno strumento estremamente versatile per l\u2019escursionismo fuori pista. Infine, puoi smontare lo strumento e sostituire la becca con la Hot Forged Classic LT per trasformarlo nel Venom LT Classic da 240 grammi.","breadcrumb":{"@id":"https:\/\/www.sestogrado.it\/it\/prodotto\/black-diamond-venom-lt-tech-piccozza-da-alpinismo\/#breadcrumb"},"inLanguage":"it-IT","potentialAction":[{"@type":"ReadAction","target":[["https:\/\/www.sestogrado.it\/it\/prodotto\/black-diamond-venom-lt-tech-piccozza-da-alpinismo\/"]]}]},{"@type":"ImageObject","inLanguage":"it-IT","@id":"https:\/\/www.sestogrado.it\/it\/prodotto\/black-diamond-venom-lt-tech-piccozza-da-alpinismo\/#primaryimage","url":"https:\/\/www.sestogrado.it\/wp-content\/uploads\/2024\/10\/01-6.jpg","contentUrl":"https:\/\/www.sestogrado.it\/wp-content\/uploads\/2024\/10\/01-6.jpg","width":1000,"height":1000,"caption":"venom lt tech"},{"@type":"BreadcrumbList","@id":"https:\/\/www.sestogrado.it\/it\/prodotto\/black-diamond-venom-lt-tech-piccozza-da-alpinismo\/#breadcrumb","itemListElement":[{"@type":"ListItem","position":1,"name":"Home","item":"https:\/\/www.sestogrado.it\/it\/"},{"@type":"ListItem","position":2,"name":"Shop","item":"https:\/\/www.sestogrado.it\/it\/shop\/"},{"@type":"ListItem","position":3,"name":"Black Diamond Venom LT Tech piccozza da alpinismo"}]},{"@type":"WebSite","@id":"https:\/\/www.sestogrado.it\/it\/#website","url":"https:\/\/www.sestogrado.it\/it\/","name":"Sestogrado","description":"yes we climb","publisher":{"@id":"https:\/\/www.sestogrado.it\/it\/#organization"},"potentialAction":[{"@type":"SearchAction","target":{"@type":"EntryPoint","urlTemplate":"https:\/\/www.sestogrado.it\/it\/?s={search_term_string}"},"query-input":{"@type":"PropertyValueSpecification","valueRequired":true,"valueName":"search_term_string"}}],"inLanguage":"it-IT"},{"@type":"Organization","@id":"https:\/\/www.sestogrado.it\/it\/#organization","name":"Sestogrado","url":"https:\/\/www.sestogrado.it\/it\/","logo":{"@type":"ImageObject","inLanguage":"it-IT","@id":"https:\/\/www.sestogrado.it\/it\/#\/schema\/logo\/image\/","url":"https:\/\/www.sestogrado.it\/wp-content\/uploads\/2015\/03\/sestogrado-favicon.png","contentUrl":"https:\/\/www.sestogrado.it\/wp-content\/uploads\/2015\/03\/sestogrado-favicon.png","width":260,"height":260,"caption":"Sestogrado"},"image":{"@id":"https:\/\/www.sestogrado.it\/it\/#\/schema\/logo\/image\/"},"sameAs":["https:\/\/www.facebook.com\/pages\/Sestogrado\/1542635979353017?ref=bookmarks","https:\/\/www.youtube.com\/channel\/UC847kAfTkaJsWpc1jtQwr3Q"],"hasMerchantReturnPolicy":{"@type":"MerchantReturnPolicy","merchantReturnLink":"https:\/\/www.sestogrado.it\/it\/termini-e-condizioni\/"}}]},"product_brand":"Black Diamond","product_price_amount":"139.00","product_price_currency":"EUR","og_availability":"instock","product_availability":"instock","product_condition":"new"},"_links":{"self":[{"href":"https:\/\/www.sestogrado.it\/it\/wp-json\/wp\/v2\/product\/173183","targetHints":{"allow":["GET"]}}],"collection":[{"href":"https:\/\/www.sestogrado.it\/it\/wp-json\/wp\/v2\/product"}],"about":[{"href":"https:\/\/www.sestogrado.it\/it\/wp-json\/wp\/v2\/types\/product"}],"replies":[{"embeddable":true,"href":"https:\/\/www.sestogrado.it\/it\/wp-json\/wp\/v2\/comments?post=173183"}],"wp:featuredmedia":[{"embeddable":true,"href":"https:\/\/www.sestogrado.it\/it\/wp-json\/wp\/v2\/media\/173185"}],"wp:attachment":[{"href":"https:\/\/www.sestogrado.it\/it\/wp-json\/wp\/v2\/media?parent=173183"}],"wp:term":[{"taxonomy":"product_brand","embeddable":true,"href":"https:\/\/www.sestogrado.it\/it\/wp-json\/wp\/v2\/product_brand?post=173183"},{"taxonomy":"product_cat","embeddable":true,"href":"https:\/\/www.sestogrado.it\/it\/wp-json\/wp\/v2\/product_cat?post=173183"},{"taxonomy":"product_tag","embeddable":true,"href":"https:\/\/www.sestogrado.it\/it\/wp-json\/wp\/v2\/product_tag?post=173183"}],"curies":[{"name":"wp","href":"https:\/\/api.w.org\/{rel}","templated":true}]}}