{"id":173152,"date":"2024-11-25T08:17:59","date_gmt":"2024-11-25T07:17:59","guid":{"rendered":"https:\/\/www.sestogrado.it\/?post_type=product&#038;p=173152"},"modified":"2025-11-22T16:49:50","modified_gmt":"2025-11-22T15:49:50","slug":"black-diamond-hybrid-light-guanti-da-outdoor","status":"publish","type":"product","link":"https:\/\/www.sestogrado.it\/it\/prodotto\/black-diamond-hybrid-light-guanti-da-outdoor\/","title":{"rendered":"Black Diamond Hybrid Light guanti running trekking"},"content":{"rendered":"<p><\/p>\n<div class=\"flex-shrink-0 flex flex-col relative items-end\">\n<div class=\"pt-0\">\n<div class=\"gizmo-bot-avatar flex h-8 w-8 items-center justify-center overflow-hidden rounded-full\">\n<div class=\"relative p-1 rounded-sm flex items-center justify-center bg-token-main-surface-primary text-token-text-primary h-8 w-8\">Precipitazioni leggere, vento e temperature fresche sono condizioni ideali per i guanti Hybrid Light. Realizzati con un tessuto softshell elasticizzato a 3 strati, che include un morbido rivestimento in pile e un trattamento idrorepellente (DWR), questi guanti offrono una resistenza superiore agli agenti atmosferici. Tra le caratteristiche principali troviamo l&#8217;apertura per l&#8217;orologio da polso, pollice e indice compatibili con touchscreen, e una texture in silicone mappata sul palmo per una presa extra.<\/div>\n<div>\n<ul>\n<li>Esterno in softshell a 3 strati, resistente al vento e impermeabile<\/li>\n<li>Pollice e indice compatibili con touchscreen<\/li>\n<li>Apertura per l&#8217;orologio da polso<\/li>\n<li>Inserto in pile a griglia morbido per asciugare il naso<\/li>\n<li>Palmo con silicone mappato per maggiore presa e durata\u00e0<\/li>\n<li>Loghi riflettenti per una migliore visibilit\u00e0<\/li>\n<li>Clip per unire i guanti<\/li>\n<li>Range ideale di temperatura: -9\/0 C\n<div class=\"flex-shrink-0 flex flex-col relative items-end\">\n<div>\n<div class=\"pt-0\">\n<div class=\"gizmo-bot-avatar flex h-8 w-8 items-center justify-center overflow-hidden rounded-full\">\n<div class=\"relative p-1 rounded-sm flex items-center justify-center bg-token-main-surface-primary text-token-text-primary h-8 w-8\"><\/div>\n<\/div>\n<\/div>\n<\/div>\n<\/div>\n<div class=\"group\/conversation-turn relative flex w-full min-w-0 flex-col agent-turn\">\n<div class=\"flex-col gap-1 md:gap-3\">\n<div class=\"flex max-w-full flex-col flex-grow\">\n<div class=\"min-h-8 text-message flex w-full flex-col items-end gap-2 whitespace-normal break-words [.text-message+&amp;]:mt-5\" dir=\"auto\" data-message-author-role=\"assistant\" data-message-id=\"13139477-e416-462a-bc56-1ea8ebe0f959\" data-message-model-slug=\"gpt-4o\">\n<div class=\"flex w-full flex-col gap-1 empty:hidden first:pt-[3px]\"><\/div>\n<\/div>\n<\/div>\n<\/div>\n<\/div>\n<\/li>\n<\/ul>\n<\/div>\n<\/div>\n<p>Per scegliere la taglia misurarsi la circonferenza del palmo, in corrispondenza delle nocche:<\/p>\n<p><img decoding=\"async\" class=\"size-full wp-image-23609 img-fluid alignnone\" src=\"https:\/\/www.sestogrado.it\/wp-content\/uploads\/2019\/10\/mano.png\" alt=\"mano\" width=\"300\" height=\"300\" srcset=\"https:\/\/www.sestogrado.it\/wp-content\/uploads\/2019\/10\/mano.png 300w, https:\/\/www.sestogrado.it\/wp-content\/uploads\/2019\/10\/mano-100x100.png 100w, https:\/\/www.sestogrado.it\/wp-content\/uploads\/2019\/10\/mano-220x220.png 220w, https:\/\/www.sestogrado.it\/wp-content\/uploads\/2019\/10\/mano-150x150.png 150w, https:\/\/www.sestogrado.it\/wp-content\/uploads\/2019\/10\/mano-45x45.png 45w, https:\/\/www.sestogrado.it\/wp-content\/uploads\/2019\/10\/mano-64x64.png 64w, https:\/\/www.sestogrado.it\/wp-content\/uploads\/2019\/10\/mano-80x80.png 80w\" sizes=\"(max-width: 300px) 100vw, 300px\" \/><\/p>\n<p>XS 18.4-19.7cm<\/p>\n<p>S 19.7-21cm<\/p>\n<p>M 21.5-23cm<\/p>\n<p>L 23-24cm<\/p>\n<p>XL 24-25.4cm<\/p>\n<p>&nbsp;<\/p>\n<p id=\"tw-target-text\" class=\"tw-data-text tw-text-large tw-ta\" dir=\"ltr\" data-placeholder=\"Traduzione\">Black Diamond dal 1957 rappresenta un punto di riferimento mondiale per l\u2019attrezzatura da arrampicata. Ci\u00f2 che all\u2019inizio era una attivit\u00e0 artigianale con incudine e martello oggi si \u00e8 trasformata in una societ\u00e0 globale con uffici in tre continenti. Il segreto di Black Diamond \u00e8 sempre lo stesso: essere una societ\u00e0 formata da appassionati climber. In Black Diamond si continua a sognare su ci\u00f2 che potrebbe essere e si continua ad essere critici su ci\u00f2 che esiste. E\u2019 cos\u00ec che il processo creativo per la realizzazione della migliore attrezzatura da arrampicata non avr\u00e0 mai fine.<\/p>\n<p>&nbsp;<\/p>\n<\/div>\n<\/div>\n<p><\/p>","protected":false},"excerpt":{"rendered":"<p>Precipitazioni leggere, vento e temperature fresche sono condizioni ideali per i guanti Hybrid Light. Realizzati con un tessuto softshell elasticizzato [&hellip;]<\/p>\n","protected":false},"featured_media":173158,"comment_status":"open","ping_status":"closed","template":"","meta":{"_acf_changed":false},"product_brand":[121],"product_cat":[1427],"product_tag":[],"class_list":{"0":"post-173152","1":"product","2":"type-product","3":"status-publish","4":"has-post-thumbnail","6":"product_brand-black-diamond","7":"product_cat-outdoor","9":"first","10":"instock","11":"sale","12":"taxable","13":"shipping-taxable","14":"purchasable","15":"product-type-variable"},"acf":[],"yoast_head":"<!-- This site is optimized with the Yoast SEO plugin v26.4 - https:\/\/yoast.com\/wordpress\/plugins\/seo\/ -->\n<title>Black Diamond Hybrid Light guanti running trekking - Sestogrado<\/title>\n<meta name=\"description\" content=\"Precipitazioni leggere, vento e temperature fresche sono condizioni ideali per i guanti Hybrid Light. Realizzati con un tessuto softshell elasticizzato a 3 strati, che include un morbido rivestimento in pile e un trattamento idrorepellente (DWR), questi guanti offrono una resistenza superiore agli agenti atmosferici. Tra le caratteristiche principali troviamo l&#039;apertura per l&#039;orologio da polso, pollice e indice compatibili con touchscreen, e una texture in silicone mappata sul palmo per una presa extra.\" \/>\n<meta name=\"robots\" content=\"index, follow, max-snippet:-1, max-image-preview:large, max-video-preview:-1\" \/>\n<link rel=\"canonical\" href=\"https:\/\/www.sestogrado.it\/it\/prodotto\/black-diamond-hybrid-light-guanti-da-outdoor\/\" \/>\n<meta property=\"og:locale\" content=\"it_IT\" \/>\n<meta property=\"og:type\" content=\"article\" \/>\n<meta property=\"og:title\" content=\"Black Diamond Hybrid Light guanti running trekking - Sestogrado\" \/>\n<meta property=\"og:description\" content=\"Precipitazioni leggere, vento e temperature fresche sono condizioni ideali per i guanti Hybrid Light. Realizzati con un tessuto softshell elasticizzato a 3 strati, che include un morbido rivestimento in pile e un trattamento idrorepellente (DWR), questi guanti offrono una resistenza superiore agli agenti atmosferici. Tra le caratteristiche principali troviamo l&#039;apertura per l&#039;orologio da polso, pollice e indice compatibili con touchscreen, e una texture in silicone mappata sul palmo per una presa extra.\" \/>\n<meta property=\"og:url\" content=\"https:\/\/www.sestogrado.it\/it\/prodotto\/black-diamond-hybrid-light-guanti-da-outdoor\/\" \/>\n<meta property=\"og:site_name\" content=\"Sestogrado\" \/>\n<meta property=\"article:publisher\" content=\"https:\/\/www.facebook.com\/pages\/Sestogrado\/1542635979353017?ref=bookmarks\" \/>\n<meta property=\"article:modified_time\" content=\"2025-11-22T15:49:50+00:00\" \/>\n<meta property=\"og:image\" content=\"https:\/\/www.sestogrado.it\/wp-content\/uploads\/2024\/10\/01-4.jpg\" \/>\n\t<meta property=\"og:image:width\" content=\"1000\" \/>\n\t<meta property=\"og:image:height\" content=\"1000\" \/>\n\t<meta property=\"og:image:type\" content=\"image\/jpeg\" \/>\n<meta name=\"twitter:label1\" content=\"Disponibilit\u00e0\" \/>\n\t<meta name=\"twitter:data1\" content=\"In stock\" \/>\n<script type=\"application\/ld+json\" class=\"yoast-schema-graph\">{\"@context\":\"https:\/\/schema.org\",\"@graph\":[{\"@type\":\"WebPage\",\"@id\":\"https:\/\/www.sestogrado.it\/it\/prodotto\/black-diamond-hybrid-light-guanti-da-outdoor\/\",\"url\":\"https:\/\/www.sestogrado.it\/it\/prodotto\/black-diamond-hybrid-light-guanti-da-outdoor\/\",\"name\":\"Black Diamond Hybrid Light guanti running trekking - Sestogrado\",\"isPartOf\":{\"@id\":\"https:\/\/www.sestogrado.it\/it\/#website\"},\"primaryImageOfPage\":{\"@id\":\"https:\/\/www.sestogrado.it\/it\/prodotto\/black-diamond-hybrid-light-guanti-da-outdoor\/#primaryimage\"},\"image\":{\"@id\":\"https:\/\/www.sestogrado.it\/prodotto\/black-diamond-hybrid-light-guanti-da-outdoor\/#primaryimage\"},\"thumbnailUrl\":\"https:\/\/www.sestogrado.it\/wp-content\/uploads\/2024\/10\/01-4.jpg\",\"datePublished\":\"2024-11-25T07:17:59+00:00\",\"dateModified\":\"2025-11-22T15:49:50+00:00\",\"description\":\"Precipitazioni leggere, vento e temperature fresche sono condizioni ideali per i guanti Hybrid Light. Realizzati con un tessuto softshell elasticizzato a 3 strati, che include un morbido rivestimento in pile e un trattamento idrorepellente (DWR), questi guanti offrono una resistenza superiore agli agenti atmosferici. Tra le caratteristiche principali troviamo l'apertura per l'orologio da polso, pollice e indice compatibili con touchscreen, e una texture in silicone mappata sul palmo per una presa extra.\",\"breadcrumb\":{\"@id\":\"https:\/\/www.sestogrado.it\/it\/prodotto\/black-diamond-hybrid-light-guanti-da-outdoor\/#breadcrumb\"},\"inLanguage\":\"it-IT\",\"potentialAction\":[{\"@type\":\"ReadAction\",\"target\":[[\"https:\/\/www.sestogrado.it\/it\/prodotto\/black-diamond-hybrid-light-guanti-da-outdoor\/\"]]}]},{\"@type\":\"ImageObject\",\"inLanguage\":\"it-IT\",\"@id\":\"https:\/\/www.sestogrado.it\/it\/prodotto\/black-diamond-hybrid-light-guanti-da-outdoor\/#primaryimage\",\"url\":\"https:\/\/www.sestogrado.it\/wp-content\/uploads\/2024\/10\/01-4.jpg\",\"contentUrl\":\"https:\/\/www.sestogrado.it\/wp-content\/uploads\/2024\/10\/01-4.jpg\",\"width\":1000,\"height\":1000,\"caption\":\"hybrid light\"},{\"@type\":\"BreadcrumbList\",\"@id\":\"https:\/\/www.sestogrado.it\/it\/prodotto\/black-diamond-hybrid-light-guanti-da-outdoor\/#breadcrumb\",\"itemListElement\":[{\"@type\":\"ListItem\",\"position\":1,\"name\":\"Home\",\"item\":\"https:\/\/www.sestogrado.it\/it\/\"},{\"@type\":\"ListItem\",\"position\":2,\"name\":\"Shop\",\"item\":\"https:\/\/www.sestogrado.it\/it\/shop\/\"},{\"@type\":\"ListItem\",\"position\":3,\"name\":\"Black Diamond Hybrid Light guanti running trekking\"}]},{\"@type\":\"WebSite\",\"@id\":\"https:\/\/www.sestogrado.it\/it\/#website\",\"url\":\"https:\/\/www.sestogrado.it\/it\/\",\"name\":\"Sestogrado\",\"description\":\"yes we climb\",\"publisher\":{\"@id\":\"https:\/\/www.sestogrado.it\/it\/#organization\"},\"potentialAction\":[{\"@type\":\"SearchAction\",\"target\":{\"@type\":\"EntryPoint\",\"urlTemplate\":\"https:\/\/www.sestogrado.it\/it\/?s={search_term_string}\"},\"query-input\":{\"@type\":\"PropertyValueSpecification\",\"valueRequired\":true,\"valueName\":\"search_term_string\"}}],\"inLanguage\":\"it-IT\"},{\"@type\":\"Organization\",\"@id\":\"https:\/\/www.sestogrado.it\/it\/#organization\",\"name\":\"Sestogrado\",\"url\":\"https:\/\/www.sestogrado.it\/it\/\",\"logo\":{\"@type\":\"ImageObject\",\"inLanguage\":\"it-IT\",\"@id\":\"https:\/\/www.sestogrado.it\/it\/#\/schema\/logo\/image\/\",\"url\":\"https:\/\/www.sestogrado.it\/wp-content\/uploads\/2015\/03\/sestogrado-favicon.png\",\"contentUrl\":\"https:\/\/www.sestogrado.it\/wp-content\/uploads\/2015\/03\/sestogrado-favicon.png\",\"width\":260,\"height\":260,\"caption\":\"Sestogrado\"},\"image\":{\"@id\":\"https:\/\/www.sestogrado.it\/it\/#\/schema\/logo\/image\/\"},\"sameAs\":[\"https:\/\/www.facebook.com\/pages\/Sestogrado\/1542635979353017?ref=bookmarks\",\"https:\/\/www.youtube.com\/channel\/UC847kAfTkaJsWpc1jtQwr3Q\"],\"hasMerchantReturnPolicy\":{\"@type\":\"MerchantReturnPolicy\",\"merchantReturnLink\":\"https:\/\/www.sestogrado.it\/it\/termini-e-condizioni\/\"}}]}<\/script>\n<meta property=\"product:brand\" content=\"Black Diamond\" \/>\n<meta property=\"og:availability\" content=\"instock\" \/>\n<meta property=\"product:availability\" content=\"instock\" \/>\n<meta property=\"product:condition\" content=\"new\" \/>\n<!-- \/ Yoast SEO plugin. -->","yoast_head_json":{"title":"Black Diamond Hybrid Light guanti running trekking - Sestogrado","description":"Precipitazioni leggere, vento e temperature fresche sono condizioni ideali per i guanti Hybrid Light. Realizzati con un tessuto softshell elasticizzato a 3 strati, che include un morbido rivestimento in pile e un trattamento idrorepellente (DWR), questi guanti offrono una resistenza superiore agli agenti atmosferici. Tra le caratteristiche principali troviamo l'apertura per l'orologio da polso, pollice e indice compatibili con touchscreen, e una texture in silicone mappata sul palmo per una presa extra.","robots":{"index":"index","follow":"follow","max-snippet":"max-snippet:-1","max-image-preview":"max-image-preview:large","max-video-preview":"max-video-preview:-1"},"canonical":"https:\/\/www.sestogrado.it\/it\/prodotto\/black-diamond-hybrid-light-guanti-da-outdoor\/","og_locale":"it_IT","og_type":"article","og_title":"Black Diamond Hybrid Light guanti running trekking - Sestogrado","og_description":"Precipitazioni leggere, vento e temperature fresche sono condizioni ideali per i guanti Hybrid Light. Realizzati con un tessuto softshell elasticizzato a 3 strati, che include un morbido rivestimento in pile e un trattamento idrorepellente (DWR), questi guanti offrono una resistenza superiore agli agenti atmosferici. Tra le caratteristiche principali troviamo l'apertura per l'orologio da polso, pollice e indice compatibili con touchscreen, e una texture in silicone mappata sul palmo per una presa extra.","og_url":"https:\/\/www.sestogrado.it\/it\/prodotto\/black-diamond-hybrid-light-guanti-da-outdoor\/","og_site_name":"Sestogrado","article_publisher":"https:\/\/www.facebook.com\/pages\/Sestogrado\/1542635979353017?ref=bookmarks","article_modified_time":"2025-11-22T15:49:50+00:00","og_image":[{"width":1000,"height":1000,"url":"https:\/\/www.sestogrado.it\/wp-content\/uploads\/2024\/10\/01-4.jpg","type":"image\/jpeg"}],"twitter_misc":{"Disponibilit\u00e0":"In stock"},"schema":{"@context":"https:\/\/schema.org","@graph":[{"@type":"WebPage","@id":"https:\/\/www.sestogrado.it\/it\/prodotto\/black-diamond-hybrid-light-guanti-da-outdoor\/","url":"https:\/\/www.sestogrado.it\/it\/prodotto\/black-diamond-hybrid-light-guanti-da-outdoor\/","name":"Black Diamond Hybrid Light guanti running trekking - Sestogrado","isPartOf":{"@id":"https:\/\/www.sestogrado.it\/it\/#website"},"primaryImageOfPage":{"@id":"https:\/\/www.sestogrado.it\/it\/prodotto\/black-diamond-hybrid-light-guanti-da-outdoor\/#primaryimage"},"image":{"@id":"https:\/\/www.sestogrado.it\/prodotto\/black-diamond-hybrid-light-guanti-da-outdoor\/#primaryimage"},"thumbnailUrl":"https:\/\/www.sestogrado.it\/wp-content\/uploads\/2024\/10\/01-4.jpg","datePublished":"2024-11-25T07:17:59+00:00","dateModified":"2025-11-22T15:49:50+00:00","description":"Precipitazioni leggere, vento e temperature fresche sono condizioni ideali per i guanti Hybrid Light. Realizzati con un tessuto softshell elasticizzato a 3 strati, che include un morbido rivestimento in pile e un trattamento idrorepellente (DWR), questi guanti offrono una resistenza superiore agli agenti atmosferici. Tra le caratteristiche principali troviamo l'apertura per l'orologio da polso, pollice e indice compatibili con touchscreen, e una texture in silicone mappata sul palmo per una presa extra.","breadcrumb":{"@id":"https:\/\/www.sestogrado.it\/it\/prodotto\/black-diamond-hybrid-light-guanti-da-outdoor\/#breadcrumb"},"inLanguage":"it-IT","potentialAction":[{"@type":"ReadAction","target":[["https:\/\/www.sestogrado.it\/it\/prodotto\/black-diamond-hybrid-light-guanti-da-outdoor\/"]]}]},{"@type":"ImageObject","inLanguage":"it-IT","@id":"https:\/\/www.sestogrado.it\/it\/prodotto\/black-diamond-hybrid-light-guanti-da-outdoor\/#primaryimage","url":"https:\/\/www.sestogrado.it\/wp-content\/uploads\/2024\/10\/01-4.jpg","contentUrl":"https:\/\/www.sestogrado.it\/wp-content\/uploads\/2024\/10\/01-4.jpg","width":1000,"height":1000,"caption":"hybrid light"},{"@type":"BreadcrumbList","@id":"https:\/\/www.sestogrado.it\/it\/prodotto\/black-diamond-hybrid-light-guanti-da-outdoor\/#breadcrumb","itemListElement":[{"@type":"ListItem","position":1,"name":"Home","item":"https:\/\/www.sestogrado.it\/it\/"},{"@type":"ListItem","position":2,"name":"Shop","item":"https:\/\/www.sestogrado.it\/it\/shop\/"},{"@type":"ListItem","position":3,"name":"Black Diamond Hybrid Light guanti running trekking"}]},{"@type":"WebSite","@id":"https:\/\/www.sestogrado.it\/it\/#website","url":"https:\/\/www.sestogrado.it\/it\/","name":"Sestogrado","description":"yes we climb","publisher":{"@id":"https:\/\/www.sestogrado.it\/it\/#organization"},"potentialAction":[{"@type":"SearchAction","target":{"@type":"EntryPoint","urlTemplate":"https:\/\/www.sestogrado.it\/it\/?s={search_term_string}"},"query-input":{"@type":"PropertyValueSpecification","valueRequired":true,"valueName":"search_term_string"}}],"inLanguage":"it-IT"},{"@type":"Organization","@id":"https:\/\/www.sestogrado.it\/it\/#organization","name":"Sestogrado","url":"https:\/\/www.sestogrado.it\/it\/","logo":{"@type":"ImageObject","inLanguage":"it-IT","@id":"https:\/\/www.sestogrado.it\/it\/#\/schema\/logo\/image\/","url":"https:\/\/www.sestogrado.it\/wp-content\/uploads\/2015\/03\/sestogrado-favicon.png","contentUrl":"https:\/\/www.sestogrado.it\/wp-content\/uploads\/2015\/03\/sestogrado-favicon.png","width":260,"height":260,"caption":"Sestogrado"},"image":{"@id":"https:\/\/www.sestogrado.it\/it\/#\/schema\/logo\/image\/"},"sameAs":["https:\/\/www.facebook.com\/pages\/Sestogrado\/1542635979353017?ref=bookmarks","https:\/\/www.youtube.com\/channel\/UC847kAfTkaJsWpc1jtQwr3Q"],"hasMerchantReturnPolicy":{"@type":"MerchantReturnPolicy","merchantReturnLink":"https:\/\/www.sestogrado.it\/it\/termini-e-condizioni\/"}}]},"product_brand":"Black Diamond","og_availability":"instock","product_availability":"instock","product_condition":"new"},"_links":{"self":[{"href":"https:\/\/www.sestogrado.it\/it\/wp-json\/wp\/v2\/product\/173152","targetHints":{"allow":["GET"]}}],"collection":[{"href":"https:\/\/www.sestogrado.it\/it\/wp-json\/wp\/v2\/product"}],"about":[{"href":"https:\/\/www.sestogrado.it\/it\/wp-json\/wp\/v2\/types\/product"}],"replies":[{"embeddable":true,"href":"https:\/\/www.sestogrado.it\/it\/wp-json\/wp\/v2\/comments?post=173152"}],"wp:featuredmedia":[{"embeddable":true,"href":"https:\/\/www.sestogrado.it\/it\/wp-json\/wp\/v2\/media\/173158"}],"wp:attachment":[{"href":"https:\/\/www.sestogrado.it\/it\/wp-json\/wp\/v2\/media?parent=173152"}],"wp:term":[{"taxonomy":"product_brand","embeddable":true,"href":"https:\/\/www.sestogrado.it\/it\/wp-json\/wp\/v2\/product_brand?post=173152"},{"taxonomy":"product_cat","embeddable":true,"href":"https:\/\/www.sestogrado.it\/it\/wp-json\/wp\/v2\/product_cat?post=173152"},{"taxonomy":"product_tag","embeddable":true,"href":"https:\/\/www.sestogrado.it\/it\/wp-json\/wp\/v2\/product_tag?post=173152"}],"curies":[{"name":"wp","href":"https:\/\/api.w.org\/{rel}","templated":true}]}}