{"id":171583,"date":"2024-11-12T13:02:07","date_gmt":"2024-11-12T12:02:07","guid":{"rendered":"https:\/\/www.sestogrado.it\/?post_type=product&#038;p=171583"},"modified":"2026-04-23T14:50:07","modified_gmt":"2026-04-23T12:50:07","slug":"blue-ice-taka-ul-20-zaino-da-alpinismo-scialpinismo","status":"publish","type":"product","link":"https:\/\/www.sestogrado.it\/it\/prodotto\/blue-ice-taka-ul-20-zaino-da-alpinismo-scialpinismo\/","title":{"rendered":"Blue Ice Taka UL 20 zaino da alpinismo scialpinismo"},"content":{"rendered":"<p><\/p>\n<div class=\"flex-shrink-0 flex flex-col relative items-end\">\n<div>\n<div class=\"pt-0\">\n<div class=\"gizmo-bot-avatar flex h-8 w-8 items-center justify-center overflow-hidden rounded-full\">\n<div class=\"relative p-1 rounded-sm flex items-center justify-center bg-token-main-surface-primary text-token-text-primary h-8 w-8\">Originariamente progettato per le competizioni di scialpinismo, il Blue Ice Taka UL 20 \u00e8 uno zaino ultra-minimalista, il pi\u00f9 leggero della categoria.<\/div>\n<\/div>\n<\/div>\n<\/div>\n<\/div>\n<div class=\"group\/conversation-turn relative flex w-full min-w-0 flex-col agent-turn\">\n<div class=\"flex-col gap-1 md:gap-3\">\n<div class=\"flex max-w-full flex-col flex-grow\">\n<div class=\"min-h-8 text-message flex w-full flex-col items-end gap-2 whitespace-normal break-words [.text-message+&amp;]:mt-5\" dir=\"auto\" data-message-author-role=\"assistant\" data-message-id=\"e4f58e13-90a9-4277-acb3-bd78bad04d4a\">\n<div class=\"flex w-full flex-col gap-1 empty:hidden first:pt-[3px]\">\n<div class=\"markdown prose w-full break-words dark:prose-invert light\">\n<p>Questo zaino \u00e8 stato progettato specificamente per le competizioni di scialpinismo. Con il suo peso piuma inferiore ai 400g, \u00e8 perfettamente adatto anche alle esigenze di tutti gli appassionati di sci alpinismo che cercano spedizioni ultra-rapide ed efficienti. Il suo gancio porta-sci \u00e8 bloccabile per fissare gli sci rapidamente, ed \u00e8 disponibile un secondo porta-sci. Dispone inoltre di uno scomparto rinforzato con zip e velcro per i ramponi e di un porta piccozza. Il nylon Ripstop 100d ad alta tenacit\u00e0 garantisce una delle durabilit\u00e0 pi\u00f9 elevate che questa categoria di peso possa offrire.<\/p>\n<p>Uno zaino minimalista ma altamente funzionale con il miglior rapporto peso\/durata. Tutto \u00e8 progettato per mantenerti in movimento senza dover togliere lo zaino.<\/p>\n<div class=\"flex-shrink-0 flex flex-col relative items-end\">\n<div>\n<div class=\"pt-0\">\n<div class=\"gizmo-bot-avatar flex h-8 w-8 items-center justify-center overflow-hidden rounded-full\">\n<div class=\"relative p-1 rounded-sm flex items-center justify-center bg-token-main-surface-primary text-token-text-primary h-8 w-8\"><\/div>\n<\/div>\n<\/div>\n<\/div>\n<\/div>\n<div class=\"group\/conversation-turn relative flex w-full min-w-0 flex-col agent-turn\">\n<div class=\"flex-col gap-1 md:gap-3\">\n<div class=\"flex max-w-full flex-col flex-grow\">\n<div class=\"min-h-8 text-message flex w-full flex-col items-end gap-2 whitespace-normal break-words [.text-message+&amp;]:mt-5\" dir=\"auto\" data-message-author-role=\"assistant\" data-message-id=\"16f28cd8-b9f3-49fe-aa97-a73b3688a384\">\n<div class=\"flex w-full flex-col gap-1 empty:hidden first:pt-[3px]\">\n<div class=\"markdown prose w-full break-words dark:prose-invert light\">\n<p>\u2022 Materiali: Nylon Ripstop 100D ad alta tenacit\u00e0 &#8211; approvato Bluesign e privo di PFC<br \/>\n\u2022 Peso: 395g \/ 373g senza schiuma del pannello posteriore<br \/>\n\u2022 Dimensioni: 50 x 28 x 17 cm<br \/>\n\u2022 Volume: 20L<br \/>\n\u2022 Lunghezza del dorso: taglia unica<br \/>\n\u2022 Sistema rapido per il trasporto degli sci: gancio in acciaio sicuro combinato con fibbia elastica regolabile<br \/>\n\u2022 Tasca per ramponi a rapido accesso: chiusura in velcro e zip<br \/>\n\u2022 Porta piccozza a rapido accesso e sicuro<br \/>\n\u2022 Pannello posteriore traspirante<br \/>\n\u2022 Schiuma del pannello posteriore rimovibile<br \/>\n\u2022 Cintura in vita rimovibile<br \/>\n\u2022 Doppie tasche sul petto per 2 borracce morbide o snack<br \/>\n\u2022 Fischietto di sicurezza (integrato nella tasca destra sul petto)<br \/>\n\u2022 Piccola tasca interna con zip per documenti, telefono o snack<br \/>\n\u2022 Scomparto per attrezzatura da valanga<br \/>\n\u2022 Compatibile con sacca di idratazione<br \/>\n\u2022 Funzioni per compagni di squadra: ulteriore porta sci e anello di traino per il partner<\/p>\n<p>&nbsp;<\/p>\n<\/div>\n<\/div>\n<p>Blue Ice \u00e8 un\u2019azienda con sede a Chamonix che produce solo articoli da alpinismo di alta qualit\u00e0. Gli zaini Blue Ice sono dedicati ad un alpinismo tecnico e di alto livello. Inizialmente era semplicemente una questione di vivere la nostra passione al massimo: arrampicare, sciare, esplorare o semplicemente entrare in contatto con noi stessi e le montagne \u2026 prima di estendere questo progetto a tutti gli amanti delle vette l\u00e0 fuori.<\/p>\n<\/div>\n<\/div>\n<\/div>\n<\/div>\n<\/div>\n<\/div>\n<\/div>\n<\/div>\n<\/div>\n<\/div>\n<p><\/p>","protected":false},"excerpt":{"rendered":"<p>Originariamente progettato per le competizioni di scialpinismo, il Blue Ice Taka UL 20 \u00e8 uno zaino ultra-minimalista, il pi\u00f9 leggero [&hellip;]<\/p>\n","protected":false},"featured_media":171584,"comment_status":"open","ping_status":"closed","template":"","meta":{"_acf_changed":false},"product_brand":[641],"product_cat":[389,1431],"product_tag":[],"class_list":{"0":"post-171583","1":"product","2":"type-product","3":"status-publish","4":"has-post-thumbnail","6":"product_brand-blue-ice","7":"product_cat-zaini-alpinismo","8":"product_cat-scialpinismo-zaini","10":"first","11":"instock","12":"sale","13":"taxable","14":"shipping-taxable","15":"purchasable","16":"product-type-simple"},"acf":[],"yoast_head":"<!-- This site is optimized with the Yoast SEO plugin v26.4 - https:\/\/yoast.com\/wordpress\/plugins\/seo\/ -->\n<title>Blue Ice Taka UL 20 zaino da alpinismo scialpinismo - Sestogrado<\/title>\n<meta name=\"description\" content=\"Originariamente progettato per le competizioni di scialpinismo, il Blue Ice Taka UL 20 \u00e8 uno zaino ultra-minimalista, il pi\u00f9 leggero della categoria.Questo zaino \u00e8 stato progettato specificamente per le competizioni di scialpinismo. Con il suo peso piuma inferiore ai 400g, \u00e8 perfettamente adatto anche alle esigenze di tutti gli appassionati di sci alpinismo che cercano spedizioni ultra-rapide ed efficienti. Il suo gancio porta-sci \u00e8 bloccabile per fissare gli sci rapidamente, ed \u00e8 disponibile un secondo porta-sci. Dispone inoltre di uno scomparto rinforzato con zip e velcro per i ramponi e di un porta piccozza. Il nylon Ripstop 100d ad alta tenacit\u00e0 garantisce una delle durabilit\u00e0 pi\u00f9 elevate che questa categoria di peso possa offrire.Uno zaino minimalista ma altamente funzionale con il miglior rapporto peso\/durata. Tutto \u00e8 progettato per mantenerti in movimento senza dover togliere lo zaino.\" \/>\n<meta name=\"robots\" content=\"index, follow, max-snippet:-1, max-image-preview:large, max-video-preview:-1\" \/>\n<link rel=\"canonical\" href=\"https:\/\/www.sestogrado.it\/it\/prodotto\/blue-ice-taka-ul-20-zaino-da-alpinismo-scialpinismo\/\" \/>\n<meta property=\"og:locale\" content=\"it_IT\" \/>\n<meta property=\"og:type\" content=\"article\" \/>\n<meta property=\"og:title\" content=\"Blue Ice Taka UL 20 zaino da alpinismo scialpinismo - Sestogrado\" \/>\n<meta property=\"og:description\" content=\"Originariamente progettato per le competizioni di scialpinismo, il Blue Ice Taka UL 20 \u00e8 uno zaino ultra-minimalista, il pi\u00f9 leggero della categoria.Questo zaino \u00e8 stato progettato specificamente per le competizioni di scialpinismo. Con il suo peso piuma inferiore ai 400g, \u00e8 perfettamente adatto anche alle esigenze di tutti gli appassionati di sci alpinismo che cercano spedizioni ultra-rapide ed efficienti. Il suo gancio porta-sci \u00e8 bloccabile per fissare gli sci rapidamente, ed \u00e8 disponibile un secondo porta-sci. Dispone inoltre di uno scomparto rinforzato con zip e velcro per i ramponi e di un porta piccozza. Il nylon Ripstop 100d ad alta tenacit\u00e0 garantisce una delle durabilit\u00e0 pi\u00f9 elevate che questa categoria di peso possa offrire.Uno zaino minimalista ma altamente funzionale con il miglior rapporto peso\/durata. Tutto \u00e8 progettato per mantenerti in movimento senza dover togliere lo zaino.\" \/>\n<meta property=\"og:url\" content=\"https:\/\/www.sestogrado.it\/it\/prodotto\/blue-ice-taka-ul-20-zaino-da-alpinismo-scialpinismo\/\" \/>\n<meta property=\"og:site_name\" content=\"Sestogrado\" \/>\n<meta property=\"article:publisher\" content=\"https:\/\/www.facebook.com\/pages\/Sestogrado\/1542635979353017?ref=bookmarks\" \/>\n<meta property=\"article:modified_time\" content=\"2026-04-23T12:50:07+00:00\" \/>\n<meta property=\"og:image\" content=\"https:\/\/www.sestogrado.it\/wp-content\/uploads\/2024\/09\/01-4.jpg\" \/>\n\t<meta property=\"og:image:width\" content=\"1400\" \/>\n\t<meta property=\"og:image:height\" content=\"1400\" \/>\n\t<meta property=\"og:image:type\" content=\"image\/jpeg\" \/>\n<meta name=\"twitter:label1\" content=\"Prezzo\" \/>\n\t<meta name=\"twitter:data1\" content=\"&euro;&nbsp;99,00\" \/>\n\t<meta name=\"twitter:label2\" content=\"Disponibilit\u00e0\" \/>\n\t<meta name=\"twitter:data2\" content=\"In stock\" \/>\n<script type=\"application\/ld+json\" class=\"yoast-schema-graph\">{\"@context\":\"https:\/\/schema.org\",\"@graph\":[{\"@type\":\"WebPage\",\"@id\":\"https:\/\/www.sestogrado.it\/it\/prodotto\/blue-ice-taka-ul-20-zaino-da-alpinismo-scialpinismo\/\",\"url\":\"https:\/\/www.sestogrado.it\/it\/prodotto\/blue-ice-taka-ul-20-zaino-da-alpinismo-scialpinismo\/\",\"name\":\"Blue Ice Taka UL 20 zaino da alpinismo scialpinismo - Sestogrado\",\"isPartOf\":{\"@id\":\"https:\/\/www.sestogrado.it\/it\/#website\"},\"primaryImageOfPage\":{\"@id\":\"https:\/\/www.sestogrado.it\/it\/prodotto\/blue-ice-taka-ul-20-zaino-da-alpinismo-scialpinismo\/#primaryimage\"},\"image\":{\"@id\":\"https:\/\/www.sestogrado.it\/prodotto\/blue-ice-taka-ul-20-zaino-da-alpinismo-scialpinismo\/#primaryimage\"},\"thumbnailUrl\":\"https:\/\/www.sestogrado.it\/wp-content\/uploads\/2024\/09\/01-4.jpg\",\"datePublished\":\"2024-11-12T12:02:07+00:00\",\"dateModified\":\"2026-04-23T12:50:07+00:00\",\"description\":\"Originariamente progettato per le competizioni di scialpinismo, il Blue Ice Taka UL 20 \u00e8 uno zaino ultra-minimalista, il pi\u00f9 leggero della categoria.Questo zaino \u00e8 stato progettato specificamente per le competizioni di scialpinismo. Con il suo peso piuma inferiore ai 400g, \u00e8 perfettamente adatto anche alle esigenze di tutti gli appassionati di sci alpinismo che cercano spedizioni ultra-rapide ed efficienti. Il suo gancio porta-sci \u00e8 bloccabile per fissare gli sci rapidamente, ed \u00e8 disponibile un secondo porta-sci. Dispone inoltre di uno scomparto rinforzato con zip e velcro per i ramponi e di un porta piccozza. Il nylon Ripstop 100d ad alta tenacit\u00e0 garantisce una delle durabilit\u00e0 pi\u00f9 elevate che questa categoria di peso possa offrire.Uno zaino minimalista ma altamente funzionale con il miglior rapporto peso\/durata. Tutto \u00e8 progettato per mantenerti in movimento senza dover togliere lo zaino.\",\"breadcrumb\":{\"@id\":\"https:\/\/www.sestogrado.it\/it\/prodotto\/blue-ice-taka-ul-20-zaino-da-alpinismo-scialpinismo\/#breadcrumb\"},\"inLanguage\":\"it-IT\",\"potentialAction\":[{\"@type\":\"ReadAction\",\"target\":[[\"https:\/\/www.sestogrado.it\/it\/prodotto\/blue-ice-taka-ul-20-zaino-da-alpinismo-scialpinismo\/\"]]}]},{\"@type\":\"ImageObject\",\"inLanguage\":\"it-IT\",\"@id\":\"https:\/\/www.sestogrado.it\/it\/prodotto\/blue-ice-taka-ul-20-zaino-da-alpinismo-scialpinismo\/#primaryimage\",\"url\":\"https:\/\/www.sestogrado.it\/wp-content\/uploads\/2024\/09\/01-4.jpg\",\"contentUrl\":\"https:\/\/www.sestogrado.it\/wp-content\/uploads\/2024\/09\/01-4.jpg\",\"width\":1400,\"height\":1400,\"caption\":\"blue ice taka UL\"},{\"@type\":\"BreadcrumbList\",\"@id\":\"https:\/\/www.sestogrado.it\/it\/prodotto\/blue-ice-taka-ul-20-zaino-da-alpinismo-scialpinismo\/#breadcrumb\",\"itemListElement\":[{\"@type\":\"ListItem\",\"position\":1,\"name\":\"Home\",\"item\":\"https:\/\/www.sestogrado.it\/it\/\"},{\"@type\":\"ListItem\",\"position\":2,\"name\":\"Shop\",\"item\":\"https:\/\/www.sestogrado.it\/it\/shop\/\"},{\"@type\":\"ListItem\",\"position\":3,\"name\":\"Blue Ice Taka UL 20 zaino da alpinismo scialpinismo\"}]},{\"@type\":\"WebSite\",\"@id\":\"https:\/\/www.sestogrado.it\/it\/#website\",\"url\":\"https:\/\/www.sestogrado.it\/it\/\",\"name\":\"Sestogrado\",\"description\":\"yes we climb\",\"publisher\":{\"@id\":\"https:\/\/www.sestogrado.it\/it\/#organization\"},\"potentialAction\":[{\"@type\":\"SearchAction\",\"target\":{\"@type\":\"EntryPoint\",\"urlTemplate\":\"https:\/\/www.sestogrado.it\/it\/?s={search_term_string}\"},\"query-input\":{\"@type\":\"PropertyValueSpecification\",\"valueRequired\":true,\"valueName\":\"search_term_string\"}}],\"inLanguage\":\"it-IT\"},{\"@type\":\"Organization\",\"@id\":\"https:\/\/www.sestogrado.it\/it\/#organization\",\"name\":\"Sestogrado\",\"url\":\"https:\/\/www.sestogrado.it\/it\/\",\"logo\":{\"@type\":\"ImageObject\",\"inLanguage\":\"it-IT\",\"@id\":\"https:\/\/www.sestogrado.it\/it\/#\/schema\/logo\/image\/\",\"url\":\"https:\/\/www.sestogrado.it\/wp-content\/uploads\/2015\/03\/sestogrado-favicon.png\",\"contentUrl\":\"https:\/\/www.sestogrado.it\/wp-content\/uploads\/2015\/03\/sestogrado-favicon.png\",\"width\":260,\"height\":260,\"caption\":\"Sestogrado\"},\"image\":{\"@id\":\"https:\/\/www.sestogrado.it\/it\/#\/schema\/logo\/image\/\"},\"sameAs\":[\"https:\/\/www.facebook.com\/pages\/Sestogrado\/1542635979353017?ref=bookmarks\",\"https:\/\/www.youtube.com\/channel\/UC847kAfTkaJsWpc1jtQwr3Q\"],\"hasMerchantReturnPolicy\":{\"@type\":\"MerchantReturnPolicy\",\"merchantReturnLink\":\"https:\/\/www.sestogrado.it\/it\/termini-e-condizioni\/\"}}]}<\/script>\n<meta property=\"product:brand\" content=\"Blue Ice\" \/>\n<meta property=\"product:price:amount\" content=\"99.00\" \/>\n<meta property=\"product:price:currency\" content=\"EUR\" \/>\n<meta property=\"og:availability\" content=\"instock\" \/>\n<meta property=\"product:availability\" content=\"instock\" \/>\n<meta property=\"product:condition\" content=\"new\" \/>\n<!-- \/ Yoast SEO plugin. -->","yoast_head_json":{"title":"Blue Ice Taka UL 20 zaino da alpinismo scialpinismo - Sestogrado","description":"Originariamente progettato per le competizioni di scialpinismo, il Blue Ice Taka UL 20 \u00e8 uno zaino ultra-minimalista, il pi\u00f9 leggero della categoria.Questo zaino \u00e8 stato progettato specificamente per le competizioni di scialpinismo. Con il suo peso piuma inferiore ai 400g, \u00e8 perfettamente adatto anche alle esigenze di tutti gli appassionati di sci alpinismo che cercano spedizioni ultra-rapide ed efficienti. Il suo gancio porta-sci \u00e8 bloccabile per fissare gli sci rapidamente, ed \u00e8 disponibile un secondo porta-sci. Dispone inoltre di uno scomparto rinforzato con zip e velcro per i ramponi e di un porta piccozza. Il nylon Ripstop 100d ad alta tenacit\u00e0 garantisce una delle durabilit\u00e0 pi\u00f9 elevate che questa categoria di peso possa offrire.Uno zaino minimalista ma altamente funzionale con il miglior rapporto peso\/durata. Tutto \u00e8 progettato per mantenerti in movimento senza dover togliere lo zaino.","robots":{"index":"index","follow":"follow","max-snippet":"max-snippet:-1","max-image-preview":"max-image-preview:large","max-video-preview":"max-video-preview:-1"},"canonical":"https:\/\/www.sestogrado.it\/it\/prodotto\/blue-ice-taka-ul-20-zaino-da-alpinismo-scialpinismo\/","og_locale":"it_IT","og_type":"article","og_title":"Blue Ice Taka UL 20 zaino da alpinismo scialpinismo - Sestogrado","og_description":"Originariamente progettato per le competizioni di scialpinismo, il Blue Ice Taka UL 20 \u00e8 uno zaino ultra-minimalista, il pi\u00f9 leggero della categoria.Questo zaino \u00e8 stato progettato specificamente per le competizioni di scialpinismo. Con il suo peso piuma inferiore ai 400g, \u00e8 perfettamente adatto anche alle esigenze di tutti gli appassionati di sci alpinismo che cercano spedizioni ultra-rapide ed efficienti. Il suo gancio porta-sci \u00e8 bloccabile per fissare gli sci rapidamente, ed \u00e8 disponibile un secondo porta-sci. Dispone inoltre di uno scomparto rinforzato con zip e velcro per i ramponi e di un porta piccozza. Il nylon Ripstop 100d ad alta tenacit\u00e0 garantisce una delle durabilit\u00e0 pi\u00f9 elevate che questa categoria di peso possa offrire.Uno zaino minimalista ma altamente funzionale con il miglior rapporto peso\/durata. Tutto \u00e8 progettato per mantenerti in movimento senza dover togliere lo zaino.","og_url":"https:\/\/www.sestogrado.it\/it\/prodotto\/blue-ice-taka-ul-20-zaino-da-alpinismo-scialpinismo\/","og_site_name":"Sestogrado","article_publisher":"https:\/\/www.facebook.com\/pages\/Sestogrado\/1542635979353017?ref=bookmarks","article_modified_time":"2026-04-23T12:50:07+00:00","og_image":[{"width":1400,"height":1400,"url":"https:\/\/www.sestogrado.it\/wp-content\/uploads\/2024\/09\/01-4.jpg","type":"image\/jpeg"}],"twitter_misc":{"Prezzo":"&euro;&nbsp;99,00","Disponibilit\u00e0":"In stock"},"schema":{"@context":"https:\/\/schema.org","@graph":[{"@type":"WebPage","@id":"https:\/\/www.sestogrado.it\/it\/prodotto\/blue-ice-taka-ul-20-zaino-da-alpinismo-scialpinismo\/","url":"https:\/\/www.sestogrado.it\/it\/prodotto\/blue-ice-taka-ul-20-zaino-da-alpinismo-scialpinismo\/","name":"Blue Ice Taka UL 20 zaino da alpinismo scialpinismo - Sestogrado","isPartOf":{"@id":"https:\/\/www.sestogrado.it\/it\/#website"},"primaryImageOfPage":{"@id":"https:\/\/www.sestogrado.it\/it\/prodotto\/blue-ice-taka-ul-20-zaino-da-alpinismo-scialpinismo\/#primaryimage"},"image":{"@id":"https:\/\/www.sestogrado.it\/prodotto\/blue-ice-taka-ul-20-zaino-da-alpinismo-scialpinismo\/#primaryimage"},"thumbnailUrl":"https:\/\/www.sestogrado.it\/wp-content\/uploads\/2024\/09\/01-4.jpg","datePublished":"2024-11-12T12:02:07+00:00","dateModified":"2026-04-23T12:50:07+00:00","description":"Originariamente progettato per le competizioni di scialpinismo, il Blue Ice Taka UL 20 \u00e8 uno zaino ultra-minimalista, il pi\u00f9 leggero della categoria.Questo zaino \u00e8 stato progettato specificamente per le competizioni di scialpinismo. Con il suo peso piuma inferiore ai 400g, \u00e8 perfettamente adatto anche alle esigenze di tutti gli appassionati di sci alpinismo che cercano spedizioni ultra-rapide ed efficienti. Il suo gancio porta-sci \u00e8 bloccabile per fissare gli sci rapidamente, ed \u00e8 disponibile un secondo porta-sci. Dispone inoltre di uno scomparto rinforzato con zip e velcro per i ramponi e di un porta piccozza. Il nylon Ripstop 100d ad alta tenacit\u00e0 garantisce una delle durabilit\u00e0 pi\u00f9 elevate che questa categoria di peso possa offrire.Uno zaino minimalista ma altamente funzionale con il miglior rapporto peso\/durata. Tutto \u00e8 progettato per mantenerti in movimento senza dover togliere lo zaino.","breadcrumb":{"@id":"https:\/\/www.sestogrado.it\/it\/prodotto\/blue-ice-taka-ul-20-zaino-da-alpinismo-scialpinismo\/#breadcrumb"},"inLanguage":"it-IT","potentialAction":[{"@type":"ReadAction","target":[["https:\/\/www.sestogrado.it\/it\/prodotto\/blue-ice-taka-ul-20-zaino-da-alpinismo-scialpinismo\/"]]}]},{"@type":"ImageObject","inLanguage":"it-IT","@id":"https:\/\/www.sestogrado.it\/it\/prodotto\/blue-ice-taka-ul-20-zaino-da-alpinismo-scialpinismo\/#primaryimage","url":"https:\/\/www.sestogrado.it\/wp-content\/uploads\/2024\/09\/01-4.jpg","contentUrl":"https:\/\/www.sestogrado.it\/wp-content\/uploads\/2024\/09\/01-4.jpg","width":1400,"height":1400,"caption":"blue ice taka UL"},{"@type":"BreadcrumbList","@id":"https:\/\/www.sestogrado.it\/it\/prodotto\/blue-ice-taka-ul-20-zaino-da-alpinismo-scialpinismo\/#breadcrumb","itemListElement":[{"@type":"ListItem","position":1,"name":"Home","item":"https:\/\/www.sestogrado.it\/it\/"},{"@type":"ListItem","position":2,"name":"Shop","item":"https:\/\/www.sestogrado.it\/it\/shop\/"},{"@type":"ListItem","position":3,"name":"Blue Ice Taka UL 20 zaino da alpinismo scialpinismo"}]},{"@type":"WebSite","@id":"https:\/\/www.sestogrado.it\/it\/#website","url":"https:\/\/www.sestogrado.it\/it\/","name":"Sestogrado","description":"yes we climb","publisher":{"@id":"https:\/\/www.sestogrado.it\/it\/#organization"},"potentialAction":[{"@type":"SearchAction","target":{"@type":"EntryPoint","urlTemplate":"https:\/\/www.sestogrado.it\/it\/?s={search_term_string}"},"query-input":{"@type":"PropertyValueSpecification","valueRequired":true,"valueName":"search_term_string"}}],"inLanguage":"it-IT"},{"@type":"Organization","@id":"https:\/\/www.sestogrado.it\/it\/#organization","name":"Sestogrado","url":"https:\/\/www.sestogrado.it\/it\/","logo":{"@type":"ImageObject","inLanguage":"it-IT","@id":"https:\/\/www.sestogrado.it\/it\/#\/schema\/logo\/image\/","url":"https:\/\/www.sestogrado.it\/wp-content\/uploads\/2015\/03\/sestogrado-favicon.png","contentUrl":"https:\/\/www.sestogrado.it\/wp-content\/uploads\/2015\/03\/sestogrado-favicon.png","width":260,"height":260,"caption":"Sestogrado"},"image":{"@id":"https:\/\/www.sestogrado.it\/it\/#\/schema\/logo\/image\/"},"sameAs":["https:\/\/www.facebook.com\/pages\/Sestogrado\/1542635979353017?ref=bookmarks","https:\/\/www.youtube.com\/channel\/UC847kAfTkaJsWpc1jtQwr3Q"],"hasMerchantReturnPolicy":{"@type":"MerchantReturnPolicy","merchantReturnLink":"https:\/\/www.sestogrado.it\/it\/termini-e-condizioni\/"}}]},"product_brand":"Blue Ice","product_price_amount":"99.00","product_price_currency":"EUR","og_availability":"instock","product_availability":"instock","product_condition":"new"},"_links":{"self":[{"href":"https:\/\/www.sestogrado.it\/it\/wp-json\/wp\/v2\/product\/171583","targetHints":{"allow":["GET"]}}],"collection":[{"href":"https:\/\/www.sestogrado.it\/it\/wp-json\/wp\/v2\/product"}],"about":[{"href":"https:\/\/www.sestogrado.it\/it\/wp-json\/wp\/v2\/types\/product"}],"replies":[{"embeddable":true,"href":"https:\/\/www.sestogrado.it\/it\/wp-json\/wp\/v2\/comments?post=171583"}],"wp:featuredmedia":[{"embeddable":true,"href":"https:\/\/www.sestogrado.it\/it\/wp-json\/wp\/v2\/media\/171584"}],"wp:attachment":[{"href":"https:\/\/www.sestogrado.it\/it\/wp-json\/wp\/v2\/media?parent=171583"}],"wp:term":[{"taxonomy":"product_brand","embeddable":true,"href":"https:\/\/www.sestogrado.it\/it\/wp-json\/wp\/v2\/product_brand?post=171583"},{"taxonomy":"product_cat","embeddable":true,"href":"https:\/\/www.sestogrado.it\/it\/wp-json\/wp\/v2\/product_cat?post=171583"},{"taxonomy":"product_tag","embeddable":true,"href":"https:\/\/www.sestogrado.it\/it\/wp-json\/wp\/v2\/product_tag?post=171583"}],"curies":[{"name":"wp","href":"https:\/\/api.w.org\/{rel}","templated":true}]}}