{"id":171270,"date":"2024-09-20T14:55:34","date_gmt":"2024-09-20T12:55:34","guid":{"rendered":"https:\/\/www.sestogrado.it\/?post_type=product&#038;p=171270"},"modified":"2026-05-04T07:48:28","modified_gmt":"2026-05-04T05:48:28","slug":"millet-cosmic-28-zaino-alpinismo-scialpinismo-freeride","status":"publish","type":"product","link":"https:\/\/www.sestogrado.it\/it\/prodotto\/millet-cosmic-28-zaino-alpinismo-scialpinismo-freeride\/","title":{"rendered":"Millet Cosmic 28 zaino alpinismo scialpinismo freeride"},"content":{"rendered":"<p>Sfrecciamo sulle curve nella neve fresca. Il MILLET COSMIC 28 \u00e8 uno zaino da freeride che offre una stabilit\u00e0 perfetta. Ampio e robusto, con una cintura oversize, \u00e8 realizzato in nylon riciclato al 100% resistente all&#8217;acqua. Perfettamente progettato per tutte le attivit\u00e0 fuori pista, \u00e8 facile trasportare l&#8217;attrezzatura di sicurezza nel suo scomparto dedicato. Possiamo agganciare sci, bastoncini, snowboard, racchette da neve, casco, ecc. ai vari supporti per l&#8217;attrezzatura inclusi. \u00c8 facile rimanere idratati grazie all&#8217;inserto nella tracolla per riporre il tubo. La tasca per gli occhiali e le due tasche sulla cintura tengono al sicuro le nostre piccole attrezzature. Ci piace questo zaino funzionale da 28 litri, progettato per portarci comodamente e senza stress su e gi\u00f9 per pendii incontaminati.<\/p>\n<ul>\n<li>Cinghia sul torace regolabile<\/li>\n<li>Spallacci ergonomici<\/li>\n<li>2 cinghie di compressione laterali<\/li>\n<li>Cinghie di richiamo sopra gli spallacci<\/li>\n<li>Spallaccio con guaina per sistema di idratazione<\/li>\n<li>Cintura addominale con tasca con zip<\/li>\n<li>Porta-bastoncini<\/li>\n<li>Porta-sci laterale<\/li>\n<li>Porta-casco<\/li>\n<li>Porta-piccozze<\/li>\n<li>Porta-snowboard<\/li>\n<li>Apertura con zip<\/li>\n<li>Scomparto di sicurezza (pala e sonda)<\/li>\n<li>1 tasca protettiva per la maschera<\/li>\n<li>2 tasche con zip sulla cintura<\/li>\n<li>Divisorio isolato per sistema d&#8217;idratazione<\/li>\n<li>Fischietto di emergenza<\/li>\n<li>Volume: 28 litri<\/li>\n<li>Altezza dello schienale: 46 cm<\/li>\n<li>Altezza 53 cm x Larghezza 32 cm x Profondit\u00e0 25 cm<\/li>\n<li>Peso 1200g<\/li>\n<\/ul>\n<p>&nbsp;<\/p>\n<p>Nel 1934, venne lanciato sul mercato il primo zaino Millet. L\u2019attrezzatura Millet si distingue per leggerezza, durata e alta qualit\u00e0. L\u2019azienda si basa sull\u2019esperienza dei migliori alpinisti, come ad esempio Reinhold Messner. Nel 1978 l\u2019alpinista altoatesino ha conquistato la vetta pi\u00f9 alta del mondo: senza maschera di ossigeno, ma con l\u00b4attrezzatura Millet.<\/p>","protected":false},"excerpt":{"rendered":"<p>Sfrecciamo sulle curve nella neve fresca. Il MILLET COSMIC 28 \u00e8 uno zaino da freeride che offre una stabilit\u00e0 perfetta. [&hellip;]<\/p>\n","protected":false},"featured_media":171273,"comment_status":"open","ping_status":"closed","template":"","meta":{"_acf_changed":false},"product_brand":[312],"product_cat":[1431],"product_tag":[],"class_list":{"0":"post-171270","1":"product","2":"type-product","3":"status-publish","4":"has-post-thumbnail","6":"product_brand-millet","7":"product_cat-scialpinismo-zaini","9":"first","10":"instock","11":"sale","12":"taxable","13":"shipping-taxable","14":"purchasable","15":"product-type-variable"},"acf":[],"yoast_head":"<!-- This site is optimized with the Yoast SEO plugin v26.4 - https:\/\/yoast.com\/wordpress\/plugins\/seo\/ -->\n<title>Millet Cosmic 28 zaino alpinismo scialpinismo freeride - Sestogrado<\/title>\n<meta name=\"description\" content=\"Sfrecciamo sulle curve nella neve fresca. Il MILLET COSMIC 28 \u00e8 uno zaino da freeride che offre una stabilit\u00e0 perfetta. Ampio e robusto, con una cintura oversize, \u00e8 realizzato in nylon riciclato al 100% resistente all&#039;acqua. Perfettamente progettato per tutte le attivit\u00e0 fuori pista, \u00e8 facile trasportare l&#039;attrezzatura di sicurezza nel suo scomparto dedicato. Possiamo agganciare sci, bastoncini, snowboard, racchette da neve, casco, ecc. ai vari supporti per l&#039;attrezzatura inclusi. \u00c8 facile rimanere idratati grazie all&#039;inserto nella tracolla per riporre il tubo. La tasca per gli occhiali e le due tasche sulla cintura tengono al sicuro le nostre piccole attrezzature. Ci piace questo zaino funzionale da 28 litri, progettato per portarci comodamente e senza stress su e gi\u00f9 per pendii incontaminati.\" \/>\n<meta name=\"robots\" content=\"index, follow, max-snippet:-1, max-image-preview:large, max-video-preview:-1\" \/>\n<link rel=\"canonical\" href=\"https:\/\/www.sestogrado.it\/it\/prodotto\/millet-cosmic-28-zaino-alpinismo-scialpinismo-freeride\/\" \/>\n<meta property=\"og:locale\" content=\"it_IT\" \/>\n<meta property=\"og:type\" content=\"article\" \/>\n<meta property=\"og:title\" content=\"Millet Cosmic 28 zaino alpinismo scialpinismo freeride - Sestogrado\" \/>\n<meta property=\"og:description\" content=\"Sfrecciamo sulle curve nella neve fresca. Il MILLET COSMIC 28 \u00e8 uno zaino da freeride che offre una stabilit\u00e0 perfetta. Ampio e robusto, con una cintura oversize, \u00e8 realizzato in nylon riciclato al 100% resistente all&#039;acqua. Perfettamente progettato per tutte le attivit\u00e0 fuori pista, \u00e8 facile trasportare l&#039;attrezzatura di sicurezza nel suo scomparto dedicato. Possiamo agganciare sci, bastoncini, snowboard, racchette da neve, casco, ecc. ai vari supporti per l&#039;attrezzatura inclusi. \u00c8 facile rimanere idratati grazie all&#039;inserto nella tracolla per riporre il tubo. La tasca per gli occhiali e le due tasche sulla cintura tengono al sicuro le nostre piccole attrezzature. Ci piace questo zaino funzionale da 28 litri, progettato per portarci comodamente e senza stress su e gi\u00f9 per pendii incontaminati.\" \/>\n<meta property=\"og:url\" content=\"https:\/\/www.sestogrado.it\/it\/prodotto\/millet-cosmic-28-zaino-alpinismo-scialpinismo-freeride\/\" \/>\n<meta property=\"og:site_name\" content=\"Sestogrado\" \/>\n<meta property=\"article:publisher\" content=\"https:\/\/www.facebook.com\/pages\/Sestogrado\/1542635979353017?ref=bookmarks\" \/>\n<meta property=\"article:modified_time\" content=\"2026-05-04T05:48:28+00:00\" \/>\n<meta property=\"og:image\" content=\"https:\/\/www.sestogrado.it\/wp-content\/uploads\/2024\/09\/01.jpg\" \/>\n\t<meta property=\"og:image:width\" content=\"1200\" \/>\n\t<meta property=\"og:image:height\" content=\"1200\" \/>\n\t<meta property=\"og:image:type\" content=\"image\/jpeg\" \/>\n<meta name=\"twitter:label1\" content=\"Disponibilit\u00e0\" \/>\n\t<meta name=\"twitter:data1\" content=\"In stock\" \/>\n<script type=\"application\/ld+json\" class=\"yoast-schema-graph\">{\"@context\":\"https:\/\/schema.org\",\"@graph\":[{\"@type\":\"WebPage\",\"@id\":\"https:\/\/www.sestogrado.it\/it\/prodotto\/millet-cosmic-28-zaino-alpinismo-scialpinismo-freeride\/\",\"url\":\"https:\/\/www.sestogrado.it\/it\/prodotto\/millet-cosmic-28-zaino-alpinismo-scialpinismo-freeride\/\",\"name\":\"Millet Cosmic 28 zaino alpinismo scialpinismo freeride - Sestogrado\",\"isPartOf\":{\"@id\":\"https:\/\/www.sestogrado.it\/it\/#website\"},\"primaryImageOfPage\":{\"@id\":\"https:\/\/www.sestogrado.it\/it\/prodotto\/millet-cosmic-28-zaino-alpinismo-scialpinismo-freeride\/#primaryimage\"},\"image\":{\"@id\":\"https:\/\/www.sestogrado.it\/prodotto\/millet-cosmic-28-zaino-alpinismo-scialpinismo-freeride\/#primaryimage\"},\"thumbnailUrl\":\"https:\/\/www.sestogrado.it\/wp-content\/uploads\/2024\/09\/01.jpg\",\"datePublished\":\"2024-09-20T12:55:34+00:00\",\"dateModified\":\"2026-05-04T05:48:28+00:00\",\"description\":\"Sfrecciamo sulle curve nella neve fresca. Il MILLET COSMIC 28 \u00e8 uno zaino da freeride che offre una stabilit\u00e0 perfetta. Ampio e robusto, con una cintura oversize, \u00e8 realizzato in nylon riciclato al 100% resistente all'acqua. Perfettamente progettato per tutte le attivit\u00e0 fuori pista, \u00e8 facile trasportare l'attrezzatura di sicurezza nel suo scomparto dedicato. Possiamo agganciare sci, bastoncini, snowboard, racchette da neve, casco, ecc. ai vari supporti per l'attrezzatura inclusi. \u00c8 facile rimanere idratati grazie all'inserto nella tracolla per riporre il tubo. La tasca per gli occhiali e le due tasche sulla cintura tengono al sicuro le nostre piccole attrezzature. Ci piace questo zaino funzionale da 28 litri, progettato per portarci comodamente e senza stress su e gi\u00f9 per pendii incontaminati.\",\"breadcrumb\":{\"@id\":\"https:\/\/www.sestogrado.it\/it\/prodotto\/millet-cosmic-28-zaino-alpinismo-scialpinismo-freeride\/#breadcrumb\"},\"inLanguage\":\"it-IT\",\"potentialAction\":[{\"@type\":\"ReadAction\",\"target\":[[\"https:\/\/www.sestogrado.it\/it\/prodotto\/millet-cosmic-28-zaino-alpinismo-scialpinismo-freeride\/\"]]}]},{\"@type\":\"ImageObject\",\"inLanguage\":\"it-IT\",\"@id\":\"https:\/\/www.sestogrado.it\/it\/prodotto\/millet-cosmic-28-zaino-alpinismo-scialpinismo-freeride\/#primaryimage\",\"url\":\"https:\/\/www.sestogrado.it\/wp-content\/uploads\/2024\/09\/01.jpg\",\"contentUrl\":\"https:\/\/www.sestogrado.it\/wp-content\/uploads\/2024\/09\/01.jpg\",\"width\":1200,\"height\":1200,\"caption\":\"cosmic 28 dark denim\"},{\"@type\":\"BreadcrumbList\",\"@id\":\"https:\/\/www.sestogrado.it\/it\/prodotto\/millet-cosmic-28-zaino-alpinismo-scialpinismo-freeride\/#breadcrumb\",\"itemListElement\":[{\"@type\":\"ListItem\",\"position\":1,\"name\":\"Home\",\"item\":\"https:\/\/www.sestogrado.it\/it\/\"},{\"@type\":\"ListItem\",\"position\":2,\"name\":\"Shop\",\"item\":\"https:\/\/www.sestogrado.it\/it\/shop\/\"},{\"@type\":\"ListItem\",\"position\":3,\"name\":\"Millet Cosmic 28 zaino alpinismo scialpinismo freeride\"}]},{\"@type\":\"WebSite\",\"@id\":\"https:\/\/www.sestogrado.it\/it\/#website\",\"url\":\"https:\/\/www.sestogrado.it\/it\/\",\"name\":\"Sestogrado\",\"description\":\"yes we climb\",\"publisher\":{\"@id\":\"https:\/\/www.sestogrado.it\/it\/#organization\"},\"potentialAction\":[{\"@type\":\"SearchAction\",\"target\":{\"@type\":\"EntryPoint\",\"urlTemplate\":\"https:\/\/www.sestogrado.it\/it\/?s={search_term_string}\"},\"query-input\":{\"@type\":\"PropertyValueSpecification\",\"valueRequired\":true,\"valueName\":\"search_term_string\"}}],\"inLanguage\":\"it-IT\"},{\"@type\":\"Organization\",\"@id\":\"https:\/\/www.sestogrado.it\/it\/#organization\",\"name\":\"Sestogrado\",\"url\":\"https:\/\/www.sestogrado.it\/it\/\",\"logo\":{\"@type\":\"ImageObject\",\"inLanguage\":\"it-IT\",\"@id\":\"https:\/\/www.sestogrado.it\/it\/#\/schema\/logo\/image\/\",\"url\":\"https:\/\/www.sestogrado.it\/wp-content\/uploads\/2015\/03\/sestogrado-favicon.png\",\"contentUrl\":\"https:\/\/www.sestogrado.it\/wp-content\/uploads\/2015\/03\/sestogrado-favicon.png\",\"width\":260,\"height\":260,\"caption\":\"Sestogrado\"},\"image\":{\"@id\":\"https:\/\/www.sestogrado.it\/it\/#\/schema\/logo\/image\/\"},\"sameAs\":[\"https:\/\/www.facebook.com\/pages\/Sestogrado\/1542635979353017?ref=bookmarks\",\"https:\/\/www.youtube.com\/channel\/UC847kAfTkaJsWpc1jtQwr3Q\"],\"hasMerchantReturnPolicy\":{\"@type\":\"MerchantReturnPolicy\",\"merchantReturnLink\":\"https:\/\/www.sestogrado.it\/it\/termini-e-condizioni\/\"}}]}<\/script>\n<meta property=\"product:brand\" content=\"Millet\" \/>\n<meta property=\"og:availability\" content=\"instock\" \/>\n<meta property=\"product:availability\" content=\"instock\" \/>\n<meta property=\"product:condition\" content=\"new\" \/>\n<!-- \/ Yoast SEO plugin. -->","yoast_head_json":{"title":"Millet Cosmic 28 zaino alpinismo scialpinismo freeride - Sestogrado","description":"Sfrecciamo sulle curve nella neve fresca. Il MILLET COSMIC 28 \u00e8 uno zaino da freeride che offre una stabilit\u00e0 perfetta. Ampio e robusto, con una cintura oversize, \u00e8 realizzato in nylon riciclato al 100% resistente all'acqua. Perfettamente progettato per tutte le attivit\u00e0 fuori pista, \u00e8 facile trasportare l'attrezzatura di sicurezza nel suo scomparto dedicato. Possiamo agganciare sci, bastoncini, snowboard, racchette da neve, casco, ecc. ai vari supporti per l'attrezzatura inclusi. \u00c8 facile rimanere idratati grazie all'inserto nella tracolla per riporre il tubo. La tasca per gli occhiali e le due tasche sulla cintura tengono al sicuro le nostre piccole attrezzature. Ci piace questo zaino funzionale da 28 litri, progettato per portarci comodamente e senza stress su e gi\u00f9 per pendii incontaminati.","robots":{"index":"index","follow":"follow","max-snippet":"max-snippet:-1","max-image-preview":"max-image-preview:large","max-video-preview":"max-video-preview:-1"},"canonical":"https:\/\/www.sestogrado.it\/it\/prodotto\/millet-cosmic-28-zaino-alpinismo-scialpinismo-freeride\/","og_locale":"it_IT","og_type":"article","og_title":"Millet Cosmic 28 zaino alpinismo scialpinismo freeride - Sestogrado","og_description":"Sfrecciamo sulle curve nella neve fresca. Il MILLET COSMIC 28 \u00e8 uno zaino da freeride che offre una stabilit\u00e0 perfetta. Ampio e robusto, con una cintura oversize, \u00e8 realizzato in nylon riciclato al 100% resistente all'acqua. Perfettamente progettato per tutte le attivit\u00e0 fuori pista, \u00e8 facile trasportare l'attrezzatura di sicurezza nel suo scomparto dedicato. Possiamo agganciare sci, bastoncini, snowboard, racchette da neve, casco, ecc. ai vari supporti per l'attrezzatura inclusi. \u00c8 facile rimanere idratati grazie all'inserto nella tracolla per riporre il tubo. La tasca per gli occhiali e le due tasche sulla cintura tengono al sicuro le nostre piccole attrezzature. Ci piace questo zaino funzionale da 28 litri, progettato per portarci comodamente e senza stress su e gi\u00f9 per pendii incontaminati.","og_url":"https:\/\/www.sestogrado.it\/it\/prodotto\/millet-cosmic-28-zaino-alpinismo-scialpinismo-freeride\/","og_site_name":"Sestogrado","article_publisher":"https:\/\/www.facebook.com\/pages\/Sestogrado\/1542635979353017?ref=bookmarks","article_modified_time":"2026-05-04T05:48:28+00:00","og_image":[{"width":1200,"height":1200,"url":"https:\/\/www.sestogrado.it\/wp-content\/uploads\/2024\/09\/01.jpg","type":"image\/jpeg"}],"twitter_misc":{"Disponibilit\u00e0":"In stock"},"schema":{"@context":"https:\/\/schema.org","@graph":[{"@type":"WebPage","@id":"https:\/\/www.sestogrado.it\/it\/prodotto\/millet-cosmic-28-zaino-alpinismo-scialpinismo-freeride\/","url":"https:\/\/www.sestogrado.it\/it\/prodotto\/millet-cosmic-28-zaino-alpinismo-scialpinismo-freeride\/","name":"Millet Cosmic 28 zaino alpinismo scialpinismo freeride - Sestogrado","isPartOf":{"@id":"https:\/\/www.sestogrado.it\/it\/#website"},"primaryImageOfPage":{"@id":"https:\/\/www.sestogrado.it\/it\/prodotto\/millet-cosmic-28-zaino-alpinismo-scialpinismo-freeride\/#primaryimage"},"image":{"@id":"https:\/\/www.sestogrado.it\/prodotto\/millet-cosmic-28-zaino-alpinismo-scialpinismo-freeride\/#primaryimage"},"thumbnailUrl":"https:\/\/www.sestogrado.it\/wp-content\/uploads\/2024\/09\/01.jpg","datePublished":"2024-09-20T12:55:34+00:00","dateModified":"2026-05-04T05:48:28+00:00","description":"Sfrecciamo sulle curve nella neve fresca. Il MILLET COSMIC 28 \u00e8 uno zaino da freeride che offre una stabilit\u00e0 perfetta. Ampio e robusto, con una cintura oversize, \u00e8 realizzato in nylon riciclato al 100% resistente all'acqua. Perfettamente progettato per tutte le attivit\u00e0 fuori pista, \u00e8 facile trasportare l'attrezzatura di sicurezza nel suo scomparto dedicato. Possiamo agganciare sci, bastoncini, snowboard, racchette da neve, casco, ecc. ai vari supporti per l'attrezzatura inclusi. \u00c8 facile rimanere idratati grazie all'inserto nella tracolla per riporre il tubo. La tasca per gli occhiali e le due tasche sulla cintura tengono al sicuro le nostre piccole attrezzature. Ci piace questo zaino funzionale da 28 litri, progettato per portarci comodamente e senza stress su e gi\u00f9 per pendii incontaminati.","breadcrumb":{"@id":"https:\/\/www.sestogrado.it\/it\/prodotto\/millet-cosmic-28-zaino-alpinismo-scialpinismo-freeride\/#breadcrumb"},"inLanguage":"it-IT","potentialAction":[{"@type":"ReadAction","target":[["https:\/\/www.sestogrado.it\/it\/prodotto\/millet-cosmic-28-zaino-alpinismo-scialpinismo-freeride\/"]]}]},{"@type":"ImageObject","inLanguage":"it-IT","@id":"https:\/\/www.sestogrado.it\/it\/prodotto\/millet-cosmic-28-zaino-alpinismo-scialpinismo-freeride\/#primaryimage","url":"https:\/\/www.sestogrado.it\/wp-content\/uploads\/2024\/09\/01.jpg","contentUrl":"https:\/\/www.sestogrado.it\/wp-content\/uploads\/2024\/09\/01.jpg","width":1200,"height":1200,"caption":"cosmic 28 dark denim"},{"@type":"BreadcrumbList","@id":"https:\/\/www.sestogrado.it\/it\/prodotto\/millet-cosmic-28-zaino-alpinismo-scialpinismo-freeride\/#breadcrumb","itemListElement":[{"@type":"ListItem","position":1,"name":"Home","item":"https:\/\/www.sestogrado.it\/it\/"},{"@type":"ListItem","position":2,"name":"Shop","item":"https:\/\/www.sestogrado.it\/it\/shop\/"},{"@type":"ListItem","position":3,"name":"Millet Cosmic 28 zaino alpinismo scialpinismo freeride"}]},{"@type":"WebSite","@id":"https:\/\/www.sestogrado.it\/it\/#website","url":"https:\/\/www.sestogrado.it\/it\/","name":"Sestogrado","description":"yes we climb","publisher":{"@id":"https:\/\/www.sestogrado.it\/it\/#organization"},"potentialAction":[{"@type":"SearchAction","target":{"@type":"EntryPoint","urlTemplate":"https:\/\/www.sestogrado.it\/it\/?s={search_term_string}"},"query-input":{"@type":"PropertyValueSpecification","valueRequired":true,"valueName":"search_term_string"}}],"inLanguage":"it-IT"},{"@type":"Organization","@id":"https:\/\/www.sestogrado.it\/it\/#organization","name":"Sestogrado","url":"https:\/\/www.sestogrado.it\/it\/","logo":{"@type":"ImageObject","inLanguage":"it-IT","@id":"https:\/\/www.sestogrado.it\/it\/#\/schema\/logo\/image\/","url":"https:\/\/www.sestogrado.it\/wp-content\/uploads\/2015\/03\/sestogrado-favicon.png","contentUrl":"https:\/\/www.sestogrado.it\/wp-content\/uploads\/2015\/03\/sestogrado-favicon.png","width":260,"height":260,"caption":"Sestogrado"},"image":{"@id":"https:\/\/www.sestogrado.it\/it\/#\/schema\/logo\/image\/"},"sameAs":["https:\/\/www.facebook.com\/pages\/Sestogrado\/1542635979353017?ref=bookmarks","https:\/\/www.youtube.com\/channel\/UC847kAfTkaJsWpc1jtQwr3Q"],"hasMerchantReturnPolicy":{"@type":"MerchantReturnPolicy","merchantReturnLink":"https:\/\/www.sestogrado.it\/it\/termini-e-condizioni\/"}}]},"product_brand":"Millet","og_availability":"instock","product_availability":"instock","product_condition":"new"},"_links":{"self":[{"href":"https:\/\/www.sestogrado.it\/it\/wp-json\/wp\/v2\/product\/171270","targetHints":{"allow":["GET"]}}],"collection":[{"href":"https:\/\/www.sestogrado.it\/it\/wp-json\/wp\/v2\/product"}],"about":[{"href":"https:\/\/www.sestogrado.it\/it\/wp-json\/wp\/v2\/types\/product"}],"replies":[{"embeddable":true,"href":"https:\/\/www.sestogrado.it\/it\/wp-json\/wp\/v2\/comments?post=171270"}],"wp:featuredmedia":[{"embeddable":true,"href":"https:\/\/www.sestogrado.it\/it\/wp-json\/wp\/v2\/media\/171273"}],"wp:attachment":[{"href":"https:\/\/www.sestogrado.it\/it\/wp-json\/wp\/v2\/media?parent=171270"}],"wp:term":[{"taxonomy":"product_brand","embeddable":true,"href":"https:\/\/www.sestogrado.it\/it\/wp-json\/wp\/v2\/product_brand?post=171270"},{"taxonomy":"product_cat","embeddable":true,"href":"https:\/\/www.sestogrado.it\/it\/wp-json\/wp\/v2\/product_cat?post=171270"},{"taxonomy":"product_tag","embeddable":true,"href":"https:\/\/www.sestogrado.it\/it\/wp-json\/wp\/v2\/product_tag?post=171270"}],"curies":[{"name":"wp","href":"https:\/\/api.w.org\/{rel}","templated":true}]}}