{"id":171006,"date":"2024-09-17T11:23:14","date_gmt":"2024-09-17T09:23:14","guid":{"rendered":"https:\/\/www.sestogrado.it\/?post_type=product&#038;p=171006"},"modified":"2025-11-26T00:22:55","modified_gmt":"2025-11-25T23:22:55","slug":"fixe-explora-imbrago-arrampicata","status":"publish","type":"product","link":"https:\/\/www.sestogrado.it\/it\/prodotto\/fixe-explora-imbrago-arrampicata\/","title":{"rendered":"Fixe Explora imbrago arrampicata"},"content":{"rendered":"<p>Il Fixe Explora \u00e8 un imbrago da arrampicata polivalente per ogni attivit\u00e0 alpinistica. Il Fixe Explora si distingue per la sua estrema versatilit\u00e0, adatta a ogni tipo di attivit\u00e0. Facile da regolare, comodo e leggero, \u00e8 perfetto per vie ferrate, arrampicata sportiva, vie lunghe e alpinismo. Grazie alle sue quattro fibbie regolabili, l&#8217;imbrago copre comodamente l\u2019intera gamma di taglie con soli due modelli: S\/M e L\/XL. Abbiamo ottenuto una regolazione pi\u00f9 fluida grazie al sistema brevettato Fit Webbing\u00ae e alle fibbie in alluminio leggero.<\/p>\n<p>La costruzione \u00e8 progettata per garantire il massimo comfort durante lunghe giornate di utilizzo, grazie al Dual Webbing e alle rifiniture su cosciali e cintura. L&#8217;Explora ti accompagner\u00e0 tutto l&#8217;anno in ogni sfida.<\/p>\n<p>Due Taglie, un&#8217;unica soluzione.<\/p>\n<ul>\n<li>Quattro Fibbie Regolabili: L\u2019imbrago Explora presenta due fibbie regolabili in vita, coprendo un perimetro di 65-90 cm per la taglia S-M e di 80-105 cm per la taglia L-XL. Inoltre, dispone di fibbie anche sui cosciali, con misure di 47-59 cm per S-M e 54-69 cm per L-XL. Questo sistema garantisce che, con soli due modelli, tutte le taglie siano coperte.<\/li>\n<\/ul>\n<p><img decoding=\"async\" class=\"img-fluid alignnone wp-image-171007 \" src=\"https:\/\/www.sestogrado.it\/wp-content\/uploads\/2024\/09\/fit.jpg\" alt=\"explora\" width=\"387\" height=\"387\" srcset=\"https:\/\/www.sestogrado.it\/wp-content\/uploads\/2024\/09\/fit.jpg 1500w, https:\/\/www.sestogrado.it\/wp-content\/uploads\/2024\/09\/fit-300x300.jpg 300w, https:\/\/www.sestogrado.it\/wp-content\/uploads\/2024\/09\/fit-100x100.jpg 100w, https:\/\/www.sestogrado.it\/wp-content\/uploads\/2024\/09\/fit-750x750.jpg 750w, https:\/\/www.sestogrado.it\/wp-content\/uploads\/2024\/09\/fit-1024x1024.jpg 1024w, https:\/\/www.sestogrado.it\/wp-content\/uploads\/2024\/09\/fit-150x150.jpg 150w, https:\/\/www.sestogrado.it\/wp-content\/uploads\/2024\/09\/fit-768x768.jpg 768w, https:\/\/www.sestogrado.it\/wp-content\/uploads\/2024\/09\/fit-45x45.jpg 45w, https:\/\/www.sestogrado.it\/wp-content\/uploads\/2024\/09\/fit-80x80.jpg 80w, https:\/\/www.sestogrado.it\/wp-content\/uploads\/2024\/09\/fit-60x60.jpg 60w, https:\/\/www.sestogrado.it\/wp-content\/uploads\/2024\/09\/fit-90x90.jpg 90w\" sizes=\"(max-width: 387px) 100vw, 387px\" \/><\/p>\n<ul>\n<li>Fit Webbing\u00ae: Il sistema brevettato Fit Webbing\u00ae consente una facile regolazione grazie a cinghie con velcro alle estremit\u00e0, che aderiscono perfettamente alla zona lombare dell\u2019imbrago, interamente in velcro. Questo evita movimenti indesiderati, mantenendo le cinghie in posizione e impedendo che interferiscano con i portamateriali.<\/li>\n<\/ul>\n<p><img decoding=\"async\" class=\"img-fluid alignnone wp-image-171008 \" src=\"https:\/\/www.sestogrado.it\/wp-content\/uploads\/2024\/09\/allu.jpg\" alt=\"explora\" width=\"387\" height=\"387\" srcset=\"https:\/\/www.sestogrado.it\/wp-content\/uploads\/2024\/09\/allu.jpg 1500w, https:\/\/www.sestogrado.it\/wp-content\/uploads\/2024\/09\/allu-300x300.jpg 300w, https:\/\/www.sestogrado.it\/wp-content\/uploads\/2024\/09\/allu-100x100.jpg 100w, https:\/\/www.sestogrado.it\/wp-content\/uploads\/2024\/09\/allu-750x750.jpg 750w, https:\/\/www.sestogrado.it\/wp-content\/uploads\/2024\/09\/allu-1024x1024.jpg 1024w, https:\/\/www.sestogrado.it\/wp-content\/uploads\/2024\/09\/allu-150x150.jpg 150w, https:\/\/www.sestogrado.it\/wp-content\/uploads\/2024\/09\/allu-768x768.jpg 768w, https:\/\/www.sestogrado.it\/wp-content\/uploads\/2024\/09\/allu-45x45.jpg 45w, https:\/\/www.sestogrado.it\/wp-content\/uploads\/2024\/09\/allu-80x80.jpg 80w, https:\/\/www.sestogrado.it\/wp-content\/uploads\/2024\/09\/allu-60x60.jpg 60w, https:\/\/www.sestogrado.it\/wp-content\/uploads\/2024\/09\/allu-90x90.jpg 90w\" sizes=\"(max-width: 387px) 100vw, 387px\" \/><\/p>\n<ul>\n<li>Fibbie in Alluminio (AL Buckles): Queste fibbie di piccole dimensioni, realizzate in alluminio, offrono la massima leggerezza. La loro forma ergonomica permette una regolazione semplice con il minimo sforzo, garantendo un\u2019esperienza pi\u00f9 confortevole e agile per il climber.<\/li>\n<li>Dual Webbing: L\u2019Explora \u00e8 dotato di una doppia struttura con due cinghie integrate nell\u2019area imbottita della vita. A differenza di altri imbraghi semplici, che hanno una singola cinghia centrale, il nostro Dual Webbing distribuisce il peso uniformemente su tutta la superficie di contatto dell\u2019imbrago, poich\u00e9 le cinghie sono posizionate sui lati superiore e inferiore dell&#8217;imbottitura. Lo stesso design viene ripetuto nei cosciali imbottiti, migliorando la distribuzione del carico e riducendo la pressione su punti specifici, aumentando il comfort durante lunghi periodi di utilizzo. Queste propriet\u00e0 si mantengono durante tutta la durata di vita dell&#8217;imbrago.<\/li>\n<li>Cinghie Regolabili Sottili: Le cinghie regolabili da 20 mm e 15 mm riducono il volume dell\u2019imbrago sugli indumenti, favorendo la mobilit\u00e0.<\/li>\n<li>Imbottitura in Schiuma da 6 mm: Imbottitura in schiuma da 6 mm su tutta la superficie dell\u2019imbrago, rivestita internamente da un tessuto interno antibatterico e traspirante 3D.<\/li>\n<li>Etichetta Taglia sul Retro: Facilita l\u2019identificazione della taglia dell\u2019imbrago senza bisogno di regolarlo di nuovo.<\/li>\n<li>Regolazione dei Cosciali con Clip: Clip per rilasciare facilmente i cosciali.<\/li>\n<li>Codice Colore Rosso: Tutte le aree di sicurezza sono contrassegnate in rosso, facilitando un rapido controllo visivo durante l&#8217;uso dell&#8217;imbrago.<\/li>\n<li>Cinghie Ventrali Rinforzate Rosse: Una delle parti pi\u00f9 soggette a usura, le cinghie ventrali rinforzate aiutano a prolungare la durata dell&#8217;imbrago e segnalano l&#8217;usura.<\/li>\n<li>Taglie Disponibili: S-M e L-XL<\/li>\n<li>Peso: 459,5 g e 508 g<\/li>\n<li>Consigliato per: Arrampicata sportiva, alpinismo, palestre di arrampicata, vie lunghe, vie ferrate e parchi avventura.<\/li>\n<li>Certificazioni: EN12277 e UIAA 105<\/li>\n<li>Design: Sant Quirze de Besora (Barcellona \u2013 Pirenei)<\/li>\n<\/ul>\n<p><\/p>","protected":false},"excerpt":{"rendered":"<p>Il Fixe Explora \u00e8 un imbrago da arrampicata polivalente per ogni attivit\u00e0 alpinistica. Il Fixe Explora si distingue per la [&hellip;]<\/p>\n","protected":false},"featured_media":171009,"comment_status":"open","ping_status":"closed","template":"","meta":{"_acf_changed":false},"product_brand":[778],"product_cat":[182,183],"product_tag":[],"class_list":{"0":"post-171006","1":"product","2":"type-product","3":"status-publish","4":"has-post-thumbnail","6":"product_brand-fixe","7":"product_cat-sportivi","8":"product_cat-alpinismo","10":"first","11":"instock","12":"sale","13":"taxable","14":"shipping-taxable","15":"purchasable","16":"product-type-variable"},"acf":[],"yoast_head":"<!-- This site is optimized with the Yoast SEO plugin v26.4 - https:\/\/yoast.com\/wordpress\/plugins\/seo\/ -->\n<title>Fixe Explora imbrago arrampicata - Sestogrado<\/title>\n<meta name=\"description\" content=\"Il Fixe Explora \u00e8 un imbrago da arrampicata polivalente per ogni attivit\u00e0 alpinistica. Il Fixe Explora si distingue per la sua estrema versatilit\u00e0, adatta a ogni tipo di attivit\u00e0. Facile da regolare, comodo e leggero, \u00e8 perfetto per vie ferrate, arrampicata sportiva, vie lunghe e alpinismo. Grazie alle sue quattro fibbie regolabili, l&#039;imbrago copre comodamente l\u2019intera gamma di taglie con soli due modelli: S\/M e L\/XL. Abbiamo ottenuto una regolazione pi\u00f9 fluida grazie al sistema brevettato Fit Webbing\u00ae e alle fibbie in alluminio leggero.La costruzione \u00e8 progettata per garantire il massimo comfort durante lunghe giornate di utilizzo, grazie al Dual Webbing e alle rifiniture su cosciali e cintura. L&#039;Explora ti accompagner\u00e0 tutto l&#039;anno in ogni sfida.Due Taglie, un&#039;unica soluzione.\" \/>\n<meta name=\"robots\" content=\"index, follow, max-snippet:-1, max-image-preview:large, max-video-preview:-1\" \/>\n<link rel=\"canonical\" href=\"https:\/\/www.sestogrado.it\/it\/prodotto\/fixe-explora-imbrago-arrampicata\/\" \/>\n<meta property=\"og:locale\" content=\"it_IT\" \/>\n<meta property=\"og:type\" content=\"article\" \/>\n<meta property=\"og:title\" content=\"Fixe Explora imbrago arrampicata - Sestogrado\" \/>\n<meta property=\"og:description\" content=\"Il Fixe Explora \u00e8 un imbrago da arrampicata polivalente per ogni attivit\u00e0 alpinistica. Il Fixe Explora si distingue per la sua estrema versatilit\u00e0, adatta a ogni tipo di attivit\u00e0. Facile da regolare, comodo e leggero, \u00e8 perfetto per vie ferrate, arrampicata sportiva, vie lunghe e alpinismo. Grazie alle sue quattro fibbie regolabili, l&#039;imbrago copre comodamente l\u2019intera gamma di taglie con soli due modelli: S\/M e L\/XL. Abbiamo ottenuto una regolazione pi\u00f9 fluida grazie al sistema brevettato Fit Webbing\u00ae e alle fibbie in alluminio leggero.La costruzione \u00e8 progettata per garantire il massimo comfort durante lunghe giornate di utilizzo, grazie al Dual Webbing e alle rifiniture su cosciali e cintura. L&#039;Explora ti accompagner\u00e0 tutto l&#039;anno in ogni sfida.Due Taglie, un&#039;unica soluzione.\" \/>\n<meta property=\"og:url\" content=\"https:\/\/www.sestogrado.it\/it\/prodotto\/fixe-explora-imbrago-arrampicata\/\" \/>\n<meta property=\"og:site_name\" content=\"Sestogrado\" \/>\n<meta property=\"article:publisher\" content=\"https:\/\/www.facebook.com\/pages\/Sestogrado\/1542635979353017?ref=bookmarks\" \/>\n<meta property=\"article:modified_time\" content=\"2025-11-25T23:22:55+00:00\" \/>\n<meta property=\"og:image\" content=\"https:\/\/www.sestogrado.it\/wp-content\/uploads\/2024\/09\/02.jpg\" \/>\n\t<meta property=\"og:image:width\" content=\"800\" \/>\n\t<meta property=\"og:image:height\" content=\"800\" \/>\n\t<meta property=\"og:image:type\" content=\"image\/jpeg\" \/>\n<meta name=\"twitter:label1\" content=\"Disponibilit\u00e0\" \/>\n\t<meta name=\"twitter:data1\" content=\"In stock\" \/>\n<script type=\"application\/ld+json\" class=\"yoast-schema-graph\">{\"@context\":\"https:\/\/schema.org\",\"@graph\":[{\"@type\":\"WebPage\",\"@id\":\"https:\/\/www.sestogrado.it\/it\/prodotto\/fixe-explora-imbrago-arrampicata\/\",\"url\":\"https:\/\/www.sestogrado.it\/it\/prodotto\/fixe-explora-imbrago-arrampicata\/\",\"name\":\"Fixe Explora imbrago arrampicata - Sestogrado\",\"isPartOf\":{\"@id\":\"https:\/\/www.sestogrado.it\/it\/#website\"},\"primaryImageOfPage\":{\"@id\":\"https:\/\/www.sestogrado.it\/it\/prodotto\/fixe-explora-imbrago-arrampicata\/#primaryimage\"},\"image\":{\"@id\":\"https:\/\/www.sestogrado.it\/prodotto\/fixe-explora-imbrago-arrampicata\/#primaryimage\"},\"thumbnailUrl\":\"https:\/\/www.sestogrado.it\/wp-content\/uploads\/2024\/09\/02.jpg\",\"datePublished\":\"2024-09-17T09:23:14+00:00\",\"dateModified\":\"2025-11-25T23:22:55+00:00\",\"description\":\"Il Fixe Explora \u00e8 un imbrago da arrampicata polivalente per ogni attivit\u00e0 alpinistica. Il Fixe Explora si distingue per la sua estrema versatilit\u00e0, adatta a ogni tipo di attivit\u00e0. Facile da regolare, comodo e leggero, \u00e8 perfetto per vie ferrate, arrampicata sportiva, vie lunghe e alpinismo. Grazie alle sue quattro fibbie regolabili, l'imbrago copre comodamente l\u2019intera gamma di taglie con soli due modelli: S\/M e L\/XL. Abbiamo ottenuto una regolazione pi\u00f9 fluida grazie al sistema brevettato Fit Webbing\u00ae e alle fibbie in alluminio leggero.La costruzione \u00e8 progettata per garantire il massimo comfort durante lunghe giornate di utilizzo, grazie al Dual Webbing e alle rifiniture su cosciali e cintura. L'Explora ti accompagner\u00e0 tutto l'anno in ogni sfida.Due Taglie, un'unica soluzione.\",\"breadcrumb\":{\"@id\":\"https:\/\/www.sestogrado.it\/it\/prodotto\/fixe-explora-imbrago-arrampicata\/#breadcrumb\"},\"inLanguage\":\"it-IT\",\"potentialAction\":[{\"@type\":\"ReadAction\",\"target\":[[\"https:\/\/www.sestogrado.it\/it\/prodotto\/fixe-explora-imbrago-arrampicata\/\"]]}]},{\"@type\":\"ImageObject\",\"inLanguage\":\"it-IT\",\"@id\":\"https:\/\/www.sestogrado.it\/it\/prodotto\/fixe-explora-imbrago-arrampicata\/#primaryimage\",\"url\":\"https:\/\/www.sestogrado.it\/wp-content\/uploads\/2024\/09\/02.jpg\",\"contentUrl\":\"https:\/\/www.sestogrado.it\/wp-content\/uploads\/2024\/09\/02.jpg\",\"width\":800,\"height\":800,\"caption\":\"explora\"},{\"@type\":\"BreadcrumbList\",\"@id\":\"https:\/\/www.sestogrado.it\/it\/prodotto\/fixe-explora-imbrago-arrampicata\/#breadcrumb\",\"itemListElement\":[{\"@type\":\"ListItem\",\"position\":1,\"name\":\"Home\",\"item\":\"https:\/\/www.sestogrado.it\/it\/\"},{\"@type\":\"ListItem\",\"position\":2,\"name\":\"Shop\",\"item\":\"https:\/\/www.sestogrado.it\/it\/shop\/\"},{\"@type\":\"ListItem\",\"position\":3,\"name\":\"Fixe Explora imbrago arrampicata\"}]},{\"@type\":\"WebSite\",\"@id\":\"https:\/\/www.sestogrado.it\/it\/#website\",\"url\":\"https:\/\/www.sestogrado.it\/it\/\",\"name\":\"Sestogrado\",\"description\":\"yes we climb\",\"publisher\":{\"@id\":\"https:\/\/www.sestogrado.it\/it\/#organization\"},\"potentialAction\":[{\"@type\":\"SearchAction\",\"target\":{\"@type\":\"EntryPoint\",\"urlTemplate\":\"https:\/\/www.sestogrado.it\/it\/?s={search_term_string}\"},\"query-input\":{\"@type\":\"PropertyValueSpecification\",\"valueRequired\":true,\"valueName\":\"search_term_string\"}}],\"inLanguage\":\"it-IT\"},{\"@type\":\"Organization\",\"@id\":\"https:\/\/www.sestogrado.it\/it\/#organization\",\"name\":\"Sestogrado\",\"url\":\"https:\/\/www.sestogrado.it\/it\/\",\"logo\":{\"@type\":\"ImageObject\",\"inLanguage\":\"it-IT\",\"@id\":\"https:\/\/www.sestogrado.it\/it\/#\/schema\/logo\/image\/\",\"url\":\"https:\/\/www.sestogrado.it\/wp-content\/uploads\/2015\/03\/sestogrado-favicon.png\",\"contentUrl\":\"https:\/\/www.sestogrado.it\/wp-content\/uploads\/2015\/03\/sestogrado-favicon.png\",\"width\":260,\"height\":260,\"caption\":\"Sestogrado\"},\"image\":{\"@id\":\"https:\/\/www.sestogrado.it\/it\/#\/schema\/logo\/image\/\"},\"sameAs\":[\"https:\/\/www.facebook.com\/pages\/Sestogrado\/1542635979353017?ref=bookmarks\",\"https:\/\/www.youtube.com\/channel\/UC847kAfTkaJsWpc1jtQwr3Q\"],\"hasMerchantReturnPolicy\":{\"@type\":\"MerchantReturnPolicy\",\"merchantReturnLink\":\"https:\/\/www.sestogrado.it\/it\/termini-e-condizioni\/\"}}]}<\/script>\n<meta property=\"product:brand\" content=\"Fixe\" \/>\n<meta property=\"og:availability\" content=\"instock\" \/>\n<meta property=\"product:availability\" content=\"instock\" \/>\n<meta property=\"product:condition\" content=\"new\" \/>\n<!-- \/ Yoast SEO plugin. -->","yoast_head_json":{"title":"Fixe Explora imbrago arrampicata - Sestogrado","description":"Il Fixe Explora \u00e8 un imbrago da arrampicata polivalente per ogni attivit\u00e0 alpinistica. Il Fixe Explora si distingue per la sua estrema versatilit\u00e0, adatta a ogni tipo di attivit\u00e0. Facile da regolare, comodo e leggero, \u00e8 perfetto per vie ferrate, arrampicata sportiva, vie lunghe e alpinismo. Grazie alle sue quattro fibbie regolabili, l'imbrago copre comodamente l\u2019intera gamma di taglie con soli due modelli: S\/M e L\/XL. Abbiamo ottenuto una regolazione pi\u00f9 fluida grazie al sistema brevettato Fit Webbing\u00ae e alle fibbie in alluminio leggero.La costruzione \u00e8 progettata per garantire il massimo comfort durante lunghe giornate di utilizzo, grazie al Dual Webbing e alle rifiniture su cosciali e cintura. L'Explora ti accompagner\u00e0 tutto l'anno in ogni sfida.Due Taglie, un'unica soluzione.","robots":{"index":"index","follow":"follow","max-snippet":"max-snippet:-1","max-image-preview":"max-image-preview:large","max-video-preview":"max-video-preview:-1"},"canonical":"https:\/\/www.sestogrado.it\/it\/prodotto\/fixe-explora-imbrago-arrampicata\/","og_locale":"it_IT","og_type":"article","og_title":"Fixe Explora imbrago arrampicata - Sestogrado","og_description":"Il Fixe Explora \u00e8 un imbrago da arrampicata polivalente per ogni attivit\u00e0 alpinistica. Il Fixe Explora si distingue per la sua estrema versatilit\u00e0, adatta a ogni tipo di attivit\u00e0. Facile da regolare, comodo e leggero, \u00e8 perfetto per vie ferrate, arrampicata sportiva, vie lunghe e alpinismo. Grazie alle sue quattro fibbie regolabili, l'imbrago copre comodamente l\u2019intera gamma di taglie con soli due modelli: S\/M e L\/XL. Abbiamo ottenuto una regolazione pi\u00f9 fluida grazie al sistema brevettato Fit Webbing\u00ae e alle fibbie in alluminio leggero.La costruzione \u00e8 progettata per garantire il massimo comfort durante lunghe giornate di utilizzo, grazie al Dual Webbing e alle rifiniture su cosciali e cintura. L'Explora ti accompagner\u00e0 tutto l'anno in ogni sfida.Due Taglie, un'unica soluzione.","og_url":"https:\/\/www.sestogrado.it\/it\/prodotto\/fixe-explora-imbrago-arrampicata\/","og_site_name":"Sestogrado","article_publisher":"https:\/\/www.facebook.com\/pages\/Sestogrado\/1542635979353017?ref=bookmarks","article_modified_time":"2025-11-25T23:22:55+00:00","og_image":[{"width":800,"height":800,"url":"https:\/\/www.sestogrado.it\/wp-content\/uploads\/2024\/09\/02.jpg","type":"image\/jpeg"}],"twitter_misc":{"Disponibilit\u00e0":"In stock"},"schema":{"@context":"https:\/\/schema.org","@graph":[{"@type":"WebPage","@id":"https:\/\/www.sestogrado.it\/it\/prodotto\/fixe-explora-imbrago-arrampicata\/","url":"https:\/\/www.sestogrado.it\/it\/prodotto\/fixe-explora-imbrago-arrampicata\/","name":"Fixe Explora imbrago arrampicata - Sestogrado","isPartOf":{"@id":"https:\/\/www.sestogrado.it\/it\/#website"},"primaryImageOfPage":{"@id":"https:\/\/www.sestogrado.it\/it\/prodotto\/fixe-explora-imbrago-arrampicata\/#primaryimage"},"image":{"@id":"https:\/\/www.sestogrado.it\/prodotto\/fixe-explora-imbrago-arrampicata\/#primaryimage"},"thumbnailUrl":"https:\/\/www.sestogrado.it\/wp-content\/uploads\/2024\/09\/02.jpg","datePublished":"2024-09-17T09:23:14+00:00","dateModified":"2025-11-25T23:22:55+00:00","description":"Il Fixe Explora \u00e8 un imbrago da arrampicata polivalente per ogni attivit\u00e0 alpinistica. Il Fixe Explora si distingue per la sua estrema versatilit\u00e0, adatta a ogni tipo di attivit\u00e0. Facile da regolare, comodo e leggero, \u00e8 perfetto per vie ferrate, arrampicata sportiva, vie lunghe e alpinismo. Grazie alle sue quattro fibbie regolabili, l'imbrago copre comodamente l\u2019intera gamma di taglie con soli due modelli: S\/M e L\/XL. Abbiamo ottenuto una regolazione pi\u00f9 fluida grazie al sistema brevettato Fit Webbing\u00ae e alle fibbie in alluminio leggero.La costruzione \u00e8 progettata per garantire il massimo comfort durante lunghe giornate di utilizzo, grazie al Dual Webbing e alle rifiniture su cosciali e cintura. L'Explora ti accompagner\u00e0 tutto l'anno in ogni sfida.Due Taglie, un'unica soluzione.","breadcrumb":{"@id":"https:\/\/www.sestogrado.it\/it\/prodotto\/fixe-explora-imbrago-arrampicata\/#breadcrumb"},"inLanguage":"it-IT","potentialAction":[{"@type":"ReadAction","target":[["https:\/\/www.sestogrado.it\/it\/prodotto\/fixe-explora-imbrago-arrampicata\/"]]}]},{"@type":"ImageObject","inLanguage":"it-IT","@id":"https:\/\/www.sestogrado.it\/it\/prodotto\/fixe-explora-imbrago-arrampicata\/#primaryimage","url":"https:\/\/www.sestogrado.it\/wp-content\/uploads\/2024\/09\/02.jpg","contentUrl":"https:\/\/www.sestogrado.it\/wp-content\/uploads\/2024\/09\/02.jpg","width":800,"height":800,"caption":"explora"},{"@type":"BreadcrumbList","@id":"https:\/\/www.sestogrado.it\/it\/prodotto\/fixe-explora-imbrago-arrampicata\/#breadcrumb","itemListElement":[{"@type":"ListItem","position":1,"name":"Home","item":"https:\/\/www.sestogrado.it\/it\/"},{"@type":"ListItem","position":2,"name":"Shop","item":"https:\/\/www.sestogrado.it\/it\/shop\/"},{"@type":"ListItem","position":3,"name":"Fixe Explora imbrago arrampicata"}]},{"@type":"WebSite","@id":"https:\/\/www.sestogrado.it\/it\/#website","url":"https:\/\/www.sestogrado.it\/it\/","name":"Sestogrado","description":"yes we climb","publisher":{"@id":"https:\/\/www.sestogrado.it\/it\/#organization"},"potentialAction":[{"@type":"SearchAction","target":{"@type":"EntryPoint","urlTemplate":"https:\/\/www.sestogrado.it\/it\/?s={search_term_string}"},"query-input":{"@type":"PropertyValueSpecification","valueRequired":true,"valueName":"search_term_string"}}],"inLanguage":"it-IT"},{"@type":"Organization","@id":"https:\/\/www.sestogrado.it\/it\/#organization","name":"Sestogrado","url":"https:\/\/www.sestogrado.it\/it\/","logo":{"@type":"ImageObject","inLanguage":"it-IT","@id":"https:\/\/www.sestogrado.it\/it\/#\/schema\/logo\/image\/","url":"https:\/\/www.sestogrado.it\/wp-content\/uploads\/2015\/03\/sestogrado-favicon.png","contentUrl":"https:\/\/www.sestogrado.it\/wp-content\/uploads\/2015\/03\/sestogrado-favicon.png","width":260,"height":260,"caption":"Sestogrado"},"image":{"@id":"https:\/\/www.sestogrado.it\/it\/#\/schema\/logo\/image\/"},"sameAs":["https:\/\/www.facebook.com\/pages\/Sestogrado\/1542635979353017?ref=bookmarks","https:\/\/www.youtube.com\/channel\/UC847kAfTkaJsWpc1jtQwr3Q"],"hasMerchantReturnPolicy":{"@type":"MerchantReturnPolicy","merchantReturnLink":"https:\/\/www.sestogrado.it\/it\/termini-e-condizioni\/"}}]},"product_brand":"Fixe","og_availability":"instock","product_availability":"instock","product_condition":"new"},"_links":{"self":[{"href":"https:\/\/www.sestogrado.it\/it\/wp-json\/wp\/v2\/product\/171006","targetHints":{"allow":["GET"]}}],"collection":[{"href":"https:\/\/www.sestogrado.it\/it\/wp-json\/wp\/v2\/product"}],"about":[{"href":"https:\/\/www.sestogrado.it\/it\/wp-json\/wp\/v2\/types\/product"}],"replies":[{"embeddable":true,"href":"https:\/\/www.sestogrado.it\/it\/wp-json\/wp\/v2\/comments?post=171006"}],"wp:featuredmedia":[{"embeddable":true,"href":"https:\/\/www.sestogrado.it\/it\/wp-json\/wp\/v2\/media\/171009"}],"wp:attachment":[{"href":"https:\/\/www.sestogrado.it\/it\/wp-json\/wp\/v2\/media?parent=171006"}],"wp:term":[{"taxonomy":"product_brand","embeddable":true,"href":"https:\/\/www.sestogrado.it\/it\/wp-json\/wp\/v2\/product_brand?post=171006"},{"taxonomy":"product_cat","embeddable":true,"href":"https:\/\/www.sestogrado.it\/it\/wp-json\/wp\/v2\/product_cat?post=171006"},{"taxonomy":"product_tag","embeddable":true,"href":"https:\/\/www.sestogrado.it\/it\/wp-json\/wp\/v2\/product_tag?post=171006"}],"curies":[{"name":"wp","href":"https:\/\/api.w.org\/{rel}","templated":true}]}}