{"id":169313,"date":"2024-08-23T14:11:19","date_gmt":"2024-08-23T12:11:19","guid":{"rendered":"https:\/\/www.sestogrado.it\/?post_type=product&#038;p=169313"},"modified":"2024-10-26T22:32:29","modified_gmt":"2024-10-26T20:32:29","slug":"black-diamond-distance-1500-lampada-frontale-ricaricabile","status":"publish","type":"product","link":"https:\/\/www.sestogrado.it\/it\/prodotto\/black-diamond-distance-1500-lampada-frontale-ricaricabile\/","title":{"rendered":"Black Diamond Distance 1500 lampada frontale ricaricabile"},"content":{"rendered":"<p><\/p>\n<div class=\"flex-shrink-0 flex flex-col relative items-end\">\n<div>\n<div class=\"pt-0\">\n<div class=\"gizmo-bot-avatar flex h-8 w-8 items-center justify-center overflow-hidden rounded-full\">\n<div class=\"relative p-1 rounded-sm flex items-center justify-center bg-token-main-surface-primary text-token-text-primary h-8 w-8\">Progettata per affrontare sessioni di resistenza notturna a ritmo sostenuto e attraversare terreni tecnici durante la notte, la lampada frontale Black Diamond Distance 1500 rappresenta il massimo della tecnologia nel suo settore. Grazie alla tecnologia integrata PowerTap\u2122, la Distance pu\u00f2 aumentare l&#8217;illuminazione fino a 1500 lumen, permettendo una valutazione dettagliata del terreno a lunga distanza o l&#8217;individuazione dei segnali del sentiero. La programmazione a emissione costante garantisce una luce continua, mentre la lente multifaccettata, accuratamente progettata, offre un&#8217;illuminazione uniforme e affidabile, mantenendo la percezione della profondit\u00e0 senza creare ombre o distorsioni. Il pacco batteria magnetico intercambiabile ha una capacit\u00e0 sufficiente per durare tutta la notte a un&#8217;impostazione moderata e pu\u00f2 essere sostituito facilmente con una sola mano, senza dover interrompere l&#8217;attivit\u00e0. Il sistema Comfort Cradle\u2122 della Distance si adatta perfettamente alla testa, riducendo al minimo i rimbalzi e offrendo un comfort prolungato grazie all&#8217;imbottitura integrata<\/div>\n<div><\/div>\n<\/div>\n<ul>\n<li>La programmazione a emissione costante fornisce luce continua prima di passare alla modalit\u00e0 di riserva.<\/li>\n<li>Una <a href=\"https:\/\/www.sestogrado.it\/it\/prodotto\/black-diamond-batteria-per-lampada-frontale-distance\/\" target=\"_blank\" rel=\"noopener\">batteria<\/a> completamente carica dura 8 ore a 300 lumen; due batterie completamente cariche durano 8 ore a 600 lumen.<\/li>\n<li>Il sistema Comfort Cradle\u2122 offre una vestibilit\u00e0 sagomata, priva di rimbalzi e con imbottitura distribuita, e pu\u00f2 essere utilizzato con una fascia superiore rimovibile per maggiore sicurezza su terreni tecnici.<\/li>\n<li>Il design della lente ottica multifaccettata offre una combinazione di illuminazione in profondit\u00e0 per individuare meglio gli ostacoli e luce diffusa e uniforme per una visibilit\u00e0 costante.<\/li>\n<li>Il pacco batteria magnetico ricaricabile e intercambiabile pu\u00f2 essere sostituito rapidamente con una mano sola e include una luce rossa posteriore integrata.<\/li>\n<li>Compatibile con casco.<\/li>\n<li>La tecnologia PowerTap, accessibile dall&#8217;utente in modalit\u00e0 di controllo della temperatura, consente un&#8217;uscita massima di 1500 lumen se le condizioni ambientali lo permettono per un&#8217;operazione sicura e funzionale.<\/li>\n<li>La funzione di blocco digitale brevettata protegge contro l&#8217;uso accidentale quando il dispositivo \u00e8 riposto in uno zaino o in una tasca<\/li>\n<\/ul>\n<\/div>\n<\/div>\n<\/div>\n<p>&nbsp;<\/p>\n<div>Black Diamond dal 1957 rappresenta un punto di riferimento mondiale per l\u2019attrezzatura da arrampicata. Ci\u00f2 che all\u2019inizio era una attivit\u00e0 artigianale con incudine e martello oggi si \u00e8 trasformata in una societ\u00e0 globale con uffici in tre continenti. Il segreto di Black Diamond \u00e8 sempre lo stesso: essere una societ\u00e0 formata da appassionati climber. In Black Diamond si continua a sognare su ci\u00f2 che potrebbe essere e si continua ad essere critici su ci\u00f2 che esiste. E\u2019 cos\u00ec che il processo creativo per la realizzazione della migliore attrezzatura da arrampicata non avr\u00e0 mai fine.<\/div>\n<p><\/p>","protected":false},"excerpt":{"rendered":"<p>Progettata per affrontare sessioni di resistenza notturna a ritmo sostenuto e attraversare terreni tecnici durante la notte, la lampada frontale [&hellip;]<\/p>\n","protected":false},"featured_media":169314,"comment_status":"open","ping_status":"closed","template":"","meta":{"_acf_changed":false},"product_brand":[121],"product_cat":[380],"product_tag":[],"class_list":{"0":"post-169313","1":"product","2":"type-product","3":"status-publish","4":"has-post-thumbnail","6":"product_brand-black-diamond","7":"product_cat-illuminazione","9":"first","10":"instock","11":"sale","12":"taxable","13":"shipping-taxable","14":"purchasable","15":"product-type-simple"},"acf":[],"yoast_head":"<!-- This site is optimized with the Yoast SEO plugin v26.4 - https:\/\/yoast.com\/wordpress\/plugins\/seo\/ -->\n<title>Black Diamond Distance 1500 lampada frontale ricaricabile - Sestogrado<\/title>\n<meta name=\"description\" content=\"Progettata per affrontare sessioni di resistenza notturna a ritmo sostenuto e attraversare terreni tecnici durante la notte, la lampada frontale Black Diamond Distance 1500 rappresenta il massimo della tecnologia nel suo settore. Grazie alla tecnologia integrata PowerTap\u2122, la Distance pu\u00f2 aumentare l&#039;illuminazione fino a 1500 lumen, permettendo una valutazione dettagliata del terreno a lunga distanza o l&#039;individuazione dei segnali del sentiero. La programmazione a emissione costante garantisce una luce continua, mentre la lente multifaccettata, accuratamente progettata, offre un&#039;illuminazione uniforme e affidabile, mantenendo la percezione della profondit\u00e0 senza creare ombre o distorsioni. Il pacco batteria magnetico intercambiabile ha una capacit\u00e0 sufficiente per durare tutta la notte a un&#039;impostazione moderata e pu\u00f2 essere sostituito facilmente con una sola mano, senza dover interrompere l&#039;attivit\u00e0. Il sistema Comfort Cradle\u2122 della Distance si adatta perfettamente alla testa, riducendo al minimo i rimbalzi e offrendo un comfort prolungato grazie all&#039;imbottitura integrata\" \/>\n<meta name=\"robots\" content=\"index, follow, max-snippet:-1, max-image-preview:large, max-video-preview:-1\" \/>\n<link rel=\"canonical\" href=\"https:\/\/www.sestogrado.it\/it\/prodotto\/black-diamond-distance-1500-lampada-frontale-ricaricabile\/\" \/>\n<meta property=\"og:locale\" content=\"it_IT\" \/>\n<meta property=\"og:type\" content=\"article\" \/>\n<meta property=\"og:title\" content=\"Black Diamond Distance 1500 lampada frontale ricaricabile - Sestogrado\" \/>\n<meta property=\"og:description\" content=\"Progettata per affrontare sessioni di resistenza notturna a ritmo sostenuto e attraversare terreni tecnici durante la notte, la lampada frontale Black Diamond Distance 1500 rappresenta il massimo della tecnologia nel suo settore. Grazie alla tecnologia integrata PowerTap\u2122, la Distance pu\u00f2 aumentare l&#039;illuminazione fino a 1500 lumen, permettendo una valutazione dettagliata del terreno a lunga distanza o l&#039;individuazione dei segnali del sentiero. La programmazione a emissione costante garantisce una luce continua, mentre la lente multifaccettata, accuratamente progettata, offre un&#039;illuminazione uniforme e affidabile, mantenendo la percezione della profondit\u00e0 senza creare ombre o distorsioni. Il pacco batteria magnetico intercambiabile ha una capacit\u00e0 sufficiente per durare tutta la notte a un&#039;impostazione moderata e pu\u00f2 essere sostituito facilmente con una sola mano, senza dover interrompere l&#039;attivit\u00e0. Il sistema Comfort Cradle\u2122 della Distance si adatta perfettamente alla testa, riducendo al minimo i rimbalzi e offrendo un comfort prolungato grazie all&#039;imbottitura integrata\" \/>\n<meta property=\"og:url\" content=\"https:\/\/www.sestogrado.it\/it\/prodotto\/black-diamond-distance-1500-lampada-frontale-ricaricabile\/\" \/>\n<meta property=\"og:site_name\" content=\"Sestogrado\" \/>\n<meta property=\"article:publisher\" content=\"https:\/\/www.facebook.com\/pages\/Sestogrado\/1542635979353017?ref=bookmarks\" \/>\n<meta property=\"article:modified_time\" content=\"2024-10-26T20:32:29+00:00\" \/>\n<meta property=\"og:image\" content=\"https:\/\/www.sestogrado.it\/wp-content\/uploads\/2024\/08\/01-1.jpg\" \/>\n\t<meta property=\"og:image:width\" content=\"1000\" \/>\n\t<meta property=\"og:image:height\" content=\"1000\" \/>\n\t<meta property=\"og:image:type\" content=\"image\/jpeg\" \/>\n<meta name=\"twitter:label1\" content=\"Prezzo\" \/>\n\t<meta name=\"twitter:data1\" content=\"&euro;&nbsp;169,90\" \/>\n\t<meta name=\"twitter:label2\" content=\"Disponibilit\u00e0\" \/>\n\t<meta name=\"twitter:data2\" content=\"In stock\" \/>\n<script type=\"application\/ld+json\" class=\"yoast-schema-graph\">{\"@context\":\"https:\/\/schema.org\",\"@graph\":[{\"@type\":\"WebPage\",\"@id\":\"https:\/\/www.sestogrado.it\/it\/prodotto\/black-diamond-distance-1500-lampada-frontale-ricaricabile\/\",\"url\":\"https:\/\/www.sestogrado.it\/it\/prodotto\/black-diamond-distance-1500-lampada-frontale-ricaricabile\/\",\"name\":\"Black Diamond Distance 1500 lampada frontale ricaricabile - Sestogrado\",\"isPartOf\":{\"@id\":\"https:\/\/www.sestogrado.it\/it\/#website\"},\"primaryImageOfPage\":{\"@id\":\"https:\/\/www.sestogrado.it\/it\/prodotto\/black-diamond-distance-1500-lampada-frontale-ricaricabile\/#primaryimage\"},\"image\":{\"@id\":\"https:\/\/www.sestogrado.it\/prodotto\/black-diamond-distance-1500-lampada-frontale-ricaricabile\/#primaryimage\"},\"thumbnailUrl\":\"https:\/\/www.sestogrado.it\/wp-content\/uploads\/2024\/08\/01-1.jpg\",\"datePublished\":\"2024-08-23T12:11:19+00:00\",\"dateModified\":\"2024-10-26T20:32:29+00:00\",\"description\":\"Progettata per affrontare sessioni di resistenza notturna a ritmo sostenuto e attraversare terreni tecnici durante la notte, la lampada frontale Black Diamond Distance 1500 rappresenta il massimo della tecnologia nel suo settore. Grazie alla tecnologia integrata PowerTap\u2122, la Distance pu\u00f2 aumentare l'illuminazione fino a 1500 lumen, permettendo una valutazione dettagliata del terreno a lunga distanza o l'individuazione dei segnali del sentiero. La programmazione a emissione costante garantisce una luce continua, mentre la lente multifaccettata, accuratamente progettata, offre un'illuminazione uniforme e affidabile, mantenendo la percezione della profondit\u00e0 senza creare ombre o distorsioni. Il pacco batteria magnetico intercambiabile ha una capacit\u00e0 sufficiente per durare tutta la notte a un'impostazione moderata e pu\u00f2 essere sostituito facilmente con una sola mano, senza dover interrompere l'attivit\u00e0. Il sistema Comfort Cradle\u2122 della Distance si adatta perfettamente alla testa, riducendo al minimo i rimbalzi e offrendo un comfort prolungato grazie all'imbottitura integrata\",\"breadcrumb\":{\"@id\":\"https:\/\/www.sestogrado.it\/it\/prodotto\/black-diamond-distance-1500-lampada-frontale-ricaricabile\/#breadcrumb\"},\"inLanguage\":\"it-IT\",\"potentialAction\":[{\"@type\":\"ReadAction\",\"target\":[[\"https:\/\/www.sestogrado.it\/it\/prodotto\/black-diamond-distance-1500-lampada-frontale-ricaricabile\/\"]]}]},{\"@type\":\"ImageObject\",\"inLanguage\":\"it-IT\",\"@id\":\"https:\/\/www.sestogrado.it\/it\/prodotto\/black-diamond-distance-1500-lampada-frontale-ricaricabile\/#primaryimage\",\"url\":\"https:\/\/www.sestogrado.it\/wp-content\/uploads\/2024\/08\/01-1.jpg\",\"contentUrl\":\"https:\/\/www.sestogrado.it\/wp-content\/uploads\/2024\/08\/01-1.jpg\",\"width\":1000,\"height\":1000,\"caption\":\"black diamond distance 1500\"},{\"@type\":\"BreadcrumbList\",\"@id\":\"https:\/\/www.sestogrado.it\/it\/prodotto\/black-diamond-distance-1500-lampada-frontale-ricaricabile\/#breadcrumb\",\"itemListElement\":[{\"@type\":\"ListItem\",\"position\":1,\"name\":\"Home\",\"item\":\"https:\/\/www.sestogrado.it\/it\/\"},{\"@type\":\"ListItem\",\"position\":2,\"name\":\"Shop\",\"item\":\"https:\/\/www.sestogrado.it\/it\/shop\/\"},{\"@type\":\"ListItem\",\"position\":3,\"name\":\"Black Diamond Distance 1500 lampada frontale ricaricabile\"}]},{\"@type\":\"WebSite\",\"@id\":\"https:\/\/www.sestogrado.it\/it\/#website\",\"url\":\"https:\/\/www.sestogrado.it\/it\/\",\"name\":\"Sestogrado\",\"description\":\"yes we climb\",\"publisher\":{\"@id\":\"https:\/\/www.sestogrado.it\/it\/#organization\"},\"potentialAction\":[{\"@type\":\"SearchAction\",\"target\":{\"@type\":\"EntryPoint\",\"urlTemplate\":\"https:\/\/www.sestogrado.it\/it\/?s={search_term_string}\"},\"query-input\":{\"@type\":\"PropertyValueSpecification\",\"valueRequired\":true,\"valueName\":\"search_term_string\"}}],\"inLanguage\":\"it-IT\"},{\"@type\":\"Organization\",\"@id\":\"https:\/\/www.sestogrado.it\/it\/#organization\",\"name\":\"Sestogrado\",\"url\":\"https:\/\/www.sestogrado.it\/it\/\",\"logo\":{\"@type\":\"ImageObject\",\"inLanguage\":\"it-IT\",\"@id\":\"https:\/\/www.sestogrado.it\/it\/#\/schema\/logo\/image\/\",\"url\":\"https:\/\/www.sestogrado.it\/wp-content\/uploads\/2015\/03\/sestogrado-favicon.png\",\"contentUrl\":\"https:\/\/www.sestogrado.it\/wp-content\/uploads\/2015\/03\/sestogrado-favicon.png\",\"width\":260,\"height\":260,\"caption\":\"Sestogrado\"},\"image\":{\"@id\":\"https:\/\/www.sestogrado.it\/it\/#\/schema\/logo\/image\/\"},\"sameAs\":[\"https:\/\/www.facebook.com\/pages\/Sestogrado\/1542635979353017?ref=bookmarks\",\"https:\/\/www.youtube.com\/channel\/UC847kAfTkaJsWpc1jtQwr3Q\"],\"hasMerchantReturnPolicy\":{\"@type\":\"MerchantReturnPolicy\",\"merchantReturnLink\":\"https:\/\/www.sestogrado.it\/it\/termini-e-condizioni\/\"}}]}<\/script>\n<meta property=\"product:brand\" content=\"Black Diamond\" \/>\n<meta property=\"product:price:amount\" content=\"169.90\" \/>\n<meta property=\"product:price:currency\" content=\"EUR\" \/>\n<meta property=\"og:availability\" content=\"instock\" \/>\n<meta property=\"product:availability\" content=\"instock\" \/>\n<meta property=\"product:condition\" content=\"new\" \/>\n<!-- \/ Yoast SEO plugin. -->","yoast_head_json":{"title":"Black Diamond Distance 1500 lampada frontale ricaricabile - Sestogrado","description":"Progettata per affrontare sessioni di resistenza notturna a ritmo sostenuto e attraversare terreni tecnici durante la notte, la lampada frontale Black Diamond Distance 1500 rappresenta il massimo della tecnologia nel suo settore. Grazie alla tecnologia integrata PowerTap\u2122, la Distance pu\u00f2 aumentare l'illuminazione fino a 1500 lumen, permettendo una valutazione dettagliata del terreno a lunga distanza o l'individuazione dei segnali del sentiero. La programmazione a emissione costante garantisce una luce continua, mentre la lente multifaccettata, accuratamente progettata, offre un'illuminazione uniforme e affidabile, mantenendo la percezione della profondit\u00e0 senza creare ombre o distorsioni. Il pacco batteria magnetico intercambiabile ha una capacit\u00e0 sufficiente per durare tutta la notte a un'impostazione moderata e pu\u00f2 essere sostituito facilmente con una sola mano, senza dover interrompere l'attivit\u00e0. Il sistema Comfort Cradle\u2122 della Distance si adatta perfettamente alla testa, riducendo al minimo i rimbalzi e offrendo un comfort prolungato grazie all'imbottitura integrata","robots":{"index":"index","follow":"follow","max-snippet":"max-snippet:-1","max-image-preview":"max-image-preview:large","max-video-preview":"max-video-preview:-1"},"canonical":"https:\/\/www.sestogrado.it\/it\/prodotto\/black-diamond-distance-1500-lampada-frontale-ricaricabile\/","og_locale":"it_IT","og_type":"article","og_title":"Black Diamond Distance 1500 lampada frontale ricaricabile - Sestogrado","og_description":"Progettata per affrontare sessioni di resistenza notturna a ritmo sostenuto e attraversare terreni tecnici durante la notte, la lampada frontale Black Diamond Distance 1500 rappresenta il massimo della tecnologia nel suo settore. Grazie alla tecnologia integrata PowerTap\u2122, la Distance pu\u00f2 aumentare l'illuminazione fino a 1500 lumen, permettendo una valutazione dettagliata del terreno a lunga distanza o l'individuazione dei segnali del sentiero. La programmazione a emissione costante garantisce una luce continua, mentre la lente multifaccettata, accuratamente progettata, offre un'illuminazione uniforme e affidabile, mantenendo la percezione della profondit\u00e0 senza creare ombre o distorsioni. Il pacco batteria magnetico intercambiabile ha una capacit\u00e0 sufficiente per durare tutta la notte a un'impostazione moderata e pu\u00f2 essere sostituito facilmente con una sola mano, senza dover interrompere l'attivit\u00e0. Il sistema Comfort Cradle\u2122 della Distance si adatta perfettamente alla testa, riducendo al minimo i rimbalzi e offrendo un comfort prolungato grazie all'imbottitura integrata","og_url":"https:\/\/www.sestogrado.it\/it\/prodotto\/black-diamond-distance-1500-lampada-frontale-ricaricabile\/","og_site_name":"Sestogrado","article_publisher":"https:\/\/www.facebook.com\/pages\/Sestogrado\/1542635979353017?ref=bookmarks","article_modified_time":"2024-10-26T20:32:29+00:00","og_image":[{"width":1000,"height":1000,"url":"https:\/\/www.sestogrado.it\/wp-content\/uploads\/2024\/08\/01-1.jpg","type":"image\/jpeg"}],"twitter_misc":{"Prezzo":"&euro;&nbsp;169,90","Disponibilit\u00e0":"In stock"},"schema":{"@context":"https:\/\/schema.org","@graph":[{"@type":"WebPage","@id":"https:\/\/www.sestogrado.it\/it\/prodotto\/black-diamond-distance-1500-lampada-frontale-ricaricabile\/","url":"https:\/\/www.sestogrado.it\/it\/prodotto\/black-diamond-distance-1500-lampada-frontale-ricaricabile\/","name":"Black Diamond Distance 1500 lampada frontale ricaricabile - Sestogrado","isPartOf":{"@id":"https:\/\/www.sestogrado.it\/it\/#website"},"primaryImageOfPage":{"@id":"https:\/\/www.sestogrado.it\/it\/prodotto\/black-diamond-distance-1500-lampada-frontale-ricaricabile\/#primaryimage"},"image":{"@id":"https:\/\/www.sestogrado.it\/prodotto\/black-diamond-distance-1500-lampada-frontale-ricaricabile\/#primaryimage"},"thumbnailUrl":"https:\/\/www.sestogrado.it\/wp-content\/uploads\/2024\/08\/01-1.jpg","datePublished":"2024-08-23T12:11:19+00:00","dateModified":"2024-10-26T20:32:29+00:00","description":"Progettata per affrontare sessioni di resistenza notturna a ritmo sostenuto e attraversare terreni tecnici durante la notte, la lampada frontale Black Diamond Distance 1500 rappresenta il massimo della tecnologia nel suo settore. Grazie alla tecnologia integrata PowerTap\u2122, la Distance pu\u00f2 aumentare l'illuminazione fino a 1500 lumen, permettendo una valutazione dettagliata del terreno a lunga distanza o l'individuazione dei segnali del sentiero. La programmazione a emissione costante garantisce una luce continua, mentre la lente multifaccettata, accuratamente progettata, offre un'illuminazione uniforme e affidabile, mantenendo la percezione della profondit\u00e0 senza creare ombre o distorsioni. Il pacco batteria magnetico intercambiabile ha una capacit\u00e0 sufficiente per durare tutta la notte a un'impostazione moderata e pu\u00f2 essere sostituito facilmente con una sola mano, senza dover interrompere l'attivit\u00e0. Il sistema Comfort Cradle\u2122 della Distance si adatta perfettamente alla testa, riducendo al minimo i rimbalzi e offrendo un comfort prolungato grazie all'imbottitura integrata","breadcrumb":{"@id":"https:\/\/www.sestogrado.it\/it\/prodotto\/black-diamond-distance-1500-lampada-frontale-ricaricabile\/#breadcrumb"},"inLanguage":"it-IT","potentialAction":[{"@type":"ReadAction","target":[["https:\/\/www.sestogrado.it\/it\/prodotto\/black-diamond-distance-1500-lampada-frontale-ricaricabile\/"]]}]},{"@type":"ImageObject","inLanguage":"it-IT","@id":"https:\/\/www.sestogrado.it\/it\/prodotto\/black-diamond-distance-1500-lampada-frontale-ricaricabile\/#primaryimage","url":"https:\/\/www.sestogrado.it\/wp-content\/uploads\/2024\/08\/01-1.jpg","contentUrl":"https:\/\/www.sestogrado.it\/wp-content\/uploads\/2024\/08\/01-1.jpg","width":1000,"height":1000,"caption":"black diamond distance 1500"},{"@type":"BreadcrumbList","@id":"https:\/\/www.sestogrado.it\/it\/prodotto\/black-diamond-distance-1500-lampada-frontale-ricaricabile\/#breadcrumb","itemListElement":[{"@type":"ListItem","position":1,"name":"Home","item":"https:\/\/www.sestogrado.it\/it\/"},{"@type":"ListItem","position":2,"name":"Shop","item":"https:\/\/www.sestogrado.it\/it\/shop\/"},{"@type":"ListItem","position":3,"name":"Black Diamond Distance 1500 lampada frontale ricaricabile"}]},{"@type":"WebSite","@id":"https:\/\/www.sestogrado.it\/it\/#website","url":"https:\/\/www.sestogrado.it\/it\/","name":"Sestogrado","description":"yes we climb","publisher":{"@id":"https:\/\/www.sestogrado.it\/it\/#organization"},"potentialAction":[{"@type":"SearchAction","target":{"@type":"EntryPoint","urlTemplate":"https:\/\/www.sestogrado.it\/it\/?s={search_term_string}"},"query-input":{"@type":"PropertyValueSpecification","valueRequired":true,"valueName":"search_term_string"}}],"inLanguage":"it-IT"},{"@type":"Organization","@id":"https:\/\/www.sestogrado.it\/it\/#organization","name":"Sestogrado","url":"https:\/\/www.sestogrado.it\/it\/","logo":{"@type":"ImageObject","inLanguage":"it-IT","@id":"https:\/\/www.sestogrado.it\/it\/#\/schema\/logo\/image\/","url":"https:\/\/www.sestogrado.it\/wp-content\/uploads\/2015\/03\/sestogrado-favicon.png","contentUrl":"https:\/\/www.sestogrado.it\/wp-content\/uploads\/2015\/03\/sestogrado-favicon.png","width":260,"height":260,"caption":"Sestogrado"},"image":{"@id":"https:\/\/www.sestogrado.it\/it\/#\/schema\/logo\/image\/"},"sameAs":["https:\/\/www.facebook.com\/pages\/Sestogrado\/1542635979353017?ref=bookmarks","https:\/\/www.youtube.com\/channel\/UC847kAfTkaJsWpc1jtQwr3Q"],"hasMerchantReturnPolicy":{"@type":"MerchantReturnPolicy","merchantReturnLink":"https:\/\/www.sestogrado.it\/it\/termini-e-condizioni\/"}}]},"product_brand":"Black Diamond","product_price_amount":"169.90","product_price_currency":"EUR","og_availability":"instock","product_availability":"instock","product_condition":"new"},"_links":{"self":[{"href":"https:\/\/www.sestogrado.it\/it\/wp-json\/wp\/v2\/product\/169313","targetHints":{"allow":["GET"]}}],"collection":[{"href":"https:\/\/www.sestogrado.it\/it\/wp-json\/wp\/v2\/product"}],"about":[{"href":"https:\/\/www.sestogrado.it\/it\/wp-json\/wp\/v2\/types\/product"}],"replies":[{"embeddable":true,"href":"https:\/\/www.sestogrado.it\/it\/wp-json\/wp\/v2\/comments?post=169313"}],"wp:featuredmedia":[{"embeddable":true,"href":"https:\/\/www.sestogrado.it\/it\/wp-json\/wp\/v2\/media\/169314"}],"wp:attachment":[{"href":"https:\/\/www.sestogrado.it\/it\/wp-json\/wp\/v2\/media?parent=169313"}],"wp:term":[{"taxonomy":"product_brand","embeddable":true,"href":"https:\/\/www.sestogrado.it\/it\/wp-json\/wp\/v2\/product_brand?post=169313"},{"taxonomy":"product_cat","embeddable":true,"href":"https:\/\/www.sestogrado.it\/it\/wp-json\/wp\/v2\/product_cat?post=169313"},{"taxonomy":"product_tag","embeddable":true,"href":"https:\/\/www.sestogrado.it\/it\/wp-json\/wp\/v2\/product_tag?post=169313"}],"curies":[{"name":"wp","href":"https:\/\/api.w.org\/{rel}","templated":true}]}}