{"id":166855,"date":"2024-12-19T10:54:40","date_gmt":"2024-12-19T09:54:40","guid":{"rendered":"https:\/\/www.sestogrado.it\/?post_type=product&#038;p=166855"},"modified":"2026-04-28T10:39:06","modified_gmt":"2026-04-28T08:39:06","slug":"fixe-roca-pedraforca-8-8-fusion-full-dry-corda-a-tripla-omologazione","status":"publish","type":"product","link":"https:\/\/www.sestogrado.it\/it\/prodotto\/fixe-roca-pedraforca-8-8-fusion-full-dry-corda-a-tripla-omologazione\/","title":{"rendered":"Fixe Roca Pedraforca 8.8 Fusion full dry corda a tripla omologazione"},"content":{"rendered":"<p>La Fixe Roca Pedraforca 8.8 \u00e8 una corda a tripla omologazione, costruita con tecnologia Fusion, con cui la calza e l&#8217;anima vengono saldate insieme per prevenire lo scivolamento della calza. E&#8217; una corda a tripla omologazione, singola, doppia e gemella, tipicamente utilizzata dalle Guide Alpine o da chi si vuole muovere in ambiente alpinistico con una corda polivalente, leggera ed adattabile ad ogni situazione.<\/p>\n<p>La sua costruzione Fusion offre maggiore sicurezza sui percorsi tortuosi per superare rocce taglienti e creste. Con un diametro inferiore a 9 mm, la Pedraforca 8.8 si comporta meravigliosamente bene su tutti i tipi di terreno con una fluidit\u00e0 e una durata unici.<\/p>\n<ul>\n<li>Diametro: 8.8mm<\/li>\n<li>Trattamento <strong>Full Dry<\/strong>: la corda \u00e8 totalmente impermeabile, anima e calza, garantisce resistenza ad agenti esterni e pu\u00f2 essere utilizzata per cascate di ghiaccio. UIAA water repellent standard.<\/li>\n<li><strong>Full Dry treatment:<\/strong>\u00a0Water-repellent treatment on the sheath and core. Totally waterproofs the rope. Provides resistance to oil, grease, and water. Extends the rope\u2019s lifespan. UIAA water repellent standard.<\/li>\n<li><span class=\"lbl\">Tipo di calza: <\/span><span class=\"value\"><strong>Endurance<\/strong>, aumenta la durata di vita della corda, 48 trefoli.<\/span><\/li>\n<li><strong>Fusion:<\/strong> previene lo scorrimento della calza. Le prestazioni e sicurezza della corda sono assicurate dall&#8217;unione tra calza e anima.<\/li>\n<li>Segno di <strong>met\u00e0 corda<\/strong>: presente.<\/li>\n<li>Segno di <strong>8 metri<\/strong>: \u00e8 una marcatura rossa che indica che mancano 8 metri al raggiungimento della fine della corda.<\/li>\n<li>Indicatore <strong>riflettente<\/strong>: indicatore riflettente, con le informazioni della corda, presente ad entrambe le estremit\u00e0.<\/li>\n<li>Taglio ultrasonico: sigilla i finali della corda, impedendone l&#8217;apertura.<\/li>\n<li><span class=\"lbl\">Allungamento statico: 7% singola\/ 7% mezza\/ 5% gemella<\/span><\/li>\n<li><span class=\"lbl\">Numero di cadute UIAA: 6 singola\/ 6 mezza\/ 14 gemella<\/span><\/li>\n<li><span class=\"lbl\">Forza di impatto: 7,2kN singola\/ 7,2kN mezza\/ 7,4kN gemella<\/span><\/li>\n<li><span class=\"lbl\">Scorrimento calza: <\/span><span class=\"value\">0,0mm<\/span><\/li>\n<li>Allungamento dinamico: 37% singola\/ 37% mezza\/ 24% gemella<\/li>\n<li>Percentuale calza 30%<\/li>\n<li>Peso al metro 54g<\/li>\n<\/ul>\n<p>&nbsp;<\/p>\n<p>Con i sui 42g metro, con lo spessore di 8.8mm, totalmente impermeabile e costruzione Fusion, la Fixe Roca Pedraforca 8.8 si configura come la corda top di gamma di Fixe, dedicata ad utilizzatori avanzati per missioni alpinistiche su ogni terreno.<\/p>\n<p>&nbsp;<\/p>\n<p>Fixe \u00e8 stata fondata nel 1983 in un luogo circondato da montagne e zone di arrampicata di prim&#8217;ordine come Montserrat, Terradets e Siurana. \u00c8 diventato rapidamente un marchio leader nella comunit\u00e0 dell&#8217;arrampicata e i suoi prodotti sono attualmente conosciuti in tutto il mondo.<\/p>\n<p>Roca \u00e8 uno dei pi\u00f9 antichi produttori di corde al mondo. Fondata nel 1891, dal 2012 \u00e8 entrata a far parte del gruppo Fixe, per realizza tutte le corde del proprio catalogo.<\/p>\n<p>Le corde Fixe Roca sono supportate da pi\u00f9 di 125 anni di esperienza nel settore. Tutta la produzione avviene a Sant Quirze de Besora (Catalogna), dove Fixe ha anche la sua sede principale e magazzini.<\/p>\n<p>Ogni amante della montagna trover\u00e0 la corda che cerca nel catalogo Fixe. Corde per arrampicata sportiva, arrampicata trad, alpinismo, palestre di arrampicata e canyoning, sia dinamiche che statiche. Una corda per ogni situazione e ogni attivit\u00e0 su terreno verticale.<\/p>","protected":false},"excerpt":{"rendered":"<p>La Fixe Roca Pedraforca 8.8 \u00e8 una corda a tripla omologazione, costruita con tecnologia Fusion, con cui la calza e [&hellip;]<\/p>\n","protected":false},"featured_media":166857,"comment_status":"open","ping_status":"closed","template":"","meta":{"_acf_changed":false},"product_brand":[778],"product_cat":[136],"product_tag":[],"class_list":{"0":"post-166855","1":"product","2":"type-product","3":"status-publish","4":"has-post-thumbnail","6":"product_brand-fixe","7":"product_cat-corde-corde","9":"first","10":"instock","11":"sale","12":"taxable","13":"shipping-taxable","14":"purchasable","15":"product-type-variable"},"acf":[],"yoast_head":"<!-- This site is optimized with the Yoast SEO plugin v26.4 - https:\/\/yoast.com\/wordpress\/plugins\/seo\/ -->\n<title>Fixe Roca Pedraforca 8.8 Fusion full dry corda a tripla omologazione - Sestogrado<\/title>\n<meta name=\"description\" content=\"La Fixe Roca Pedraforca 8.8 \u00e8 una corda a tripla omologazione, costruita con tecnologia Fusion, con cui la calza e l&#039;anima vengono saldate insieme per prevenire lo scivolamento della calza. E&#039; una corda a tripla omologazione, singola, doppia e gemella, tipicamente utilizzata dalle Guide Alpine o da chi si vuole muovere in ambiente alpinistico con una corda polivalente, leggera ed adattabile ad ogni situazione.La sua costruzione Fusion offre maggiore sicurezza sui percorsi tortuosi per superare rocce taglienti e creste. Con un diametro inferiore a 9 mm, la Pedraforca 8.8 si comporta meravigliosamente bene su tutti i tipi di terreno con una fluidit\u00e0 e una durata unici.Diametro: 8.8mmTrattamento Full Dry: la corda \u00e8 totalmente impermeabile, anima e calza, garantisce resistenza ad agenti esterni e pu\u00f2 essere utilizzata per cascate di ghiaccio. UIAA water repellent standard.Full Dry treatment:\u00a0Water-repellent treatment on the sheath and core. Totally waterproofs the rope. Provides resistance to oil, grease, and water. Extends the rope\u2019s lifespan. UIAA water repellent standard.Tipo di calza: Endurance, aumenta la durata di vita della corda, 48 trefoli.Fusion: previene lo scorrimento della calza. Le prestazioni e sicurezza della corda sono assicurate dall&#039;unione tra calza e anima.Segno di met\u00e0 corda: presente.\" \/>\n<meta name=\"robots\" content=\"index, follow, max-snippet:-1, max-image-preview:large, max-video-preview:-1\" \/>\n<link rel=\"canonical\" href=\"https:\/\/www.sestogrado.it\/it\/prodotto\/fixe-roca-pedraforca-8-8-fusion-full-dry-corda-a-tripla-omologazione\/\" \/>\n<meta property=\"og:locale\" content=\"it_IT\" \/>\n<meta property=\"og:type\" content=\"article\" \/>\n<meta property=\"og:title\" content=\"Fixe Roca Pedraforca 8.8 Fusion full dry corda a tripla omologazione - Sestogrado\" \/>\n<meta property=\"og:description\" content=\"La Fixe Roca Pedraforca 8.8 \u00e8 una corda a tripla omologazione, costruita con tecnologia Fusion, con cui la calza e l&#039;anima vengono saldate insieme per prevenire lo scivolamento della calza. E&#039; una corda a tripla omologazione, singola, doppia e gemella, tipicamente utilizzata dalle Guide Alpine o da chi si vuole muovere in ambiente alpinistico con una corda polivalente, leggera ed adattabile ad ogni situazione.La sua costruzione Fusion offre maggiore sicurezza sui percorsi tortuosi per superare rocce taglienti e creste. Con un diametro inferiore a 9 mm, la Pedraforca 8.8 si comporta meravigliosamente bene su tutti i tipi di terreno con una fluidit\u00e0 e una durata unici.Diametro: 8.8mmTrattamento Full Dry: la corda \u00e8 totalmente impermeabile, anima e calza, garantisce resistenza ad agenti esterni e pu\u00f2 essere utilizzata per cascate di ghiaccio. UIAA water repellent standard.Full Dry treatment:\u00a0Water-repellent treatment on the sheath and core. Totally waterproofs the rope. Provides resistance to oil, grease, and water. Extends the rope\u2019s lifespan. UIAA water repellent standard.Tipo di calza: Endurance, aumenta la durata di vita della corda, 48 trefoli.Fusion: previene lo scorrimento della calza. Le prestazioni e sicurezza della corda sono assicurate dall&#039;unione tra calza e anima.Segno di met\u00e0 corda: presente.\" \/>\n<meta property=\"og:url\" content=\"https:\/\/www.sestogrado.it\/it\/prodotto\/fixe-roca-pedraforca-8-8-fusion-full-dry-corda-a-tripla-omologazione\/\" \/>\n<meta property=\"og:site_name\" content=\"Sestogrado\" \/>\n<meta property=\"article:publisher\" content=\"https:\/\/www.facebook.com\/pages\/Sestogrado\/1542635979353017?ref=bookmarks\" \/>\n<meta property=\"article:modified_time\" content=\"2026-04-28T08:39:06+00:00\" \/>\n<meta property=\"og:image\" content=\"https:\/\/www.sestogrado.it\/wp-content\/uploads\/2024\/07\/01-2.jpg\" \/>\n\t<meta property=\"og:image:width\" content=\"1200\" \/>\n\t<meta property=\"og:image:height\" content=\"1200\" \/>\n\t<meta property=\"og:image:type\" content=\"image\/jpeg\" \/>\n<meta name=\"twitter:label1\" content=\"Disponibilit\u00e0\" \/>\n\t<meta name=\"twitter:data1\" content=\"In stock\" \/>\n<script type=\"application\/ld+json\" class=\"yoast-schema-graph\">{\"@context\":\"https:\/\/schema.org\",\"@graph\":[{\"@type\":\"WebPage\",\"@id\":\"https:\/\/www.sestogrado.it\/it\/prodotto\/fixe-roca-pedraforca-8-8-fusion-full-dry-corda-a-tripla-omologazione\/\",\"url\":\"https:\/\/www.sestogrado.it\/it\/prodotto\/fixe-roca-pedraforca-8-8-fusion-full-dry-corda-a-tripla-omologazione\/\",\"name\":\"Fixe Roca Pedraforca 8.8 Fusion full dry corda a tripla omologazione - Sestogrado\",\"isPartOf\":{\"@id\":\"https:\/\/www.sestogrado.it\/it\/#website\"},\"primaryImageOfPage\":{\"@id\":\"https:\/\/www.sestogrado.it\/it\/prodotto\/fixe-roca-pedraforca-8-8-fusion-full-dry-corda-a-tripla-omologazione\/#primaryimage\"},\"image\":{\"@id\":\"https:\/\/www.sestogrado.it\/prodotto\/fixe-roca-pedraforca-8-8-fusion-full-dry-corda-a-tripla-omologazione\/#primaryimage\"},\"thumbnailUrl\":\"https:\/\/www.sestogrado.it\/wp-content\/uploads\/2024\/07\/01-2.jpg\",\"datePublished\":\"2024-12-19T09:54:40+00:00\",\"dateModified\":\"2026-04-28T08:39:06+00:00\",\"description\":\"La Fixe Roca Pedraforca 8.8 \u00e8 una corda a tripla omologazione, costruita con tecnologia Fusion, con cui la calza e l'anima vengono saldate insieme per prevenire lo scivolamento della calza. E' una corda a tripla omologazione, singola, doppia e gemella, tipicamente utilizzata dalle Guide Alpine o da chi si vuole muovere in ambiente alpinistico con una corda polivalente, leggera ed adattabile ad ogni situazione.La sua costruzione Fusion offre maggiore sicurezza sui percorsi tortuosi per superare rocce taglienti e creste. Con un diametro inferiore a 9 mm, la Pedraforca 8.8 si comporta meravigliosamente bene su tutti i tipi di terreno con una fluidit\u00e0 e una durata unici.Diametro: 8.8mmTrattamento Full Dry: la corda \u00e8 totalmente impermeabile, anima e calza, garantisce resistenza ad agenti esterni e pu\u00f2 essere utilizzata per cascate di ghiaccio. UIAA water repellent standard.Full Dry treatment:\u00a0Water-repellent treatment on the sheath and core. Totally waterproofs the rope. Provides resistance to oil, grease, and water. Extends the rope\u2019s lifespan. UIAA water repellent standard.Tipo di calza: Endurance, aumenta la durata di vita della corda, 48 trefoli.Fusion: previene lo scorrimento della calza. Le prestazioni e sicurezza della corda sono assicurate dall'unione tra calza e anima.Segno di met\u00e0 corda: presente.\",\"breadcrumb\":{\"@id\":\"https:\/\/www.sestogrado.it\/it\/prodotto\/fixe-roca-pedraforca-8-8-fusion-full-dry-corda-a-tripla-omologazione\/#breadcrumb\"},\"inLanguage\":\"it-IT\",\"potentialAction\":[{\"@type\":\"ReadAction\",\"target\":[[\"https:\/\/www.sestogrado.it\/it\/prodotto\/fixe-roca-pedraforca-8-8-fusion-full-dry-corda-a-tripla-omologazione\/\"]]}]},{\"@type\":\"ImageObject\",\"inLanguage\":\"it-IT\",\"@id\":\"https:\/\/www.sestogrado.it\/it\/prodotto\/fixe-roca-pedraforca-8-8-fusion-full-dry-corda-a-tripla-omologazione\/#primaryimage\",\"url\":\"https:\/\/www.sestogrado.it\/wp-content\/uploads\/2024\/07\/01-2.jpg\",\"contentUrl\":\"https:\/\/www.sestogrado.it\/wp-content\/uploads\/2024\/07\/01-2.jpg\",\"width\":1200,\"height\":1200,\"caption\":\"pedraforca gialla\"},{\"@type\":\"BreadcrumbList\",\"@id\":\"https:\/\/www.sestogrado.it\/it\/prodotto\/fixe-roca-pedraforca-8-8-fusion-full-dry-corda-a-tripla-omologazione\/#breadcrumb\",\"itemListElement\":[{\"@type\":\"ListItem\",\"position\":1,\"name\":\"Home\",\"item\":\"https:\/\/www.sestogrado.it\/it\/\"},{\"@type\":\"ListItem\",\"position\":2,\"name\":\"Shop\",\"item\":\"https:\/\/www.sestogrado.it\/it\/shop\/\"},{\"@type\":\"ListItem\",\"position\":3,\"name\":\"Fixe Roca Pedraforca 8.8 Fusion full dry corda a tripla omologazione\"}]},{\"@type\":\"WebSite\",\"@id\":\"https:\/\/www.sestogrado.it\/it\/#website\",\"url\":\"https:\/\/www.sestogrado.it\/it\/\",\"name\":\"Sestogrado\",\"description\":\"yes we climb\",\"publisher\":{\"@id\":\"https:\/\/www.sestogrado.it\/it\/#organization\"},\"potentialAction\":[{\"@type\":\"SearchAction\",\"target\":{\"@type\":\"EntryPoint\",\"urlTemplate\":\"https:\/\/www.sestogrado.it\/it\/?s={search_term_string}\"},\"query-input\":{\"@type\":\"PropertyValueSpecification\",\"valueRequired\":true,\"valueName\":\"search_term_string\"}}],\"inLanguage\":\"it-IT\"},{\"@type\":\"Organization\",\"@id\":\"https:\/\/www.sestogrado.it\/it\/#organization\",\"name\":\"Sestogrado\",\"url\":\"https:\/\/www.sestogrado.it\/it\/\",\"logo\":{\"@type\":\"ImageObject\",\"inLanguage\":\"it-IT\",\"@id\":\"https:\/\/www.sestogrado.it\/it\/#\/schema\/logo\/image\/\",\"url\":\"https:\/\/www.sestogrado.it\/wp-content\/uploads\/2015\/03\/sestogrado-favicon.png\",\"contentUrl\":\"https:\/\/www.sestogrado.it\/wp-content\/uploads\/2015\/03\/sestogrado-favicon.png\",\"width\":260,\"height\":260,\"caption\":\"Sestogrado\"},\"image\":{\"@id\":\"https:\/\/www.sestogrado.it\/it\/#\/schema\/logo\/image\/\"},\"sameAs\":[\"https:\/\/www.facebook.com\/pages\/Sestogrado\/1542635979353017?ref=bookmarks\",\"https:\/\/www.youtube.com\/channel\/UC847kAfTkaJsWpc1jtQwr3Q\"],\"hasMerchantReturnPolicy\":{\"@type\":\"MerchantReturnPolicy\",\"merchantReturnLink\":\"https:\/\/www.sestogrado.it\/it\/termini-e-condizioni\/\"}}]}<\/script>\n<meta property=\"product:brand\" content=\"Fixe\" \/>\n<meta property=\"og:availability\" content=\"instock\" \/>\n<meta property=\"product:availability\" content=\"instock\" \/>\n<meta property=\"product:condition\" content=\"new\" \/>\n<!-- \/ Yoast SEO plugin. -->","yoast_head_json":{"title":"Fixe Roca Pedraforca 8.8 Fusion full dry corda a tripla omologazione - Sestogrado","description":"La Fixe Roca Pedraforca 8.8 \u00e8 una corda a tripla omologazione, costruita con tecnologia Fusion, con cui la calza e l'anima vengono saldate insieme per prevenire lo scivolamento della calza. E' una corda a tripla omologazione, singola, doppia e gemella, tipicamente utilizzata dalle Guide Alpine o da chi si vuole muovere in ambiente alpinistico con una corda polivalente, leggera ed adattabile ad ogni situazione.La sua costruzione Fusion offre maggiore sicurezza sui percorsi tortuosi per superare rocce taglienti e creste. Con un diametro inferiore a 9 mm, la Pedraforca 8.8 si comporta meravigliosamente bene su tutti i tipi di terreno con una fluidit\u00e0 e una durata unici.Diametro: 8.8mmTrattamento Full Dry: la corda \u00e8 totalmente impermeabile, anima e calza, garantisce resistenza ad agenti esterni e pu\u00f2 essere utilizzata per cascate di ghiaccio. UIAA water repellent standard.Full Dry treatment:\u00a0Water-repellent treatment on the sheath and core. Totally waterproofs the rope. Provides resistance to oil, grease, and water. Extends the rope\u2019s lifespan. UIAA water repellent standard.Tipo di calza: Endurance, aumenta la durata di vita della corda, 48 trefoli.Fusion: previene lo scorrimento della calza. Le prestazioni e sicurezza della corda sono assicurate dall'unione tra calza e anima.Segno di met\u00e0 corda: presente.","robots":{"index":"index","follow":"follow","max-snippet":"max-snippet:-1","max-image-preview":"max-image-preview:large","max-video-preview":"max-video-preview:-1"},"canonical":"https:\/\/www.sestogrado.it\/it\/prodotto\/fixe-roca-pedraforca-8-8-fusion-full-dry-corda-a-tripla-omologazione\/","og_locale":"it_IT","og_type":"article","og_title":"Fixe Roca Pedraforca 8.8 Fusion full dry corda a tripla omologazione - Sestogrado","og_description":"La Fixe Roca Pedraforca 8.8 \u00e8 una corda a tripla omologazione, costruita con tecnologia Fusion, con cui la calza e l'anima vengono saldate insieme per prevenire lo scivolamento della calza. E' una corda a tripla omologazione, singola, doppia e gemella, tipicamente utilizzata dalle Guide Alpine o da chi si vuole muovere in ambiente alpinistico con una corda polivalente, leggera ed adattabile ad ogni situazione.La sua costruzione Fusion offre maggiore sicurezza sui percorsi tortuosi per superare rocce taglienti e creste. Con un diametro inferiore a 9 mm, la Pedraforca 8.8 si comporta meravigliosamente bene su tutti i tipi di terreno con una fluidit\u00e0 e una durata unici.Diametro: 8.8mmTrattamento Full Dry: la corda \u00e8 totalmente impermeabile, anima e calza, garantisce resistenza ad agenti esterni e pu\u00f2 essere utilizzata per cascate di ghiaccio. UIAA water repellent standard.Full Dry treatment:\u00a0Water-repellent treatment on the sheath and core. Totally waterproofs the rope. Provides resistance to oil, grease, and water. Extends the rope\u2019s lifespan. UIAA water repellent standard.Tipo di calza: Endurance, aumenta la durata di vita della corda, 48 trefoli.Fusion: previene lo scorrimento della calza. Le prestazioni e sicurezza della corda sono assicurate dall'unione tra calza e anima.Segno di met\u00e0 corda: presente.","og_url":"https:\/\/www.sestogrado.it\/it\/prodotto\/fixe-roca-pedraforca-8-8-fusion-full-dry-corda-a-tripla-omologazione\/","og_site_name":"Sestogrado","article_publisher":"https:\/\/www.facebook.com\/pages\/Sestogrado\/1542635979353017?ref=bookmarks","article_modified_time":"2026-04-28T08:39:06+00:00","og_image":[{"width":1200,"height":1200,"url":"https:\/\/www.sestogrado.it\/wp-content\/uploads\/2024\/07\/01-2.jpg","type":"image\/jpeg"}],"twitter_misc":{"Disponibilit\u00e0":"In stock"},"schema":{"@context":"https:\/\/schema.org","@graph":[{"@type":"WebPage","@id":"https:\/\/www.sestogrado.it\/it\/prodotto\/fixe-roca-pedraforca-8-8-fusion-full-dry-corda-a-tripla-omologazione\/","url":"https:\/\/www.sestogrado.it\/it\/prodotto\/fixe-roca-pedraforca-8-8-fusion-full-dry-corda-a-tripla-omologazione\/","name":"Fixe Roca Pedraforca 8.8 Fusion full dry corda a tripla omologazione - Sestogrado","isPartOf":{"@id":"https:\/\/www.sestogrado.it\/it\/#website"},"primaryImageOfPage":{"@id":"https:\/\/www.sestogrado.it\/it\/prodotto\/fixe-roca-pedraforca-8-8-fusion-full-dry-corda-a-tripla-omologazione\/#primaryimage"},"image":{"@id":"https:\/\/www.sestogrado.it\/prodotto\/fixe-roca-pedraforca-8-8-fusion-full-dry-corda-a-tripla-omologazione\/#primaryimage"},"thumbnailUrl":"https:\/\/www.sestogrado.it\/wp-content\/uploads\/2024\/07\/01-2.jpg","datePublished":"2024-12-19T09:54:40+00:00","dateModified":"2026-04-28T08:39:06+00:00","description":"La Fixe Roca Pedraforca 8.8 \u00e8 una corda a tripla omologazione, costruita con tecnologia Fusion, con cui la calza e l'anima vengono saldate insieme per prevenire lo scivolamento della calza. E' una corda a tripla omologazione, singola, doppia e gemella, tipicamente utilizzata dalle Guide Alpine o da chi si vuole muovere in ambiente alpinistico con una corda polivalente, leggera ed adattabile ad ogni situazione.La sua costruzione Fusion offre maggiore sicurezza sui percorsi tortuosi per superare rocce taglienti e creste. Con un diametro inferiore a 9 mm, la Pedraforca 8.8 si comporta meravigliosamente bene su tutti i tipi di terreno con una fluidit\u00e0 e una durata unici.Diametro: 8.8mmTrattamento Full Dry: la corda \u00e8 totalmente impermeabile, anima e calza, garantisce resistenza ad agenti esterni e pu\u00f2 essere utilizzata per cascate di ghiaccio. UIAA water repellent standard.Full Dry treatment:\u00a0Water-repellent treatment on the sheath and core. Totally waterproofs the rope. Provides resistance to oil, grease, and water. Extends the rope\u2019s lifespan. UIAA water repellent standard.Tipo di calza: Endurance, aumenta la durata di vita della corda, 48 trefoli.Fusion: previene lo scorrimento della calza. Le prestazioni e sicurezza della corda sono assicurate dall'unione tra calza e anima.Segno di met\u00e0 corda: presente.","breadcrumb":{"@id":"https:\/\/www.sestogrado.it\/it\/prodotto\/fixe-roca-pedraforca-8-8-fusion-full-dry-corda-a-tripla-omologazione\/#breadcrumb"},"inLanguage":"it-IT","potentialAction":[{"@type":"ReadAction","target":[["https:\/\/www.sestogrado.it\/it\/prodotto\/fixe-roca-pedraforca-8-8-fusion-full-dry-corda-a-tripla-omologazione\/"]]}]},{"@type":"ImageObject","inLanguage":"it-IT","@id":"https:\/\/www.sestogrado.it\/it\/prodotto\/fixe-roca-pedraforca-8-8-fusion-full-dry-corda-a-tripla-omologazione\/#primaryimage","url":"https:\/\/www.sestogrado.it\/wp-content\/uploads\/2024\/07\/01-2.jpg","contentUrl":"https:\/\/www.sestogrado.it\/wp-content\/uploads\/2024\/07\/01-2.jpg","width":1200,"height":1200,"caption":"pedraforca gialla"},{"@type":"BreadcrumbList","@id":"https:\/\/www.sestogrado.it\/it\/prodotto\/fixe-roca-pedraforca-8-8-fusion-full-dry-corda-a-tripla-omologazione\/#breadcrumb","itemListElement":[{"@type":"ListItem","position":1,"name":"Home","item":"https:\/\/www.sestogrado.it\/it\/"},{"@type":"ListItem","position":2,"name":"Shop","item":"https:\/\/www.sestogrado.it\/it\/shop\/"},{"@type":"ListItem","position":3,"name":"Fixe Roca Pedraforca 8.8 Fusion full dry corda a tripla omologazione"}]},{"@type":"WebSite","@id":"https:\/\/www.sestogrado.it\/it\/#website","url":"https:\/\/www.sestogrado.it\/it\/","name":"Sestogrado","description":"yes we climb","publisher":{"@id":"https:\/\/www.sestogrado.it\/it\/#organization"},"potentialAction":[{"@type":"SearchAction","target":{"@type":"EntryPoint","urlTemplate":"https:\/\/www.sestogrado.it\/it\/?s={search_term_string}"},"query-input":{"@type":"PropertyValueSpecification","valueRequired":true,"valueName":"search_term_string"}}],"inLanguage":"it-IT"},{"@type":"Organization","@id":"https:\/\/www.sestogrado.it\/it\/#organization","name":"Sestogrado","url":"https:\/\/www.sestogrado.it\/it\/","logo":{"@type":"ImageObject","inLanguage":"it-IT","@id":"https:\/\/www.sestogrado.it\/it\/#\/schema\/logo\/image\/","url":"https:\/\/www.sestogrado.it\/wp-content\/uploads\/2015\/03\/sestogrado-favicon.png","contentUrl":"https:\/\/www.sestogrado.it\/wp-content\/uploads\/2015\/03\/sestogrado-favicon.png","width":260,"height":260,"caption":"Sestogrado"},"image":{"@id":"https:\/\/www.sestogrado.it\/it\/#\/schema\/logo\/image\/"},"sameAs":["https:\/\/www.facebook.com\/pages\/Sestogrado\/1542635979353017?ref=bookmarks","https:\/\/www.youtube.com\/channel\/UC847kAfTkaJsWpc1jtQwr3Q"],"hasMerchantReturnPolicy":{"@type":"MerchantReturnPolicy","merchantReturnLink":"https:\/\/www.sestogrado.it\/it\/termini-e-condizioni\/"}}]},"product_brand":"Fixe","og_availability":"instock","product_availability":"instock","product_condition":"new"},"_links":{"self":[{"href":"https:\/\/www.sestogrado.it\/it\/wp-json\/wp\/v2\/product\/166855","targetHints":{"allow":["GET"]}}],"collection":[{"href":"https:\/\/www.sestogrado.it\/it\/wp-json\/wp\/v2\/product"}],"about":[{"href":"https:\/\/www.sestogrado.it\/it\/wp-json\/wp\/v2\/types\/product"}],"replies":[{"embeddable":true,"href":"https:\/\/www.sestogrado.it\/it\/wp-json\/wp\/v2\/comments?post=166855"}],"wp:featuredmedia":[{"embeddable":true,"href":"https:\/\/www.sestogrado.it\/it\/wp-json\/wp\/v2\/media\/166857"}],"wp:attachment":[{"href":"https:\/\/www.sestogrado.it\/it\/wp-json\/wp\/v2\/media?parent=166855"}],"wp:term":[{"taxonomy":"product_brand","embeddable":true,"href":"https:\/\/www.sestogrado.it\/it\/wp-json\/wp\/v2\/product_brand?post=166855"},{"taxonomy":"product_cat","embeddable":true,"href":"https:\/\/www.sestogrado.it\/it\/wp-json\/wp\/v2\/product_cat?post=166855"},{"taxonomy":"product_tag","embeddable":true,"href":"https:\/\/www.sestogrado.it\/it\/wp-json\/wp\/v2\/product_tag?post=166855"}],"curies":[{"name":"wp","href":"https:\/\/api.w.org\/{rel}","templated":true}]}}