{"id":16658,"date":"2018-06-26T14:19:47","date_gmt":"2018-06-26T12:19:47","guid":{"rendered":"https:\/\/www.sestogrado.it\/?post_type=product&#038;p=16658"},"modified":"2026-05-04T14:43:35","modified_gmt":"2026-05-04T12:43:35","slug":"beal-escaper-dispositivo-calata-emergenza","status":"publish","type":"product","link":"https:\/\/www.sestogrado.it\/it\/prodotto\/beal-escaper-dispositivo-calata-emergenza\/","title":{"rendered":"Beal Escaper dispositivo di calata di emergenza"},"content":{"rendered":"<p>Il Beal Escaper \u00e8 un dispositivo rimovibile per effettuare calate di emergenza quando \u00e8 possibile calarsi su un unica lunghezza di corda e non \u00e8 possibile effettuare la calata in corda doppia. L&#8217;Escaper consente la calata ed il recupero su corda fissa e pu\u00f2 essere utilizzato su ogni corda con diametro superiore a 7.3mm.<\/p>\n<ul>\n<li>leggero e compatto<\/li>\n<li>installazione rapida<\/li>\n<li>composto al 100% da materiale tessile, no parti meccaniche in movimento<\/li>\n<\/ul>\n<p>Il Beal Escaper \u00e8 utile in situazioni di emergenza dove non \u00e8 possibile calarsi in doppia, dove \u00e8 necessario sfruttare tutta la lunghezza della corda singola o dove una delle due mezze corde \u00e8 danneggiata.<\/p>\n<p><strong>ATTENZIONE<\/strong>: \u00e8 un dispositivo dedicato ad utilizzatori esperti, che sanno quando e come utilizzarlo, \u00e8 indispensabile avere ben chiaro il funzionamento ed avere acquisito praticit\u00e0 nell&#8217;utilizzarlo prima di adoperarlo sul campo in situazioni di emergenza.<\/p>\n<p><img decoding=\"async\" class=\"size-full wp-image-16663 alignnone\" src=\"https:\/\/www.sestogrado.it\/wp-content\/uploads\/2018\/06\/Escaper_istr.jpg\" alt=\"beal escaper\" width=\"800\" height=\"473\" srcset=\"https:\/\/www.sestogrado.it\/wp-content\/uploads\/2018\/06\/Escaper_istr.jpg 800w, https:\/\/www.sestogrado.it\/wp-content\/uploads\/2018\/06\/Escaper_istr-750x443.jpg 750w, https:\/\/www.sestogrado.it\/wp-content\/uploads\/2018\/06\/Escaper_istr-300x177.jpg 300w, https:\/\/www.sestogrado.it\/wp-content\/uploads\/2018\/06\/Escaper_istr-768x454.jpg 768w, https:\/\/www.sestogrado.it\/wp-content\/uploads\/2018\/06\/Escaper_istr-635x375.jpg 635w, https:\/\/www.sestogrado.it\/wp-content\/uploads\/2018\/06\/Escaper_istr-108x64.jpg 108w\" sizes=\"(max-width: 800px) 100vw, 800px\" \/><\/p>\n<p>Qui la modalit\u00e0 di utilizzo:<\/p>\n<p>https:\/\/www.facebook.com\/beal.official\/videos\/1754083811298297\/<\/p>\n<p>&nbsp;<\/p>","protected":false},"excerpt":{"rendered":"<p>Il Beal Escaper \u00e8 un dispositivo rimovibile per effettuare calate di emergenza quando \u00e8 possibile calarsi su un unica lunghezza [&hellip;]<\/p>\n","protected":false},"featured_media":16660,"comment_status":"open","ping_status":"closed","template":"","meta":{"_acf_changed":false},"product_brand":[84],"product_cat":[141,137],"product_tag":[],"class_list":{"0":"post-16658","1":"product","2":"type-product","3":"status-publish","4":"has-post-thumbnail","6":"product_brand-beal","7":"product_cat-accessori-accessori","8":"product_cat-fettucce-e-cordini","10":"first","11":"instock","12":"sale","13":"taxable","14":"shipping-taxable","15":"purchasable","16":"product-type-simple"},"acf":[],"yoast_head":"<!-- This site is optimized with the Yoast SEO plugin v26.4 - https:\/\/yoast.com\/wordpress\/plugins\/seo\/ -->\n<title>Beal Escaper dispositivo di calata di emergenza - Sestogrado<\/title>\n<meta name=\"description\" content=\"Il Beal Escaper \u00e8 un dispositivo rimovibile per effettuare calate di emergenza quando \u00e8 possibile calarsi su un unica lunghezza di corda e non \u00e8 possibile effettuare la calata in corda doppia. L&#039;Escaper consente la calata ed il recupero su corda fissa superiore a 7.3mm.\" \/>\n<meta name=\"robots\" content=\"index, follow, max-snippet:-1, max-image-preview:large, max-video-preview:-1\" \/>\n<link rel=\"canonical\" href=\"https:\/\/www.sestogrado.it\/it\/prodotto\/beal-escaper-dispositivo-calata-emergenza\/\" \/>\n<meta property=\"og:locale\" content=\"it_IT\" \/>\n<meta property=\"og:type\" content=\"article\" \/>\n<meta property=\"og:title\" content=\"Beal Escaper dispositivo di calata di emergenza - Sestogrado\" \/>\n<meta property=\"og:description\" content=\"Il Beal Escaper \u00e8 un dispositivo rimovibile per effettuare calate di emergenza quando \u00e8 possibile calarsi su un unica lunghezza di corda e non \u00e8 possibile effettuare la calata in corda doppia. L&#039;Escaper consente la calata ed il recupero su corda fissa superiore a 7.3mm.\" \/>\n<meta property=\"og:url\" content=\"https:\/\/www.sestogrado.it\/it\/prodotto\/beal-escaper-dispositivo-calata-emergenza\/\" \/>\n<meta property=\"og:site_name\" content=\"Sestogrado\" \/>\n<meta property=\"article:publisher\" content=\"https:\/\/www.facebook.com\/pages\/Sestogrado\/1542635979353017?ref=bookmarks\" \/>\n<meta property=\"article:modified_time\" content=\"2026-05-04T12:43:35+00:00\" \/>\n<meta property=\"og:image\" content=\"https:\/\/www.sestogrado.it\/wp-content\/uploads\/2018\/06\/beal-escaper.jpg\" \/>\n\t<meta property=\"og:image:width\" content=\"1740\" \/>\n\t<meta property=\"og:image:height\" content=\"1740\" \/>\n\t<meta property=\"og:image:type\" content=\"image\/jpeg\" \/>\n<meta name=\"twitter:label1\" content=\"Prezzo\" \/>\n\t<meta name=\"twitter:data1\" content=\"&euro;&nbsp;40,90\" \/>\n\t<meta name=\"twitter:label2\" content=\"Disponibilit\u00e0\" \/>\n\t<meta name=\"twitter:data2\" content=\"In stock\" \/>\n<script type=\"application\/ld+json\" class=\"yoast-schema-graph\">{\"@context\":\"https:\/\/schema.org\",\"@graph\":[{\"@type\":\"WebPage\",\"@id\":\"https:\/\/www.sestogrado.it\/it\/prodotto\/beal-escaper-dispositivo-calata-emergenza\/\",\"url\":\"https:\/\/www.sestogrado.it\/it\/prodotto\/beal-escaper-dispositivo-calata-emergenza\/\",\"name\":\"Beal Escaper dispositivo di calata di emergenza - Sestogrado\",\"isPartOf\":{\"@id\":\"https:\/\/www.sestogrado.it\/it\/#website\"},\"primaryImageOfPage\":{\"@id\":\"https:\/\/www.sestogrado.it\/it\/prodotto\/beal-escaper-dispositivo-calata-emergenza\/#primaryimage\"},\"image\":{\"@id\":\"https:\/\/www.sestogrado.it\/prodotto\/beal-escaper-dispositivo-calata-emergenza\/#primaryimage\"},\"thumbnailUrl\":\"https:\/\/www.sestogrado.it\/wp-content\/uploads\/2018\/06\/beal-escaper.jpg\",\"datePublished\":\"2018-06-26T12:19:47+00:00\",\"dateModified\":\"2026-05-04T12:43:35+00:00\",\"description\":\"Il Beal Escaper \u00e8 un dispositivo rimovibile per effettuare calate di emergenza quando \u00e8 possibile calarsi su un unica lunghezza di corda e non \u00e8 possibile effettuare la calata in corda doppia. L'Escaper consente la calata ed il recupero su corda fissa superiore a 7.3mm.\",\"breadcrumb\":{\"@id\":\"https:\/\/www.sestogrado.it\/it\/prodotto\/beal-escaper-dispositivo-calata-emergenza\/#breadcrumb\"},\"inLanguage\":\"it-IT\",\"potentialAction\":[{\"@type\":\"ReadAction\",\"target\":[[\"https:\/\/www.sestogrado.it\/it\/prodotto\/beal-escaper-dispositivo-calata-emergenza\/\"]]}]},{\"@type\":\"ImageObject\",\"inLanguage\":\"it-IT\",\"@id\":\"https:\/\/www.sestogrado.it\/it\/prodotto\/beal-escaper-dispositivo-calata-emergenza\/#primaryimage\",\"url\":\"https:\/\/www.sestogrado.it\/wp-content\/uploads\/2018\/06\/beal-escaper.jpg\",\"contentUrl\":\"https:\/\/www.sestogrado.it\/wp-content\/uploads\/2018\/06\/beal-escaper.jpg\",\"width\":1740,\"height\":1740,\"caption\":\"beal escaper\"},{\"@type\":\"BreadcrumbList\",\"@id\":\"https:\/\/www.sestogrado.it\/it\/prodotto\/beal-escaper-dispositivo-calata-emergenza\/#breadcrumb\",\"itemListElement\":[{\"@type\":\"ListItem\",\"position\":1,\"name\":\"Home\",\"item\":\"https:\/\/www.sestogrado.it\/it\/\"},{\"@type\":\"ListItem\",\"position\":2,\"name\":\"Shop\",\"item\":\"https:\/\/www.sestogrado.it\/it\/shop\/\"},{\"@type\":\"ListItem\",\"position\":3,\"name\":\"Beal Escaper dispositivo di calata di emergenza\"}]},{\"@type\":\"WebSite\",\"@id\":\"https:\/\/www.sestogrado.it\/it\/#website\",\"url\":\"https:\/\/www.sestogrado.it\/it\/\",\"name\":\"Sestogrado\",\"description\":\"yes we climb\",\"publisher\":{\"@id\":\"https:\/\/www.sestogrado.it\/it\/#organization\"},\"potentialAction\":[{\"@type\":\"SearchAction\",\"target\":{\"@type\":\"EntryPoint\",\"urlTemplate\":\"https:\/\/www.sestogrado.it\/it\/?s={search_term_string}\"},\"query-input\":{\"@type\":\"PropertyValueSpecification\",\"valueRequired\":true,\"valueName\":\"search_term_string\"}}],\"inLanguage\":\"it-IT\"},{\"@type\":\"Organization\",\"@id\":\"https:\/\/www.sestogrado.it\/it\/#organization\",\"name\":\"Sestogrado\",\"url\":\"https:\/\/www.sestogrado.it\/it\/\",\"logo\":{\"@type\":\"ImageObject\",\"inLanguage\":\"it-IT\",\"@id\":\"https:\/\/www.sestogrado.it\/it\/#\/schema\/logo\/image\/\",\"url\":\"https:\/\/www.sestogrado.it\/wp-content\/uploads\/2015\/03\/sestogrado-favicon.png\",\"contentUrl\":\"https:\/\/www.sestogrado.it\/wp-content\/uploads\/2015\/03\/sestogrado-favicon.png\",\"width\":260,\"height\":260,\"caption\":\"Sestogrado\"},\"image\":{\"@id\":\"https:\/\/www.sestogrado.it\/it\/#\/schema\/logo\/image\/\"},\"sameAs\":[\"https:\/\/www.facebook.com\/pages\/Sestogrado\/1542635979353017?ref=bookmarks\",\"https:\/\/www.youtube.com\/channel\/UC847kAfTkaJsWpc1jtQwr3Q\"],\"hasMerchantReturnPolicy\":{\"@type\":\"MerchantReturnPolicy\",\"merchantReturnLink\":\"https:\/\/www.sestogrado.it\/it\/termini-e-condizioni\/\"}}]}<\/script>\n<meta property=\"product:brand\" content=\"Beal\" \/>\n<meta property=\"product:price:amount\" content=\"40.90\" \/>\n<meta property=\"product:price:currency\" content=\"EUR\" \/>\n<meta property=\"og:availability\" content=\"instock\" \/>\n<meta property=\"product:availability\" content=\"instock\" \/>\n<meta property=\"product:condition\" content=\"new\" \/>\n<!-- \/ Yoast SEO plugin. -->","yoast_head_json":{"title":"Beal Escaper dispositivo di calata di emergenza - Sestogrado","description":"Il Beal Escaper \u00e8 un dispositivo rimovibile per effettuare calate di emergenza quando \u00e8 possibile calarsi su un unica lunghezza di corda e non \u00e8 possibile effettuare la calata in corda doppia. L'Escaper consente la calata ed il recupero su corda fissa superiore a 7.3mm.","robots":{"index":"index","follow":"follow","max-snippet":"max-snippet:-1","max-image-preview":"max-image-preview:large","max-video-preview":"max-video-preview:-1"},"canonical":"https:\/\/www.sestogrado.it\/it\/prodotto\/beal-escaper-dispositivo-calata-emergenza\/","og_locale":"it_IT","og_type":"article","og_title":"Beal Escaper dispositivo di calata di emergenza - Sestogrado","og_description":"Il Beal Escaper \u00e8 un dispositivo rimovibile per effettuare calate di emergenza quando \u00e8 possibile calarsi su un unica lunghezza di corda e non \u00e8 possibile effettuare la calata in corda doppia. L'Escaper consente la calata ed il recupero su corda fissa superiore a 7.3mm.","og_url":"https:\/\/www.sestogrado.it\/it\/prodotto\/beal-escaper-dispositivo-calata-emergenza\/","og_site_name":"Sestogrado","article_publisher":"https:\/\/www.facebook.com\/pages\/Sestogrado\/1542635979353017?ref=bookmarks","article_modified_time":"2026-05-04T12:43:35+00:00","og_image":[{"width":1740,"height":1740,"url":"https:\/\/www.sestogrado.it\/wp-content\/uploads\/2018\/06\/beal-escaper.jpg","type":"image\/jpeg"}],"twitter_misc":{"Prezzo":"&euro;&nbsp;40,90","Disponibilit\u00e0":"In stock"},"schema":{"@context":"https:\/\/schema.org","@graph":[{"@type":"WebPage","@id":"https:\/\/www.sestogrado.it\/it\/prodotto\/beal-escaper-dispositivo-calata-emergenza\/","url":"https:\/\/www.sestogrado.it\/it\/prodotto\/beal-escaper-dispositivo-calata-emergenza\/","name":"Beal Escaper dispositivo di calata di emergenza - Sestogrado","isPartOf":{"@id":"https:\/\/www.sestogrado.it\/it\/#website"},"primaryImageOfPage":{"@id":"https:\/\/www.sestogrado.it\/it\/prodotto\/beal-escaper-dispositivo-calata-emergenza\/#primaryimage"},"image":{"@id":"https:\/\/www.sestogrado.it\/prodotto\/beal-escaper-dispositivo-calata-emergenza\/#primaryimage"},"thumbnailUrl":"https:\/\/www.sestogrado.it\/wp-content\/uploads\/2018\/06\/beal-escaper.jpg","datePublished":"2018-06-26T12:19:47+00:00","dateModified":"2026-05-04T12:43:35+00:00","description":"Il Beal Escaper \u00e8 un dispositivo rimovibile per effettuare calate di emergenza quando \u00e8 possibile calarsi su un unica lunghezza di corda e non \u00e8 possibile effettuare la calata in corda doppia. L'Escaper consente la calata ed il recupero su corda fissa superiore a 7.3mm.","breadcrumb":{"@id":"https:\/\/www.sestogrado.it\/it\/prodotto\/beal-escaper-dispositivo-calata-emergenza\/#breadcrumb"},"inLanguage":"it-IT","potentialAction":[{"@type":"ReadAction","target":[["https:\/\/www.sestogrado.it\/it\/prodotto\/beal-escaper-dispositivo-calata-emergenza\/"]]}]},{"@type":"ImageObject","inLanguage":"it-IT","@id":"https:\/\/www.sestogrado.it\/it\/prodotto\/beal-escaper-dispositivo-calata-emergenza\/#primaryimage","url":"https:\/\/www.sestogrado.it\/wp-content\/uploads\/2018\/06\/beal-escaper.jpg","contentUrl":"https:\/\/www.sestogrado.it\/wp-content\/uploads\/2018\/06\/beal-escaper.jpg","width":1740,"height":1740,"caption":"beal escaper"},{"@type":"BreadcrumbList","@id":"https:\/\/www.sestogrado.it\/it\/prodotto\/beal-escaper-dispositivo-calata-emergenza\/#breadcrumb","itemListElement":[{"@type":"ListItem","position":1,"name":"Home","item":"https:\/\/www.sestogrado.it\/it\/"},{"@type":"ListItem","position":2,"name":"Shop","item":"https:\/\/www.sestogrado.it\/it\/shop\/"},{"@type":"ListItem","position":3,"name":"Beal Escaper dispositivo di calata di emergenza"}]},{"@type":"WebSite","@id":"https:\/\/www.sestogrado.it\/it\/#website","url":"https:\/\/www.sestogrado.it\/it\/","name":"Sestogrado","description":"yes we climb","publisher":{"@id":"https:\/\/www.sestogrado.it\/it\/#organization"},"potentialAction":[{"@type":"SearchAction","target":{"@type":"EntryPoint","urlTemplate":"https:\/\/www.sestogrado.it\/it\/?s={search_term_string}"},"query-input":{"@type":"PropertyValueSpecification","valueRequired":true,"valueName":"search_term_string"}}],"inLanguage":"it-IT"},{"@type":"Organization","@id":"https:\/\/www.sestogrado.it\/it\/#organization","name":"Sestogrado","url":"https:\/\/www.sestogrado.it\/it\/","logo":{"@type":"ImageObject","inLanguage":"it-IT","@id":"https:\/\/www.sestogrado.it\/it\/#\/schema\/logo\/image\/","url":"https:\/\/www.sestogrado.it\/wp-content\/uploads\/2015\/03\/sestogrado-favicon.png","contentUrl":"https:\/\/www.sestogrado.it\/wp-content\/uploads\/2015\/03\/sestogrado-favicon.png","width":260,"height":260,"caption":"Sestogrado"},"image":{"@id":"https:\/\/www.sestogrado.it\/it\/#\/schema\/logo\/image\/"},"sameAs":["https:\/\/www.facebook.com\/pages\/Sestogrado\/1542635979353017?ref=bookmarks","https:\/\/www.youtube.com\/channel\/UC847kAfTkaJsWpc1jtQwr3Q"],"hasMerchantReturnPolicy":{"@type":"MerchantReturnPolicy","merchantReturnLink":"https:\/\/www.sestogrado.it\/it\/termini-e-condizioni\/"}}]},"product_brand":"Beal","product_price_amount":"40.90","product_price_currency":"EUR","og_availability":"instock","product_availability":"instock","product_condition":"new"},"_links":{"self":[{"href":"https:\/\/www.sestogrado.it\/it\/wp-json\/wp\/v2\/product\/16658","targetHints":{"allow":["GET"]}}],"collection":[{"href":"https:\/\/www.sestogrado.it\/it\/wp-json\/wp\/v2\/product"}],"about":[{"href":"https:\/\/www.sestogrado.it\/it\/wp-json\/wp\/v2\/types\/product"}],"replies":[{"embeddable":true,"href":"https:\/\/www.sestogrado.it\/it\/wp-json\/wp\/v2\/comments?post=16658"}],"wp:featuredmedia":[{"embeddable":true,"href":"https:\/\/www.sestogrado.it\/it\/wp-json\/wp\/v2\/media\/16660"}],"wp:attachment":[{"href":"https:\/\/www.sestogrado.it\/it\/wp-json\/wp\/v2\/media?parent=16658"}],"wp:term":[{"taxonomy":"product_brand","embeddable":true,"href":"https:\/\/www.sestogrado.it\/it\/wp-json\/wp\/v2\/product_brand?post=16658"},{"taxonomy":"product_cat","embeddable":true,"href":"https:\/\/www.sestogrado.it\/it\/wp-json\/wp\/v2\/product_cat?post=16658"},{"taxonomy":"product_tag","embeddable":true,"href":"https:\/\/www.sestogrado.it\/it\/wp-json\/wp\/v2\/product_tag?post=16658"}],"curies":[{"name":"wp","href":"https:\/\/api.w.org\/{rel}","templated":true}]}}