{"id":166248,"date":"2024-07-09T11:45:21","date_gmt":"2024-07-09T09:45:21","guid":{"rendered":"https:\/\/www.sestogrado.it\/?post_type=product&#038;p=166248"},"modified":"2026-04-24T12:21:13","modified_gmt":"2026-04-24T10:21:13","slug":"fixe-roca-rocco-10-0-corda-arrampicata","status":"publish","type":"product","link":"https:\/\/www.sestogrado.it\/it\/prodotto\/fixe-roca-rocco-10-0-corda-arrampicata\/","title":{"rendered":"Fixe Rocco 10.0 corda arrampicata"},"content":{"rendered":"<p>La Fixe Rocco 10.0 \u00e8 una corda singola dinamica da arrampicata, ottima per lavorare le vie, robusta e durevole, si presta a numerose calate ed alla arrampicata indoor. Con il suo diametro di 10 mm, garantisce elevata resistenza e durata, rendendola perfetto per lunghe giornate. Sia per l&#8217;arrampicata da primo che in top rope, la Fixe Rocco 10.0 \u00e8 facile da maneggiare sia per gli assicuratori che per gli scalatori. Offre prestazioni complete per tutta la sua durata, grazie alla calza Endurance ed alla costruzione Fusion.<\/p>\n<ul>\n<li>Diametro: 10 mm<\/li>\n<li>Standardizzazione: semplice<\/li>\n<li>Trattamento Nature: Non ha trattamento idrorepellente. Flessibile e facile da maneggiare. 100% senza PFC<\/li>\n<li>Endurance: favorisce lo scorrimento e prolunga la durata della corda. Intrecciato con 48 fili<\/li>\n<li>Fusione: previene lo slittamento della guaina. La salda unione tra calza e anima prolunga le prestazioni della corda<\/li>\n<li>Segno centrale: indica il punto a met\u00e0 della corda con un segno nero<\/li>\n<li>8 Mark: Sistema di marcatura che utilizza un segno rosso per indicare che mancano 8 metri per raggiungere la fine della corda<\/li>\n<li>Riflettore: indicatore riflettente su entrambe le estremit\u00e0 della corda<\/li>\n<li>Taglio ad ultrasuoni: irrigidisce le estremit\u00e0 della corda e le protegge dall&#8217;usura<\/li>\n<li>Prodotto a: Sant Quirze de Besora (Barcellona \u2013 Pirenei)<\/li>\n<li>N cadute: 7<\/li>\n<li>Peso: 67 g\/mq<\/li>\n<li>Forza d&#8217;impatto: 7,8 KN<\/li>\n<li>Slittamento: 0 mm<\/li>\n<li>Allungamento dinamico: 26%<\/li>\n<li>Allungamento statico: 9,1%<\/li>\n<li>Calza: 34%<\/li>\n<li>Certificazioni: CE0082 EN892 UIAA101<\/li>\n<li>INCHIOSTRO A Base Vegetale<\/li>\n<li>Materiale riciclato: 27%<\/li>\n<li>Materiale riciclabile: 100%Sintetico (riciclato): 4% (40% riciclato)<\/li>\n<\/ul>\n<p>&nbsp;<\/p>\n<p>Fixe \u00e8 stata fondata nel 1983 in un luogo circondato da montagne e zone di arrampicata di prim&#8217;ordine come Montserrat, Terradets e Siurana. \u00c8 diventato rapidamente un marchio leader nella comunit\u00e0 dell&#8217;arrampicata e i suoi prodotti sono attualmente conosciuti in tutto il mondo.<\/p>\n<p>Roca \u00e8 uno dei pi\u00f9 antichi produttori di corde al mondo. Fondata nel 1891, dal 2012 \u00e8 entrata a far parte del gruppo Fixe, per realizza tutte le corde del proprio catalogo.<\/p>\n<p>Le corde Fixe Roca sono supportate da pi\u00f9 di 125 anni di esperienza nel settore. Tutta la produzione avviene a Sant Quirze de Besora (Catalogna), dove Fixe ha anche la sua sede principale e magazzini.<\/p>\n<p>Ogni amante della montagna trover\u00e0 la corda che cerca nel catalogo Fixe. Corde per arrampicata sportiva, arrampicata trad, alpinismo, palestre di arrampicata e canyoning, sia dinamiche che statiche. Una corda per ogni situazione e ogni attivit\u00e0 su terreno verticale.<\/p>","protected":false},"excerpt":{"rendered":"<p>La Fixe Rocco 10.0 \u00e8 una corda singola dinamica da arrampicata, ottima per lavorare le vie, robusta e durevole, si [&hellip;]<\/p>\n","protected":false},"featured_media":166257,"comment_status":"open","ping_status":"closed","template":"","meta":{"_acf_changed":false},"product_brand":[778],"product_cat":[136],"product_tag":[],"class_list":{"0":"post-166248","1":"product","2":"type-product","3":"status-publish","4":"has-post-thumbnail","6":"product_brand-fixe","7":"product_cat-corde-corde","9":"first","10":"instock","11":"sale","12":"taxable","13":"shipping-taxable","14":"purchasable","15":"product-type-variable"},"acf":[],"yoast_head":"<!-- This site is optimized with the Yoast SEO plugin v26.4 - https:\/\/yoast.com\/wordpress\/plugins\/seo\/ -->\n<title>Fixe Rocco 10.0 corda arrampicata - Sestogrado<\/title>\n<meta name=\"description\" content=\"La Fixe Roca Rocco 10.0 \u00e8 una corda singola dinamica da arrampicata, ottima per lavorare le vie, robusta e durevole, si presta a numerose calate ed alla arrampicata indoor. Con il suo diametro di 10 mm, garantisce elevata resistenza e durata, rendendola perfetto per lunghe giornate. Sia per l&#039;arrampicata da primo che in top rope, la Fixe Rocco 10.0 \u00e8 facile da maneggiare sia per gli assicuratori che per gli scalatori. Offre prestazioni complete per tutta la sua durata, grazie alla calza Endurance ed alla costruzione Fusion.Diametro: 10 mmStandardizzazione: sempliceTrattamento Nature: Non ha trattamento idrorepellente. Flessibile e facile da maneggiare. 100% senza PFCEndurance: favorisce lo scorrimento e prolunga la durata della corda. Intrecciato con 48 filiFusione: previene lo slittamento della guaina. La salda unione tra calza e anima prolunga le prestazioni della corda\" \/>\n<meta name=\"robots\" content=\"index, follow, max-snippet:-1, max-image-preview:large, max-video-preview:-1\" \/>\n<link rel=\"canonical\" href=\"https:\/\/www.sestogrado.it\/it\/prodotto\/fixe-roca-rocco-10-0-corda-arrampicata\/\" \/>\n<meta property=\"og:locale\" content=\"it_IT\" \/>\n<meta property=\"og:type\" content=\"article\" \/>\n<meta property=\"og:title\" content=\"Fixe Rocco 10.0 corda arrampicata - Sestogrado\" \/>\n<meta property=\"og:description\" content=\"La Fixe Roca Rocco 10.0 \u00e8 una corda singola dinamica da arrampicata, ottima per lavorare le vie, robusta e durevole, si presta a numerose calate ed alla arrampicata indoor. Con il suo diametro di 10 mm, garantisce elevata resistenza e durata, rendendola perfetto per lunghe giornate. Sia per l&#039;arrampicata da primo che in top rope, la Fixe Rocco 10.0 \u00e8 facile da maneggiare sia per gli assicuratori che per gli scalatori. Offre prestazioni complete per tutta la sua durata, grazie alla calza Endurance ed alla costruzione Fusion.Diametro: 10 mmStandardizzazione: sempliceTrattamento Nature: Non ha trattamento idrorepellente. Flessibile e facile da maneggiare. 100% senza PFCEndurance: favorisce lo scorrimento e prolunga la durata della corda. Intrecciato con 48 filiFusione: previene lo slittamento della guaina. La salda unione tra calza e anima prolunga le prestazioni della corda\" \/>\n<meta property=\"og:url\" content=\"https:\/\/www.sestogrado.it\/it\/prodotto\/fixe-roca-rocco-10-0-corda-arrampicata\/\" \/>\n<meta property=\"og:site_name\" content=\"Sestogrado\" \/>\n<meta property=\"article:publisher\" content=\"https:\/\/www.facebook.com\/pages\/Sestogrado\/1542635979353017?ref=bookmarks\" \/>\n<meta property=\"article:modified_time\" content=\"2026-04-24T10:21:13+00:00\" \/>\n<meta property=\"og:image\" content=\"https:\/\/www.sestogrado.it\/wp-content\/uploads\/2024\/07\/fixe-rocco.jpg\" \/>\n\t<meta property=\"og:image:width\" content=\"1200\" \/>\n\t<meta property=\"og:image:height\" content=\"1200\" \/>\n\t<meta property=\"og:image:type\" content=\"image\/jpeg\" \/>\n<meta name=\"twitter:label1\" content=\"Disponibilit\u00e0\" \/>\n\t<meta name=\"twitter:data1\" content=\"In stock\" \/>\n<script type=\"application\/ld+json\" class=\"yoast-schema-graph\">{\"@context\":\"https:\/\/schema.org\",\"@graph\":[{\"@type\":\"WebPage\",\"@id\":\"https:\/\/www.sestogrado.it\/it\/prodotto\/fixe-roca-rocco-10-0-corda-arrampicata\/\",\"url\":\"https:\/\/www.sestogrado.it\/it\/prodotto\/fixe-roca-rocco-10-0-corda-arrampicata\/\",\"name\":\"Fixe Rocco 10.0 corda arrampicata - Sestogrado\",\"isPartOf\":{\"@id\":\"https:\/\/www.sestogrado.it\/it\/#website\"},\"primaryImageOfPage\":{\"@id\":\"https:\/\/www.sestogrado.it\/it\/prodotto\/fixe-roca-rocco-10-0-corda-arrampicata\/#primaryimage\"},\"image\":{\"@id\":\"https:\/\/www.sestogrado.it\/prodotto\/fixe-roca-rocco-10-0-corda-arrampicata\/#primaryimage\"},\"thumbnailUrl\":\"https:\/\/www.sestogrado.it\/wp-content\/uploads\/2024\/07\/fixe-rocco.jpg\",\"datePublished\":\"2024-07-09T09:45:21+00:00\",\"dateModified\":\"2026-04-24T10:21:13+00:00\",\"description\":\"La Fixe Roca Rocco 10.0 \u00e8 una corda singola dinamica da arrampicata, ottima per lavorare le vie, robusta e durevole, si presta a numerose calate ed alla arrampicata indoor. Con il suo diametro di 10 mm, garantisce elevata resistenza e durata, rendendola perfetto per lunghe giornate. Sia per l'arrampicata da primo che in top rope, la Fixe Rocco 10.0 \u00e8 facile da maneggiare sia per gli assicuratori che per gli scalatori. Offre prestazioni complete per tutta la sua durata, grazie alla calza Endurance ed alla costruzione Fusion.Diametro: 10 mmStandardizzazione: sempliceTrattamento Nature: Non ha trattamento idrorepellente. Flessibile e facile da maneggiare. 100% senza PFCEndurance: favorisce lo scorrimento e prolunga la durata della corda. Intrecciato con 48 filiFusione: previene lo slittamento della guaina. La salda unione tra calza e anima prolunga le prestazioni della corda\",\"breadcrumb\":{\"@id\":\"https:\/\/www.sestogrado.it\/it\/prodotto\/fixe-roca-rocco-10-0-corda-arrampicata\/#breadcrumb\"},\"inLanguage\":\"it-IT\",\"potentialAction\":[{\"@type\":\"ReadAction\",\"target\":[[\"https:\/\/www.sestogrado.it\/it\/prodotto\/fixe-roca-rocco-10-0-corda-arrampicata\/\"]]}]},{\"@type\":\"ImageObject\",\"inLanguage\":\"it-IT\",\"@id\":\"https:\/\/www.sestogrado.it\/it\/prodotto\/fixe-roca-rocco-10-0-corda-arrampicata\/#primaryimage\",\"url\":\"https:\/\/www.sestogrado.it\/wp-content\/uploads\/2024\/07\/fixe-rocco.jpg\",\"contentUrl\":\"https:\/\/www.sestogrado.it\/wp-content\/uploads\/2024\/07\/fixe-rocco.jpg\",\"width\":1200,\"height\":1200,\"caption\":\"fixe-rocco\"},{\"@type\":\"BreadcrumbList\",\"@id\":\"https:\/\/www.sestogrado.it\/it\/prodotto\/fixe-roca-rocco-10-0-corda-arrampicata\/#breadcrumb\",\"itemListElement\":[{\"@type\":\"ListItem\",\"position\":1,\"name\":\"Home\",\"item\":\"https:\/\/www.sestogrado.it\/it\/\"},{\"@type\":\"ListItem\",\"position\":2,\"name\":\"Shop\",\"item\":\"https:\/\/www.sestogrado.it\/it\/shop\/\"},{\"@type\":\"ListItem\",\"position\":3,\"name\":\"Fixe Rocco 10.0 corda arrampicata\"}]},{\"@type\":\"WebSite\",\"@id\":\"https:\/\/www.sestogrado.it\/it\/#website\",\"url\":\"https:\/\/www.sestogrado.it\/it\/\",\"name\":\"Sestogrado\",\"description\":\"yes we climb\",\"publisher\":{\"@id\":\"https:\/\/www.sestogrado.it\/it\/#organization\"},\"potentialAction\":[{\"@type\":\"SearchAction\",\"target\":{\"@type\":\"EntryPoint\",\"urlTemplate\":\"https:\/\/www.sestogrado.it\/it\/?s={search_term_string}\"},\"query-input\":{\"@type\":\"PropertyValueSpecification\",\"valueRequired\":true,\"valueName\":\"search_term_string\"}}],\"inLanguage\":\"it-IT\"},{\"@type\":\"Organization\",\"@id\":\"https:\/\/www.sestogrado.it\/it\/#organization\",\"name\":\"Sestogrado\",\"url\":\"https:\/\/www.sestogrado.it\/it\/\",\"logo\":{\"@type\":\"ImageObject\",\"inLanguage\":\"it-IT\",\"@id\":\"https:\/\/www.sestogrado.it\/it\/#\/schema\/logo\/image\/\",\"url\":\"https:\/\/www.sestogrado.it\/wp-content\/uploads\/2015\/03\/sestogrado-favicon.png\",\"contentUrl\":\"https:\/\/www.sestogrado.it\/wp-content\/uploads\/2015\/03\/sestogrado-favicon.png\",\"width\":260,\"height\":260,\"caption\":\"Sestogrado\"},\"image\":{\"@id\":\"https:\/\/www.sestogrado.it\/it\/#\/schema\/logo\/image\/\"},\"sameAs\":[\"https:\/\/www.facebook.com\/pages\/Sestogrado\/1542635979353017?ref=bookmarks\",\"https:\/\/www.youtube.com\/channel\/UC847kAfTkaJsWpc1jtQwr3Q\"],\"hasMerchantReturnPolicy\":{\"@type\":\"MerchantReturnPolicy\",\"merchantReturnLink\":\"https:\/\/www.sestogrado.it\/it\/termini-e-condizioni\/\"}}]}<\/script>\n<meta property=\"product:brand\" content=\"Fixe\" \/>\n<meta property=\"og:availability\" content=\"instock\" \/>\n<meta property=\"product:availability\" content=\"instock\" \/>\n<meta property=\"product:condition\" content=\"new\" \/>\n<!-- \/ Yoast SEO plugin. -->","yoast_head_json":{"title":"Fixe Rocco 10.0 corda arrampicata - Sestogrado","description":"La Fixe Roca Rocco 10.0 \u00e8 una corda singola dinamica da arrampicata, ottima per lavorare le vie, robusta e durevole, si presta a numerose calate ed alla arrampicata indoor. Con il suo diametro di 10 mm, garantisce elevata resistenza e durata, rendendola perfetto per lunghe giornate. Sia per l'arrampicata da primo che in top rope, la Fixe Rocco 10.0 \u00e8 facile da maneggiare sia per gli assicuratori che per gli scalatori. Offre prestazioni complete per tutta la sua durata, grazie alla calza Endurance ed alla costruzione Fusion.Diametro: 10 mmStandardizzazione: sempliceTrattamento Nature: Non ha trattamento idrorepellente. Flessibile e facile da maneggiare. 100% senza PFCEndurance: favorisce lo scorrimento e prolunga la durata della corda. Intrecciato con 48 filiFusione: previene lo slittamento della guaina. La salda unione tra calza e anima prolunga le prestazioni della corda","robots":{"index":"index","follow":"follow","max-snippet":"max-snippet:-1","max-image-preview":"max-image-preview:large","max-video-preview":"max-video-preview:-1"},"canonical":"https:\/\/www.sestogrado.it\/it\/prodotto\/fixe-roca-rocco-10-0-corda-arrampicata\/","og_locale":"it_IT","og_type":"article","og_title":"Fixe Rocco 10.0 corda arrampicata - Sestogrado","og_description":"La Fixe Roca Rocco 10.0 \u00e8 una corda singola dinamica da arrampicata, ottima per lavorare le vie, robusta e durevole, si presta a numerose calate ed alla arrampicata indoor. Con il suo diametro di 10 mm, garantisce elevata resistenza e durata, rendendola perfetto per lunghe giornate. Sia per l'arrampicata da primo che in top rope, la Fixe Rocco 10.0 \u00e8 facile da maneggiare sia per gli assicuratori che per gli scalatori. Offre prestazioni complete per tutta la sua durata, grazie alla calza Endurance ed alla costruzione Fusion.Diametro: 10 mmStandardizzazione: sempliceTrattamento Nature: Non ha trattamento idrorepellente. Flessibile e facile da maneggiare. 100% senza PFCEndurance: favorisce lo scorrimento e prolunga la durata della corda. Intrecciato con 48 filiFusione: previene lo slittamento della guaina. La salda unione tra calza e anima prolunga le prestazioni della corda","og_url":"https:\/\/www.sestogrado.it\/it\/prodotto\/fixe-roca-rocco-10-0-corda-arrampicata\/","og_site_name":"Sestogrado","article_publisher":"https:\/\/www.facebook.com\/pages\/Sestogrado\/1542635979353017?ref=bookmarks","article_modified_time":"2026-04-24T10:21:13+00:00","og_image":[{"width":1200,"height":1200,"url":"https:\/\/www.sestogrado.it\/wp-content\/uploads\/2024\/07\/fixe-rocco.jpg","type":"image\/jpeg"}],"twitter_misc":{"Disponibilit\u00e0":"In stock"},"schema":{"@context":"https:\/\/schema.org","@graph":[{"@type":"WebPage","@id":"https:\/\/www.sestogrado.it\/it\/prodotto\/fixe-roca-rocco-10-0-corda-arrampicata\/","url":"https:\/\/www.sestogrado.it\/it\/prodotto\/fixe-roca-rocco-10-0-corda-arrampicata\/","name":"Fixe Rocco 10.0 corda arrampicata - Sestogrado","isPartOf":{"@id":"https:\/\/www.sestogrado.it\/it\/#website"},"primaryImageOfPage":{"@id":"https:\/\/www.sestogrado.it\/it\/prodotto\/fixe-roca-rocco-10-0-corda-arrampicata\/#primaryimage"},"image":{"@id":"https:\/\/www.sestogrado.it\/prodotto\/fixe-roca-rocco-10-0-corda-arrampicata\/#primaryimage"},"thumbnailUrl":"https:\/\/www.sestogrado.it\/wp-content\/uploads\/2024\/07\/fixe-rocco.jpg","datePublished":"2024-07-09T09:45:21+00:00","dateModified":"2026-04-24T10:21:13+00:00","description":"La Fixe Roca Rocco 10.0 \u00e8 una corda singola dinamica da arrampicata, ottima per lavorare le vie, robusta e durevole, si presta a numerose calate ed alla arrampicata indoor. Con il suo diametro di 10 mm, garantisce elevata resistenza e durata, rendendola perfetto per lunghe giornate. Sia per l'arrampicata da primo che in top rope, la Fixe Rocco 10.0 \u00e8 facile da maneggiare sia per gli assicuratori che per gli scalatori. Offre prestazioni complete per tutta la sua durata, grazie alla calza Endurance ed alla costruzione Fusion.Diametro: 10 mmStandardizzazione: sempliceTrattamento Nature: Non ha trattamento idrorepellente. Flessibile e facile da maneggiare. 100% senza PFCEndurance: favorisce lo scorrimento e prolunga la durata della corda. Intrecciato con 48 filiFusione: previene lo slittamento della guaina. La salda unione tra calza e anima prolunga le prestazioni della corda","breadcrumb":{"@id":"https:\/\/www.sestogrado.it\/it\/prodotto\/fixe-roca-rocco-10-0-corda-arrampicata\/#breadcrumb"},"inLanguage":"it-IT","potentialAction":[{"@type":"ReadAction","target":[["https:\/\/www.sestogrado.it\/it\/prodotto\/fixe-roca-rocco-10-0-corda-arrampicata\/"]]}]},{"@type":"ImageObject","inLanguage":"it-IT","@id":"https:\/\/www.sestogrado.it\/it\/prodotto\/fixe-roca-rocco-10-0-corda-arrampicata\/#primaryimage","url":"https:\/\/www.sestogrado.it\/wp-content\/uploads\/2024\/07\/fixe-rocco.jpg","contentUrl":"https:\/\/www.sestogrado.it\/wp-content\/uploads\/2024\/07\/fixe-rocco.jpg","width":1200,"height":1200,"caption":"fixe-rocco"},{"@type":"BreadcrumbList","@id":"https:\/\/www.sestogrado.it\/it\/prodotto\/fixe-roca-rocco-10-0-corda-arrampicata\/#breadcrumb","itemListElement":[{"@type":"ListItem","position":1,"name":"Home","item":"https:\/\/www.sestogrado.it\/it\/"},{"@type":"ListItem","position":2,"name":"Shop","item":"https:\/\/www.sestogrado.it\/it\/shop\/"},{"@type":"ListItem","position":3,"name":"Fixe Rocco 10.0 corda arrampicata"}]},{"@type":"WebSite","@id":"https:\/\/www.sestogrado.it\/it\/#website","url":"https:\/\/www.sestogrado.it\/it\/","name":"Sestogrado","description":"yes we climb","publisher":{"@id":"https:\/\/www.sestogrado.it\/it\/#organization"},"potentialAction":[{"@type":"SearchAction","target":{"@type":"EntryPoint","urlTemplate":"https:\/\/www.sestogrado.it\/it\/?s={search_term_string}"},"query-input":{"@type":"PropertyValueSpecification","valueRequired":true,"valueName":"search_term_string"}}],"inLanguage":"it-IT"},{"@type":"Organization","@id":"https:\/\/www.sestogrado.it\/it\/#organization","name":"Sestogrado","url":"https:\/\/www.sestogrado.it\/it\/","logo":{"@type":"ImageObject","inLanguage":"it-IT","@id":"https:\/\/www.sestogrado.it\/it\/#\/schema\/logo\/image\/","url":"https:\/\/www.sestogrado.it\/wp-content\/uploads\/2015\/03\/sestogrado-favicon.png","contentUrl":"https:\/\/www.sestogrado.it\/wp-content\/uploads\/2015\/03\/sestogrado-favicon.png","width":260,"height":260,"caption":"Sestogrado"},"image":{"@id":"https:\/\/www.sestogrado.it\/it\/#\/schema\/logo\/image\/"},"sameAs":["https:\/\/www.facebook.com\/pages\/Sestogrado\/1542635979353017?ref=bookmarks","https:\/\/www.youtube.com\/channel\/UC847kAfTkaJsWpc1jtQwr3Q"],"hasMerchantReturnPolicy":{"@type":"MerchantReturnPolicy","merchantReturnLink":"https:\/\/www.sestogrado.it\/it\/termini-e-condizioni\/"}}]},"product_brand":"Fixe","og_availability":"instock","product_availability":"instock","product_condition":"new"},"_links":{"self":[{"href":"https:\/\/www.sestogrado.it\/it\/wp-json\/wp\/v2\/product\/166248","targetHints":{"allow":["GET"]}}],"collection":[{"href":"https:\/\/www.sestogrado.it\/it\/wp-json\/wp\/v2\/product"}],"about":[{"href":"https:\/\/www.sestogrado.it\/it\/wp-json\/wp\/v2\/types\/product"}],"replies":[{"embeddable":true,"href":"https:\/\/www.sestogrado.it\/it\/wp-json\/wp\/v2\/comments?post=166248"}],"wp:featuredmedia":[{"embeddable":true,"href":"https:\/\/www.sestogrado.it\/it\/wp-json\/wp\/v2\/media\/166257"}],"wp:attachment":[{"href":"https:\/\/www.sestogrado.it\/it\/wp-json\/wp\/v2\/media?parent=166248"}],"wp:term":[{"taxonomy":"product_brand","embeddable":true,"href":"https:\/\/www.sestogrado.it\/it\/wp-json\/wp\/v2\/product_brand?post=166248"},{"taxonomy":"product_cat","embeddable":true,"href":"https:\/\/www.sestogrado.it\/it\/wp-json\/wp\/v2\/product_cat?post=166248"},{"taxonomy":"product_tag","embeddable":true,"href":"https:\/\/www.sestogrado.it\/it\/wp-json\/wp\/v2\/product_tag?post=166248"}],"curies":[{"name":"wp","href":"https:\/\/api.w.org\/{rel}","templated":true}]}}