{"id":16616,"date":"2018-06-22T10:42:41","date_gmt":"2018-06-22T08:42:41","guid":{"rendered":"https:\/\/www.sestogrado.it\/?post_type=product&#038;p=16616"},"modified":"2023-10-17T09:49:02","modified_gmt":"2023-10-17T07:49:02","slug":"marmolada-parete-sud","status":"publish","type":"product","link":"https:\/\/www.sestogrado.it\/it\/prodotto\/marmolada-parete-sud\/","title":{"rendered":"Marmolada Parete Sud"},"content":{"rendered":"<p>Sono circa\u00a0<strong>200<\/strong>\u00a0gli\u00a0<strong>itinerari<\/strong>\u00a0di salita oggi presenti sulla\u00a0<strong>parete<\/strong>\u00a0<strong>Sud<\/strong>\u00a0della\u00a0<strong>Marmolada<\/strong>\u00a0e la maggior parte sono dei veri capolavori, opere d\u2019arte che simboleggiano l\u2019evoluzione in alpinismo, massima espressione di difficolt\u00e0, impegno, bellezza.<br \/>\nUn immenso lavoro di ricerca, di aggiornamento, per catalogare con precisione i dettagli di\u00a0<strong>oltre<\/strong>\u00a0<strong>5000<\/strong>\u00a0<strong>tiri<\/strong>\u00a0di corda, con lo scopo di indicare, di accompagnare, di spiegare anche con qualche parola in pi\u00f9 del necessario, perch\u00e9 la roccia non \u00e8 solo roccia, la parete non \u00e8 solo parete.<\/p>\n<h3><strong>Maurizio Giordani<\/strong><\/h3>\n<p>pratica l\u2019alpinismo dal 1979 e la sua esperienza spazia dalle alte difficolt\u00e0 delle pareti di roccia e ghiaccio in\u00a0<strong>Dolomiti<\/strong>\u00a0e sulle\u00a0<strong>Alpi<\/strong>, alle elevate quote dell\u2019<strong>Himalaya<\/strong>\u00a0con migliaia di salite spesso oltre il sesto grado, alle quali si aggiungono centinaia di vie nuove, decine di prime invernali e solitarie, per gran parte di difficolt\u00e0 estrema.<br \/>\nGuida alpina, appassionato viaggiatore, vanta un\u2019<strong>attivit\u00e0 di oltre 80 spedizioni in tutto il mondo<\/strong>: ha scalato in altissima quota sul Broad Peak, Gasherbrum\u00a0II, Cho Oyu, Manaslu e Nanga Parbat, ma ha anche ricercato e salito molte altre montagne difficili in roccia e ghiaccio, dalle vette della Patagonia (Cerro Torre, Fitz Roy, Cerro Pier Giorgio) alle pareti di tutto il mondo, dal Karakorum alla cordigliera Andina, dall\u2019America all\u2019Africa, all\u2019Asia (Monte Kenia, Aconcagua, Muztagh Ata, Golden Peak, Torri di Trango, Torre di Uli Biaho, Torre dell\u2019Ogre, Kedarnath Peak, Baruntse II, Ama Dablam, Mount Cook, Ararat, Damavand, Huascaran, Pico de Orizaba, Elbrus, Kilimanjaro).<br \/>\nHa pubblicato tre opere sulla Marmolada: un libro sulla storia dell\u2019alpinismo,\u00a0<strong>Sogno<\/strong>\u00a0<strong>di<\/strong>\u00a0<strong>Pietra<\/strong>, e\u00a0<strong>due<\/strong>\u00a0<strong>guide<\/strong>\u00a0<strong>di<\/strong>\u00a0<strong>alpinismo<\/strong>\u00a0sugli itinerari della parete Sud, per\u00a0<strong>Edizioni<\/strong>\u00a0<strong>Mediterranee<\/strong>\u00a0e\u00a0<strong>Versante<\/strong>\u00a0<strong>Sud<\/strong>.<br \/>\n<strong>Appigli<\/strong>\u00a0<strong>sfuggenti<\/strong>\u00a0(Alpine studio) \u00e8 il suo ultimo lavoro editoriale nel quale sono raccolti un centinaio di racconti\/aneddoti\u2026 in pratica una sua biografia completa.<br \/>\nFiori all\u2019occhiello sono la trilogia di solitarie estreme quali la prima free solo di Tempi Moderni, la prima solitaria invernale di Supermatita e la prima solitaria della Via attraverso il pesce.<br \/>\n<strong>La Sud della Marmolada \u00e8 la \u201csua\u201d parete<\/strong>\u00a0con oltre 50 vie nuove fra le pi\u00f9 belle e impegnative in assoluto.<\/p>\n<p>&nbsp;<\/p>\n<p>Sfoglia alcune pagine:<\/p>\n<p>https:\/\/issuu.com\/edizioni_versante_sud\/docs\/marmolada_issuuita<\/p>","protected":false},"excerpt":{"rendered":"<p>Sono circa\u00a0200\u00a0gli\u00a0itinerari\u00a0di salita oggi presenti sulla\u00a0parete\u00a0Sud\u00a0della\u00a0Marmolada\u00a0e la maggior parte sono dei veri capolavori, opere d\u2019arte che simboleggiano l\u2019evoluzione in alpinismo, [&hellip;]<\/p>\n","protected":false},"featured_media":16617,"comment_status":"open","ping_status":"closed","template":"","meta":{"_acf_changed":false},"product_brand":[99],"product_cat":[98],"product_tag":[480],"class_list":{"0":"post-16616","1":"product","2":"type-product","3":"status-publish","4":"has-post-thumbnail","6":"product_brand-versante-sud","7":"product_cat-libri","8":"product_tag-marmolada","10":"first","11":"instock","12":"taxable","13":"shipping-taxable","14":"purchasable","15":"product-type-simple"},"acf":[],"yoast_head":"<!-- This site is optimized with the Yoast SEO plugin v26.4 - https:\/\/yoast.com\/wordpress\/plugins\/seo\/ -->\n<title>Marmolada Parete Sud - Sestogrado<\/title>\n<meta name=\"description\" content=\"Sono circa\u00a0200\u00a0gli\u00a0itinerari\u00a0di salita oggi presenti sulla\u00a0parete\u00a0Sud\u00a0della\u00a0Marmolada\u00a0e la maggior parte sono dei veri capolavori, opere d\u2019arte che simboleggiano l\u2019evoluzione in alpinismo, massima espressione di difficolt\u00e0, impegno, bellezza. Un immenso lavoro di ricerca, di aggiornamento.\" \/>\n<meta name=\"robots\" content=\"index, follow, max-snippet:-1, max-image-preview:large, max-video-preview:-1\" \/>\n<link rel=\"canonical\" href=\"https:\/\/www.sestogrado.it\/it\/prodotto\/marmolada-parete-sud\/\" \/>\n<meta property=\"og:locale\" content=\"it_IT\" \/>\n<meta property=\"og:type\" content=\"article\" \/>\n<meta property=\"og:title\" content=\"Marmolada Parete Sud - Sestogrado\" \/>\n<meta property=\"og:description\" content=\"Sono circa\u00a0200\u00a0gli\u00a0itinerari\u00a0di salita oggi presenti sulla\u00a0parete\u00a0Sud\u00a0della\u00a0Marmolada\u00a0e la maggior parte sono dei veri capolavori, opere d\u2019arte che simboleggiano l\u2019evoluzione in alpinismo, massima espressione di difficolt\u00e0, impegno, bellezza. Un immenso lavoro di ricerca, di aggiornamento.\" \/>\n<meta property=\"og:url\" content=\"https:\/\/www.sestogrado.it\/it\/prodotto\/marmolada-parete-sud\/\" \/>\n<meta property=\"og:site_name\" content=\"Sestogrado\" \/>\n<meta property=\"article:publisher\" content=\"https:\/\/www.facebook.com\/pages\/Sestogrado\/1542635979353017?ref=bookmarks\" \/>\n<meta property=\"article:modified_time\" content=\"2023-10-17T07:49:02+00:00\" \/>\n<meta property=\"og:image\" content=\"https:\/\/www.sestogrado.it\/wp-content\/uploads\/2018\/06\/marmolada-parete-sud.jpg\" \/>\n\t<meta property=\"og:image:width\" content=\"800\" \/>\n\t<meta property=\"og:image:height\" content=\"800\" \/>\n\t<meta property=\"og:image:type\" content=\"image\/jpeg\" \/>\n<meta name=\"twitter:label1\" content=\"Prezzo\" \/>\n\t<meta name=\"twitter:data1\" content=\"&euro;&nbsp;32,00\" \/>\n\t<meta name=\"twitter:label2\" content=\"Disponibilit\u00e0\" \/>\n\t<meta name=\"twitter:data2\" content=\"In stock\" \/>\n<script type=\"application\/ld+json\" class=\"yoast-schema-graph\">{\"@context\":\"https:\/\/schema.org\",\"@graph\":[{\"@type\":\"WebPage\",\"@id\":\"https:\/\/www.sestogrado.it\/it\/prodotto\/marmolada-parete-sud\/\",\"url\":\"https:\/\/www.sestogrado.it\/it\/prodotto\/marmolada-parete-sud\/\",\"name\":\"Marmolada Parete Sud - Sestogrado\",\"isPartOf\":{\"@id\":\"https:\/\/www.sestogrado.it\/it\/#website\"},\"primaryImageOfPage\":{\"@id\":\"https:\/\/www.sestogrado.it\/it\/prodotto\/marmolada-parete-sud\/#primaryimage\"},\"image\":{\"@id\":\"https:\/\/www.sestogrado.it\/prodotto\/marmolada-parete-sud\/#primaryimage\"},\"thumbnailUrl\":\"https:\/\/www.sestogrado.it\/wp-content\/uploads\/2018\/06\/marmolada-parete-sud.jpg\",\"datePublished\":\"2018-06-22T08:42:41+00:00\",\"dateModified\":\"2023-10-17T07:49:02+00:00\",\"description\":\"Sono circa\u00a0200\u00a0gli\u00a0itinerari\u00a0di salita oggi presenti sulla\u00a0parete\u00a0Sud\u00a0della\u00a0Marmolada\u00a0e la maggior parte sono dei veri capolavori, opere d\u2019arte che simboleggiano l\u2019evoluzione in alpinismo, massima espressione di difficolt\u00e0, impegno, bellezza. Un immenso lavoro di ricerca, di aggiornamento.\",\"breadcrumb\":{\"@id\":\"https:\/\/www.sestogrado.it\/it\/prodotto\/marmolada-parete-sud\/#breadcrumb\"},\"inLanguage\":\"it-IT\",\"potentialAction\":[{\"@type\":\"ReadAction\",\"target\":[[\"https:\/\/www.sestogrado.it\/it\/prodotto\/marmolada-parete-sud\/\"]]}]},{\"@type\":\"ImageObject\",\"inLanguage\":\"it-IT\",\"@id\":\"https:\/\/www.sestogrado.it\/it\/prodotto\/marmolada-parete-sud\/#primaryimage\",\"url\":\"https:\/\/www.sestogrado.it\/wp-content\/uploads\/2018\/06\/marmolada-parete-sud.jpg\",\"contentUrl\":\"https:\/\/www.sestogrado.it\/wp-content\/uploads\/2018\/06\/marmolada-parete-sud.jpg\",\"width\":800,\"height\":800,\"caption\":\"marmolada parete sud\"},{\"@type\":\"BreadcrumbList\",\"@id\":\"https:\/\/www.sestogrado.it\/it\/prodotto\/marmolada-parete-sud\/#breadcrumb\",\"itemListElement\":[{\"@type\":\"ListItem\",\"position\":1,\"name\":\"Home\",\"item\":\"https:\/\/www.sestogrado.it\/it\/\"},{\"@type\":\"ListItem\",\"position\":2,\"name\":\"Shop\",\"item\":\"https:\/\/www.sestogrado.it\/it\/shop\/\"},{\"@type\":\"ListItem\",\"position\":3,\"name\":\"Marmolada Parete Sud\"}]},{\"@type\":\"WebSite\",\"@id\":\"https:\/\/www.sestogrado.it\/it\/#website\",\"url\":\"https:\/\/www.sestogrado.it\/it\/\",\"name\":\"Sestogrado\",\"description\":\"yes we climb\",\"publisher\":{\"@id\":\"https:\/\/www.sestogrado.it\/it\/#organization\"},\"potentialAction\":[{\"@type\":\"SearchAction\",\"target\":{\"@type\":\"EntryPoint\",\"urlTemplate\":\"https:\/\/www.sestogrado.it\/it\/?s={search_term_string}\"},\"query-input\":{\"@type\":\"PropertyValueSpecification\",\"valueRequired\":true,\"valueName\":\"search_term_string\"}}],\"inLanguage\":\"it-IT\"},{\"@type\":\"Organization\",\"@id\":\"https:\/\/www.sestogrado.it\/it\/#organization\",\"name\":\"Sestogrado\",\"url\":\"https:\/\/www.sestogrado.it\/it\/\",\"logo\":{\"@type\":\"ImageObject\",\"inLanguage\":\"it-IT\",\"@id\":\"https:\/\/www.sestogrado.it\/it\/#\/schema\/logo\/image\/\",\"url\":\"https:\/\/www.sestogrado.it\/wp-content\/uploads\/2015\/03\/sestogrado-favicon.png\",\"contentUrl\":\"https:\/\/www.sestogrado.it\/wp-content\/uploads\/2015\/03\/sestogrado-favicon.png\",\"width\":260,\"height\":260,\"caption\":\"Sestogrado\"},\"image\":{\"@id\":\"https:\/\/www.sestogrado.it\/it\/#\/schema\/logo\/image\/\"},\"sameAs\":[\"https:\/\/www.facebook.com\/pages\/Sestogrado\/1542635979353017?ref=bookmarks\",\"https:\/\/www.youtube.com\/channel\/UC847kAfTkaJsWpc1jtQwr3Q\"],\"hasMerchantReturnPolicy\":{\"@type\":\"MerchantReturnPolicy\",\"merchantReturnLink\":\"https:\/\/www.sestogrado.it\/it\/termini-e-condizioni\/\"}}]}<\/script>\n<meta property=\"product:brand\" content=\"Versante Sud\" \/>\n<meta property=\"product:price:amount\" content=\"32.00\" \/>\n<meta property=\"product:price:currency\" content=\"EUR\" \/>\n<meta property=\"og:availability\" content=\"instock\" \/>\n<meta property=\"product:availability\" content=\"instock\" \/>\n<meta property=\"product:condition\" content=\"new\" \/>\n<!-- \/ Yoast SEO plugin. -->","yoast_head_json":{"title":"Marmolada Parete Sud - Sestogrado","description":"Sono circa\u00a0200\u00a0gli\u00a0itinerari\u00a0di salita oggi presenti sulla\u00a0parete\u00a0Sud\u00a0della\u00a0Marmolada\u00a0e la maggior parte sono dei veri capolavori, opere d\u2019arte che simboleggiano l\u2019evoluzione in alpinismo, massima espressione di difficolt\u00e0, impegno, bellezza. Un immenso lavoro di ricerca, di aggiornamento.","robots":{"index":"index","follow":"follow","max-snippet":"max-snippet:-1","max-image-preview":"max-image-preview:large","max-video-preview":"max-video-preview:-1"},"canonical":"https:\/\/www.sestogrado.it\/it\/prodotto\/marmolada-parete-sud\/","og_locale":"it_IT","og_type":"article","og_title":"Marmolada Parete Sud - Sestogrado","og_description":"Sono circa\u00a0200\u00a0gli\u00a0itinerari\u00a0di salita oggi presenti sulla\u00a0parete\u00a0Sud\u00a0della\u00a0Marmolada\u00a0e la maggior parte sono dei veri capolavori, opere d\u2019arte che simboleggiano l\u2019evoluzione in alpinismo, massima espressione di difficolt\u00e0, impegno, bellezza. Un immenso lavoro di ricerca, di aggiornamento.","og_url":"https:\/\/www.sestogrado.it\/it\/prodotto\/marmolada-parete-sud\/","og_site_name":"Sestogrado","article_publisher":"https:\/\/www.facebook.com\/pages\/Sestogrado\/1542635979353017?ref=bookmarks","article_modified_time":"2023-10-17T07:49:02+00:00","og_image":[{"width":800,"height":800,"url":"https:\/\/www.sestogrado.it\/wp-content\/uploads\/2018\/06\/marmolada-parete-sud.jpg","type":"image\/jpeg"}],"twitter_misc":{"Prezzo":"&euro;&nbsp;32,00","Disponibilit\u00e0":"In stock"},"schema":{"@context":"https:\/\/schema.org","@graph":[{"@type":"WebPage","@id":"https:\/\/www.sestogrado.it\/it\/prodotto\/marmolada-parete-sud\/","url":"https:\/\/www.sestogrado.it\/it\/prodotto\/marmolada-parete-sud\/","name":"Marmolada Parete Sud - Sestogrado","isPartOf":{"@id":"https:\/\/www.sestogrado.it\/it\/#website"},"primaryImageOfPage":{"@id":"https:\/\/www.sestogrado.it\/it\/prodotto\/marmolada-parete-sud\/#primaryimage"},"image":{"@id":"https:\/\/www.sestogrado.it\/prodotto\/marmolada-parete-sud\/#primaryimage"},"thumbnailUrl":"https:\/\/www.sestogrado.it\/wp-content\/uploads\/2018\/06\/marmolada-parete-sud.jpg","datePublished":"2018-06-22T08:42:41+00:00","dateModified":"2023-10-17T07:49:02+00:00","description":"Sono circa\u00a0200\u00a0gli\u00a0itinerari\u00a0di salita oggi presenti sulla\u00a0parete\u00a0Sud\u00a0della\u00a0Marmolada\u00a0e la maggior parte sono dei veri capolavori, opere d\u2019arte che simboleggiano l\u2019evoluzione in alpinismo, massima espressione di difficolt\u00e0, impegno, bellezza. Un immenso lavoro di ricerca, di aggiornamento.","breadcrumb":{"@id":"https:\/\/www.sestogrado.it\/it\/prodotto\/marmolada-parete-sud\/#breadcrumb"},"inLanguage":"it-IT","potentialAction":[{"@type":"ReadAction","target":[["https:\/\/www.sestogrado.it\/it\/prodotto\/marmolada-parete-sud\/"]]}]},{"@type":"ImageObject","inLanguage":"it-IT","@id":"https:\/\/www.sestogrado.it\/it\/prodotto\/marmolada-parete-sud\/#primaryimage","url":"https:\/\/www.sestogrado.it\/wp-content\/uploads\/2018\/06\/marmolada-parete-sud.jpg","contentUrl":"https:\/\/www.sestogrado.it\/wp-content\/uploads\/2018\/06\/marmolada-parete-sud.jpg","width":800,"height":800,"caption":"marmolada parete sud"},{"@type":"BreadcrumbList","@id":"https:\/\/www.sestogrado.it\/it\/prodotto\/marmolada-parete-sud\/#breadcrumb","itemListElement":[{"@type":"ListItem","position":1,"name":"Home","item":"https:\/\/www.sestogrado.it\/it\/"},{"@type":"ListItem","position":2,"name":"Shop","item":"https:\/\/www.sestogrado.it\/it\/shop\/"},{"@type":"ListItem","position":3,"name":"Marmolada Parete Sud"}]},{"@type":"WebSite","@id":"https:\/\/www.sestogrado.it\/it\/#website","url":"https:\/\/www.sestogrado.it\/it\/","name":"Sestogrado","description":"yes we climb","publisher":{"@id":"https:\/\/www.sestogrado.it\/it\/#organization"},"potentialAction":[{"@type":"SearchAction","target":{"@type":"EntryPoint","urlTemplate":"https:\/\/www.sestogrado.it\/it\/?s={search_term_string}"},"query-input":{"@type":"PropertyValueSpecification","valueRequired":true,"valueName":"search_term_string"}}],"inLanguage":"it-IT"},{"@type":"Organization","@id":"https:\/\/www.sestogrado.it\/it\/#organization","name":"Sestogrado","url":"https:\/\/www.sestogrado.it\/it\/","logo":{"@type":"ImageObject","inLanguage":"it-IT","@id":"https:\/\/www.sestogrado.it\/it\/#\/schema\/logo\/image\/","url":"https:\/\/www.sestogrado.it\/wp-content\/uploads\/2015\/03\/sestogrado-favicon.png","contentUrl":"https:\/\/www.sestogrado.it\/wp-content\/uploads\/2015\/03\/sestogrado-favicon.png","width":260,"height":260,"caption":"Sestogrado"},"image":{"@id":"https:\/\/www.sestogrado.it\/it\/#\/schema\/logo\/image\/"},"sameAs":["https:\/\/www.facebook.com\/pages\/Sestogrado\/1542635979353017?ref=bookmarks","https:\/\/www.youtube.com\/channel\/UC847kAfTkaJsWpc1jtQwr3Q"],"hasMerchantReturnPolicy":{"@type":"MerchantReturnPolicy","merchantReturnLink":"https:\/\/www.sestogrado.it\/it\/termini-e-condizioni\/"}}]},"product_brand":"Versante Sud","product_price_amount":"32.00","product_price_currency":"EUR","og_availability":"instock","product_availability":"instock","product_condition":"new"},"_links":{"self":[{"href":"https:\/\/www.sestogrado.it\/it\/wp-json\/wp\/v2\/product\/16616","targetHints":{"allow":["GET"]}}],"collection":[{"href":"https:\/\/www.sestogrado.it\/it\/wp-json\/wp\/v2\/product"}],"about":[{"href":"https:\/\/www.sestogrado.it\/it\/wp-json\/wp\/v2\/types\/product"}],"replies":[{"embeddable":true,"href":"https:\/\/www.sestogrado.it\/it\/wp-json\/wp\/v2\/comments?post=16616"}],"wp:featuredmedia":[{"embeddable":true,"href":"https:\/\/www.sestogrado.it\/it\/wp-json\/wp\/v2\/media\/16617"}],"wp:attachment":[{"href":"https:\/\/www.sestogrado.it\/it\/wp-json\/wp\/v2\/media?parent=16616"}],"wp:term":[{"taxonomy":"product_brand","embeddable":true,"href":"https:\/\/www.sestogrado.it\/it\/wp-json\/wp\/v2\/product_brand?post=16616"},{"taxonomy":"product_cat","embeddable":true,"href":"https:\/\/www.sestogrado.it\/it\/wp-json\/wp\/v2\/product_cat?post=16616"},{"taxonomy":"product_tag","embeddable":true,"href":"https:\/\/www.sestogrado.it\/it\/wp-json\/wp\/v2\/product_tag?post=16616"}],"curies":[{"name":"wp","href":"https:\/\/api.w.org\/{rel}","templated":true}]}}