{"id":16583,"date":"2022-04-28T12:10:41","date_gmt":"2022-04-28T10:10:41","guid":{"rendered":"https:\/\/www.sestogrado.it\/?post_type=product&#038;p=16583"},"modified":"2026-04-28T16:31:31","modified_gmt":"2026-04-28T14:31:31","slug":"arco-falesie-130-proposte-5000-tiri","status":"publish","type":"product","link":"https:\/\/www.sestogrado.it\/it\/prodotto\/arco-falesie-130-proposte-5000-tiri\/","title":{"rendered":"Arco Falesie. 130 PROPOSTE. 5000 TIRI."},"content":{"rendered":"<p><\/p>\n<div class=\"\">\n<p><strong>Arco Falesie di Versante Sud<\/strong> \u00e8 la guida di Arco per chi non vuole perdersi neanche uno spot. Completamente rivista nel 2022, propone 130 falesie con pi\u00f9 di 5.000 tiri.<\/p>\n<p>Dal principiante all\u2019esperto, chi desidera arrampicare nel paradiso europeo dell\u2019arrampicata sportiva su roccia, in ogni stagione, trover\u00e0 nella presente guida 130 falesie per migliaia di metri di scalata su splendido<br \/>\ncalcare. La verticalit\u00e0 di queste zone \u00e8 stata messa sotto la lente d\u2019ingrandimento, con il desiderio di offrire un lavoro il pi\u00f9 aggiornato possibile.<\/p>\n<p>Molti i nuovi muri, tra cui gli eccezionali: Terre Alte, Terra di Nessuno, Le Trincee, Mappamondo, Lundo\u2026 Gli avvicinamenti sono stati tutti ripercorsi a uno a uno, con traccia GPS dal parcheggio alla falesia. Tutti i disegni sono stati rivisitati. Ogni falesia \u00e8 pubblicata con la preziosa disponibilit\u00e0 degli apritori, coi quali ci siamo sempre confrontati. Nulla di ci\u00f2 che troverete in queste pagine viene proposto \u201csottobanco\u201d. E con questa logica, non si troveranno muri che i chiodatori non intendono rendere \u201cpubblici\u201d. Dalla placca verticale al tiro di difficolt\u00e0 family fino allo strapiombo di 9b\u2026 A tutti, buon divertimento!<\/p>\n<\/div>\n<div class=\"embed-responsive embed-responsive-16by9\"><iframe title=\"ARCO Falesie\" src=\"https:\/\/e.issuu.com\/embed.html?u=edizioni_versante_sud&#038;d=arcofalesie2022_ita_issuu\" style=\"border:none; width: 500px; height: 383px;\" allow=\"clipboard-write,allow-top-navigation,allow-top-navigation-by-user-activation,allow-downloads,allow-scripts,allow-same-origin,allow-popups,allow-modals,allow-popups-to-escape-sandbox,allow-forms\"  allowfullscreen=\"true\"><\/iframe><\/div>\n<p><strong>Mario Manica<\/strong>: roveretano, \u00e8 lungo la corda di pap\u00e0 Bruno, alpinista, che Mario bambino sperimenta la sua prima verticalit\u00e0. Sar\u00e0 poi il mondo dolomitico, in cordata con Marcello Luciani, a tenerlo a battesimo su roccia. Nonch\u00e9 la Valle del Sarca quando, nel 1979, con Giuliano Stenghel aprir\u00e0 le prime due vie di Nago. Nel 1985 la sua prima spedizione: Patagonia. Da allora, diverse saranno le vie aperte oltreoceano: Alaska, Baffin, Groenlandia, NWT Territories, Borneo, Iran, Oman, Mali. Sue le ripetizioni invernali alle Torri Nord e Sud del Paine, prime mondiali di tutto il gruppo. Nel Grande Nord, dal 1988 al 2000, sar\u00e0 tra i pochi alpinisti a firmare un cos\u00ec alto numero di prime ascensioni su big wall. Non ultime la Sud al Mount Dickey (Alaska), lo spigolo sud del Mount Asgard (Baffin), lo spigolo didestra del Mount Nalumasortoq (Groenlandia). Pap\u00e0 di Sonia, marito di Antonella, le pagine di questa guida sono frutto della sua totale passione per l\u2019esplorazione.<\/p>\n<div class=\"\">\n<p><strong>Antonella Cicogna<\/strong>: le falesie di Nago e Massone l\u2019hanno tenuta a battesimo quando l\u2019arrampicata sportiva era agli esordi e lei poco pi\u00f9 che una ragazza. Da allora, roccia e inchiostro si sono legati inscindibilmente nella sua vita. Giornalista professionista e traduttrice, cura la cronaca alpinistica extraeuropea per 360\u00b0, il mensile del Club Alpino Italiano. \u00c8 stata capoufficio stampa del Filmfestival della Montagna. Milanese, si \u00e8 trasferita a Rovereto dopo l\u2019incontro con Mario. Assieme hanno scalato, camminato, pedalato guidati dall\u2019animo curioso che da sempre li muove. Tra i luoghi pi\u00f9 amati Colombia e Iran. Mamma di Sonia, moglie di Mario, i loro tre zaini sono sempre pronti. Antonella ha scritto a due, quattro e sei mani quanto presente in queste pagine.<\/p>\n<p><strong>Roni Andres<\/strong>: nato nell\u2019estremo sud del Brasile, in Italia dal 2008 per scalare e lavorare, la casa di Roni \u00e8 nella splendida Valle di Cavedine, a due passi da Arco. Roni \u00e8 entrato a far parte dei nuovi chiodatori di questi luoghi. Tra le sue belle linee spiccano tiri di Volta de\u2019 No\u2019, Cantina del Bibo e Pizarra, con al suo attivo FA fino a l\u20198c. Fuori orario Vertical Sport, dove lavora, porta avanti una seconda passione: la fotografia. Nel 2019 si \u00e8 diplomato in Iridologia\/Naturopatia presso l\u2019Accademia Nazionale di Scienze Igienistiche e Naturali \u201cLuigi Costacurta\u201d di Trento.<\/p>\n<\/div>\n<p><\/p>","protected":false},"excerpt":{"rendered":"<p>Arco Falesie di Versante Sud \u00e8 la guida di Arco per chi non vuole perdersi neanche uno spot. Completamente rivista [&hellip;]<\/p>\n","protected":false},"featured_media":98624,"comment_status":"open","ping_status":"closed","template":"","meta":{"_acf_changed":false},"product_brand":[99],"product_cat":[98],"product_tag":[473,474],"class_list":{"0":"post-16583","1":"product","2":"type-product","3":"status-publish","4":"has-post-thumbnail","6":"product_brand-versante-sud","7":"product_cat-libri","8":"product_tag-arco","9":"product_tag-arco-falesie","11":"first","12":"instock","13":"taxable","14":"shipping-taxable","15":"purchasable","16":"product-type-simple"},"acf":[],"yoast_head":"<!-- This site is optimized with the Yoast SEO plugin v26.4 - https:\/\/yoast.com\/wordpress\/plugins\/seo\/ -->\n<title>Arco Falesie. 130 PROPOSTE. 5000 TIRI. - Sestogrado<\/title>\n<meta name=\"description\" content=\"Arco Falesie di Versante Sud \u00e8 la guida di Arco per chi non vuole perdersi neanche uno spot. Completamente rivista nel 2022, propone 130 falesie con pi\u00f9 di 5.000 tiri. Dal principiante all\u2019esperto, chi desidera arrampicare nel paradiso europeo dell\u2019arrampicata sportiva su roccia, in ogni stagione, trover\u00e0 nella presente guida 130 falesie per migliaia di metri di scalata su splendido calcare. La verticalit\u00e0 di queste zone \u00e8 stata messa sotto la lente d\u2019ingrandimento, con il desiderio di offrire un lavoro il pi\u00f9 aggiornato possibile. Molti i nuovi muri, tra cui gli eccezionali: Terre Alte, Terra di Nessuno, Le Trincee, Mappamondo, Lundo\u2026 Gli avvicinamenti sono stati tutti ripercorsi a uno a uno, con traccia GPS dal parcheggio alla falesia. Tutti i disegni sono stati rivisitati. Ogni falesia \u00e8 pubblicata con la preziosa disponibilit\u00e0 degli apritori, coi quali ci siamo sempre confrontati. Nulla di ci\u00f2 che troverete in queste pagine viene proposto \u201csottobanco\u201d. E con questa logica, non si troveranno muri che i chiodatori non intendono rendere \u201cpubblici\u201d. Dalla placca verticale al tiro di difficolt\u00e0 family fino allo strapiombo di 9b\u2026 A tutti, buon divertimento!\" \/>\n<meta name=\"robots\" content=\"index, follow, max-snippet:-1, max-image-preview:large, max-video-preview:-1\" \/>\n<link rel=\"canonical\" href=\"https:\/\/www.sestogrado.it\/it\/prodotto\/arco-falesie-130-proposte-5000-tiri\/\" \/>\n<meta property=\"og:locale\" content=\"it_IT\" \/>\n<meta property=\"og:type\" content=\"article\" \/>\n<meta property=\"og:title\" content=\"Arco Falesie. 130 PROPOSTE. 5000 TIRI. - Sestogrado\" \/>\n<meta property=\"og:description\" content=\"Arco Falesie di Versante Sud \u00e8 la guida di Arco per chi non vuole perdersi neanche uno spot. Completamente rivista nel 2022, propone 130 falesie con pi\u00f9 di 5.000 tiri. Dal principiante all\u2019esperto, chi desidera arrampicare nel paradiso europeo dell\u2019arrampicata sportiva su roccia, in ogni stagione, trover\u00e0 nella presente guida 130 falesie per migliaia di metri di scalata su splendido calcare. La verticalit\u00e0 di queste zone \u00e8 stata messa sotto la lente d\u2019ingrandimento, con il desiderio di offrire un lavoro il pi\u00f9 aggiornato possibile. Molti i nuovi muri, tra cui gli eccezionali: Terre Alte, Terra di Nessuno, Le Trincee, Mappamondo, Lundo\u2026 Gli avvicinamenti sono stati tutti ripercorsi a uno a uno, con traccia GPS dal parcheggio alla falesia. Tutti i disegni sono stati rivisitati. Ogni falesia \u00e8 pubblicata con la preziosa disponibilit\u00e0 degli apritori, coi quali ci siamo sempre confrontati. Nulla di ci\u00f2 che troverete in queste pagine viene proposto \u201csottobanco\u201d. E con questa logica, non si troveranno muri che i chiodatori non intendono rendere \u201cpubblici\u201d. Dalla placca verticale al tiro di difficolt\u00e0 family fino allo strapiombo di 9b\u2026 A tutti, buon divertimento!\" \/>\n<meta property=\"og:url\" content=\"https:\/\/www.sestogrado.it\/it\/prodotto\/arco-falesie-130-proposte-5000-tiri\/\" \/>\n<meta property=\"og:site_name\" content=\"Sestogrado\" \/>\n<meta property=\"article:publisher\" content=\"https:\/\/www.facebook.com\/pages\/Sestogrado\/1542635979353017?ref=bookmarks\" \/>\n<meta property=\"article:modified_time\" content=\"2026-04-28T14:31:31+00:00\" \/>\n<meta property=\"og:image\" content=\"https:\/\/www.sestogrado.it\/wp-content\/uploads\/2018\/06\/01-13.jpg\" \/>\n\t<meta property=\"og:image:width\" content=\"1029\" \/>\n\t<meta property=\"og:image:height\" content=\"1029\" \/>\n\t<meta property=\"og:image:type\" content=\"image\/jpeg\" \/>\n<meta name=\"twitter:label1\" content=\"Prezzo\" \/>\n\t<meta name=\"twitter:data1\" content=\"&euro;&nbsp;35,00\" \/>\n\t<meta name=\"twitter:label2\" content=\"Disponibilit\u00e0\" \/>\n\t<meta name=\"twitter:data2\" content=\"In stock\" \/>\n<script type=\"application\/ld+json\" class=\"yoast-schema-graph\">{\"@context\":\"https:\/\/schema.org\",\"@graph\":[{\"@type\":\"WebPage\",\"@id\":\"https:\/\/www.sestogrado.it\/it\/prodotto\/arco-falesie-130-proposte-5000-tiri\/\",\"url\":\"https:\/\/www.sestogrado.it\/it\/prodotto\/arco-falesie-130-proposte-5000-tiri\/\",\"name\":\"Arco Falesie. 130 PROPOSTE. 5000 TIRI. - Sestogrado\",\"isPartOf\":{\"@id\":\"https:\/\/www.sestogrado.it\/it\/#website\"},\"primaryImageOfPage\":{\"@id\":\"https:\/\/www.sestogrado.it\/it\/prodotto\/arco-falesie-130-proposte-5000-tiri\/#primaryimage\"},\"image\":{\"@id\":\"https:\/\/www.sestogrado.it\/prodotto\/arco-falesie-130-proposte-5000-tiri\/#primaryimage\"},\"thumbnailUrl\":\"https:\/\/www.sestogrado.it\/wp-content\/uploads\/2018\/06\/01-13.jpg\",\"datePublished\":\"2022-04-28T10:10:41+00:00\",\"dateModified\":\"2026-04-28T14:31:31+00:00\",\"description\":\"Arco Falesie di Versante Sud \u00e8 la guida di Arco per chi non vuole perdersi neanche uno spot. Completamente rivista nel 2022, propone 130 falesie con pi\u00f9 di 5.000 tiri. Dal principiante all\u2019esperto, chi desidera arrampicare nel paradiso europeo dell\u2019arrampicata sportiva su roccia, in ogni stagione, trover\u00e0 nella presente guida 130 falesie per migliaia di metri di scalata su splendido calcare. La verticalit\u00e0 di queste zone \u00e8 stata messa sotto la lente d\u2019ingrandimento, con il desiderio di offrire un lavoro il pi\u00f9 aggiornato possibile. Molti i nuovi muri, tra cui gli eccezionali: Terre Alte, Terra di Nessuno, Le Trincee, Mappamondo, Lundo\u2026 Gli avvicinamenti sono stati tutti ripercorsi a uno a uno, con traccia GPS dal parcheggio alla falesia. Tutti i disegni sono stati rivisitati. Ogni falesia \u00e8 pubblicata con la preziosa disponibilit\u00e0 degli apritori, coi quali ci siamo sempre confrontati. Nulla di ci\u00f2 che troverete in queste pagine viene proposto \u201csottobanco\u201d. E con questa logica, non si troveranno muri che i chiodatori non intendono rendere \u201cpubblici\u201d. Dalla placca verticale al tiro di difficolt\u00e0 family fino allo strapiombo di 9b\u2026 A tutti, buon divertimento!\",\"breadcrumb\":{\"@id\":\"https:\/\/www.sestogrado.it\/it\/prodotto\/arco-falesie-130-proposte-5000-tiri\/#breadcrumb\"},\"inLanguage\":\"it-IT\",\"potentialAction\":[{\"@type\":\"ReadAction\",\"target\":[[\"https:\/\/www.sestogrado.it\/it\/prodotto\/arco-falesie-130-proposte-5000-tiri\/\"]]}]},{\"@type\":\"ImageObject\",\"inLanguage\":\"it-IT\",\"@id\":\"https:\/\/www.sestogrado.it\/it\/prodotto\/arco-falesie-130-proposte-5000-tiri\/#primaryimage\",\"url\":\"https:\/\/www.sestogrado.it\/wp-content\/uploads\/2018\/06\/01-13.jpg\",\"contentUrl\":\"https:\/\/www.sestogrado.it\/wp-content\/uploads\/2018\/06\/01-13.jpg\",\"width\":1029,\"height\":1029,\"caption\":\"arco falesie\"},{\"@type\":\"BreadcrumbList\",\"@id\":\"https:\/\/www.sestogrado.it\/it\/prodotto\/arco-falesie-130-proposte-5000-tiri\/#breadcrumb\",\"itemListElement\":[{\"@type\":\"ListItem\",\"position\":1,\"name\":\"Home\",\"item\":\"https:\/\/www.sestogrado.it\/it\/\"},{\"@type\":\"ListItem\",\"position\":2,\"name\":\"Shop\",\"item\":\"https:\/\/www.sestogrado.it\/it\/shop\/\"},{\"@type\":\"ListItem\",\"position\":3,\"name\":\"Arco Falesie. 130 PROPOSTE. 5000 TIRI.\"}]},{\"@type\":\"WebSite\",\"@id\":\"https:\/\/www.sestogrado.it\/it\/#website\",\"url\":\"https:\/\/www.sestogrado.it\/it\/\",\"name\":\"Sestogrado\",\"description\":\"yes we climb\",\"publisher\":{\"@id\":\"https:\/\/www.sestogrado.it\/it\/#organization\"},\"potentialAction\":[{\"@type\":\"SearchAction\",\"target\":{\"@type\":\"EntryPoint\",\"urlTemplate\":\"https:\/\/www.sestogrado.it\/it\/?s={search_term_string}\"},\"query-input\":{\"@type\":\"PropertyValueSpecification\",\"valueRequired\":true,\"valueName\":\"search_term_string\"}}],\"inLanguage\":\"it-IT\"},{\"@type\":\"Organization\",\"@id\":\"https:\/\/www.sestogrado.it\/it\/#organization\",\"name\":\"Sestogrado\",\"url\":\"https:\/\/www.sestogrado.it\/it\/\",\"logo\":{\"@type\":\"ImageObject\",\"inLanguage\":\"it-IT\",\"@id\":\"https:\/\/www.sestogrado.it\/it\/#\/schema\/logo\/image\/\",\"url\":\"https:\/\/www.sestogrado.it\/wp-content\/uploads\/2015\/03\/sestogrado-favicon.png\",\"contentUrl\":\"https:\/\/www.sestogrado.it\/wp-content\/uploads\/2015\/03\/sestogrado-favicon.png\",\"width\":260,\"height\":260,\"caption\":\"Sestogrado\"},\"image\":{\"@id\":\"https:\/\/www.sestogrado.it\/it\/#\/schema\/logo\/image\/\"},\"sameAs\":[\"https:\/\/www.facebook.com\/pages\/Sestogrado\/1542635979353017?ref=bookmarks\",\"https:\/\/www.youtube.com\/channel\/UC847kAfTkaJsWpc1jtQwr3Q\"],\"hasMerchantReturnPolicy\":{\"@type\":\"MerchantReturnPolicy\",\"merchantReturnLink\":\"https:\/\/www.sestogrado.it\/it\/termini-e-condizioni\/\"}}]}<\/script>\n<meta property=\"product:brand\" content=\"Versante Sud\" \/>\n<meta property=\"product:price:amount\" content=\"35.00\" \/>\n<meta property=\"product:price:currency\" content=\"EUR\" \/>\n<meta property=\"og:availability\" content=\"instock\" \/>\n<meta property=\"product:availability\" content=\"instock\" \/>\n<meta property=\"product:condition\" content=\"new\" \/>\n<!-- \/ Yoast SEO plugin. -->","yoast_head_json":{"title":"Arco Falesie. 130 PROPOSTE. 5000 TIRI. - Sestogrado","description":"Arco Falesie di Versante Sud \u00e8 la guida di Arco per chi non vuole perdersi neanche uno spot. Completamente rivista nel 2022, propone 130 falesie con pi\u00f9 di 5.000 tiri. Dal principiante all\u2019esperto, chi desidera arrampicare nel paradiso europeo dell\u2019arrampicata sportiva su roccia, in ogni stagione, trover\u00e0 nella presente guida 130 falesie per migliaia di metri di scalata su splendido calcare. La verticalit\u00e0 di queste zone \u00e8 stata messa sotto la lente d\u2019ingrandimento, con il desiderio di offrire un lavoro il pi\u00f9 aggiornato possibile. Molti i nuovi muri, tra cui gli eccezionali: Terre Alte, Terra di Nessuno, Le Trincee, Mappamondo, Lundo\u2026 Gli avvicinamenti sono stati tutti ripercorsi a uno a uno, con traccia GPS dal parcheggio alla falesia. Tutti i disegni sono stati rivisitati. Ogni falesia \u00e8 pubblicata con la preziosa disponibilit\u00e0 degli apritori, coi quali ci siamo sempre confrontati. Nulla di ci\u00f2 che troverete in queste pagine viene proposto \u201csottobanco\u201d. E con questa logica, non si troveranno muri che i chiodatori non intendono rendere \u201cpubblici\u201d. Dalla placca verticale al tiro di difficolt\u00e0 family fino allo strapiombo di 9b\u2026 A tutti, buon divertimento!","robots":{"index":"index","follow":"follow","max-snippet":"max-snippet:-1","max-image-preview":"max-image-preview:large","max-video-preview":"max-video-preview:-1"},"canonical":"https:\/\/www.sestogrado.it\/it\/prodotto\/arco-falesie-130-proposte-5000-tiri\/","og_locale":"it_IT","og_type":"article","og_title":"Arco Falesie. 130 PROPOSTE. 5000 TIRI. - Sestogrado","og_description":"Arco Falesie di Versante Sud \u00e8 la guida di Arco per chi non vuole perdersi neanche uno spot. Completamente rivista nel 2022, propone 130 falesie con pi\u00f9 di 5.000 tiri. Dal principiante all\u2019esperto, chi desidera arrampicare nel paradiso europeo dell\u2019arrampicata sportiva su roccia, in ogni stagione, trover\u00e0 nella presente guida 130 falesie per migliaia di metri di scalata su splendido calcare. La verticalit\u00e0 di queste zone \u00e8 stata messa sotto la lente d\u2019ingrandimento, con il desiderio di offrire un lavoro il pi\u00f9 aggiornato possibile. Molti i nuovi muri, tra cui gli eccezionali: Terre Alte, Terra di Nessuno, Le Trincee, Mappamondo, Lundo\u2026 Gli avvicinamenti sono stati tutti ripercorsi a uno a uno, con traccia GPS dal parcheggio alla falesia. Tutti i disegni sono stati rivisitati. Ogni falesia \u00e8 pubblicata con la preziosa disponibilit\u00e0 degli apritori, coi quali ci siamo sempre confrontati. Nulla di ci\u00f2 che troverete in queste pagine viene proposto \u201csottobanco\u201d. E con questa logica, non si troveranno muri che i chiodatori non intendono rendere \u201cpubblici\u201d. Dalla placca verticale al tiro di difficolt\u00e0 family fino allo strapiombo di 9b\u2026 A tutti, buon divertimento!","og_url":"https:\/\/www.sestogrado.it\/it\/prodotto\/arco-falesie-130-proposte-5000-tiri\/","og_site_name":"Sestogrado","article_publisher":"https:\/\/www.facebook.com\/pages\/Sestogrado\/1542635979353017?ref=bookmarks","article_modified_time":"2026-04-28T14:31:31+00:00","og_image":[{"width":1029,"height":1029,"url":"https:\/\/www.sestogrado.it\/wp-content\/uploads\/2018\/06\/01-13.jpg","type":"image\/jpeg"}],"twitter_misc":{"Prezzo":"&euro;&nbsp;35,00","Disponibilit\u00e0":"In stock"},"schema":{"@context":"https:\/\/schema.org","@graph":[{"@type":"WebPage","@id":"https:\/\/www.sestogrado.it\/it\/prodotto\/arco-falesie-130-proposte-5000-tiri\/","url":"https:\/\/www.sestogrado.it\/it\/prodotto\/arco-falesie-130-proposte-5000-tiri\/","name":"Arco Falesie. 130 PROPOSTE. 5000 TIRI. - Sestogrado","isPartOf":{"@id":"https:\/\/www.sestogrado.it\/it\/#website"},"primaryImageOfPage":{"@id":"https:\/\/www.sestogrado.it\/it\/prodotto\/arco-falesie-130-proposte-5000-tiri\/#primaryimage"},"image":{"@id":"https:\/\/www.sestogrado.it\/prodotto\/arco-falesie-130-proposte-5000-tiri\/#primaryimage"},"thumbnailUrl":"https:\/\/www.sestogrado.it\/wp-content\/uploads\/2018\/06\/01-13.jpg","datePublished":"2022-04-28T10:10:41+00:00","dateModified":"2026-04-28T14:31:31+00:00","description":"Arco Falesie di Versante Sud \u00e8 la guida di Arco per chi non vuole perdersi neanche uno spot. Completamente rivista nel 2022, propone 130 falesie con pi\u00f9 di 5.000 tiri. Dal principiante all\u2019esperto, chi desidera arrampicare nel paradiso europeo dell\u2019arrampicata sportiva su roccia, in ogni stagione, trover\u00e0 nella presente guida 130 falesie per migliaia di metri di scalata su splendido calcare. La verticalit\u00e0 di queste zone \u00e8 stata messa sotto la lente d\u2019ingrandimento, con il desiderio di offrire un lavoro il pi\u00f9 aggiornato possibile. Molti i nuovi muri, tra cui gli eccezionali: Terre Alte, Terra di Nessuno, Le Trincee, Mappamondo, Lundo\u2026 Gli avvicinamenti sono stati tutti ripercorsi a uno a uno, con traccia GPS dal parcheggio alla falesia. Tutti i disegni sono stati rivisitati. Ogni falesia \u00e8 pubblicata con la preziosa disponibilit\u00e0 degli apritori, coi quali ci siamo sempre confrontati. Nulla di ci\u00f2 che troverete in queste pagine viene proposto \u201csottobanco\u201d. E con questa logica, non si troveranno muri che i chiodatori non intendono rendere \u201cpubblici\u201d. Dalla placca verticale al tiro di difficolt\u00e0 family fino allo strapiombo di 9b\u2026 A tutti, buon divertimento!","breadcrumb":{"@id":"https:\/\/www.sestogrado.it\/it\/prodotto\/arco-falesie-130-proposte-5000-tiri\/#breadcrumb"},"inLanguage":"it-IT","potentialAction":[{"@type":"ReadAction","target":[["https:\/\/www.sestogrado.it\/it\/prodotto\/arco-falesie-130-proposte-5000-tiri\/"]]}]},{"@type":"ImageObject","inLanguage":"it-IT","@id":"https:\/\/www.sestogrado.it\/it\/prodotto\/arco-falesie-130-proposte-5000-tiri\/#primaryimage","url":"https:\/\/www.sestogrado.it\/wp-content\/uploads\/2018\/06\/01-13.jpg","contentUrl":"https:\/\/www.sestogrado.it\/wp-content\/uploads\/2018\/06\/01-13.jpg","width":1029,"height":1029,"caption":"arco falesie"},{"@type":"BreadcrumbList","@id":"https:\/\/www.sestogrado.it\/it\/prodotto\/arco-falesie-130-proposte-5000-tiri\/#breadcrumb","itemListElement":[{"@type":"ListItem","position":1,"name":"Home","item":"https:\/\/www.sestogrado.it\/it\/"},{"@type":"ListItem","position":2,"name":"Shop","item":"https:\/\/www.sestogrado.it\/it\/shop\/"},{"@type":"ListItem","position":3,"name":"Arco Falesie. 130 PROPOSTE. 5000 TIRI."}]},{"@type":"WebSite","@id":"https:\/\/www.sestogrado.it\/it\/#website","url":"https:\/\/www.sestogrado.it\/it\/","name":"Sestogrado","description":"yes we climb","publisher":{"@id":"https:\/\/www.sestogrado.it\/it\/#organization"},"potentialAction":[{"@type":"SearchAction","target":{"@type":"EntryPoint","urlTemplate":"https:\/\/www.sestogrado.it\/it\/?s={search_term_string}"},"query-input":{"@type":"PropertyValueSpecification","valueRequired":true,"valueName":"search_term_string"}}],"inLanguage":"it-IT"},{"@type":"Organization","@id":"https:\/\/www.sestogrado.it\/it\/#organization","name":"Sestogrado","url":"https:\/\/www.sestogrado.it\/it\/","logo":{"@type":"ImageObject","inLanguage":"it-IT","@id":"https:\/\/www.sestogrado.it\/it\/#\/schema\/logo\/image\/","url":"https:\/\/www.sestogrado.it\/wp-content\/uploads\/2015\/03\/sestogrado-favicon.png","contentUrl":"https:\/\/www.sestogrado.it\/wp-content\/uploads\/2015\/03\/sestogrado-favicon.png","width":260,"height":260,"caption":"Sestogrado"},"image":{"@id":"https:\/\/www.sestogrado.it\/it\/#\/schema\/logo\/image\/"},"sameAs":["https:\/\/www.facebook.com\/pages\/Sestogrado\/1542635979353017?ref=bookmarks","https:\/\/www.youtube.com\/channel\/UC847kAfTkaJsWpc1jtQwr3Q"],"hasMerchantReturnPolicy":{"@type":"MerchantReturnPolicy","merchantReturnLink":"https:\/\/www.sestogrado.it\/it\/termini-e-condizioni\/"}}]},"product_brand":"Versante Sud","product_price_amount":"35.00","product_price_currency":"EUR","og_availability":"instock","product_availability":"instock","product_condition":"new"},"_links":{"self":[{"href":"https:\/\/www.sestogrado.it\/it\/wp-json\/wp\/v2\/product\/16583","targetHints":{"allow":["GET"]}}],"collection":[{"href":"https:\/\/www.sestogrado.it\/it\/wp-json\/wp\/v2\/product"}],"about":[{"href":"https:\/\/www.sestogrado.it\/it\/wp-json\/wp\/v2\/types\/product"}],"replies":[{"embeddable":true,"href":"https:\/\/www.sestogrado.it\/it\/wp-json\/wp\/v2\/comments?post=16583"}],"wp:featuredmedia":[{"embeddable":true,"href":"https:\/\/www.sestogrado.it\/it\/wp-json\/wp\/v2\/media\/98624"}],"wp:attachment":[{"href":"https:\/\/www.sestogrado.it\/it\/wp-json\/wp\/v2\/media?parent=16583"}],"wp:term":[{"taxonomy":"product_brand","embeddable":true,"href":"https:\/\/www.sestogrado.it\/it\/wp-json\/wp\/v2\/product_brand?post=16583"},{"taxonomy":"product_cat","embeddable":true,"href":"https:\/\/www.sestogrado.it\/it\/wp-json\/wp\/v2\/product_cat?post=16583"},{"taxonomy":"product_tag","embeddable":true,"href":"https:\/\/www.sestogrado.it\/it\/wp-json\/wp\/v2\/product_tag?post=16583"}],"curies":[{"name":"wp","href":"https:\/\/api.w.org\/{rel}","templated":true}]}}