{"id":165352,"date":"2024-06-25T15:17:29","date_gmt":"2024-06-25T13:17:29","guid":{"rendered":"https:\/\/www.sestogrado.it\/?post_type=product&#038;p=165352"},"modified":"2025-07-24T14:57:37","modified_gmt":"2025-07-24T12:57:37","slug":"blue-ice-reach-20-zaino","status":"publish","type":"product","link":"https:\/\/www.sestogrado.it\/it\/prodotto\/blue-ice-reach-20-zaino\/","title":{"rendered":"Blue Ice Reach 20 zaino"},"content":{"rendered":"<p>Il Blue Ice Reach 20 \u00e8 uno zaino ad alte prestazioni progettato per muoversi velocemente e con leggerezza a piedi, in arrampicata o spingendosi su terreni alpini.<\/p>\n<p>Puntando al massimo sull&#8217;efficienza e sul mantenerti in movimento, il Reach 20 prende in prestito le tecniche utilizzate negli zaino da trail running per offrire un prodotto tecnico, leggero e confortevole. Dotato di un sistema di trasporto ispirato ai gilet da corsa, mantiene i tuoi oggetti essenziali a portata di mano con due tasche con cerniera, due tasche espandibili e due porta materiali.<\/p>\n<p>Estremamente confortevole e traspirante, \u00e8 dotato di porta piccozza ed \u00e8 compatibile con borracce morbide e porta casco.<\/p>\n<p>Uno zaino perfetto per l&#8217;arrampicata su pi\u00f9 tiri, lo scrambling o le vie alpinistiche di breve durata.<\/p>\n<ul>\n<li>Materiali: nylon ripstop ad alta tenacit\u00e0 100d. Cinghie in maglia statica di poliestere riciclato 40d ad alta tenacit\u00e0 in maglia di poliestere. Tutti approvati da Bluesign e privi di PFC<\/li>\n<li>Volume: 20 litri<\/li>\n<li>Dimensioni: 47 x 27 x 23 cm<\/li>\n<li>Peso: 395 G<\/li>\n<li>Sistema di trasporto in stile gilet ispirato al trail<\/li>\n<li>Tasche sul petto doppie e completamente fissabili per 2 borracce morbide o telefono, GPS o altri oggetti pi\u00f9 grandi<\/li>\n<li>Tasche elasticizzate ad accesso rapido per snack e oggetti pi\u00f9 piccoli.<\/li>\n<li>Anelli portamateriale per fissare rapidamente l&#8217;attrezzatura da arrampicata.<\/li>\n<li>Tasca laterale accessibile in movimento<\/li>\n<li>Trasporto sicuro della piccozza<\/li>\n<li>Tasca interna per accessori con clip per chiavi<\/li>\n<li>Compatibile con la <a href=\"https:\/\/www.sestogrado.it\/it\/categoria-prodotto\/accessori\/idratazione\/\" target=\"_blank\" rel=\"noopener\">sacca di idratazione<\/a><\/li>\n<li>Compatibile con <a href=\"https:\/\/www.sestogrado.it\/it\/prodotto\/blue-ice-helmet-holder-porta-casco\/\" target=\"_blank\" rel=\"noopener\">helmet holder<\/a><\/li>\n<\/ul>\n<p>&nbsp;<\/p>\n<p>Sviluppato con una tecnologia simile agli zaini da trail, il Blue Ice Reach 20 \u00e8 uno zaino ad alte prestazioni, per muoversi veloci e leggeri, ideale per una multi pitch, una cascata di ghiaccio o la scalata a una vetta di breve durata.<\/p>\n<p><iframe src=\"\/\/www.youtube.com\/embed\/ohxdEk8NeeM\" width=\"560\" height=\"314\" allowfullscreen=\"allowfullscreen\"><\/iframe><\/p>\n<p>Blue Ice \u00e8 un\u2019azienda con sede a Chamonix che produce solo articoli da alpinismo di alta qualit\u00e0. Gli zaini Blue Ice sono dedicati ad un alpinismo tecnico e di alto livello. Inizialmente era semplicemente una questione di vivere la nostra passione al massimo: arrampicare, sciare, esplorare o semplicemente entrare in contatto con noi stessi e le montagne \u2026 prima di estendere questo progetto a tutti gli amanti delle vette l\u00e0 fuori.<\/p>","protected":false},"excerpt":{"rendered":"<p>Il Blue Ice Reach 20 \u00e8 uno zaino ad alte prestazioni progettato per muoversi velocemente e con leggerezza a piedi, [&hellip;]<\/p>\n","protected":false},"featured_media":165354,"comment_status":"open","ping_status":"closed","template":"","meta":{"_acf_changed":false},"product_brand":[641],"product_cat":[389],"product_tag":[],"class_list":{"0":"post-165352","1":"product","2":"type-product","3":"status-publish","4":"has-post-thumbnail","6":"product_brand-blue-ice","7":"product_cat-zaini-alpinismo","9":"first","10":"instock","11":"sale","12":"taxable","13":"shipping-taxable","14":"purchasable","15":"product-type-simple"},"acf":[],"yoast_head":"<!-- This site is optimized with the Yoast SEO plugin v26.4 - https:\/\/yoast.com\/wordpress\/plugins\/seo\/ -->\n<title>Blue Ice Reach 20 zaino - Sestogrado<\/title>\n<meta name=\"description\" content=\"Il Blue Ice Reach 20 \u00e8 uno zaino ad alte prestazioni progettato per muoversi velocemente e con leggerezza a piedi, in arrampicata o spingendosi su terreni alpini.Puntando al massimo sull&#039;efficienza e sul mantenerti in movimento, il Reach 20 prende in prestito le tecniche utilizzate negli zaino da trail running per offrire un prodotto tecnico, leggero e confortevole. Dotato di un sistema di trasporto ispirato ai gilet da corsa, mantiene i tuoi oggetti essenziali a portata di mano con due tasche con cerniera, due tasche espandibili e due porta materiali.Estremamente confortevole e traspirante, \u00e8 dotato di porta piccozza ed \u00e8 compatibile con borracce morbide e porta casco.Uno zaino perfetto per l&#039;arrampicata su pi\u00f9 tiri, lo scrambling o le vie alpinistiche di breve durata.\" \/>\n<meta name=\"robots\" content=\"index, follow, max-snippet:-1, max-image-preview:large, max-video-preview:-1\" \/>\n<link rel=\"canonical\" href=\"https:\/\/www.sestogrado.it\/it\/prodotto\/blue-ice-reach-20-zaino\/\" \/>\n<meta property=\"og:locale\" content=\"it_IT\" \/>\n<meta property=\"og:type\" content=\"article\" \/>\n<meta property=\"og:title\" content=\"Blue Ice Reach 20 zaino - Sestogrado\" \/>\n<meta property=\"og:description\" content=\"Il Blue Ice Reach 20 \u00e8 uno zaino ad alte prestazioni progettato per muoversi velocemente e con leggerezza a piedi, in arrampicata o spingendosi su terreni alpini.Puntando al massimo sull&#039;efficienza e sul mantenerti in movimento, il Reach 20 prende in prestito le tecniche utilizzate negli zaino da trail running per offrire un prodotto tecnico, leggero e confortevole. Dotato di un sistema di trasporto ispirato ai gilet da corsa, mantiene i tuoi oggetti essenziali a portata di mano con due tasche con cerniera, due tasche espandibili e due porta materiali.Estremamente confortevole e traspirante, \u00e8 dotato di porta piccozza ed \u00e8 compatibile con borracce morbide e porta casco.Uno zaino perfetto per l&#039;arrampicata su pi\u00f9 tiri, lo scrambling o le vie alpinistiche di breve durata.\" \/>\n<meta property=\"og:url\" content=\"https:\/\/www.sestogrado.it\/it\/prodotto\/blue-ice-reach-20-zaino\/\" \/>\n<meta property=\"og:site_name\" content=\"Sestogrado\" \/>\n<meta property=\"article:publisher\" content=\"https:\/\/www.facebook.com\/pages\/Sestogrado\/1542635979353017?ref=bookmarks\" \/>\n<meta property=\"article:modified_time\" content=\"2025-07-24T12:57:37+00:00\" \/>\n<meta property=\"og:image\" content=\"https:\/\/www.sestogrado.it\/wp-content\/uploads\/2024\/06\/01-2.jpg\" \/>\n\t<meta property=\"og:image:width\" content=\"1200\" \/>\n\t<meta property=\"og:image:height\" content=\"1200\" \/>\n\t<meta property=\"og:image:type\" content=\"image\/jpeg\" \/>\n<meta name=\"twitter:label1\" content=\"Prezzo\" \/>\n\t<meta name=\"twitter:data1\" content=\"&euro;&nbsp;129,00\" \/>\n\t<meta name=\"twitter:label2\" content=\"Disponibilit\u00e0\" \/>\n\t<meta name=\"twitter:data2\" content=\"In stock\" \/>\n<script type=\"application\/ld+json\" class=\"yoast-schema-graph\">{\"@context\":\"https:\/\/schema.org\",\"@graph\":[{\"@type\":\"WebPage\",\"@id\":\"https:\/\/www.sestogrado.it\/it\/prodotto\/blue-ice-reach-20-zaino\/\",\"url\":\"https:\/\/www.sestogrado.it\/it\/prodotto\/blue-ice-reach-20-zaino\/\",\"name\":\"Blue Ice Reach 20 zaino - Sestogrado\",\"isPartOf\":{\"@id\":\"https:\/\/www.sestogrado.it\/it\/#website\"},\"primaryImageOfPage\":{\"@id\":\"https:\/\/www.sestogrado.it\/it\/prodotto\/blue-ice-reach-20-zaino\/#primaryimage\"},\"image\":{\"@id\":\"https:\/\/www.sestogrado.it\/prodotto\/blue-ice-reach-20-zaino\/#primaryimage\"},\"thumbnailUrl\":\"https:\/\/www.sestogrado.it\/wp-content\/uploads\/2024\/06\/01-2.jpg\",\"datePublished\":\"2024-06-25T13:17:29+00:00\",\"dateModified\":\"2025-07-24T12:57:37+00:00\",\"description\":\"Il Blue Ice Reach 20 \u00e8 uno zaino ad alte prestazioni progettato per muoversi velocemente e con leggerezza a piedi, in arrampicata o spingendosi su terreni alpini.Puntando al massimo sull'efficienza e sul mantenerti in movimento, il Reach 20 prende in prestito le tecniche utilizzate negli zaino da trail running per offrire un prodotto tecnico, leggero e confortevole. Dotato di un sistema di trasporto ispirato ai gilet da corsa, mantiene i tuoi oggetti essenziali a portata di mano con due tasche con cerniera, due tasche espandibili e due porta materiali.Estremamente confortevole e traspirante, \u00e8 dotato di porta piccozza ed \u00e8 compatibile con borracce morbide e porta casco.Uno zaino perfetto per l'arrampicata su pi\u00f9 tiri, lo scrambling o le vie alpinistiche di breve durata.\",\"breadcrumb\":{\"@id\":\"https:\/\/www.sestogrado.it\/it\/prodotto\/blue-ice-reach-20-zaino\/#breadcrumb\"},\"inLanguage\":\"it-IT\",\"potentialAction\":[{\"@type\":\"ReadAction\",\"target\":[[\"https:\/\/www.sestogrado.it\/it\/prodotto\/blue-ice-reach-20-zaino\/\"]]}]},{\"@type\":\"ImageObject\",\"inLanguage\":\"it-IT\",\"@id\":\"https:\/\/www.sestogrado.it\/it\/prodotto\/blue-ice-reach-20-zaino\/#primaryimage\",\"url\":\"https:\/\/www.sestogrado.it\/wp-content\/uploads\/2024\/06\/01-2.jpg\",\"contentUrl\":\"https:\/\/www.sestogrado.it\/wp-content\/uploads\/2024\/06\/01-2.jpg\",\"width\":1200,\"height\":1200,\"caption\":\"reach 20\"},{\"@type\":\"BreadcrumbList\",\"@id\":\"https:\/\/www.sestogrado.it\/it\/prodotto\/blue-ice-reach-20-zaino\/#breadcrumb\",\"itemListElement\":[{\"@type\":\"ListItem\",\"position\":1,\"name\":\"Home\",\"item\":\"https:\/\/www.sestogrado.it\/it\/\"},{\"@type\":\"ListItem\",\"position\":2,\"name\":\"Shop\",\"item\":\"https:\/\/www.sestogrado.it\/it\/shop\/\"},{\"@type\":\"ListItem\",\"position\":3,\"name\":\"Blue Ice Reach 20 zaino\"}]},{\"@type\":\"WebSite\",\"@id\":\"https:\/\/www.sestogrado.it\/it\/#website\",\"url\":\"https:\/\/www.sestogrado.it\/it\/\",\"name\":\"Sestogrado\",\"description\":\"yes we climb\",\"publisher\":{\"@id\":\"https:\/\/www.sestogrado.it\/it\/#organization\"},\"potentialAction\":[{\"@type\":\"SearchAction\",\"target\":{\"@type\":\"EntryPoint\",\"urlTemplate\":\"https:\/\/www.sestogrado.it\/it\/?s={search_term_string}\"},\"query-input\":{\"@type\":\"PropertyValueSpecification\",\"valueRequired\":true,\"valueName\":\"search_term_string\"}}],\"inLanguage\":\"it-IT\"},{\"@type\":\"Organization\",\"@id\":\"https:\/\/www.sestogrado.it\/it\/#organization\",\"name\":\"Sestogrado\",\"url\":\"https:\/\/www.sestogrado.it\/it\/\",\"logo\":{\"@type\":\"ImageObject\",\"inLanguage\":\"it-IT\",\"@id\":\"https:\/\/www.sestogrado.it\/it\/#\/schema\/logo\/image\/\",\"url\":\"https:\/\/www.sestogrado.it\/wp-content\/uploads\/2015\/03\/sestogrado-favicon.png\",\"contentUrl\":\"https:\/\/www.sestogrado.it\/wp-content\/uploads\/2015\/03\/sestogrado-favicon.png\",\"width\":260,\"height\":260,\"caption\":\"Sestogrado\"},\"image\":{\"@id\":\"https:\/\/www.sestogrado.it\/it\/#\/schema\/logo\/image\/\"},\"sameAs\":[\"https:\/\/www.facebook.com\/pages\/Sestogrado\/1542635979353017?ref=bookmarks\",\"https:\/\/www.youtube.com\/channel\/UC847kAfTkaJsWpc1jtQwr3Q\"],\"hasMerchantReturnPolicy\":{\"@type\":\"MerchantReturnPolicy\",\"merchantReturnLink\":\"https:\/\/www.sestogrado.it\/it\/termini-e-condizioni\/\"}}]}<\/script>\n<meta property=\"product:brand\" content=\"Blue Ice\" \/>\n<meta property=\"product:price:amount\" content=\"129.00\" \/>\n<meta property=\"product:price:currency\" content=\"EUR\" \/>\n<meta property=\"og:availability\" content=\"instock\" \/>\n<meta property=\"product:availability\" content=\"instock\" \/>\n<meta property=\"product:condition\" content=\"new\" \/>\n<!-- \/ Yoast SEO plugin. -->","yoast_head_json":{"title":"Blue Ice Reach 20 zaino - Sestogrado","description":"Il Blue Ice Reach 20 \u00e8 uno zaino ad alte prestazioni progettato per muoversi velocemente e con leggerezza a piedi, in arrampicata o spingendosi su terreni alpini.Puntando al massimo sull'efficienza e sul mantenerti in movimento, il Reach 20 prende in prestito le tecniche utilizzate negli zaino da trail running per offrire un prodotto tecnico, leggero e confortevole. Dotato di un sistema di trasporto ispirato ai gilet da corsa, mantiene i tuoi oggetti essenziali a portata di mano con due tasche con cerniera, due tasche espandibili e due porta materiali.Estremamente confortevole e traspirante, \u00e8 dotato di porta piccozza ed \u00e8 compatibile con borracce morbide e porta casco.Uno zaino perfetto per l'arrampicata su pi\u00f9 tiri, lo scrambling o le vie alpinistiche di breve durata.","robots":{"index":"index","follow":"follow","max-snippet":"max-snippet:-1","max-image-preview":"max-image-preview:large","max-video-preview":"max-video-preview:-1"},"canonical":"https:\/\/www.sestogrado.it\/it\/prodotto\/blue-ice-reach-20-zaino\/","og_locale":"it_IT","og_type":"article","og_title":"Blue Ice Reach 20 zaino - Sestogrado","og_description":"Il Blue Ice Reach 20 \u00e8 uno zaino ad alte prestazioni progettato per muoversi velocemente e con leggerezza a piedi, in arrampicata o spingendosi su terreni alpini.Puntando al massimo sull'efficienza e sul mantenerti in movimento, il Reach 20 prende in prestito le tecniche utilizzate negli zaino da trail running per offrire un prodotto tecnico, leggero e confortevole. Dotato di un sistema di trasporto ispirato ai gilet da corsa, mantiene i tuoi oggetti essenziali a portata di mano con due tasche con cerniera, due tasche espandibili e due porta materiali.Estremamente confortevole e traspirante, \u00e8 dotato di porta piccozza ed \u00e8 compatibile con borracce morbide e porta casco.Uno zaino perfetto per l'arrampicata su pi\u00f9 tiri, lo scrambling o le vie alpinistiche di breve durata.","og_url":"https:\/\/www.sestogrado.it\/it\/prodotto\/blue-ice-reach-20-zaino\/","og_site_name":"Sestogrado","article_publisher":"https:\/\/www.facebook.com\/pages\/Sestogrado\/1542635979353017?ref=bookmarks","article_modified_time":"2025-07-24T12:57:37+00:00","og_image":[{"width":1200,"height":1200,"url":"https:\/\/www.sestogrado.it\/wp-content\/uploads\/2024\/06\/01-2.jpg","type":"image\/jpeg"}],"twitter_misc":{"Prezzo":"&euro;&nbsp;129,00","Disponibilit\u00e0":"In stock"},"schema":{"@context":"https:\/\/schema.org","@graph":[{"@type":"WebPage","@id":"https:\/\/www.sestogrado.it\/it\/prodotto\/blue-ice-reach-20-zaino\/","url":"https:\/\/www.sestogrado.it\/it\/prodotto\/blue-ice-reach-20-zaino\/","name":"Blue Ice Reach 20 zaino - Sestogrado","isPartOf":{"@id":"https:\/\/www.sestogrado.it\/it\/#website"},"primaryImageOfPage":{"@id":"https:\/\/www.sestogrado.it\/it\/prodotto\/blue-ice-reach-20-zaino\/#primaryimage"},"image":{"@id":"https:\/\/www.sestogrado.it\/prodotto\/blue-ice-reach-20-zaino\/#primaryimage"},"thumbnailUrl":"https:\/\/www.sestogrado.it\/wp-content\/uploads\/2024\/06\/01-2.jpg","datePublished":"2024-06-25T13:17:29+00:00","dateModified":"2025-07-24T12:57:37+00:00","description":"Il Blue Ice Reach 20 \u00e8 uno zaino ad alte prestazioni progettato per muoversi velocemente e con leggerezza a piedi, in arrampicata o spingendosi su terreni alpini.Puntando al massimo sull'efficienza e sul mantenerti in movimento, il Reach 20 prende in prestito le tecniche utilizzate negli zaino da trail running per offrire un prodotto tecnico, leggero e confortevole. Dotato di un sistema di trasporto ispirato ai gilet da corsa, mantiene i tuoi oggetti essenziali a portata di mano con due tasche con cerniera, due tasche espandibili e due porta materiali.Estremamente confortevole e traspirante, \u00e8 dotato di porta piccozza ed \u00e8 compatibile con borracce morbide e porta casco.Uno zaino perfetto per l'arrampicata su pi\u00f9 tiri, lo scrambling o le vie alpinistiche di breve durata.","breadcrumb":{"@id":"https:\/\/www.sestogrado.it\/it\/prodotto\/blue-ice-reach-20-zaino\/#breadcrumb"},"inLanguage":"it-IT","potentialAction":[{"@type":"ReadAction","target":[["https:\/\/www.sestogrado.it\/it\/prodotto\/blue-ice-reach-20-zaino\/"]]}]},{"@type":"ImageObject","inLanguage":"it-IT","@id":"https:\/\/www.sestogrado.it\/it\/prodotto\/blue-ice-reach-20-zaino\/#primaryimage","url":"https:\/\/www.sestogrado.it\/wp-content\/uploads\/2024\/06\/01-2.jpg","contentUrl":"https:\/\/www.sestogrado.it\/wp-content\/uploads\/2024\/06\/01-2.jpg","width":1200,"height":1200,"caption":"reach 20"},{"@type":"BreadcrumbList","@id":"https:\/\/www.sestogrado.it\/it\/prodotto\/blue-ice-reach-20-zaino\/#breadcrumb","itemListElement":[{"@type":"ListItem","position":1,"name":"Home","item":"https:\/\/www.sestogrado.it\/it\/"},{"@type":"ListItem","position":2,"name":"Shop","item":"https:\/\/www.sestogrado.it\/it\/shop\/"},{"@type":"ListItem","position":3,"name":"Blue Ice Reach 20 zaino"}]},{"@type":"WebSite","@id":"https:\/\/www.sestogrado.it\/it\/#website","url":"https:\/\/www.sestogrado.it\/it\/","name":"Sestogrado","description":"yes we climb","publisher":{"@id":"https:\/\/www.sestogrado.it\/it\/#organization"},"potentialAction":[{"@type":"SearchAction","target":{"@type":"EntryPoint","urlTemplate":"https:\/\/www.sestogrado.it\/it\/?s={search_term_string}"},"query-input":{"@type":"PropertyValueSpecification","valueRequired":true,"valueName":"search_term_string"}}],"inLanguage":"it-IT"},{"@type":"Organization","@id":"https:\/\/www.sestogrado.it\/it\/#organization","name":"Sestogrado","url":"https:\/\/www.sestogrado.it\/it\/","logo":{"@type":"ImageObject","inLanguage":"it-IT","@id":"https:\/\/www.sestogrado.it\/it\/#\/schema\/logo\/image\/","url":"https:\/\/www.sestogrado.it\/wp-content\/uploads\/2015\/03\/sestogrado-favicon.png","contentUrl":"https:\/\/www.sestogrado.it\/wp-content\/uploads\/2015\/03\/sestogrado-favicon.png","width":260,"height":260,"caption":"Sestogrado"},"image":{"@id":"https:\/\/www.sestogrado.it\/it\/#\/schema\/logo\/image\/"},"sameAs":["https:\/\/www.facebook.com\/pages\/Sestogrado\/1542635979353017?ref=bookmarks","https:\/\/www.youtube.com\/channel\/UC847kAfTkaJsWpc1jtQwr3Q"],"hasMerchantReturnPolicy":{"@type":"MerchantReturnPolicy","merchantReturnLink":"https:\/\/www.sestogrado.it\/it\/termini-e-condizioni\/"}}]},"product_brand":"Blue Ice","product_price_amount":"129.00","product_price_currency":"EUR","og_availability":"instock","product_availability":"instock","product_condition":"new"},"_links":{"self":[{"href":"https:\/\/www.sestogrado.it\/it\/wp-json\/wp\/v2\/product\/165352","targetHints":{"allow":["GET"]}}],"collection":[{"href":"https:\/\/www.sestogrado.it\/it\/wp-json\/wp\/v2\/product"}],"about":[{"href":"https:\/\/www.sestogrado.it\/it\/wp-json\/wp\/v2\/types\/product"}],"replies":[{"embeddable":true,"href":"https:\/\/www.sestogrado.it\/it\/wp-json\/wp\/v2\/comments?post=165352"}],"wp:featuredmedia":[{"embeddable":true,"href":"https:\/\/www.sestogrado.it\/it\/wp-json\/wp\/v2\/media\/165354"}],"wp:attachment":[{"href":"https:\/\/www.sestogrado.it\/it\/wp-json\/wp\/v2\/media?parent=165352"}],"wp:term":[{"taxonomy":"product_brand","embeddable":true,"href":"https:\/\/www.sestogrado.it\/it\/wp-json\/wp\/v2\/product_brand?post=165352"},{"taxonomy":"product_cat","embeddable":true,"href":"https:\/\/www.sestogrado.it\/it\/wp-json\/wp\/v2\/product_cat?post=165352"},{"taxonomy":"product_tag","embeddable":true,"href":"https:\/\/www.sestogrado.it\/it\/wp-json\/wp\/v2\/product_tag?post=165352"}],"curies":[{"name":"wp","href":"https:\/\/api.w.org\/{rel}","templated":true}]}}