{"id":1630,"date":"2015-06-14T19:37:47","date_gmt":"2015-06-14T17:37:47","guid":{"rendered":"http:\/\/www.sestogrado.it\/prodotto\/ferramenta\/petzl-djinn-axess-rinvio-arrampicata\/"},"modified":"2026-04-17T14:05:05","modified_gmt":"2026-04-17T12:05:05","slug":"petzl-djinn-axess-rinvio-arrampicata","status":"publish","type":"product","link":"https:\/\/www.sestogrado.it\/it\/prodotto\/petzl-djinn-axess-rinvio-arrampicata\/","title":{"rendered":"Petzl Djinn Axess rinvio arrampicata"},"content":{"rendered":"<p>Il PETZL DJINN AXESS \u00e8 il rinvio solido e durevole di Petzl realizzato per lavorare le vie pi\u00f9 impegnative, \u00e8 dotato di moschettoni ampi, con cui \u00e8 facile rinviare ed una robusta e durevole fettuccia in nylon.<\/p>\n<p>Dispone di una fettuccia AXESS e due moschettoni DJINN: un moschettone leva dritta nella parte superiore e un moschettone leva curva nella parte inferiore. Il moschettone superiore, associato al sistema <a href=\"https:\/\/www.sestogrado.it\/rinvii-keylock-e-non-keylock\/\" target=\"_blank\" rel=\"noopener noreferrer\">Keylock <\/a>e ad una forma specifica di becco, facilita il moschettonaggio e lo smoschettonaggio dell&#8217;ancoraggio. Il moschettone inferiore \u00e8 dotato della protezione di fettuccia STRING per mantenere il moschettone in posizione e facilitare il moschettonaggio della corda.\u00a0I moschettoni DJINN dispongono di un&#8217;ampia zona di sfregamento della corda, per ridurre la trazione e garantire una maggiore resistenza del moschettone. Il design della leva curva consente di stabilizzare la corda e moschettonare efficacemente.<\/p>\n<ul>\n<li>Rinvio affidabile e robusto:<br \/>\n&#8211; grande affidabilit\u00e0 del meccanismo della leva del moschettone DJINN,<br \/>\n&#8211; sezione a forma di H per offrire il miglior rapporto resistenza\/leggerezza,<br \/>\n&#8211; ampie superfici di contatto con la corda e l\u2019ancoraggio per favorire il passaggio della corda e ridurre l&#8217;usura del moschettone,<br \/>\n&#8211; fettuccia AXESS robusta,<br \/>\n&#8211; protezione di fettuccia STRING per stabilizzare il moschettone e proteggere la fettuccia dall&#8217;usura.<\/li>\n<li>Facilit\u00e0 di moschettonaggio e smoschettonaggio:<br \/>\n&#8211; grande apertura della leva per facilitare le manovre,<br \/>\n&#8211; sistema Keylock progettato per evitare l&#8217;aggancio involontario del moschettone durante le manovre,<br \/>\n&#8211; prensione facilitata, grazie alle grandi dimensioni del moschettone.<\/li>\n<li>Disponibile in 2 lunghezze:<br \/>\n&#8211; fettuccia da 12 cm e moschettone DJINN curvo blu,<br \/>\n&#8211; fettuccia da 17 cm e moschettone DJINN curvo blu per gestire la trazione.<\/li>\n<\/ul>\n<p>Affidabile e robusto, il rinvio DJINN AXESS \u00e8 particolarmente adatto alla pratica dell&#8217;arrampicata in falesia.<\/p>","protected":false},"excerpt":{"rendered":"<p>Il PETZL DJINN AXESS \u00e8 il rinvio solido e durevole di Petzl realizzato per lavorare le vie pi\u00f9 impegnative, \u00e8 [&hellip;]<\/p>\n","protected":false},"featured_media":203540,"comment_status":"open","ping_status":"closed","template":"","meta":{"_acf_changed":false},"product_brand":[50],"product_cat":[17,133],"product_tag":[486],"class_list":{"0":"post-1630","1":"product","2":"type-product","3":"status-publish","4":"has-post-thumbnail","6":"product_brand-petzl","7":"product_cat-ferramenta","8":"product_cat-rinvii","9":"product_tag-rinvio-arrampicata","11":"first","12":"instock","13":"sale","14":"taxable","15":"shipping-taxable","16":"purchasable","17":"product-type-variable"},"acf":[],"yoast_head":"<!-- This site is optimized with the Yoast SEO plugin v26.4 - https:\/\/yoast.com\/wordpress\/plugins\/seo\/ -->\n<title>Petzl Djinn Axess rinvio arrampicata - Sestogrado<\/title>\n<meta name=\"description\" content=\"Il rionvio Petzl Djinn Axess \u00e8 un rinvio solido e robusto ideale per lavorare le vie. Fettuccia AXESS e due moschettoni DJINN. un moschettone leva dritta nella parte superiore e un moschettone leva curva nella parte inferiore. Il moschettone superiore, associato al sistema Keylock e ad una forma specifica.\" \/>\n<meta name=\"robots\" content=\"index, follow, max-snippet:-1, max-image-preview:large, max-video-preview:-1\" \/>\n<link rel=\"canonical\" href=\"https:\/\/www.sestogrado.it\/it\/prodotto\/petzl-djinn-axess-rinvio-arrampicata\/\" \/>\n<meta property=\"og:locale\" content=\"it_IT\" \/>\n<meta property=\"og:type\" content=\"article\" \/>\n<meta property=\"og:title\" content=\"Petzl Djinn Axess rinvio arrampicata - Sestogrado\" \/>\n<meta property=\"og:description\" content=\"Il rionvio Petzl Djinn Axess \u00e8 un rinvio solido e robusto ideale per lavorare le vie. Fettuccia AXESS e due moschettoni DJINN. un moschettone leva dritta nella parte superiore e un moschettone leva curva nella parte inferiore. Il moschettone superiore, associato al sistema Keylock e ad una forma specifica.\" \/>\n<meta property=\"og:url\" content=\"https:\/\/www.sestogrado.it\/it\/prodotto\/petzl-djinn-axess-rinvio-arrampicata\/\" \/>\n<meta property=\"og:site_name\" content=\"Sestogrado\" \/>\n<meta property=\"article:publisher\" content=\"https:\/\/www.facebook.com\/pages\/Sestogrado\/1542635979353017?ref=bookmarks\" \/>\n<meta property=\"article:modified_time\" content=\"2026-04-17T12:05:05+00:00\" \/>\n<meta property=\"og:image\" content=\"https:\/\/www.sestogrado.it\/wp-content\/uploads\/2015\/06\/11.jpg\" \/>\n\t<meta property=\"og:image:width\" content=\"1200\" \/>\n\t<meta property=\"og:image:height\" content=\"1200\" \/>\n\t<meta property=\"og:image:type\" content=\"image\/jpeg\" \/>\n<meta name=\"twitter:label1\" content=\"Disponibilit\u00e0\" \/>\n\t<meta name=\"twitter:data1\" content=\"In stock\" \/>\n<script type=\"application\/ld+json\" class=\"yoast-schema-graph\">{\"@context\":\"https:\/\/schema.org\",\"@graph\":[{\"@type\":\"WebPage\",\"@id\":\"https:\/\/www.sestogrado.it\/it\/prodotto\/petzl-djinn-axess-rinvio-arrampicata\/\",\"url\":\"https:\/\/www.sestogrado.it\/it\/prodotto\/petzl-djinn-axess-rinvio-arrampicata\/\",\"name\":\"Petzl Djinn Axess rinvio arrampicata - Sestogrado\",\"isPartOf\":{\"@id\":\"https:\/\/www.sestogrado.it\/it\/#website\"},\"primaryImageOfPage\":{\"@id\":\"https:\/\/www.sestogrado.it\/it\/prodotto\/petzl-djinn-axess-rinvio-arrampicata\/#primaryimage\"},\"image\":{\"@id\":\"https:\/\/www.sestogrado.it\/prodotto\/petzl-djinn-axess-rinvio-arrampicata\/#primaryimage\"},\"thumbnailUrl\":\"https:\/\/www.sestogrado.it\/wp-content\/uploads\/2015\/06\/11.jpg\",\"datePublished\":\"2015-06-14T17:37:47+00:00\",\"dateModified\":\"2026-04-17T12:05:05+00:00\",\"description\":\"Il rionvio Petzl Djinn Axess \u00e8 un rinvio solido e robusto ideale per lavorare le vie. Fettuccia AXESS e due moschettoni DJINN. un moschettone leva dritta nella parte superiore e un moschettone leva curva nella parte inferiore. Il moschettone superiore, associato al sistema Keylock e ad una forma specifica.\",\"breadcrumb\":{\"@id\":\"https:\/\/www.sestogrado.it\/it\/prodotto\/petzl-djinn-axess-rinvio-arrampicata\/#breadcrumb\"},\"inLanguage\":\"it-IT\",\"potentialAction\":[{\"@type\":\"ReadAction\",\"target\":[[\"https:\/\/www.sestogrado.it\/it\/prodotto\/petzl-djinn-axess-rinvio-arrampicata\/\"]]}]},{\"@type\":\"ImageObject\",\"inLanguage\":\"it-IT\",\"@id\":\"https:\/\/www.sestogrado.it\/it\/prodotto\/petzl-djinn-axess-rinvio-arrampicata\/#primaryimage\",\"url\":\"https:\/\/www.sestogrado.it\/wp-content\/uploads\/2015\/06\/11.jpg\",\"contentUrl\":\"https:\/\/www.sestogrado.it\/wp-content\/uploads\/2015\/06\/11.jpg\",\"width\":1200,\"height\":1200,\"caption\":\"djinn 12\"},{\"@type\":\"BreadcrumbList\",\"@id\":\"https:\/\/www.sestogrado.it\/it\/prodotto\/petzl-djinn-axess-rinvio-arrampicata\/#breadcrumb\",\"itemListElement\":[{\"@type\":\"ListItem\",\"position\":1,\"name\":\"Home\",\"item\":\"https:\/\/www.sestogrado.it\/it\/\"},{\"@type\":\"ListItem\",\"position\":2,\"name\":\"Shop\",\"item\":\"https:\/\/www.sestogrado.it\/it\/shop\/\"},{\"@type\":\"ListItem\",\"position\":3,\"name\":\"Petzl Djinn Axess rinvio arrampicata\"}]},{\"@type\":\"WebSite\",\"@id\":\"https:\/\/www.sestogrado.it\/it\/#website\",\"url\":\"https:\/\/www.sestogrado.it\/it\/\",\"name\":\"Sestogrado\",\"description\":\"yes we climb\",\"publisher\":{\"@id\":\"https:\/\/www.sestogrado.it\/it\/#organization\"},\"potentialAction\":[{\"@type\":\"SearchAction\",\"target\":{\"@type\":\"EntryPoint\",\"urlTemplate\":\"https:\/\/www.sestogrado.it\/it\/?s={search_term_string}\"},\"query-input\":{\"@type\":\"PropertyValueSpecification\",\"valueRequired\":true,\"valueName\":\"search_term_string\"}}],\"inLanguage\":\"it-IT\"},{\"@type\":\"Organization\",\"@id\":\"https:\/\/www.sestogrado.it\/it\/#organization\",\"name\":\"Sestogrado\",\"url\":\"https:\/\/www.sestogrado.it\/it\/\",\"logo\":{\"@type\":\"ImageObject\",\"inLanguage\":\"it-IT\",\"@id\":\"https:\/\/www.sestogrado.it\/it\/#\/schema\/logo\/image\/\",\"url\":\"https:\/\/www.sestogrado.it\/wp-content\/uploads\/2015\/03\/sestogrado-favicon.png\",\"contentUrl\":\"https:\/\/www.sestogrado.it\/wp-content\/uploads\/2015\/03\/sestogrado-favicon.png\",\"width\":260,\"height\":260,\"caption\":\"Sestogrado\"},\"image\":{\"@id\":\"https:\/\/www.sestogrado.it\/it\/#\/schema\/logo\/image\/\"},\"sameAs\":[\"https:\/\/www.facebook.com\/pages\/Sestogrado\/1542635979353017?ref=bookmarks\",\"https:\/\/www.youtube.com\/channel\/UC847kAfTkaJsWpc1jtQwr3Q\"],\"hasMerchantReturnPolicy\":{\"@type\":\"MerchantReturnPolicy\",\"merchantReturnLink\":\"https:\/\/www.sestogrado.it\/it\/termini-e-condizioni\/\"}}]}<\/script>\n<meta property=\"product:brand\" content=\"Petzl\" \/>\n<meta property=\"og:availability\" content=\"instock\" \/>\n<meta property=\"product:availability\" content=\"instock\" \/>\n<meta property=\"product:condition\" content=\"new\" \/>\n<!-- \/ Yoast SEO plugin. -->","yoast_head_json":{"title":"Petzl Djinn Axess rinvio arrampicata - Sestogrado","description":"Il rionvio Petzl Djinn Axess \u00e8 un rinvio solido e robusto ideale per lavorare le vie. Fettuccia AXESS e due moschettoni DJINN. un moschettone leva dritta nella parte superiore e un moschettone leva curva nella parte inferiore. Il moschettone superiore, associato al sistema Keylock e ad una forma specifica.","robots":{"index":"index","follow":"follow","max-snippet":"max-snippet:-1","max-image-preview":"max-image-preview:large","max-video-preview":"max-video-preview:-1"},"canonical":"https:\/\/www.sestogrado.it\/it\/prodotto\/petzl-djinn-axess-rinvio-arrampicata\/","og_locale":"it_IT","og_type":"article","og_title":"Petzl Djinn Axess rinvio arrampicata - Sestogrado","og_description":"Il rionvio Petzl Djinn Axess \u00e8 un rinvio solido e robusto ideale per lavorare le vie. Fettuccia AXESS e due moschettoni DJINN. un moschettone leva dritta nella parte superiore e un moschettone leva curva nella parte inferiore. Il moschettone superiore, associato al sistema Keylock e ad una forma specifica.","og_url":"https:\/\/www.sestogrado.it\/it\/prodotto\/petzl-djinn-axess-rinvio-arrampicata\/","og_site_name":"Sestogrado","article_publisher":"https:\/\/www.facebook.com\/pages\/Sestogrado\/1542635979353017?ref=bookmarks","article_modified_time":"2026-04-17T12:05:05+00:00","og_image":[{"width":1200,"height":1200,"url":"https:\/\/www.sestogrado.it\/wp-content\/uploads\/2015\/06\/11.jpg","type":"image\/jpeg"}],"twitter_misc":{"Disponibilit\u00e0":"In stock"},"schema":{"@context":"https:\/\/schema.org","@graph":[{"@type":"WebPage","@id":"https:\/\/www.sestogrado.it\/it\/prodotto\/petzl-djinn-axess-rinvio-arrampicata\/","url":"https:\/\/www.sestogrado.it\/it\/prodotto\/petzl-djinn-axess-rinvio-arrampicata\/","name":"Petzl Djinn Axess rinvio arrampicata - Sestogrado","isPartOf":{"@id":"https:\/\/www.sestogrado.it\/it\/#website"},"primaryImageOfPage":{"@id":"https:\/\/www.sestogrado.it\/it\/prodotto\/petzl-djinn-axess-rinvio-arrampicata\/#primaryimage"},"image":{"@id":"https:\/\/www.sestogrado.it\/prodotto\/petzl-djinn-axess-rinvio-arrampicata\/#primaryimage"},"thumbnailUrl":"https:\/\/www.sestogrado.it\/wp-content\/uploads\/2015\/06\/11.jpg","datePublished":"2015-06-14T17:37:47+00:00","dateModified":"2026-04-17T12:05:05+00:00","description":"Il rionvio Petzl Djinn Axess \u00e8 un rinvio solido e robusto ideale per lavorare le vie. Fettuccia AXESS e due moschettoni DJINN. un moschettone leva dritta nella parte superiore e un moschettone leva curva nella parte inferiore. Il moschettone superiore, associato al sistema Keylock e ad una forma specifica.","breadcrumb":{"@id":"https:\/\/www.sestogrado.it\/it\/prodotto\/petzl-djinn-axess-rinvio-arrampicata\/#breadcrumb"},"inLanguage":"it-IT","potentialAction":[{"@type":"ReadAction","target":[["https:\/\/www.sestogrado.it\/it\/prodotto\/petzl-djinn-axess-rinvio-arrampicata\/"]]}]},{"@type":"ImageObject","inLanguage":"it-IT","@id":"https:\/\/www.sestogrado.it\/it\/prodotto\/petzl-djinn-axess-rinvio-arrampicata\/#primaryimage","url":"https:\/\/www.sestogrado.it\/wp-content\/uploads\/2015\/06\/11.jpg","contentUrl":"https:\/\/www.sestogrado.it\/wp-content\/uploads\/2015\/06\/11.jpg","width":1200,"height":1200,"caption":"djinn 12"},{"@type":"BreadcrumbList","@id":"https:\/\/www.sestogrado.it\/it\/prodotto\/petzl-djinn-axess-rinvio-arrampicata\/#breadcrumb","itemListElement":[{"@type":"ListItem","position":1,"name":"Home","item":"https:\/\/www.sestogrado.it\/it\/"},{"@type":"ListItem","position":2,"name":"Shop","item":"https:\/\/www.sestogrado.it\/it\/shop\/"},{"@type":"ListItem","position":3,"name":"Petzl Djinn Axess rinvio arrampicata"}]},{"@type":"WebSite","@id":"https:\/\/www.sestogrado.it\/it\/#website","url":"https:\/\/www.sestogrado.it\/it\/","name":"Sestogrado","description":"yes we climb","publisher":{"@id":"https:\/\/www.sestogrado.it\/it\/#organization"},"potentialAction":[{"@type":"SearchAction","target":{"@type":"EntryPoint","urlTemplate":"https:\/\/www.sestogrado.it\/it\/?s={search_term_string}"},"query-input":{"@type":"PropertyValueSpecification","valueRequired":true,"valueName":"search_term_string"}}],"inLanguage":"it-IT"},{"@type":"Organization","@id":"https:\/\/www.sestogrado.it\/it\/#organization","name":"Sestogrado","url":"https:\/\/www.sestogrado.it\/it\/","logo":{"@type":"ImageObject","inLanguage":"it-IT","@id":"https:\/\/www.sestogrado.it\/it\/#\/schema\/logo\/image\/","url":"https:\/\/www.sestogrado.it\/wp-content\/uploads\/2015\/03\/sestogrado-favicon.png","contentUrl":"https:\/\/www.sestogrado.it\/wp-content\/uploads\/2015\/03\/sestogrado-favicon.png","width":260,"height":260,"caption":"Sestogrado"},"image":{"@id":"https:\/\/www.sestogrado.it\/it\/#\/schema\/logo\/image\/"},"sameAs":["https:\/\/www.facebook.com\/pages\/Sestogrado\/1542635979353017?ref=bookmarks","https:\/\/www.youtube.com\/channel\/UC847kAfTkaJsWpc1jtQwr3Q"],"hasMerchantReturnPolicy":{"@type":"MerchantReturnPolicy","merchantReturnLink":"https:\/\/www.sestogrado.it\/it\/termini-e-condizioni\/"}}]},"product_brand":"Petzl","og_availability":"instock","product_availability":"instock","product_condition":"new"},"_links":{"self":[{"href":"https:\/\/www.sestogrado.it\/it\/wp-json\/wp\/v2\/product\/1630","targetHints":{"allow":["GET"]}}],"collection":[{"href":"https:\/\/www.sestogrado.it\/it\/wp-json\/wp\/v2\/product"}],"about":[{"href":"https:\/\/www.sestogrado.it\/it\/wp-json\/wp\/v2\/types\/product"}],"replies":[{"embeddable":true,"href":"https:\/\/www.sestogrado.it\/it\/wp-json\/wp\/v2\/comments?post=1630"}],"wp:featuredmedia":[{"embeddable":true,"href":"https:\/\/www.sestogrado.it\/it\/wp-json\/wp\/v2\/media\/203540"}],"wp:attachment":[{"href":"https:\/\/www.sestogrado.it\/it\/wp-json\/wp\/v2\/media?parent=1630"}],"wp:term":[{"taxonomy":"product_brand","embeddable":true,"href":"https:\/\/www.sestogrado.it\/it\/wp-json\/wp\/v2\/product_brand?post=1630"},{"taxonomy":"product_cat","embeddable":true,"href":"https:\/\/www.sestogrado.it\/it\/wp-json\/wp\/v2\/product_cat?post=1630"},{"taxonomy":"product_tag","embeddable":true,"href":"https:\/\/www.sestogrado.it\/it\/wp-json\/wp\/v2\/product_tag?post=1630"}],"curies":[{"name":"wp","href":"https:\/\/api.w.org\/{rel}","templated":true}]}}