{"id":16203,"date":"2018-05-17T15:53:26","date_gmt":"2018-05-17T13:53:26","guid":{"rendered":"https:\/\/www.sestogrado.it\/?post_type=product&#038;p=16203"},"modified":"2026-03-04T07:36:46","modified_gmt":"2026-03-04T06:36:46","slug":"petzl-sakapoche-sacchetto-portamagnesite","status":"publish","type":"product","link":"https:\/\/www.sestogrado.it\/it\/prodotto\/petzl-sakapoche-sacchetto-portamagnesite\/","title":{"rendered":"Petzl Sakapoche sacchetto portamagnesite"},"content":{"rendered":"<p><\/p>\n<div class=\"productDescription\">\n<div class=\"productCaracteristiquesPosition inlineblock\">\n<p class=\"productCaracteristiques inlineblock\">Il sacchetto portamagnesite PETZL SAKAPOCHE \u00e8 dotato di una tasca a soffietto con zip, ideale per ospitare chiavi, spiccioli, barrette di cereali, una piccola lampada frontale e+LITE, una mappa&#8230; La sua forma ergonomica consente un facile accesso alla magnesite. Il suo materiale morbido risulta confortevole con uno zaino o quando si \u00e8 appoggiati alla roccia. Il suo sistema di chiusura \u00e8 pratico grazie ad una chiusura centrale tramite cordino e tanka. Si pu\u00f2 aprire con una sola mano nel caso in cui ci si dimentica di aprirlo prima di cominciare ad arrampicare.<\/p>\n<\/div>\n<ul>\n<li>Sacchetto portamagnesite di forma ergonomica per facilitare il passaggio della mano:<br \/>\n&#8211; bordatura rigida che permette al sacchetto di conservare la propria forma,<br \/>\n&#8211; chiusura del sacchetto in tessuto intrecciato per impedire la fuoriuscita della magnesite durante il trasporto,<br \/>\n&#8211; porta spazzolino (non in dotazione) in tessuto per l\u2019ottima tenuta di ogni tipo di spazzolino,<br \/>\n&#8211; fodera cucita in fondo al sacchetto per evitarne il ribaltamento quando si toglie la mano dal sacchetto portamagnesite,<br \/>\n&#8211; tasca estensibile, grazie ad un sistema a soffietto. Pu\u00f2 ospitare chiavi, una piccola lampada frontale, una mappa, una barretta energetica o altre piccole provviste per lunghe giornate in parete.<\/li>\n<li>Eco-progettazione:<br \/>\n&#8211; prodotto realizzato con il 93 % di materiali riciclati (poliestere o poliammide 100 % riciclati),<br \/>\n&#8211; le grafiche dei sacchetti sono diverse per ridurre gli scarti di tessuto nella produzione. In questo modo, ogni sacchetto \u00e8 unico!<\/li>\n<\/ul>\n<p>Il Petzl Sakapoche \u00e8 un sacchetto portamagnesite ampio e robusto, comodo grazie alla tasca che consente di portare sempre con s\u00e9 oggetti personali.<\/p>\n<p>&nbsp;<\/p>\n<p>Petzl \u00e8 un\u2019azienda leader nel mondo dell\u2019alpinismo e dell\u2019arrampicata. Nota per la produzione e commercializzazione del Grigri, fornisce migliaia di atleti nel mondo con i migliori prodotti tecnici da arrampicata.<\/p>\n<\/div>\n<p><\/p>","protected":false},"excerpt":{"rendered":"<p>Il sacchetto portamagnesite PETZL SAKAPOCHE \u00e8 dotato di una tasca a soffietto con zip, ideale per ospitare chiavi, spiccioli, barrette [&hellip;]<\/p>\n","protected":false},"featured_media":161797,"comment_status":"open","ping_status":"closed","template":"","meta":{"_acf_changed":false},"product_brand":[50],"product_cat":[742],"product_tag":[],"class_list":{"0":"post-16203","1":"product","2":"type-product","3":"status-publish","4":"has-post-thumbnail","6":"product_brand-petzl","7":"product_cat-portamagnesite","9":"first","10":"instock","11":"sale","12":"taxable","13":"shipping-taxable","14":"purchasable","15":"product-type-variable"},"acf":[],"yoast_head":"<!-- This site is optimized with the Yoast SEO plugin v26.4 - https:\/\/yoast.com\/wordpress\/plugins\/seo\/ -->\n<title>Petzl Sakapoche sacchetto portamagnesite - Sestogrado<\/title>\n<meta name=\"description\" content=\"Il sacchetto portamagnesite PETZL SAKAPOCHE \u00e8 dotato di una tasca a soffietto con zip, ideale per ospitare chiavi, spiccioli, barrette di cereali, una piccola lampada frontale e+LITE, una mappa... La sua forma ergonomica consente un facile accesso alla magnesite. Il suo materiale morbido risulta confortevole.\" \/>\n<meta name=\"robots\" content=\"index, follow, max-snippet:-1, max-image-preview:large, max-video-preview:-1\" \/>\n<link rel=\"canonical\" href=\"https:\/\/www.sestogrado.it\/it\/prodotto\/petzl-sakapoche-sacchetto-portamagnesite\/\" \/>\n<meta property=\"og:locale\" content=\"it_IT\" \/>\n<meta property=\"og:type\" content=\"article\" \/>\n<meta property=\"og:title\" content=\"Petzl Sakapoche sacchetto portamagnesite - Sestogrado\" \/>\n<meta property=\"og:description\" content=\"Il sacchetto portamagnesite PETZL SAKAPOCHE \u00e8 dotato di una tasca a soffietto con zip, ideale per ospitare chiavi, spiccioli, barrette di cereali, una piccola lampada frontale e+LITE, una mappa... La sua forma ergonomica consente un facile accesso alla magnesite. Il suo materiale morbido risulta confortevole.\" \/>\n<meta property=\"og:url\" content=\"https:\/\/www.sestogrado.it\/it\/prodotto\/petzl-sakapoche-sacchetto-portamagnesite\/\" \/>\n<meta property=\"og:site_name\" content=\"Sestogrado\" \/>\n<meta property=\"article:publisher\" content=\"https:\/\/www.facebook.com\/pages\/Sestogrado\/1542635979353017?ref=bookmarks\" \/>\n<meta property=\"article:modified_time\" content=\"2026-03-04T06:36:46+00:00\" \/>\n<meta property=\"og:image\" content=\"https:\/\/www.sestogrado.it\/wp-content\/uploads\/2018\/05\/arancio.jpg\" \/>\n\t<meta property=\"og:image:width\" content=\"1200\" \/>\n\t<meta property=\"og:image:height\" content=\"1200\" \/>\n\t<meta property=\"og:image:type\" content=\"image\/jpeg\" \/>\n<meta name=\"twitter:label1\" content=\"Disponibilit\u00e0\" \/>\n\t<meta name=\"twitter:data1\" content=\"In stock\" \/>\n<script type=\"application\/ld+json\" class=\"yoast-schema-graph\">{\"@context\":\"https:\/\/schema.org\",\"@graph\":[{\"@type\":\"WebPage\",\"@id\":\"https:\/\/www.sestogrado.it\/it\/prodotto\/petzl-sakapoche-sacchetto-portamagnesite\/\",\"url\":\"https:\/\/www.sestogrado.it\/it\/prodotto\/petzl-sakapoche-sacchetto-portamagnesite\/\",\"name\":\"Petzl Sakapoche sacchetto portamagnesite - Sestogrado\",\"isPartOf\":{\"@id\":\"https:\/\/www.sestogrado.it\/it\/#website\"},\"primaryImageOfPage\":{\"@id\":\"https:\/\/www.sestogrado.it\/it\/prodotto\/petzl-sakapoche-sacchetto-portamagnesite\/#primaryimage\"},\"image\":{\"@id\":\"https:\/\/www.sestogrado.it\/prodotto\/petzl-sakapoche-sacchetto-portamagnesite\/#primaryimage\"},\"thumbnailUrl\":\"https:\/\/www.sestogrado.it\/wp-content\/uploads\/2018\/05\/arancio.jpg\",\"datePublished\":\"2018-05-17T13:53:26+00:00\",\"dateModified\":\"2026-03-04T06:36:46+00:00\",\"description\":\"Il sacchetto portamagnesite PETZL SAKAPOCHE \u00e8 dotato di una tasca a soffietto con zip, ideale per ospitare chiavi, spiccioli, barrette di cereali, una piccola lampada frontale e+LITE, una mappa... La sua forma ergonomica consente un facile accesso alla magnesite. Il suo materiale morbido risulta confortevole.\",\"breadcrumb\":{\"@id\":\"https:\/\/www.sestogrado.it\/it\/prodotto\/petzl-sakapoche-sacchetto-portamagnesite\/#breadcrumb\"},\"inLanguage\":\"it-IT\",\"potentialAction\":[{\"@type\":\"ReadAction\",\"target\":[[\"https:\/\/www.sestogrado.it\/it\/prodotto\/petzl-sakapoche-sacchetto-portamagnesite\/\"]]}]},{\"@type\":\"ImageObject\",\"inLanguage\":\"it-IT\",\"@id\":\"https:\/\/www.sestogrado.it\/it\/prodotto\/petzl-sakapoche-sacchetto-portamagnesite\/#primaryimage\",\"url\":\"https:\/\/www.sestogrado.it\/wp-content\/uploads\/2018\/05\/arancio.jpg\",\"contentUrl\":\"https:\/\/www.sestogrado.it\/wp-content\/uploads\/2018\/05\/arancio.jpg\",\"width\":1200,\"height\":1200,\"caption\":\"sakapoche arancio\"},{\"@type\":\"BreadcrumbList\",\"@id\":\"https:\/\/www.sestogrado.it\/it\/prodotto\/petzl-sakapoche-sacchetto-portamagnesite\/#breadcrumb\",\"itemListElement\":[{\"@type\":\"ListItem\",\"position\":1,\"name\":\"Home\",\"item\":\"https:\/\/www.sestogrado.it\/it\/\"},{\"@type\":\"ListItem\",\"position\":2,\"name\":\"Shop\",\"item\":\"https:\/\/www.sestogrado.it\/it\/shop\/\"},{\"@type\":\"ListItem\",\"position\":3,\"name\":\"Petzl Sakapoche sacchetto portamagnesite\"}]},{\"@type\":\"WebSite\",\"@id\":\"https:\/\/www.sestogrado.it\/it\/#website\",\"url\":\"https:\/\/www.sestogrado.it\/it\/\",\"name\":\"Sestogrado\",\"description\":\"yes we climb\",\"publisher\":{\"@id\":\"https:\/\/www.sestogrado.it\/it\/#organization\"},\"potentialAction\":[{\"@type\":\"SearchAction\",\"target\":{\"@type\":\"EntryPoint\",\"urlTemplate\":\"https:\/\/www.sestogrado.it\/it\/?s={search_term_string}\"},\"query-input\":{\"@type\":\"PropertyValueSpecification\",\"valueRequired\":true,\"valueName\":\"search_term_string\"}}],\"inLanguage\":\"it-IT\"},{\"@type\":\"Organization\",\"@id\":\"https:\/\/www.sestogrado.it\/it\/#organization\",\"name\":\"Sestogrado\",\"url\":\"https:\/\/www.sestogrado.it\/it\/\",\"logo\":{\"@type\":\"ImageObject\",\"inLanguage\":\"it-IT\",\"@id\":\"https:\/\/www.sestogrado.it\/it\/#\/schema\/logo\/image\/\",\"url\":\"https:\/\/www.sestogrado.it\/wp-content\/uploads\/2015\/03\/sestogrado-favicon.png\",\"contentUrl\":\"https:\/\/www.sestogrado.it\/wp-content\/uploads\/2015\/03\/sestogrado-favicon.png\",\"width\":260,\"height\":260,\"caption\":\"Sestogrado\"},\"image\":{\"@id\":\"https:\/\/www.sestogrado.it\/it\/#\/schema\/logo\/image\/\"},\"sameAs\":[\"https:\/\/www.facebook.com\/pages\/Sestogrado\/1542635979353017?ref=bookmarks\",\"https:\/\/www.youtube.com\/channel\/UC847kAfTkaJsWpc1jtQwr3Q\"],\"hasMerchantReturnPolicy\":{\"@type\":\"MerchantReturnPolicy\",\"merchantReturnLink\":\"https:\/\/www.sestogrado.it\/it\/termini-e-condizioni\/\"}}]}<\/script>\n<meta property=\"product:brand\" content=\"Petzl\" \/>\n<meta property=\"og:availability\" content=\"instock\" \/>\n<meta property=\"product:availability\" content=\"instock\" \/>\n<meta property=\"product:condition\" content=\"new\" \/>\n<!-- \/ Yoast SEO plugin. -->","yoast_head_json":{"title":"Petzl Sakapoche sacchetto portamagnesite - Sestogrado","description":"Il sacchetto portamagnesite PETZL SAKAPOCHE \u00e8 dotato di una tasca a soffietto con zip, ideale per ospitare chiavi, spiccioli, barrette di cereali, una piccola lampada frontale e+LITE, una mappa... La sua forma ergonomica consente un facile accesso alla magnesite. Il suo materiale morbido risulta confortevole.","robots":{"index":"index","follow":"follow","max-snippet":"max-snippet:-1","max-image-preview":"max-image-preview:large","max-video-preview":"max-video-preview:-1"},"canonical":"https:\/\/www.sestogrado.it\/it\/prodotto\/petzl-sakapoche-sacchetto-portamagnesite\/","og_locale":"it_IT","og_type":"article","og_title":"Petzl Sakapoche sacchetto portamagnesite - Sestogrado","og_description":"Il sacchetto portamagnesite PETZL SAKAPOCHE \u00e8 dotato di una tasca a soffietto con zip, ideale per ospitare chiavi, spiccioli, barrette di cereali, una piccola lampada frontale e+LITE, una mappa... La sua forma ergonomica consente un facile accesso alla magnesite. Il suo materiale morbido risulta confortevole.","og_url":"https:\/\/www.sestogrado.it\/it\/prodotto\/petzl-sakapoche-sacchetto-portamagnesite\/","og_site_name":"Sestogrado","article_publisher":"https:\/\/www.facebook.com\/pages\/Sestogrado\/1542635979353017?ref=bookmarks","article_modified_time":"2026-03-04T06:36:46+00:00","og_image":[{"width":1200,"height":1200,"url":"https:\/\/www.sestogrado.it\/wp-content\/uploads\/2018\/05\/arancio.jpg","type":"image\/jpeg"}],"twitter_misc":{"Disponibilit\u00e0":"In stock"},"schema":{"@context":"https:\/\/schema.org","@graph":[{"@type":"WebPage","@id":"https:\/\/www.sestogrado.it\/it\/prodotto\/petzl-sakapoche-sacchetto-portamagnesite\/","url":"https:\/\/www.sestogrado.it\/it\/prodotto\/petzl-sakapoche-sacchetto-portamagnesite\/","name":"Petzl Sakapoche sacchetto portamagnesite - Sestogrado","isPartOf":{"@id":"https:\/\/www.sestogrado.it\/it\/#website"},"primaryImageOfPage":{"@id":"https:\/\/www.sestogrado.it\/it\/prodotto\/petzl-sakapoche-sacchetto-portamagnesite\/#primaryimage"},"image":{"@id":"https:\/\/www.sestogrado.it\/prodotto\/petzl-sakapoche-sacchetto-portamagnesite\/#primaryimage"},"thumbnailUrl":"https:\/\/www.sestogrado.it\/wp-content\/uploads\/2018\/05\/arancio.jpg","datePublished":"2018-05-17T13:53:26+00:00","dateModified":"2026-03-04T06:36:46+00:00","description":"Il sacchetto portamagnesite PETZL SAKAPOCHE \u00e8 dotato di una tasca a soffietto con zip, ideale per ospitare chiavi, spiccioli, barrette di cereali, una piccola lampada frontale e+LITE, una mappa... La sua forma ergonomica consente un facile accesso alla magnesite. Il suo materiale morbido risulta confortevole.","breadcrumb":{"@id":"https:\/\/www.sestogrado.it\/it\/prodotto\/petzl-sakapoche-sacchetto-portamagnesite\/#breadcrumb"},"inLanguage":"it-IT","potentialAction":[{"@type":"ReadAction","target":[["https:\/\/www.sestogrado.it\/it\/prodotto\/petzl-sakapoche-sacchetto-portamagnesite\/"]]}]},{"@type":"ImageObject","inLanguage":"it-IT","@id":"https:\/\/www.sestogrado.it\/it\/prodotto\/petzl-sakapoche-sacchetto-portamagnesite\/#primaryimage","url":"https:\/\/www.sestogrado.it\/wp-content\/uploads\/2018\/05\/arancio.jpg","contentUrl":"https:\/\/www.sestogrado.it\/wp-content\/uploads\/2018\/05\/arancio.jpg","width":1200,"height":1200,"caption":"sakapoche arancio"},{"@type":"BreadcrumbList","@id":"https:\/\/www.sestogrado.it\/it\/prodotto\/petzl-sakapoche-sacchetto-portamagnesite\/#breadcrumb","itemListElement":[{"@type":"ListItem","position":1,"name":"Home","item":"https:\/\/www.sestogrado.it\/it\/"},{"@type":"ListItem","position":2,"name":"Shop","item":"https:\/\/www.sestogrado.it\/it\/shop\/"},{"@type":"ListItem","position":3,"name":"Petzl Sakapoche sacchetto portamagnesite"}]},{"@type":"WebSite","@id":"https:\/\/www.sestogrado.it\/it\/#website","url":"https:\/\/www.sestogrado.it\/it\/","name":"Sestogrado","description":"yes we climb","publisher":{"@id":"https:\/\/www.sestogrado.it\/it\/#organization"},"potentialAction":[{"@type":"SearchAction","target":{"@type":"EntryPoint","urlTemplate":"https:\/\/www.sestogrado.it\/it\/?s={search_term_string}"},"query-input":{"@type":"PropertyValueSpecification","valueRequired":true,"valueName":"search_term_string"}}],"inLanguage":"it-IT"},{"@type":"Organization","@id":"https:\/\/www.sestogrado.it\/it\/#organization","name":"Sestogrado","url":"https:\/\/www.sestogrado.it\/it\/","logo":{"@type":"ImageObject","inLanguage":"it-IT","@id":"https:\/\/www.sestogrado.it\/it\/#\/schema\/logo\/image\/","url":"https:\/\/www.sestogrado.it\/wp-content\/uploads\/2015\/03\/sestogrado-favicon.png","contentUrl":"https:\/\/www.sestogrado.it\/wp-content\/uploads\/2015\/03\/sestogrado-favicon.png","width":260,"height":260,"caption":"Sestogrado"},"image":{"@id":"https:\/\/www.sestogrado.it\/it\/#\/schema\/logo\/image\/"},"sameAs":["https:\/\/www.facebook.com\/pages\/Sestogrado\/1542635979353017?ref=bookmarks","https:\/\/www.youtube.com\/channel\/UC847kAfTkaJsWpc1jtQwr3Q"],"hasMerchantReturnPolicy":{"@type":"MerchantReturnPolicy","merchantReturnLink":"https:\/\/www.sestogrado.it\/it\/termini-e-condizioni\/"}}]},"product_brand":"Petzl","og_availability":"instock","product_availability":"instock","product_condition":"new"},"_links":{"self":[{"href":"https:\/\/www.sestogrado.it\/it\/wp-json\/wp\/v2\/product\/16203","targetHints":{"allow":["GET"]}}],"collection":[{"href":"https:\/\/www.sestogrado.it\/it\/wp-json\/wp\/v2\/product"}],"about":[{"href":"https:\/\/www.sestogrado.it\/it\/wp-json\/wp\/v2\/types\/product"}],"replies":[{"embeddable":true,"href":"https:\/\/www.sestogrado.it\/it\/wp-json\/wp\/v2\/comments?post=16203"}],"wp:featuredmedia":[{"embeddable":true,"href":"https:\/\/www.sestogrado.it\/it\/wp-json\/wp\/v2\/media\/161797"}],"wp:attachment":[{"href":"https:\/\/www.sestogrado.it\/it\/wp-json\/wp\/v2\/media?parent=16203"}],"wp:term":[{"taxonomy":"product_brand","embeddable":true,"href":"https:\/\/www.sestogrado.it\/it\/wp-json\/wp\/v2\/product_brand?post=16203"},{"taxonomy":"product_cat","embeddable":true,"href":"https:\/\/www.sestogrado.it\/it\/wp-json\/wp\/v2\/product_cat?post=16203"},{"taxonomy":"product_tag","embeddable":true,"href":"https:\/\/www.sestogrado.it\/it\/wp-json\/wp\/v2\/product_tag?post=16203"}],"curies":[{"name":"wp","href":"https:\/\/api.w.org\/{rel}","templated":true}]}}