{"id":16196,"date":"2024-05-17T15:08:42","date_gmt":"2024-05-17T13:08:42","guid":{"rendered":"https:\/\/www.sestogrado.it\/?post_type=product&#038;p=16196"},"modified":"2026-04-20T16:43:49","modified_gmt":"2026-04-20T14:43:49","slug":"grivel-ghost-evo-piccozza","status":"publish","type":"product","link":"https:\/\/www.sestogrado.it\/it\/prodotto\/grivel-ghost-evo-piccozza\/","title":{"rendered":"Grivel Ghost Evo Piccozza"},"content":{"rendered":"<p>La Grivel Ghost Evo \u00e8 una piccozza con paletta molto leggera e resistente. E&#8217;\u00a0l&#8217;evoluzione della piccozza pi\u00f9 leggera dedicata allo scialpinismo <a href=\"https:\/\/www.sestogrado.it\/it\/prodotto\/grivel-ghost-piccozza\/\" target=\"_blank\" rel=\"noopener noreferrer\">Ghost<\/a>, ed \u00e8 una piccozza dedicata ad un alpinismo tecnico per chi sta cercando l&#8217;opzione pi\u00f9 leggera possibile. La Ghost Evo ha una lama in acciaio al carbonio, un corpo leggerissimo G-Bone con una forma aggressiva ed un puntale in acciaio al carbonio.<\/p>\n<ul>\n<li>lama e puntale in acciaio al carbonio per massima leggerezza<\/li>\n<li>corpo G-Bone ricurvo che migliora la presa sulla neve e facilita la manovra di arresto<\/li>\n<li>disponibile in due lunghezze, 45 e 50cm<\/li>\n<li>peso solo 309g<\/li>\n<\/ul>\n<p>&nbsp;<\/p>\n<p>La Grivel Ghost Evo sfrutta una filosofia costruttiva orientata alla massima leggerezza tipica delle piccozze da scialpinismo, ma con caratteristiche di robustezza ed aggressivit\u00e0 dedicata ad un alpinismo tecnico fast and light.<\/p>\n<p>&nbsp;<\/p>\n<p>Nata nel 1818 a Courmayeur, la Grivel \u00e8 un\u2019azienda italiana che produce attrezzature ed equipaggiamenti per alpinismo, arrampicata ed outdoor esportando in 26 paesi.\u00a0\u00a0L\u2019azienda ha ottenuto la certificazione GS T\u00dcV dal 1992, ISO 9001 dal 1996, ISO 1400 dal 2004.\u00a0L\u2019obiettivo di\u00a0Grivel \u00e8 di facilitare la vita agli alpinisti e agli amanti della montagna\u00a0con prodotti tecnologicamente avanzati.<\/p>","protected":false},"excerpt":{"rendered":"<p>La Grivel Ghost Evo \u00e8 una piccozza con paletta molto leggera e resistente. E&#8217;\u00a0l&#8217;evoluzione della piccozza pi\u00f9 leggera dedicata allo [&hellip;]<\/p>\n","protected":false},"featured_media":22836,"comment_status":"open","ping_status":"closed","template":"","meta":{"_acf_changed":false},"product_brand":[126],"product_cat":[152],"product_tag":[],"class_list":{"0":"post-16196","1":"product","2":"type-product","3":"status-publish","4":"has-post-thumbnail","6":"product_brand-grivel","7":"product_cat-piccozze","9":"first","10":"instock","11":"sale","12":"taxable","13":"shipping-taxable","14":"purchasable","15":"product-type-variable"},"acf":[],"yoast_head":"<!-- This site is optimized with the Yoast SEO plugin v26.4 - https:\/\/yoast.com\/wordpress\/plugins\/seo\/ -->\n<title>Grivel Ghost Evo Piccozza - Sestogrado<\/title>\n<meta name=\"description\" content=\"La Grivel Ghost Evo \u00e8 l&#039;evoluzione della piccozza pi\u00f9 leggera dedicata allo scialpinismo Ghost, ed \u00e8 una piccozza dedicata ad un alpinismo tecnico per chi sta cercando l&#039;opzione pi\u00f9 leggera possibile. La Ghost Evo ha una lama in acciaio al carbonio, un corpo leggerissimo G-Bone con una forma aggressiva.\" \/>\n<meta name=\"robots\" content=\"index, follow, max-snippet:-1, max-image-preview:large, max-video-preview:-1\" \/>\n<link rel=\"canonical\" href=\"https:\/\/www.sestogrado.it\/it\/prodotto\/grivel-ghost-evo-piccozza\/\" \/>\n<meta property=\"og:locale\" content=\"it_IT\" \/>\n<meta property=\"og:type\" content=\"article\" \/>\n<meta property=\"og:title\" content=\"Grivel Ghost Evo Piccozza - Sestogrado\" \/>\n<meta property=\"og:description\" content=\"La Grivel Ghost Evo \u00e8 l&#039;evoluzione della piccozza pi\u00f9 leggera dedicata allo scialpinismo Ghost, ed \u00e8 una piccozza dedicata ad un alpinismo tecnico per chi sta cercando l&#039;opzione pi\u00f9 leggera possibile. La Ghost Evo ha una lama in acciaio al carbonio, un corpo leggerissimo G-Bone con una forma aggressiva.\" \/>\n<meta property=\"og:url\" content=\"https:\/\/www.sestogrado.it\/it\/prodotto\/grivel-ghost-evo-piccozza\/\" \/>\n<meta property=\"og:site_name\" content=\"Sestogrado\" \/>\n<meta property=\"article:publisher\" content=\"https:\/\/www.facebook.com\/pages\/Sestogrado\/1542635979353017?ref=bookmarks\" \/>\n<meta property=\"article:modified_time\" content=\"2026-04-20T14:43:49+00:00\" \/>\n<meta property=\"og:image\" content=\"https:\/\/www.sestogrado.it\/wp-content\/uploads\/2018\/05\/01-6.jpg\" \/>\n\t<meta property=\"og:image:width\" content=\"1000\" \/>\n\t<meta property=\"og:image:height\" content=\"1001\" \/>\n\t<meta property=\"og:image:type\" content=\"image\/jpeg\" \/>\n<meta name=\"twitter:label1\" content=\"Disponibilit\u00e0\" \/>\n\t<meta name=\"twitter:data1\" content=\"In stock\" \/>\n<script type=\"application\/ld+json\" class=\"yoast-schema-graph\">{\"@context\":\"https:\/\/schema.org\",\"@graph\":[{\"@type\":\"WebPage\",\"@id\":\"https:\/\/www.sestogrado.it\/it\/prodotto\/grivel-ghost-evo-piccozza\/\",\"url\":\"https:\/\/www.sestogrado.it\/it\/prodotto\/grivel-ghost-evo-piccozza\/\",\"name\":\"Grivel Ghost Evo Piccozza - Sestogrado\",\"isPartOf\":{\"@id\":\"https:\/\/www.sestogrado.it\/it\/#website\"},\"primaryImageOfPage\":{\"@id\":\"https:\/\/www.sestogrado.it\/it\/prodotto\/grivel-ghost-evo-piccozza\/#primaryimage\"},\"image\":{\"@id\":\"https:\/\/www.sestogrado.it\/prodotto\/grivel-ghost-evo-piccozza\/#primaryimage\"},\"thumbnailUrl\":\"https:\/\/www.sestogrado.it\/wp-content\/uploads\/2018\/05\/01-6.jpg\",\"datePublished\":\"2024-05-17T13:08:42+00:00\",\"dateModified\":\"2026-04-20T14:43:49+00:00\",\"description\":\"La Grivel Ghost Evo \u00e8 l'evoluzione della piccozza pi\u00f9 leggera dedicata allo scialpinismo Ghost, ed \u00e8 una piccozza dedicata ad un alpinismo tecnico per chi sta cercando l'opzione pi\u00f9 leggera possibile. La Ghost Evo ha una lama in acciaio al carbonio, un corpo leggerissimo G-Bone con una forma aggressiva.\",\"breadcrumb\":{\"@id\":\"https:\/\/www.sestogrado.it\/it\/prodotto\/grivel-ghost-evo-piccozza\/#breadcrumb\"},\"inLanguage\":\"it-IT\",\"potentialAction\":[{\"@type\":\"ReadAction\",\"target\":[[\"https:\/\/www.sestogrado.it\/it\/prodotto\/grivel-ghost-evo-piccozza\/\"]]}]},{\"@type\":\"ImageObject\",\"inLanguage\":\"it-IT\",\"@id\":\"https:\/\/www.sestogrado.it\/it\/prodotto\/grivel-ghost-evo-piccozza\/#primaryimage\",\"url\":\"https:\/\/www.sestogrado.it\/wp-content\/uploads\/2018\/05\/01-6.jpg\",\"contentUrl\":\"https:\/\/www.sestogrado.it\/wp-content\/uploads\/2018\/05\/01-6.jpg\",\"width\":1000,\"height\":1001,\"caption\":\"grivel ghost evo\"},{\"@type\":\"BreadcrumbList\",\"@id\":\"https:\/\/www.sestogrado.it\/it\/prodotto\/grivel-ghost-evo-piccozza\/#breadcrumb\",\"itemListElement\":[{\"@type\":\"ListItem\",\"position\":1,\"name\":\"Home\",\"item\":\"https:\/\/www.sestogrado.it\/it\/\"},{\"@type\":\"ListItem\",\"position\":2,\"name\":\"Shop\",\"item\":\"https:\/\/www.sestogrado.it\/it\/shop\/\"},{\"@type\":\"ListItem\",\"position\":3,\"name\":\"Grivel Ghost Evo Piccozza\"}]},{\"@type\":\"WebSite\",\"@id\":\"https:\/\/www.sestogrado.it\/it\/#website\",\"url\":\"https:\/\/www.sestogrado.it\/it\/\",\"name\":\"Sestogrado\",\"description\":\"yes we climb\",\"publisher\":{\"@id\":\"https:\/\/www.sestogrado.it\/it\/#organization\"},\"potentialAction\":[{\"@type\":\"SearchAction\",\"target\":{\"@type\":\"EntryPoint\",\"urlTemplate\":\"https:\/\/www.sestogrado.it\/it\/?s={search_term_string}\"},\"query-input\":{\"@type\":\"PropertyValueSpecification\",\"valueRequired\":true,\"valueName\":\"search_term_string\"}}],\"inLanguage\":\"it-IT\"},{\"@type\":\"Organization\",\"@id\":\"https:\/\/www.sestogrado.it\/it\/#organization\",\"name\":\"Sestogrado\",\"url\":\"https:\/\/www.sestogrado.it\/it\/\",\"logo\":{\"@type\":\"ImageObject\",\"inLanguage\":\"it-IT\",\"@id\":\"https:\/\/www.sestogrado.it\/it\/#\/schema\/logo\/image\/\",\"url\":\"https:\/\/www.sestogrado.it\/wp-content\/uploads\/2015\/03\/sestogrado-favicon.png\",\"contentUrl\":\"https:\/\/www.sestogrado.it\/wp-content\/uploads\/2015\/03\/sestogrado-favicon.png\",\"width\":260,\"height\":260,\"caption\":\"Sestogrado\"},\"image\":{\"@id\":\"https:\/\/www.sestogrado.it\/it\/#\/schema\/logo\/image\/\"},\"sameAs\":[\"https:\/\/www.facebook.com\/pages\/Sestogrado\/1542635979353017?ref=bookmarks\",\"https:\/\/www.youtube.com\/channel\/UC847kAfTkaJsWpc1jtQwr3Q\"],\"hasMerchantReturnPolicy\":{\"@type\":\"MerchantReturnPolicy\",\"merchantReturnLink\":\"https:\/\/www.sestogrado.it\/it\/termini-e-condizioni\/\"}}]}<\/script>\n<meta property=\"product:brand\" content=\"Grivel\" \/>\n<meta property=\"og:availability\" content=\"instock\" \/>\n<meta property=\"product:availability\" content=\"instock\" \/>\n<meta property=\"product:condition\" content=\"new\" \/>\n<!-- \/ Yoast SEO plugin. -->","yoast_head_json":{"title":"Grivel Ghost Evo Piccozza - Sestogrado","description":"La Grivel Ghost Evo \u00e8 l'evoluzione della piccozza pi\u00f9 leggera dedicata allo scialpinismo Ghost, ed \u00e8 una piccozza dedicata ad un alpinismo tecnico per chi sta cercando l'opzione pi\u00f9 leggera possibile. La Ghost Evo ha una lama in acciaio al carbonio, un corpo leggerissimo G-Bone con una forma aggressiva.","robots":{"index":"index","follow":"follow","max-snippet":"max-snippet:-1","max-image-preview":"max-image-preview:large","max-video-preview":"max-video-preview:-1"},"canonical":"https:\/\/www.sestogrado.it\/it\/prodotto\/grivel-ghost-evo-piccozza\/","og_locale":"it_IT","og_type":"article","og_title":"Grivel Ghost Evo Piccozza - Sestogrado","og_description":"La Grivel Ghost Evo \u00e8 l'evoluzione della piccozza pi\u00f9 leggera dedicata allo scialpinismo Ghost, ed \u00e8 una piccozza dedicata ad un alpinismo tecnico per chi sta cercando l'opzione pi\u00f9 leggera possibile. La Ghost Evo ha una lama in acciaio al carbonio, un corpo leggerissimo G-Bone con una forma aggressiva.","og_url":"https:\/\/www.sestogrado.it\/it\/prodotto\/grivel-ghost-evo-piccozza\/","og_site_name":"Sestogrado","article_publisher":"https:\/\/www.facebook.com\/pages\/Sestogrado\/1542635979353017?ref=bookmarks","article_modified_time":"2026-04-20T14:43:49+00:00","og_image":[{"width":1000,"height":1001,"url":"https:\/\/www.sestogrado.it\/wp-content\/uploads\/2018\/05\/01-6.jpg","type":"image\/jpeg"}],"twitter_misc":{"Disponibilit\u00e0":"In stock"},"schema":{"@context":"https:\/\/schema.org","@graph":[{"@type":"WebPage","@id":"https:\/\/www.sestogrado.it\/it\/prodotto\/grivel-ghost-evo-piccozza\/","url":"https:\/\/www.sestogrado.it\/it\/prodotto\/grivel-ghost-evo-piccozza\/","name":"Grivel Ghost Evo Piccozza - Sestogrado","isPartOf":{"@id":"https:\/\/www.sestogrado.it\/it\/#website"},"primaryImageOfPage":{"@id":"https:\/\/www.sestogrado.it\/it\/prodotto\/grivel-ghost-evo-piccozza\/#primaryimage"},"image":{"@id":"https:\/\/www.sestogrado.it\/prodotto\/grivel-ghost-evo-piccozza\/#primaryimage"},"thumbnailUrl":"https:\/\/www.sestogrado.it\/wp-content\/uploads\/2018\/05\/01-6.jpg","datePublished":"2024-05-17T13:08:42+00:00","dateModified":"2026-04-20T14:43:49+00:00","description":"La Grivel Ghost Evo \u00e8 l'evoluzione della piccozza pi\u00f9 leggera dedicata allo scialpinismo Ghost, ed \u00e8 una piccozza dedicata ad un alpinismo tecnico per chi sta cercando l'opzione pi\u00f9 leggera possibile. La Ghost Evo ha una lama in acciaio al carbonio, un corpo leggerissimo G-Bone con una forma aggressiva.","breadcrumb":{"@id":"https:\/\/www.sestogrado.it\/it\/prodotto\/grivel-ghost-evo-piccozza\/#breadcrumb"},"inLanguage":"it-IT","potentialAction":[{"@type":"ReadAction","target":[["https:\/\/www.sestogrado.it\/it\/prodotto\/grivel-ghost-evo-piccozza\/"]]}]},{"@type":"ImageObject","inLanguage":"it-IT","@id":"https:\/\/www.sestogrado.it\/it\/prodotto\/grivel-ghost-evo-piccozza\/#primaryimage","url":"https:\/\/www.sestogrado.it\/wp-content\/uploads\/2018\/05\/01-6.jpg","contentUrl":"https:\/\/www.sestogrado.it\/wp-content\/uploads\/2018\/05\/01-6.jpg","width":1000,"height":1001,"caption":"grivel ghost evo"},{"@type":"BreadcrumbList","@id":"https:\/\/www.sestogrado.it\/it\/prodotto\/grivel-ghost-evo-piccozza\/#breadcrumb","itemListElement":[{"@type":"ListItem","position":1,"name":"Home","item":"https:\/\/www.sestogrado.it\/it\/"},{"@type":"ListItem","position":2,"name":"Shop","item":"https:\/\/www.sestogrado.it\/it\/shop\/"},{"@type":"ListItem","position":3,"name":"Grivel Ghost Evo Piccozza"}]},{"@type":"WebSite","@id":"https:\/\/www.sestogrado.it\/it\/#website","url":"https:\/\/www.sestogrado.it\/it\/","name":"Sestogrado","description":"yes we climb","publisher":{"@id":"https:\/\/www.sestogrado.it\/it\/#organization"},"potentialAction":[{"@type":"SearchAction","target":{"@type":"EntryPoint","urlTemplate":"https:\/\/www.sestogrado.it\/it\/?s={search_term_string}"},"query-input":{"@type":"PropertyValueSpecification","valueRequired":true,"valueName":"search_term_string"}}],"inLanguage":"it-IT"},{"@type":"Organization","@id":"https:\/\/www.sestogrado.it\/it\/#organization","name":"Sestogrado","url":"https:\/\/www.sestogrado.it\/it\/","logo":{"@type":"ImageObject","inLanguage":"it-IT","@id":"https:\/\/www.sestogrado.it\/it\/#\/schema\/logo\/image\/","url":"https:\/\/www.sestogrado.it\/wp-content\/uploads\/2015\/03\/sestogrado-favicon.png","contentUrl":"https:\/\/www.sestogrado.it\/wp-content\/uploads\/2015\/03\/sestogrado-favicon.png","width":260,"height":260,"caption":"Sestogrado"},"image":{"@id":"https:\/\/www.sestogrado.it\/it\/#\/schema\/logo\/image\/"},"sameAs":["https:\/\/www.facebook.com\/pages\/Sestogrado\/1542635979353017?ref=bookmarks","https:\/\/www.youtube.com\/channel\/UC847kAfTkaJsWpc1jtQwr3Q"],"hasMerchantReturnPolicy":{"@type":"MerchantReturnPolicy","merchantReturnLink":"https:\/\/www.sestogrado.it\/it\/termini-e-condizioni\/"}}]},"product_brand":"Grivel","og_availability":"instock","product_availability":"instock","product_condition":"new"},"_links":{"self":[{"href":"https:\/\/www.sestogrado.it\/it\/wp-json\/wp\/v2\/product\/16196","targetHints":{"allow":["GET"]}}],"collection":[{"href":"https:\/\/www.sestogrado.it\/it\/wp-json\/wp\/v2\/product"}],"about":[{"href":"https:\/\/www.sestogrado.it\/it\/wp-json\/wp\/v2\/types\/product"}],"replies":[{"embeddable":true,"href":"https:\/\/www.sestogrado.it\/it\/wp-json\/wp\/v2\/comments?post=16196"}],"wp:featuredmedia":[{"embeddable":true,"href":"https:\/\/www.sestogrado.it\/it\/wp-json\/wp\/v2\/media\/22836"}],"wp:attachment":[{"href":"https:\/\/www.sestogrado.it\/it\/wp-json\/wp\/v2\/media?parent=16196"}],"wp:term":[{"taxonomy":"product_brand","embeddable":true,"href":"https:\/\/www.sestogrado.it\/it\/wp-json\/wp\/v2\/product_brand?post=16196"},{"taxonomy":"product_cat","embeddable":true,"href":"https:\/\/www.sestogrado.it\/it\/wp-json\/wp\/v2\/product_cat?post=16196"},{"taxonomy":"product_tag","embeddable":true,"href":"https:\/\/www.sestogrado.it\/it\/wp-json\/wp\/v2\/product_tag?post=16196"}],"curies":[{"name":"wp","href":"https:\/\/api.w.org\/{rel}","templated":true}]}}