{"id":1615,"date":"2015-06-09T14:33:09","date_gmt":"2015-06-09T12:33:09","guid":{"rendered":"http:\/\/www.sestogrado.it\/prodotto\/ferramenta\/ct-climbing-technology-lime-dyneema-colorato-rinvio\/"},"modified":"2026-04-18T17:21:15","modified_gmt":"2026-04-18T15:21:15","slug":"ct-climbing-technology-lime-dyneema-rinvio-rinvii-arrampicata","status":"publish","type":"product","link":"https:\/\/www.sestogrado.it\/it\/prodotto\/ct-climbing-technology-lime-dyneema-rinvio-rinvii-arrampicata\/","title":{"rendered":"CT Climbing Technology Lime Dyneema rinvio rinvii arrampicata"},"content":{"rendered":"<p>Il CT Lime Dyneema sono la versione con fettuccia in dyneema del rinvio best seller <a href=\"https:\/\/www.sestogrado.it\/it\/prodotto\/ct-climbing-technology-lime-nylon-rinvio-rinvii-arrampicata\/\" target=\"_blank\" rel=\"noopener noreferrer\">CT Lime<\/a>. La fettuccia in dyneema \u00e8 pi\u00f9 sottile e resistente rispetto alla fettuccia in nylon, per cui a parit\u00e0 di tenuta rispetto alla versione in nylon, rende il rinvio pi\u00f9 leggero del 10%.<\/p>\n<p>Per la maggiore leggerezza e perch\u00e8 il dyneema rispetto al nylon ha minore tendenza ad assorbimento di acqua ed umidit\u00e0, il CT Lime Dyneema \u00e8 particolarmente consigliato per attivit\u00e0 alpinistica in montagna, vie lunghe di roccia, misto, ghiaccio.<\/p>\n<p>I moschettoni Lime che compongono il rinvio CT Lime Nylon sono in lega leggera e forgiati a caldo, con chiusura catch-free che evita l\u2019impiglio accidentale durante l\u2019uso ed hanno una forma piuttosto classica, pesano 41g (90g il preparato in dyneema), richiedono una forza \u201cmedia\u201d per l\u2019apertura della leva. Il moschettone superiore Lime S \u00e8 con leva dritta mentre il moschettone inferiore Lime B \u00e8 con leva curva per facilitare l&#8217;ingresso della corda in fase di rinviata.<\/p>\n<p>Sicurezza: entrambi i moschettoni sono dotati di chiusura catch-free che evita qualsiasi tipo di incastro e impigliamento nello spit o con la corda.<\/p>\n<ul>\n<li>fettuccia in dyneema resistente, leggera e larga 11mm<\/li>\n<li>moschettoni Lime, durevoli e forgiati a caldo, catch-free facilitano il moschettonaggio<\/li>\n<li>ferma fettuccia Fixit, impedisce la rotazione del moschettone e tiene stabile il rinvio<\/li>\n<\/ul>\n<p>&nbsp;<\/p>\n<p>Il CT Lime Dyneema \u00e8 un rinvio robusto e polivalente che usufruisce della leggerezza e resistenza unica del dyneema.<\/p>\n<p>&nbsp;<\/p>\n<p>CT Climbing Technology\u00a0progetta e produce\u00a0dispositivi innovativi per tutte discipline verticali concepiti per la sicurezza e la facilit\u00e0 d\u2019utilizzo. Pi\u00f9 di 30 anni \u00a0di esperienza hanno reso Climbing Technology un\u2019azienda capace di\u00a0percepire le richieste del mercato e tradurle in prodotti innovativi per l\u2019alpinismo, l\u2019arrampicata sportiva e la sicurezza del\u00a0lavoro in quota. I prodotti Climbing Technology sono un esempio concreto di esperienza italiana nella progettazione e produzione di\u00a0Dispositivi di Protezione Individuale\u00a0di alta qualit\u00e0. La diversificazione specializzata e la ricerca costante di materiali innovativi e di nuove tecniche di trasformazione sono indispensabili per il raggiungimento di nuovi traguardi: consentono di realizzare dispositivi che rispondano alle pi\u00f9 evolute esigenze tecniche e sportive.<\/p>\n<p>&nbsp;<\/p>","protected":false},"excerpt":{"rendered":"<p>Il CT Lime Dyneema sono la versione con fettuccia in dyneema del rinvio best seller CT Lime. La fettuccia in [&hellip;]<\/p>\n","protected":false},"featured_media":91358,"comment_status":"open","ping_status":"closed","template":"","meta":{"_acf_changed":false},"product_brand":[55],"product_cat":[17,133],"product_tag":[415],"class_list":{"0":"post-1615","1":"product","2":"type-product","3":"status-publish","4":"has-post-thumbnail","6":"product_brand-ct-climbing-technology","7":"product_cat-ferramenta","8":"product_cat-rinvii","9":"product_tag-rinvii-climbing-technology","11":"first","12":"instock","13":"sale","14":"taxable","15":"shipping-taxable","16":"purchasable","17":"product-type-variable"},"acf":[],"yoast_head":"<!-- This site is optimized with the Yoast SEO plugin v26.4 - https:\/\/yoast.com\/wordpress\/plugins\/seo\/ -->\n<title>CT Climbing Technology Lime Dyneema rinvio rinvii arrampicata - Sestogrado<\/title>\n<meta name=\"description\" content=\"Rinvio CT lime dyneema climbing technology classico e polivalente con ottimo rapporto qualit\u00e0 prezzo. La fettuccia in dyneema \u00e8 pi\u00f9 sottile e resistente rispetto alla fettuccia in nylon, per cui a parit\u00e0 di tenuta rispetto alla versione in nylon, rende il rinvio pi\u00f9 leggero del 10%.\" \/>\n<meta name=\"robots\" content=\"index, follow, max-snippet:-1, max-image-preview:large, max-video-preview:-1\" \/>\n<link rel=\"canonical\" href=\"https:\/\/www.sestogrado.it\/it\/prodotto\/ct-climbing-technology-lime-dyneema-rinvio-rinvii-arrampicata\/\" \/>\n<meta property=\"og:locale\" content=\"it_IT\" \/>\n<meta property=\"og:type\" content=\"article\" \/>\n<meta property=\"og:title\" content=\"CT Climbing Technology Lime Dyneema rinvio rinvii arrampicata - Sestogrado\" \/>\n<meta property=\"og:description\" content=\"Rinvio CT lime dyneema climbing technology classico e polivalente con ottimo rapporto qualit\u00e0 prezzo. La fettuccia in dyneema \u00e8 pi\u00f9 sottile e resistente rispetto alla fettuccia in nylon, per cui a parit\u00e0 di tenuta rispetto alla versione in nylon, rende il rinvio pi\u00f9 leggero del 10%.\" \/>\n<meta property=\"og:url\" content=\"https:\/\/www.sestogrado.it\/it\/prodotto\/ct-climbing-technology-lime-dyneema-rinvio-rinvii-arrampicata\/\" \/>\n<meta property=\"og:site_name\" content=\"Sestogrado\" \/>\n<meta property=\"article:publisher\" content=\"https:\/\/www.facebook.com\/pages\/Sestogrado\/1542635979353017?ref=bookmarks\" \/>\n<meta property=\"article:modified_time\" content=\"2026-04-18T15:21:15+00:00\" \/>\n<meta property=\"og:image\" content=\"https:\/\/www.sestogrado.it\/wp-content\/uploads\/2015\/06\/1.jpg\" \/>\n\t<meta property=\"og:image:width\" content=\"1200\" \/>\n\t<meta property=\"og:image:height\" content=\"1200\" \/>\n\t<meta property=\"og:image:type\" content=\"image\/jpeg\" \/>\n<meta name=\"twitter:label1\" content=\"Disponibilit\u00e0\" \/>\n\t<meta name=\"twitter:data1\" content=\"In stock\" \/>\n<script type=\"application\/ld+json\" class=\"yoast-schema-graph\">{\"@context\":\"https:\/\/schema.org\",\"@graph\":[{\"@type\":\"WebPage\",\"@id\":\"https:\/\/www.sestogrado.it\/it\/prodotto\/ct-climbing-technology-lime-dyneema-rinvio-rinvii-arrampicata\/\",\"url\":\"https:\/\/www.sestogrado.it\/it\/prodotto\/ct-climbing-technology-lime-dyneema-rinvio-rinvii-arrampicata\/\",\"name\":\"CT Climbing Technology Lime Dyneema rinvio rinvii arrampicata - Sestogrado\",\"isPartOf\":{\"@id\":\"https:\/\/www.sestogrado.it\/it\/#website\"},\"primaryImageOfPage\":{\"@id\":\"https:\/\/www.sestogrado.it\/it\/prodotto\/ct-climbing-technology-lime-dyneema-rinvio-rinvii-arrampicata\/#primaryimage\"},\"image\":{\"@id\":\"https:\/\/www.sestogrado.it\/prodotto\/ct-climbing-technology-lime-dyneema-rinvio-rinvii-arrampicata\/#primaryimage\"},\"thumbnailUrl\":\"https:\/\/www.sestogrado.it\/wp-content\/uploads\/2015\/06\/1.jpg\",\"datePublished\":\"2015-06-09T12:33:09+00:00\",\"dateModified\":\"2026-04-18T15:21:15+00:00\",\"description\":\"Rinvio CT lime dyneema climbing technology classico e polivalente con ottimo rapporto qualit\u00e0 prezzo. La fettuccia in dyneema \u00e8 pi\u00f9 sottile e resistente rispetto alla fettuccia in nylon, per cui a parit\u00e0 di tenuta rispetto alla versione in nylon, rende il rinvio pi\u00f9 leggero del 10%.\",\"breadcrumb\":{\"@id\":\"https:\/\/www.sestogrado.it\/it\/prodotto\/ct-climbing-technology-lime-dyneema-rinvio-rinvii-arrampicata\/#breadcrumb\"},\"inLanguage\":\"it-IT\",\"potentialAction\":[{\"@type\":\"ReadAction\",\"target\":[[\"https:\/\/www.sestogrado.it\/it\/prodotto\/ct-climbing-technology-lime-dyneema-rinvio-rinvii-arrampicata\/\"]]}]},{\"@type\":\"ImageObject\",\"inLanguage\":\"it-IT\",\"@id\":\"https:\/\/www.sestogrado.it\/it\/prodotto\/ct-climbing-technology-lime-dyneema-rinvio-rinvii-arrampicata\/#primaryimage\",\"url\":\"https:\/\/www.sestogrado.it\/wp-content\/uploads\/2015\/06\/1.jpg\",\"contentUrl\":\"https:\/\/www.sestogrado.it\/wp-content\/uploads\/2015\/06\/1.jpg\",\"width\":1200,\"height\":1200,\"caption\":\"CT LIME SET DY\"},{\"@type\":\"BreadcrumbList\",\"@id\":\"https:\/\/www.sestogrado.it\/it\/prodotto\/ct-climbing-technology-lime-dyneema-rinvio-rinvii-arrampicata\/#breadcrumb\",\"itemListElement\":[{\"@type\":\"ListItem\",\"position\":1,\"name\":\"Home\",\"item\":\"https:\/\/www.sestogrado.it\/it\/\"},{\"@type\":\"ListItem\",\"position\":2,\"name\":\"Shop\",\"item\":\"https:\/\/www.sestogrado.it\/it\/shop\/\"},{\"@type\":\"ListItem\",\"position\":3,\"name\":\"CT Climbing Technology Lime Dyneema rinvio rinvii arrampicata\"}]},{\"@type\":\"WebSite\",\"@id\":\"https:\/\/www.sestogrado.it\/it\/#website\",\"url\":\"https:\/\/www.sestogrado.it\/it\/\",\"name\":\"Sestogrado\",\"description\":\"yes we climb\",\"publisher\":{\"@id\":\"https:\/\/www.sestogrado.it\/it\/#organization\"},\"potentialAction\":[{\"@type\":\"SearchAction\",\"target\":{\"@type\":\"EntryPoint\",\"urlTemplate\":\"https:\/\/www.sestogrado.it\/it\/?s={search_term_string}\"},\"query-input\":{\"@type\":\"PropertyValueSpecification\",\"valueRequired\":true,\"valueName\":\"search_term_string\"}}],\"inLanguage\":\"it-IT\"},{\"@type\":\"Organization\",\"@id\":\"https:\/\/www.sestogrado.it\/it\/#organization\",\"name\":\"Sestogrado\",\"url\":\"https:\/\/www.sestogrado.it\/it\/\",\"logo\":{\"@type\":\"ImageObject\",\"inLanguage\":\"it-IT\",\"@id\":\"https:\/\/www.sestogrado.it\/it\/#\/schema\/logo\/image\/\",\"url\":\"https:\/\/www.sestogrado.it\/wp-content\/uploads\/2015\/03\/sestogrado-favicon.png\",\"contentUrl\":\"https:\/\/www.sestogrado.it\/wp-content\/uploads\/2015\/03\/sestogrado-favicon.png\",\"width\":260,\"height\":260,\"caption\":\"Sestogrado\"},\"image\":{\"@id\":\"https:\/\/www.sestogrado.it\/it\/#\/schema\/logo\/image\/\"},\"sameAs\":[\"https:\/\/www.facebook.com\/pages\/Sestogrado\/1542635979353017?ref=bookmarks\",\"https:\/\/www.youtube.com\/channel\/UC847kAfTkaJsWpc1jtQwr3Q\"],\"hasMerchantReturnPolicy\":{\"@type\":\"MerchantReturnPolicy\",\"merchantReturnLink\":\"https:\/\/www.sestogrado.it\/it\/termini-e-condizioni\/\"}}]}<\/script>\n<meta property=\"product:brand\" content=\"CT Climbing Technlogy\" \/>\n<meta property=\"og:availability\" content=\"instock\" \/>\n<meta property=\"product:availability\" content=\"instock\" \/>\n<meta property=\"product:retailer_item_id\" content=\"2E661BO C0L\" \/>\n<meta property=\"product:condition\" content=\"new\" \/>\n<!-- \/ Yoast SEO plugin. -->","yoast_head_json":{"title":"CT Climbing Technology Lime Dyneema rinvio rinvii arrampicata - Sestogrado","description":"Rinvio CT lime dyneema climbing technology classico e polivalente con ottimo rapporto qualit\u00e0 prezzo. La fettuccia in dyneema \u00e8 pi\u00f9 sottile e resistente rispetto alla fettuccia in nylon, per cui a parit\u00e0 di tenuta rispetto alla versione in nylon, rende il rinvio pi\u00f9 leggero del 10%.","robots":{"index":"index","follow":"follow","max-snippet":"max-snippet:-1","max-image-preview":"max-image-preview:large","max-video-preview":"max-video-preview:-1"},"canonical":"https:\/\/www.sestogrado.it\/it\/prodotto\/ct-climbing-technology-lime-dyneema-rinvio-rinvii-arrampicata\/","og_locale":"it_IT","og_type":"article","og_title":"CT Climbing Technology Lime Dyneema rinvio rinvii arrampicata - Sestogrado","og_description":"Rinvio CT lime dyneema climbing technology classico e polivalente con ottimo rapporto qualit\u00e0 prezzo. La fettuccia in dyneema \u00e8 pi\u00f9 sottile e resistente rispetto alla fettuccia in nylon, per cui a parit\u00e0 di tenuta rispetto alla versione in nylon, rende il rinvio pi\u00f9 leggero del 10%.","og_url":"https:\/\/www.sestogrado.it\/it\/prodotto\/ct-climbing-technology-lime-dyneema-rinvio-rinvii-arrampicata\/","og_site_name":"Sestogrado","article_publisher":"https:\/\/www.facebook.com\/pages\/Sestogrado\/1542635979353017?ref=bookmarks","article_modified_time":"2026-04-18T15:21:15+00:00","og_image":[{"width":1200,"height":1200,"url":"https:\/\/www.sestogrado.it\/wp-content\/uploads\/2015\/06\/1.jpg","type":"image\/jpeg"}],"twitter_misc":{"Disponibilit\u00e0":"In stock"},"schema":{"@context":"https:\/\/schema.org","@graph":[{"@type":"WebPage","@id":"https:\/\/www.sestogrado.it\/it\/prodotto\/ct-climbing-technology-lime-dyneema-rinvio-rinvii-arrampicata\/","url":"https:\/\/www.sestogrado.it\/it\/prodotto\/ct-climbing-technology-lime-dyneema-rinvio-rinvii-arrampicata\/","name":"CT Climbing Technology Lime Dyneema rinvio rinvii arrampicata - Sestogrado","isPartOf":{"@id":"https:\/\/www.sestogrado.it\/it\/#website"},"primaryImageOfPage":{"@id":"https:\/\/www.sestogrado.it\/it\/prodotto\/ct-climbing-technology-lime-dyneema-rinvio-rinvii-arrampicata\/#primaryimage"},"image":{"@id":"https:\/\/www.sestogrado.it\/prodotto\/ct-climbing-technology-lime-dyneema-rinvio-rinvii-arrampicata\/#primaryimage"},"thumbnailUrl":"https:\/\/www.sestogrado.it\/wp-content\/uploads\/2015\/06\/1.jpg","datePublished":"2015-06-09T12:33:09+00:00","dateModified":"2026-04-18T15:21:15+00:00","description":"Rinvio CT lime dyneema climbing technology classico e polivalente con ottimo rapporto qualit\u00e0 prezzo. La fettuccia in dyneema \u00e8 pi\u00f9 sottile e resistente rispetto alla fettuccia in nylon, per cui a parit\u00e0 di tenuta rispetto alla versione in nylon, rende il rinvio pi\u00f9 leggero del 10%.","breadcrumb":{"@id":"https:\/\/www.sestogrado.it\/it\/prodotto\/ct-climbing-technology-lime-dyneema-rinvio-rinvii-arrampicata\/#breadcrumb"},"inLanguage":"it-IT","potentialAction":[{"@type":"ReadAction","target":[["https:\/\/www.sestogrado.it\/it\/prodotto\/ct-climbing-technology-lime-dyneema-rinvio-rinvii-arrampicata\/"]]}]},{"@type":"ImageObject","inLanguage":"it-IT","@id":"https:\/\/www.sestogrado.it\/it\/prodotto\/ct-climbing-technology-lime-dyneema-rinvio-rinvii-arrampicata\/#primaryimage","url":"https:\/\/www.sestogrado.it\/wp-content\/uploads\/2015\/06\/1.jpg","contentUrl":"https:\/\/www.sestogrado.it\/wp-content\/uploads\/2015\/06\/1.jpg","width":1200,"height":1200,"caption":"CT LIME SET DY"},{"@type":"BreadcrumbList","@id":"https:\/\/www.sestogrado.it\/it\/prodotto\/ct-climbing-technology-lime-dyneema-rinvio-rinvii-arrampicata\/#breadcrumb","itemListElement":[{"@type":"ListItem","position":1,"name":"Home","item":"https:\/\/www.sestogrado.it\/it\/"},{"@type":"ListItem","position":2,"name":"Shop","item":"https:\/\/www.sestogrado.it\/it\/shop\/"},{"@type":"ListItem","position":3,"name":"CT Climbing Technology Lime Dyneema rinvio rinvii arrampicata"}]},{"@type":"WebSite","@id":"https:\/\/www.sestogrado.it\/it\/#website","url":"https:\/\/www.sestogrado.it\/it\/","name":"Sestogrado","description":"yes we climb","publisher":{"@id":"https:\/\/www.sestogrado.it\/it\/#organization"},"potentialAction":[{"@type":"SearchAction","target":{"@type":"EntryPoint","urlTemplate":"https:\/\/www.sestogrado.it\/it\/?s={search_term_string}"},"query-input":{"@type":"PropertyValueSpecification","valueRequired":true,"valueName":"search_term_string"}}],"inLanguage":"it-IT"},{"@type":"Organization","@id":"https:\/\/www.sestogrado.it\/it\/#organization","name":"Sestogrado","url":"https:\/\/www.sestogrado.it\/it\/","logo":{"@type":"ImageObject","inLanguage":"it-IT","@id":"https:\/\/www.sestogrado.it\/it\/#\/schema\/logo\/image\/","url":"https:\/\/www.sestogrado.it\/wp-content\/uploads\/2015\/03\/sestogrado-favicon.png","contentUrl":"https:\/\/www.sestogrado.it\/wp-content\/uploads\/2015\/03\/sestogrado-favicon.png","width":260,"height":260,"caption":"Sestogrado"},"image":{"@id":"https:\/\/www.sestogrado.it\/it\/#\/schema\/logo\/image\/"},"sameAs":["https:\/\/www.facebook.com\/pages\/Sestogrado\/1542635979353017?ref=bookmarks","https:\/\/www.youtube.com\/channel\/UC847kAfTkaJsWpc1jtQwr3Q"],"hasMerchantReturnPolicy":{"@type":"MerchantReturnPolicy","merchantReturnLink":"https:\/\/www.sestogrado.it\/it\/termini-e-condizioni\/"}}]},"product_brand":"CT Climbing Technlogy","og_availability":"instock","product_availability":"instock","product_retailer_item_id":"2E661BO C0L","product_condition":"new"},"_links":{"self":[{"href":"https:\/\/www.sestogrado.it\/it\/wp-json\/wp\/v2\/product\/1615","targetHints":{"allow":["GET"]}}],"collection":[{"href":"https:\/\/www.sestogrado.it\/it\/wp-json\/wp\/v2\/product"}],"about":[{"href":"https:\/\/www.sestogrado.it\/it\/wp-json\/wp\/v2\/types\/product"}],"replies":[{"embeddable":true,"href":"https:\/\/www.sestogrado.it\/it\/wp-json\/wp\/v2\/comments?post=1615"}],"wp:featuredmedia":[{"embeddable":true,"href":"https:\/\/www.sestogrado.it\/it\/wp-json\/wp\/v2\/media\/91358"}],"wp:attachment":[{"href":"https:\/\/www.sestogrado.it\/it\/wp-json\/wp\/v2\/media?parent=1615"}],"wp:term":[{"taxonomy":"product_brand","embeddable":true,"href":"https:\/\/www.sestogrado.it\/it\/wp-json\/wp\/v2\/product_brand?post=1615"},{"taxonomy":"product_cat","embeddable":true,"href":"https:\/\/www.sestogrado.it\/it\/wp-json\/wp\/v2\/product_cat?post=1615"},{"taxonomy":"product_tag","embeddable":true,"href":"https:\/\/www.sestogrado.it\/it\/wp-json\/wp\/v2\/product_tag?post=1615"}],"curies":[{"name":"wp","href":"https:\/\/api.w.org\/{rel}","templated":true}]}}