{"id":160810,"date":"2024-04-24T12:00:13","date_gmt":"2024-04-24T10:00:13","guid":{"rendered":"https:\/\/www.sestogrado.it\/?post_type=product&#038;p=160810"},"modified":"2026-04-26T22:28:36","modified_gmt":"2026-04-26T20:28:36","slug":"camp-velocity-imbrago-arrampicata","status":"publish","type":"product","link":"https:\/\/www.sestogrado.it\/it\/prodotto\/camp-velocity-imbrago-arrampicata\/","title":{"rendered":"Camp Velocity imbrago arrampicata"},"content":{"rendered":"<p>Il Camp Velocity \u00e8 un\u2019imbragatura monofibbia al top di gamma per l\u2019arrampicata sportiva: estremamente leggera, traspirante, comoda e compattabile \u00e8 ideale per le lunghe giornate in falesia. \u00c8 caratterizzata dall\u2019innovativa costruzione Smart Webbing Technology che, combinando poliestere e fibra monofilamento, garantisce sia un\u2019uniforme distribuzione del peso sull\u2019intera superficie di cintura e cosciali sia una notevole traspirabilit\u00e0. Ci\u00f2 si traduce in leggerezza e comfort eccezionali, a cui contribuisce anche l\u2019interno in morbido mesh 3D a sua volta traspirante. I 4 anelli portamateriale sono differenziati per la massima funzionalit\u00e0: quelli anteriori sono preformati per facilitare l\u2019aggancio e lo sgancio dell\u2019attrezzatura, quelli posteriori sono pi\u00f9 flessibili e compatti. Non manca un anello supplementare posteriore, realizzato in cordino semirigido per non intralciare se non utilizzato. La Velocity si distingue anche per dettagli come l\u2019anello di servizio in contrasto colore, gli elastici di collegamento dei cosciali muniti di robuste fibbie in plastica a sgancio rapido, i 2 slot per i moschettoni Hub e l\u2019asola per il sacchetto portamagnesite.<\/p>\n<ul>\n<li>Imbragatura al top di gamma per l\u2019arrampicata sportiva, estremamente leggera, traspirante, comoda e compattabile<\/li>\n<li>Innovativa costruzione Smart Webbing Technology con struttura composita di fettuccia in poliestere e fibra monofilamento tessuti contemporaneamente<\/li>\n<li>Interno in mesh 3D per traspirabilit\u00e0, leggerezza e comfort eccezionali<\/li>\n<li>Fibbia rapida autobloccante in acciaio inox sulla cintura<\/li>\n<li>Cosciali fissi che assicurano una vestibilit\u00e0 ottimale<\/li>\n<li>Anello di servizio in contrasto colore e punti d\u2019attacco rinforzati<\/li>\n<li>4 anelli portamateriale differenziati: anteriori preformati, posteriori pi\u00f9 flessibili<\/li>\n<li>Anello portamateriale supplementare posteriore<\/li>\n<li>2 slot per i moschettoni portamateriale Hub<\/li>\n<li>Asola per il sacchetto portamagnesite<\/li>\n<li>Elastici di collegamento dei cosciali con fibbie in plastica a sgancio rapido<\/li>\n<\/ul>\n<p><iframe src=\"\/\/www.youtube.com\/embed\/EsFsObshaQ4?t=1s\" width=\"560\" height=\"314\" allowfullscreen=\"allowfullscreen\"><\/iframe><\/p>\n<p>Passione, lavoro e semplicit\u00e0 sono alcune delle parole chiave che da sempre hanno contraddistinto il modo di essere di C.A.M.P. La passione \u00e8 quella per la montagna e per i prodotti che aiutano a realizzare i sogni ed i progetti di tutti coloro che la frequentano; il lavoro \u00e8 quello tramandato da oltre 115 anni in quattro distinte generazioni succedutesi alla guida dell\u2019azienda e la semplicit\u00e0 \u00e8 quella che contraddistingue un modo di essere e relazionarsi basato sulla seriet\u00e0 e lealt\u00e0.<\/p>","protected":false},"excerpt":{"rendered":"<p>Il Camp Velocity \u00e8 un\u2019imbragatura monofibbia al top di gamma per l\u2019arrampicata sportiva: estremamente leggera, traspirante, comoda e compattabile \u00e8 [&hellip;]<\/p>\n","protected":false},"featured_media":160818,"comment_status":"open","ping_status":"closed","template":"","meta":{"_acf_changed":false},"product_brand":[31],"product_cat":[182],"product_tag":[],"class_list":{"0":"post-160810","1":"product","2":"type-product","3":"status-publish","4":"has-post-thumbnail","6":"product_brand-camp","7":"product_cat-sportivi","9":"first","10":"instock","11":"sale","12":"taxable","13":"shipping-taxable","14":"purchasable","15":"product-type-variable"},"acf":[],"yoast_head":"<!-- This site is optimized with the Yoast SEO plugin v26.4 - https:\/\/yoast.com\/wordpress\/plugins\/seo\/ -->\n<title>Camp Velocity imbrago arrampicata - Sestogrado<\/title>\n<meta name=\"description\" content=\"Il Camp Velocity \u00e8 un\u2019imbragatura monofibbia al top di gamma per l\u2019arrampicata sportiva: estremamente leggera, traspirante, comoda e compattabile \u00e8 ideale per le lunghe giornate in falesia. \u00c8 caratterizzata dall\u2019innovativa costruzione Smart Webbing Technology che, combinando poliestere e fibra monofilamento, garantisce sia un\u2019uniforme distribuzione del peso sull\u2019intera superficie di cintura e cosciali sia una notevole traspirabilit\u00e0. Ci\u00f2 si traduce in leggerezza e comfort eccezionali, a cui contribuisce anche l\u2019interno in morbido mesh 3D a sua volta traspirante. I 4 anelli portamateriale sono differenziati per la massima funzionalit\u00e0: quelli anteriori sono preformati per facilitare l\u2019aggancio e lo sgancio dell\u2019attrezzatura, quelli posteriori sono pi\u00f9 flessibili e compatti. Non manca un anello supplementare posteriore, realizzato in cordino semirigido per non intralciare se non utilizzato. La Velocity si distingue anche per dettagli come l\u2019anello di servizio in contrasto colore, gli elastici di collegamento dei cosciali muniti di robuste fibbie in plastica a sgancio rapido, i 2 slot per i moschettoni Hub e l\u2019asola per il sacchetto portamagnesite.\" \/>\n<meta name=\"robots\" content=\"index, follow, max-snippet:-1, max-image-preview:large, max-video-preview:-1\" \/>\n<link rel=\"canonical\" href=\"https:\/\/www.sestogrado.it\/it\/prodotto\/camp-velocity-imbrago-arrampicata\/\" \/>\n<meta property=\"og:locale\" content=\"it_IT\" \/>\n<meta property=\"og:type\" content=\"article\" \/>\n<meta property=\"og:title\" content=\"Camp Velocity imbrago arrampicata - Sestogrado\" \/>\n<meta property=\"og:description\" content=\"Il Camp Velocity \u00e8 un\u2019imbragatura monofibbia al top di gamma per l\u2019arrampicata sportiva: estremamente leggera, traspirante, comoda e compattabile \u00e8 ideale per le lunghe giornate in falesia. \u00c8 caratterizzata dall\u2019innovativa costruzione Smart Webbing Technology che, combinando poliestere e fibra monofilamento, garantisce sia un\u2019uniforme distribuzione del peso sull\u2019intera superficie di cintura e cosciali sia una notevole traspirabilit\u00e0. Ci\u00f2 si traduce in leggerezza e comfort eccezionali, a cui contribuisce anche l\u2019interno in morbido mesh 3D a sua volta traspirante. I 4 anelli portamateriale sono differenziati per la massima funzionalit\u00e0: quelli anteriori sono preformati per facilitare l\u2019aggancio e lo sgancio dell\u2019attrezzatura, quelli posteriori sono pi\u00f9 flessibili e compatti. Non manca un anello supplementare posteriore, realizzato in cordino semirigido per non intralciare se non utilizzato. La Velocity si distingue anche per dettagli come l\u2019anello di servizio in contrasto colore, gli elastici di collegamento dei cosciali muniti di robuste fibbie in plastica a sgancio rapido, i 2 slot per i moschettoni Hub e l\u2019asola per il sacchetto portamagnesite.\" \/>\n<meta property=\"og:url\" content=\"https:\/\/www.sestogrado.it\/it\/prodotto\/camp-velocity-imbrago-arrampicata\/\" \/>\n<meta property=\"og:site_name\" content=\"Sestogrado\" \/>\n<meta property=\"article:publisher\" content=\"https:\/\/www.facebook.com\/pages\/Sestogrado\/1542635979353017?ref=bookmarks\" \/>\n<meta property=\"article:modified_time\" content=\"2026-04-26T20:28:36+00:00\" \/>\n<meta property=\"og:image\" content=\"https:\/\/www.sestogrado.it\/wp-content\/uploads\/2024\/04\/01-7.jpg\" \/>\n\t<meta property=\"og:image:width\" content=\"1200\" \/>\n\t<meta property=\"og:image:height\" content=\"1200\" \/>\n\t<meta property=\"og:image:type\" content=\"image\/jpeg\" \/>\n<meta name=\"twitter:label1\" content=\"Disponibilit\u00e0\" \/>\n\t<meta name=\"twitter:data1\" content=\"In stock\" \/>\n<script type=\"application\/ld+json\" class=\"yoast-schema-graph\">{\"@context\":\"https:\/\/schema.org\",\"@graph\":[{\"@type\":\"WebPage\",\"@id\":\"https:\/\/www.sestogrado.it\/it\/prodotto\/camp-velocity-imbrago-arrampicata\/\",\"url\":\"https:\/\/www.sestogrado.it\/it\/prodotto\/camp-velocity-imbrago-arrampicata\/\",\"name\":\"Camp Velocity imbrago arrampicata - Sestogrado\",\"isPartOf\":{\"@id\":\"https:\/\/www.sestogrado.it\/it\/#website\"},\"primaryImageOfPage\":{\"@id\":\"https:\/\/www.sestogrado.it\/it\/prodotto\/camp-velocity-imbrago-arrampicata\/#primaryimage\"},\"image\":{\"@id\":\"https:\/\/www.sestogrado.it\/prodotto\/camp-velocity-imbrago-arrampicata\/#primaryimage\"},\"thumbnailUrl\":\"https:\/\/www.sestogrado.it\/wp-content\/uploads\/2024\/04\/01-7.jpg\",\"datePublished\":\"2024-04-24T10:00:13+00:00\",\"dateModified\":\"2026-04-26T20:28:36+00:00\",\"description\":\"Il Camp Velocity \u00e8 un\u2019imbragatura monofibbia al top di gamma per l\u2019arrampicata sportiva: estremamente leggera, traspirante, comoda e compattabile \u00e8 ideale per le lunghe giornate in falesia. \u00c8 caratterizzata dall\u2019innovativa costruzione Smart Webbing Technology che, combinando poliestere e fibra monofilamento, garantisce sia un\u2019uniforme distribuzione del peso sull\u2019intera superficie di cintura e cosciali sia una notevole traspirabilit\u00e0. Ci\u00f2 si traduce in leggerezza e comfort eccezionali, a cui contribuisce anche l\u2019interno in morbido mesh 3D a sua volta traspirante. I 4 anelli portamateriale sono differenziati per la massima funzionalit\u00e0: quelli anteriori sono preformati per facilitare l\u2019aggancio e lo sgancio dell\u2019attrezzatura, quelli posteriori sono pi\u00f9 flessibili e compatti. Non manca un anello supplementare posteriore, realizzato in cordino semirigido per non intralciare se non utilizzato. La Velocity si distingue anche per dettagli come l\u2019anello di servizio in contrasto colore, gli elastici di collegamento dei cosciali muniti di robuste fibbie in plastica a sgancio rapido, i 2 slot per i moschettoni Hub e l\u2019asola per il sacchetto portamagnesite.\",\"breadcrumb\":{\"@id\":\"https:\/\/www.sestogrado.it\/it\/prodotto\/camp-velocity-imbrago-arrampicata\/#breadcrumb\"},\"inLanguage\":\"it-IT\",\"potentialAction\":[{\"@type\":\"ReadAction\",\"target\":[[\"https:\/\/www.sestogrado.it\/it\/prodotto\/camp-velocity-imbrago-arrampicata\/\"]]}]},{\"@type\":\"ImageObject\",\"inLanguage\":\"it-IT\",\"@id\":\"https:\/\/www.sestogrado.it\/it\/prodotto\/camp-velocity-imbrago-arrampicata\/#primaryimage\",\"url\":\"https:\/\/www.sestogrado.it\/wp-content\/uploads\/2024\/04\/01-7.jpg\",\"contentUrl\":\"https:\/\/www.sestogrado.it\/wp-content\/uploads\/2024\/04\/01-7.jpg\",\"width\":1200,\"height\":1200,\"caption\":\"camp velocity\"},{\"@type\":\"BreadcrumbList\",\"@id\":\"https:\/\/www.sestogrado.it\/it\/prodotto\/camp-velocity-imbrago-arrampicata\/#breadcrumb\",\"itemListElement\":[{\"@type\":\"ListItem\",\"position\":1,\"name\":\"Home\",\"item\":\"https:\/\/www.sestogrado.it\/it\/\"},{\"@type\":\"ListItem\",\"position\":2,\"name\":\"Shop\",\"item\":\"https:\/\/www.sestogrado.it\/it\/shop\/\"},{\"@type\":\"ListItem\",\"position\":3,\"name\":\"Camp Velocity imbrago arrampicata\"}]},{\"@type\":\"WebSite\",\"@id\":\"https:\/\/www.sestogrado.it\/it\/#website\",\"url\":\"https:\/\/www.sestogrado.it\/it\/\",\"name\":\"Sestogrado\",\"description\":\"yes we climb\",\"publisher\":{\"@id\":\"https:\/\/www.sestogrado.it\/it\/#organization\"},\"potentialAction\":[{\"@type\":\"SearchAction\",\"target\":{\"@type\":\"EntryPoint\",\"urlTemplate\":\"https:\/\/www.sestogrado.it\/it\/?s={search_term_string}\"},\"query-input\":{\"@type\":\"PropertyValueSpecification\",\"valueRequired\":true,\"valueName\":\"search_term_string\"}}],\"inLanguage\":\"it-IT\"},{\"@type\":\"Organization\",\"@id\":\"https:\/\/www.sestogrado.it\/it\/#organization\",\"name\":\"Sestogrado\",\"url\":\"https:\/\/www.sestogrado.it\/it\/\",\"logo\":{\"@type\":\"ImageObject\",\"inLanguage\":\"it-IT\",\"@id\":\"https:\/\/www.sestogrado.it\/it\/#\/schema\/logo\/image\/\",\"url\":\"https:\/\/www.sestogrado.it\/wp-content\/uploads\/2015\/03\/sestogrado-favicon.png\",\"contentUrl\":\"https:\/\/www.sestogrado.it\/wp-content\/uploads\/2015\/03\/sestogrado-favicon.png\",\"width\":260,\"height\":260,\"caption\":\"Sestogrado\"},\"image\":{\"@id\":\"https:\/\/www.sestogrado.it\/it\/#\/schema\/logo\/image\/\"},\"sameAs\":[\"https:\/\/www.facebook.com\/pages\/Sestogrado\/1542635979353017?ref=bookmarks\",\"https:\/\/www.youtube.com\/channel\/UC847kAfTkaJsWpc1jtQwr3Q\"],\"hasMerchantReturnPolicy\":{\"@type\":\"MerchantReturnPolicy\",\"merchantReturnLink\":\"https:\/\/www.sestogrado.it\/it\/termini-e-condizioni\/\"}}]}<\/script>\n<meta property=\"product:brand\" content=\"Camp\" \/>\n<meta property=\"og:availability\" content=\"instock\" \/>\n<meta property=\"product:availability\" content=\"instock\" \/>\n<meta property=\"product:condition\" content=\"new\" \/>\n<!-- \/ Yoast SEO plugin. -->","yoast_head_json":{"title":"Camp Velocity imbrago arrampicata - Sestogrado","description":"Il Camp Velocity \u00e8 un\u2019imbragatura monofibbia al top di gamma per l\u2019arrampicata sportiva: estremamente leggera, traspirante, comoda e compattabile \u00e8 ideale per le lunghe giornate in falesia. \u00c8 caratterizzata dall\u2019innovativa costruzione Smart Webbing Technology che, combinando poliestere e fibra monofilamento, garantisce sia un\u2019uniforme distribuzione del peso sull\u2019intera superficie di cintura e cosciali sia una notevole traspirabilit\u00e0. Ci\u00f2 si traduce in leggerezza e comfort eccezionali, a cui contribuisce anche l\u2019interno in morbido mesh 3D a sua volta traspirante. I 4 anelli portamateriale sono differenziati per la massima funzionalit\u00e0: quelli anteriori sono preformati per facilitare l\u2019aggancio e lo sgancio dell\u2019attrezzatura, quelli posteriori sono pi\u00f9 flessibili e compatti. Non manca un anello supplementare posteriore, realizzato in cordino semirigido per non intralciare se non utilizzato. La Velocity si distingue anche per dettagli come l\u2019anello di servizio in contrasto colore, gli elastici di collegamento dei cosciali muniti di robuste fibbie in plastica a sgancio rapido, i 2 slot per i moschettoni Hub e l\u2019asola per il sacchetto portamagnesite.","robots":{"index":"index","follow":"follow","max-snippet":"max-snippet:-1","max-image-preview":"max-image-preview:large","max-video-preview":"max-video-preview:-1"},"canonical":"https:\/\/www.sestogrado.it\/it\/prodotto\/camp-velocity-imbrago-arrampicata\/","og_locale":"it_IT","og_type":"article","og_title":"Camp Velocity imbrago arrampicata - Sestogrado","og_description":"Il Camp Velocity \u00e8 un\u2019imbragatura monofibbia al top di gamma per l\u2019arrampicata sportiva: estremamente leggera, traspirante, comoda e compattabile \u00e8 ideale per le lunghe giornate in falesia. \u00c8 caratterizzata dall\u2019innovativa costruzione Smart Webbing Technology che, combinando poliestere e fibra monofilamento, garantisce sia un\u2019uniforme distribuzione del peso sull\u2019intera superficie di cintura e cosciali sia una notevole traspirabilit\u00e0. Ci\u00f2 si traduce in leggerezza e comfort eccezionali, a cui contribuisce anche l\u2019interno in morbido mesh 3D a sua volta traspirante. I 4 anelli portamateriale sono differenziati per la massima funzionalit\u00e0: quelli anteriori sono preformati per facilitare l\u2019aggancio e lo sgancio dell\u2019attrezzatura, quelli posteriori sono pi\u00f9 flessibili e compatti. Non manca un anello supplementare posteriore, realizzato in cordino semirigido per non intralciare se non utilizzato. La Velocity si distingue anche per dettagli come l\u2019anello di servizio in contrasto colore, gli elastici di collegamento dei cosciali muniti di robuste fibbie in plastica a sgancio rapido, i 2 slot per i moschettoni Hub e l\u2019asola per il sacchetto portamagnesite.","og_url":"https:\/\/www.sestogrado.it\/it\/prodotto\/camp-velocity-imbrago-arrampicata\/","og_site_name":"Sestogrado","article_publisher":"https:\/\/www.facebook.com\/pages\/Sestogrado\/1542635979353017?ref=bookmarks","article_modified_time":"2026-04-26T20:28:36+00:00","og_image":[{"width":1200,"height":1200,"url":"https:\/\/www.sestogrado.it\/wp-content\/uploads\/2024\/04\/01-7.jpg","type":"image\/jpeg"}],"twitter_misc":{"Disponibilit\u00e0":"In stock"},"schema":{"@context":"https:\/\/schema.org","@graph":[{"@type":"WebPage","@id":"https:\/\/www.sestogrado.it\/it\/prodotto\/camp-velocity-imbrago-arrampicata\/","url":"https:\/\/www.sestogrado.it\/it\/prodotto\/camp-velocity-imbrago-arrampicata\/","name":"Camp Velocity imbrago arrampicata - Sestogrado","isPartOf":{"@id":"https:\/\/www.sestogrado.it\/it\/#website"},"primaryImageOfPage":{"@id":"https:\/\/www.sestogrado.it\/it\/prodotto\/camp-velocity-imbrago-arrampicata\/#primaryimage"},"image":{"@id":"https:\/\/www.sestogrado.it\/prodotto\/camp-velocity-imbrago-arrampicata\/#primaryimage"},"thumbnailUrl":"https:\/\/www.sestogrado.it\/wp-content\/uploads\/2024\/04\/01-7.jpg","datePublished":"2024-04-24T10:00:13+00:00","dateModified":"2026-04-26T20:28:36+00:00","description":"Il Camp Velocity \u00e8 un\u2019imbragatura monofibbia al top di gamma per l\u2019arrampicata sportiva: estremamente leggera, traspirante, comoda e compattabile \u00e8 ideale per le lunghe giornate in falesia. \u00c8 caratterizzata dall\u2019innovativa costruzione Smart Webbing Technology che, combinando poliestere e fibra monofilamento, garantisce sia un\u2019uniforme distribuzione del peso sull\u2019intera superficie di cintura e cosciali sia una notevole traspirabilit\u00e0. Ci\u00f2 si traduce in leggerezza e comfort eccezionali, a cui contribuisce anche l\u2019interno in morbido mesh 3D a sua volta traspirante. I 4 anelli portamateriale sono differenziati per la massima funzionalit\u00e0: quelli anteriori sono preformati per facilitare l\u2019aggancio e lo sgancio dell\u2019attrezzatura, quelli posteriori sono pi\u00f9 flessibili e compatti. Non manca un anello supplementare posteriore, realizzato in cordino semirigido per non intralciare se non utilizzato. La Velocity si distingue anche per dettagli come l\u2019anello di servizio in contrasto colore, gli elastici di collegamento dei cosciali muniti di robuste fibbie in plastica a sgancio rapido, i 2 slot per i moschettoni Hub e l\u2019asola per il sacchetto portamagnesite.","breadcrumb":{"@id":"https:\/\/www.sestogrado.it\/it\/prodotto\/camp-velocity-imbrago-arrampicata\/#breadcrumb"},"inLanguage":"it-IT","potentialAction":[{"@type":"ReadAction","target":[["https:\/\/www.sestogrado.it\/it\/prodotto\/camp-velocity-imbrago-arrampicata\/"]]}]},{"@type":"ImageObject","inLanguage":"it-IT","@id":"https:\/\/www.sestogrado.it\/it\/prodotto\/camp-velocity-imbrago-arrampicata\/#primaryimage","url":"https:\/\/www.sestogrado.it\/wp-content\/uploads\/2024\/04\/01-7.jpg","contentUrl":"https:\/\/www.sestogrado.it\/wp-content\/uploads\/2024\/04\/01-7.jpg","width":1200,"height":1200,"caption":"camp velocity"},{"@type":"BreadcrumbList","@id":"https:\/\/www.sestogrado.it\/it\/prodotto\/camp-velocity-imbrago-arrampicata\/#breadcrumb","itemListElement":[{"@type":"ListItem","position":1,"name":"Home","item":"https:\/\/www.sestogrado.it\/it\/"},{"@type":"ListItem","position":2,"name":"Shop","item":"https:\/\/www.sestogrado.it\/it\/shop\/"},{"@type":"ListItem","position":3,"name":"Camp Velocity imbrago arrampicata"}]},{"@type":"WebSite","@id":"https:\/\/www.sestogrado.it\/it\/#website","url":"https:\/\/www.sestogrado.it\/it\/","name":"Sestogrado","description":"yes we climb","publisher":{"@id":"https:\/\/www.sestogrado.it\/it\/#organization"},"potentialAction":[{"@type":"SearchAction","target":{"@type":"EntryPoint","urlTemplate":"https:\/\/www.sestogrado.it\/it\/?s={search_term_string}"},"query-input":{"@type":"PropertyValueSpecification","valueRequired":true,"valueName":"search_term_string"}}],"inLanguage":"it-IT"},{"@type":"Organization","@id":"https:\/\/www.sestogrado.it\/it\/#organization","name":"Sestogrado","url":"https:\/\/www.sestogrado.it\/it\/","logo":{"@type":"ImageObject","inLanguage":"it-IT","@id":"https:\/\/www.sestogrado.it\/it\/#\/schema\/logo\/image\/","url":"https:\/\/www.sestogrado.it\/wp-content\/uploads\/2015\/03\/sestogrado-favicon.png","contentUrl":"https:\/\/www.sestogrado.it\/wp-content\/uploads\/2015\/03\/sestogrado-favicon.png","width":260,"height":260,"caption":"Sestogrado"},"image":{"@id":"https:\/\/www.sestogrado.it\/it\/#\/schema\/logo\/image\/"},"sameAs":["https:\/\/www.facebook.com\/pages\/Sestogrado\/1542635979353017?ref=bookmarks","https:\/\/www.youtube.com\/channel\/UC847kAfTkaJsWpc1jtQwr3Q"],"hasMerchantReturnPolicy":{"@type":"MerchantReturnPolicy","merchantReturnLink":"https:\/\/www.sestogrado.it\/it\/termini-e-condizioni\/"}}]},"product_brand":"Camp","og_availability":"instock","product_availability":"instock","product_condition":"new"},"_links":{"self":[{"href":"https:\/\/www.sestogrado.it\/it\/wp-json\/wp\/v2\/product\/160810","targetHints":{"allow":["GET"]}}],"collection":[{"href":"https:\/\/www.sestogrado.it\/it\/wp-json\/wp\/v2\/product"}],"about":[{"href":"https:\/\/www.sestogrado.it\/it\/wp-json\/wp\/v2\/types\/product"}],"replies":[{"embeddable":true,"href":"https:\/\/www.sestogrado.it\/it\/wp-json\/wp\/v2\/comments?post=160810"}],"wp:featuredmedia":[{"embeddable":true,"href":"https:\/\/www.sestogrado.it\/it\/wp-json\/wp\/v2\/media\/160818"}],"wp:attachment":[{"href":"https:\/\/www.sestogrado.it\/it\/wp-json\/wp\/v2\/media?parent=160810"}],"wp:term":[{"taxonomy":"product_brand","embeddable":true,"href":"https:\/\/www.sestogrado.it\/it\/wp-json\/wp\/v2\/product_brand?post=160810"},{"taxonomy":"product_cat","embeddable":true,"href":"https:\/\/www.sestogrado.it\/it\/wp-json\/wp\/v2\/product_cat?post=160810"},{"taxonomy":"product_tag","embeddable":true,"href":"https:\/\/www.sestogrado.it\/it\/wp-json\/wp\/v2\/product_tag?post=160810"}],"curies":[{"name":"wp","href":"https:\/\/api.w.org\/{rel}","templated":true}]}}