{"id":160771,"date":"2024-04-30T11:52:05","date_gmt":"2024-04-30T09:52:05","guid":{"rendered":"https:\/\/www.sestogrado.it\/?post_type=product&#038;p=160771"},"modified":"2025-09-22T13:45:28","modified_gmt":"2025-09-22T11:45:28","slug":"camelbak-fusion-3l-sacca-idrica-fusion-con-zip-impermeabile","status":"publish","type":"product","link":"https:\/\/www.sestogrado.it\/it\/prodotto\/camelbak-fusion-3l-sacca-idrica-fusion-con-zip-impermeabile\/","title":{"rendered":"Camelbak Fusion 3L Sacca idrica Fusion con zip impermeabile"},"content":{"rendered":"<p>La Camelbak Fusion 3L \u00e8 una sacca idrica da due litri, con zip impermeabile, per attivit\u00e0 outdoor, trekking, alpinismo, ferrate, bicicletta.<\/p>\n<p>Trasporta pi\u00f9 liquido in tutta tranquillit\u00e0 con la nostra nuova sacca Fusion\u2122 da 3 L.\u00a0 Questa soluzione avanzata, per l&#8217;idratazione, ti consente di concentrarti solo sull&#8217;avventura che ti si presenta davanti. La maniglia integrata e la presa con una mano, ti permettono di riempirla senza problemi da lavandini e frigoriferi. La robusta zip Tru\u00ae Zip impermeabile \u00e8 particolarmente facile da usare. Infine, l&#8217;attacco universale \u00e8 adatto a tutti i nostri zaini compatibili con l&#8217;idratazione.<\/p>\n<ul>\n<li>TRU\u00ae Zip \u00e8 resistente e impermeabile<\/li>\n<li>La maniglia integrata rende il riempimento comodo e facile<\/li>\n<li>Aggancio universale per tutti gli zaini compatibili con l&#8217;idratazione<\/li>\n<li>La piastra posteriore rigida facilita la pulizia e l&#8217;asciugatura<\/li>\n<li>100% privo di BPA, BPS e BPF<\/li>\n<li>L&#8217;impugnatura consente il riempimento con una sola mano<\/li>\n<li>Leva On\/Off: chiusura di sicurezza per la valvola a morso<\/li>\n<li>Sistema Quicklink\u2122 per una facile rimozione del serbatoio dallo zaino<\/li>\n<\/ul>\n<p>&nbsp;<\/p>\n<p>I sistemi di idratazione Camelbak Crux sono il cuore del marchio Camelbak. Forniscono idratazione indossabile per ogni avventura. Robusti e affidabili.<\/p>\n<p>&nbsp;<\/p>\n<p>Camelbak \u00e8 il marchio leader per lo sviluppo di sistemi di idratazione per l&#8217;outdoor in grado di combinare perfettamente capacit\u00e0, protezione, comodit\u00e0 e stabilit\u00e0. Da quando ha inventato nel 1989 il Camelbak per l&#8217;idratazione senza mani, l&#8217;azienda americana fornisce dispositivi per l&#8217;idratazione ad atleti e sportivi in tutto il mondo.<\/p>","protected":false},"excerpt":{"rendered":"<p>La Camelbak Fusion 3L \u00e8 una sacca idrica da due litri, con zip impermeabile, per attivit\u00e0 outdoor, trekking, alpinismo, ferrate, [&hellip;]<\/p>\n","protected":false},"featured_media":160772,"comment_status":"open","ping_status":"closed","template":"","meta":{"_acf_changed":false},"product_brand":[645],"product_cat":[391,1233],"product_tag":[],"class_list":{"0":"post-160771","1":"product","2":"type-product","3":"status-publish","4":"has-post-thumbnail","6":"product_brand-camelbak","7":"product_cat-accessori-zaini","8":"product_cat-idratazione","10":"first","11":"instock","12":"sale","13":"taxable","14":"shipping-taxable","15":"purchasable","16":"product-type-simple"},"acf":[],"yoast_head":"<!-- This site is optimized with the Yoast SEO plugin v26.4 - https:\/\/yoast.com\/wordpress\/plugins\/seo\/ -->\n<title>Camelbak Fusion 3L Sacca idrica Fusion con zip impermeabile - Sestogrado<\/title>\n<meta name=\"description\" content=\"La Camelbak Fusion 3L \u00e8 una sacca idrica da due litri, con zip impermeabile, per attivit\u00e0 outdoor, trekking, alpinismo, ferrate, bicicletta.Trasporta pi\u00f9 liquido in tutta tranquillit\u00e0 con la nostra nuova sacca Fusion\u2122 da 3 L.\u00a0 Questa soluzione avanzata, per l&#039;idratazione, ti consente di concentrarti solo sull&#039;avventura che ti si presenta davanti. La maniglia integrata e la presa con una mano, ti permettono di riempirla senza problemi da lavandini e frigoriferi. La robusta zip Tru\u00ae Zip impermeabile \u00e8 particolarmente facile da usare. Infine, l&#039;attacco universale \u00e8 adatto a tutti i nostri zaini compatibili con l&#039;idratazione.\" \/>\n<meta name=\"robots\" content=\"index, follow, max-snippet:-1, max-image-preview:large, max-video-preview:-1\" \/>\n<link rel=\"canonical\" href=\"https:\/\/www.sestogrado.it\/it\/prodotto\/camelbak-fusion-3l-sacca-idrica-fusion-con-zip-impermeabile\/\" \/>\n<meta property=\"og:locale\" content=\"it_IT\" \/>\n<meta property=\"og:type\" content=\"article\" \/>\n<meta property=\"og:title\" content=\"Camelbak Fusion 3L Sacca idrica Fusion con zip impermeabile - Sestogrado\" \/>\n<meta property=\"og:description\" content=\"La Camelbak Fusion 3L \u00e8 una sacca idrica da due litri, con zip impermeabile, per attivit\u00e0 outdoor, trekking, alpinismo, ferrate, bicicletta.Trasporta pi\u00f9 liquido in tutta tranquillit\u00e0 con la nostra nuova sacca Fusion\u2122 da 3 L.\u00a0 Questa soluzione avanzata, per l&#039;idratazione, ti consente di concentrarti solo sull&#039;avventura che ti si presenta davanti. La maniglia integrata e la presa con una mano, ti permettono di riempirla senza problemi da lavandini e frigoriferi. La robusta zip Tru\u00ae Zip impermeabile \u00e8 particolarmente facile da usare. Infine, l&#039;attacco universale \u00e8 adatto a tutti i nostri zaini compatibili con l&#039;idratazione.\" \/>\n<meta property=\"og:url\" content=\"https:\/\/www.sestogrado.it\/it\/prodotto\/camelbak-fusion-3l-sacca-idrica-fusion-con-zip-impermeabile\/\" \/>\n<meta property=\"og:site_name\" content=\"Sestogrado\" \/>\n<meta property=\"article:publisher\" content=\"https:\/\/www.facebook.com\/pages\/Sestogrado\/1542635979353017?ref=bookmarks\" \/>\n<meta property=\"article:modified_time\" content=\"2025-09-22T11:45:28+00:00\" \/>\n<meta property=\"og:image\" content=\"https:\/\/www.sestogrado.it\/wp-content\/uploads\/2024\/04\/3-litri.jpg\" \/>\n\t<meta property=\"og:image:width\" content=\"640\" \/>\n\t<meta property=\"og:image:height\" content=\"640\" \/>\n\t<meta property=\"og:image:type\" content=\"image\/jpeg\" \/>\n<meta name=\"twitter:label1\" content=\"Prezzo\" \/>\n\t<meta name=\"twitter:data1\" content=\"&euro;&nbsp;59,00\" \/>\n\t<meta name=\"twitter:label2\" content=\"Disponibilit\u00e0\" \/>\n\t<meta name=\"twitter:data2\" content=\"In stock\" \/>\n<script type=\"application\/ld+json\" class=\"yoast-schema-graph\">{\"@context\":\"https:\/\/schema.org\",\"@graph\":[{\"@type\":\"WebPage\",\"@id\":\"https:\/\/www.sestogrado.it\/it\/prodotto\/camelbak-fusion-3l-sacca-idrica-fusion-con-zip-impermeabile\/\",\"url\":\"https:\/\/www.sestogrado.it\/it\/prodotto\/camelbak-fusion-3l-sacca-idrica-fusion-con-zip-impermeabile\/\",\"name\":\"Camelbak Fusion 3L Sacca idrica Fusion con zip impermeabile - Sestogrado\",\"isPartOf\":{\"@id\":\"https:\/\/www.sestogrado.it\/it\/#website\"},\"primaryImageOfPage\":{\"@id\":\"https:\/\/www.sestogrado.it\/it\/prodotto\/camelbak-fusion-3l-sacca-idrica-fusion-con-zip-impermeabile\/#primaryimage\"},\"image\":{\"@id\":\"https:\/\/www.sestogrado.it\/prodotto\/camelbak-fusion-3l-sacca-idrica-fusion-con-zip-impermeabile\/#primaryimage\"},\"thumbnailUrl\":\"https:\/\/www.sestogrado.it\/wp-content\/uploads\/2024\/04\/3-litri.jpg\",\"datePublished\":\"2024-04-30T09:52:05+00:00\",\"dateModified\":\"2025-09-22T11:45:28+00:00\",\"description\":\"La Camelbak Fusion 3L \u00e8 una sacca idrica da due litri, con zip impermeabile, per attivit\u00e0 outdoor, trekking, alpinismo, ferrate, bicicletta.Trasporta pi\u00f9 liquido in tutta tranquillit\u00e0 con la nostra nuova sacca Fusion\u2122 da 3 L.\u00a0 Questa soluzione avanzata, per l'idratazione, ti consente di concentrarti solo sull'avventura che ti si presenta davanti. La maniglia integrata e la presa con una mano, ti permettono di riempirla senza problemi da lavandini e frigoriferi. La robusta zip Tru\u00ae Zip impermeabile \u00e8 particolarmente facile da usare. Infine, l'attacco universale \u00e8 adatto a tutti i nostri zaini compatibili con l'idratazione.\",\"breadcrumb\":{\"@id\":\"https:\/\/www.sestogrado.it\/it\/prodotto\/camelbak-fusion-3l-sacca-idrica-fusion-con-zip-impermeabile\/#breadcrumb\"},\"inLanguage\":\"it-IT\",\"potentialAction\":[{\"@type\":\"ReadAction\",\"target\":[[\"https:\/\/www.sestogrado.it\/it\/prodotto\/camelbak-fusion-3l-sacca-idrica-fusion-con-zip-impermeabile\/\"]]}]},{\"@type\":\"ImageObject\",\"inLanguage\":\"it-IT\",\"@id\":\"https:\/\/www.sestogrado.it\/it\/prodotto\/camelbak-fusion-3l-sacca-idrica-fusion-con-zip-impermeabile\/#primaryimage\",\"url\":\"https:\/\/www.sestogrado.it\/wp-content\/uploads\/2024\/04\/3-litri.jpg\",\"contentUrl\":\"https:\/\/www.sestogrado.it\/wp-content\/uploads\/2024\/04\/3-litri.jpg\",\"width\":640,\"height\":640,\"caption\":\"Camelbak Fusion 3L\"},{\"@type\":\"BreadcrumbList\",\"@id\":\"https:\/\/www.sestogrado.it\/it\/prodotto\/camelbak-fusion-3l-sacca-idrica-fusion-con-zip-impermeabile\/#breadcrumb\",\"itemListElement\":[{\"@type\":\"ListItem\",\"position\":1,\"name\":\"Home\",\"item\":\"https:\/\/www.sestogrado.it\/it\/\"},{\"@type\":\"ListItem\",\"position\":2,\"name\":\"Shop\",\"item\":\"https:\/\/www.sestogrado.it\/it\/shop\/\"},{\"@type\":\"ListItem\",\"position\":3,\"name\":\"Camelbak Fusion 3L Sacca idrica Fusion con zip impermeabile\"}]},{\"@type\":\"WebSite\",\"@id\":\"https:\/\/www.sestogrado.it\/it\/#website\",\"url\":\"https:\/\/www.sestogrado.it\/it\/\",\"name\":\"Sestogrado\",\"description\":\"yes we climb\",\"publisher\":{\"@id\":\"https:\/\/www.sestogrado.it\/it\/#organization\"},\"potentialAction\":[{\"@type\":\"SearchAction\",\"target\":{\"@type\":\"EntryPoint\",\"urlTemplate\":\"https:\/\/www.sestogrado.it\/it\/?s={search_term_string}\"},\"query-input\":{\"@type\":\"PropertyValueSpecification\",\"valueRequired\":true,\"valueName\":\"search_term_string\"}}],\"inLanguage\":\"it-IT\"},{\"@type\":\"Organization\",\"@id\":\"https:\/\/www.sestogrado.it\/it\/#organization\",\"name\":\"Sestogrado\",\"url\":\"https:\/\/www.sestogrado.it\/it\/\",\"logo\":{\"@type\":\"ImageObject\",\"inLanguage\":\"it-IT\",\"@id\":\"https:\/\/www.sestogrado.it\/it\/#\/schema\/logo\/image\/\",\"url\":\"https:\/\/www.sestogrado.it\/wp-content\/uploads\/2015\/03\/sestogrado-favicon.png\",\"contentUrl\":\"https:\/\/www.sestogrado.it\/wp-content\/uploads\/2015\/03\/sestogrado-favicon.png\",\"width\":260,\"height\":260,\"caption\":\"Sestogrado\"},\"image\":{\"@id\":\"https:\/\/www.sestogrado.it\/it\/#\/schema\/logo\/image\/\"},\"sameAs\":[\"https:\/\/www.facebook.com\/pages\/Sestogrado\/1542635979353017?ref=bookmarks\",\"https:\/\/www.youtube.com\/channel\/UC847kAfTkaJsWpc1jtQwr3Q\"],\"hasMerchantReturnPolicy\":{\"@type\":\"MerchantReturnPolicy\",\"merchantReturnLink\":\"https:\/\/www.sestogrado.it\/it\/termini-e-condizioni\/\"}}]}<\/script>\n<meta property=\"product:brand\" content=\"Camelbak\" \/>\n<meta property=\"product:price:amount\" content=\"59.00\" \/>\n<meta property=\"product:price:currency\" content=\"EUR\" \/>\n<meta property=\"og:availability\" content=\"instock\" \/>\n<meta property=\"product:availability\" content=\"instock\" \/>\n<meta property=\"product:condition\" content=\"new\" \/>\n<!-- \/ Yoast SEO plugin. -->","yoast_head_json":{"title":"Camelbak Fusion 3L Sacca idrica Fusion con zip impermeabile - Sestogrado","description":"La Camelbak Fusion 3L \u00e8 una sacca idrica da due litri, con zip impermeabile, per attivit\u00e0 outdoor, trekking, alpinismo, ferrate, bicicletta.Trasporta pi\u00f9 liquido in tutta tranquillit\u00e0 con la nostra nuova sacca Fusion\u2122 da 3 L.\u00a0 Questa soluzione avanzata, per l'idratazione, ti consente di concentrarti solo sull'avventura che ti si presenta davanti. La maniglia integrata e la presa con una mano, ti permettono di riempirla senza problemi da lavandini e frigoriferi. La robusta zip Tru\u00ae Zip impermeabile \u00e8 particolarmente facile da usare. Infine, l'attacco universale \u00e8 adatto a tutti i nostri zaini compatibili con l'idratazione.","robots":{"index":"index","follow":"follow","max-snippet":"max-snippet:-1","max-image-preview":"max-image-preview:large","max-video-preview":"max-video-preview:-1"},"canonical":"https:\/\/www.sestogrado.it\/it\/prodotto\/camelbak-fusion-3l-sacca-idrica-fusion-con-zip-impermeabile\/","og_locale":"it_IT","og_type":"article","og_title":"Camelbak Fusion 3L Sacca idrica Fusion con zip impermeabile - Sestogrado","og_description":"La Camelbak Fusion 3L \u00e8 una sacca idrica da due litri, con zip impermeabile, per attivit\u00e0 outdoor, trekking, alpinismo, ferrate, bicicletta.Trasporta pi\u00f9 liquido in tutta tranquillit\u00e0 con la nostra nuova sacca Fusion\u2122 da 3 L.\u00a0 Questa soluzione avanzata, per l'idratazione, ti consente di concentrarti solo sull'avventura che ti si presenta davanti. La maniglia integrata e la presa con una mano, ti permettono di riempirla senza problemi da lavandini e frigoriferi. La robusta zip Tru\u00ae Zip impermeabile \u00e8 particolarmente facile da usare. Infine, l'attacco universale \u00e8 adatto a tutti i nostri zaini compatibili con l'idratazione.","og_url":"https:\/\/www.sestogrado.it\/it\/prodotto\/camelbak-fusion-3l-sacca-idrica-fusion-con-zip-impermeabile\/","og_site_name":"Sestogrado","article_publisher":"https:\/\/www.facebook.com\/pages\/Sestogrado\/1542635979353017?ref=bookmarks","article_modified_time":"2025-09-22T11:45:28+00:00","og_image":[{"width":640,"height":640,"url":"https:\/\/www.sestogrado.it\/wp-content\/uploads\/2024\/04\/3-litri.jpg","type":"image\/jpeg"}],"twitter_misc":{"Prezzo":"&euro;&nbsp;59,00","Disponibilit\u00e0":"In stock"},"schema":{"@context":"https:\/\/schema.org","@graph":[{"@type":"WebPage","@id":"https:\/\/www.sestogrado.it\/it\/prodotto\/camelbak-fusion-3l-sacca-idrica-fusion-con-zip-impermeabile\/","url":"https:\/\/www.sestogrado.it\/it\/prodotto\/camelbak-fusion-3l-sacca-idrica-fusion-con-zip-impermeabile\/","name":"Camelbak Fusion 3L Sacca idrica Fusion con zip impermeabile - Sestogrado","isPartOf":{"@id":"https:\/\/www.sestogrado.it\/it\/#website"},"primaryImageOfPage":{"@id":"https:\/\/www.sestogrado.it\/it\/prodotto\/camelbak-fusion-3l-sacca-idrica-fusion-con-zip-impermeabile\/#primaryimage"},"image":{"@id":"https:\/\/www.sestogrado.it\/prodotto\/camelbak-fusion-3l-sacca-idrica-fusion-con-zip-impermeabile\/#primaryimage"},"thumbnailUrl":"https:\/\/www.sestogrado.it\/wp-content\/uploads\/2024\/04\/3-litri.jpg","datePublished":"2024-04-30T09:52:05+00:00","dateModified":"2025-09-22T11:45:28+00:00","description":"La Camelbak Fusion 3L \u00e8 una sacca idrica da due litri, con zip impermeabile, per attivit\u00e0 outdoor, trekking, alpinismo, ferrate, bicicletta.Trasporta pi\u00f9 liquido in tutta tranquillit\u00e0 con la nostra nuova sacca Fusion\u2122 da 3 L.\u00a0 Questa soluzione avanzata, per l'idratazione, ti consente di concentrarti solo sull'avventura che ti si presenta davanti. La maniglia integrata e la presa con una mano, ti permettono di riempirla senza problemi da lavandini e frigoriferi. La robusta zip Tru\u00ae Zip impermeabile \u00e8 particolarmente facile da usare. Infine, l'attacco universale \u00e8 adatto a tutti i nostri zaini compatibili con l'idratazione.","breadcrumb":{"@id":"https:\/\/www.sestogrado.it\/it\/prodotto\/camelbak-fusion-3l-sacca-idrica-fusion-con-zip-impermeabile\/#breadcrumb"},"inLanguage":"it-IT","potentialAction":[{"@type":"ReadAction","target":[["https:\/\/www.sestogrado.it\/it\/prodotto\/camelbak-fusion-3l-sacca-idrica-fusion-con-zip-impermeabile\/"]]}]},{"@type":"ImageObject","inLanguage":"it-IT","@id":"https:\/\/www.sestogrado.it\/it\/prodotto\/camelbak-fusion-3l-sacca-idrica-fusion-con-zip-impermeabile\/#primaryimage","url":"https:\/\/www.sestogrado.it\/wp-content\/uploads\/2024\/04\/3-litri.jpg","contentUrl":"https:\/\/www.sestogrado.it\/wp-content\/uploads\/2024\/04\/3-litri.jpg","width":640,"height":640,"caption":"Camelbak Fusion 3L"},{"@type":"BreadcrumbList","@id":"https:\/\/www.sestogrado.it\/it\/prodotto\/camelbak-fusion-3l-sacca-idrica-fusion-con-zip-impermeabile\/#breadcrumb","itemListElement":[{"@type":"ListItem","position":1,"name":"Home","item":"https:\/\/www.sestogrado.it\/it\/"},{"@type":"ListItem","position":2,"name":"Shop","item":"https:\/\/www.sestogrado.it\/it\/shop\/"},{"@type":"ListItem","position":3,"name":"Camelbak Fusion 3L Sacca idrica Fusion con zip impermeabile"}]},{"@type":"WebSite","@id":"https:\/\/www.sestogrado.it\/it\/#website","url":"https:\/\/www.sestogrado.it\/it\/","name":"Sestogrado","description":"yes we climb","publisher":{"@id":"https:\/\/www.sestogrado.it\/it\/#organization"},"potentialAction":[{"@type":"SearchAction","target":{"@type":"EntryPoint","urlTemplate":"https:\/\/www.sestogrado.it\/it\/?s={search_term_string}"},"query-input":{"@type":"PropertyValueSpecification","valueRequired":true,"valueName":"search_term_string"}}],"inLanguage":"it-IT"},{"@type":"Organization","@id":"https:\/\/www.sestogrado.it\/it\/#organization","name":"Sestogrado","url":"https:\/\/www.sestogrado.it\/it\/","logo":{"@type":"ImageObject","inLanguage":"it-IT","@id":"https:\/\/www.sestogrado.it\/it\/#\/schema\/logo\/image\/","url":"https:\/\/www.sestogrado.it\/wp-content\/uploads\/2015\/03\/sestogrado-favicon.png","contentUrl":"https:\/\/www.sestogrado.it\/wp-content\/uploads\/2015\/03\/sestogrado-favicon.png","width":260,"height":260,"caption":"Sestogrado"},"image":{"@id":"https:\/\/www.sestogrado.it\/it\/#\/schema\/logo\/image\/"},"sameAs":["https:\/\/www.facebook.com\/pages\/Sestogrado\/1542635979353017?ref=bookmarks","https:\/\/www.youtube.com\/channel\/UC847kAfTkaJsWpc1jtQwr3Q"],"hasMerchantReturnPolicy":{"@type":"MerchantReturnPolicy","merchantReturnLink":"https:\/\/www.sestogrado.it\/it\/termini-e-condizioni\/"}}]},"product_brand":"Camelbak","product_price_amount":"59.00","product_price_currency":"EUR","og_availability":"instock","product_availability":"instock","product_condition":"new"},"_links":{"self":[{"href":"https:\/\/www.sestogrado.it\/it\/wp-json\/wp\/v2\/product\/160771","targetHints":{"allow":["GET"]}}],"collection":[{"href":"https:\/\/www.sestogrado.it\/it\/wp-json\/wp\/v2\/product"}],"about":[{"href":"https:\/\/www.sestogrado.it\/it\/wp-json\/wp\/v2\/types\/product"}],"replies":[{"embeddable":true,"href":"https:\/\/www.sestogrado.it\/it\/wp-json\/wp\/v2\/comments?post=160771"}],"wp:featuredmedia":[{"embeddable":true,"href":"https:\/\/www.sestogrado.it\/it\/wp-json\/wp\/v2\/media\/160772"}],"wp:attachment":[{"href":"https:\/\/www.sestogrado.it\/it\/wp-json\/wp\/v2\/media?parent=160771"}],"wp:term":[{"taxonomy":"product_brand","embeddable":true,"href":"https:\/\/www.sestogrado.it\/it\/wp-json\/wp\/v2\/product_brand?post=160771"},{"taxonomy":"product_cat","embeddable":true,"href":"https:\/\/www.sestogrado.it\/it\/wp-json\/wp\/v2\/product_cat?post=160771"},{"taxonomy":"product_tag","embeddable":true,"href":"https:\/\/www.sestogrado.it\/it\/wp-json\/wp\/v2\/product_tag?post=160771"}],"curies":[{"name":"wp","href":"https:\/\/api.w.org\/{rel}","templated":true}]}}