{"id":159932,"date":"2024-04-13T09:00:33","date_gmt":"2024-04-13T07:00:33","guid":{"rendered":"https:\/\/www.sestogrado.it\/?post_type=product&#038;p=159932"},"modified":"2026-02-11T10:52:18","modified_gmt":"2026-02-11T09:52:18","slug":"grivel-air-tech-hybrid-dual-matic-evo-ramponi","status":"publish","type":"product","link":"https:\/\/www.sestogrado.it\/it\/prodotto\/grivel-air-tech-hybrid-dual-matic-evo-ramponi\/","title":{"rendered":"Grivel Air Tech HYBRID Dual Matic EVO ramponi"},"content":{"rendered":"<p>I Grivel Air Tech HYBRID Dual Matic EVO sono la versione ibrida del modello <a href=\"https:\/\/www.sestogrado.it\/it\/prodotto\/grivel-air-tech-new-matic-evo-ramponi\/\" target=\"_blank\" rel=\"noopener\">Air Tech<\/a>. Ibrida significa che hanno la parte anteriore in acciaio, per fornire durata e resistenza quando si morde la roccia, e la parte posteriore in lega leggera, per alpinismo leggero e veloce. Le sue 12 punte garantiscono la massima stabilit\u00e0.<\/p>\n<p>Sono dei ramponi dotati dell&#8217;innovativo sistema <strong>Dual Matic<\/strong> di Grivel, che consente di passare dalla configurazione automatica a quella semiautomatica (scarponi provvisti e non provvisti di bordo anteriore), sostituendo l&#8217;aggancio anteriore, in dotazione per entrambe le versioni. In questo modo un solo rampone pu\u00f2 essere utilizzato con scarponi differenti e per attivit\u00e0 diverse, con la gabbietta New Matic Evo o la gabbietta Cramp-o-matic Evo. Il sistema di allacciatura posteriore EVO \u00e8 pi\u00f9 moderno, leggero e minimale, rispetto alla versione precedente. La nuova leva e staffa posteriori sono pi\u00f9 semplici, un pezzo invece di cinque. La leva, con design &#8220;Stealth&#8221; \u00e8 pi\u00f9 leggera e consente pi\u00f9 posizioni per adattarsi a tutti gli scarponi. La fettuccia \u00e8 pi\u00f9 leggera e sottile (12mm invece di 14mm) e la fibbia \u00e8 pi\u00f9 minimale, facile da usare e con forte tenuta.<\/p>\n<ul>\n<li>Attivit\u00e0: escursione sul ghiacciaio\/ alpinismo classico e tecnico<\/li>\n<li>Materiali \/ costruzione \/ tecnologie:\u00a0acciaio, alluminio<\/li>\n<li>Certificazione: CE EN 893, UIAA 153<\/li>\n<li>Peso: 734 g\/ paio<\/li>\n<li>Taglie: 35-46<\/li>\n<li>Antibott: fronte e retro<\/li>\n<\/ul>\n<p>&nbsp;<\/p>\n<p>Gli Air Tech HYBRID Dual Matic EVO sono i ramponi perfetti per terreni misti classici. Le punte corte ma estremamente affilate penetrano perfettamente nel ghiaccio e consentono la massima agilit\u00e0 sulla roccia.<\/p>\n<p>&nbsp;<\/p>\n<p>&nbsp;<\/p>\n<p>Nata nel 1818 a Courmayeur, la Grivel \u00e8 un\u2019azienda italiana che produce attrezzature ed equipaggiamenti per alpinismo, arrampicata ed outdoor esportando in 26 paesi.\u00a0\u00a0L\u2019azienda ha ottenuto la certificazione GS T\u00dcV dal 1992, ISO 9001 dal 1996, ISO 1400 dal 2004.\u00a0L\u2019obiettivo di\u00a0Grivel \u00e8 di facilitare la vita agli alpinisti e agli amanti della montagna\u00a0con prodotti tecnologicamente avanzati.<\/p>","protected":false},"excerpt":{"rendered":"<p>I Grivel Air Tech HYBRID Dual Matic EVO sono la versione ibrida del modello Air Tech. Ibrida significa che hanno [&hellip;]<\/p>\n","protected":false},"featured_media":159933,"comment_status":"open","ping_status":"closed","template":"","meta":{"_acf_changed":false},"product_brand":[126],"product_cat":[153],"product_tag":[],"class_list":{"0":"post-159932","1":"product","2":"type-product","3":"status-publish","4":"has-post-thumbnail","6":"product_brand-grivel","7":"product_cat-ramponi","9":"first","10":"outofstock","11":"sale","12":"taxable","13":"shipping-taxable","14":"purchasable","15":"product-type-simple"},"acf":[],"yoast_head":"<!-- This site is optimized with the Yoast SEO plugin v26.4 - https:\/\/yoast.com\/wordpress\/plugins\/seo\/ -->\n<title>Grivel Air Tech HYBRID Dual Matic EVO ramponi - Sestogrado<\/title>\n<meta name=\"description\" content=\"I Grivel Air Tech HYBRID Dual Matic EVO sono la versione ibrida del modello Air Tech. Ibrida significa che hanno la parte anteriore in acciaio, per fornire durata e resistenza quando si morde la roccia, e la parte posteriore in lega leggera, per alpinismo leggero e veloce. Le sue 12 punte garantiscono la massima stabilit\u00e0.Sono dei ramponi dotati dell&#039;innovativo sistema Dual Matic di Grivel, che consente di passare dalla configurazione automatica a quella semiautomatica (scarponi provvisti e non provvisti di bordo anteriore), sostituendo l&#039;aggancio anteriore, in dotazione per entrambe le versioni. In questo modo un solo rampone pu\u00f2 essere utilizzato con scarponi differenti e per attivit\u00e0 diverse, con la gabbietta New Matic Evo o la gabbietta Cramp-o-matic Evo. Il sistema di allacciatura posteriore EVO \u00e8 pi\u00f9 moderno, leggero e minimale, rispetto alla versione precedente. La nuova leva e staffa posteriori sono pi\u00f9 semplici, un pezzo invece di cinque. La leva, con design &quot;Stealth&quot; \u00e8 pi\u00f9 leggera e consente pi\u00f9 posizioni per adattarsi a tutti gli scarponi. La fettuccia \u00e8 pi\u00f9 leggera e sottile (12mm invece di 14mm) e la fibbia \u00e8 pi\u00f9 minimale, facile da usare e con forte tenuta.\" \/>\n<meta name=\"robots\" content=\"index, follow, max-snippet:-1, max-image-preview:large, max-video-preview:-1\" \/>\n<link rel=\"canonical\" href=\"https:\/\/www.sestogrado.it\/it\/prodotto\/grivel-air-tech-hybrid-dual-matic-evo-ramponi\/\" \/>\n<meta property=\"og:locale\" content=\"it_IT\" \/>\n<meta property=\"og:type\" content=\"article\" \/>\n<meta property=\"og:title\" content=\"Grivel Air Tech HYBRID Dual Matic EVO ramponi - Sestogrado\" \/>\n<meta property=\"og:description\" content=\"I Grivel Air Tech HYBRID Dual Matic EVO sono la versione ibrida del modello Air Tech. Ibrida significa che hanno la parte anteriore in acciaio, per fornire durata e resistenza quando si morde la roccia, e la parte posteriore in lega leggera, per alpinismo leggero e veloce. Le sue 12 punte garantiscono la massima stabilit\u00e0.Sono dei ramponi dotati dell&#039;innovativo sistema Dual Matic di Grivel, che consente di passare dalla configurazione automatica a quella semiautomatica (scarponi provvisti e non provvisti di bordo anteriore), sostituendo l&#039;aggancio anteriore, in dotazione per entrambe le versioni. In questo modo un solo rampone pu\u00f2 essere utilizzato con scarponi differenti e per attivit\u00e0 diverse, con la gabbietta New Matic Evo o la gabbietta Cramp-o-matic Evo. Il sistema di allacciatura posteriore EVO \u00e8 pi\u00f9 moderno, leggero e minimale, rispetto alla versione precedente. La nuova leva e staffa posteriori sono pi\u00f9 semplici, un pezzo invece di cinque. La leva, con design &quot;Stealth&quot; \u00e8 pi\u00f9 leggera e consente pi\u00f9 posizioni per adattarsi a tutti gli scarponi. La fettuccia \u00e8 pi\u00f9 leggera e sottile (12mm invece di 14mm) e la fibbia \u00e8 pi\u00f9 minimale, facile da usare e con forte tenuta.\" \/>\n<meta property=\"og:url\" content=\"https:\/\/www.sestogrado.it\/it\/prodotto\/grivel-air-tech-hybrid-dual-matic-evo-ramponi\/\" \/>\n<meta property=\"og:site_name\" content=\"Sestogrado\" \/>\n<meta property=\"article:publisher\" content=\"https:\/\/www.facebook.com\/pages\/Sestogrado\/1542635979353017?ref=bookmarks\" \/>\n<meta property=\"article:modified_time\" content=\"2026-02-11T09:52:18+00:00\" \/>\n<meta property=\"og:image\" content=\"https:\/\/www.sestogrado.it\/wp-content\/uploads\/2024\/04\/01-5.jpg\" \/>\n\t<meta property=\"og:image:width\" content=\"1575\" \/>\n\t<meta property=\"og:image:height\" content=\"1575\" \/>\n\t<meta property=\"og:image:type\" content=\"image\/jpeg\" \/>\n<meta name=\"twitter:label1\" content=\"Prezzo\" \/>\n\t<meta name=\"twitter:data1\" content=\"&euro;&nbsp;149,00\" \/>\n\t<meta name=\"twitter:label2\" content=\"Disponibilit\u00e0\" \/>\n\t<meta name=\"twitter:data2\" content=\"Esaurito\" \/>\n<script type=\"application\/ld+json\" class=\"yoast-schema-graph\">{\"@context\":\"https:\/\/schema.org\",\"@graph\":[{\"@type\":\"WebPage\",\"@id\":\"https:\/\/www.sestogrado.it\/it\/prodotto\/grivel-air-tech-hybrid-dual-matic-evo-ramponi\/\",\"url\":\"https:\/\/www.sestogrado.it\/it\/prodotto\/grivel-air-tech-hybrid-dual-matic-evo-ramponi\/\",\"name\":\"Grivel Air Tech HYBRID Dual Matic EVO ramponi - Sestogrado\",\"isPartOf\":{\"@id\":\"https:\/\/www.sestogrado.it\/it\/#website\"},\"primaryImageOfPage\":{\"@id\":\"https:\/\/www.sestogrado.it\/it\/prodotto\/grivel-air-tech-hybrid-dual-matic-evo-ramponi\/#primaryimage\"},\"image\":{\"@id\":\"https:\/\/www.sestogrado.it\/prodotto\/grivel-air-tech-hybrid-dual-matic-evo-ramponi\/#primaryimage\"},\"thumbnailUrl\":\"https:\/\/www.sestogrado.it\/wp-content\/uploads\/2024\/04\/01-5.jpg\",\"datePublished\":\"2024-04-13T07:00:33+00:00\",\"dateModified\":\"2026-02-11T09:52:18+00:00\",\"description\":\"I Grivel Air Tech HYBRID Dual Matic EVO sono la versione ibrida del modello Air Tech. Ibrida significa che hanno la parte anteriore in acciaio, per fornire durata e resistenza quando si morde la roccia, e la parte posteriore in lega leggera, per alpinismo leggero e veloce. Le sue 12 punte garantiscono la massima stabilit\u00e0.Sono dei ramponi dotati dell'innovativo sistema Dual Matic di Grivel, che consente di passare dalla configurazione automatica a quella semiautomatica (scarponi provvisti e non provvisti di bordo anteriore), sostituendo l'aggancio anteriore, in dotazione per entrambe le versioni. In questo modo un solo rampone pu\u00f2 essere utilizzato con scarponi differenti e per attivit\u00e0 diverse, con la gabbietta New Matic Evo o la gabbietta Cramp-o-matic Evo. Il sistema di allacciatura posteriore EVO \u00e8 pi\u00f9 moderno, leggero e minimale, rispetto alla versione precedente. La nuova leva e staffa posteriori sono pi\u00f9 semplici, un pezzo invece di cinque. La leva, con design \\\"Stealth\\\" \u00e8 pi\u00f9 leggera e consente pi\u00f9 posizioni per adattarsi a tutti gli scarponi. La fettuccia \u00e8 pi\u00f9 leggera e sottile (12mm invece di 14mm) e la fibbia \u00e8 pi\u00f9 minimale, facile da usare e con forte tenuta.\",\"breadcrumb\":{\"@id\":\"https:\/\/www.sestogrado.it\/it\/prodotto\/grivel-air-tech-hybrid-dual-matic-evo-ramponi\/#breadcrumb\"},\"inLanguage\":\"it-IT\",\"potentialAction\":[{\"@type\":\"ReadAction\",\"target\":[[\"https:\/\/www.sestogrado.it\/it\/prodotto\/grivel-air-tech-hybrid-dual-matic-evo-ramponi\/\"]]}]},{\"@type\":\"ImageObject\",\"inLanguage\":\"it-IT\",\"@id\":\"https:\/\/www.sestogrado.it\/it\/prodotto\/grivel-air-tech-hybrid-dual-matic-evo-ramponi\/#primaryimage\",\"url\":\"https:\/\/www.sestogrado.it\/wp-content\/uploads\/2024\/04\/01-5.jpg\",\"contentUrl\":\"https:\/\/www.sestogrado.it\/wp-content\/uploads\/2024\/04\/01-5.jpg\",\"width\":1575,\"height\":1575,\"caption\":\"air tech dual matic\"},{\"@type\":\"BreadcrumbList\",\"@id\":\"https:\/\/www.sestogrado.it\/it\/prodotto\/grivel-air-tech-hybrid-dual-matic-evo-ramponi\/#breadcrumb\",\"itemListElement\":[{\"@type\":\"ListItem\",\"position\":1,\"name\":\"Home\",\"item\":\"https:\/\/www.sestogrado.it\/it\/\"},{\"@type\":\"ListItem\",\"position\":2,\"name\":\"Shop\",\"item\":\"https:\/\/www.sestogrado.it\/it\/shop\/\"},{\"@type\":\"ListItem\",\"position\":3,\"name\":\"Grivel Air Tech HYBRID Dual Matic EVO ramponi\"}]},{\"@type\":\"WebSite\",\"@id\":\"https:\/\/www.sestogrado.it\/it\/#website\",\"url\":\"https:\/\/www.sestogrado.it\/it\/\",\"name\":\"Sestogrado\",\"description\":\"yes we climb\",\"publisher\":{\"@id\":\"https:\/\/www.sestogrado.it\/it\/#organization\"},\"potentialAction\":[{\"@type\":\"SearchAction\",\"target\":{\"@type\":\"EntryPoint\",\"urlTemplate\":\"https:\/\/www.sestogrado.it\/it\/?s={search_term_string}\"},\"query-input\":{\"@type\":\"PropertyValueSpecification\",\"valueRequired\":true,\"valueName\":\"search_term_string\"}}],\"inLanguage\":\"it-IT\"},{\"@type\":\"Organization\",\"@id\":\"https:\/\/www.sestogrado.it\/it\/#organization\",\"name\":\"Sestogrado\",\"url\":\"https:\/\/www.sestogrado.it\/it\/\",\"logo\":{\"@type\":\"ImageObject\",\"inLanguage\":\"it-IT\",\"@id\":\"https:\/\/www.sestogrado.it\/it\/#\/schema\/logo\/image\/\",\"url\":\"https:\/\/www.sestogrado.it\/wp-content\/uploads\/2015\/03\/sestogrado-favicon.png\",\"contentUrl\":\"https:\/\/www.sestogrado.it\/wp-content\/uploads\/2015\/03\/sestogrado-favicon.png\",\"width\":260,\"height\":260,\"caption\":\"Sestogrado\"},\"image\":{\"@id\":\"https:\/\/www.sestogrado.it\/it\/#\/schema\/logo\/image\/\"},\"sameAs\":[\"https:\/\/www.facebook.com\/pages\/Sestogrado\/1542635979353017?ref=bookmarks\",\"https:\/\/www.youtube.com\/channel\/UC847kAfTkaJsWpc1jtQwr3Q\"],\"hasMerchantReturnPolicy\":{\"@type\":\"MerchantReturnPolicy\",\"merchantReturnLink\":\"https:\/\/www.sestogrado.it\/it\/termini-e-condizioni\/\"}}]}<\/script>\n<meta property=\"product:brand\" content=\"Grivel\" \/>\n<meta property=\"product:price:amount\" content=\"149.00\" \/>\n<meta property=\"product:price:currency\" content=\"EUR\" \/>\n<meta property=\"og:availability\" content=\"out of stock\" \/>\n<meta property=\"product:availability\" content=\"out of stock\" \/>\n<meta property=\"product:condition\" content=\"new\" \/>\n<!-- \/ Yoast SEO plugin. -->","yoast_head_json":{"title":"Grivel Air Tech HYBRID Dual Matic EVO ramponi - Sestogrado","description":"I Grivel Air Tech HYBRID Dual Matic EVO sono la versione ibrida del modello Air Tech. Ibrida significa che hanno la parte anteriore in acciaio, per fornire durata e resistenza quando si morde la roccia, e la parte posteriore in lega leggera, per alpinismo leggero e veloce. Le sue 12 punte garantiscono la massima stabilit\u00e0.Sono dei ramponi dotati dell'innovativo sistema Dual Matic di Grivel, che consente di passare dalla configurazione automatica a quella semiautomatica (scarponi provvisti e non provvisti di bordo anteriore), sostituendo l'aggancio anteriore, in dotazione per entrambe le versioni. In questo modo un solo rampone pu\u00f2 essere utilizzato con scarponi differenti e per attivit\u00e0 diverse, con la gabbietta New Matic Evo o la gabbietta Cramp-o-matic Evo. Il sistema di allacciatura posteriore EVO \u00e8 pi\u00f9 moderno, leggero e minimale, rispetto alla versione precedente. La nuova leva e staffa posteriori sono pi\u00f9 semplici, un pezzo invece di cinque. La leva, con design \"Stealth\" \u00e8 pi\u00f9 leggera e consente pi\u00f9 posizioni per adattarsi a tutti gli scarponi. La fettuccia \u00e8 pi\u00f9 leggera e sottile (12mm invece di 14mm) e la fibbia \u00e8 pi\u00f9 minimale, facile da usare e con forte tenuta.","robots":{"index":"index","follow":"follow","max-snippet":"max-snippet:-1","max-image-preview":"max-image-preview:large","max-video-preview":"max-video-preview:-1"},"canonical":"https:\/\/www.sestogrado.it\/it\/prodotto\/grivel-air-tech-hybrid-dual-matic-evo-ramponi\/","og_locale":"it_IT","og_type":"article","og_title":"Grivel Air Tech HYBRID Dual Matic EVO ramponi - Sestogrado","og_description":"I Grivel Air Tech HYBRID Dual Matic EVO sono la versione ibrida del modello Air Tech. Ibrida significa che hanno la parte anteriore in acciaio, per fornire durata e resistenza quando si morde la roccia, e la parte posteriore in lega leggera, per alpinismo leggero e veloce. Le sue 12 punte garantiscono la massima stabilit\u00e0.Sono dei ramponi dotati dell'innovativo sistema Dual Matic di Grivel, che consente di passare dalla configurazione automatica a quella semiautomatica (scarponi provvisti e non provvisti di bordo anteriore), sostituendo l'aggancio anteriore, in dotazione per entrambe le versioni. In questo modo un solo rampone pu\u00f2 essere utilizzato con scarponi differenti e per attivit\u00e0 diverse, con la gabbietta New Matic Evo o la gabbietta Cramp-o-matic Evo. Il sistema di allacciatura posteriore EVO \u00e8 pi\u00f9 moderno, leggero e minimale, rispetto alla versione precedente. La nuova leva e staffa posteriori sono pi\u00f9 semplici, un pezzo invece di cinque. La leva, con design \"Stealth\" \u00e8 pi\u00f9 leggera e consente pi\u00f9 posizioni per adattarsi a tutti gli scarponi. La fettuccia \u00e8 pi\u00f9 leggera e sottile (12mm invece di 14mm) e la fibbia \u00e8 pi\u00f9 minimale, facile da usare e con forte tenuta.","og_url":"https:\/\/www.sestogrado.it\/it\/prodotto\/grivel-air-tech-hybrid-dual-matic-evo-ramponi\/","og_site_name":"Sestogrado","article_publisher":"https:\/\/www.facebook.com\/pages\/Sestogrado\/1542635979353017?ref=bookmarks","article_modified_time":"2026-02-11T09:52:18+00:00","og_image":[{"width":1575,"height":1575,"url":"https:\/\/www.sestogrado.it\/wp-content\/uploads\/2024\/04\/01-5.jpg","type":"image\/jpeg"}],"twitter_misc":{"Prezzo":"&euro;&nbsp;149,00","Disponibilit\u00e0":"Esaurito"},"schema":{"@context":"https:\/\/schema.org","@graph":[{"@type":"WebPage","@id":"https:\/\/www.sestogrado.it\/it\/prodotto\/grivel-air-tech-hybrid-dual-matic-evo-ramponi\/","url":"https:\/\/www.sestogrado.it\/it\/prodotto\/grivel-air-tech-hybrid-dual-matic-evo-ramponi\/","name":"Grivel Air Tech HYBRID Dual Matic EVO ramponi - Sestogrado","isPartOf":{"@id":"https:\/\/www.sestogrado.it\/it\/#website"},"primaryImageOfPage":{"@id":"https:\/\/www.sestogrado.it\/it\/prodotto\/grivel-air-tech-hybrid-dual-matic-evo-ramponi\/#primaryimage"},"image":{"@id":"https:\/\/www.sestogrado.it\/prodotto\/grivel-air-tech-hybrid-dual-matic-evo-ramponi\/#primaryimage"},"thumbnailUrl":"https:\/\/www.sestogrado.it\/wp-content\/uploads\/2024\/04\/01-5.jpg","datePublished":"2024-04-13T07:00:33+00:00","dateModified":"2026-02-11T09:52:18+00:00","description":"I Grivel Air Tech HYBRID Dual Matic EVO sono la versione ibrida del modello Air Tech. Ibrida significa che hanno la parte anteriore in acciaio, per fornire durata e resistenza quando si morde la roccia, e la parte posteriore in lega leggera, per alpinismo leggero e veloce. Le sue 12 punte garantiscono la massima stabilit\u00e0.Sono dei ramponi dotati dell'innovativo sistema Dual Matic di Grivel, che consente di passare dalla configurazione automatica a quella semiautomatica (scarponi provvisti e non provvisti di bordo anteriore), sostituendo l'aggancio anteriore, in dotazione per entrambe le versioni. In questo modo un solo rampone pu\u00f2 essere utilizzato con scarponi differenti e per attivit\u00e0 diverse, con la gabbietta New Matic Evo o la gabbietta Cramp-o-matic Evo. Il sistema di allacciatura posteriore EVO \u00e8 pi\u00f9 moderno, leggero e minimale, rispetto alla versione precedente. La nuova leva e staffa posteriori sono pi\u00f9 semplici, un pezzo invece di cinque. La leva, con design \"Stealth\" \u00e8 pi\u00f9 leggera e consente pi\u00f9 posizioni per adattarsi a tutti gli scarponi. La fettuccia \u00e8 pi\u00f9 leggera e sottile (12mm invece di 14mm) e la fibbia \u00e8 pi\u00f9 minimale, facile da usare e con forte tenuta.","breadcrumb":{"@id":"https:\/\/www.sestogrado.it\/it\/prodotto\/grivel-air-tech-hybrid-dual-matic-evo-ramponi\/#breadcrumb"},"inLanguage":"it-IT","potentialAction":[{"@type":"ReadAction","target":[["https:\/\/www.sestogrado.it\/it\/prodotto\/grivel-air-tech-hybrid-dual-matic-evo-ramponi\/"]]}]},{"@type":"ImageObject","inLanguage":"it-IT","@id":"https:\/\/www.sestogrado.it\/it\/prodotto\/grivel-air-tech-hybrid-dual-matic-evo-ramponi\/#primaryimage","url":"https:\/\/www.sestogrado.it\/wp-content\/uploads\/2024\/04\/01-5.jpg","contentUrl":"https:\/\/www.sestogrado.it\/wp-content\/uploads\/2024\/04\/01-5.jpg","width":1575,"height":1575,"caption":"air tech dual matic"},{"@type":"BreadcrumbList","@id":"https:\/\/www.sestogrado.it\/it\/prodotto\/grivel-air-tech-hybrid-dual-matic-evo-ramponi\/#breadcrumb","itemListElement":[{"@type":"ListItem","position":1,"name":"Home","item":"https:\/\/www.sestogrado.it\/it\/"},{"@type":"ListItem","position":2,"name":"Shop","item":"https:\/\/www.sestogrado.it\/it\/shop\/"},{"@type":"ListItem","position":3,"name":"Grivel Air Tech HYBRID Dual Matic EVO ramponi"}]},{"@type":"WebSite","@id":"https:\/\/www.sestogrado.it\/it\/#website","url":"https:\/\/www.sestogrado.it\/it\/","name":"Sestogrado","description":"yes we climb","publisher":{"@id":"https:\/\/www.sestogrado.it\/it\/#organization"},"potentialAction":[{"@type":"SearchAction","target":{"@type":"EntryPoint","urlTemplate":"https:\/\/www.sestogrado.it\/it\/?s={search_term_string}"},"query-input":{"@type":"PropertyValueSpecification","valueRequired":true,"valueName":"search_term_string"}}],"inLanguage":"it-IT"},{"@type":"Organization","@id":"https:\/\/www.sestogrado.it\/it\/#organization","name":"Sestogrado","url":"https:\/\/www.sestogrado.it\/it\/","logo":{"@type":"ImageObject","inLanguage":"it-IT","@id":"https:\/\/www.sestogrado.it\/it\/#\/schema\/logo\/image\/","url":"https:\/\/www.sestogrado.it\/wp-content\/uploads\/2015\/03\/sestogrado-favicon.png","contentUrl":"https:\/\/www.sestogrado.it\/wp-content\/uploads\/2015\/03\/sestogrado-favicon.png","width":260,"height":260,"caption":"Sestogrado"},"image":{"@id":"https:\/\/www.sestogrado.it\/it\/#\/schema\/logo\/image\/"},"sameAs":["https:\/\/www.facebook.com\/pages\/Sestogrado\/1542635979353017?ref=bookmarks","https:\/\/www.youtube.com\/channel\/UC847kAfTkaJsWpc1jtQwr3Q"],"hasMerchantReturnPolicy":{"@type":"MerchantReturnPolicy","merchantReturnLink":"https:\/\/www.sestogrado.it\/it\/termini-e-condizioni\/"}}]},"product_brand":"Grivel","product_price_amount":"149.00","product_price_currency":"EUR","og_availability":"out of stock","product_availability":"out of stock","product_condition":"new"},"_links":{"self":[{"href":"https:\/\/www.sestogrado.it\/it\/wp-json\/wp\/v2\/product\/159932","targetHints":{"allow":["GET"]}}],"collection":[{"href":"https:\/\/www.sestogrado.it\/it\/wp-json\/wp\/v2\/product"}],"about":[{"href":"https:\/\/www.sestogrado.it\/it\/wp-json\/wp\/v2\/types\/product"}],"replies":[{"embeddable":true,"href":"https:\/\/www.sestogrado.it\/it\/wp-json\/wp\/v2\/comments?post=159932"}],"wp:featuredmedia":[{"embeddable":true,"href":"https:\/\/www.sestogrado.it\/it\/wp-json\/wp\/v2\/media\/159933"}],"wp:attachment":[{"href":"https:\/\/www.sestogrado.it\/it\/wp-json\/wp\/v2\/media?parent=159932"}],"wp:term":[{"taxonomy":"product_brand","embeddable":true,"href":"https:\/\/www.sestogrado.it\/it\/wp-json\/wp\/v2\/product_brand?post=159932"},{"taxonomy":"product_cat","embeddable":true,"href":"https:\/\/www.sestogrado.it\/it\/wp-json\/wp\/v2\/product_cat?post=159932"},{"taxonomy":"product_tag","embeddable":true,"href":"https:\/\/www.sestogrado.it\/it\/wp-json\/wp\/v2\/product_tag?post=159932"}],"curies":[{"name":"wp","href":"https:\/\/api.w.org\/{rel}","templated":true}]}}