{"id":158555,"date":"2024-03-29T16:08:16","date_gmt":"2024-03-29T15:08:16","guid":{"rendered":"https:\/\/www.sestogrado.it\/?post_type=product&#038;p=158555"},"modified":"2025-09-04T10:21:26","modified_gmt":"2025-09-04T08:21:26","slug":"millet-light-down-10-saccoletto-sacco-a-pelo","status":"publish","type":"product","link":"https:\/\/www.sestogrado.it\/it\/prodotto\/millet-light-down-10-saccoletto-sacco-a-pelo\/","title":{"rendered":"Millet Light Down 10 saccoletto sacco a pelo"},"content":{"rendered":"<p>Il Millet Light Down 10 \u00e8 un sacco a pelo in piuma d&#8217;anatra GREY DUCK DOWN + C0\u00a0idrofobica, particolarmente leggero e compatto. Ideale per dormire con una temperatura di comfort intorno agli 11 gradi. E&#8217; particolarmente indicato per pernotti in bivacco o in tenda nella stagione estiva. Le piume naturali offrono termicit\u00e0 ed un&#8217;ottima comprimibilit\u00e0, per cui il sacco a pelo Millet Light Down 10 risulta facilmente stipabile nello zaino.<\/p>\n<p>La sacca contenitiva \u00e8 fatta in robusto Nylon Ripstop che isola e protegge il saccoletto.<\/p>\n<ul>\n<li>GREY DUCK DOWN + C0 piuma d&#8217;anatra<\/li>\n<li>ultraleggero, robusto, idrorepellente involucro<\/li>\n<li>tasca interna<\/li>\n<li>zip laterale con bordo anti freddo<\/li>\n<li>cappuccio regolabile con doppio cordino<\/li>\n<li>sacca ci compressione per richiuderlo in poco spazio<\/li>\n<li>lunghezza totale: 215cm<\/li>\n<li>Larghezza spalle: 80cm<\/li>\n<li>Larghezza piedi: 45cm<\/li>\n<li>Volume da chiuso: 1,5L<\/li>\n<li>Peso 420g<\/li>\n<li>Colore safran giallo<\/li>\n<\/ul>\n<p>Temperatura comfort 14\u00b0 (oltre alla quale avere caldo), limite temperatura comfort 11\u00b0, temperatura estrema 0\u00b0<\/p>\n<p>&nbsp;<\/p>\n<p><img decoding=\"async\" class=\"size-full wp-image-19796 alignnone\" src=\"https:\/\/www.sestogrado.it\/wp-content\/uploads\/2019\/02\/mil-low-impact-1.png\" alt=\"millet light down\" width=\"120\" height=\"120\" srcset=\"https:\/\/www.sestogrado.it\/wp-content\/uploads\/2019\/02\/mil-low-impact-1.png 120w, https:\/\/www.sestogrado.it\/wp-content\/uploads\/2019\/02\/mil-low-impact-1-100x100.png 100w, https:\/\/www.sestogrado.it\/wp-content\/uploads\/2019\/02\/mil-low-impact-1-150x150.png 150w, https:\/\/www.sestogrado.it\/wp-content\/uploads\/2019\/02\/mil-low-impact-1-350x350.png 350w, https:\/\/www.sestogrado.it\/wp-content\/uploads\/2019\/02\/mil-low-impact-1-45x45.png 45w, https:\/\/www.sestogrado.it\/wp-content\/uploads\/2019\/02\/mil-low-impact-1-64x64.png 64w\" sizes=\"(max-width: 120px) 100vw, 120px\" \/><\/p>\n<p>Il Low Impact \u00e8 uno standard unico basato su due criteri essenziali: materiali eco-friendly e certificazione\u00a0BLUESIGN\u00ae<\/p>\n<p>&nbsp;<\/p>\n<p>Nel 1934, venne lanciato sul mercato il primo zaino Millet. L\u2019attrezzatura Millet si distingue per leggerezza, durata e alta qualit\u00e0. L\u2019azienda si basa sull\u2019esperienza dei migliori alpinisti, come ad esempio Reinhold Messner. Nel 1978 l\u2019alpinista altoatesino ha conquistato la vetta pi\u00f9 alta del mondo: senza maschera di ossigeno, ma con l\u00b4attrezzatura Millet.<\/p>","protected":false},"excerpt":{"rendered":"<p>Il Millet Light Down 10 \u00e8 un sacco a pelo in piuma d&#8217;anatra GREY DUCK DOWN + C0\u00a0idrofobica, particolarmente leggero [&hellip;]<\/p>\n","protected":false},"featured_media":158678,"comment_status":"open","ping_status":"closed","template":"","meta":{"_acf_changed":false},"product_brand":[312],"product_cat":[577],"product_tag":[],"class_list":{"0":"post-158555","1":"product","2":"type-product","3":"status-publish","4":"has-post-thumbnail","6":"product_brand-millet","7":"product_cat-sacchi-a-pelo","9":"first","10":"instock","11":"sale","12":"taxable","13":"shipping-taxable","14":"purchasable","15":"product-type-simple"},"acf":[],"yoast_head":"<!-- This site is optimized with the Yoast SEO plugin v26.4 - https:\/\/yoast.com\/wordpress\/plugins\/seo\/ -->\n<title>Millet Light Down 10 saccoletto sacco a pelo - Sestogrado<\/title>\n<meta name=\"description\" content=\"Il Millet Light Down 10 \u00e8 un sacco a pelo in piuma d&#039;anatra GREY DUCK DOWN + C0\u00a0idrofobica, particolarmente leggero e compatto. Ideale per dormire con una temperatura di comfort intorno agli 11 gradi. E&#039; particolarmente indicato per pernotti in bivacco o in tenda nella stagione estiva. Le piume naturali offrono termicit\u00e0 ed un&#039;ottima comprimibilit\u00e0, per cui il sacco a pelo Millet Light Down 10 risulta facilmente stipabile nello zaino.La sacca contenitiva \u00e8 fatta in robusto Nylon Ripstop che isola e protegge il saccoletto.\" \/>\n<meta name=\"robots\" content=\"index, follow, max-snippet:-1, max-image-preview:large, max-video-preview:-1\" \/>\n<link rel=\"canonical\" href=\"https:\/\/www.sestogrado.it\/it\/prodotto\/millet-light-down-10-saccoletto-sacco-a-pelo\/\" \/>\n<meta property=\"og:locale\" content=\"it_IT\" \/>\n<meta property=\"og:type\" content=\"article\" \/>\n<meta property=\"og:title\" content=\"Millet Light Down 10 saccoletto sacco a pelo - Sestogrado\" \/>\n<meta property=\"og:description\" content=\"Il Millet Light Down 10 \u00e8 un sacco a pelo in piuma d&#039;anatra GREY DUCK DOWN + C0\u00a0idrofobica, particolarmente leggero e compatto. Ideale per dormire con una temperatura di comfort intorno agli 11 gradi. E&#039; particolarmente indicato per pernotti in bivacco o in tenda nella stagione estiva. Le piume naturali offrono termicit\u00e0 ed un&#039;ottima comprimibilit\u00e0, per cui il sacco a pelo Millet Light Down 10 risulta facilmente stipabile nello zaino.La sacca contenitiva \u00e8 fatta in robusto Nylon Ripstop che isola e protegge il saccoletto.\" \/>\n<meta property=\"og:url\" content=\"https:\/\/www.sestogrado.it\/it\/prodotto\/millet-light-down-10-saccoletto-sacco-a-pelo\/\" \/>\n<meta property=\"og:site_name\" content=\"Sestogrado\" \/>\n<meta property=\"article:publisher\" content=\"https:\/\/www.facebook.com\/pages\/Sestogrado\/1542635979353017?ref=bookmarks\" \/>\n<meta property=\"article:modified_time\" content=\"2025-09-04T08:21:26+00:00\" \/>\n<meta property=\"og:image\" content=\"https:\/\/www.sestogrado.it\/wp-content\/uploads\/2024\/03\/MIC1157_N8282_C4E_0-scaled.jpg\" \/>\n\t<meta property=\"og:image:width\" content=\"2560\" \/>\n\t<meta property=\"og:image:height\" content=\"2560\" \/>\n\t<meta property=\"og:image:type\" content=\"image\/jpeg\" \/>\n<meta name=\"twitter:label1\" content=\"Prezzo\" \/>\n\t<meta name=\"twitter:data1\" content=\"&euro;&nbsp;169,00\" \/>\n\t<meta name=\"twitter:label2\" content=\"Disponibilit\u00e0\" \/>\n\t<meta name=\"twitter:data2\" content=\"In stock\" \/>\n<script type=\"application\/ld+json\" class=\"yoast-schema-graph\">{\"@context\":\"https:\/\/schema.org\",\"@graph\":[{\"@type\":\"WebPage\",\"@id\":\"https:\/\/www.sestogrado.it\/it\/prodotto\/millet-light-down-10-saccoletto-sacco-a-pelo\/\",\"url\":\"https:\/\/www.sestogrado.it\/it\/prodotto\/millet-light-down-10-saccoletto-sacco-a-pelo\/\",\"name\":\"Millet Light Down 10 saccoletto sacco a pelo - Sestogrado\",\"isPartOf\":{\"@id\":\"https:\/\/www.sestogrado.it\/it\/#website\"},\"primaryImageOfPage\":{\"@id\":\"https:\/\/www.sestogrado.it\/it\/prodotto\/millet-light-down-10-saccoletto-sacco-a-pelo\/#primaryimage\"},\"image\":{\"@id\":\"https:\/\/www.sestogrado.it\/prodotto\/millet-light-down-10-saccoletto-sacco-a-pelo\/#primaryimage\"},\"thumbnailUrl\":\"https:\/\/www.sestogrado.it\/wp-content\/uploads\/2024\/03\/MIC1157_N8282_C4E_0-scaled.jpg\",\"datePublished\":\"2024-03-29T15:08:16+00:00\",\"dateModified\":\"2025-09-04T08:21:26+00:00\",\"description\":\"Il Millet Light Down 10 \u00e8 un sacco a pelo in piuma d'anatra GREY DUCK DOWN + C0\u00a0idrofobica, particolarmente leggero e compatto. Ideale per dormire con una temperatura di comfort intorno agli 11 gradi. E' particolarmente indicato per pernotti in bivacco o in tenda nella stagione estiva. Le piume naturali offrono termicit\u00e0 ed un'ottima comprimibilit\u00e0, per cui il sacco a pelo Millet Light Down 10 risulta facilmente stipabile nello zaino.La sacca contenitiva \u00e8 fatta in robusto Nylon Ripstop che isola e protegge il saccoletto.\",\"breadcrumb\":{\"@id\":\"https:\/\/www.sestogrado.it\/it\/prodotto\/millet-light-down-10-saccoletto-sacco-a-pelo\/#breadcrumb\"},\"inLanguage\":\"it-IT\",\"potentialAction\":[{\"@type\":\"ReadAction\",\"target\":[[\"https:\/\/www.sestogrado.it\/it\/prodotto\/millet-light-down-10-saccoletto-sacco-a-pelo\/\"]]}]},{\"@type\":\"ImageObject\",\"inLanguage\":\"it-IT\",\"@id\":\"https:\/\/www.sestogrado.it\/it\/prodotto\/millet-light-down-10-saccoletto-sacco-a-pelo\/#primaryimage\",\"url\":\"https:\/\/www.sestogrado.it\/wp-content\/uploads\/2024\/03\/MIC1157_N8282_C4E_0-scaled.jpg\",\"contentUrl\":\"https:\/\/www.sestogrado.it\/wp-content\/uploads\/2024\/03\/MIC1157_N8282_C4E_0-scaled.jpg\",\"width\":2560,\"height\":2560,\"caption\":\"millet light down 10\"},{\"@type\":\"BreadcrumbList\",\"@id\":\"https:\/\/www.sestogrado.it\/it\/prodotto\/millet-light-down-10-saccoletto-sacco-a-pelo\/#breadcrumb\",\"itemListElement\":[{\"@type\":\"ListItem\",\"position\":1,\"name\":\"Home\",\"item\":\"https:\/\/www.sestogrado.it\/it\/\"},{\"@type\":\"ListItem\",\"position\":2,\"name\":\"Shop\",\"item\":\"https:\/\/www.sestogrado.it\/it\/shop\/\"},{\"@type\":\"ListItem\",\"position\":3,\"name\":\"Millet Light Down 10 saccoletto sacco a pelo\"}]},{\"@type\":\"WebSite\",\"@id\":\"https:\/\/www.sestogrado.it\/it\/#website\",\"url\":\"https:\/\/www.sestogrado.it\/it\/\",\"name\":\"Sestogrado\",\"description\":\"yes we climb\",\"publisher\":{\"@id\":\"https:\/\/www.sestogrado.it\/it\/#organization\"},\"potentialAction\":[{\"@type\":\"SearchAction\",\"target\":{\"@type\":\"EntryPoint\",\"urlTemplate\":\"https:\/\/www.sestogrado.it\/it\/?s={search_term_string}\"},\"query-input\":{\"@type\":\"PropertyValueSpecification\",\"valueRequired\":true,\"valueName\":\"search_term_string\"}}],\"inLanguage\":\"it-IT\"},{\"@type\":\"Organization\",\"@id\":\"https:\/\/www.sestogrado.it\/it\/#organization\",\"name\":\"Sestogrado\",\"url\":\"https:\/\/www.sestogrado.it\/it\/\",\"logo\":{\"@type\":\"ImageObject\",\"inLanguage\":\"it-IT\",\"@id\":\"https:\/\/www.sestogrado.it\/it\/#\/schema\/logo\/image\/\",\"url\":\"https:\/\/www.sestogrado.it\/wp-content\/uploads\/2015\/03\/sestogrado-favicon.png\",\"contentUrl\":\"https:\/\/www.sestogrado.it\/wp-content\/uploads\/2015\/03\/sestogrado-favicon.png\",\"width\":260,\"height\":260,\"caption\":\"Sestogrado\"},\"image\":{\"@id\":\"https:\/\/www.sestogrado.it\/it\/#\/schema\/logo\/image\/\"},\"sameAs\":[\"https:\/\/www.facebook.com\/pages\/Sestogrado\/1542635979353017?ref=bookmarks\",\"https:\/\/www.youtube.com\/channel\/UC847kAfTkaJsWpc1jtQwr3Q\"],\"hasMerchantReturnPolicy\":{\"@type\":\"MerchantReturnPolicy\",\"merchantReturnLink\":\"https:\/\/www.sestogrado.it\/it\/termini-e-condizioni\/\"}}]}<\/script>\n<meta property=\"product:brand\" content=\"Millet\" \/>\n<meta property=\"product:price:amount\" content=\"169.00\" \/>\n<meta property=\"product:price:currency\" content=\"EUR\" \/>\n<meta property=\"og:availability\" content=\"instock\" \/>\n<meta property=\"product:availability\" content=\"instock\" \/>\n<meta property=\"product:condition\" content=\"new\" \/>\n<!-- \/ Yoast SEO plugin. -->","yoast_head_json":{"title":"Millet Light Down 10 saccoletto sacco a pelo - Sestogrado","description":"Il Millet Light Down 10 \u00e8 un sacco a pelo in piuma d'anatra GREY DUCK DOWN + C0\u00a0idrofobica, particolarmente leggero e compatto. Ideale per dormire con una temperatura di comfort intorno agli 11 gradi. E' particolarmente indicato per pernotti in bivacco o in tenda nella stagione estiva. Le piume naturali offrono termicit\u00e0 ed un'ottima comprimibilit\u00e0, per cui il sacco a pelo Millet Light Down 10 risulta facilmente stipabile nello zaino.La sacca contenitiva \u00e8 fatta in robusto Nylon Ripstop che isola e protegge il saccoletto.","robots":{"index":"index","follow":"follow","max-snippet":"max-snippet:-1","max-image-preview":"max-image-preview:large","max-video-preview":"max-video-preview:-1"},"canonical":"https:\/\/www.sestogrado.it\/it\/prodotto\/millet-light-down-10-saccoletto-sacco-a-pelo\/","og_locale":"it_IT","og_type":"article","og_title":"Millet Light Down 10 saccoletto sacco a pelo - Sestogrado","og_description":"Il Millet Light Down 10 \u00e8 un sacco a pelo in piuma d'anatra GREY DUCK DOWN + C0\u00a0idrofobica, particolarmente leggero e compatto. Ideale per dormire con una temperatura di comfort intorno agli 11 gradi. E' particolarmente indicato per pernotti in bivacco o in tenda nella stagione estiva. Le piume naturali offrono termicit\u00e0 ed un'ottima comprimibilit\u00e0, per cui il sacco a pelo Millet Light Down 10 risulta facilmente stipabile nello zaino.La sacca contenitiva \u00e8 fatta in robusto Nylon Ripstop che isola e protegge il saccoletto.","og_url":"https:\/\/www.sestogrado.it\/it\/prodotto\/millet-light-down-10-saccoletto-sacco-a-pelo\/","og_site_name":"Sestogrado","article_publisher":"https:\/\/www.facebook.com\/pages\/Sestogrado\/1542635979353017?ref=bookmarks","article_modified_time":"2025-09-04T08:21:26+00:00","og_image":[{"width":2560,"height":2560,"url":"https:\/\/www.sestogrado.it\/wp-content\/uploads\/2024\/03\/MIC1157_N8282_C4E_0-scaled.jpg","type":"image\/jpeg"}],"twitter_misc":{"Prezzo":"&euro;&nbsp;169,00","Disponibilit\u00e0":"In stock"},"schema":{"@context":"https:\/\/schema.org","@graph":[{"@type":"WebPage","@id":"https:\/\/www.sestogrado.it\/it\/prodotto\/millet-light-down-10-saccoletto-sacco-a-pelo\/","url":"https:\/\/www.sestogrado.it\/it\/prodotto\/millet-light-down-10-saccoletto-sacco-a-pelo\/","name":"Millet Light Down 10 saccoletto sacco a pelo - Sestogrado","isPartOf":{"@id":"https:\/\/www.sestogrado.it\/it\/#website"},"primaryImageOfPage":{"@id":"https:\/\/www.sestogrado.it\/it\/prodotto\/millet-light-down-10-saccoletto-sacco-a-pelo\/#primaryimage"},"image":{"@id":"https:\/\/www.sestogrado.it\/prodotto\/millet-light-down-10-saccoletto-sacco-a-pelo\/#primaryimage"},"thumbnailUrl":"https:\/\/www.sestogrado.it\/wp-content\/uploads\/2024\/03\/MIC1157_N8282_C4E_0-scaled.jpg","datePublished":"2024-03-29T15:08:16+00:00","dateModified":"2025-09-04T08:21:26+00:00","description":"Il Millet Light Down 10 \u00e8 un sacco a pelo in piuma d'anatra GREY DUCK DOWN + C0\u00a0idrofobica, particolarmente leggero e compatto. Ideale per dormire con una temperatura di comfort intorno agli 11 gradi. E' particolarmente indicato per pernotti in bivacco o in tenda nella stagione estiva. Le piume naturali offrono termicit\u00e0 ed un'ottima comprimibilit\u00e0, per cui il sacco a pelo Millet Light Down 10 risulta facilmente stipabile nello zaino.La sacca contenitiva \u00e8 fatta in robusto Nylon Ripstop che isola e protegge il saccoletto.","breadcrumb":{"@id":"https:\/\/www.sestogrado.it\/it\/prodotto\/millet-light-down-10-saccoletto-sacco-a-pelo\/#breadcrumb"},"inLanguage":"it-IT","potentialAction":[{"@type":"ReadAction","target":[["https:\/\/www.sestogrado.it\/it\/prodotto\/millet-light-down-10-saccoletto-sacco-a-pelo\/"]]}]},{"@type":"ImageObject","inLanguage":"it-IT","@id":"https:\/\/www.sestogrado.it\/it\/prodotto\/millet-light-down-10-saccoletto-sacco-a-pelo\/#primaryimage","url":"https:\/\/www.sestogrado.it\/wp-content\/uploads\/2024\/03\/MIC1157_N8282_C4E_0-scaled.jpg","contentUrl":"https:\/\/www.sestogrado.it\/wp-content\/uploads\/2024\/03\/MIC1157_N8282_C4E_0-scaled.jpg","width":2560,"height":2560,"caption":"millet light down 10"},{"@type":"BreadcrumbList","@id":"https:\/\/www.sestogrado.it\/it\/prodotto\/millet-light-down-10-saccoletto-sacco-a-pelo\/#breadcrumb","itemListElement":[{"@type":"ListItem","position":1,"name":"Home","item":"https:\/\/www.sestogrado.it\/it\/"},{"@type":"ListItem","position":2,"name":"Shop","item":"https:\/\/www.sestogrado.it\/it\/shop\/"},{"@type":"ListItem","position":3,"name":"Millet Light Down 10 saccoletto sacco a pelo"}]},{"@type":"WebSite","@id":"https:\/\/www.sestogrado.it\/it\/#website","url":"https:\/\/www.sestogrado.it\/it\/","name":"Sestogrado","description":"yes we climb","publisher":{"@id":"https:\/\/www.sestogrado.it\/it\/#organization"},"potentialAction":[{"@type":"SearchAction","target":{"@type":"EntryPoint","urlTemplate":"https:\/\/www.sestogrado.it\/it\/?s={search_term_string}"},"query-input":{"@type":"PropertyValueSpecification","valueRequired":true,"valueName":"search_term_string"}}],"inLanguage":"it-IT"},{"@type":"Organization","@id":"https:\/\/www.sestogrado.it\/it\/#organization","name":"Sestogrado","url":"https:\/\/www.sestogrado.it\/it\/","logo":{"@type":"ImageObject","inLanguage":"it-IT","@id":"https:\/\/www.sestogrado.it\/it\/#\/schema\/logo\/image\/","url":"https:\/\/www.sestogrado.it\/wp-content\/uploads\/2015\/03\/sestogrado-favicon.png","contentUrl":"https:\/\/www.sestogrado.it\/wp-content\/uploads\/2015\/03\/sestogrado-favicon.png","width":260,"height":260,"caption":"Sestogrado"},"image":{"@id":"https:\/\/www.sestogrado.it\/it\/#\/schema\/logo\/image\/"},"sameAs":["https:\/\/www.facebook.com\/pages\/Sestogrado\/1542635979353017?ref=bookmarks","https:\/\/www.youtube.com\/channel\/UC847kAfTkaJsWpc1jtQwr3Q"],"hasMerchantReturnPolicy":{"@type":"MerchantReturnPolicy","merchantReturnLink":"https:\/\/www.sestogrado.it\/it\/termini-e-condizioni\/"}}]},"product_brand":"Millet","product_price_amount":"169.00","product_price_currency":"EUR","og_availability":"instock","product_availability":"instock","product_condition":"new"},"_links":{"self":[{"href":"https:\/\/www.sestogrado.it\/it\/wp-json\/wp\/v2\/product\/158555","targetHints":{"allow":["GET"]}}],"collection":[{"href":"https:\/\/www.sestogrado.it\/it\/wp-json\/wp\/v2\/product"}],"about":[{"href":"https:\/\/www.sestogrado.it\/it\/wp-json\/wp\/v2\/types\/product"}],"replies":[{"embeddable":true,"href":"https:\/\/www.sestogrado.it\/it\/wp-json\/wp\/v2\/comments?post=158555"}],"wp:featuredmedia":[{"embeddable":true,"href":"https:\/\/www.sestogrado.it\/it\/wp-json\/wp\/v2\/media\/158678"}],"wp:attachment":[{"href":"https:\/\/www.sestogrado.it\/it\/wp-json\/wp\/v2\/media?parent=158555"}],"wp:term":[{"taxonomy":"product_brand","embeddable":true,"href":"https:\/\/www.sestogrado.it\/it\/wp-json\/wp\/v2\/product_brand?post=158555"},{"taxonomy":"product_cat","embeddable":true,"href":"https:\/\/www.sestogrado.it\/it\/wp-json\/wp\/v2\/product_cat?post=158555"},{"taxonomy":"product_tag","embeddable":true,"href":"https:\/\/www.sestogrado.it\/it\/wp-json\/wp\/v2\/product_tag?post=158555"}],"curies":[{"name":"wp","href":"https:\/\/api.w.org\/{rel}","templated":true}]}}