{"id":157179,"date":"2024-03-11T10:19:41","date_gmt":"2024-03-11T09:19:41","guid":{"rendered":"https:\/\/www.sestogrado.it\/?post_type=product&#038;p=157179"},"modified":"2026-04-16T10:01:13","modified_gmt":"2026-04-16T08:01:13","slug":"ferrino-diable-1100-duvet-rds-down-saccoletto-in-piuma","status":"publish","type":"product","link":"https:\/\/www.sestogrado.it\/it\/prodotto\/ferrino-diable-1100-duvet-rds-down-saccoletto-in-piuma\/","title":{"rendered":"Ferrino Diable 1100 Duvet rds down saccoletto in piuma"},"content":{"rendered":"<p>Il Ferrino Diable 1100 Duvet rds down \u00e8 un sacco a pelo in piuma della linea Diable, la pi\u00f9 tecnica di Ferrino, dedicata ad alpinismo tecnico, con il miglior rapporto termicit\u00e0\/peso\/dimensioni.<\/p>\n<p>La qualit\u00e0 della piuma e lo studio approfondito degli scomparti con cui \u00e8 realizzata la linea di sacchiletto Diable garantisce una ripartizione omogenea dell&#8217;imbottitura per un comfort termico di livello superiore. I materiali e gli accessori utilizzati pongono questa linea al top della gamma Ferrino.<\/p>\n<ul>\n<li>Tessuto esterno: 100% Recycled Nylon 20D ripstop<\/li>\n<li>Tessuto interno: 100% Recycled Poliestere 400 T 20D<\/li>\n<li>Imbottitura: 550 g down 90\/10 700 cuin<\/li>\n<li>Dispersione del calore minima grazie alle cuciture sfalsate<\/li>\n<li>Apertura facilitata con sistema &#8221; one touch &#8220;<\/li>\n<li>Cupolino parafreddo<\/li>\n<li>Coprilampo<\/li>\n<li>Taschina interna<\/li>\n<li>Termocollare solo su modello Diable 1100<\/li>\n<li>Sacca di compressione e sacca di stoccaggio in cotone inclusa.<\/li>\n<li>Dimensioni aperto 215x80x55 cm<\/li>\n<li>Peso 1030 g + 87 g sacca di stoccaggio<\/li>\n<li>Dimensioni chiuso MAX 19&#215;38 cm &#8211; MIN 19&#215;33 cm<\/li>\n<li>\n<div>TEMPERATURA \u00b0C<br \/>\n+15 \/ \u2640 -3 \/ \u2642 -9 \/ -28<\/div>\n<\/li>\n<\/ul>\n<p>&nbsp;<\/p>\n<h4><strong>COSA C\u2019E\u2019 DA SAPERE NELLA SCELTA DI UN SACCOLETTO<\/strong><\/h4>\n<ul>\n<li><strong>Temperatura massima di comfort\u00a0<\/strong>\u00e8 data dalla massima temperatura che consente di dormire ad un uomo standard senza sudare abbondantemente.<br \/>\n\u00c8 determinata con le cerniere del sacco a pelo aperto, le braccia al di fuori ed il cappuccio aperto.<\/li>\n<li><strong>Temperatura di comfort<\/strong>\u00a0\u00e8 il valore di temperatura (riferito ad una donna standard) che riesce ad effettuare una notte intera di sonno in posizione rilassata.<\/li>\n<\/ul>\n<ul>\n<li><strong>Limite inferiore di comfort\u00a0<\/strong>definisce la temperatura minima (riferita ad un uomo standard) cui \u00e8 possibile dormire in posizione rannicchiata per otto ore senza svegliarsi.<\/li>\n<\/ul>\n<ul>\n<li><strong>Temperatura estrema\u00a0<\/strong>\u00e8 la temperatura minima a cui il saccoletto protegge l\u2019utilizzatore (donna standard) dalla ipotermia. Permette di effettuare sei ore di sonno scomodo senza che la temperatura interna scenda a livello di pericolo.<\/li>\n<\/ul>\n<p>Nella scelta del vostro saccoletto vi raccomandiamo di tener conto delle temperature di comfort e intermedie anche in funzione del vostro\u00a0livello di preparazione atletica.<\/p>\n<p>Le sensazioni di caldo e freddo sono dovute al fatto che il nostro corpo sta producendo maggiore o minore quantit\u00e0 di calore rispetto a quella che stiamo perdendo a vantaggio dell\u2019ambiente circostante.<\/p>\n<p>&nbsp;<\/p>\n<h4><strong>PRINCIPALI FATTORI FISIOLOGICI CHE INFLUENZANO LA SENSAZIONE DI CALDO \/ FREDDO<\/strong><\/h4>\n<ul>\n<li><strong>Metabolismo:\u00a0<\/strong>dormendo una persona genera 75\/100 Watts di calore, in funzione di diversi fattori quali l\u2019et\u00e0, il sesso, il peso, l\u2019abitudine e le condizioni psicofisiche.<\/li>\n<li><strong>Peso:<\/strong>\u00a0una persona in sovrappeso \u00e8 solita avere un metabolismo pi\u00f9 lento.<br \/>\nIn genere mangia pi\u00f9 di quanto consumi.<br \/>\nQuando intraprendiamo un\u2019impresa alpinistica spesso assumiamo meno calorie di quante se ne consumino.<br \/>\nLe persone in sovrappeso saranno in grado di attingere energia dalle loro riserve grasse e inoltre dispongono di un isolamento naturale superiore alle persone magre.<\/li>\n<li><strong>Et\u00e0:<\/strong>\u00a0il metabolismo \u00e8 collegato all\u2019et\u00e0. Una persona anziana genera meno calore e pertanto avverte il freddo prima di una persona giovane.<\/li>\n<li><strong>Sesso:<\/strong>\u00a0le donne sentono il freddo in genere pi\u00f9 degli uomini tanto che il valore standard di comfort per la donna \u00e8 di 5\u00b0C pi\u00f9 elevato di quello dell\u2019uomo.<\/li>\n<li><strong>Abitudine:<\/strong>\u00a0buona parte degli abitanti del mondo occidentale vive in case dotate di riscaldamento centralizzato, lavora in uffici con l\u2019aria condizionata e si sposta solo all\u2019interno di autovetture climatizzate. Questo stile di vita riduce l\u2019abitudine del corpo alla sopportazione del freddo.<\/li>\n<li><strong>Esperienza:<\/strong>\u00a0l\u2019esperienza e la familiarit\u00e0 con l\u2019attrezzatura con cui si dormir\u00e0 all\u2019aperto aiutano ad ottenere da queste le massime prestazioni. Un principiante avvertir\u00e0 generalmente un maggiore disagio e pi\u00f9 freddo di una persona esperta.<\/li>\n<li><strong>Forma Fisica:<\/strong>\u00a0se conduciamo una vita sedentaria e ci sottoponiamo ad una escursione faticosa avvertiremo subito la fatica. La spossatezza riduce la produzione di calore e questo comporta sensazione di freddo.<\/li>\n<\/ul>\n<p>&nbsp;<\/p>\n<p>1870 Tutto inizia in un negozio di vernici, a Torino. Cesare Ferrino ha un\u2019intuizione rivoluzionaria: impermeabilizzare i tessuti. Il successo \u00e8 immediato, in tutta italia. Dal tessuto alla manifattura le prime tende in dotazione a esploratori e alpinisti, poi gli anni dell\u2019alpinismo leggendario, nel 1994 l&#8217;installazione sul Monte Rosa a 3585 del HighLab, un laboratorio permanente in alta quota nel\u00a0rifugio Quintino Sella, per le prove di nuovi materiali e prototipi. Ferrino \u00e8 un punto di riferimento per le grandi avventure outdoor, nel 1870 come oggi.<\/p>","protected":false},"excerpt":{"rendered":"<p>Il Ferrino Diable 1100 Duvet rds down \u00e8 un sacco a pelo in piuma della linea Diable, la pi\u00f9 tecnica [&hellip;]<\/p>\n","protected":false},"featured_media":157180,"comment_status":"open","ping_status":"closed","template":"","meta":{"_acf_changed":false},"product_brand":[614],"product_cat":[577],"product_tag":[],"class_list":{"0":"post-157179","1":"product","2":"type-product","3":"status-publish","4":"has-post-thumbnail","6":"product_brand-ferrino","7":"product_cat-sacchi-a-pelo","9":"first","10":"instock","11":"sale","12":"taxable","13":"shipping-taxable","14":"purchasable","15":"product-type-simple"},"acf":[],"yoast_head":"<!-- This site is optimized with the Yoast SEO plugin v26.4 - https:\/\/yoast.com\/wordpress\/plugins\/seo\/ -->\n<title>Ferrino Diable 1100 Duvet rds down saccoletto in piuma - Sestogrado<\/title>\n<meta name=\"description\" content=\"Il Ferrino Diable 1100 Duvet rds down \u00e8 un sacco a pelo in piuma della linea Diable, la pi\u00f9 tecnica di Ferrino, dedicata ad alpinismo tecnico, con il miglior rapporto termicit\u00e0\/peso\/dimensioni.La qualit\u00e0 della piuma e lo studio approfondito degli scomparti con cui \u00e8 realizzata la linea di sacchiletto Diable garantisce una ripartizione omogenea dell&#039;imbottitura per un comfort termico di livello superiore. I materiali e gli accessori utilizzati pongono questa linea al top della gamma Ferrino.Tessuto esterno: 100% Recycled Nylon 20D ripstopTessuto interno: 100% Recycled Poliestere 400 T 20DImbottitura: 550 g down 90\/10 700 cuinDispersione del calore minima grazie alle cuciture sfalsateApertura facilitata con sistema &quot; one touch &quot;Cupolino parafreddoCoprilampoTaschina internaTermocollare solo su modello Diable 1100Sacca di compressione e sacca di stoccaggio in cotone inclusa.Dimensioni aperto 215x80x55 cmPeso 1030 g + 87 g sacca di stoccaggioDimensioni chiuso MAX 19x38 cm - MIN 19x33 cmTEMPERATURA \u00b0C+15 \/ \u2640 -3 \/ \u2642 -9 \/ -28\" \/>\n<meta name=\"robots\" content=\"index, follow, max-snippet:-1, max-image-preview:large, max-video-preview:-1\" \/>\n<link rel=\"canonical\" href=\"https:\/\/www.sestogrado.it\/it\/prodotto\/ferrino-diable-1100-duvet-rds-down-saccoletto-in-piuma\/\" \/>\n<meta property=\"og:locale\" content=\"it_IT\" \/>\n<meta property=\"og:type\" content=\"article\" \/>\n<meta property=\"og:title\" content=\"Ferrino Diable 1100 Duvet rds down saccoletto in piuma - Sestogrado\" \/>\n<meta property=\"og:description\" content=\"Il Ferrino Diable 1100 Duvet rds down \u00e8 un sacco a pelo in piuma della linea Diable, la pi\u00f9 tecnica di Ferrino, dedicata ad alpinismo tecnico, con il miglior rapporto termicit\u00e0\/peso\/dimensioni.La qualit\u00e0 della piuma e lo studio approfondito degli scomparti con cui \u00e8 realizzata la linea di sacchiletto Diable garantisce una ripartizione omogenea dell&#039;imbottitura per un comfort termico di livello superiore. I materiali e gli accessori utilizzati pongono questa linea al top della gamma Ferrino.Tessuto esterno: 100% Recycled Nylon 20D ripstopTessuto interno: 100% Recycled Poliestere 400 T 20DImbottitura: 550 g down 90\/10 700 cuinDispersione del calore minima grazie alle cuciture sfalsateApertura facilitata con sistema &quot; one touch &quot;Cupolino parafreddoCoprilampoTaschina internaTermocollare solo su modello Diable 1100Sacca di compressione e sacca di stoccaggio in cotone inclusa.Dimensioni aperto 215x80x55 cmPeso 1030 g + 87 g sacca di stoccaggioDimensioni chiuso MAX 19x38 cm - MIN 19x33 cmTEMPERATURA \u00b0C+15 \/ \u2640 -3 \/ \u2642 -9 \/ -28\" \/>\n<meta property=\"og:url\" content=\"https:\/\/www.sestogrado.it\/it\/prodotto\/ferrino-diable-1100-duvet-rds-down-saccoletto-in-piuma\/\" \/>\n<meta property=\"og:site_name\" content=\"Sestogrado\" \/>\n<meta property=\"article:publisher\" content=\"https:\/\/www.facebook.com\/pages\/Sestogrado\/1542635979353017?ref=bookmarks\" \/>\n<meta property=\"article:modified_time\" content=\"2026-04-16T08:01:13+00:00\" \/>\n<meta property=\"og:image\" content=\"https:\/\/www.sestogrado.it\/wp-content\/uploads\/2024\/03\/01-4.jpg\" \/>\n\t<meta property=\"og:image:width\" content=\"1800\" \/>\n\t<meta property=\"og:image:height\" content=\"1800\" \/>\n\t<meta property=\"og:image:type\" content=\"image\/jpeg\" \/>\n<meta name=\"twitter:label1\" content=\"Prezzo\" \/>\n\t<meta name=\"twitter:data1\" content=\"&euro;&nbsp;309,00\" \/>\n\t<meta name=\"twitter:label2\" content=\"Disponibilit\u00e0\" \/>\n\t<meta name=\"twitter:data2\" content=\"In stock\" \/>\n<script type=\"application\/ld+json\" class=\"yoast-schema-graph\">{\"@context\":\"https:\/\/schema.org\",\"@graph\":[{\"@type\":\"WebPage\",\"@id\":\"https:\/\/www.sestogrado.it\/it\/prodotto\/ferrino-diable-1100-duvet-rds-down-saccoletto-in-piuma\/\",\"url\":\"https:\/\/www.sestogrado.it\/it\/prodotto\/ferrino-diable-1100-duvet-rds-down-saccoletto-in-piuma\/\",\"name\":\"Ferrino Diable 1100 Duvet rds down saccoletto in piuma - Sestogrado\",\"isPartOf\":{\"@id\":\"https:\/\/www.sestogrado.it\/it\/#website\"},\"primaryImageOfPage\":{\"@id\":\"https:\/\/www.sestogrado.it\/it\/prodotto\/ferrino-diable-1100-duvet-rds-down-saccoletto-in-piuma\/#primaryimage\"},\"image\":{\"@id\":\"https:\/\/www.sestogrado.it\/prodotto\/ferrino-diable-1100-duvet-rds-down-saccoletto-in-piuma\/#primaryimage\"},\"thumbnailUrl\":\"https:\/\/www.sestogrado.it\/wp-content\/uploads\/2024\/03\/01-4.jpg\",\"datePublished\":\"2024-03-11T09:19:41+00:00\",\"dateModified\":\"2026-04-16T08:01:13+00:00\",\"description\":\"Il Ferrino Diable 1100 Duvet rds down \u00e8 un sacco a pelo in piuma della linea Diable, la pi\u00f9 tecnica di Ferrino, dedicata ad alpinismo tecnico, con il miglior rapporto termicit\u00e0\/peso\/dimensioni.La qualit\u00e0 della piuma e lo studio approfondito degli scomparti con cui \u00e8 realizzata la linea di sacchiletto Diable garantisce una ripartizione omogenea dell'imbottitura per un comfort termico di livello superiore. I materiali e gli accessori utilizzati pongono questa linea al top della gamma Ferrino.Tessuto esterno: 100% Recycled Nylon 20D ripstopTessuto interno: 100% Recycled Poliestere 400 T 20DImbottitura: 550 g down 90\/10 700 cuinDispersione del calore minima grazie alle cuciture sfalsateApertura facilitata con sistema \\\" one touch \\\"Cupolino parafreddoCoprilampoTaschina internaTermocollare solo su modello Diable 1100Sacca di compressione e sacca di stoccaggio in cotone inclusa.Dimensioni aperto 215x80x55 cmPeso 1030 g + 87 g sacca di stoccaggioDimensioni chiuso MAX 19x38 cm - MIN 19x33 cmTEMPERATURA \u00b0C+15 \/ \u2640 -3 \/ \u2642 -9 \/ -28\",\"breadcrumb\":{\"@id\":\"https:\/\/www.sestogrado.it\/it\/prodotto\/ferrino-diable-1100-duvet-rds-down-saccoletto-in-piuma\/#breadcrumb\"},\"inLanguage\":\"it-IT\",\"potentialAction\":[{\"@type\":\"ReadAction\",\"target\":[[\"https:\/\/www.sestogrado.it\/it\/prodotto\/ferrino-diable-1100-duvet-rds-down-saccoletto-in-piuma\/\"]]}]},{\"@type\":\"ImageObject\",\"inLanguage\":\"it-IT\",\"@id\":\"https:\/\/www.sestogrado.it\/it\/prodotto\/ferrino-diable-1100-duvet-rds-down-saccoletto-in-piuma\/#primaryimage\",\"url\":\"https:\/\/www.sestogrado.it\/wp-content\/uploads\/2024\/03\/01-4.jpg\",\"contentUrl\":\"https:\/\/www.sestogrado.it\/wp-content\/uploads\/2024\/03\/01-4.jpg\",\"width\":1800,\"height\":1800,\"caption\":\"ferrino diable 1100\"},{\"@type\":\"BreadcrumbList\",\"@id\":\"https:\/\/www.sestogrado.it\/it\/prodotto\/ferrino-diable-1100-duvet-rds-down-saccoletto-in-piuma\/#breadcrumb\",\"itemListElement\":[{\"@type\":\"ListItem\",\"position\":1,\"name\":\"Home\",\"item\":\"https:\/\/www.sestogrado.it\/it\/\"},{\"@type\":\"ListItem\",\"position\":2,\"name\":\"Shop\",\"item\":\"https:\/\/www.sestogrado.it\/it\/shop\/\"},{\"@type\":\"ListItem\",\"position\":3,\"name\":\"Ferrino Diable 1100 Duvet rds down saccoletto in piuma\"}]},{\"@type\":\"WebSite\",\"@id\":\"https:\/\/www.sestogrado.it\/it\/#website\",\"url\":\"https:\/\/www.sestogrado.it\/it\/\",\"name\":\"Sestogrado\",\"description\":\"yes we climb\",\"publisher\":{\"@id\":\"https:\/\/www.sestogrado.it\/it\/#organization\"},\"potentialAction\":[{\"@type\":\"SearchAction\",\"target\":{\"@type\":\"EntryPoint\",\"urlTemplate\":\"https:\/\/www.sestogrado.it\/it\/?s={search_term_string}\"},\"query-input\":{\"@type\":\"PropertyValueSpecification\",\"valueRequired\":true,\"valueName\":\"search_term_string\"}}],\"inLanguage\":\"it-IT\"},{\"@type\":\"Organization\",\"@id\":\"https:\/\/www.sestogrado.it\/it\/#organization\",\"name\":\"Sestogrado\",\"url\":\"https:\/\/www.sestogrado.it\/it\/\",\"logo\":{\"@type\":\"ImageObject\",\"inLanguage\":\"it-IT\",\"@id\":\"https:\/\/www.sestogrado.it\/it\/#\/schema\/logo\/image\/\",\"url\":\"https:\/\/www.sestogrado.it\/wp-content\/uploads\/2015\/03\/sestogrado-favicon.png\",\"contentUrl\":\"https:\/\/www.sestogrado.it\/wp-content\/uploads\/2015\/03\/sestogrado-favicon.png\",\"width\":260,\"height\":260,\"caption\":\"Sestogrado\"},\"image\":{\"@id\":\"https:\/\/www.sestogrado.it\/it\/#\/schema\/logo\/image\/\"},\"sameAs\":[\"https:\/\/www.facebook.com\/pages\/Sestogrado\/1542635979353017?ref=bookmarks\",\"https:\/\/www.youtube.com\/channel\/UC847kAfTkaJsWpc1jtQwr3Q\"],\"hasMerchantReturnPolicy\":{\"@type\":\"MerchantReturnPolicy\",\"merchantReturnLink\":\"https:\/\/www.sestogrado.it\/it\/termini-e-condizioni\/\"}}]}<\/script>\n<meta property=\"product:brand\" content=\"Ferrino\" \/>\n<meta property=\"product:price:amount\" content=\"309.00\" \/>\n<meta property=\"product:price:currency\" content=\"EUR\" \/>\n<meta property=\"og:availability\" content=\"instock\" \/>\n<meta property=\"product:availability\" content=\"instock\" \/>\n<meta property=\"product:condition\" content=\"new\" \/>\n<!-- \/ Yoast SEO plugin. -->","yoast_head_json":{"title":"Ferrino Diable 1100 Duvet rds down saccoletto in piuma - Sestogrado","description":"Il Ferrino Diable 1100 Duvet rds down \u00e8 un sacco a pelo in piuma della linea Diable, la pi\u00f9 tecnica di Ferrino, dedicata ad alpinismo tecnico, con il miglior rapporto termicit\u00e0\/peso\/dimensioni.La qualit\u00e0 della piuma e lo studio approfondito degli scomparti con cui \u00e8 realizzata la linea di sacchiletto Diable garantisce una ripartizione omogenea dell'imbottitura per un comfort termico di livello superiore. I materiali e gli accessori utilizzati pongono questa linea al top della gamma Ferrino.Tessuto esterno: 100% Recycled Nylon 20D ripstopTessuto interno: 100% Recycled Poliestere 400 T 20DImbottitura: 550 g down 90\/10 700 cuinDispersione del calore minima grazie alle cuciture sfalsateApertura facilitata con sistema \" one touch \"Cupolino parafreddoCoprilampoTaschina internaTermocollare solo su modello Diable 1100Sacca di compressione e sacca di stoccaggio in cotone inclusa.Dimensioni aperto 215x80x55 cmPeso 1030 g + 87 g sacca di stoccaggioDimensioni chiuso MAX 19x38 cm - MIN 19x33 cmTEMPERATURA \u00b0C+15 \/ \u2640 -3 \/ \u2642 -9 \/ -28","robots":{"index":"index","follow":"follow","max-snippet":"max-snippet:-1","max-image-preview":"max-image-preview:large","max-video-preview":"max-video-preview:-1"},"canonical":"https:\/\/www.sestogrado.it\/it\/prodotto\/ferrino-diable-1100-duvet-rds-down-saccoletto-in-piuma\/","og_locale":"it_IT","og_type":"article","og_title":"Ferrino Diable 1100 Duvet rds down saccoletto in piuma - Sestogrado","og_description":"Il Ferrino Diable 1100 Duvet rds down \u00e8 un sacco a pelo in piuma della linea Diable, la pi\u00f9 tecnica di Ferrino, dedicata ad alpinismo tecnico, con il miglior rapporto termicit\u00e0\/peso\/dimensioni.La qualit\u00e0 della piuma e lo studio approfondito degli scomparti con cui \u00e8 realizzata la linea di sacchiletto Diable garantisce una ripartizione omogenea dell'imbottitura per un comfort termico di livello superiore. I materiali e gli accessori utilizzati pongono questa linea al top della gamma Ferrino.Tessuto esterno: 100% Recycled Nylon 20D ripstopTessuto interno: 100% Recycled Poliestere 400 T 20DImbottitura: 550 g down 90\/10 700 cuinDispersione del calore minima grazie alle cuciture sfalsateApertura facilitata con sistema \" one touch \"Cupolino parafreddoCoprilampoTaschina internaTermocollare solo su modello Diable 1100Sacca di compressione e sacca di stoccaggio in cotone inclusa.Dimensioni aperto 215x80x55 cmPeso 1030 g + 87 g sacca di stoccaggioDimensioni chiuso MAX 19x38 cm - MIN 19x33 cmTEMPERATURA \u00b0C+15 \/ \u2640 -3 \/ \u2642 -9 \/ -28","og_url":"https:\/\/www.sestogrado.it\/it\/prodotto\/ferrino-diable-1100-duvet-rds-down-saccoletto-in-piuma\/","og_site_name":"Sestogrado","article_publisher":"https:\/\/www.facebook.com\/pages\/Sestogrado\/1542635979353017?ref=bookmarks","article_modified_time":"2026-04-16T08:01:13+00:00","og_image":[{"width":1800,"height":1800,"url":"https:\/\/www.sestogrado.it\/wp-content\/uploads\/2024\/03\/01-4.jpg","type":"image\/jpeg"}],"twitter_misc":{"Prezzo":"&euro;&nbsp;309,00","Disponibilit\u00e0":"In stock"},"schema":{"@context":"https:\/\/schema.org","@graph":[{"@type":"WebPage","@id":"https:\/\/www.sestogrado.it\/it\/prodotto\/ferrino-diable-1100-duvet-rds-down-saccoletto-in-piuma\/","url":"https:\/\/www.sestogrado.it\/it\/prodotto\/ferrino-diable-1100-duvet-rds-down-saccoletto-in-piuma\/","name":"Ferrino Diable 1100 Duvet rds down saccoletto in piuma - Sestogrado","isPartOf":{"@id":"https:\/\/www.sestogrado.it\/it\/#website"},"primaryImageOfPage":{"@id":"https:\/\/www.sestogrado.it\/it\/prodotto\/ferrino-diable-1100-duvet-rds-down-saccoletto-in-piuma\/#primaryimage"},"image":{"@id":"https:\/\/www.sestogrado.it\/prodotto\/ferrino-diable-1100-duvet-rds-down-saccoletto-in-piuma\/#primaryimage"},"thumbnailUrl":"https:\/\/www.sestogrado.it\/wp-content\/uploads\/2024\/03\/01-4.jpg","datePublished":"2024-03-11T09:19:41+00:00","dateModified":"2026-04-16T08:01:13+00:00","description":"Il Ferrino Diable 1100 Duvet rds down \u00e8 un sacco a pelo in piuma della linea Diable, la pi\u00f9 tecnica di Ferrino, dedicata ad alpinismo tecnico, con il miglior rapporto termicit\u00e0\/peso\/dimensioni.La qualit\u00e0 della piuma e lo studio approfondito degli scomparti con cui \u00e8 realizzata la linea di sacchiletto Diable garantisce una ripartizione omogenea dell'imbottitura per un comfort termico di livello superiore. I materiali e gli accessori utilizzati pongono questa linea al top della gamma Ferrino.Tessuto esterno: 100% Recycled Nylon 20D ripstopTessuto interno: 100% Recycled Poliestere 400 T 20DImbottitura: 550 g down 90\/10 700 cuinDispersione del calore minima grazie alle cuciture sfalsateApertura facilitata con sistema \" one touch \"Cupolino parafreddoCoprilampoTaschina internaTermocollare solo su modello Diable 1100Sacca di compressione e sacca di stoccaggio in cotone inclusa.Dimensioni aperto 215x80x55 cmPeso 1030 g + 87 g sacca di stoccaggioDimensioni chiuso MAX 19x38 cm - MIN 19x33 cmTEMPERATURA \u00b0C+15 \/ \u2640 -3 \/ \u2642 -9 \/ -28","breadcrumb":{"@id":"https:\/\/www.sestogrado.it\/it\/prodotto\/ferrino-diable-1100-duvet-rds-down-saccoletto-in-piuma\/#breadcrumb"},"inLanguage":"it-IT","potentialAction":[{"@type":"ReadAction","target":[["https:\/\/www.sestogrado.it\/it\/prodotto\/ferrino-diable-1100-duvet-rds-down-saccoletto-in-piuma\/"]]}]},{"@type":"ImageObject","inLanguage":"it-IT","@id":"https:\/\/www.sestogrado.it\/it\/prodotto\/ferrino-diable-1100-duvet-rds-down-saccoletto-in-piuma\/#primaryimage","url":"https:\/\/www.sestogrado.it\/wp-content\/uploads\/2024\/03\/01-4.jpg","contentUrl":"https:\/\/www.sestogrado.it\/wp-content\/uploads\/2024\/03\/01-4.jpg","width":1800,"height":1800,"caption":"ferrino diable 1100"},{"@type":"BreadcrumbList","@id":"https:\/\/www.sestogrado.it\/it\/prodotto\/ferrino-diable-1100-duvet-rds-down-saccoletto-in-piuma\/#breadcrumb","itemListElement":[{"@type":"ListItem","position":1,"name":"Home","item":"https:\/\/www.sestogrado.it\/it\/"},{"@type":"ListItem","position":2,"name":"Shop","item":"https:\/\/www.sestogrado.it\/it\/shop\/"},{"@type":"ListItem","position":3,"name":"Ferrino Diable 1100 Duvet rds down saccoletto in piuma"}]},{"@type":"WebSite","@id":"https:\/\/www.sestogrado.it\/it\/#website","url":"https:\/\/www.sestogrado.it\/it\/","name":"Sestogrado","description":"yes we climb","publisher":{"@id":"https:\/\/www.sestogrado.it\/it\/#organization"},"potentialAction":[{"@type":"SearchAction","target":{"@type":"EntryPoint","urlTemplate":"https:\/\/www.sestogrado.it\/it\/?s={search_term_string}"},"query-input":{"@type":"PropertyValueSpecification","valueRequired":true,"valueName":"search_term_string"}}],"inLanguage":"it-IT"},{"@type":"Organization","@id":"https:\/\/www.sestogrado.it\/it\/#organization","name":"Sestogrado","url":"https:\/\/www.sestogrado.it\/it\/","logo":{"@type":"ImageObject","inLanguage":"it-IT","@id":"https:\/\/www.sestogrado.it\/it\/#\/schema\/logo\/image\/","url":"https:\/\/www.sestogrado.it\/wp-content\/uploads\/2015\/03\/sestogrado-favicon.png","contentUrl":"https:\/\/www.sestogrado.it\/wp-content\/uploads\/2015\/03\/sestogrado-favicon.png","width":260,"height":260,"caption":"Sestogrado"},"image":{"@id":"https:\/\/www.sestogrado.it\/it\/#\/schema\/logo\/image\/"},"sameAs":["https:\/\/www.facebook.com\/pages\/Sestogrado\/1542635979353017?ref=bookmarks","https:\/\/www.youtube.com\/channel\/UC847kAfTkaJsWpc1jtQwr3Q"],"hasMerchantReturnPolicy":{"@type":"MerchantReturnPolicy","merchantReturnLink":"https:\/\/www.sestogrado.it\/it\/termini-e-condizioni\/"}}]},"product_brand":"Ferrino","product_price_amount":"309.00","product_price_currency":"EUR","og_availability":"instock","product_availability":"instock","product_condition":"new"},"_links":{"self":[{"href":"https:\/\/www.sestogrado.it\/it\/wp-json\/wp\/v2\/product\/157179","targetHints":{"allow":["GET"]}}],"collection":[{"href":"https:\/\/www.sestogrado.it\/it\/wp-json\/wp\/v2\/product"}],"about":[{"href":"https:\/\/www.sestogrado.it\/it\/wp-json\/wp\/v2\/types\/product"}],"replies":[{"embeddable":true,"href":"https:\/\/www.sestogrado.it\/it\/wp-json\/wp\/v2\/comments?post=157179"}],"wp:featuredmedia":[{"embeddable":true,"href":"https:\/\/www.sestogrado.it\/it\/wp-json\/wp\/v2\/media\/157180"}],"wp:attachment":[{"href":"https:\/\/www.sestogrado.it\/it\/wp-json\/wp\/v2\/media?parent=157179"}],"wp:term":[{"taxonomy":"product_brand","embeddable":true,"href":"https:\/\/www.sestogrado.it\/it\/wp-json\/wp\/v2\/product_brand?post=157179"},{"taxonomy":"product_cat","embeddable":true,"href":"https:\/\/www.sestogrado.it\/it\/wp-json\/wp\/v2\/product_cat?post=157179"},{"taxonomy":"product_tag","embeddable":true,"href":"https:\/\/www.sestogrado.it\/it\/wp-json\/wp\/v2\/product_tag?post=157179"}],"curies":[{"name":"wp","href":"https:\/\/api.w.org\/{rel}","templated":true}]}}