{"id":156255,"date":"2024-02-28T08:39:26","date_gmt":"2024-02-28T07:39:26","guid":{"rendered":"https:\/\/www.sestogrado.it\/?post_type=product&#038;p=156255"},"modified":"2026-04-16T10:16:53","modified_gmt":"2026-04-16T08:16:53","slug":"beal-kit-adesivo-fine-corda","status":"publish","type":"product","link":"https:\/\/www.sestogrado.it\/it\/prodotto\/beal-kit-adesivo-fine-corda\/","title":{"rendered":"Beal Kit adesivo fine corda"},"content":{"rendered":"<p>Hai perso il tagliandino adesivo di fine corda? Non ti ricordi pi\u00f9 spessore, data, modello della corda e vuoi sapere da quando la stai utilizzando?<\/p>\n<p>Il KIT FINE CORDA di Beal \u00e8 composto da 10 etichette imputrescibili, antistrappo ed impermeabili e da maniche termoretraibili molto resistenti all&#8217;abrasione. Permette di sostituire quelli vecchi, ma soprattutto di impostare il proprio sistema di tracciabilit\u00e0 delle attrezzature.<\/p>\n<ul>\n<li>10 tagliandini<\/li>\n<\/ul>\n<p>&nbsp;<\/p>\n<p>&nbsp;<\/p>\n<p>Beal \u00e8 leader mondiale nella produzione di corde arrampicata da montagna grazie ad un avanzato sviluppo tecnologico nel processo \u00a0di fabbricazione che gli \u00e8 valso il certificato Iso 9001. Sempre attento alle esigenze degli arrampicatori, \u00e8 stata in grado di apportare dinamicit\u00e0 alla pratica dell\u2019arrampicata grazie ad un\u2019intensa attivit\u00e0 di ricerca. In particolare, Black Limit, Program System, trattamento Dry Cover, imbragature Aero, tecnologia Unicore.<\/p>","protected":false},"excerpt":{"rendered":"<p>Hai perso il tagliandino adesivo di fine corda? Non ti ricordi pi\u00f9 spessore, data, modello della corda e vuoi sapere [&hellip;]<\/p>\n","protected":false},"featured_media":156256,"comment_status":"open","ping_status":"closed","template":"","meta":{"_acf_changed":false},"product_brand":[84],"product_cat":[139],"product_tag":[],"class_list":{"0":"post-156255","1":"product","2":"type-product","3":"status-publish","4":"has-post-thumbnail","6":"product_brand-beal","7":"product_cat-accessori-corda","9":"first","10":"instock","11":"sale","12":"taxable","13":"shipping-taxable","14":"purchasable","15":"product-type-simple"},"acf":[],"yoast_head":"<!-- This site is optimized with the Yoast SEO plugin v26.4 - https:\/\/yoast.com\/wordpress\/plugins\/seo\/ -->\n<title>Beal Kit adesivo fine corda - Sestogrado<\/title>\n<meta name=\"description\" content=\"Hai perso il tagliandino adesivo di fine corda? Non ti ricordi pi\u00f9 spessore, data, modello della corda e vuoi sapere da quando la stai utilizzando?Il KIT FINE CORDA di Beal \u00e8 composto da 10 etichette imputrescibili, antistrappo ed impermeabili e da maniche termoretraibili molto resistenti all&#039;abrasione. Permette di sostituire quelli vecchi, ma soprattutto di impostare il proprio sistema di tracciabilit\u00e0 delle attrezzature.\" \/>\n<meta name=\"robots\" content=\"index, follow, max-snippet:-1, max-image-preview:large, max-video-preview:-1\" \/>\n<link rel=\"canonical\" href=\"https:\/\/www.sestogrado.it\/it\/prodotto\/beal-kit-adesivo-fine-corda\/\" \/>\n<meta property=\"og:locale\" content=\"it_IT\" \/>\n<meta property=\"og:type\" content=\"article\" \/>\n<meta property=\"og:title\" content=\"Beal Kit adesivo fine corda - Sestogrado\" \/>\n<meta property=\"og:description\" content=\"Hai perso il tagliandino adesivo di fine corda? Non ti ricordi pi\u00f9 spessore, data, modello della corda e vuoi sapere da quando la stai utilizzando?Il KIT FINE CORDA di Beal \u00e8 composto da 10 etichette imputrescibili, antistrappo ed impermeabili e da maniche termoretraibili molto resistenti all&#039;abrasione. Permette di sostituire quelli vecchi, ma soprattutto di impostare il proprio sistema di tracciabilit\u00e0 delle attrezzature.\" \/>\n<meta property=\"og:url\" content=\"https:\/\/www.sestogrado.it\/it\/prodotto\/beal-kit-adesivo-fine-corda\/\" \/>\n<meta property=\"og:site_name\" content=\"Sestogrado\" \/>\n<meta property=\"article:publisher\" content=\"https:\/\/www.facebook.com\/pages\/Sestogrado\/1542635979353017?ref=bookmarks\" \/>\n<meta property=\"article:modified_time\" content=\"2026-04-16T08:16:53+00:00\" \/>\n<meta property=\"og:image\" content=\"https:\/\/www.sestogrado.it\/wp-content\/uploads\/2024\/02\/beal-kit-fine-corda-50-unita.jpg\" \/>\n\t<meta property=\"og:image:width\" content=\"1000\" \/>\n\t<meta property=\"og:image:height\" content=\"1000\" \/>\n\t<meta property=\"og:image:type\" content=\"image\/jpeg\" \/>\n<meta name=\"twitter:label1\" content=\"Prezzo\" \/>\n\t<meta name=\"twitter:data1\" content=\"&euro;&nbsp;4,90\" \/>\n\t<meta name=\"twitter:label2\" content=\"Disponibilit\u00e0\" \/>\n\t<meta name=\"twitter:data2\" content=\"In stock\" \/>\n<script type=\"application\/ld+json\" class=\"yoast-schema-graph\">{\"@context\":\"https:\/\/schema.org\",\"@graph\":[{\"@type\":\"WebPage\",\"@id\":\"https:\/\/www.sestogrado.it\/it\/prodotto\/beal-kit-adesivo-fine-corda\/\",\"url\":\"https:\/\/www.sestogrado.it\/it\/prodotto\/beal-kit-adesivo-fine-corda\/\",\"name\":\"Beal Kit adesivo fine corda - Sestogrado\",\"isPartOf\":{\"@id\":\"https:\/\/www.sestogrado.it\/it\/#website\"},\"primaryImageOfPage\":{\"@id\":\"https:\/\/www.sestogrado.it\/it\/prodotto\/beal-kit-adesivo-fine-corda\/#primaryimage\"},\"image\":{\"@id\":\"https:\/\/www.sestogrado.it\/prodotto\/beal-kit-adesivo-fine-corda\/#primaryimage\"},\"thumbnailUrl\":\"https:\/\/www.sestogrado.it\/wp-content\/uploads\/2024\/02\/beal-kit-fine-corda-50-unita.jpg\",\"datePublished\":\"2024-02-28T07:39:26+00:00\",\"dateModified\":\"2026-04-16T08:16:53+00:00\",\"description\":\"Hai perso il tagliandino adesivo di fine corda? Non ti ricordi pi\u00f9 spessore, data, modello della corda e vuoi sapere da quando la stai utilizzando?Il KIT FINE CORDA di Beal \u00e8 composto da 10 etichette imputrescibili, antistrappo ed impermeabili e da maniche termoretraibili molto resistenti all'abrasione. Permette di sostituire quelli vecchi, ma soprattutto di impostare il proprio sistema di tracciabilit\u00e0 delle attrezzature.\",\"breadcrumb\":{\"@id\":\"https:\/\/www.sestogrado.it\/it\/prodotto\/beal-kit-adesivo-fine-corda\/#breadcrumb\"},\"inLanguage\":\"it-IT\",\"potentialAction\":[{\"@type\":\"ReadAction\",\"target\":[[\"https:\/\/www.sestogrado.it\/it\/prodotto\/beal-kit-adesivo-fine-corda\/\"]]}]},{\"@type\":\"ImageObject\",\"inLanguage\":\"it-IT\",\"@id\":\"https:\/\/www.sestogrado.it\/it\/prodotto\/beal-kit-adesivo-fine-corda\/#primaryimage\",\"url\":\"https:\/\/www.sestogrado.it\/wp-content\/uploads\/2024\/02\/beal-kit-fine-corda-50-unita.jpg\",\"contentUrl\":\"https:\/\/www.sestogrado.it\/wp-content\/uploads\/2024\/02\/beal-kit-fine-corda-50-unita.jpg\",\"width\":1000,\"height\":1000,\"caption\":\"beal kit fine corda\"},{\"@type\":\"BreadcrumbList\",\"@id\":\"https:\/\/www.sestogrado.it\/it\/prodotto\/beal-kit-adesivo-fine-corda\/#breadcrumb\",\"itemListElement\":[{\"@type\":\"ListItem\",\"position\":1,\"name\":\"Home\",\"item\":\"https:\/\/www.sestogrado.it\/it\/\"},{\"@type\":\"ListItem\",\"position\":2,\"name\":\"Shop\",\"item\":\"https:\/\/www.sestogrado.it\/it\/shop\/\"},{\"@type\":\"ListItem\",\"position\":3,\"name\":\"Beal Kit adesivo fine corda\"}]},{\"@type\":\"WebSite\",\"@id\":\"https:\/\/www.sestogrado.it\/it\/#website\",\"url\":\"https:\/\/www.sestogrado.it\/it\/\",\"name\":\"Sestogrado\",\"description\":\"yes we climb\",\"publisher\":{\"@id\":\"https:\/\/www.sestogrado.it\/it\/#organization\"},\"potentialAction\":[{\"@type\":\"SearchAction\",\"target\":{\"@type\":\"EntryPoint\",\"urlTemplate\":\"https:\/\/www.sestogrado.it\/it\/?s={search_term_string}\"},\"query-input\":{\"@type\":\"PropertyValueSpecification\",\"valueRequired\":true,\"valueName\":\"search_term_string\"}}],\"inLanguage\":\"it-IT\"},{\"@type\":\"Organization\",\"@id\":\"https:\/\/www.sestogrado.it\/it\/#organization\",\"name\":\"Sestogrado\",\"url\":\"https:\/\/www.sestogrado.it\/it\/\",\"logo\":{\"@type\":\"ImageObject\",\"inLanguage\":\"it-IT\",\"@id\":\"https:\/\/www.sestogrado.it\/it\/#\/schema\/logo\/image\/\",\"url\":\"https:\/\/www.sestogrado.it\/wp-content\/uploads\/2015\/03\/sestogrado-favicon.png\",\"contentUrl\":\"https:\/\/www.sestogrado.it\/wp-content\/uploads\/2015\/03\/sestogrado-favicon.png\",\"width\":260,\"height\":260,\"caption\":\"Sestogrado\"},\"image\":{\"@id\":\"https:\/\/www.sestogrado.it\/it\/#\/schema\/logo\/image\/\"},\"sameAs\":[\"https:\/\/www.facebook.com\/pages\/Sestogrado\/1542635979353017?ref=bookmarks\",\"https:\/\/www.youtube.com\/channel\/UC847kAfTkaJsWpc1jtQwr3Q\"],\"hasMerchantReturnPolicy\":{\"@type\":\"MerchantReturnPolicy\",\"merchantReturnLink\":\"https:\/\/www.sestogrado.it\/it\/termini-e-condizioni\/\"}}]}<\/script>\n<meta property=\"product:brand\" content=\"Beal\" \/>\n<meta property=\"product:price:amount\" content=\"4.90\" \/>\n<meta property=\"product:price:currency\" content=\"EUR\" \/>\n<meta property=\"og:availability\" content=\"instock\" \/>\n<meta property=\"product:availability\" content=\"instock\" \/>\n<meta property=\"product:condition\" content=\"new\" \/>\n<!-- \/ Yoast SEO plugin. -->","yoast_head_json":{"title":"Beal Kit adesivo fine corda - Sestogrado","description":"Hai perso il tagliandino adesivo di fine corda? Non ti ricordi pi\u00f9 spessore, data, modello della corda e vuoi sapere da quando la stai utilizzando?Il KIT FINE CORDA di Beal \u00e8 composto da 10 etichette imputrescibili, antistrappo ed impermeabili e da maniche termoretraibili molto resistenti all'abrasione. Permette di sostituire quelli vecchi, ma soprattutto di impostare il proprio sistema di tracciabilit\u00e0 delle attrezzature.","robots":{"index":"index","follow":"follow","max-snippet":"max-snippet:-1","max-image-preview":"max-image-preview:large","max-video-preview":"max-video-preview:-1"},"canonical":"https:\/\/www.sestogrado.it\/it\/prodotto\/beal-kit-adesivo-fine-corda\/","og_locale":"it_IT","og_type":"article","og_title":"Beal Kit adesivo fine corda - Sestogrado","og_description":"Hai perso il tagliandino adesivo di fine corda? Non ti ricordi pi\u00f9 spessore, data, modello della corda e vuoi sapere da quando la stai utilizzando?Il KIT FINE CORDA di Beal \u00e8 composto da 10 etichette imputrescibili, antistrappo ed impermeabili e da maniche termoretraibili molto resistenti all'abrasione. Permette di sostituire quelli vecchi, ma soprattutto di impostare il proprio sistema di tracciabilit\u00e0 delle attrezzature.","og_url":"https:\/\/www.sestogrado.it\/it\/prodotto\/beal-kit-adesivo-fine-corda\/","og_site_name":"Sestogrado","article_publisher":"https:\/\/www.facebook.com\/pages\/Sestogrado\/1542635979353017?ref=bookmarks","article_modified_time":"2026-04-16T08:16:53+00:00","og_image":[{"width":1000,"height":1000,"url":"https:\/\/www.sestogrado.it\/wp-content\/uploads\/2024\/02\/beal-kit-fine-corda-50-unita.jpg","type":"image\/jpeg"}],"twitter_misc":{"Prezzo":"&euro;&nbsp;4,90","Disponibilit\u00e0":"In stock"},"schema":{"@context":"https:\/\/schema.org","@graph":[{"@type":"WebPage","@id":"https:\/\/www.sestogrado.it\/it\/prodotto\/beal-kit-adesivo-fine-corda\/","url":"https:\/\/www.sestogrado.it\/it\/prodotto\/beal-kit-adesivo-fine-corda\/","name":"Beal Kit adesivo fine corda - Sestogrado","isPartOf":{"@id":"https:\/\/www.sestogrado.it\/it\/#website"},"primaryImageOfPage":{"@id":"https:\/\/www.sestogrado.it\/it\/prodotto\/beal-kit-adesivo-fine-corda\/#primaryimage"},"image":{"@id":"https:\/\/www.sestogrado.it\/prodotto\/beal-kit-adesivo-fine-corda\/#primaryimage"},"thumbnailUrl":"https:\/\/www.sestogrado.it\/wp-content\/uploads\/2024\/02\/beal-kit-fine-corda-50-unita.jpg","datePublished":"2024-02-28T07:39:26+00:00","dateModified":"2026-04-16T08:16:53+00:00","description":"Hai perso il tagliandino adesivo di fine corda? Non ti ricordi pi\u00f9 spessore, data, modello della corda e vuoi sapere da quando la stai utilizzando?Il KIT FINE CORDA di Beal \u00e8 composto da 10 etichette imputrescibili, antistrappo ed impermeabili e da maniche termoretraibili molto resistenti all'abrasione. Permette di sostituire quelli vecchi, ma soprattutto di impostare il proprio sistema di tracciabilit\u00e0 delle attrezzature.","breadcrumb":{"@id":"https:\/\/www.sestogrado.it\/it\/prodotto\/beal-kit-adesivo-fine-corda\/#breadcrumb"},"inLanguage":"it-IT","potentialAction":[{"@type":"ReadAction","target":[["https:\/\/www.sestogrado.it\/it\/prodotto\/beal-kit-adesivo-fine-corda\/"]]}]},{"@type":"ImageObject","inLanguage":"it-IT","@id":"https:\/\/www.sestogrado.it\/it\/prodotto\/beal-kit-adesivo-fine-corda\/#primaryimage","url":"https:\/\/www.sestogrado.it\/wp-content\/uploads\/2024\/02\/beal-kit-fine-corda-50-unita.jpg","contentUrl":"https:\/\/www.sestogrado.it\/wp-content\/uploads\/2024\/02\/beal-kit-fine-corda-50-unita.jpg","width":1000,"height":1000,"caption":"beal kit fine corda"},{"@type":"BreadcrumbList","@id":"https:\/\/www.sestogrado.it\/it\/prodotto\/beal-kit-adesivo-fine-corda\/#breadcrumb","itemListElement":[{"@type":"ListItem","position":1,"name":"Home","item":"https:\/\/www.sestogrado.it\/it\/"},{"@type":"ListItem","position":2,"name":"Shop","item":"https:\/\/www.sestogrado.it\/it\/shop\/"},{"@type":"ListItem","position":3,"name":"Beal Kit adesivo fine corda"}]},{"@type":"WebSite","@id":"https:\/\/www.sestogrado.it\/it\/#website","url":"https:\/\/www.sestogrado.it\/it\/","name":"Sestogrado","description":"yes we climb","publisher":{"@id":"https:\/\/www.sestogrado.it\/it\/#organization"},"potentialAction":[{"@type":"SearchAction","target":{"@type":"EntryPoint","urlTemplate":"https:\/\/www.sestogrado.it\/it\/?s={search_term_string}"},"query-input":{"@type":"PropertyValueSpecification","valueRequired":true,"valueName":"search_term_string"}}],"inLanguage":"it-IT"},{"@type":"Organization","@id":"https:\/\/www.sestogrado.it\/it\/#organization","name":"Sestogrado","url":"https:\/\/www.sestogrado.it\/it\/","logo":{"@type":"ImageObject","inLanguage":"it-IT","@id":"https:\/\/www.sestogrado.it\/it\/#\/schema\/logo\/image\/","url":"https:\/\/www.sestogrado.it\/wp-content\/uploads\/2015\/03\/sestogrado-favicon.png","contentUrl":"https:\/\/www.sestogrado.it\/wp-content\/uploads\/2015\/03\/sestogrado-favicon.png","width":260,"height":260,"caption":"Sestogrado"},"image":{"@id":"https:\/\/www.sestogrado.it\/it\/#\/schema\/logo\/image\/"},"sameAs":["https:\/\/www.facebook.com\/pages\/Sestogrado\/1542635979353017?ref=bookmarks","https:\/\/www.youtube.com\/channel\/UC847kAfTkaJsWpc1jtQwr3Q"],"hasMerchantReturnPolicy":{"@type":"MerchantReturnPolicy","merchantReturnLink":"https:\/\/www.sestogrado.it\/it\/termini-e-condizioni\/"}}]},"product_brand":"Beal","product_price_amount":"4.90","product_price_currency":"EUR","og_availability":"instock","product_availability":"instock","product_condition":"new"},"_links":{"self":[{"href":"https:\/\/www.sestogrado.it\/it\/wp-json\/wp\/v2\/product\/156255","targetHints":{"allow":["GET"]}}],"collection":[{"href":"https:\/\/www.sestogrado.it\/it\/wp-json\/wp\/v2\/product"}],"about":[{"href":"https:\/\/www.sestogrado.it\/it\/wp-json\/wp\/v2\/types\/product"}],"replies":[{"embeddable":true,"href":"https:\/\/www.sestogrado.it\/it\/wp-json\/wp\/v2\/comments?post=156255"}],"wp:featuredmedia":[{"embeddable":true,"href":"https:\/\/www.sestogrado.it\/it\/wp-json\/wp\/v2\/media\/156256"}],"wp:attachment":[{"href":"https:\/\/www.sestogrado.it\/it\/wp-json\/wp\/v2\/media?parent=156255"}],"wp:term":[{"taxonomy":"product_brand","embeddable":true,"href":"https:\/\/www.sestogrado.it\/it\/wp-json\/wp\/v2\/product_brand?post=156255"},{"taxonomy":"product_cat","embeddable":true,"href":"https:\/\/www.sestogrado.it\/it\/wp-json\/wp\/v2\/product_cat?post=156255"},{"taxonomy":"product_tag","embeddable":true,"href":"https:\/\/www.sestogrado.it\/it\/wp-json\/wp\/v2\/product_tag?post=156255"}],"curies":[{"name":"wp","href":"https:\/\/api.w.org\/{rel}","templated":true}]}}