{"id":154709,"date":"2024-06-19T11:15:34","date_gmt":"2024-06-19T09:15:34","guid":{"rendered":"https:\/\/www.sestogrado.it\/?post_type=product&#038;p=154709"},"modified":"2026-04-13T15:08:48","modified_gmt":"2026-04-13T13:08:48","slug":"leki-neotrail-pro-fx-one-superlite-bastoncini-da-trail-running","status":"publish","type":"product","link":"https:\/\/www.sestogrado.it\/it\/prodotto\/leki-neotrail-pro-fx-one-superlite-bastoncini-da-trail-running\/","title":{"rendered":"Leki Neotrail Pro FX.ONE Superlite Bastoncini da trail running"},"content":{"rendered":"<p>I Leki Neotrail Pro FX.ONE Superlite sono dei bastoncini da trail running, in carbonio e spuer leggeri. Sono composti da 4 sezioni e pieghevoli in 3 corti rami, che racchiusi raggiungono <strong>solo 38 cm di ingombro in lunghezza<\/strong>.<\/p>\n<p>Con solo 123g, il nuovo Neotrail Pro FX.One Superlite \u00e8 il bastoncino pi\u00f9 leggero che LEKI abbia mai sviluppato. Peso 100% ottimizzato e perfetto per i terreni tecnici. L&#8217;impugnatura Spartan si basa sui feedback dei migliori atleti, e unisce minimalismo e versatilit\u00e0. \u00c8 dotato di un cinturino D-Loop Mesh ultraleggero e ad asciugatura rapida, il nuovo materiale dei passanti garantisce la massima traspirabilit\u00e0 e velocit\u00e0 di asciugatura. Con l&#8217;aiuto del pulsante presente sull&#8217;impugnatura, il lacciolo pu\u00f2 essere regolato in pochi secondi per non perdere tempo durante la gara. L&#8217;impugnatura in schiuma leggera ha i lati appiattiti per un utilizzo ancora migliore durante la corsa. L&#8217;asta superleggera con un diametro sottile di 14 mm \u00e8 ottimizzata per ottenere il minimo peso grazie al carbonio di alta qualit\u00e0.<\/p>\n<p>Sono stati progettati per tutti i trail runner che si muovono su terreni difficili e vogliono essere sostenuti al top, grazie a bastoni <strong>molto leggeri in carbonio,<\/strong> che aiutano e supportano il movimento in salita e discesa. Sono dotati dell&#8217;<strong>impugnatura Spartan, <\/strong>al 100% ottimizzata per la leggerezza. I Leki Neotrail Pro FX.ONE Superlite sono perfetti per i terreni tecnici, le condizioni di clima caldo e per avere la massima libert\u00e0.<\/p>\n<p>Il lacciuolo Lock Security Strap \u00e8 ultraleggero, si asciuga rapidamente ed ha una forma che aiuta a dare stabilit\u00e0 all&#8217;impugnatura. Il materiale \u00e8 altamente traspirante ed assorbe poco i liquidi.<\/p>\n<p>Grazie alla super leggerezza dovuta alla costruzione in carbonio, i Leki Leki Neotrail Pro FX.ONE Superlite <strong>pesano 123 grammi al bastone<\/strong>, il che li rende un bastone leggerissimo, ideale per i terreni tecnici e le competizioni.<\/p>\n<p>&nbsp;<\/p>\n<ul>\n<li>Tipologia:\u00a0Bastoncino pieghevole<\/li>\n<li>Ambito d\u2019uso:\u00a0Trail running<\/li>\n<li>Corsa di regolazione: <strong>105-130 cm<\/strong><\/li>\n<li>Tipo di materiale:<strong> Carbonio (HRC max)<\/strong><\/li>\n<li><strong>4 sezioni<\/strong><\/li>\n<li>Sistema pieghevole con Push-botton<\/li>\n<li>Diametri per sezione: 14, 12, 12, 12 mm<\/li>\n<li>Impugnatura: <strong>Spartan Ultra<\/strong><\/li>\n<li>Dragonne: Lock Security Strap<\/li>\n<li>Rondella:\u00a0con rondella da<strong> trail running\u00a0<\/strong><\/li>\n<li>Puntale:\u00a0<strong>Puntale in carbide<\/strong><\/li>\n<li>Lunghezza bastoncini piegati: <strong>35 cm <\/strong>(120 cm)<\/li>\n<li>Peso: <strong>123g<\/strong> cadauno<\/li>\n<\/ul>\n<div class=\"product-highlight-headline\"><\/div>\n<p><img decoding=\"async\" class=\"img-fluid alignnone wp-image-155028 \" src=\"https:\/\/www.sestogrado.it\/wp-content\/uploads\/2024\/02\/04-1.jpg\" alt=\"alphatrail\" width=\"500\" height=\"500\" srcset=\"https:\/\/www.sestogrado.it\/wp-content\/uploads\/2024\/02\/04-1.jpg 1664w, https:\/\/www.sestogrado.it\/wp-content\/uploads\/2024\/02\/04-1-300x300.jpg 300w, https:\/\/www.sestogrado.it\/wp-content\/uploads\/2024\/02\/04-1-100x100.jpg 100w, https:\/\/www.sestogrado.it\/wp-content\/uploads\/2024\/02\/04-1-750x750.jpg 750w, https:\/\/www.sestogrado.it\/wp-content\/uploads\/2024\/02\/04-1-1024x1024.jpg 1024w, https:\/\/www.sestogrado.it\/wp-content\/uploads\/2024\/02\/04-1-150x150.jpg 150w, https:\/\/www.sestogrado.it\/wp-content\/uploads\/2024\/02\/04-1-768x768.jpg 768w, https:\/\/www.sestogrado.it\/wp-content\/uploads\/2024\/02\/04-1-1536x1536.jpg 1536w, https:\/\/www.sestogrado.it\/wp-content\/uploads\/2024\/02\/04-1-45x45.jpg 45w, https:\/\/www.sestogrado.it\/wp-content\/uploads\/2024\/02\/04-1-80x80.jpg 80w, https:\/\/www.sestogrado.it\/wp-content\/uploads\/2024\/02\/04-1-60x60.jpg 60w, https:\/\/www.sestogrado.it\/wp-content\/uploads\/2024\/02\/04-1-90x90.jpg 90w\" sizes=\"(max-width: 500px) 100vw, 500px\" \/><\/p>\n<p><strong>Lo Spartan<\/strong>: sviluppata pensando alla pura velocit\u00e0, questa impugnatura vanta un design minimalista e senza fronzoli. L&#8217;impugnatura in schiuma leggera presenta bordi piatti sui lati, offrendo un controllo eccezionale. Il cinturino D-Loop ti consente di regolare la lunghezza rapidamente e facilmente mentre sei in movimento.<\/p>\n<p>&nbsp;<\/p>\n<p>Il <strong>Neotrail Pro FX One Superlite<\/strong> \u00e8 ottimizzato per il peso e progettato per l&#8217;uso nelle competizioni. Esso richiede un uso particolarmente esperto e prudente. Si consiglia l&#8217;uso nel trail running esclusivamente su percorsi protetti e non su terreni esposti, ad esempio negli sport alpini e di montagna a rischio di caduta, su neve, ghiaccio o ghiacciai.<\/p>\n<p>&nbsp;<\/p>\n<p>&nbsp;<\/p>\n<p>La LEKI ha le sue origini nell&#8217;impresa di tornitura fondata da Karl Lenhart a Dettingen\/Teck nel 1948. Karl Lenhart era una appassionato sciatore, tuttavia non era minimamente soddisfatto della qualit\u00e0 e della funzionalit\u00e0 dei bastoni da sci di allora. Cos\u00ec cominci\u00f2 a produrre impugnature e rotelle per bastoni da sci per conto proprio, con il parco macchine della propria officina. Gi\u00e0 negli anni &#8217;60 inizi\u00f2 la produzione in serie. Dato che Lenhart aveva maturato anche esperienze nella costruzione di aerei, sapeva come lavorare l&#8217;alluminio e i materiali compositi. Dal 1970 LEKI \u00e8 un nome di riferimento in tutto il mondo per la produzione di bastoncini da sci, trekking ed alpinismo.<\/p>","protected":false},"excerpt":{"rendered":"<p>I Leki Neotrail Pro FX.ONE Superlite sono dei bastoncini da trail running, in carbonio e spuer leggeri. Sono composti da [&hellip;]<\/p>\n","protected":false},"featured_media":155025,"comment_status":"open","ping_status":"closed","template":"","meta":{"_acf_changed":false},"product_brand":[735],"product_cat":[572],"product_tag":[],"class_list":{"0":"post-154709","1":"product","2":"type-product","3":"status-publish","4":"has-post-thumbnail","6":"product_brand-leki","7":"product_cat-bastoncini","9":"first","10":"instock","11":"sale","12":"taxable","13":"shipping-taxable","14":"purchasable","15":"product-type-variable"},"acf":[],"yoast_head":"<!-- This site is optimized with the Yoast SEO plugin v26.4 - https:\/\/yoast.com\/wordpress\/plugins\/seo\/ -->\n<title>Leki Neotrail Pro FX.ONE Superlite Bastoncini da trail running - Sestogrado<\/title>\n<meta name=\"description\" content=\"I Leki Neotrail Pro FX.ONE Superlite sono dei bastoncini da trail running, in carbonio e spuer leggeri. Sono composti da 4 sezioni e pieghevoli in 3 corti rami, che racchiusi raggiungono solo 38 cm di ingombro in lunghezza.Con solo 123g, il nuovo Neotrail Pro FX.One Superlite \u00e8 il bastoncino pi\u00f9 leggero che LEKI abbia mai sviluppato. Peso 100% ottimizzato e perfetto per i terreni tecnici. L&#039;impugnatura Spartan si basa sui feedback dei migliori atleti, e unisce minimalismo e versatilit\u00e0. \u00c8 dotato di un cinturino D-Loop Mesh ultraleggero e ad asciugatura rapida, il nuovo materiale dei passanti garantisce la massima traspirabilit\u00e0 e velocit\u00e0 di asciugatura. Con l&#039;aiuto del pulsante presente sull&#039;impugnatura, il lacciolo pu\u00f2 essere regolato in pochi secondi per non perdere tempo durante la gara. L&#039;impugnatura in schiuma leggera ha i lati appiattiti per un utilizzo ancora migliore durante la corsa. L&#039;asta superleggera con un diametro sottile di 14 mm \u00e8 ottimizzata per ottenere il minimo peso grazie al carbonio di alta qualit\u00e0.Sono stati progettati per tutti i trail runner che si muovono su terreni difficili e vogliono essere sostenuti al top, grazie a bastoni molto leggeri in carbonio, che aiutano e supportano il movimento in salita e discesa. Sono dotati dell&#039;impugnatura Spartan, al 100% ottimizzata per la leggerezza. I Leki Neotrail Pro FX.ONE Superlite sono perfetti per i terreni tecnici, le condizioni di clima caldo e per avere la massima libert\u00e0.\" \/>\n<meta name=\"robots\" content=\"index, follow, max-snippet:-1, max-image-preview:large, max-video-preview:-1\" \/>\n<link rel=\"canonical\" href=\"https:\/\/www.sestogrado.it\/it\/prodotto\/leki-neotrail-pro-fx-one-superlite-bastoncini-da-trail-running\/\" \/>\n<meta property=\"og:locale\" content=\"it_IT\" \/>\n<meta property=\"og:type\" content=\"article\" \/>\n<meta property=\"og:title\" content=\"Leki Neotrail Pro FX.ONE Superlite Bastoncini da trail running - Sestogrado\" \/>\n<meta property=\"og:description\" content=\"I Leki Neotrail Pro FX.ONE Superlite sono dei bastoncini da trail running, in carbonio e spuer leggeri. Sono composti da 4 sezioni e pieghevoli in 3 corti rami, che racchiusi raggiungono solo 38 cm di ingombro in lunghezza.Con solo 123g, il nuovo Neotrail Pro FX.One Superlite \u00e8 il bastoncino pi\u00f9 leggero che LEKI abbia mai sviluppato. Peso 100% ottimizzato e perfetto per i terreni tecnici. L&#039;impugnatura Spartan si basa sui feedback dei migliori atleti, e unisce minimalismo e versatilit\u00e0. \u00c8 dotato di un cinturino D-Loop Mesh ultraleggero e ad asciugatura rapida, il nuovo materiale dei passanti garantisce la massima traspirabilit\u00e0 e velocit\u00e0 di asciugatura. Con l&#039;aiuto del pulsante presente sull&#039;impugnatura, il lacciolo pu\u00f2 essere regolato in pochi secondi per non perdere tempo durante la gara. L&#039;impugnatura in schiuma leggera ha i lati appiattiti per un utilizzo ancora migliore durante la corsa. L&#039;asta superleggera con un diametro sottile di 14 mm \u00e8 ottimizzata per ottenere il minimo peso grazie al carbonio di alta qualit\u00e0.Sono stati progettati per tutti i trail runner che si muovono su terreni difficili e vogliono essere sostenuti al top, grazie a bastoni molto leggeri in carbonio, che aiutano e supportano il movimento in salita e discesa. Sono dotati dell&#039;impugnatura Spartan, al 100% ottimizzata per la leggerezza. I Leki Neotrail Pro FX.ONE Superlite sono perfetti per i terreni tecnici, le condizioni di clima caldo e per avere la massima libert\u00e0.\" \/>\n<meta property=\"og:url\" content=\"https:\/\/www.sestogrado.it\/it\/prodotto\/leki-neotrail-pro-fx-one-superlite-bastoncini-da-trail-running\/\" \/>\n<meta property=\"og:site_name\" content=\"Sestogrado\" \/>\n<meta property=\"article:publisher\" content=\"https:\/\/www.facebook.com\/pages\/Sestogrado\/1542635979353017?ref=bookmarks\" \/>\n<meta property=\"article:modified_time\" content=\"2026-04-13T13:08:48+00:00\" \/>\n<meta property=\"og:image\" content=\"https:\/\/www.sestogrado.it\/wp-content\/uploads\/2024\/02\/03-1.jpg\" \/>\n\t<meta property=\"og:image:width\" content=\"1844\" \/>\n\t<meta property=\"og:image:height\" content=\"1844\" \/>\n\t<meta property=\"og:image:type\" content=\"image\/jpeg\" \/>\n<meta name=\"twitter:label1\" content=\"Disponibilit\u00e0\" \/>\n\t<meta name=\"twitter:data1\" content=\"In stock\" \/>\n<script type=\"application\/ld+json\" class=\"yoast-schema-graph\">{\"@context\":\"https:\/\/schema.org\",\"@graph\":[{\"@type\":\"WebPage\",\"@id\":\"https:\/\/www.sestogrado.it\/it\/prodotto\/leki-neotrail-pro-fx-one-superlite-bastoncini-da-trail-running\/\",\"url\":\"https:\/\/www.sestogrado.it\/it\/prodotto\/leki-neotrail-pro-fx-one-superlite-bastoncini-da-trail-running\/\",\"name\":\"Leki Neotrail Pro FX.ONE Superlite Bastoncini da trail running - Sestogrado\",\"isPartOf\":{\"@id\":\"https:\/\/www.sestogrado.it\/it\/#website\"},\"primaryImageOfPage\":{\"@id\":\"https:\/\/www.sestogrado.it\/it\/prodotto\/leki-neotrail-pro-fx-one-superlite-bastoncini-da-trail-running\/#primaryimage\"},\"image\":{\"@id\":\"https:\/\/www.sestogrado.it\/prodotto\/leki-neotrail-pro-fx-one-superlite-bastoncini-da-trail-running\/#primaryimage\"},\"thumbnailUrl\":\"https:\/\/www.sestogrado.it\/wp-content\/uploads\/2024\/02\/03-1.jpg\",\"datePublished\":\"2024-06-19T09:15:34+00:00\",\"dateModified\":\"2026-04-13T13:08:48+00:00\",\"description\":\"I Leki Neotrail Pro FX.ONE Superlite sono dei bastoncini da trail running, in carbonio e spuer leggeri. Sono composti da 4 sezioni e pieghevoli in 3 corti rami, che racchiusi raggiungono solo 38 cm di ingombro in lunghezza.Con solo 123g, il nuovo Neotrail Pro FX.One Superlite \u00e8 il bastoncino pi\u00f9 leggero che LEKI abbia mai sviluppato. Peso 100% ottimizzato e perfetto per i terreni tecnici. L'impugnatura Spartan si basa sui feedback dei migliori atleti, e unisce minimalismo e versatilit\u00e0. \u00c8 dotato di un cinturino D-Loop Mesh ultraleggero e ad asciugatura rapida, il nuovo materiale dei passanti garantisce la massima traspirabilit\u00e0 e velocit\u00e0 di asciugatura. Con l'aiuto del pulsante presente sull'impugnatura, il lacciolo pu\u00f2 essere regolato in pochi secondi per non perdere tempo durante la gara. L'impugnatura in schiuma leggera ha i lati appiattiti per un utilizzo ancora migliore durante la corsa. L'asta superleggera con un diametro sottile di 14 mm \u00e8 ottimizzata per ottenere il minimo peso grazie al carbonio di alta qualit\u00e0.Sono stati progettati per tutti i trail runner che si muovono su terreni difficili e vogliono essere sostenuti al top, grazie a bastoni molto leggeri in carbonio, che aiutano e supportano il movimento in salita e discesa. Sono dotati dell'impugnatura Spartan, al 100% ottimizzata per la leggerezza. I Leki Neotrail Pro FX.ONE Superlite sono perfetti per i terreni tecnici, le condizioni di clima caldo e per avere la massima libert\u00e0.\",\"breadcrumb\":{\"@id\":\"https:\/\/www.sestogrado.it\/it\/prodotto\/leki-neotrail-pro-fx-one-superlite-bastoncini-da-trail-running\/#breadcrumb\"},\"inLanguage\":\"it-IT\",\"potentialAction\":[{\"@type\":\"ReadAction\",\"target\":[[\"https:\/\/www.sestogrado.it\/it\/prodotto\/leki-neotrail-pro-fx-one-superlite-bastoncini-da-trail-running\/\"]]}]},{\"@type\":\"ImageObject\",\"inLanguage\":\"it-IT\",\"@id\":\"https:\/\/www.sestogrado.it\/it\/prodotto\/leki-neotrail-pro-fx-one-superlite-bastoncini-da-trail-running\/#primaryimage\",\"url\":\"https:\/\/www.sestogrado.it\/wp-content\/uploads\/2024\/02\/03-1.jpg\",\"contentUrl\":\"https:\/\/www.sestogrado.it\/wp-content\/uploads\/2024\/02\/03-1.jpg\",\"width\":1844,\"height\":1844,\"caption\":\"alphatrail\"},{\"@type\":\"BreadcrumbList\",\"@id\":\"https:\/\/www.sestogrado.it\/it\/prodotto\/leki-neotrail-pro-fx-one-superlite-bastoncini-da-trail-running\/#breadcrumb\",\"itemListElement\":[{\"@type\":\"ListItem\",\"position\":1,\"name\":\"Home\",\"item\":\"https:\/\/www.sestogrado.it\/it\/\"},{\"@type\":\"ListItem\",\"position\":2,\"name\":\"Shop\",\"item\":\"https:\/\/www.sestogrado.it\/it\/shop\/\"},{\"@type\":\"ListItem\",\"position\":3,\"name\":\"Leki Neotrail Pro FX.ONE Superlite Bastoncini da trail running\"}]},{\"@type\":\"WebSite\",\"@id\":\"https:\/\/www.sestogrado.it\/it\/#website\",\"url\":\"https:\/\/www.sestogrado.it\/it\/\",\"name\":\"Sestogrado\",\"description\":\"yes we climb\",\"publisher\":{\"@id\":\"https:\/\/www.sestogrado.it\/it\/#organization\"},\"potentialAction\":[{\"@type\":\"SearchAction\",\"target\":{\"@type\":\"EntryPoint\",\"urlTemplate\":\"https:\/\/www.sestogrado.it\/it\/?s={search_term_string}\"},\"query-input\":{\"@type\":\"PropertyValueSpecification\",\"valueRequired\":true,\"valueName\":\"search_term_string\"}}],\"inLanguage\":\"it-IT\"},{\"@type\":\"Organization\",\"@id\":\"https:\/\/www.sestogrado.it\/it\/#organization\",\"name\":\"Sestogrado\",\"url\":\"https:\/\/www.sestogrado.it\/it\/\",\"logo\":{\"@type\":\"ImageObject\",\"inLanguage\":\"it-IT\",\"@id\":\"https:\/\/www.sestogrado.it\/it\/#\/schema\/logo\/image\/\",\"url\":\"https:\/\/www.sestogrado.it\/wp-content\/uploads\/2015\/03\/sestogrado-favicon.png\",\"contentUrl\":\"https:\/\/www.sestogrado.it\/wp-content\/uploads\/2015\/03\/sestogrado-favicon.png\",\"width\":260,\"height\":260,\"caption\":\"Sestogrado\"},\"image\":{\"@id\":\"https:\/\/www.sestogrado.it\/it\/#\/schema\/logo\/image\/\"},\"sameAs\":[\"https:\/\/www.facebook.com\/pages\/Sestogrado\/1542635979353017?ref=bookmarks\",\"https:\/\/www.youtube.com\/channel\/UC847kAfTkaJsWpc1jtQwr3Q\"],\"hasMerchantReturnPolicy\":{\"@type\":\"MerchantReturnPolicy\",\"merchantReturnLink\":\"https:\/\/www.sestogrado.it\/it\/termini-e-condizioni\/\"}}]}<\/script>\n<meta property=\"product:brand\" content=\"Leki\" \/>\n<meta property=\"og:availability\" content=\"instock\" \/>\n<meta property=\"product:availability\" content=\"instock\" \/>\n<meta property=\"product:condition\" content=\"new\" \/>\n<!-- \/ Yoast SEO plugin. -->","yoast_head_json":{"title":"Leki Neotrail Pro FX.ONE Superlite Bastoncini da trail running - Sestogrado","description":"I Leki Neotrail Pro FX.ONE Superlite sono dei bastoncini da trail running, in carbonio e spuer leggeri. Sono composti da 4 sezioni e pieghevoli in 3 corti rami, che racchiusi raggiungono solo 38 cm di ingombro in lunghezza.Con solo 123g, il nuovo Neotrail Pro FX.One Superlite \u00e8 il bastoncino pi\u00f9 leggero che LEKI abbia mai sviluppato. Peso 100% ottimizzato e perfetto per i terreni tecnici. L'impugnatura Spartan si basa sui feedback dei migliori atleti, e unisce minimalismo e versatilit\u00e0. \u00c8 dotato di un cinturino D-Loop Mesh ultraleggero e ad asciugatura rapida, il nuovo materiale dei passanti garantisce la massima traspirabilit\u00e0 e velocit\u00e0 di asciugatura. Con l'aiuto del pulsante presente sull'impugnatura, il lacciolo pu\u00f2 essere regolato in pochi secondi per non perdere tempo durante la gara. L'impugnatura in schiuma leggera ha i lati appiattiti per un utilizzo ancora migliore durante la corsa. L'asta superleggera con un diametro sottile di 14 mm \u00e8 ottimizzata per ottenere il minimo peso grazie al carbonio di alta qualit\u00e0.Sono stati progettati per tutti i trail runner che si muovono su terreni difficili e vogliono essere sostenuti al top, grazie a bastoni molto leggeri in carbonio, che aiutano e supportano il movimento in salita e discesa. Sono dotati dell'impugnatura Spartan, al 100% ottimizzata per la leggerezza. I Leki Neotrail Pro FX.ONE Superlite sono perfetti per i terreni tecnici, le condizioni di clima caldo e per avere la massima libert\u00e0.","robots":{"index":"index","follow":"follow","max-snippet":"max-snippet:-1","max-image-preview":"max-image-preview:large","max-video-preview":"max-video-preview:-1"},"canonical":"https:\/\/www.sestogrado.it\/it\/prodotto\/leki-neotrail-pro-fx-one-superlite-bastoncini-da-trail-running\/","og_locale":"it_IT","og_type":"article","og_title":"Leki Neotrail Pro FX.ONE Superlite Bastoncini da trail running - Sestogrado","og_description":"I Leki Neotrail Pro FX.ONE Superlite sono dei bastoncini da trail running, in carbonio e spuer leggeri. Sono composti da 4 sezioni e pieghevoli in 3 corti rami, che racchiusi raggiungono solo 38 cm di ingombro in lunghezza.Con solo 123g, il nuovo Neotrail Pro FX.One Superlite \u00e8 il bastoncino pi\u00f9 leggero che LEKI abbia mai sviluppato. Peso 100% ottimizzato e perfetto per i terreni tecnici. L'impugnatura Spartan si basa sui feedback dei migliori atleti, e unisce minimalismo e versatilit\u00e0. \u00c8 dotato di un cinturino D-Loop Mesh ultraleggero e ad asciugatura rapida, il nuovo materiale dei passanti garantisce la massima traspirabilit\u00e0 e velocit\u00e0 di asciugatura. Con l'aiuto del pulsante presente sull'impugnatura, il lacciolo pu\u00f2 essere regolato in pochi secondi per non perdere tempo durante la gara. L'impugnatura in schiuma leggera ha i lati appiattiti per un utilizzo ancora migliore durante la corsa. L'asta superleggera con un diametro sottile di 14 mm \u00e8 ottimizzata per ottenere il minimo peso grazie al carbonio di alta qualit\u00e0.Sono stati progettati per tutti i trail runner che si muovono su terreni difficili e vogliono essere sostenuti al top, grazie a bastoni molto leggeri in carbonio, che aiutano e supportano il movimento in salita e discesa. Sono dotati dell'impugnatura Spartan, al 100% ottimizzata per la leggerezza. I Leki Neotrail Pro FX.ONE Superlite sono perfetti per i terreni tecnici, le condizioni di clima caldo e per avere la massima libert\u00e0.","og_url":"https:\/\/www.sestogrado.it\/it\/prodotto\/leki-neotrail-pro-fx-one-superlite-bastoncini-da-trail-running\/","og_site_name":"Sestogrado","article_publisher":"https:\/\/www.facebook.com\/pages\/Sestogrado\/1542635979353017?ref=bookmarks","article_modified_time":"2026-04-13T13:08:48+00:00","og_image":[{"width":1844,"height":1844,"url":"https:\/\/www.sestogrado.it\/wp-content\/uploads\/2024\/02\/03-1.jpg","type":"image\/jpeg"}],"twitter_misc":{"Disponibilit\u00e0":"In stock"},"schema":{"@context":"https:\/\/schema.org","@graph":[{"@type":"WebPage","@id":"https:\/\/www.sestogrado.it\/it\/prodotto\/leki-neotrail-pro-fx-one-superlite-bastoncini-da-trail-running\/","url":"https:\/\/www.sestogrado.it\/it\/prodotto\/leki-neotrail-pro-fx-one-superlite-bastoncini-da-trail-running\/","name":"Leki Neotrail Pro FX.ONE Superlite Bastoncini da trail running - Sestogrado","isPartOf":{"@id":"https:\/\/www.sestogrado.it\/it\/#website"},"primaryImageOfPage":{"@id":"https:\/\/www.sestogrado.it\/it\/prodotto\/leki-neotrail-pro-fx-one-superlite-bastoncini-da-trail-running\/#primaryimage"},"image":{"@id":"https:\/\/www.sestogrado.it\/prodotto\/leki-neotrail-pro-fx-one-superlite-bastoncini-da-trail-running\/#primaryimage"},"thumbnailUrl":"https:\/\/www.sestogrado.it\/wp-content\/uploads\/2024\/02\/03-1.jpg","datePublished":"2024-06-19T09:15:34+00:00","dateModified":"2026-04-13T13:08:48+00:00","description":"I Leki Neotrail Pro FX.ONE Superlite sono dei bastoncini da trail running, in carbonio e spuer leggeri. Sono composti da 4 sezioni e pieghevoli in 3 corti rami, che racchiusi raggiungono solo 38 cm di ingombro in lunghezza.Con solo 123g, il nuovo Neotrail Pro FX.One Superlite \u00e8 il bastoncino pi\u00f9 leggero che LEKI abbia mai sviluppato. Peso 100% ottimizzato e perfetto per i terreni tecnici. L'impugnatura Spartan si basa sui feedback dei migliori atleti, e unisce minimalismo e versatilit\u00e0. \u00c8 dotato di un cinturino D-Loop Mesh ultraleggero e ad asciugatura rapida, il nuovo materiale dei passanti garantisce la massima traspirabilit\u00e0 e velocit\u00e0 di asciugatura. Con l'aiuto del pulsante presente sull'impugnatura, il lacciolo pu\u00f2 essere regolato in pochi secondi per non perdere tempo durante la gara. L'impugnatura in schiuma leggera ha i lati appiattiti per un utilizzo ancora migliore durante la corsa. L'asta superleggera con un diametro sottile di 14 mm \u00e8 ottimizzata per ottenere il minimo peso grazie al carbonio di alta qualit\u00e0.Sono stati progettati per tutti i trail runner che si muovono su terreni difficili e vogliono essere sostenuti al top, grazie a bastoni molto leggeri in carbonio, che aiutano e supportano il movimento in salita e discesa. Sono dotati dell'impugnatura Spartan, al 100% ottimizzata per la leggerezza. I Leki Neotrail Pro FX.ONE Superlite sono perfetti per i terreni tecnici, le condizioni di clima caldo e per avere la massima libert\u00e0.","breadcrumb":{"@id":"https:\/\/www.sestogrado.it\/it\/prodotto\/leki-neotrail-pro-fx-one-superlite-bastoncini-da-trail-running\/#breadcrumb"},"inLanguage":"it-IT","potentialAction":[{"@type":"ReadAction","target":[["https:\/\/www.sestogrado.it\/it\/prodotto\/leki-neotrail-pro-fx-one-superlite-bastoncini-da-trail-running\/"]]}]},{"@type":"ImageObject","inLanguage":"it-IT","@id":"https:\/\/www.sestogrado.it\/it\/prodotto\/leki-neotrail-pro-fx-one-superlite-bastoncini-da-trail-running\/#primaryimage","url":"https:\/\/www.sestogrado.it\/wp-content\/uploads\/2024\/02\/03-1.jpg","contentUrl":"https:\/\/www.sestogrado.it\/wp-content\/uploads\/2024\/02\/03-1.jpg","width":1844,"height":1844,"caption":"alphatrail"},{"@type":"BreadcrumbList","@id":"https:\/\/www.sestogrado.it\/it\/prodotto\/leki-neotrail-pro-fx-one-superlite-bastoncini-da-trail-running\/#breadcrumb","itemListElement":[{"@type":"ListItem","position":1,"name":"Home","item":"https:\/\/www.sestogrado.it\/it\/"},{"@type":"ListItem","position":2,"name":"Shop","item":"https:\/\/www.sestogrado.it\/it\/shop\/"},{"@type":"ListItem","position":3,"name":"Leki Neotrail Pro FX.ONE Superlite Bastoncini da trail running"}]},{"@type":"WebSite","@id":"https:\/\/www.sestogrado.it\/it\/#website","url":"https:\/\/www.sestogrado.it\/it\/","name":"Sestogrado","description":"yes we climb","publisher":{"@id":"https:\/\/www.sestogrado.it\/it\/#organization"},"potentialAction":[{"@type":"SearchAction","target":{"@type":"EntryPoint","urlTemplate":"https:\/\/www.sestogrado.it\/it\/?s={search_term_string}"},"query-input":{"@type":"PropertyValueSpecification","valueRequired":true,"valueName":"search_term_string"}}],"inLanguage":"it-IT"},{"@type":"Organization","@id":"https:\/\/www.sestogrado.it\/it\/#organization","name":"Sestogrado","url":"https:\/\/www.sestogrado.it\/it\/","logo":{"@type":"ImageObject","inLanguage":"it-IT","@id":"https:\/\/www.sestogrado.it\/it\/#\/schema\/logo\/image\/","url":"https:\/\/www.sestogrado.it\/wp-content\/uploads\/2015\/03\/sestogrado-favicon.png","contentUrl":"https:\/\/www.sestogrado.it\/wp-content\/uploads\/2015\/03\/sestogrado-favicon.png","width":260,"height":260,"caption":"Sestogrado"},"image":{"@id":"https:\/\/www.sestogrado.it\/it\/#\/schema\/logo\/image\/"},"sameAs":["https:\/\/www.facebook.com\/pages\/Sestogrado\/1542635979353017?ref=bookmarks","https:\/\/www.youtube.com\/channel\/UC847kAfTkaJsWpc1jtQwr3Q"],"hasMerchantReturnPolicy":{"@type":"MerchantReturnPolicy","merchantReturnLink":"https:\/\/www.sestogrado.it\/it\/termini-e-condizioni\/"}}]},"product_brand":"Leki","og_availability":"instock","product_availability":"instock","product_condition":"new"},"_links":{"self":[{"href":"https:\/\/www.sestogrado.it\/it\/wp-json\/wp\/v2\/product\/154709","targetHints":{"allow":["GET"]}}],"collection":[{"href":"https:\/\/www.sestogrado.it\/it\/wp-json\/wp\/v2\/product"}],"about":[{"href":"https:\/\/www.sestogrado.it\/it\/wp-json\/wp\/v2\/types\/product"}],"replies":[{"embeddable":true,"href":"https:\/\/www.sestogrado.it\/it\/wp-json\/wp\/v2\/comments?post=154709"}],"wp:featuredmedia":[{"embeddable":true,"href":"https:\/\/www.sestogrado.it\/it\/wp-json\/wp\/v2\/media\/155025"}],"wp:attachment":[{"href":"https:\/\/www.sestogrado.it\/it\/wp-json\/wp\/v2\/media?parent=154709"}],"wp:term":[{"taxonomy":"product_brand","embeddable":true,"href":"https:\/\/www.sestogrado.it\/it\/wp-json\/wp\/v2\/product_brand?post=154709"},{"taxonomy":"product_cat","embeddable":true,"href":"https:\/\/www.sestogrado.it\/it\/wp-json\/wp\/v2\/product_cat?post=154709"},{"taxonomy":"product_tag","embeddable":true,"href":"https:\/\/www.sestogrado.it\/it\/wp-json\/wp\/v2\/product_tag?post=154709"}],"curies":[{"name":"wp","href":"https:\/\/api.w.org\/{rel}","templated":true}]}}