{"id":154332,"date":"2024-01-29T14:10:46","date_gmt":"2024-01-29T13:10:46","guid":{"rendered":"https:\/\/www.sestogrado.it\/?post_type=product&#038;p=154332"},"modified":"2026-03-22T22:44:31","modified_gmt":"2026-03-22T21:44:31","slug":"petzl-ice-lama-ice-climbing-e-misto","status":"publish","type":"product","link":"https:\/\/www.sestogrado.it\/it\/prodotto\/petzl-ice-lama-ice-climbing-e-misto\/","title":{"rendered":"Petzl Ice lama ice climbing e misto"},"content":{"rendered":"<p>La lama ICE \u00e8 una lama ultra polivalente progettata per l&#8217;ice-climbing. Affinata all&#8217;estremit\u00e0 (3,3 mm), penetra facilmente nei ghiacci pi\u00f9 freddi. La sua geometria garantisce stabili agganci e facili estrazioni su ghiaccio e su roccia.<\/p>\n<ul>\n<li>Compatibile con le piccozze SUM&#8217;TEC, QUARK, NOMIC e ERGONOMIC.<\/li>\n<li>Tipo di lama: 2<\/li>\n<li>Materiali: acciaio Lama di 4 mm con punta affilata di 3,3 mm<\/li>\n<li>Certificazione(i): CE, UIAA<\/li>\n<\/ul>\n<p>&nbsp;<\/p>\n<p>L&#8217;avventura Petzl \u00e8 iniziata con la passione di Fernand Petzl per la speleologia, passione al servizio della quale ha saputo mettere il suo talento di artigiano. Ne \u00e8 nata una competenza per la progettazione e la realizzazione di soluzioni per salire, calarsi, assicurarsi e avanzare nell&#8217;oscurit\u00e0. Nel 1970, i primi prodotti marcati &#8220;Fernand Petzl&#8221; sono realizzati nel laboratorio di Saint-Nazaire-les-Eymes (Is\u00e8re, Francia). Da allora, l&#8217;azienda Petzl, creata nel 1975, \u00e8 riuscita a crescere e diventare un gruppo internazionale, conservando una dimensione familiare e la passione che animava Fernand Petzl.<\/p>","protected":false},"excerpt":{"rendered":"<p>La lama ICE \u00e8 una lama ultra polivalente progettata per l&#8217;ice-climbing. Affinata all&#8217;estremit\u00e0 (3,3 mm), penetra facilmente nei ghiacci pi\u00f9 [&hellip;]<\/p>\n","protected":false},"featured_media":154336,"comment_status":"open","ping_status":"closed","template":"","meta":{"_acf_changed":false},"product_brand":[50],"product_cat":[514],"product_tag":[513],"class_list":{"0":"post-154332","1":"product","2":"type-product","3":"status-publish","4":"has-post-thumbnail","6":"product_brand-petzl","7":"product_cat-ricambi","8":"product_tag-ricambi-piccozza","10":"first","11":"instock","12":"sale","13":"taxable","14":"shipping-taxable","15":"purchasable","16":"product-type-simple"},"acf":[],"yoast_head":"<!-- This site is optimized with the Yoast SEO plugin v26.4 - https:\/\/yoast.com\/wordpress\/plugins\/seo\/ -->\n<title>Petzl Ice lama ice climbing e misto - Sestogrado<\/title>\n<meta name=\"description\" content=\"La lama ICE \u00e8 una lama ultra polivalente progettata per l&#039;ice-climbing. Affinata all&#039;estremit\u00e0 (3,3 mm), penetra facilmente nei ghiacci pi\u00f9 freddi. La sua geometria garantisce stabili agganci e facili estrazioni su ghiaccio e su roccia.Compatibile con le piccozze SUM&#039;TEC, QUARK, NOMIC e ERGONOMIC.Tipo di lama: 2Materiali: acciaio Lama di 4 mm con punta affilata di 3,3 mmCertificazione(i): CE, UIAA\" \/>\n<meta name=\"robots\" content=\"index, follow, max-snippet:-1, max-image-preview:large, max-video-preview:-1\" \/>\n<link rel=\"canonical\" href=\"https:\/\/www.sestogrado.it\/it\/prodotto\/petzl-ice-lama-ice-climbing-e-misto\/\" \/>\n<meta property=\"og:locale\" content=\"it_IT\" \/>\n<meta property=\"og:type\" content=\"article\" \/>\n<meta property=\"og:title\" content=\"Petzl Ice lama ice climbing e misto - Sestogrado\" \/>\n<meta property=\"og:description\" content=\"La lama ICE \u00e8 una lama ultra polivalente progettata per l&#039;ice-climbing. Affinata all&#039;estremit\u00e0 (3,3 mm), penetra facilmente nei ghiacci pi\u00f9 freddi. La sua geometria garantisce stabili agganci e facili estrazioni su ghiaccio e su roccia.Compatibile con le piccozze SUM&#039;TEC, QUARK, NOMIC e ERGONOMIC.Tipo di lama: 2Materiali: acciaio Lama di 4 mm con punta affilata di 3,3 mmCertificazione(i): CE, UIAA\" \/>\n<meta property=\"og:url\" content=\"https:\/\/www.sestogrado.it\/it\/prodotto\/petzl-ice-lama-ice-climbing-e-misto\/\" \/>\n<meta property=\"og:site_name\" content=\"Sestogrado\" \/>\n<meta property=\"article:publisher\" content=\"https:\/\/www.facebook.com\/pages\/Sestogrado\/1542635979353017?ref=bookmarks\" \/>\n<meta property=\"article:modified_time\" content=\"2026-03-22T21:44:31+00:00\" \/>\n<meta property=\"og:image\" content=\"https:\/\/www.sestogrado.it\/wp-content\/uploads\/2024\/01\/U19-ICE_LowRes.jpeg\" \/>\n\t<meta property=\"og:image:width\" content=\"924\" \/>\n\t<meta property=\"og:image:height\" content=\"924\" \/>\n\t<meta property=\"og:image:type\" content=\"image\/jpeg\" \/>\n<meta name=\"twitter:label1\" content=\"Prezzo\" \/>\n\t<meta name=\"twitter:data1\" content=\"&euro;&nbsp;45,00\" \/>\n\t<meta name=\"twitter:label2\" content=\"Disponibilit\u00e0\" \/>\n\t<meta name=\"twitter:data2\" content=\"In stock\" \/>\n<script type=\"application\/ld+json\" class=\"yoast-schema-graph\">{\"@context\":\"https:\/\/schema.org\",\"@graph\":[{\"@type\":\"WebPage\",\"@id\":\"https:\/\/www.sestogrado.it\/it\/prodotto\/petzl-ice-lama-ice-climbing-e-misto\/\",\"url\":\"https:\/\/www.sestogrado.it\/it\/prodotto\/petzl-ice-lama-ice-climbing-e-misto\/\",\"name\":\"Petzl Ice lama ice climbing e misto - Sestogrado\",\"isPartOf\":{\"@id\":\"https:\/\/www.sestogrado.it\/it\/#website\"},\"primaryImageOfPage\":{\"@id\":\"https:\/\/www.sestogrado.it\/it\/prodotto\/petzl-ice-lama-ice-climbing-e-misto\/#primaryimage\"},\"image\":{\"@id\":\"https:\/\/www.sestogrado.it\/prodotto\/petzl-ice-lama-ice-climbing-e-misto\/#primaryimage\"},\"thumbnailUrl\":\"https:\/\/www.sestogrado.it\/wp-content\/uploads\/2024\/01\/U19-ICE_LowRes.jpeg\",\"datePublished\":\"2024-01-29T13:10:46+00:00\",\"dateModified\":\"2026-03-22T21:44:31+00:00\",\"description\":\"La lama ICE \u00e8 una lama ultra polivalente progettata per l'ice-climbing. Affinata all'estremit\u00e0 (3,3 mm), penetra facilmente nei ghiacci pi\u00f9 freddi. La sua geometria garantisce stabili agganci e facili estrazioni su ghiaccio e su roccia.Compatibile con le piccozze SUM'TEC, QUARK, NOMIC e ERGONOMIC.Tipo di lama: 2Materiali: acciaio Lama di 4 mm con punta affilata di 3,3 mmCertificazione(i): CE, UIAA\",\"breadcrumb\":{\"@id\":\"https:\/\/www.sestogrado.it\/it\/prodotto\/petzl-ice-lama-ice-climbing-e-misto\/#breadcrumb\"},\"inLanguage\":\"it-IT\",\"potentialAction\":[{\"@type\":\"ReadAction\",\"target\":[[\"https:\/\/www.sestogrado.it\/it\/prodotto\/petzl-ice-lama-ice-climbing-e-misto\/\"]]}]},{\"@type\":\"ImageObject\",\"inLanguage\":\"it-IT\",\"@id\":\"https:\/\/www.sestogrado.it\/it\/prodotto\/petzl-ice-lama-ice-climbing-e-misto\/#primaryimage\",\"url\":\"https:\/\/www.sestogrado.it\/wp-content\/uploads\/2024\/01\/U19-ICE_LowRes.jpeg\",\"contentUrl\":\"https:\/\/www.sestogrado.it\/wp-content\/uploads\/2024\/01\/U19-ICE_LowRes.jpeg\",\"width\":924,\"height\":924,\"caption\":\"petzl lama ice\"},{\"@type\":\"BreadcrumbList\",\"@id\":\"https:\/\/www.sestogrado.it\/it\/prodotto\/petzl-ice-lama-ice-climbing-e-misto\/#breadcrumb\",\"itemListElement\":[{\"@type\":\"ListItem\",\"position\":1,\"name\":\"Home\",\"item\":\"https:\/\/www.sestogrado.it\/it\/\"},{\"@type\":\"ListItem\",\"position\":2,\"name\":\"Shop\",\"item\":\"https:\/\/www.sestogrado.it\/it\/shop\/\"},{\"@type\":\"ListItem\",\"position\":3,\"name\":\"Petzl Ice lama ice climbing e misto\"}]},{\"@type\":\"WebSite\",\"@id\":\"https:\/\/www.sestogrado.it\/it\/#website\",\"url\":\"https:\/\/www.sestogrado.it\/it\/\",\"name\":\"Sestogrado\",\"description\":\"yes we climb\",\"publisher\":{\"@id\":\"https:\/\/www.sestogrado.it\/it\/#organization\"},\"potentialAction\":[{\"@type\":\"SearchAction\",\"target\":{\"@type\":\"EntryPoint\",\"urlTemplate\":\"https:\/\/www.sestogrado.it\/it\/?s={search_term_string}\"},\"query-input\":{\"@type\":\"PropertyValueSpecification\",\"valueRequired\":true,\"valueName\":\"search_term_string\"}}],\"inLanguage\":\"it-IT\"},{\"@type\":\"Organization\",\"@id\":\"https:\/\/www.sestogrado.it\/it\/#organization\",\"name\":\"Sestogrado\",\"url\":\"https:\/\/www.sestogrado.it\/it\/\",\"logo\":{\"@type\":\"ImageObject\",\"inLanguage\":\"it-IT\",\"@id\":\"https:\/\/www.sestogrado.it\/it\/#\/schema\/logo\/image\/\",\"url\":\"https:\/\/www.sestogrado.it\/wp-content\/uploads\/2015\/03\/sestogrado-favicon.png\",\"contentUrl\":\"https:\/\/www.sestogrado.it\/wp-content\/uploads\/2015\/03\/sestogrado-favicon.png\",\"width\":260,\"height\":260,\"caption\":\"Sestogrado\"},\"image\":{\"@id\":\"https:\/\/www.sestogrado.it\/it\/#\/schema\/logo\/image\/\"},\"sameAs\":[\"https:\/\/www.facebook.com\/pages\/Sestogrado\/1542635979353017?ref=bookmarks\",\"https:\/\/www.youtube.com\/channel\/UC847kAfTkaJsWpc1jtQwr3Q\"],\"hasMerchantReturnPolicy\":{\"@type\":\"MerchantReturnPolicy\",\"merchantReturnLink\":\"https:\/\/www.sestogrado.it\/it\/termini-e-condizioni\/\"}}]}<\/script>\n<meta property=\"product:brand\" content=\"Petzl\" \/>\n<meta property=\"product:price:amount\" content=\"45.00\" \/>\n<meta property=\"product:price:currency\" content=\"EUR\" \/>\n<meta property=\"og:availability\" content=\"instock\" \/>\n<meta property=\"product:availability\" content=\"instock\" \/>\n<meta property=\"product:condition\" content=\"new\" \/>\n<!-- \/ Yoast SEO plugin. -->","yoast_head_json":{"title":"Petzl Ice lama ice climbing e misto - Sestogrado","description":"La lama ICE \u00e8 una lama ultra polivalente progettata per l'ice-climbing. Affinata all'estremit\u00e0 (3,3 mm), penetra facilmente nei ghiacci pi\u00f9 freddi. La sua geometria garantisce stabili agganci e facili estrazioni su ghiaccio e su roccia.Compatibile con le piccozze SUM'TEC, QUARK, NOMIC e ERGONOMIC.Tipo di lama: 2Materiali: acciaio Lama di 4 mm con punta affilata di 3,3 mmCertificazione(i): CE, UIAA","robots":{"index":"index","follow":"follow","max-snippet":"max-snippet:-1","max-image-preview":"max-image-preview:large","max-video-preview":"max-video-preview:-1"},"canonical":"https:\/\/www.sestogrado.it\/it\/prodotto\/petzl-ice-lama-ice-climbing-e-misto\/","og_locale":"it_IT","og_type":"article","og_title":"Petzl Ice lama ice climbing e misto - Sestogrado","og_description":"La lama ICE \u00e8 una lama ultra polivalente progettata per l'ice-climbing. Affinata all'estremit\u00e0 (3,3 mm), penetra facilmente nei ghiacci pi\u00f9 freddi. La sua geometria garantisce stabili agganci e facili estrazioni su ghiaccio e su roccia.Compatibile con le piccozze SUM'TEC, QUARK, NOMIC e ERGONOMIC.Tipo di lama: 2Materiali: acciaio Lama di 4 mm con punta affilata di 3,3 mmCertificazione(i): CE, UIAA","og_url":"https:\/\/www.sestogrado.it\/it\/prodotto\/petzl-ice-lama-ice-climbing-e-misto\/","og_site_name":"Sestogrado","article_publisher":"https:\/\/www.facebook.com\/pages\/Sestogrado\/1542635979353017?ref=bookmarks","article_modified_time":"2026-03-22T21:44:31+00:00","og_image":[{"width":924,"height":924,"url":"https:\/\/www.sestogrado.it\/wp-content\/uploads\/2024\/01\/U19-ICE_LowRes.jpeg","type":"image\/jpeg"}],"twitter_misc":{"Prezzo":"&euro;&nbsp;45,00","Disponibilit\u00e0":"In stock"},"schema":{"@context":"https:\/\/schema.org","@graph":[{"@type":"WebPage","@id":"https:\/\/www.sestogrado.it\/it\/prodotto\/petzl-ice-lama-ice-climbing-e-misto\/","url":"https:\/\/www.sestogrado.it\/it\/prodotto\/petzl-ice-lama-ice-climbing-e-misto\/","name":"Petzl Ice lama ice climbing e misto - Sestogrado","isPartOf":{"@id":"https:\/\/www.sestogrado.it\/it\/#website"},"primaryImageOfPage":{"@id":"https:\/\/www.sestogrado.it\/it\/prodotto\/petzl-ice-lama-ice-climbing-e-misto\/#primaryimage"},"image":{"@id":"https:\/\/www.sestogrado.it\/prodotto\/petzl-ice-lama-ice-climbing-e-misto\/#primaryimage"},"thumbnailUrl":"https:\/\/www.sestogrado.it\/wp-content\/uploads\/2024\/01\/U19-ICE_LowRes.jpeg","datePublished":"2024-01-29T13:10:46+00:00","dateModified":"2026-03-22T21:44:31+00:00","description":"La lama ICE \u00e8 una lama ultra polivalente progettata per l'ice-climbing. Affinata all'estremit\u00e0 (3,3 mm), penetra facilmente nei ghiacci pi\u00f9 freddi. La sua geometria garantisce stabili agganci e facili estrazioni su ghiaccio e su roccia.Compatibile con le piccozze SUM'TEC, QUARK, NOMIC e ERGONOMIC.Tipo di lama: 2Materiali: acciaio Lama di 4 mm con punta affilata di 3,3 mmCertificazione(i): CE, UIAA","breadcrumb":{"@id":"https:\/\/www.sestogrado.it\/it\/prodotto\/petzl-ice-lama-ice-climbing-e-misto\/#breadcrumb"},"inLanguage":"it-IT","potentialAction":[{"@type":"ReadAction","target":[["https:\/\/www.sestogrado.it\/it\/prodotto\/petzl-ice-lama-ice-climbing-e-misto\/"]]}]},{"@type":"ImageObject","inLanguage":"it-IT","@id":"https:\/\/www.sestogrado.it\/it\/prodotto\/petzl-ice-lama-ice-climbing-e-misto\/#primaryimage","url":"https:\/\/www.sestogrado.it\/wp-content\/uploads\/2024\/01\/U19-ICE_LowRes.jpeg","contentUrl":"https:\/\/www.sestogrado.it\/wp-content\/uploads\/2024\/01\/U19-ICE_LowRes.jpeg","width":924,"height":924,"caption":"petzl lama ice"},{"@type":"BreadcrumbList","@id":"https:\/\/www.sestogrado.it\/it\/prodotto\/petzl-ice-lama-ice-climbing-e-misto\/#breadcrumb","itemListElement":[{"@type":"ListItem","position":1,"name":"Home","item":"https:\/\/www.sestogrado.it\/it\/"},{"@type":"ListItem","position":2,"name":"Shop","item":"https:\/\/www.sestogrado.it\/it\/shop\/"},{"@type":"ListItem","position":3,"name":"Petzl Ice lama ice climbing e misto"}]},{"@type":"WebSite","@id":"https:\/\/www.sestogrado.it\/it\/#website","url":"https:\/\/www.sestogrado.it\/it\/","name":"Sestogrado","description":"yes we climb","publisher":{"@id":"https:\/\/www.sestogrado.it\/it\/#organization"},"potentialAction":[{"@type":"SearchAction","target":{"@type":"EntryPoint","urlTemplate":"https:\/\/www.sestogrado.it\/it\/?s={search_term_string}"},"query-input":{"@type":"PropertyValueSpecification","valueRequired":true,"valueName":"search_term_string"}}],"inLanguage":"it-IT"},{"@type":"Organization","@id":"https:\/\/www.sestogrado.it\/it\/#organization","name":"Sestogrado","url":"https:\/\/www.sestogrado.it\/it\/","logo":{"@type":"ImageObject","inLanguage":"it-IT","@id":"https:\/\/www.sestogrado.it\/it\/#\/schema\/logo\/image\/","url":"https:\/\/www.sestogrado.it\/wp-content\/uploads\/2015\/03\/sestogrado-favicon.png","contentUrl":"https:\/\/www.sestogrado.it\/wp-content\/uploads\/2015\/03\/sestogrado-favicon.png","width":260,"height":260,"caption":"Sestogrado"},"image":{"@id":"https:\/\/www.sestogrado.it\/it\/#\/schema\/logo\/image\/"},"sameAs":["https:\/\/www.facebook.com\/pages\/Sestogrado\/1542635979353017?ref=bookmarks","https:\/\/www.youtube.com\/channel\/UC847kAfTkaJsWpc1jtQwr3Q"],"hasMerchantReturnPolicy":{"@type":"MerchantReturnPolicy","merchantReturnLink":"https:\/\/www.sestogrado.it\/it\/termini-e-condizioni\/"}}]},"product_brand":"Petzl","product_price_amount":"45.00","product_price_currency":"EUR","og_availability":"instock","product_availability":"instock","product_condition":"new"},"_links":{"self":[{"href":"https:\/\/www.sestogrado.it\/it\/wp-json\/wp\/v2\/product\/154332","targetHints":{"allow":["GET"]}}],"collection":[{"href":"https:\/\/www.sestogrado.it\/it\/wp-json\/wp\/v2\/product"}],"about":[{"href":"https:\/\/www.sestogrado.it\/it\/wp-json\/wp\/v2\/types\/product"}],"replies":[{"embeddable":true,"href":"https:\/\/www.sestogrado.it\/it\/wp-json\/wp\/v2\/comments?post=154332"}],"wp:featuredmedia":[{"embeddable":true,"href":"https:\/\/www.sestogrado.it\/it\/wp-json\/wp\/v2\/media\/154336"}],"wp:attachment":[{"href":"https:\/\/www.sestogrado.it\/it\/wp-json\/wp\/v2\/media?parent=154332"}],"wp:term":[{"taxonomy":"product_brand","embeddable":true,"href":"https:\/\/www.sestogrado.it\/it\/wp-json\/wp\/v2\/product_brand?post=154332"},{"taxonomy":"product_cat","embeddable":true,"href":"https:\/\/www.sestogrado.it\/it\/wp-json\/wp\/v2\/product_cat?post=154332"},{"taxonomy":"product_tag","embeddable":true,"href":"https:\/\/www.sestogrado.it\/it\/wp-json\/wp\/v2\/product_tag?post=154332"}],"curies":[{"name":"wp","href":"https:\/\/api.w.org\/{rel}","templated":true}]}}