{"id":153441,"date":"2024-01-18T14:46:13","date_gmt":"2024-01-18T13:46:13","guid":{"rendered":"https:\/\/www.sestogrado.it\/?post_type=product&#038;p=153441"},"modified":"2026-04-02T14:02:57","modified_gmt":"2026-04-02T12:02:57","slug":"pieps-set-pro-bt-artva-pala-e-sonda","status":"publish","type":"product","link":"https:\/\/www.sestogrado.it\/it\/prodotto\/pieps-set-pro-bt-artva-pala-e-sonda\/","title":{"rendered":"Pieps Set Pro BT artva pala e sonda"},"content":{"rendered":"<p>Il PIEPS SET Pro BT comprende l&#8217;apparecchio di ricerca in valanga <a href=\"https:\/\/www.sestogrado.it\/it\/prodotto\/pieps-pro-bt-artva-digitale-tre-antenne\/\" target=\"_blank\" rel=\"noopener\">PRO BT<\/a>, la pala da valanga C660 e la sonda ALU 260 SPORT.<\/p>\n<p>Il PIEPS PRO BT \u00e8 il supporto perfetto per tutti i professionisti degli sport di montagna.<\/p>\n<p>I dispositivi PIEPS della serie Pro sono rivolti a tutti gli specialisti degli sport di montagna. Le innovazioni rivoluzionarie sono le prime ad essere introdotte in questa serie e convincono, tra l&#8217;altro, per l&#8217;estesa configurabilit\u00e0, la migliore durata della batteria e le esclusive funzioni di formazione e manutenzione per guide alpine e soccorritori alpini.<\/p>\n<p>La pala PIEPS SHOVEL C660 con manico telescopico e impugnatura a C \u00e8 la pala perfetta per un efficace soccorso in compagnia. La pala garantisce leggerezza e massima stabilit\u00e0.<\/p>\n<p>La nuova pala PIEPS ALU SPORT \u00e8 una pala semplice e facile da utilizzare. La sonda pu\u00f2 essere fissata in modo compatto con l&#8217;aiuto della fibbia di chiusura elastica. La chiusura a sgancio rapido blocca la sonda in posizione.<\/p>\n<p>Pieps Pro BT \u00e8 un&#8217;ARTVA perfetta per tutti i professionisti dello sport di montagna, dotato di tre antenne e di svariate opzioni, questo ARTVA sar\u00e0 perfetto per chi cerca un apparecchio che offre massimo supporto. Questo dispositivo \u00e8 molto semplice da utilizzare e funziona sia in ricerca che in trasmissione con una durata massima di batteria che arriva fino a 600 h in modalit\u00e0 trasmissione.<\/p>\n<ul>\n<li>offre una distanza di ricerca di 60 metri e anche un range massimo di 60 metri<\/li>\n<li>autotest completo: verifica di tutti gli elementi hardware e software rilevanti e visualizzazione della versione corrente del software<\/li>\n<li>display leggibile molto bene in tutte le condizioni di luce<\/li>\n<li>Auto Antenna Switch: nel caso in cui l&#8217;antenna trasmittente risulta avere un segnale disturbato, la trasmissione passa automaticamente alla seconda antenna (tre in totale)<\/li>\n<li>Auto Search To Send: se il dispositivo non rileva nessun movimento per un minuto, passa automaticamente dalla modalit\u00e0 ricerca a quella di trasmissione<\/li>\n<li>iProbe Support: Il PIEPS PRO BT pu\u00f2 essere temporaneamente disattivate dall&#8217;intelligente sonda iProbe<\/li>\n<li>Group Check: verifica attivit\u00e0 e frequenza dell&#8217;apparecchio altrui<\/li>\n<li>funzione SCAN che permette di visualizzare tutti gli apparecchi ARTVA in trasmissione all&#8217;interno dell&#8217;area di ricezione<\/li>\n<li>modalit\u00e0 analogia per ricerche speciali<\/li>\n<li>inclinometro integrato tridimensionale: permette di misurare in maniera precisa l&#8217;inclinazione del pendio<\/li>\n<li>porta ARTVA a tracolla inlcuso<\/li>\n<\/ul>\n<p>Pieps Pro BT :<\/p>\n<ul>\n<li>Portata massima: 60 m<\/li>\n<li>Peso: 230 g<\/li>\n<li>Intervallo di temperatura: -20\u00b0C &#8211; +45\u00b0C<\/li>\n<\/ul>\n<p>PALA PIEPS C660:<\/p>\n<ul>\n<li>Peso della pala: 310 g<\/li>\n<li>Lunghezza del manico: 68 cm<\/li>\n<li>Peso: 640 g<\/li>\n<li>Lama della pala: 28,5 cm x 21,5 cm x 6 cm<\/li>\n<\/ul>\n<p>SONDA ALU 260 SPORT<\/p>\n<ul>\n<li>6 tubi<\/li>\n<li>Diametro del tubo: 12,5 mm<\/li>\n<li>Lunghezza: 260 cm<\/li>\n<li>Peso: 295 g<\/li>\n<\/ul>\n<p>&nbsp;<\/p>\n<p>L&#8217;azienda austriaca PIEPS GmbH \u00e8 il leader tecnologico mondiale nella produzione di ricetrasmettitori da valanga. Dal 1972 l&#8217;azienda sviluppa, produce e vende prodotti per la sicurezza alpina sulla neve. La base del successo \u00e8 la stretta collaborazione di utenti e tecnici alpini nel nostro dipartimento interno di ricerca e sviluppo e nel centro di produzione di competenza a Lebring \/ Austria.<\/p>","protected":false},"excerpt":{"rendered":"<p>Il PIEPS SET Pro BT comprende l&#8217;apparecchio di ricerca in valanga PRO BT, la pala da valanga C660 e la [&hellip;]<\/p>\n","protected":false},"featured_media":153447,"comment_status":"open","ping_status":"closed","template":"","meta":{"_acf_changed":false},"product_brand":[722],"product_cat":[1399],"product_tag":[],"class_list":{"0":"post-153441","1":"product","2":"type-product","3":"status-publish","4":"has-post-thumbnail","6":"product_brand-pieps","7":"product_cat-artva","9":"first","10":"instock","11":"sale","12":"taxable","13":"shipping-taxable","14":"purchasable","15":"product-type-simple"},"acf":[],"yoast_head":"<!-- This site is optimized with the Yoast SEO plugin v26.4 - https:\/\/yoast.com\/wordpress\/plugins\/seo\/ -->\n<title>Pieps Set Pro BT artva pala e sonda - Sestogrado<\/title>\n<meta name=\"description\" content=\"Il PIEPS SET Pro BT comprende l&#039;apparecchio di ricerca in valanga PRO BT, la pala da valanga C660 e la sonda ALU 260 SPORT.Il PIEPS PRO BT \u00e8 il supporto perfetto per tutti i professionisti degli sport di montagna.I dispositivi PIEPS della serie Pro sono rivolti a tutti gli specialisti degli sport di montagna. Le innovazioni rivoluzionarie sono le prime ad essere introdotte in questa serie e convincono, tra l&#039;altro, per l&#039;estesa configurabilit\u00e0, la migliore durata della batteria e le esclusive funzioni di formazione e manutenzione per guide alpine e soccorritori alpini.La pala PIEPS SHOVEL C660 con manico telescopico e impugnatura a C \u00e8 la pala perfetta per un efficace soccorso in compagnia. La pala garantisce leggerezza e massima stabilit\u00e0.La nuova pala PIEPS ALU SPORT \u00e8 una pala semplice e facile da utilizzare. La sonda pu\u00f2 essere fissata in modo compatto con l&#039;aiuto della fibbia di chiusura elastica. La chiusura a sgancio rapido blocca la sonda in posizione.Pieps Pro BT \u00e8 un&#039;ARTVA perfetta per tutti i professionisti dello sport di montagna, dotato di tre antenne e di svariate opzioni, questo ARTVA sar\u00e0 perfetto per chi cerca un apparecchio che offre massimo supporto. Questo dispositivo \u00e8 molto semplice da utilizzare e funziona sia in ricerca che in trasmissione con una durata massima di batteria che arriva fino a 600 h in modalit\u00e0 trasmissione.\" \/>\n<meta name=\"robots\" content=\"index, follow, max-snippet:-1, max-image-preview:large, max-video-preview:-1\" \/>\n<link rel=\"canonical\" href=\"https:\/\/www.sestogrado.it\/it\/prodotto\/pieps-set-pro-bt-artva-pala-e-sonda\/\" \/>\n<meta property=\"og:locale\" content=\"it_IT\" \/>\n<meta property=\"og:type\" content=\"article\" \/>\n<meta property=\"og:title\" content=\"Pieps Set Pro BT artva pala e sonda - Sestogrado\" \/>\n<meta property=\"og:description\" content=\"Il PIEPS SET Pro BT comprende l&#039;apparecchio di ricerca in valanga PRO BT, la pala da valanga C660 e la sonda ALU 260 SPORT.Il PIEPS PRO BT \u00e8 il supporto perfetto per tutti i professionisti degli sport di montagna.I dispositivi PIEPS della serie Pro sono rivolti a tutti gli specialisti degli sport di montagna. Le innovazioni rivoluzionarie sono le prime ad essere introdotte in questa serie e convincono, tra l&#039;altro, per l&#039;estesa configurabilit\u00e0, la migliore durata della batteria e le esclusive funzioni di formazione e manutenzione per guide alpine e soccorritori alpini.La pala PIEPS SHOVEL C660 con manico telescopico e impugnatura a C \u00e8 la pala perfetta per un efficace soccorso in compagnia. La pala garantisce leggerezza e massima stabilit\u00e0.La nuova pala PIEPS ALU SPORT \u00e8 una pala semplice e facile da utilizzare. La sonda pu\u00f2 essere fissata in modo compatto con l&#039;aiuto della fibbia di chiusura elastica. La chiusura a sgancio rapido blocca la sonda in posizione.Pieps Pro BT \u00e8 un&#039;ARTVA perfetta per tutti i professionisti dello sport di montagna, dotato di tre antenne e di svariate opzioni, questo ARTVA sar\u00e0 perfetto per chi cerca un apparecchio che offre massimo supporto. Questo dispositivo \u00e8 molto semplice da utilizzare e funziona sia in ricerca che in trasmissione con una durata massima di batteria che arriva fino a 600 h in modalit\u00e0 trasmissione.\" \/>\n<meta property=\"og:url\" content=\"https:\/\/www.sestogrado.it\/it\/prodotto\/pieps-set-pro-bt-artva-pala-e-sonda\/\" \/>\n<meta property=\"og:site_name\" content=\"Sestogrado\" \/>\n<meta property=\"article:publisher\" content=\"https:\/\/www.facebook.com\/pages\/Sestogrado\/1542635979353017?ref=bookmarks\" \/>\n<meta property=\"article:modified_time\" content=\"2026-04-02T12:02:57+00:00\" \/>\n<meta property=\"og:image\" content=\"https:\/\/www.sestogrado.it\/wp-content\/uploads\/2024\/01\/01-bb.jpg\" \/>\n\t<meta property=\"og:image:width\" content=\"1400\" \/>\n\t<meta property=\"og:image:height\" content=\"1400\" \/>\n\t<meta property=\"og:image:type\" content=\"image\/jpeg\" \/>\n<meta name=\"twitter:label1\" content=\"Prezzo\" \/>\n\t<meta name=\"twitter:data1\" content=\"&euro;&nbsp;409,00\" \/>\n\t<meta name=\"twitter:label2\" content=\"Disponibilit\u00e0\" \/>\n\t<meta name=\"twitter:data2\" content=\"In stock\" \/>\n<script type=\"application\/ld+json\" class=\"yoast-schema-graph\">{\"@context\":\"https:\/\/schema.org\",\"@graph\":[{\"@type\":\"WebPage\",\"@id\":\"https:\/\/www.sestogrado.it\/it\/prodotto\/pieps-set-pro-bt-artva-pala-e-sonda\/\",\"url\":\"https:\/\/www.sestogrado.it\/it\/prodotto\/pieps-set-pro-bt-artva-pala-e-sonda\/\",\"name\":\"Pieps Set Pro BT artva pala e sonda - Sestogrado\",\"isPartOf\":{\"@id\":\"https:\/\/www.sestogrado.it\/it\/#website\"},\"primaryImageOfPage\":{\"@id\":\"https:\/\/www.sestogrado.it\/it\/prodotto\/pieps-set-pro-bt-artva-pala-e-sonda\/#primaryimage\"},\"image\":{\"@id\":\"https:\/\/www.sestogrado.it\/prodotto\/pieps-set-pro-bt-artva-pala-e-sonda\/#primaryimage\"},\"thumbnailUrl\":\"https:\/\/www.sestogrado.it\/wp-content\/uploads\/2024\/01\/01-bb.jpg\",\"datePublished\":\"2024-01-18T13:46:13+00:00\",\"dateModified\":\"2026-04-02T12:02:57+00:00\",\"description\":\"Il PIEPS SET Pro BT comprende l'apparecchio di ricerca in valanga PRO BT, la pala da valanga C660 e la sonda ALU 260 SPORT.Il PIEPS PRO BT \u00e8 il supporto perfetto per tutti i professionisti degli sport di montagna.I dispositivi PIEPS della serie Pro sono rivolti a tutti gli specialisti degli sport di montagna. Le innovazioni rivoluzionarie sono le prime ad essere introdotte in questa serie e convincono, tra l'altro, per l'estesa configurabilit\u00e0, la migliore durata della batteria e le esclusive funzioni di formazione e manutenzione per guide alpine e soccorritori alpini.La pala PIEPS SHOVEL C660 con manico telescopico e impugnatura a C \u00e8 la pala perfetta per un efficace soccorso in compagnia. La pala garantisce leggerezza e massima stabilit\u00e0.La nuova pala PIEPS ALU SPORT \u00e8 una pala semplice e facile da utilizzare. La sonda pu\u00f2 essere fissata in modo compatto con l'aiuto della fibbia di chiusura elastica. La chiusura a sgancio rapido blocca la sonda in posizione.Pieps Pro BT \u00e8 un'ARTVA perfetta per tutti i professionisti dello sport di montagna, dotato di tre antenne e di svariate opzioni, questo ARTVA sar\u00e0 perfetto per chi cerca un apparecchio che offre massimo supporto. Questo dispositivo \u00e8 molto semplice da utilizzare e funziona sia in ricerca che in trasmissione con una durata massima di batteria che arriva fino a 600 h in modalit\u00e0 trasmissione.\",\"breadcrumb\":{\"@id\":\"https:\/\/www.sestogrado.it\/it\/prodotto\/pieps-set-pro-bt-artva-pala-e-sonda\/#breadcrumb\"},\"inLanguage\":\"it-IT\",\"potentialAction\":[{\"@type\":\"ReadAction\",\"target\":[[\"https:\/\/www.sestogrado.it\/it\/prodotto\/pieps-set-pro-bt-artva-pala-e-sonda\/\"]]}]},{\"@type\":\"ImageObject\",\"inLanguage\":\"it-IT\",\"@id\":\"https:\/\/www.sestogrado.it\/it\/prodotto\/pieps-set-pro-bt-artva-pala-e-sonda\/#primaryimage\",\"url\":\"https:\/\/www.sestogrado.it\/wp-content\/uploads\/2024\/01\/01-bb.jpg\",\"contentUrl\":\"https:\/\/www.sestogrado.it\/wp-content\/uploads\/2024\/01\/01-bb.jpg\",\"width\":1400,\"height\":1400,\"caption\":\"pieps set pro bt\"},{\"@type\":\"BreadcrumbList\",\"@id\":\"https:\/\/www.sestogrado.it\/it\/prodotto\/pieps-set-pro-bt-artva-pala-e-sonda\/#breadcrumb\",\"itemListElement\":[{\"@type\":\"ListItem\",\"position\":1,\"name\":\"Home\",\"item\":\"https:\/\/www.sestogrado.it\/it\/\"},{\"@type\":\"ListItem\",\"position\":2,\"name\":\"Shop\",\"item\":\"https:\/\/www.sestogrado.it\/it\/shop\/\"},{\"@type\":\"ListItem\",\"position\":3,\"name\":\"Pieps Set Pro BT artva pala e sonda\"}]},{\"@type\":\"WebSite\",\"@id\":\"https:\/\/www.sestogrado.it\/it\/#website\",\"url\":\"https:\/\/www.sestogrado.it\/it\/\",\"name\":\"Sestogrado\",\"description\":\"yes we climb\",\"publisher\":{\"@id\":\"https:\/\/www.sestogrado.it\/it\/#organization\"},\"potentialAction\":[{\"@type\":\"SearchAction\",\"target\":{\"@type\":\"EntryPoint\",\"urlTemplate\":\"https:\/\/www.sestogrado.it\/it\/?s={search_term_string}\"},\"query-input\":{\"@type\":\"PropertyValueSpecification\",\"valueRequired\":true,\"valueName\":\"search_term_string\"}}],\"inLanguage\":\"it-IT\"},{\"@type\":\"Organization\",\"@id\":\"https:\/\/www.sestogrado.it\/it\/#organization\",\"name\":\"Sestogrado\",\"url\":\"https:\/\/www.sestogrado.it\/it\/\",\"logo\":{\"@type\":\"ImageObject\",\"inLanguage\":\"it-IT\",\"@id\":\"https:\/\/www.sestogrado.it\/it\/#\/schema\/logo\/image\/\",\"url\":\"https:\/\/www.sestogrado.it\/wp-content\/uploads\/2015\/03\/sestogrado-favicon.png\",\"contentUrl\":\"https:\/\/www.sestogrado.it\/wp-content\/uploads\/2015\/03\/sestogrado-favicon.png\",\"width\":260,\"height\":260,\"caption\":\"Sestogrado\"},\"image\":{\"@id\":\"https:\/\/www.sestogrado.it\/it\/#\/schema\/logo\/image\/\"},\"sameAs\":[\"https:\/\/www.facebook.com\/pages\/Sestogrado\/1542635979353017?ref=bookmarks\",\"https:\/\/www.youtube.com\/channel\/UC847kAfTkaJsWpc1jtQwr3Q\"],\"hasMerchantReturnPolicy\":{\"@type\":\"MerchantReturnPolicy\",\"merchantReturnLink\":\"https:\/\/www.sestogrado.it\/it\/termini-e-condizioni\/\"}}]}<\/script>\n<meta property=\"product:brand\" content=\"Pieps\" \/>\n<meta property=\"product:price:amount\" content=\"409.00\" \/>\n<meta property=\"product:price:currency\" content=\"EUR\" \/>\n<meta property=\"og:availability\" content=\"instock\" \/>\n<meta property=\"product:availability\" content=\"instock\" \/>\n<meta property=\"product:condition\" content=\"new\" \/>\n<!-- \/ Yoast SEO plugin. -->","yoast_head_json":{"title":"Pieps Set Pro BT artva pala e sonda - Sestogrado","description":"Il PIEPS SET Pro BT comprende l'apparecchio di ricerca in valanga PRO BT, la pala da valanga C660 e la sonda ALU 260 SPORT.Il PIEPS PRO BT \u00e8 il supporto perfetto per tutti i professionisti degli sport di montagna.I dispositivi PIEPS della serie Pro sono rivolti a tutti gli specialisti degli sport di montagna. Le innovazioni rivoluzionarie sono le prime ad essere introdotte in questa serie e convincono, tra l'altro, per l'estesa configurabilit\u00e0, la migliore durata della batteria e le esclusive funzioni di formazione e manutenzione per guide alpine e soccorritori alpini.La pala PIEPS SHOVEL C660 con manico telescopico e impugnatura a C \u00e8 la pala perfetta per un efficace soccorso in compagnia. La pala garantisce leggerezza e massima stabilit\u00e0.La nuova pala PIEPS ALU SPORT \u00e8 una pala semplice e facile da utilizzare. La sonda pu\u00f2 essere fissata in modo compatto con l'aiuto della fibbia di chiusura elastica. La chiusura a sgancio rapido blocca la sonda in posizione.Pieps Pro BT \u00e8 un'ARTVA perfetta per tutti i professionisti dello sport di montagna, dotato di tre antenne e di svariate opzioni, questo ARTVA sar\u00e0 perfetto per chi cerca un apparecchio che offre massimo supporto. Questo dispositivo \u00e8 molto semplice da utilizzare e funziona sia in ricerca che in trasmissione con una durata massima di batteria che arriva fino a 600 h in modalit\u00e0 trasmissione.","robots":{"index":"index","follow":"follow","max-snippet":"max-snippet:-1","max-image-preview":"max-image-preview:large","max-video-preview":"max-video-preview:-1"},"canonical":"https:\/\/www.sestogrado.it\/it\/prodotto\/pieps-set-pro-bt-artva-pala-e-sonda\/","og_locale":"it_IT","og_type":"article","og_title":"Pieps Set Pro BT artva pala e sonda - Sestogrado","og_description":"Il PIEPS SET Pro BT comprende l'apparecchio di ricerca in valanga PRO BT, la pala da valanga C660 e la sonda ALU 260 SPORT.Il PIEPS PRO BT \u00e8 il supporto perfetto per tutti i professionisti degli sport di montagna.I dispositivi PIEPS della serie Pro sono rivolti a tutti gli specialisti degli sport di montagna. Le innovazioni rivoluzionarie sono le prime ad essere introdotte in questa serie e convincono, tra l'altro, per l'estesa configurabilit\u00e0, la migliore durata della batteria e le esclusive funzioni di formazione e manutenzione per guide alpine e soccorritori alpini.La pala PIEPS SHOVEL C660 con manico telescopico e impugnatura a C \u00e8 la pala perfetta per un efficace soccorso in compagnia. La pala garantisce leggerezza e massima stabilit\u00e0.La nuova pala PIEPS ALU SPORT \u00e8 una pala semplice e facile da utilizzare. La sonda pu\u00f2 essere fissata in modo compatto con l'aiuto della fibbia di chiusura elastica. La chiusura a sgancio rapido blocca la sonda in posizione.Pieps Pro BT \u00e8 un'ARTVA perfetta per tutti i professionisti dello sport di montagna, dotato di tre antenne e di svariate opzioni, questo ARTVA sar\u00e0 perfetto per chi cerca un apparecchio che offre massimo supporto. Questo dispositivo \u00e8 molto semplice da utilizzare e funziona sia in ricerca che in trasmissione con una durata massima di batteria che arriva fino a 600 h in modalit\u00e0 trasmissione.","og_url":"https:\/\/www.sestogrado.it\/it\/prodotto\/pieps-set-pro-bt-artva-pala-e-sonda\/","og_site_name":"Sestogrado","article_publisher":"https:\/\/www.facebook.com\/pages\/Sestogrado\/1542635979353017?ref=bookmarks","article_modified_time":"2026-04-02T12:02:57+00:00","og_image":[{"width":1400,"height":1400,"url":"https:\/\/www.sestogrado.it\/wp-content\/uploads\/2024\/01\/01-bb.jpg","type":"image\/jpeg"}],"twitter_misc":{"Prezzo":"&euro;&nbsp;409,00","Disponibilit\u00e0":"In stock"},"schema":{"@context":"https:\/\/schema.org","@graph":[{"@type":"WebPage","@id":"https:\/\/www.sestogrado.it\/it\/prodotto\/pieps-set-pro-bt-artva-pala-e-sonda\/","url":"https:\/\/www.sestogrado.it\/it\/prodotto\/pieps-set-pro-bt-artva-pala-e-sonda\/","name":"Pieps Set Pro BT artva pala e sonda - Sestogrado","isPartOf":{"@id":"https:\/\/www.sestogrado.it\/it\/#website"},"primaryImageOfPage":{"@id":"https:\/\/www.sestogrado.it\/it\/prodotto\/pieps-set-pro-bt-artva-pala-e-sonda\/#primaryimage"},"image":{"@id":"https:\/\/www.sestogrado.it\/prodotto\/pieps-set-pro-bt-artva-pala-e-sonda\/#primaryimage"},"thumbnailUrl":"https:\/\/www.sestogrado.it\/wp-content\/uploads\/2024\/01\/01-bb.jpg","datePublished":"2024-01-18T13:46:13+00:00","dateModified":"2026-04-02T12:02:57+00:00","description":"Il PIEPS SET Pro BT comprende l'apparecchio di ricerca in valanga PRO BT, la pala da valanga C660 e la sonda ALU 260 SPORT.Il PIEPS PRO BT \u00e8 il supporto perfetto per tutti i professionisti degli sport di montagna.I dispositivi PIEPS della serie Pro sono rivolti a tutti gli specialisti degli sport di montagna. Le innovazioni rivoluzionarie sono le prime ad essere introdotte in questa serie e convincono, tra l'altro, per l'estesa configurabilit\u00e0, la migliore durata della batteria e le esclusive funzioni di formazione e manutenzione per guide alpine e soccorritori alpini.La pala PIEPS SHOVEL C660 con manico telescopico e impugnatura a C \u00e8 la pala perfetta per un efficace soccorso in compagnia. La pala garantisce leggerezza e massima stabilit\u00e0.La nuova pala PIEPS ALU SPORT \u00e8 una pala semplice e facile da utilizzare. La sonda pu\u00f2 essere fissata in modo compatto con l'aiuto della fibbia di chiusura elastica. La chiusura a sgancio rapido blocca la sonda in posizione.Pieps Pro BT \u00e8 un'ARTVA perfetta per tutti i professionisti dello sport di montagna, dotato di tre antenne e di svariate opzioni, questo ARTVA sar\u00e0 perfetto per chi cerca un apparecchio che offre massimo supporto. Questo dispositivo \u00e8 molto semplice da utilizzare e funziona sia in ricerca che in trasmissione con una durata massima di batteria che arriva fino a 600 h in modalit\u00e0 trasmissione.","breadcrumb":{"@id":"https:\/\/www.sestogrado.it\/it\/prodotto\/pieps-set-pro-bt-artva-pala-e-sonda\/#breadcrumb"},"inLanguage":"it-IT","potentialAction":[{"@type":"ReadAction","target":[["https:\/\/www.sestogrado.it\/it\/prodotto\/pieps-set-pro-bt-artva-pala-e-sonda\/"]]}]},{"@type":"ImageObject","inLanguage":"it-IT","@id":"https:\/\/www.sestogrado.it\/it\/prodotto\/pieps-set-pro-bt-artva-pala-e-sonda\/#primaryimage","url":"https:\/\/www.sestogrado.it\/wp-content\/uploads\/2024\/01\/01-bb.jpg","contentUrl":"https:\/\/www.sestogrado.it\/wp-content\/uploads\/2024\/01\/01-bb.jpg","width":1400,"height":1400,"caption":"pieps set pro bt"},{"@type":"BreadcrumbList","@id":"https:\/\/www.sestogrado.it\/it\/prodotto\/pieps-set-pro-bt-artva-pala-e-sonda\/#breadcrumb","itemListElement":[{"@type":"ListItem","position":1,"name":"Home","item":"https:\/\/www.sestogrado.it\/it\/"},{"@type":"ListItem","position":2,"name":"Shop","item":"https:\/\/www.sestogrado.it\/it\/shop\/"},{"@type":"ListItem","position":3,"name":"Pieps Set Pro BT artva pala e sonda"}]},{"@type":"WebSite","@id":"https:\/\/www.sestogrado.it\/it\/#website","url":"https:\/\/www.sestogrado.it\/it\/","name":"Sestogrado","description":"yes we climb","publisher":{"@id":"https:\/\/www.sestogrado.it\/it\/#organization"},"potentialAction":[{"@type":"SearchAction","target":{"@type":"EntryPoint","urlTemplate":"https:\/\/www.sestogrado.it\/it\/?s={search_term_string}"},"query-input":{"@type":"PropertyValueSpecification","valueRequired":true,"valueName":"search_term_string"}}],"inLanguage":"it-IT"},{"@type":"Organization","@id":"https:\/\/www.sestogrado.it\/it\/#organization","name":"Sestogrado","url":"https:\/\/www.sestogrado.it\/it\/","logo":{"@type":"ImageObject","inLanguage":"it-IT","@id":"https:\/\/www.sestogrado.it\/it\/#\/schema\/logo\/image\/","url":"https:\/\/www.sestogrado.it\/wp-content\/uploads\/2015\/03\/sestogrado-favicon.png","contentUrl":"https:\/\/www.sestogrado.it\/wp-content\/uploads\/2015\/03\/sestogrado-favicon.png","width":260,"height":260,"caption":"Sestogrado"},"image":{"@id":"https:\/\/www.sestogrado.it\/it\/#\/schema\/logo\/image\/"},"sameAs":["https:\/\/www.facebook.com\/pages\/Sestogrado\/1542635979353017?ref=bookmarks","https:\/\/www.youtube.com\/channel\/UC847kAfTkaJsWpc1jtQwr3Q"],"hasMerchantReturnPolicy":{"@type":"MerchantReturnPolicy","merchantReturnLink":"https:\/\/www.sestogrado.it\/it\/termini-e-condizioni\/"}}]},"product_brand":"Pieps","product_price_amount":"409.00","product_price_currency":"EUR","og_availability":"instock","product_availability":"instock","product_condition":"new"},"_links":{"self":[{"href":"https:\/\/www.sestogrado.it\/it\/wp-json\/wp\/v2\/product\/153441","targetHints":{"allow":["GET"]}}],"collection":[{"href":"https:\/\/www.sestogrado.it\/it\/wp-json\/wp\/v2\/product"}],"about":[{"href":"https:\/\/www.sestogrado.it\/it\/wp-json\/wp\/v2\/types\/product"}],"replies":[{"embeddable":true,"href":"https:\/\/www.sestogrado.it\/it\/wp-json\/wp\/v2\/comments?post=153441"}],"wp:featuredmedia":[{"embeddable":true,"href":"https:\/\/www.sestogrado.it\/it\/wp-json\/wp\/v2\/media\/153447"}],"wp:attachment":[{"href":"https:\/\/www.sestogrado.it\/it\/wp-json\/wp\/v2\/media?parent=153441"}],"wp:term":[{"taxonomy":"product_brand","embeddable":true,"href":"https:\/\/www.sestogrado.it\/it\/wp-json\/wp\/v2\/product_brand?post=153441"},{"taxonomy":"product_cat","embeddable":true,"href":"https:\/\/www.sestogrado.it\/it\/wp-json\/wp\/v2\/product_cat?post=153441"},{"taxonomy":"product_tag","embeddable":true,"href":"https:\/\/www.sestogrado.it\/it\/wp-json\/wp\/v2\/product_tag?post=153441"}],"curies":[{"name":"wp","href":"https:\/\/api.w.org\/{rel}","templated":true}]}}