{"id":152762,"date":"2024-01-11T08:59:47","date_gmt":"2024-01-11T07:59:47","guid":{"rendered":"https:\/\/www.sestogrado.it\/?post_type=product&#038;p=152762"},"modified":"2025-08-04T11:21:03","modified_gmt":"2025-08-04T09:21:03","slug":"abruzzo-rock-guida-arrampicata-versante-sud","status":"publish","type":"product","link":"https:\/\/www.sestogrado.it\/it\/prodotto\/abruzzo-rock-guida-arrampicata-versante-sud\/","title":{"rendered":"Abruzzo Rock guida arrampicata Versante Sud"},"content":{"rendered":"<p>Si scrive\u00a0<strong>Abruzzo<\/strong>\u00a0ma<strong>\u00a0raccoglie tanti significati<\/strong>: da qui nasce l\u2019idea che ha dato vita a questa guida.<\/p>\n<p>In tutti questi anni di lavoro sulle pareti l\u2019impegno dei chiodatori ha dato vita a\u00a0<strong>tanti nuovi settori<\/strong>\u00a0in questa \u00a0bellissima regione, ma mancava qualcosa che raccontasse di tutto questo e cos\u00ec gli autori hanno messo a punto una\u00a0<strong>nuova<\/strong>\u00a0<strong>edizione<\/strong>\u00a0che fosse il\u00a0<strong>manifesto del grande lavoro fatto<\/strong>.<\/p>\n<p>Da un\u2019idea poi nascono tante nuove occasioni che si riassumono nella squadra che ha collaborato a questa realizzazione, cinque ragazzi che in comune hanno\u00a0<strong>la passione per l\u2019arrampicata<\/strong>. La differenza poi l\u2019hanno fatta tutte le persone che si sono adoperate negli anni a chiodare e si sono rese disponibili a dare loro una mano.<\/p>\n<p><strong>Un duro lavoro durato quasi due anni<\/strong>, dove \u00e8 stato veramente difficile cercare di essere il pi\u00f9 rigorosi possibili nel mettere insieme tutte le informazioni raccolte, appagato per\u00f2 dal\u00a0<strong>bellissimo risultato ottenuto<\/strong>\u00a0e che speriamo sia condiviso da questa grande comunit\u00e0 che \u00e8 quella dei climber.<\/p>\n<p><strong>Luca Marziale,<\/strong>\u00a0nato a Teramo nel 1984, si appassiona all\u2019arrampicata all\u2019et\u00e0 di 28 anni e da l\u00ec percorre la strada che lo porta, prima a diventare istruttore FASI e poi istruttore di arrampicata libera all\u2019interno del CAI. Con il suo gruppo di amici, ha chiodato diverse linee nell\u2019area vestina, luogo in cui vive, tra cui la Parete del Codirosso, sita in Valle D\u2019Angri e altre nuove vie nelle zone limitrofe. \u00c8 promotore anche di diverse edizioni di Street boulder nei comuni di Loreto Aprutino e Penne.<\/p>\n<p><strong>Lorenzo<\/strong>\u00a0<strong>Angelozzi<\/strong>, nato ad Atri nel 1991, tuttofare dell\u2019arrampicata dal 2001, tracciatore nazionale FASI dal 2013, \u00e8 gestore della palestra Mondi Verticali di Teramo, in collaborazione con la guida alpina Vassili Bosi. \u00c8 inoltre promotore di diversi eventi locali e nazionali e attivo chiodatore locale<\/p>\n<p><strong>Andrea<\/strong>\u00a0<strong>Puca<\/strong>, classe 1993, nasce a Pescara e cresce tra le montagne di casa. Innamorato dei boschi, delle valli e delle pareti dell\u2019appennino, attivo gi\u00e0 da ragazzino nella chiodatura di nuovi itinerari, dai 18 anni si dedica all\u2019apertura e valorizzazione dei nuovi settori in Valle d\u2019Angri, come la Parete dell\u2019Orso, la Grotta dei Tori e in seguito la parete del Codirosso. Assiduo pellegrino delle rocce del Gran Sasso, d\u2019estate con le mani e con i piedi e d\u2019inverno con sci e piccozze.<\/p>\n<p><strong>Matteo<\/strong>\u00a0<strong>Cittadini<\/strong>, nato a Pescara nel 1990, inizia l\u2019attivit\u00e0 di arrampicatore all\u2019et\u00e0 di 10 anni nella palestra del padre con i colori dell\u2019Asd El Cap dell\u2019Aquila, di cui \u00e8 attualmente presidente. A 14 anni entra nel mondo delle competizioni vincendo nel 2008 prima il titolo di campione regionale e poi la Coppa Italia Boulder U20 e l\u2019anno successivo il campionato italiano di combinata; oggi \u00e8 tracciatore di terzo livello. Dal 2010 \u00e8 tecnico di elisoccorso del Soccorso Alpino e Speleologico Abruzzo. Dal 2017 \u00e8 Maestro di sci alpino e allenatore di primo livello. Insieme al padre Agostino, Guida Alpina e chiodatore, collabora per la valorizzazione di diverse falesie nella sua regione.<\/p>\n<p><strong>Sandro Giovanetti<\/strong>\u00a0nasce ad Atri nel 1988. Da sempre appas- sionato di natura e di viaggi, pratica diversi sport di montagna. Promotore e custode delle falesie dell\u2019area vestina, dove ha chiodato nuove linee su diverse pareti, con un gruppo di amici si occupa della creazione di nuovi settori soprattutto nell\u2019area di Valle D\u2019Angri e ha organizzato i primi street-boulder ufficiali in Italia.<\/p>\n<div class=\"embed-responsive embed-responsive-16by9\"><iframe title=\"ABRUZZO Rock\" src=\"https:\/\/e.issuu.com\/embed.html?u=edizioni_versante_sud&#038;d=abruzzorock_issuu\" style=\"border:none; width: 500px; height: 383px;\" allow=\"clipboard-write,allow-top-navigation,allow-top-navigation-by-user-activation,allow-downloads,allow-scripts,allow-same-origin,allow-popups,allow-modals,allow-popups-to-escape-sandbox,allow-forms\"  allowfullscreen=\"true\"><\/iframe><\/div>\n<p>&nbsp;<\/p>\n<p>Questa guida, una volta acquistata, \u00e8 scaricabile in pdf:<\/p>\n<p><img decoding=\"async\" class=\"img-fluid alignnone wp-image-152760 \" src=\"https:\/\/www.sestogrado.it\/wp-content\/uploads\/2024\/01\/02-1.jpg\" alt=\"guida pdf\" width=\"1063\" height=\"612\" srcset=\"https:\/\/www.sestogrado.it\/wp-content\/uploads\/2024\/01\/02-1.jpg 1200w, https:\/\/www.sestogrado.it\/wp-content\/uploads\/2024\/01\/02-1-750x432.jpg 750w, https:\/\/www.sestogrado.it\/wp-content\/uploads\/2024\/01\/02-1-300x173.jpg 300w, https:\/\/www.sestogrado.it\/wp-content\/uploads\/2024\/01\/02-1-1024x590.jpg 1024w, https:\/\/www.sestogrado.it\/wp-content\/uploads\/2024\/01\/02-1-768x442.jpg 768w, https:\/\/www.sestogrado.it\/wp-content\/uploads\/2024\/01\/02-1-139x80.jpg 139w, https:\/\/www.sestogrado.it\/wp-content\/uploads\/2024\/01\/02-1-104x60.jpg 104w, https:\/\/www.sestogrado.it\/wp-content\/uploads\/2024\/01\/02-1-156x90.jpg 156w\" sizes=\"(max-width: 1063px) 100vw, 1063px\" \/><\/p>\n<p>&nbsp;<\/p>\n<p>Versante Sud \u00e8 una casa editrice specializzata in guide di arrampicata, alpinismo, escursionismo, mtb e outdoor. Centinaia di titoli e libri sui migliori spot di arrampicata in Italia e nel mondo.<\/p>","protected":false},"excerpt":{"rendered":"<p>Si scrive\u00a0Abruzzo\u00a0ma\u00a0raccoglie tanti significati: da qui nasce l\u2019idea che ha dato vita a questa guida. In tutti questi anni di [&hellip;]<\/p>\n","protected":false},"featured_media":152763,"comment_status":"open","ping_status":"closed","template":"","meta":{"_acf_changed":false},"product_brand":[99],"product_cat":[98],"product_tag":[],"class_list":{"0":"post-152762","1":"product","2":"type-product","3":"status-publish","4":"has-post-thumbnail","6":"product_brand-versante-sud","7":"product_cat-libri","9":"first","10":"instock","11":"taxable","12":"shipping-taxable","13":"purchasable","14":"product-type-simple"},"acf":[],"yoast_head":"<!-- This site is optimized with the Yoast SEO plugin v26.4 - https:\/\/yoast.com\/wordpress\/plugins\/seo\/ -->\n<title>Abruzzo Rock guida arrampicata Versante Sud - Sestogrado<\/title>\n<meta name=\"robots\" content=\"index, follow, max-snippet:-1, max-image-preview:large, max-video-preview:-1\" \/>\n<link rel=\"canonical\" href=\"https:\/\/www.sestogrado.it\/it\/prodotto\/abruzzo-rock-guida-arrampicata-versante-sud\/\" \/>\n<meta property=\"og:locale\" content=\"it_IT\" \/>\n<meta property=\"og:type\" content=\"article\" \/>\n<meta property=\"og:title\" content=\"Abruzzo Rock guida arrampicata Versante Sud - Sestogrado\" \/>\n<meta property=\"og:description\" content=\"Si scrive\u00a0Abruzzo\u00a0ma\u00a0raccoglie tanti significati: da qui nasce l\u2019idea che ha dato vita a questa guida. In tutti questi anni di [&hellip;]\" \/>\n<meta property=\"og:url\" content=\"https:\/\/www.sestogrado.it\/it\/prodotto\/abruzzo-rock-guida-arrampicata-versante-sud\/\" \/>\n<meta property=\"og:site_name\" content=\"Sestogrado\" \/>\n<meta property=\"article:publisher\" content=\"https:\/\/www.facebook.com\/pages\/Sestogrado\/1542635979353017?ref=bookmarks\" \/>\n<meta property=\"article:modified_time\" content=\"2025-08-04T09:21:03+00:00\" \/>\n<meta property=\"og:image\" content=\"https:\/\/www.sestogrado.it\/wp-content\/uploads\/2024\/01\/03.jpg\" \/>\n\t<meta property=\"og:image:width\" content=\"900\" \/>\n\t<meta property=\"og:image:height\" content=\"900\" \/>\n\t<meta property=\"og:image:type\" content=\"image\/jpeg\" \/>\n<meta name=\"twitter:label1\" content=\"Prezzo\" \/>\n\t<meta name=\"twitter:data1\" content=\"&euro;&nbsp;34,00\" \/>\n\t<meta name=\"twitter:label2\" content=\"Disponibilit\u00e0\" \/>\n\t<meta name=\"twitter:data2\" content=\"In stock\" \/>\n<script type=\"application\/ld+json\" class=\"yoast-schema-graph\">{\"@context\":\"https:\/\/schema.org\",\"@graph\":[{\"@type\":\"WebPage\",\"@id\":\"https:\/\/www.sestogrado.it\/it\/prodotto\/abruzzo-rock-guida-arrampicata-versante-sud\/\",\"url\":\"https:\/\/www.sestogrado.it\/it\/prodotto\/abruzzo-rock-guida-arrampicata-versante-sud\/\",\"name\":\"Abruzzo Rock guida arrampicata Versante Sud - Sestogrado\",\"isPartOf\":{\"@id\":\"https:\/\/www.sestogrado.it\/it\/#website\"},\"primaryImageOfPage\":{\"@id\":\"https:\/\/www.sestogrado.it\/it\/prodotto\/abruzzo-rock-guida-arrampicata-versante-sud\/#primaryimage\"},\"image\":{\"@id\":\"https:\/\/www.sestogrado.it\/prodotto\/abruzzo-rock-guida-arrampicata-versante-sud\/#primaryimage\"},\"thumbnailUrl\":\"https:\/\/www.sestogrado.it\/wp-content\/uploads\/2024\/01\/03.jpg\",\"datePublished\":\"2024-01-11T07:59:47+00:00\",\"dateModified\":\"2025-08-04T09:21:03+00:00\",\"breadcrumb\":{\"@id\":\"https:\/\/www.sestogrado.it\/it\/prodotto\/abruzzo-rock-guida-arrampicata-versante-sud\/#breadcrumb\"},\"inLanguage\":\"it-IT\",\"potentialAction\":[{\"@type\":\"ReadAction\",\"target\":[[\"https:\/\/www.sestogrado.it\/it\/prodotto\/abruzzo-rock-guida-arrampicata-versante-sud\/\"]]}]},{\"@type\":\"ImageObject\",\"inLanguage\":\"it-IT\",\"@id\":\"https:\/\/www.sestogrado.it\/it\/prodotto\/abruzzo-rock-guida-arrampicata-versante-sud\/#primaryimage\",\"url\":\"https:\/\/www.sestogrado.it\/wp-content\/uploads\/2024\/01\/03.jpg\",\"contentUrl\":\"https:\/\/www.sestogrado.it\/wp-content\/uploads\/2024\/01\/03.jpg\",\"width\":900,\"height\":900,\"caption\":\"abruzzo\"},{\"@type\":\"BreadcrumbList\",\"@id\":\"https:\/\/www.sestogrado.it\/it\/prodotto\/abruzzo-rock-guida-arrampicata-versante-sud\/#breadcrumb\",\"itemListElement\":[{\"@type\":\"ListItem\",\"position\":1,\"name\":\"Home\",\"item\":\"https:\/\/www.sestogrado.it\/it\/\"},{\"@type\":\"ListItem\",\"position\":2,\"name\":\"Shop\",\"item\":\"https:\/\/www.sestogrado.it\/it\/shop\/\"},{\"@type\":\"ListItem\",\"position\":3,\"name\":\"Abruzzo Rock guida arrampicata Versante Sud\"}]},{\"@type\":\"WebSite\",\"@id\":\"https:\/\/www.sestogrado.it\/it\/#website\",\"url\":\"https:\/\/www.sestogrado.it\/it\/\",\"name\":\"Sestogrado\",\"description\":\"yes we climb\",\"publisher\":{\"@id\":\"https:\/\/www.sestogrado.it\/it\/#organization\"},\"potentialAction\":[{\"@type\":\"SearchAction\",\"target\":{\"@type\":\"EntryPoint\",\"urlTemplate\":\"https:\/\/www.sestogrado.it\/it\/?s={search_term_string}\"},\"query-input\":{\"@type\":\"PropertyValueSpecification\",\"valueRequired\":true,\"valueName\":\"search_term_string\"}}],\"inLanguage\":\"it-IT\"},{\"@type\":\"Organization\",\"@id\":\"https:\/\/www.sestogrado.it\/it\/#organization\",\"name\":\"Sestogrado\",\"url\":\"https:\/\/www.sestogrado.it\/it\/\",\"logo\":{\"@type\":\"ImageObject\",\"inLanguage\":\"it-IT\",\"@id\":\"https:\/\/www.sestogrado.it\/it\/#\/schema\/logo\/image\/\",\"url\":\"https:\/\/www.sestogrado.it\/wp-content\/uploads\/2015\/03\/sestogrado-favicon.png\",\"contentUrl\":\"https:\/\/www.sestogrado.it\/wp-content\/uploads\/2015\/03\/sestogrado-favicon.png\",\"width\":260,\"height\":260,\"caption\":\"Sestogrado\"},\"image\":{\"@id\":\"https:\/\/www.sestogrado.it\/it\/#\/schema\/logo\/image\/\"},\"sameAs\":[\"https:\/\/www.facebook.com\/pages\/Sestogrado\/1542635979353017?ref=bookmarks\",\"https:\/\/www.youtube.com\/channel\/UC847kAfTkaJsWpc1jtQwr3Q\"],\"hasMerchantReturnPolicy\":{\"@type\":\"MerchantReturnPolicy\",\"merchantReturnLink\":\"https:\/\/www.sestogrado.it\/it\/termini-e-condizioni\/\"}}]}<\/script>\n<meta property=\"product:brand\" content=\"Versante Sud\" \/>\n<meta property=\"product:price:amount\" content=\"34.00\" \/>\n<meta property=\"product:price:currency\" content=\"EUR\" \/>\n<meta property=\"og:availability\" content=\"instock\" \/>\n<meta property=\"product:availability\" content=\"instock\" \/>\n<meta property=\"product:condition\" content=\"new\" \/>\n<!-- \/ Yoast SEO plugin. -->","yoast_head_json":{"title":"Abruzzo Rock guida arrampicata Versante Sud - Sestogrado","robots":{"index":"index","follow":"follow","max-snippet":"max-snippet:-1","max-image-preview":"max-image-preview:large","max-video-preview":"max-video-preview:-1"},"canonical":"https:\/\/www.sestogrado.it\/it\/prodotto\/abruzzo-rock-guida-arrampicata-versante-sud\/","og_locale":"it_IT","og_type":"article","og_title":"Abruzzo Rock guida arrampicata Versante Sud - Sestogrado","og_description":"Si scrive\u00a0Abruzzo\u00a0ma\u00a0raccoglie tanti significati: da qui nasce l\u2019idea che ha dato vita a questa guida. In tutti questi anni di [&hellip;]","og_url":"https:\/\/www.sestogrado.it\/it\/prodotto\/abruzzo-rock-guida-arrampicata-versante-sud\/","og_site_name":"Sestogrado","article_publisher":"https:\/\/www.facebook.com\/pages\/Sestogrado\/1542635979353017?ref=bookmarks","article_modified_time":"2025-08-04T09:21:03+00:00","og_image":[{"width":900,"height":900,"url":"https:\/\/www.sestogrado.it\/wp-content\/uploads\/2024\/01\/03.jpg","type":"image\/jpeg"}],"twitter_misc":{"Prezzo":"&euro;&nbsp;34,00","Disponibilit\u00e0":"In stock"},"schema":{"@context":"https:\/\/schema.org","@graph":[{"@type":"WebPage","@id":"https:\/\/www.sestogrado.it\/it\/prodotto\/abruzzo-rock-guida-arrampicata-versante-sud\/","url":"https:\/\/www.sestogrado.it\/it\/prodotto\/abruzzo-rock-guida-arrampicata-versante-sud\/","name":"Abruzzo Rock guida arrampicata Versante Sud - Sestogrado","isPartOf":{"@id":"https:\/\/www.sestogrado.it\/it\/#website"},"primaryImageOfPage":{"@id":"https:\/\/www.sestogrado.it\/it\/prodotto\/abruzzo-rock-guida-arrampicata-versante-sud\/#primaryimage"},"image":{"@id":"https:\/\/www.sestogrado.it\/prodotto\/abruzzo-rock-guida-arrampicata-versante-sud\/#primaryimage"},"thumbnailUrl":"https:\/\/www.sestogrado.it\/wp-content\/uploads\/2024\/01\/03.jpg","datePublished":"2024-01-11T07:59:47+00:00","dateModified":"2025-08-04T09:21:03+00:00","breadcrumb":{"@id":"https:\/\/www.sestogrado.it\/it\/prodotto\/abruzzo-rock-guida-arrampicata-versante-sud\/#breadcrumb"},"inLanguage":"it-IT","potentialAction":[{"@type":"ReadAction","target":[["https:\/\/www.sestogrado.it\/it\/prodotto\/abruzzo-rock-guida-arrampicata-versante-sud\/"]]}]},{"@type":"ImageObject","inLanguage":"it-IT","@id":"https:\/\/www.sestogrado.it\/it\/prodotto\/abruzzo-rock-guida-arrampicata-versante-sud\/#primaryimage","url":"https:\/\/www.sestogrado.it\/wp-content\/uploads\/2024\/01\/03.jpg","contentUrl":"https:\/\/www.sestogrado.it\/wp-content\/uploads\/2024\/01\/03.jpg","width":900,"height":900,"caption":"abruzzo"},{"@type":"BreadcrumbList","@id":"https:\/\/www.sestogrado.it\/it\/prodotto\/abruzzo-rock-guida-arrampicata-versante-sud\/#breadcrumb","itemListElement":[{"@type":"ListItem","position":1,"name":"Home","item":"https:\/\/www.sestogrado.it\/it\/"},{"@type":"ListItem","position":2,"name":"Shop","item":"https:\/\/www.sestogrado.it\/it\/shop\/"},{"@type":"ListItem","position":3,"name":"Abruzzo Rock guida arrampicata Versante Sud"}]},{"@type":"WebSite","@id":"https:\/\/www.sestogrado.it\/it\/#website","url":"https:\/\/www.sestogrado.it\/it\/","name":"Sestogrado","description":"yes we climb","publisher":{"@id":"https:\/\/www.sestogrado.it\/it\/#organization"},"potentialAction":[{"@type":"SearchAction","target":{"@type":"EntryPoint","urlTemplate":"https:\/\/www.sestogrado.it\/it\/?s={search_term_string}"},"query-input":{"@type":"PropertyValueSpecification","valueRequired":true,"valueName":"search_term_string"}}],"inLanguage":"it-IT"},{"@type":"Organization","@id":"https:\/\/www.sestogrado.it\/it\/#organization","name":"Sestogrado","url":"https:\/\/www.sestogrado.it\/it\/","logo":{"@type":"ImageObject","inLanguage":"it-IT","@id":"https:\/\/www.sestogrado.it\/it\/#\/schema\/logo\/image\/","url":"https:\/\/www.sestogrado.it\/wp-content\/uploads\/2015\/03\/sestogrado-favicon.png","contentUrl":"https:\/\/www.sestogrado.it\/wp-content\/uploads\/2015\/03\/sestogrado-favicon.png","width":260,"height":260,"caption":"Sestogrado"},"image":{"@id":"https:\/\/www.sestogrado.it\/it\/#\/schema\/logo\/image\/"},"sameAs":["https:\/\/www.facebook.com\/pages\/Sestogrado\/1542635979353017?ref=bookmarks","https:\/\/www.youtube.com\/channel\/UC847kAfTkaJsWpc1jtQwr3Q"],"hasMerchantReturnPolicy":{"@type":"MerchantReturnPolicy","merchantReturnLink":"https:\/\/www.sestogrado.it\/it\/termini-e-condizioni\/"}}]},"product_brand":"Versante Sud","product_price_amount":"34.00","product_price_currency":"EUR","og_availability":"instock","product_availability":"instock","product_condition":"new"},"_links":{"self":[{"href":"https:\/\/www.sestogrado.it\/it\/wp-json\/wp\/v2\/product\/152762","targetHints":{"allow":["GET"]}}],"collection":[{"href":"https:\/\/www.sestogrado.it\/it\/wp-json\/wp\/v2\/product"}],"about":[{"href":"https:\/\/www.sestogrado.it\/it\/wp-json\/wp\/v2\/types\/product"}],"replies":[{"embeddable":true,"href":"https:\/\/www.sestogrado.it\/it\/wp-json\/wp\/v2\/comments?post=152762"}],"wp:featuredmedia":[{"embeddable":true,"href":"https:\/\/www.sestogrado.it\/it\/wp-json\/wp\/v2\/media\/152763"}],"wp:attachment":[{"href":"https:\/\/www.sestogrado.it\/it\/wp-json\/wp\/v2\/media?parent=152762"}],"wp:term":[{"taxonomy":"product_brand","embeddable":true,"href":"https:\/\/www.sestogrado.it\/it\/wp-json\/wp\/v2\/product_brand?post=152762"},{"taxonomy":"product_cat","embeddable":true,"href":"https:\/\/www.sestogrado.it\/it\/wp-json\/wp\/v2\/product_cat?post=152762"},{"taxonomy":"product_tag","embeddable":true,"href":"https:\/\/www.sestogrado.it\/it\/wp-json\/wp\/v2\/product_tag?post=152762"}],"curies":[{"name":"wp","href":"https:\/\/api.w.org\/{rel}","templated":true}]}}