{"id":152759,"date":"2024-01-11T08:55:58","date_gmt":"2024-01-11T07:55:58","guid":{"rendered":"https:\/\/www.sestogrado.it\/?post_type=product&#038;p=152759"},"modified":"2025-12-10T17:43:19","modified_gmt":"2025-12-10T16:43:19","slug":"malopasso-guida-versante-sud","status":"publish","type":"product","link":"https:\/\/www.sestogrado.it\/it\/prodotto\/malopasso-guida-versante-sud\/","title":{"rendered":"Malopasso guida versante sud"},"content":{"rendered":"<p><\/p>\n<div class=\"column\">\n<p>Il libro descrive quasi\u00a0<strong>60 siti d\u2019arrampicata tra la Costa d\u2019Amalfi<\/strong>,\u00a0<strong>Positano<\/strong>,\u00a0<strong>Palinuro<\/strong>,\u00a0<strong>il Parco del Cilento e Maratea<\/strong>. Oltre alle relazioni aggiornate delle falesie e degli itinerari storici, questa quarta edizione di\u00a0<em>MALOPASSO<\/em>\u00a0si arricchisce di\u00a0<strong>una sezione dedicata alle vie ferrate presenti nella regione e sull\u2019Appennino Lucano<\/strong>.<\/p>\n<p>Sulla Costa d\u2019Amalfi si scala spesso in\u00a0<strong>luoghi poco conosciuti<\/strong>, tra scenari insoliti, caratterizzati da abitazioni rupestri, chiese, monasteri,\u00a0<strong>dove i colori della montagna si fondono col blu del mare<\/strong>. Durante i mesi invernali, i villaggi sul mare assumono un fascino particolare e l\u2019arrampicata diventa un veicolo naturale di conoscenza dei luoghi, della gente, del passato e della storia.<\/p>\n<p>Lasciati i dedali di stradine, la natura e le scogliere della Costiera Amalfitana, il paesaggio cambia radicalmente via via che ci si avvicina alla zona del\u00a0<strong>Parco del Cilento<\/strong>,\u00a0<strong>Vallo di Diano<\/strong>\u00a0e\u00a0<strong>Alburni<\/strong>.<\/p>\n<p>Le pareti del Cilento hanno un valore aggiunto. La pietra dove si scala si mescola ai profumi mediterranei, alla storia e alle tradizioni popolari ed \u00e8 dall\u2019alto di queste pareti che si percepisce meglio la capacit\u00e0, che possiedono questi luoghi, di far emozionare.<\/p>\n<\/div>\n<p><strong>Oreste<\/strong>\u00a0<strong>Bottiglieri<\/strong>, nato a Cava de\u2019 Tirreni (SA) nel 1972, vive in Costa d\u2019Amalfi. \u00c8 Guida Alpina UIAGM, istruttore d\u2019arrampicata, chiodatore, operatore e preposto per i la- vori su funi, con specializzazione professionale per l\u2019allestimento di siti d\u2019arrampicata e vie ferrate. \u201cScalo sin da bambino e mi piace intendere l\u2019arrampicata e le discipline outdoor come uno stile di vita, una scusa per viaggiare e conoscere in maniera profonda altri luoghi: dai villaggi della Costiera Amalfitana alle cime di 4000 metri delle Alpi. La passione per la montagna, per la mia terra e il lavoro di guida mi hanno portato negli anni a scoprire e valorizzare la maggior parte dei siti di scalata campani e ad aprire oltre 1000 vie d\u2019arrampicata tra monotiri, multipitch e vie classiche. Lavoro e vivo con entusiasmo, sempre pi\u00f9 consapevole che faccio il mestiere pi\u00f9 bello del mondo nei posti pi\u00f9 belli del mondo!\u201d<\/p>\n<div class=\"embed-responsive embed-responsive-16by9\"><iframe title=\"MALOPASSO\" src=\"https:\/\/e.issuu.com\/embed.html?u=edizioni_versante_sud&#038;d=malopasso2023_ita_issuu\" style=\"border:none; width: 500px; height: 383px;\" allow=\"clipboard-write,allow-top-navigation,allow-top-navigation-by-user-activation,allow-downloads,allow-scripts,allow-same-origin,allow-popups,allow-modals,allow-popups-to-escape-sandbox,allow-forms\"  allowfullscreen=\"true\"><\/iframe><\/div>\n<p>&nbsp;<\/p>\n<p>Questa guida, una volta acquistata, \u00e8 scaricabile in pdf:<\/p>\n<p><img decoding=\"async\" class=\"img-fluid alignnone wp-image-152760 \" src=\"https:\/\/www.sestogrado.it\/wp-content\/uploads\/2024\/01\/02-1.jpg\" alt=\"guida pdf\" width=\"1063\" height=\"612\" srcset=\"https:\/\/www.sestogrado.it\/wp-content\/uploads\/2024\/01\/02-1.jpg 1200w, https:\/\/www.sestogrado.it\/wp-content\/uploads\/2024\/01\/02-1-750x432.jpg 750w, https:\/\/www.sestogrado.it\/wp-content\/uploads\/2024\/01\/02-1-300x173.jpg 300w, https:\/\/www.sestogrado.it\/wp-content\/uploads\/2024\/01\/02-1-1024x590.jpg 1024w, https:\/\/www.sestogrado.it\/wp-content\/uploads\/2024\/01\/02-1-768x442.jpg 768w, https:\/\/www.sestogrado.it\/wp-content\/uploads\/2024\/01\/02-1-139x80.jpg 139w, https:\/\/www.sestogrado.it\/wp-content\/uploads\/2024\/01\/02-1-104x60.jpg 104w, https:\/\/www.sestogrado.it\/wp-content\/uploads\/2024\/01\/02-1-156x90.jpg 156w\" sizes=\"(max-width: 1063px) 100vw, 1063px\" \/><\/p>\n<p>&nbsp;<\/p>\n<p>Versante Sud \u00e8 una casa editrice specializzata in guide di arrampicata, alpinismo, escursionismo, mtb e outdoor. Centinaia di titoli e libri sui migliori spot di arrampicata in Italia e nel mondo.<\/p>","protected":false},"excerpt":{"rendered":"<p>Il libro descrive quasi\u00a060 siti d\u2019arrampicata tra la Costa d\u2019Amalfi,\u00a0Positano,\u00a0Palinuro,\u00a0il Parco del Cilento e Maratea. Oltre alle relazioni aggiornate delle [&hellip;]<\/p>\n","protected":false},"featured_media":152761,"comment_status":"open","ping_status":"closed","template":"","meta":{"_acf_changed":false},"product_brand":[99],"product_cat":[98],"product_tag":[],"class_list":{"0":"post-152759","1":"product","2":"type-product","3":"status-publish","4":"has-post-thumbnail","6":"product_brand-versante-sud","7":"product_cat-libri","9":"first","10":"instock","11":"taxable","12":"shipping-taxable","13":"purchasable","14":"product-type-simple"},"acf":[],"yoast_head":"<!-- This site is optimized with the Yoast SEO plugin v26.4 - https:\/\/yoast.com\/wordpress\/plugins\/seo\/ -->\n<title>Malopasso guida versante sud - Sestogrado<\/title>\n<meta name=\"description\" content=\"Il libro descrive quasi\u00a060 siti d\u2019arrampicata tra la Costa d\u2019Amalfi,\u00a0Positano,\u00a0Palinuro,\u00a0il Parco del Cilento e Maratea. Oltre alle relazioni aggiornate delle falesie e degli itinerari storici, questa quarta edizione di\u00a0MALOPASSO\u00a0si arricchisce di\u00a0una sezione dedicata alle vie ferrate presenti nella regione e sull\u2019Appennino Lucano.Sulla Costa d\u2019Amalfi si scala spesso in\u00a0luoghi poco conosciuti, tra scenari insoliti, caratterizzati da abitazioni rupestri, chiese, monasteri,\u00a0dove i colori della montagna si fondono col blu del mare. Durante i mesi invernali, i villaggi sul mare assumono un fascino particolare e l\u2019arrampicata diventa un veicolo naturale di conoscenza dei luoghi, della gente, del passato e della storia.Lasciati i dedali di stradine, la natura e le scogliere della Costiera Amalfitana, il paesaggio cambia radicalmente via via che ci si avvicina alla zona del\u00a0Parco del Cilento,\u00a0Vallo di Diano\u00a0e\u00a0Alburni.Le pareti del Cilento hanno un valore aggiunto. La pietra dove si scala si mescola ai profumi mediterranei, alla storia e alle tradizioni popolari ed \u00e8 dall\u2019alto di queste pareti che si percepisce meglio la capacit\u00e0, che possiedono questi luoghi, di far emozionare.\" \/>\n<meta name=\"robots\" content=\"index, follow, max-snippet:-1, max-image-preview:large, max-video-preview:-1\" \/>\n<link rel=\"canonical\" href=\"https:\/\/www.sestogrado.it\/it\/prodotto\/malopasso-guida-versante-sud\/\" \/>\n<meta property=\"og:locale\" content=\"it_IT\" \/>\n<meta property=\"og:type\" content=\"article\" \/>\n<meta property=\"og:title\" content=\"Malopasso guida versante sud - Sestogrado\" \/>\n<meta property=\"og:description\" content=\"Il libro descrive quasi\u00a060 siti d\u2019arrampicata tra la Costa d\u2019Amalfi,\u00a0Positano,\u00a0Palinuro,\u00a0il Parco del Cilento e Maratea. Oltre alle relazioni aggiornate delle falesie e degli itinerari storici, questa quarta edizione di\u00a0MALOPASSO\u00a0si arricchisce di\u00a0una sezione dedicata alle vie ferrate presenti nella regione e sull\u2019Appennino Lucano.Sulla Costa d\u2019Amalfi si scala spesso in\u00a0luoghi poco conosciuti, tra scenari insoliti, caratterizzati da abitazioni rupestri, chiese, monasteri,\u00a0dove i colori della montagna si fondono col blu del mare. Durante i mesi invernali, i villaggi sul mare assumono un fascino particolare e l\u2019arrampicata diventa un veicolo naturale di conoscenza dei luoghi, della gente, del passato e della storia.Lasciati i dedali di stradine, la natura e le scogliere della Costiera Amalfitana, il paesaggio cambia radicalmente via via che ci si avvicina alla zona del\u00a0Parco del Cilento,\u00a0Vallo di Diano\u00a0e\u00a0Alburni.Le pareti del Cilento hanno un valore aggiunto. La pietra dove si scala si mescola ai profumi mediterranei, alla storia e alle tradizioni popolari ed \u00e8 dall\u2019alto di queste pareti che si percepisce meglio la capacit\u00e0, che possiedono questi luoghi, di far emozionare.\" \/>\n<meta property=\"og:url\" content=\"https:\/\/www.sestogrado.it\/it\/prodotto\/malopasso-guida-versante-sud\/\" \/>\n<meta property=\"og:site_name\" content=\"Sestogrado\" \/>\n<meta property=\"article:publisher\" content=\"https:\/\/www.facebook.com\/pages\/Sestogrado\/1542635979353017?ref=bookmarks\" \/>\n<meta property=\"article:modified_time\" content=\"2025-12-10T16:43:19+00:00\" \/>\n<meta property=\"og:image\" content=\"https:\/\/www.sestogrado.it\/wp-content\/uploads\/2024\/01\/01-1.jpg\" \/>\n\t<meta property=\"og:image:width\" content=\"900\" \/>\n\t<meta property=\"og:image:height\" content=\"900\" \/>\n\t<meta property=\"og:image:type\" content=\"image\/jpeg\" \/>\n<meta name=\"twitter:label1\" content=\"Prezzo\" \/>\n\t<meta name=\"twitter:data1\" content=\"&euro;&nbsp;34,00\" \/>\n\t<meta name=\"twitter:label2\" content=\"Disponibilit\u00e0\" \/>\n\t<meta name=\"twitter:data2\" content=\"In stock\" \/>\n<script type=\"application\/ld+json\" class=\"yoast-schema-graph\">{\"@context\":\"https:\/\/schema.org\",\"@graph\":[{\"@type\":\"WebPage\",\"@id\":\"https:\/\/www.sestogrado.it\/it\/prodotto\/malopasso-guida-versante-sud\/\",\"url\":\"https:\/\/www.sestogrado.it\/it\/prodotto\/malopasso-guida-versante-sud\/\",\"name\":\"Malopasso guida versante sud - Sestogrado\",\"isPartOf\":{\"@id\":\"https:\/\/www.sestogrado.it\/it\/#website\"},\"primaryImageOfPage\":{\"@id\":\"https:\/\/www.sestogrado.it\/it\/prodotto\/malopasso-guida-versante-sud\/#primaryimage\"},\"image\":{\"@id\":\"https:\/\/www.sestogrado.it\/prodotto\/malopasso-guida-versante-sud\/#primaryimage\"},\"thumbnailUrl\":\"https:\/\/www.sestogrado.it\/wp-content\/uploads\/2024\/01\/01-1.jpg\",\"datePublished\":\"2024-01-11T07:55:58+00:00\",\"dateModified\":\"2025-12-10T16:43:19+00:00\",\"description\":\"Il libro descrive quasi\u00a060 siti d\u2019arrampicata tra la Costa d\u2019Amalfi,\u00a0Positano,\u00a0Palinuro,\u00a0il Parco del Cilento e Maratea. Oltre alle relazioni aggiornate delle falesie e degli itinerari storici, questa quarta edizione di\u00a0MALOPASSO\u00a0si arricchisce di\u00a0una sezione dedicata alle vie ferrate presenti nella regione e sull\u2019Appennino Lucano.Sulla Costa d\u2019Amalfi si scala spesso in\u00a0luoghi poco conosciuti, tra scenari insoliti, caratterizzati da abitazioni rupestri, chiese, monasteri,\u00a0dove i colori della montagna si fondono col blu del mare. Durante i mesi invernali, i villaggi sul mare assumono un fascino particolare e l\u2019arrampicata diventa un veicolo naturale di conoscenza dei luoghi, della gente, del passato e della storia.Lasciati i dedali di stradine, la natura e le scogliere della Costiera Amalfitana, il paesaggio cambia radicalmente via via che ci si avvicina alla zona del\u00a0Parco del Cilento,\u00a0Vallo di Diano\u00a0e\u00a0Alburni.Le pareti del Cilento hanno un valore aggiunto. La pietra dove si scala si mescola ai profumi mediterranei, alla storia e alle tradizioni popolari ed \u00e8 dall\u2019alto di queste pareti che si percepisce meglio la capacit\u00e0, che possiedono questi luoghi, di far emozionare.\",\"breadcrumb\":{\"@id\":\"https:\/\/www.sestogrado.it\/it\/prodotto\/malopasso-guida-versante-sud\/#breadcrumb\"},\"inLanguage\":\"it-IT\",\"potentialAction\":[{\"@type\":\"ReadAction\",\"target\":[[\"https:\/\/www.sestogrado.it\/it\/prodotto\/malopasso-guida-versante-sud\/\"]]}]},{\"@type\":\"ImageObject\",\"inLanguage\":\"it-IT\",\"@id\":\"https:\/\/www.sestogrado.it\/it\/prodotto\/malopasso-guida-versante-sud\/#primaryimage\",\"url\":\"https:\/\/www.sestogrado.it\/wp-content\/uploads\/2024\/01\/01-1.jpg\",\"contentUrl\":\"https:\/\/www.sestogrado.it\/wp-content\/uploads\/2024\/01\/01-1.jpg\",\"width\":900,\"height\":900},{\"@type\":\"BreadcrumbList\",\"@id\":\"https:\/\/www.sestogrado.it\/it\/prodotto\/malopasso-guida-versante-sud\/#breadcrumb\",\"itemListElement\":[{\"@type\":\"ListItem\",\"position\":1,\"name\":\"Home\",\"item\":\"https:\/\/www.sestogrado.it\/it\/\"},{\"@type\":\"ListItem\",\"position\":2,\"name\":\"Shop\",\"item\":\"https:\/\/www.sestogrado.it\/it\/shop\/\"},{\"@type\":\"ListItem\",\"position\":3,\"name\":\"Malopasso guida versante sud\"}]},{\"@type\":\"WebSite\",\"@id\":\"https:\/\/www.sestogrado.it\/it\/#website\",\"url\":\"https:\/\/www.sestogrado.it\/it\/\",\"name\":\"Sestogrado\",\"description\":\"yes we climb\",\"publisher\":{\"@id\":\"https:\/\/www.sestogrado.it\/it\/#organization\"},\"potentialAction\":[{\"@type\":\"SearchAction\",\"target\":{\"@type\":\"EntryPoint\",\"urlTemplate\":\"https:\/\/www.sestogrado.it\/it\/?s={search_term_string}\"},\"query-input\":{\"@type\":\"PropertyValueSpecification\",\"valueRequired\":true,\"valueName\":\"search_term_string\"}}],\"inLanguage\":\"it-IT\"},{\"@type\":\"Organization\",\"@id\":\"https:\/\/www.sestogrado.it\/it\/#organization\",\"name\":\"Sestogrado\",\"url\":\"https:\/\/www.sestogrado.it\/it\/\",\"logo\":{\"@type\":\"ImageObject\",\"inLanguage\":\"it-IT\",\"@id\":\"https:\/\/www.sestogrado.it\/it\/#\/schema\/logo\/image\/\",\"url\":\"https:\/\/www.sestogrado.it\/wp-content\/uploads\/2015\/03\/sestogrado-favicon.png\",\"contentUrl\":\"https:\/\/www.sestogrado.it\/wp-content\/uploads\/2015\/03\/sestogrado-favicon.png\",\"width\":260,\"height\":260,\"caption\":\"Sestogrado\"},\"image\":{\"@id\":\"https:\/\/www.sestogrado.it\/it\/#\/schema\/logo\/image\/\"},\"sameAs\":[\"https:\/\/www.facebook.com\/pages\/Sestogrado\/1542635979353017?ref=bookmarks\",\"https:\/\/www.youtube.com\/channel\/UC847kAfTkaJsWpc1jtQwr3Q\"],\"hasMerchantReturnPolicy\":{\"@type\":\"MerchantReturnPolicy\",\"merchantReturnLink\":\"https:\/\/www.sestogrado.it\/it\/termini-e-condizioni\/\"}}]}<\/script>\n<meta property=\"product:brand\" content=\"Versante Sud\" \/>\n<meta property=\"product:price:amount\" content=\"34.00\" \/>\n<meta property=\"product:price:currency\" content=\"EUR\" \/>\n<meta property=\"og:availability\" content=\"instock\" \/>\n<meta property=\"product:availability\" content=\"instock\" \/>\n<meta property=\"product:condition\" content=\"new\" \/>\n<!-- \/ Yoast SEO plugin. -->","yoast_head_json":{"title":"Malopasso guida versante sud - Sestogrado","description":"Il libro descrive quasi\u00a060 siti d\u2019arrampicata tra la Costa d\u2019Amalfi,\u00a0Positano,\u00a0Palinuro,\u00a0il Parco del Cilento e Maratea. Oltre alle relazioni aggiornate delle falesie e degli itinerari storici, questa quarta edizione di\u00a0MALOPASSO\u00a0si arricchisce di\u00a0una sezione dedicata alle vie ferrate presenti nella regione e sull\u2019Appennino Lucano.Sulla Costa d\u2019Amalfi si scala spesso in\u00a0luoghi poco conosciuti, tra scenari insoliti, caratterizzati da abitazioni rupestri, chiese, monasteri,\u00a0dove i colori della montagna si fondono col blu del mare. Durante i mesi invernali, i villaggi sul mare assumono un fascino particolare e l\u2019arrampicata diventa un veicolo naturale di conoscenza dei luoghi, della gente, del passato e della storia.Lasciati i dedali di stradine, la natura e le scogliere della Costiera Amalfitana, il paesaggio cambia radicalmente via via che ci si avvicina alla zona del\u00a0Parco del Cilento,\u00a0Vallo di Diano\u00a0e\u00a0Alburni.Le pareti del Cilento hanno un valore aggiunto. La pietra dove si scala si mescola ai profumi mediterranei, alla storia e alle tradizioni popolari ed \u00e8 dall\u2019alto di queste pareti che si percepisce meglio la capacit\u00e0, che possiedono questi luoghi, di far emozionare.","robots":{"index":"index","follow":"follow","max-snippet":"max-snippet:-1","max-image-preview":"max-image-preview:large","max-video-preview":"max-video-preview:-1"},"canonical":"https:\/\/www.sestogrado.it\/it\/prodotto\/malopasso-guida-versante-sud\/","og_locale":"it_IT","og_type":"article","og_title":"Malopasso guida versante sud - Sestogrado","og_description":"Il libro descrive quasi\u00a060 siti d\u2019arrampicata tra la Costa d\u2019Amalfi,\u00a0Positano,\u00a0Palinuro,\u00a0il Parco del Cilento e Maratea. Oltre alle relazioni aggiornate delle falesie e degli itinerari storici, questa quarta edizione di\u00a0MALOPASSO\u00a0si arricchisce di\u00a0una sezione dedicata alle vie ferrate presenti nella regione e sull\u2019Appennino Lucano.Sulla Costa d\u2019Amalfi si scala spesso in\u00a0luoghi poco conosciuti, tra scenari insoliti, caratterizzati da abitazioni rupestri, chiese, monasteri,\u00a0dove i colori della montagna si fondono col blu del mare. Durante i mesi invernali, i villaggi sul mare assumono un fascino particolare e l\u2019arrampicata diventa un veicolo naturale di conoscenza dei luoghi, della gente, del passato e della storia.Lasciati i dedali di stradine, la natura e le scogliere della Costiera Amalfitana, il paesaggio cambia radicalmente via via che ci si avvicina alla zona del\u00a0Parco del Cilento,\u00a0Vallo di Diano\u00a0e\u00a0Alburni.Le pareti del Cilento hanno un valore aggiunto. La pietra dove si scala si mescola ai profumi mediterranei, alla storia e alle tradizioni popolari ed \u00e8 dall\u2019alto di queste pareti che si percepisce meglio la capacit\u00e0, che possiedono questi luoghi, di far emozionare.","og_url":"https:\/\/www.sestogrado.it\/it\/prodotto\/malopasso-guida-versante-sud\/","og_site_name":"Sestogrado","article_publisher":"https:\/\/www.facebook.com\/pages\/Sestogrado\/1542635979353017?ref=bookmarks","article_modified_time":"2025-12-10T16:43:19+00:00","og_image":[{"width":900,"height":900,"url":"https:\/\/www.sestogrado.it\/wp-content\/uploads\/2024\/01\/01-1.jpg","type":"image\/jpeg"}],"twitter_misc":{"Prezzo":"&euro;&nbsp;34,00","Disponibilit\u00e0":"In stock"},"schema":{"@context":"https:\/\/schema.org","@graph":[{"@type":"WebPage","@id":"https:\/\/www.sestogrado.it\/it\/prodotto\/malopasso-guida-versante-sud\/","url":"https:\/\/www.sestogrado.it\/it\/prodotto\/malopasso-guida-versante-sud\/","name":"Malopasso guida versante sud - Sestogrado","isPartOf":{"@id":"https:\/\/www.sestogrado.it\/it\/#website"},"primaryImageOfPage":{"@id":"https:\/\/www.sestogrado.it\/it\/prodotto\/malopasso-guida-versante-sud\/#primaryimage"},"image":{"@id":"https:\/\/www.sestogrado.it\/prodotto\/malopasso-guida-versante-sud\/#primaryimage"},"thumbnailUrl":"https:\/\/www.sestogrado.it\/wp-content\/uploads\/2024\/01\/01-1.jpg","datePublished":"2024-01-11T07:55:58+00:00","dateModified":"2025-12-10T16:43:19+00:00","description":"Il libro descrive quasi\u00a060 siti d\u2019arrampicata tra la Costa d\u2019Amalfi,\u00a0Positano,\u00a0Palinuro,\u00a0il Parco del Cilento e Maratea. Oltre alle relazioni aggiornate delle falesie e degli itinerari storici, questa quarta edizione di\u00a0MALOPASSO\u00a0si arricchisce di\u00a0una sezione dedicata alle vie ferrate presenti nella regione e sull\u2019Appennino Lucano.Sulla Costa d\u2019Amalfi si scala spesso in\u00a0luoghi poco conosciuti, tra scenari insoliti, caratterizzati da abitazioni rupestri, chiese, monasteri,\u00a0dove i colori della montagna si fondono col blu del mare. Durante i mesi invernali, i villaggi sul mare assumono un fascino particolare e l\u2019arrampicata diventa un veicolo naturale di conoscenza dei luoghi, della gente, del passato e della storia.Lasciati i dedali di stradine, la natura e le scogliere della Costiera Amalfitana, il paesaggio cambia radicalmente via via che ci si avvicina alla zona del\u00a0Parco del Cilento,\u00a0Vallo di Diano\u00a0e\u00a0Alburni.Le pareti del Cilento hanno un valore aggiunto. La pietra dove si scala si mescola ai profumi mediterranei, alla storia e alle tradizioni popolari ed \u00e8 dall\u2019alto di queste pareti che si percepisce meglio la capacit\u00e0, che possiedono questi luoghi, di far emozionare.","breadcrumb":{"@id":"https:\/\/www.sestogrado.it\/it\/prodotto\/malopasso-guida-versante-sud\/#breadcrumb"},"inLanguage":"it-IT","potentialAction":[{"@type":"ReadAction","target":[["https:\/\/www.sestogrado.it\/it\/prodotto\/malopasso-guida-versante-sud\/"]]}]},{"@type":"ImageObject","inLanguage":"it-IT","@id":"https:\/\/www.sestogrado.it\/it\/prodotto\/malopasso-guida-versante-sud\/#primaryimage","url":"https:\/\/www.sestogrado.it\/wp-content\/uploads\/2024\/01\/01-1.jpg","contentUrl":"https:\/\/www.sestogrado.it\/wp-content\/uploads\/2024\/01\/01-1.jpg","width":900,"height":900},{"@type":"BreadcrumbList","@id":"https:\/\/www.sestogrado.it\/it\/prodotto\/malopasso-guida-versante-sud\/#breadcrumb","itemListElement":[{"@type":"ListItem","position":1,"name":"Home","item":"https:\/\/www.sestogrado.it\/it\/"},{"@type":"ListItem","position":2,"name":"Shop","item":"https:\/\/www.sestogrado.it\/it\/shop\/"},{"@type":"ListItem","position":3,"name":"Malopasso guida versante sud"}]},{"@type":"WebSite","@id":"https:\/\/www.sestogrado.it\/it\/#website","url":"https:\/\/www.sestogrado.it\/it\/","name":"Sestogrado","description":"yes we climb","publisher":{"@id":"https:\/\/www.sestogrado.it\/it\/#organization"},"potentialAction":[{"@type":"SearchAction","target":{"@type":"EntryPoint","urlTemplate":"https:\/\/www.sestogrado.it\/it\/?s={search_term_string}"},"query-input":{"@type":"PropertyValueSpecification","valueRequired":true,"valueName":"search_term_string"}}],"inLanguage":"it-IT"},{"@type":"Organization","@id":"https:\/\/www.sestogrado.it\/it\/#organization","name":"Sestogrado","url":"https:\/\/www.sestogrado.it\/it\/","logo":{"@type":"ImageObject","inLanguage":"it-IT","@id":"https:\/\/www.sestogrado.it\/it\/#\/schema\/logo\/image\/","url":"https:\/\/www.sestogrado.it\/wp-content\/uploads\/2015\/03\/sestogrado-favicon.png","contentUrl":"https:\/\/www.sestogrado.it\/wp-content\/uploads\/2015\/03\/sestogrado-favicon.png","width":260,"height":260,"caption":"Sestogrado"},"image":{"@id":"https:\/\/www.sestogrado.it\/it\/#\/schema\/logo\/image\/"},"sameAs":["https:\/\/www.facebook.com\/pages\/Sestogrado\/1542635979353017?ref=bookmarks","https:\/\/www.youtube.com\/channel\/UC847kAfTkaJsWpc1jtQwr3Q"],"hasMerchantReturnPolicy":{"@type":"MerchantReturnPolicy","merchantReturnLink":"https:\/\/www.sestogrado.it\/it\/termini-e-condizioni\/"}}]},"product_brand":"Versante Sud","product_price_amount":"34.00","product_price_currency":"EUR","og_availability":"instock","product_availability":"instock","product_condition":"new"},"_links":{"self":[{"href":"https:\/\/www.sestogrado.it\/it\/wp-json\/wp\/v2\/product\/152759","targetHints":{"allow":["GET"]}}],"collection":[{"href":"https:\/\/www.sestogrado.it\/it\/wp-json\/wp\/v2\/product"}],"about":[{"href":"https:\/\/www.sestogrado.it\/it\/wp-json\/wp\/v2\/types\/product"}],"replies":[{"embeddable":true,"href":"https:\/\/www.sestogrado.it\/it\/wp-json\/wp\/v2\/comments?post=152759"}],"wp:featuredmedia":[{"embeddable":true,"href":"https:\/\/www.sestogrado.it\/it\/wp-json\/wp\/v2\/media\/152761"}],"wp:attachment":[{"href":"https:\/\/www.sestogrado.it\/it\/wp-json\/wp\/v2\/media?parent=152759"}],"wp:term":[{"taxonomy":"product_brand","embeddable":true,"href":"https:\/\/www.sestogrado.it\/it\/wp-json\/wp\/v2\/product_brand?post=152759"},{"taxonomy":"product_cat","embeddable":true,"href":"https:\/\/www.sestogrado.it\/it\/wp-json\/wp\/v2\/product_cat?post=152759"},{"taxonomy":"product_tag","embeddable":true,"href":"https:\/\/www.sestogrado.it\/it\/wp-json\/wp\/v2\/product_tag?post=152759"}],"curies":[{"name":"wp","href":"https:\/\/api.w.org\/{rel}","templated":true}]}}