{"id":15002,"date":"2018-02-12T16:11:35","date_gmt":"2018-02-12T15:11:35","guid":{"rendered":"https:\/\/www.sestogrado.it\/?post_type=product&#038;p=15002"},"modified":"2026-05-04T13:00:40","modified_gmt":"2026-05-04T11:00:40","slug":"beal-joker-9-1-soft-unicore-dry-cover-corda-arrampicata","status":"publish","type":"product","link":"https:\/\/www.sestogrado.it\/it\/prodotto\/beal-joker-9-1-soft-unicore-dry-cover-corda-arrampicata\/","title":{"rendered":"Beal Joker 9.1 Soft Unicore Dry cover corda arrampicata"},"content":{"rendered":"<p>La Beal Joker Soft 9.1 mm Unicore Dry Cover \u00e8 una corda da arrampicata con tripla certificazione che presenta le medesime caratteristiche della\u00a0<a href=\"https:\/\/www.sestogrado.it\/it\/prodotto\/beal-joker-9-1-unicore-dry-cover-corda-arrampicata\/\" target=\"_blank\" rel=\"noopener noreferrer\">Joker<\/a>, ma con una costruzione particolare che la rende pi\u00f9 morbida e maneggevole, per una performance senza paragoni.<\/p>\n<p>Considerata da diversi anni una delle corde migliori in commercio, grazie alla sua versatilit\u00e0, durata e leggerezza, la Joker 9.1 nella versione soft possiede una calza pi\u00f9 morbida, studiata per dare la massima maneggevolezza e fluidit\u00e0. La Joker 9.1 Soft scorre maggiormente nei rinvii e nei dispositivi di assicurazione, per ridurre l&#8217;attrito anche nelle vie pi\u00f9 irregolari. La costruzione <a href=\"https:\/\/www.sestogrado.it\/it\/ecco-la-differenza-tra-una-corda-normale-e-una-unicore\/\" target=\"_blank\" rel=\"noopener noreferrer\">Unicore<\/a> fornisce la massima garanzia in termini di resistenza e di scorrimento della calza. Cos\u00ec come la versione normale, anche la Joker Soft \u00e8 certificata come singola, mezza e gemella ed ha il trattamento impermeabilizzante Dry Cover.<\/p>\n<p>&nbsp;<\/p>\n<ul>\n<li>calza morbida e scorrevole<\/li>\n<li>polivalente<\/li>\n<li>ultraleggera e versatile (52g metro)<\/li>\n<li>la corda non subisce alcun rigonfiamento e rimane morbida pi\u00f9 a lungo nel tempo<\/li>\n<li>tecnologia Dry Cover e Unicore<\/li>\n<\/ul>\n<p>La Beal Joker 9.1 Soft \u00e8 particolarmente indicata per un utilizzo in falesia, su vie sportive, per godere al massimo della fluidit\u00e0 e scorrevolezza senza paragoni.<\/p>\n<p>&nbsp;<\/p>\n<p>&nbsp;<\/p>\n<p><img decoding=\"async\" class=\" wp-image-4188 aligncenter\" src=\"https:\/\/www.sestogrado.it\/wp-content\/uploads\/2016\/02\/dc-100.png\" alt=\"dry cover\" width=\"80\" height=\"80\" srcset=\"https:\/\/www.sestogrado.it\/wp-content\/uploads\/2016\/02\/dc-100.png 110w, https:\/\/www.sestogrado.it\/wp-content\/uploads\/2016\/02\/dc-100-100x100.png 100w, https:\/\/www.sestogrado.it\/wp-content\/uploads\/2016\/02\/dc-100-150x150.png 150w, https:\/\/www.sestogrado.it\/wp-content\/uploads\/2016\/02\/dc-100-350x350.png 350w, https:\/\/www.sestogrado.it\/wp-content\/uploads\/2016\/02\/dc-100-45x45.png 45w, https:\/\/www.sestogrado.it\/wp-content\/uploads\/2016\/02\/dc-100-64x64.png 64w\" sizes=\"(max-width: 80px) 100vw, 80px\" \/><\/p>\n<p><strong>Trattamento Dry Cover<\/strong>: trattamento attraverso il quale ciascun filo della calza \u00e8 lavorato prima della fabbricazione con un componente chimico che migliora la resistenza all&#8217;abrasione e lo rende idro repellente. Una corda dry cover \u00e8:<\/p>\n<ul>\n<li>pi\u00f9 resistente alle impurit\u00e0 e umidit\u00e0<\/li>\n<li>pi\u00f9 resistente all&#8217;abrasione<\/li>\n<li>mantiene una migliore fluidit\u00e0 nel passaggio attraverso i moschettoni<\/li>\n<\/ul>\n<p><img decoding=\"async\" class=\" wp-image-4189 aligncenter\" src=\"https:\/\/www.sestogrado.it\/wp-content\/uploads\/2016\/02\/ThermoFluid.png\" alt=\"ThermoFluid\" width=\"97\" height=\"97\" srcset=\"https:\/\/www.sestogrado.it\/wp-content\/uploads\/2016\/02\/ThermoFluid.png 200w, https:\/\/www.sestogrado.it\/wp-content\/uploads\/2016\/02\/ThermoFluid-100x100.png 100w, https:\/\/www.sestogrado.it\/wp-content\/uploads\/2016\/02\/ThermoFluid-150x150.png 150w, https:\/\/www.sestogrado.it\/wp-content\/uploads\/2016\/02\/ThermoFluid-350x350.png 350w, https:\/\/www.sestogrado.it\/wp-content\/uploads\/2016\/02\/ThermoFluid-45x45.png 45w, https:\/\/www.sestogrado.it\/wp-content\/uploads\/2016\/02\/ThermoFluid-64x64.png 64w\" sizes=\"(max-width: 97px) 100vw, 97px\" \/><\/p>\n<p><strong>Trattamento Thermo Fluid<\/strong>: Trattamento ad infrarossi che stabilizza le fibre della guaina e la rende pi\u00f9 omogenea.<\/p>\n<p><img decoding=\"async\" class=\"size-full wp-image-4190 aligncenter\" src=\"https:\/\/www.sestogrado.it\/wp-content\/uploads\/2016\/02\/logoUnicore.png\" alt=\"logoUnicore\" width=\"100\" height=\"101\" srcset=\"https:\/\/www.sestogrado.it\/wp-content\/uploads\/2016\/02\/logoUnicore.png 100w, https:\/\/www.sestogrado.it\/wp-content\/uploads\/2016\/02\/logoUnicore-150x150.png 150w, https:\/\/www.sestogrado.it\/wp-content\/uploads\/2016\/02\/logoUnicore-350x350.png 350w, https:\/\/www.sestogrado.it\/wp-content\/uploads\/2016\/02\/logoUnicore-45x45.png 45w, https:\/\/www.sestogrado.it\/wp-content\/uploads\/2016\/02\/logoUnicore-63x64.png 63w\" sizes=\"(max-width: 100px) 100vw, 100px\" \/><\/p>\n<p><strong>Trattamento Unicore<\/strong>: Processo straordinario che unisce l&#8217;anima e la calza della corda senza modificarne le caratteristiche di morbidezza. Se la calza \u00e8 tagliata o lacerata, l&#8217;anima e la calza restano solidali. Su una corda classica, se la calza si taglia per abrasione su spigolo, fenomeno frequente nei lavori in quota, la calza scorre sull&#8217;anima e si ammassa per diversi metri.<\/p>\n<p>&nbsp;<\/p>\n<p>Beal \u00e8 leader mondiale nella produzione di corde da montagna grazie ad un avanzato sviluppo tecnologico nel processo \u00a0di fabbricazione che gli \u00e8 valso il certificato Iso 9001. Sempre attento alle esigenze degli arrampicatori, \u00e8 stato in grado di apportare dinamicit\u00e0 alla pratica dell&#8217;arrampicata grazie ad un&#8217;intensa attivit\u00e0 di ricerca. In particolare, Black Limit, Program System, trattamento Dry Cover, imbragature Aero, tecnologia Unicore.<\/p>","protected":false},"excerpt":{"rendered":"<p>La Beal Joker Soft 9.1 mm Unicore Dry Cover \u00e8 una corda da arrampicata con tripla certificazione che presenta le [&hellip;]<\/p>\n","protected":false},"featured_media":38804,"comment_status":"open","ping_status":"closed","template":"","meta":{"_acf_changed":false},"product_brand":[84],"product_cat":[136],"product_tag":[],"class_list":{"0":"post-15002","1":"product","2":"type-product","3":"status-publish","4":"has-post-thumbnail","6":"product_brand-beal","7":"product_cat-corde-corde","9":"first","10":"instock","11":"sale","12":"taxable","13":"shipping-taxable","14":"purchasable","15":"product-type-variable"},"acf":[],"yoast_head":"<!-- This site is optimized with the Yoast SEO plugin v26.4 - https:\/\/yoast.com\/wordpress\/plugins\/seo\/ -->\n<title>Beal Joker 9.1 Soft Unicore Dry cover corda arrampicata - Sestogrado<\/title>\n<meta name=\"description\" content=\"La Beal Joker 9.1 Soft \u00e8 la versione super morbida e maneggevole della celebre Beal Joker 9.1. La Joker Soft \u00e8 stata sviluppata per fornire la massima maneggevolezza e fluidit\u00e0, per uno scorrimento della corda ottimale anche sulle vie pi\u00f9 irregolari.\" \/>\n<meta name=\"robots\" content=\"index, follow, max-snippet:-1, max-image-preview:large, max-video-preview:-1\" \/>\n<link rel=\"canonical\" href=\"https:\/\/www.sestogrado.it\/it\/prodotto\/beal-joker-9-1-soft-unicore-dry-cover-corda-arrampicata\/\" \/>\n<meta property=\"og:locale\" content=\"it_IT\" \/>\n<meta property=\"og:type\" content=\"article\" \/>\n<meta property=\"og:title\" content=\"Beal Joker 9.1 Soft Unicore Dry cover corda arrampicata - Sestogrado\" \/>\n<meta property=\"og:description\" content=\"La Beal Joker 9.1 Soft \u00e8 la versione super morbida e maneggevole della celebre Beal Joker 9.1. La Joker Soft \u00e8 stata sviluppata per fornire la massima maneggevolezza e fluidit\u00e0, per uno scorrimento della corda ottimale anche sulle vie pi\u00f9 irregolari.\" \/>\n<meta property=\"og:url\" content=\"https:\/\/www.sestogrado.it\/it\/prodotto\/beal-joker-9-1-soft-unicore-dry-cover-corda-arrampicata\/\" \/>\n<meta property=\"og:site_name\" content=\"Sestogrado\" \/>\n<meta property=\"article:publisher\" content=\"https:\/\/www.facebook.com\/pages\/Sestogrado\/1542635979353017?ref=bookmarks\" \/>\n<meta property=\"article:modified_time\" content=\"2026-05-04T11:00:40+00:00\" \/>\n<meta property=\"og:image\" content=\"https:\/\/www.sestogrado.it\/wp-content\/uploads\/2018\/02\/joker-soft.jpg\" \/>\n\t<meta property=\"og:image:width\" content=\"1200\" \/>\n\t<meta property=\"og:image:height\" content=\"1200\" \/>\n\t<meta property=\"og:image:type\" content=\"image\/jpeg\" \/>\n<meta name=\"twitter:label1\" content=\"Disponibilit\u00e0\" \/>\n\t<meta name=\"twitter:data1\" content=\"In stock\" \/>\n<script type=\"application\/ld+json\" class=\"yoast-schema-graph\">{\"@context\":\"https:\/\/schema.org\",\"@graph\":[{\"@type\":\"WebPage\",\"@id\":\"https:\/\/www.sestogrado.it\/it\/prodotto\/beal-joker-9-1-soft-unicore-dry-cover-corda-arrampicata\/\",\"url\":\"https:\/\/www.sestogrado.it\/it\/prodotto\/beal-joker-9-1-soft-unicore-dry-cover-corda-arrampicata\/\",\"name\":\"Beal Joker 9.1 Soft Unicore Dry cover corda arrampicata - Sestogrado\",\"isPartOf\":{\"@id\":\"https:\/\/www.sestogrado.it\/it\/#website\"},\"primaryImageOfPage\":{\"@id\":\"https:\/\/www.sestogrado.it\/it\/prodotto\/beal-joker-9-1-soft-unicore-dry-cover-corda-arrampicata\/#primaryimage\"},\"image\":{\"@id\":\"https:\/\/www.sestogrado.it\/prodotto\/beal-joker-9-1-soft-unicore-dry-cover-corda-arrampicata\/#primaryimage\"},\"thumbnailUrl\":\"https:\/\/www.sestogrado.it\/wp-content\/uploads\/2018\/02\/joker-soft.jpg\",\"datePublished\":\"2018-02-12T15:11:35+00:00\",\"dateModified\":\"2026-05-04T11:00:40+00:00\",\"description\":\"La Beal Joker 9.1 Soft \u00e8 la versione super morbida e maneggevole della celebre Beal Joker 9.1. La Joker Soft \u00e8 stata sviluppata per fornire la massima maneggevolezza e fluidit\u00e0, per uno scorrimento della corda ottimale anche sulle vie pi\u00f9 irregolari.\",\"breadcrumb\":{\"@id\":\"https:\/\/www.sestogrado.it\/it\/prodotto\/beal-joker-9-1-soft-unicore-dry-cover-corda-arrampicata\/#breadcrumb\"},\"inLanguage\":\"it-IT\",\"potentialAction\":[{\"@type\":\"ReadAction\",\"target\":[[\"https:\/\/www.sestogrado.it\/it\/prodotto\/beal-joker-9-1-soft-unicore-dry-cover-corda-arrampicata\/\"]]}]},{\"@type\":\"ImageObject\",\"inLanguage\":\"it-IT\",\"@id\":\"https:\/\/www.sestogrado.it\/it\/prodotto\/beal-joker-9-1-soft-unicore-dry-cover-corda-arrampicata\/#primaryimage\",\"url\":\"https:\/\/www.sestogrado.it\/wp-content\/uploads\/2018\/02\/joker-soft.jpg\",\"contentUrl\":\"https:\/\/www.sestogrado.it\/wp-content\/uploads\/2018\/02\/joker-soft.jpg\",\"width\":1200,\"height\":1200,\"caption\":\"beal joker soft\"},{\"@type\":\"BreadcrumbList\",\"@id\":\"https:\/\/www.sestogrado.it\/it\/prodotto\/beal-joker-9-1-soft-unicore-dry-cover-corda-arrampicata\/#breadcrumb\",\"itemListElement\":[{\"@type\":\"ListItem\",\"position\":1,\"name\":\"Home\",\"item\":\"https:\/\/www.sestogrado.it\/it\/\"},{\"@type\":\"ListItem\",\"position\":2,\"name\":\"Shop\",\"item\":\"https:\/\/www.sestogrado.it\/it\/shop\/\"},{\"@type\":\"ListItem\",\"position\":3,\"name\":\"Beal Joker 9.1 Soft Unicore Dry cover corda arrampicata\"}]},{\"@type\":\"WebSite\",\"@id\":\"https:\/\/www.sestogrado.it\/it\/#website\",\"url\":\"https:\/\/www.sestogrado.it\/it\/\",\"name\":\"Sestogrado\",\"description\":\"yes we climb\",\"publisher\":{\"@id\":\"https:\/\/www.sestogrado.it\/it\/#organization\"},\"potentialAction\":[{\"@type\":\"SearchAction\",\"target\":{\"@type\":\"EntryPoint\",\"urlTemplate\":\"https:\/\/www.sestogrado.it\/it\/?s={search_term_string}\"},\"query-input\":{\"@type\":\"PropertyValueSpecification\",\"valueRequired\":true,\"valueName\":\"search_term_string\"}}],\"inLanguage\":\"it-IT\"},{\"@type\":\"Organization\",\"@id\":\"https:\/\/www.sestogrado.it\/it\/#organization\",\"name\":\"Sestogrado\",\"url\":\"https:\/\/www.sestogrado.it\/it\/\",\"logo\":{\"@type\":\"ImageObject\",\"inLanguage\":\"it-IT\",\"@id\":\"https:\/\/www.sestogrado.it\/it\/#\/schema\/logo\/image\/\",\"url\":\"https:\/\/www.sestogrado.it\/wp-content\/uploads\/2015\/03\/sestogrado-favicon.png\",\"contentUrl\":\"https:\/\/www.sestogrado.it\/wp-content\/uploads\/2015\/03\/sestogrado-favicon.png\",\"width\":260,\"height\":260,\"caption\":\"Sestogrado\"},\"image\":{\"@id\":\"https:\/\/www.sestogrado.it\/it\/#\/schema\/logo\/image\/\"},\"sameAs\":[\"https:\/\/www.facebook.com\/pages\/Sestogrado\/1542635979353017?ref=bookmarks\",\"https:\/\/www.youtube.com\/channel\/UC847kAfTkaJsWpc1jtQwr3Q\"],\"hasMerchantReturnPolicy\":{\"@type\":\"MerchantReturnPolicy\",\"merchantReturnLink\":\"https:\/\/www.sestogrado.it\/it\/termini-e-condizioni\/\"}}]}<\/script>\n<meta property=\"product:brand\" content=\"Beal\" \/>\n<meta property=\"og:availability\" content=\"instock\" \/>\n<meta property=\"product:availability\" content=\"instock\" \/>\n<meta property=\"product:condition\" content=\"new\" \/>\n<!-- \/ Yoast SEO plugin. -->","yoast_head_json":{"title":"Beal Joker 9.1 Soft Unicore Dry cover corda arrampicata - Sestogrado","description":"La Beal Joker 9.1 Soft \u00e8 la versione super morbida e maneggevole della celebre Beal Joker 9.1. La Joker Soft \u00e8 stata sviluppata per fornire la massima maneggevolezza e fluidit\u00e0, per uno scorrimento della corda ottimale anche sulle vie pi\u00f9 irregolari.","robots":{"index":"index","follow":"follow","max-snippet":"max-snippet:-1","max-image-preview":"max-image-preview:large","max-video-preview":"max-video-preview:-1"},"canonical":"https:\/\/www.sestogrado.it\/it\/prodotto\/beal-joker-9-1-soft-unicore-dry-cover-corda-arrampicata\/","og_locale":"it_IT","og_type":"article","og_title":"Beal Joker 9.1 Soft Unicore Dry cover corda arrampicata - Sestogrado","og_description":"La Beal Joker 9.1 Soft \u00e8 la versione super morbida e maneggevole della celebre Beal Joker 9.1. La Joker Soft \u00e8 stata sviluppata per fornire la massima maneggevolezza e fluidit\u00e0, per uno scorrimento della corda ottimale anche sulle vie pi\u00f9 irregolari.","og_url":"https:\/\/www.sestogrado.it\/it\/prodotto\/beal-joker-9-1-soft-unicore-dry-cover-corda-arrampicata\/","og_site_name":"Sestogrado","article_publisher":"https:\/\/www.facebook.com\/pages\/Sestogrado\/1542635979353017?ref=bookmarks","article_modified_time":"2026-05-04T11:00:40+00:00","og_image":[{"width":1200,"height":1200,"url":"https:\/\/www.sestogrado.it\/wp-content\/uploads\/2018\/02\/joker-soft.jpg","type":"image\/jpeg"}],"twitter_misc":{"Disponibilit\u00e0":"In stock"},"schema":{"@context":"https:\/\/schema.org","@graph":[{"@type":"WebPage","@id":"https:\/\/www.sestogrado.it\/it\/prodotto\/beal-joker-9-1-soft-unicore-dry-cover-corda-arrampicata\/","url":"https:\/\/www.sestogrado.it\/it\/prodotto\/beal-joker-9-1-soft-unicore-dry-cover-corda-arrampicata\/","name":"Beal Joker 9.1 Soft Unicore Dry cover corda arrampicata - Sestogrado","isPartOf":{"@id":"https:\/\/www.sestogrado.it\/it\/#website"},"primaryImageOfPage":{"@id":"https:\/\/www.sestogrado.it\/it\/prodotto\/beal-joker-9-1-soft-unicore-dry-cover-corda-arrampicata\/#primaryimage"},"image":{"@id":"https:\/\/www.sestogrado.it\/prodotto\/beal-joker-9-1-soft-unicore-dry-cover-corda-arrampicata\/#primaryimage"},"thumbnailUrl":"https:\/\/www.sestogrado.it\/wp-content\/uploads\/2018\/02\/joker-soft.jpg","datePublished":"2018-02-12T15:11:35+00:00","dateModified":"2026-05-04T11:00:40+00:00","description":"La Beal Joker 9.1 Soft \u00e8 la versione super morbida e maneggevole della celebre Beal Joker 9.1. La Joker Soft \u00e8 stata sviluppata per fornire la massima maneggevolezza e fluidit\u00e0, per uno scorrimento della corda ottimale anche sulle vie pi\u00f9 irregolari.","breadcrumb":{"@id":"https:\/\/www.sestogrado.it\/it\/prodotto\/beal-joker-9-1-soft-unicore-dry-cover-corda-arrampicata\/#breadcrumb"},"inLanguage":"it-IT","potentialAction":[{"@type":"ReadAction","target":[["https:\/\/www.sestogrado.it\/it\/prodotto\/beal-joker-9-1-soft-unicore-dry-cover-corda-arrampicata\/"]]}]},{"@type":"ImageObject","inLanguage":"it-IT","@id":"https:\/\/www.sestogrado.it\/it\/prodotto\/beal-joker-9-1-soft-unicore-dry-cover-corda-arrampicata\/#primaryimage","url":"https:\/\/www.sestogrado.it\/wp-content\/uploads\/2018\/02\/joker-soft.jpg","contentUrl":"https:\/\/www.sestogrado.it\/wp-content\/uploads\/2018\/02\/joker-soft.jpg","width":1200,"height":1200,"caption":"beal joker soft"},{"@type":"BreadcrumbList","@id":"https:\/\/www.sestogrado.it\/it\/prodotto\/beal-joker-9-1-soft-unicore-dry-cover-corda-arrampicata\/#breadcrumb","itemListElement":[{"@type":"ListItem","position":1,"name":"Home","item":"https:\/\/www.sestogrado.it\/it\/"},{"@type":"ListItem","position":2,"name":"Shop","item":"https:\/\/www.sestogrado.it\/it\/shop\/"},{"@type":"ListItem","position":3,"name":"Beal Joker 9.1 Soft Unicore Dry cover corda arrampicata"}]},{"@type":"WebSite","@id":"https:\/\/www.sestogrado.it\/it\/#website","url":"https:\/\/www.sestogrado.it\/it\/","name":"Sestogrado","description":"yes we climb","publisher":{"@id":"https:\/\/www.sestogrado.it\/it\/#organization"},"potentialAction":[{"@type":"SearchAction","target":{"@type":"EntryPoint","urlTemplate":"https:\/\/www.sestogrado.it\/it\/?s={search_term_string}"},"query-input":{"@type":"PropertyValueSpecification","valueRequired":true,"valueName":"search_term_string"}}],"inLanguage":"it-IT"},{"@type":"Organization","@id":"https:\/\/www.sestogrado.it\/it\/#organization","name":"Sestogrado","url":"https:\/\/www.sestogrado.it\/it\/","logo":{"@type":"ImageObject","inLanguage":"it-IT","@id":"https:\/\/www.sestogrado.it\/it\/#\/schema\/logo\/image\/","url":"https:\/\/www.sestogrado.it\/wp-content\/uploads\/2015\/03\/sestogrado-favicon.png","contentUrl":"https:\/\/www.sestogrado.it\/wp-content\/uploads\/2015\/03\/sestogrado-favicon.png","width":260,"height":260,"caption":"Sestogrado"},"image":{"@id":"https:\/\/www.sestogrado.it\/it\/#\/schema\/logo\/image\/"},"sameAs":["https:\/\/www.facebook.com\/pages\/Sestogrado\/1542635979353017?ref=bookmarks","https:\/\/www.youtube.com\/channel\/UC847kAfTkaJsWpc1jtQwr3Q"],"hasMerchantReturnPolicy":{"@type":"MerchantReturnPolicy","merchantReturnLink":"https:\/\/www.sestogrado.it\/it\/termini-e-condizioni\/"}}]},"product_brand":"Beal","og_availability":"instock","product_availability":"instock","product_condition":"new"},"_links":{"self":[{"href":"https:\/\/www.sestogrado.it\/it\/wp-json\/wp\/v2\/product\/15002","targetHints":{"allow":["GET"]}}],"collection":[{"href":"https:\/\/www.sestogrado.it\/it\/wp-json\/wp\/v2\/product"}],"about":[{"href":"https:\/\/www.sestogrado.it\/it\/wp-json\/wp\/v2\/types\/product"}],"replies":[{"embeddable":true,"href":"https:\/\/www.sestogrado.it\/it\/wp-json\/wp\/v2\/comments?post=15002"}],"wp:featuredmedia":[{"embeddable":true,"href":"https:\/\/www.sestogrado.it\/it\/wp-json\/wp\/v2\/media\/38804"}],"wp:attachment":[{"href":"https:\/\/www.sestogrado.it\/it\/wp-json\/wp\/v2\/media?parent=15002"}],"wp:term":[{"taxonomy":"product_brand","embeddable":true,"href":"https:\/\/www.sestogrado.it\/it\/wp-json\/wp\/v2\/product_brand?post=15002"},{"taxonomy":"product_cat","embeddable":true,"href":"https:\/\/www.sestogrado.it\/it\/wp-json\/wp\/v2\/product_cat?post=15002"},{"taxonomy":"product_tag","embeddable":true,"href":"https:\/\/www.sestogrado.it\/it\/wp-json\/wp\/v2\/product_tag?post=15002"}],"curies":[{"name":"wp","href":"https:\/\/api.w.org\/{rel}","templated":true}]}}