{"id":14829,"date":"2018-01-23T14:54:51","date_gmt":"2018-01-23T13:54:51","guid":{"rendered":"https:\/\/www.sestogrado.it\/?post_type=product&#038;p=14829"},"modified":"2025-03-19T14:51:47","modified_gmt":"2025-03-19T13:51:47","slug":"black-diamond-lockdown-leash-dragonne-piccozza","status":"publish","type":"product","link":"https:\/\/www.sestogrado.it\/it\/prodotto\/black-diamond-lockdown-leash-dragonne-piccozza\/","title":{"rendered":"Black Diamond Lockdown Leash dragonne per piccozza"},"content":{"rendered":"<p>La Black Diamond Lockdown Leash \u00e8 una dragonne compatibile con tutte le piccozze Black Diamond e di qualsiasi altra marca. La Lockdown Leash \u00e8 una dragonne semplice e classica che fornisce un attacco sicuro per i tuoi attrezzi da ghiaccio. Utilizza un attacco con nodo scorrevole per farti tenere comodamente agganciata la piccozza. Il nodo scorrevole si serra quando viene trazionato e si allenta facilmente tirando il cappio. Il cinturino da polso imbottito distribuisce uniformemente il peso, offrendo un comfort per tutto il giorno.<\/p>\n<ul>\n<li>compatibile con qualsiasi piccozza<\/li>\n<li>cinturino imbottito offre comfort per lunghe giornate<\/li>\n<li>il nodo scorrevole si serra se trazionato e si allenta facilmente tirando il cappio<\/li>\n<li>omologata per 2kN di tenuta<\/li>\n<\/ul>\n<p>&nbsp;<\/p>\n<p>Comoda e versatile, la dragonne\u00a0Lockdown Leash \u00e8 particolarmente indicata per la piccozza <a href=\"https:\/\/www.sestogrado.it\/it\/prodotto\/black-diamond-venom-adzehammer-piccozza\/\" target=\"_blank\" rel=\"noopener noreferrer\">Venom<\/a>.<\/p>\n<p>&nbsp;<\/p>\n<p>Black Diamond dal 1957 rappresenta un punto di riferimento mondiale per l\u2019attrezzatura da arrampicata. Ci\u00f2 che all\u2019inizio era una attivit\u00e0 artigianale con incudine e martello oggi si \u00e8 trasformata in una societ\u00e0 globale con uffici in tre continenti. Il segreto di Black Diamond \u00e8 sempre lo stesso: essere una societ\u00e0 formata da appassionati climber. In Black Diamond si continua a sognare su ci\u00f2 che potrebbe essere e si continua ad essere critici su ci\u00f2 che esiste. E\u2019 cos\u00ec che il processo creativo per la realizzazione della migliore attrezzatura da arrampicata non avr\u00e0 mai fine.<\/p>","protected":false},"excerpt":{"rendered":"<p>La Black Diamond Lockdown Leash \u00e8 una dragonne compatibile con tutte le piccozze Black Diamond e di qualsiasi altra marca. [&hellip;]<\/p>\n","protected":false},"featured_media":14830,"comment_status":"open","ping_status":"closed","template":"","meta":{"_acf_changed":false},"product_brand":[121],"product_cat":[1315],"product_tag":[],"class_list":{"0":"post-14829","1":"product","2":"type-product","3":"status-publish","4":"has-post-thumbnail","6":"product_brand-black-diamond","7":"product_cat-dragonne","9":"first","10":"instock","11":"sale","12":"taxable","13":"shipping-taxable","14":"purchasable","15":"product-type-simple"},"acf":[],"yoast_head":"<!-- This site is optimized with the Yoast SEO plugin v26.4 - https:\/\/yoast.com\/wordpress\/plugins\/seo\/ -->\n<title>Black Diamond Lockdown Leash dragonne per piccozza - Sestogrado<\/title>\n<meta name=\"description\" content=\"La Black Diamond Lockdown Leash \u00e8 una dragonne compatibile con tutte le piccozze Black Diamond e di qualsiasi altra marca. La Lockdown Leash \u00e8 una dragonne semplice e classica che fornisce un attacco sicuro per i tuoi attrezzi da ghiaccio.\" \/>\n<meta name=\"robots\" content=\"index, follow, max-snippet:-1, max-image-preview:large, max-video-preview:-1\" \/>\n<link rel=\"canonical\" href=\"https:\/\/www.sestogrado.it\/it\/prodotto\/black-diamond-lockdown-leash-dragonne-piccozza\/\" \/>\n<meta property=\"og:locale\" content=\"it_IT\" \/>\n<meta property=\"og:type\" content=\"article\" \/>\n<meta property=\"og:title\" content=\"Black Diamond Lockdown Leash dragonne per piccozza - Sestogrado\" \/>\n<meta property=\"og:description\" content=\"La Black Diamond Lockdown Leash \u00e8 una dragonne compatibile con tutte le piccozze Black Diamond e di qualsiasi altra marca. La Lockdown Leash \u00e8 una dragonne semplice e classica che fornisce un attacco sicuro per i tuoi attrezzi da ghiaccio.\" \/>\n<meta property=\"og:url\" content=\"https:\/\/www.sestogrado.it\/it\/prodotto\/black-diamond-lockdown-leash-dragonne-piccozza\/\" \/>\n<meta property=\"og:site_name\" content=\"Sestogrado\" \/>\n<meta property=\"article:publisher\" content=\"https:\/\/www.facebook.com\/pages\/Sestogrado\/1542635979353017?ref=bookmarks\" \/>\n<meta property=\"article:modified_time\" content=\"2025-03-19T13:51:47+00:00\" \/>\n<meta property=\"og:image\" content=\"https:\/\/www.sestogrado.it\/wp-content\/uploads\/2018\/01\/lockdown.jpg\" \/>\n\t<meta property=\"og:image:width\" content=\"2000\" \/>\n\t<meta property=\"og:image:height\" content=\"1800\" \/>\n\t<meta property=\"og:image:type\" content=\"image\/jpeg\" \/>\n<meta name=\"twitter:label1\" content=\"Prezzo\" \/>\n\t<meta name=\"twitter:data1\" content=\"&euro;&nbsp;18,00\" \/>\n\t<meta name=\"twitter:label2\" content=\"Disponibilit\u00e0\" \/>\n\t<meta name=\"twitter:data2\" content=\"In stock\" \/>\n<script type=\"application\/ld+json\" class=\"yoast-schema-graph\">{\"@context\":\"https:\/\/schema.org\",\"@graph\":[{\"@type\":\"WebPage\",\"@id\":\"https:\/\/www.sestogrado.it\/it\/prodotto\/black-diamond-lockdown-leash-dragonne-piccozza\/\",\"url\":\"https:\/\/www.sestogrado.it\/it\/prodotto\/black-diamond-lockdown-leash-dragonne-piccozza\/\",\"name\":\"Black Diamond Lockdown Leash dragonne per piccozza - Sestogrado\",\"isPartOf\":{\"@id\":\"https:\/\/www.sestogrado.it\/it\/#website\"},\"primaryImageOfPage\":{\"@id\":\"https:\/\/www.sestogrado.it\/it\/prodotto\/black-diamond-lockdown-leash-dragonne-piccozza\/#primaryimage\"},\"image\":{\"@id\":\"https:\/\/www.sestogrado.it\/prodotto\/black-diamond-lockdown-leash-dragonne-piccozza\/#primaryimage\"},\"thumbnailUrl\":\"https:\/\/www.sestogrado.it\/wp-content\/uploads\/2018\/01\/lockdown.jpg\",\"datePublished\":\"2018-01-23T13:54:51+00:00\",\"dateModified\":\"2025-03-19T13:51:47+00:00\",\"description\":\"La Black Diamond Lockdown Leash \u00e8 una dragonne compatibile con tutte le piccozze Black Diamond e di qualsiasi altra marca. La Lockdown Leash \u00e8 una dragonne semplice e classica che fornisce un attacco sicuro per i tuoi attrezzi da ghiaccio.\",\"breadcrumb\":{\"@id\":\"https:\/\/www.sestogrado.it\/it\/prodotto\/black-diamond-lockdown-leash-dragonne-piccozza\/#breadcrumb\"},\"inLanguage\":\"it-IT\",\"potentialAction\":[{\"@type\":\"ReadAction\",\"target\":[[\"https:\/\/www.sestogrado.it\/it\/prodotto\/black-diamond-lockdown-leash-dragonne-piccozza\/\"]]}]},{\"@type\":\"ImageObject\",\"inLanguage\":\"it-IT\",\"@id\":\"https:\/\/www.sestogrado.it\/it\/prodotto\/black-diamond-lockdown-leash-dragonne-piccozza\/#primaryimage\",\"url\":\"https:\/\/www.sestogrado.it\/wp-content\/uploads\/2018\/01\/lockdown.jpg\",\"contentUrl\":\"https:\/\/www.sestogrado.it\/wp-content\/uploads\/2018\/01\/lockdown.jpg\",\"width\":2000,\"height\":1800,\"caption\":\"lockdown\"},{\"@type\":\"BreadcrumbList\",\"@id\":\"https:\/\/www.sestogrado.it\/it\/prodotto\/black-diamond-lockdown-leash-dragonne-piccozza\/#breadcrumb\",\"itemListElement\":[{\"@type\":\"ListItem\",\"position\":1,\"name\":\"Home\",\"item\":\"https:\/\/www.sestogrado.it\/it\/\"},{\"@type\":\"ListItem\",\"position\":2,\"name\":\"Shop\",\"item\":\"https:\/\/www.sestogrado.it\/it\/shop\/\"},{\"@type\":\"ListItem\",\"position\":3,\"name\":\"Black Diamond Lockdown Leash dragonne per piccozza\"}]},{\"@type\":\"WebSite\",\"@id\":\"https:\/\/www.sestogrado.it\/it\/#website\",\"url\":\"https:\/\/www.sestogrado.it\/it\/\",\"name\":\"Sestogrado\",\"description\":\"yes we climb\",\"publisher\":{\"@id\":\"https:\/\/www.sestogrado.it\/it\/#organization\"},\"potentialAction\":[{\"@type\":\"SearchAction\",\"target\":{\"@type\":\"EntryPoint\",\"urlTemplate\":\"https:\/\/www.sestogrado.it\/it\/?s={search_term_string}\"},\"query-input\":{\"@type\":\"PropertyValueSpecification\",\"valueRequired\":true,\"valueName\":\"search_term_string\"}}],\"inLanguage\":\"it-IT\"},{\"@type\":\"Organization\",\"@id\":\"https:\/\/www.sestogrado.it\/it\/#organization\",\"name\":\"Sestogrado\",\"url\":\"https:\/\/www.sestogrado.it\/it\/\",\"logo\":{\"@type\":\"ImageObject\",\"inLanguage\":\"it-IT\",\"@id\":\"https:\/\/www.sestogrado.it\/it\/#\/schema\/logo\/image\/\",\"url\":\"https:\/\/www.sestogrado.it\/wp-content\/uploads\/2015\/03\/sestogrado-favicon.png\",\"contentUrl\":\"https:\/\/www.sestogrado.it\/wp-content\/uploads\/2015\/03\/sestogrado-favicon.png\",\"width\":260,\"height\":260,\"caption\":\"Sestogrado\"},\"image\":{\"@id\":\"https:\/\/www.sestogrado.it\/it\/#\/schema\/logo\/image\/\"},\"sameAs\":[\"https:\/\/www.facebook.com\/pages\/Sestogrado\/1542635979353017?ref=bookmarks\",\"https:\/\/www.youtube.com\/channel\/UC847kAfTkaJsWpc1jtQwr3Q\"],\"hasMerchantReturnPolicy\":{\"@type\":\"MerchantReturnPolicy\",\"merchantReturnLink\":\"https:\/\/www.sestogrado.it\/it\/termini-e-condizioni\/\"}}]}<\/script>\n<meta property=\"product:brand\" content=\"Black Diamond\" \/>\n<meta property=\"product:price:amount\" content=\"18.00\" \/>\n<meta property=\"product:price:currency\" content=\"EUR\" \/>\n<meta property=\"og:availability\" content=\"instock\" \/>\n<meta property=\"product:availability\" content=\"instock\" \/>\n<meta property=\"product:condition\" content=\"new\" \/>\n<!-- \/ Yoast SEO plugin. -->","yoast_head_json":{"title":"Black Diamond Lockdown Leash dragonne per piccozza - Sestogrado","description":"La Black Diamond Lockdown Leash \u00e8 una dragonne compatibile con tutte le piccozze Black Diamond e di qualsiasi altra marca. La Lockdown Leash \u00e8 una dragonne semplice e classica che fornisce un attacco sicuro per i tuoi attrezzi da ghiaccio.","robots":{"index":"index","follow":"follow","max-snippet":"max-snippet:-1","max-image-preview":"max-image-preview:large","max-video-preview":"max-video-preview:-1"},"canonical":"https:\/\/www.sestogrado.it\/it\/prodotto\/black-diamond-lockdown-leash-dragonne-piccozza\/","og_locale":"it_IT","og_type":"article","og_title":"Black Diamond Lockdown Leash dragonne per piccozza - Sestogrado","og_description":"La Black Diamond Lockdown Leash \u00e8 una dragonne compatibile con tutte le piccozze Black Diamond e di qualsiasi altra marca. La Lockdown Leash \u00e8 una dragonne semplice e classica che fornisce un attacco sicuro per i tuoi attrezzi da ghiaccio.","og_url":"https:\/\/www.sestogrado.it\/it\/prodotto\/black-diamond-lockdown-leash-dragonne-piccozza\/","og_site_name":"Sestogrado","article_publisher":"https:\/\/www.facebook.com\/pages\/Sestogrado\/1542635979353017?ref=bookmarks","article_modified_time":"2025-03-19T13:51:47+00:00","og_image":[{"width":2000,"height":1800,"url":"https:\/\/www.sestogrado.it\/wp-content\/uploads\/2018\/01\/lockdown.jpg","type":"image\/jpeg"}],"twitter_misc":{"Prezzo":"&euro;&nbsp;18,00","Disponibilit\u00e0":"In stock"},"schema":{"@context":"https:\/\/schema.org","@graph":[{"@type":"WebPage","@id":"https:\/\/www.sestogrado.it\/it\/prodotto\/black-diamond-lockdown-leash-dragonne-piccozza\/","url":"https:\/\/www.sestogrado.it\/it\/prodotto\/black-diamond-lockdown-leash-dragonne-piccozza\/","name":"Black Diamond Lockdown Leash dragonne per piccozza - Sestogrado","isPartOf":{"@id":"https:\/\/www.sestogrado.it\/it\/#website"},"primaryImageOfPage":{"@id":"https:\/\/www.sestogrado.it\/it\/prodotto\/black-diamond-lockdown-leash-dragonne-piccozza\/#primaryimage"},"image":{"@id":"https:\/\/www.sestogrado.it\/prodotto\/black-diamond-lockdown-leash-dragonne-piccozza\/#primaryimage"},"thumbnailUrl":"https:\/\/www.sestogrado.it\/wp-content\/uploads\/2018\/01\/lockdown.jpg","datePublished":"2018-01-23T13:54:51+00:00","dateModified":"2025-03-19T13:51:47+00:00","description":"La Black Diamond Lockdown Leash \u00e8 una dragonne compatibile con tutte le piccozze Black Diamond e di qualsiasi altra marca. La Lockdown Leash \u00e8 una dragonne semplice e classica che fornisce un attacco sicuro per i tuoi attrezzi da ghiaccio.","breadcrumb":{"@id":"https:\/\/www.sestogrado.it\/it\/prodotto\/black-diamond-lockdown-leash-dragonne-piccozza\/#breadcrumb"},"inLanguage":"it-IT","potentialAction":[{"@type":"ReadAction","target":[["https:\/\/www.sestogrado.it\/it\/prodotto\/black-diamond-lockdown-leash-dragonne-piccozza\/"]]}]},{"@type":"ImageObject","inLanguage":"it-IT","@id":"https:\/\/www.sestogrado.it\/it\/prodotto\/black-diamond-lockdown-leash-dragonne-piccozza\/#primaryimage","url":"https:\/\/www.sestogrado.it\/wp-content\/uploads\/2018\/01\/lockdown.jpg","contentUrl":"https:\/\/www.sestogrado.it\/wp-content\/uploads\/2018\/01\/lockdown.jpg","width":2000,"height":1800,"caption":"lockdown"},{"@type":"BreadcrumbList","@id":"https:\/\/www.sestogrado.it\/it\/prodotto\/black-diamond-lockdown-leash-dragonne-piccozza\/#breadcrumb","itemListElement":[{"@type":"ListItem","position":1,"name":"Home","item":"https:\/\/www.sestogrado.it\/it\/"},{"@type":"ListItem","position":2,"name":"Shop","item":"https:\/\/www.sestogrado.it\/it\/shop\/"},{"@type":"ListItem","position":3,"name":"Black Diamond Lockdown Leash dragonne per piccozza"}]},{"@type":"WebSite","@id":"https:\/\/www.sestogrado.it\/it\/#website","url":"https:\/\/www.sestogrado.it\/it\/","name":"Sestogrado","description":"yes we climb","publisher":{"@id":"https:\/\/www.sestogrado.it\/it\/#organization"},"potentialAction":[{"@type":"SearchAction","target":{"@type":"EntryPoint","urlTemplate":"https:\/\/www.sestogrado.it\/it\/?s={search_term_string}"},"query-input":{"@type":"PropertyValueSpecification","valueRequired":true,"valueName":"search_term_string"}}],"inLanguage":"it-IT"},{"@type":"Organization","@id":"https:\/\/www.sestogrado.it\/it\/#organization","name":"Sestogrado","url":"https:\/\/www.sestogrado.it\/it\/","logo":{"@type":"ImageObject","inLanguage":"it-IT","@id":"https:\/\/www.sestogrado.it\/it\/#\/schema\/logo\/image\/","url":"https:\/\/www.sestogrado.it\/wp-content\/uploads\/2015\/03\/sestogrado-favicon.png","contentUrl":"https:\/\/www.sestogrado.it\/wp-content\/uploads\/2015\/03\/sestogrado-favicon.png","width":260,"height":260,"caption":"Sestogrado"},"image":{"@id":"https:\/\/www.sestogrado.it\/it\/#\/schema\/logo\/image\/"},"sameAs":["https:\/\/www.facebook.com\/pages\/Sestogrado\/1542635979353017?ref=bookmarks","https:\/\/www.youtube.com\/channel\/UC847kAfTkaJsWpc1jtQwr3Q"],"hasMerchantReturnPolicy":{"@type":"MerchantReturnPolicy","merchantReturnLink":"https:\/\/www.sestogrado.it\/it\/termini-e-condizioni\/"}}]},"product_brand":"Black Diamond","product_price_amount":"18.00","product_price_currency":"EUR","og_availability":"instock","product_availability":"instock","product_condition":"new"},"_links":{"self":[{"href":"https:\/\/www.sestogrado.it\/it\/wp-json\/wp\/v2\/product\/14829","targetHints":{"allow":["GET"]}}],"collection":[{"href":"https:\/\/www.sestogrado.it\/it\/wp-json\/wp\/v2\/product"}],"about":[{"href":"https:\/\/www.sestogrado.it\/it\/wp-json\/wp\/v2\/types\/product"}],"replies":[{"embeddable":true,"href":"https:\/\/www.sestogrado.it\/it\/wp-json\/wp\/v2\/comments?post=14829"}],"wp:featuredmedia":[{"embeddable":true,"href":"https:\/\/www.sestogrado.it\/it\/wp-json\/wp\/v2\/media\/14830"}],"wp:attachment":[{"href":"https:\/\/www.sestogrado.it\/it\/wp-json\/wp\/v2\/media?parent=14829"}],"wp:term":[{"taxonomy":"product_brand","embeddable":true,"href":"https:\/\/www.sestogrado.it\/it\/wp-json\/wp\/v2\/product_brand?post=14829"},{"taxonomy":"product_cat","embeddable":true,"href":"https:\/\/www.sestogrado.it\/it\/wp-json\/wp\/v2\/product_cat?post=14829"},{"taxonomy":"product_tag","embeddable":true,"href":"https:\/\/www.sestogrado.it\/it\/wp-json\/wp\/v2\/product_tag?post=14829"}],"curies":[{"name":"wp","href":"https:\/\/api.w.org\/{rel}","templated":true}]}}