{"id":147569,"date":"2023-11-29T13:28:10","date_gmt":"2023-11-29T12:28:10","guid":{"rendered":"https:\/\/www.sestogrado.it\/?post_type=product&#038;p=147569"},"modified":"2026-03-26T19:23:07","modified_gmt":"2026-03-26T18:23:07","slug":"grivel-g12-dual-matic-evo-ramponi-da-ghiaccio-auto-semi-auto","status":"publish","type":"product","link":"https:\/\/www.sestogrado.it\/it\/prodotto\/grivel-g12-dual-matic-evo-ramponi-da-ghiaccio-auto-semi-auto\/","title":{"rendered":"Grivel G12 Dual Matic EVO ramponi da ghiaccio auto\/semi auto"},"content":{"rendered":"<p>I Grivel G12 Dual Matic EVO sono dei ramponi dotati dell&#8217;innovativo sistema Dual Matic di Grivel, che consente di passare dalla configurazione automatica a quella semiautomatica (scarponi provvisti e non provvisti di bordo anteriore), sostituendo l&#8217;aggancio anteriore, in dotazione per entrambe le versioni. In questo modo un solo rampone pu\u00f2 essere utilizzato con scarponi differenti e per attivit\u00e0 diverse, con la gabbietta New Matic Evo o la gabbietta Cramp-o-matic Evo.<\/p>\n<p>I G12 sono un rampone a 12 punte, compatibile con scarponi provvisti del tacco posteriore. E&#8217; il rampone classico di Grivel per eccellenza, perfetto per ogni tipo di alpinismo, dal tradizionale alle salite di misto, per essere utilizzato anche su cascate.<\/p>\n<p>Il sistema di allacciatura posteriore EVO \u00e8 moderno, leggero e minimale. La nuova leva e staffa posteriori sono pi\u00f9 semplici, un pezzo invece di cinque. La leva, con design &#8220;Stealth&#8221; \u00e8 pi\u00f9 leggera e consente pi\u00f9 posizioni per adattarsi a tutti gli scarponi. La fettuccia \u00e8 pi\u00f9 leggera e sottile (12mm invece di 14mm) e la fibbia \u00e8 pi\u00f9 minimale, facile da usare e con forte tenuta.<\/p>\n<p>Le quattro punte dei Grivel G12 impediscono di scivolare sulla neve fresca e garantiscono una maggior sicurezza durante la discesa.<\/p>\n<p>Il Grivel G12 \u00e8 fornito in misura unica, con Antibott integrato. E&#8217; completamente regolabile e facilmente richiudibile per il trasporto.<\/p>\n<ul>\n<li>modello auto e semiautomatico regolabile con sistema rapido<\/li>\n<li>in dotazione gabbietta New Matic e aggancio Cramp-o-matic<\/li>\n<li>soletta antizoccolo (Antibott)<\/li>\n<li>taglia unica 36 &#8211; 47<\/li>\n<\/ul>\n<p>Il Grivel G12 Dual Matic EVO \u00e8 &#8220;il re dei ramponi&#8221;, utilizzato per le salite di tutte le cime del mondo, nella versione Dual Matic EVO, pi\u00f9 polivalente che mai.<\/p>\n<p>&nbsp;<\/p>\n<p>Nata nel 1818 a Courmayeur, la Grivel \u00e8 un\u2019azienda italiana che produce attrezzature ed equipaggiamenti per alpinismo, arrampicata ed outdoor esportando in 26 paesi.\u00a0\u00a0L\u2019azienda ha ottenuto la certificazione GS T\u00dcV dal 1992, ISO 9001 dal 1996, ISO 1400 dal 2004.\u00a0L\u2019obiettivo di\u00a0Grivel \u00e8 di facilitare la vita agli alpinisti e agli amanti della montagna\u00a0con prodotti tecnologicamente avanzati.<\/p>","protected":false},"excerpt":{"rendered":"<p>I Grivel G12 Dual Matic EVO sono dei ramponi dotati dell&#8217;innovativo sistema Dual Matic di Grivel, che consente di passare [&hellip;]<\/p>\n","protected":false},"featured_media":147570,"comment_status":"open","ping_status":"closed","template":"","meta":{"_acf_changed":false},"product_brand":[126],"product_cat":[153],"product_tag":[],"class_list":{"0":"post-147569","1":"product","2":"type-product","3":"status-publish","4":"has-post-thumbnail","6":"product_brand-grivel","7":"product_cat-ramponi","9":"first","10":"outofstock","11":"sale","12":"taxable","13":"shipping-taxable","14":"purchasable","15":"product-type-simple"},"acf":[],"yoast_head":"<!-- This site is optimized with the Yoast SEO plugin v26.4 - https:\/\/yoast.com\/wordpress\/plugins\/seo\/ -->\n<title>Grivel G12 Dual Matic EVO ramponi da ghiaccio auto\/semi auto - Sestogrado<\/title>\n<meta name=\"description\" content=\"I Grivel G12 Dual Matic EVO sono dei ramponi dotati dell&#039;innovativo sistema Dual Matic di Grivel, che consente di passare dalla configurazione automatica a quella semiautomatica (scarponi provvisti e non provvisti di bordo anteriore), sostituendo l&#039;aggancio anteriore, in dotazione per entrambe le versioni. In questo modo un solo rampone pu\u00f2 essere utilizzato con scarponi differenti e per attivit\u00e0 diverse, con la gabbietta New Matic Evo o la gabbietta Cramp-o-matic Evo.I G12 sono un rampone a 12 punte, compatibile con scarponi provvisti del tacco posteriore. E&#039; il rampone classico di Grivel per eccellenza, perfetto per ogni tipo di alpinismo, dal tradizionale alle salite di misto, per essere utilizzato anche su cascate.Il sistema di allacciatura posteriore EVO \u00e8 moderno, leggero e minimale. La nuova leva e staffa posteriori sono pi\u00f9 semplici, un pezzo invece di cinque. La leva, con design &quot;Stealth&quot; \u00e8 pi\u00f9 leggera e consente pi\u00f9 posizioni per adattarsi a tutti gli scarponi. La fettuccia \u00e8 pi\u00f9 leggera e sottile (12mm invece di 14mm) e la fibbia \u00e8 pi\u00f9 minimale, facile da usare e con forte tenuta.\" \/>\n<meta name=\"robots\" content=\"index, follow, max-snippet:-1, max-image-preview:large, max-video-preview:-1\" \/>\n<link rel=\"canonical\" href=\"https:\/\/www.sestogrado.it\/it\/prodotto\/grivel-g12-dual-matic-evo-ramponi-da-ghiaccio-auto-semi-auto\/\" \/>\n<meta property=\"og:locale\" content=\"it_IT\" \/>\n<meta property=\"og:type\" content=\"article\" \/>\n<meta property=\"og:title\" content=\"Grivel G12 Dual Matic EVO ramponi da ghiaccio auto\/semi auto - Sestogrado\" \/>\n<meta property=\"og:description\" content=\"I Grivel G12 Dual Matic EVO sono dei ramponi dotati dell&#039;innovativo sistema Dual Matic di Grivel, che consente di passare dalla configurazione automatica a quella semiautomatica (scarponi provvisti e non provvisti di bordo anteriore), sostituendo l&#039;aggancio anteriore, in dotazione per entrambe le versioni. In questo modo un solo rampone pu\u00f2 essere utilizzato con scarponi differenti e per attivit\u00e0 diverse, con la gabbietta New Matic Evo o la gabbietta Cramp-o-matic Evo.I G12 sono un rampone a 12 punte, compatibile con scarponi provvisti del tacco posteriore. E&#039; il rampone classico di Grivel per eccellenza, perfetto per ogni tipo di alpinismo, dal tradizionale alle salite di misto, per essere utilizzato anche su cascate.Il sistema di allacciatura posteriore EVO \u00e8 moderno, leggero e minimale. La nuova leva e staffa posteriori sono pi\u00f9 semplici, un pezzo invece di cinque. La leva, con design &quot;Stealth&quot; \u00e8 pi\u00f9 leggera e consente pi\u00f9 posizioni per adattarsi a tutti gli scarponi. La fettuccia \u00e8 pi\u00f9 leggera e sottile (12mm invece di 14mm) e la fibbia \u00e8 pi\u00f9 minimale, facile da usare e con forte tenuta.\" \/>\n<meta property=\"og:url\" content=\"https:\/\/www.sestogrado.it\/it\/prodotto\/grivel-g12-dual-matic-evo-ramponi-da-ghiaccio-auto-semi-auto\/\" \/>\n<meta property=\"og:site_name\" content=\"Sestogrado\" \/>\n<meta property=\"article:publisher\" content=\"https:\/\/www.facebook.com\/pages\/Sestogrado\/1542635979353017?ref=bookmarks\" \/>\n<meta property=\"article:modified_time\" content=\"2026-03-26T18:23:07+00:00\" \/>\n<meta property=\"og:image\" content=\"https:\/\/www.sestogrado.it\/wp-content\/uploads\/2023\/11\/g12.jpg\" \/>\n\t<meta property=\"og:image:width\" content=\"1800\" \/>\n\t<meta property=\"og:image:height\" content=\"1800\" \/>\n\t<meta property=\"og:image:type\" content=\"image\/jpeg\" \/>\n<meta name=\"twitter:label1\" content=\"Prezzo\" \/>\n\t<meta name=\"twitter:data1\" content=\"&euro;&nbsp;149,00\" \/>\n\t<meta name=\"twitter:label2\" content=\"Disponibilit\u00e0\" \/>\n\t<meta name=\"twitter:data2\" content=\"Esaurito\" \/>\n<script type=\"application\/ld+json\" class=\"yoast-schema-graph\">{\"@context\":\"https:\/\/schema.org\",\"@graph\":[{\"@type\":\"WebPage\",\"@id\":\"https:\/\/www.sestogrado.it\/it\/prodotto\/grivel-g12-dual-matic-evo-ramponi-da-ghiaccio-auto-semi-auto\/\",\"url\":\"https:\/\/www.sestogrado.it\/it\/prodotto\/grivel-g12-dual-matic-evo-ramponi-da-ghiaccio-auto-semi-auto\/\",\"name\":\"Grivel G12 Dual Matic EVO ramponi da ghiaccio auto\/semi auto - Sestogrado\",\"isPartOf\":{\"@id\":\"https:\/\/www.sestogrado.it\/it\/#website\"},\"primaryImageOfPage\":{\"@id\":\"https:\/\/www.sestogrado.it\/it\/prodotto\/grivel-g12-dual-matic-evo-ramponi-da-ghiaccio-auto-semi-auto\/#primaryimage\"},\"image\":{\"@id\":\"https:\/\/www.sestogrado.it\/prodotto\/grivel-g12-dual-matic-evo-ramponi-da-ghiaccio-auto-semi-auto\/#primaryimage\"},\"thumbnailUrl\":\"https:\/\/www.sestogrado.it\/wp-content\/uploads\/2023\/11\/g12.jpg\",\"datePublished\":\"2023-11-29T12:28:10+00:00\",\"dateModified\":\"2026-03-26T18:23:07+00:00\",\"description\":\"I Grivel G12 Dual Matic EVO sono dei ramponi dotati dell'innovativo sistema Dual Matic di Grivel, che consente di passare dalla configurazione automatica a quella semiautomatica (scarponi provvisti e non provvisti di bordo anteriore), sostituendo l'aggancio anteriore, in dotazione per entrambe le versioni. In questo modo un solo rampone pu\u00f2 essere utilizzato con scarponi differenti e per attivit\u00e0 diverse, con la gabbietta New Matic Evo o la gabbietta Cramp-o-matic Evo.I G12 sono un rampone a 12 punte, compatibile con scarponi provvisti del tacco posteriore. E' il rampone classico di Grivel per eccellenza, perfetto per ogni tipo di alpinismo, dal tradizionale alle salite di misto, per essere utilizzato anche su cascate.Il sistema di allacciatura posteriore EVO \u00e8 moderno, leggero e minimale. La nuova leva e staffa posteriori sono pi\u00f9 semplici, un pezzo invece di cinque. La leva, con design \\\"Stealth\\\" \u00e8 pi\u00f9 leggera e consente pi\u00f9 posizioni per adattarsi a tutti gli scarponi. La fettuccia \u00e8 pi\u00f9 leggera e sottile (12mm invece di 14mm) e la fibbia \u00e8 pi\u00f9 minimale, facile da usare e con forte tenuta.\",\"breadcrumb\":{\"@id\":\"https:\/\/www.sestogrado.it\/it\/prodotto\/grivel-g12-dual-matic-evo-ramponi-da-ghiaccio-auto-semi-auto\/#breadcrumb\"},\"inLanguage\":\"it-IT\",\"potentialAction\":[{\"@type\":\"ReadAction\",\"target\":[[\"https:\/\/www.sestogrado.it\/it\/prodotto\/grivel-g12-dual-matic-evo-ramponi-da-ghiaccio-auto-semi-auto\/\"]]}]},{\"@type\":\"ImageObject\",\"inLanguage\":\"it-IT\",\"@id\":\"https:\/\/www.sestogrado.it\/it\/prodotto\/grivel-g12-dual-matic-evo-ramponi-da-ghiaccio-auto-semi-auto\/#primaryimage\",\"url\":\"https:\/\/www.sestogrado.it\/wp-content\/uploads\/2023\/11\/g12.jpg\",\"contentUrl\":\"https:\/\/www.sestogrado.it\/wp-content\/uploads\/2023\/11\/g12.jpg\",\"width\":1800,\"height\":1800,\"caption\":\"g12 dual matic evo\"},{\"@type\":\"BreadcrumbList\",\"@id\":\"https:\/\/www.sestogrado.it\/it\/prodotto\/grivel-g12-dual-matic-evo-ramponi-da-ghiaccio-auto-semi-auto\/#breadcrumb\",\"itemListElement\":[{\"@type\":\"ListItem\",\"position\":1,\"name\":\"Home\",\"item\":\"https:\/\/www.sestogrado.it\/it\/\"},{\"@type\":\"ListItem\",\"position\":2,\"name\":\"Shop\",\"item\":\"https:\/\/www.sestogrado.it\/it\/shop\/\"},{\"@type\":\"ListItem\",\"position\":3,\"name\":\"Grivel G12 Dual Matic EVO ramponi da ghiaccio auto\/semi auto\"}]},{\"@type\":\"WebSite\",\"@id\":\"https:\/\/www.sestogrado.it\/it\/#website\",\"url\":\"https:\/\/www.sestogrado.it\/it\/\",\"name\":\"Sestogrado\",\"description\":\"yes we climb\",\"publisher\":{\"@id\":\"https:\/\/www.sestogrado.it\/it\/#organization\"},\"potentialAction\":[{\"@type\":\"SearchAction\",\"target\":{\"@type\":\"EntryPoint\",\"urlTemplate\":\"https:\/\/www.sestogrado.it\/it\/?s={search_term_string}\"},\"query-input\":{\"@type\":\"PropertyValueSpecification\",\"valueRequired\":true,\"valueName\":\"search_term_string\"}}],\"inLanguage\":\"it-IT\"},{\"@type\":\"Organization\",\"@id\":\"https:\/\/www.sestogrado.it\/it\/#organization\",\"name\":\"Sestogrado\",\"url\":\"https:\/\/www.sestogrado.it\/it\/\",\"logo\":{\"@type\":\"ImageObject\",\"inLanguage\":\"it-IT\",\"@id\":\"https:\/\/www.sestogrado.it\/it\/#\/schema\/logo\/image\/\",\"url\":\"https:\/\/www.sestogrado.it\/wp-content\/uploads\/2015\/03\/sestogrado-favicon.png\",\"contentUrl\":\"https:\/\/www.sestogrado.it\/wp-content\/uploads\/2015\/03\/sestogrado-favicon.png\",\"width\":260,\"height\":260,\"caption\":\"Sestogrado\"},\"image\":{\"@id\":\"https:\/\/www.sestogrado.it\/it\/#\/schema\/logo\/image\/\"},\"sameAs\":[\"https:\/\/www.facebook.com\/pages\/Sestogrado\/1542635979353017?ref=bookmarks\",\"https:\/\/www.youtube.com\/channel\/UC847kAfTkaJsWpc1jtQwr3Q\"],\"hasMerchantReturnPolicy\":{\"@type\":\"MerchantReturnPolicy\",\"merchantReturnLink\":\"https:\/\/www.sestogrado.it\/it\/termini-e-condizioni\/\"}}]}<\/script>\n<meta property=\"product:brand\" content=\"Grivel\" \/>\n<meta property=\"product:price:amount\" content=\"149.00\" \/>\n<meta property=\"product:price:currency\" content=\"EUR\" \/>\n<meta property=\"og:availability\" content=\"out of stock\" \/>\n<meta property=\"product:availability\" content=\"out of stock\" \/>\n<meta property=\"product:condition\" content=\"new\" \/>\n<!-- \/ Yoast SEO plugin. -->","yoast_head_json":{"title":"Grivel G12 Dual Matic EVO ramponi da ghiaccio auto\/semi auto - Sestogrado","description":"I Grivel G12 Dual Matic EVO sono dei ramponi dotati dell'innovativo sistema Dual Matic di Grivel, che consente di passare dalla configurazione automatica a quella semiautomatica (scarponi provvisti e non provvisti di bordo anteriore), sostituendo l'aggancio anteriore, in dotazione per entrambe le versioni. In questo modo un solo rampone pu\u00f2 essere utilizzato con scarponi differenti e per attivit\u00e0 diverse, con la gabbietta New Matic Evo o la gabbietta Cramp-o-matic Evo.I G12 sono un rampone a 12 punte, compatibile con scarponi provvisti del tacco posteriore. E' il rampone classico di Grivel per eccellenza, perfetto per ogni tipo di alpinismo, dal tradizionale alle salite di misto, per essere utilizzato anche su cascate.Il sistema di allacciatura posteriore EVO \u00e8 moderno, leggero e minimale. La nuova leva e staffa posteriori sono pi\u00f9 semplici, un pezzo invece di cinque. La leva, con design \"Stealth\" \u00e8 pi\u00f9 leggera e consente pi\u00f9 posizioni per adattarsi a tutti gli scarponi. La fettuccia \u00e8 pi\u00f9 leggera e sottile (12mm invece di 14mm) e la fibbia \u00e8 pi\u00f9 minimale, facile da usare e con forte tenuta.","robots":{"index":"index","follow":"follow","max-snippet":"max-snippet:-1","max-image-preview":"max-image-preview:large","max-video-preview":"max-video-preview:-1"},"canonical":"https:\/\/www.sestogrado.it\/it\/prodotto\/grivel-g12-dual-matic-evo-ramponi-da-ghiaccio-auto-semi-auto\/","og_locale":"it_IT","og_type":"article","og_title":"Grivel G12 Dual Matic EVO ramponi da ghiaccio auto\/semi auto - Sestogrado","og_description":"I Grivel G12 Dual Matic EVO sono dei ramponi dotati dell'innovativo sistema Dual Matic di Grivel, che consente di passare dalla configurazione automatica a quella semiautomatica (scarponi provvisti e non provvisti di bordo anteriore), sostituendo l'aggancio anteriore, in dotazione per entrambe le versioni. In questo modo un solo rampone pu\u00f2 essere utilizzato con scarponi differenti e per attivit\u00e0 diverse, con la gabbietta New Matic Evo o la gabbietta Cramp-o-matic Evo.I G12 sono un rampone a 12 punte, compatibile con scarponi provvisti del tacco posteriore. E' il rampone classico di Grivel per eccellenza, perfetto per ogni tipo di alpinismo, dal tradizionale alle salite di misto, per essere utilizzato anche su cascate.Il sistema di allacciatura posteriore EVO \u00e8 moderno, leggero e minimale. La nuova leva e staffa posteriori sono pi\u00f9 semplici, un pezzo invece di cinque. La leva, con design \"Stealth\" \u00e8 pi\u00f9 leggera e consente pi\u00f9 posizioni per adattarsi a tutti gli scarponi. La fettuccia \u00e8 pi\u00f9 leggera e sottile (12mm invece di 14mm) e la fibbia \u00e8 pi\u00f9 minimale, facile da usare e con forte tenuta.","og_url":"https:\/\/www.sestogrado.it\/it\/prodotto\/grivel-g12-dual-matic-evo-ramponi-da-ghiaccio-auto-semi-auto\/","og_site_name":"Sestogrado","article_publisher":"https:\/\/www.facebook.com\/pages\/Sestogrado\/1542635979353017?ref=bookmarks","article_modified_time":"2026-03-26T18:23:07+00:00","og_image":[{"width":1800,"height":1800,"url":"https:\/\/www.sestogrado.it\/wp-content\/uploads\/2023\/11\/g12.jpg","type":"image\/jpeg"}],"twitter_misc":{"Prezzo":"&euro;&nbsp;149,00","Disponibilit\u00e0":"Esaurito"},"schema":{"@context":"https:\/\/schema.org","@graph":[{"@type":"WebPage","@id":"https:\/\/www.sestogrado.it\/it\/prodotto\/grivel-g12-dual-matic-evo-ramponi-da-ghiaccio-auto-semi-auto\/","url":"https:\/\/www.sestogrado.it\/it\/prodotto\/grivel-g12-dual-matic-evo-ramponi-da-ghiaccio-auto-semi-auto\/","name":"Grivel G12 Dual Matic EVO ramponi da ghiaccio auto\/semi auto - Sestogrado","isPartOf":{"@id":"https:\/\/www.sestogrado.it\/it\/#website"},"primaryImageOfPage":{"@id":"https:\/\/www.sestogrado.it\/it\/prodotto\/grivel-g12-dual-matic-evo-ramponi-da-ghiaccio-auto-semi-auto\/#primaryimage"},"image":{"@id":"https:\/\/www.sestogrado.it\/prodotto\/grivel-g12-dual-matic-evo-ramponi-da-ghiaccio-auto-semi-auto\/#primaryimage"},"thumbnailUrl":"https:\/\/www.sestogrado.it\/wp-content\/uploads\/2023\/11\/g12.jpg","datePublished":"2023-11-29T12:28:10+00:00","dateModified":"2026-03-26T18:23:07+00:00","description":"I Grivel G12 Dual Matic EVO sono dei ramponi dotati dell'innovativo sistema Dual Matic di Grivel, che consente di passare dalla configurazione automatica a quella semiautomatica (scarponi provvisti e non provvisti di bordo anteriore), sostituendo l'aggancio anteriore, in dotazione per entrambe le versioni. In questo modo un solo rampone pu\u00f2 essere utilizzato con scarponi differenti e per attivit\u00e0 diverse, con la gabbietta New Matic Evo o la gabbietta Cramp-o-matic Evo.I G12 sono un rampone a 12 punte, compatibile con scarponi provvisti del tacco posteriore. E' il rampone classico di Grivel per eccellenza, perfetto per ogni tipo di alpinismo, dal tradizionale alle salite di misto, per essere utilizzato anche su cascate.Il sistema di allacciatura posteriore EVO \u00e8 moderno, leggero e minimale. La nuova leva e staffa posteriori sono pi\u00f9 semplici, un pezzo invece di cinque. La leva, con design \"Stealth\" \u00e8 pi\u00f9 leggera e consente pi\u00f9 posizioni per adattarsi a tutti gli scarponi. La fettuccia \u00e8 pi\u00f9 leggera e sottile (12mm invece di 14mm) e la fibbia \u00e8 pi\u00f9 minimale, facile da usare e con forte tenuta.","breadcrumb":{"@id":"https:\/\/www.sestogrado.it\/it\/prodotto\/grivel-g12-dual-matic-evo-ramponi-da-ghiaccio-auto-semi-auto\/#breadcrumb"},"inLanguage":"it-IT","potentialAction":[{"@type":"ReadAction","target":[["https:\/\/www.sestogrado.it\/it\/prodotto\/grivel-g12-dual-matic-evo-ramponi-da-ghiaccio-auto-semi-auto\/"]]}]},{"@type":"ImageObject","inLanguage":"it-IT","@id":"https:\/\/www.sestogrado.it\/it\/prodotto\/grivel-g12-dual-matic-evo-ramponi-da-ghiaccio-auto-semi-auto\/#primaryimage","url":"https:\/\/www.sestogrado.it\/wp-content\/uploads\/2023\/11\/g12.jpg","contentUrl":"https:\/\/www.sestogrado.it\/wp-content\/uploads\/2023\/11\/g12.jpg","width":1800,"height":1800,"caption":"g12 dual matic evo"},{"@type":"BreadcrumbList","@id":"https:\/\/www.sestogrado.it\/it\/prodotto\/grivel-g12-dual-matic-evo-ramponi-da-ghiaccio-auto-semi-auto\/#breadcrumb","itemListElement":[{"@type":"ListItem","position":1,"name":"Home","item":"https:\/\/www.sestogrado.it\/it\/"},{"@type":"ListItem","position":2,"name":"Shop","item":"https:\/\/www.sestogrado.it\/it\/shop\/"},{"@type":"ListItem","position":3,"name":"Grivel G12 Dual Matic EVO ramponi da ghiaccio auto\/semi auto"}]},{"@type":"WebSite","@id":"https:\/\/www.sestogrado.it\/it\/#website","url":"https:\/\/www.sestogrado.it\/it\/","name":"Sestogrado","description":"yes we climb","publisher":{"@id":"https:\/\/www.sestogrado.it\/it\/#organization"},"potentialAction":[{"@type":"SearchAction","target":{"@type":"EntryPoint","urlTemplate":"https:\/\/www.sestogrado.it\/it\/?s={search_term_string}"},"query-input":{"@type":"PropertyValueSpecification","valueRequired":true,"valueName":"search_term_string"}}],"inLanguage":"it-IT"},{"@type":"Organization","@id":"https:\/\/www.sestogrado.it\/it\/#organization","name":"Sestogrado","url":"https:\/\/www.sestogrado.it\/it\/","logo":{"@type":"ImageObject","inLanguage":"it-IT","@id":"https:\/\/www.sestogrado.it\/it\/#\/schema\/logo\/image\/","url":"https:\/\/www.sestogrado.it\/wp-content\/uploads\/2015\/03\/sestogrado-favicon.png","contentUrl":"https:\/\/www.sestogrado.it\/wp-content\/uploads\/2015\/03\/sestogrado-favicon.png","width":260,"height":260,"caption":"Sestogrado"},"image":{"@id":"https:\/\/www.sestogrado.it\/it\/#\/schema\/logo\/image\/"},"sameAs":["https:\/\/www.facebook.com\/pages\/Sestogrado\/1542635979353017?ref=bookmarks","https:\/\/www.youtube.com\/channel\/UC847kAfTkaJsWpc1jtQwr3Q"],"hasMerchantReturnPolicy":{"@type":"MerchantReturnPolicy","merchantReturnLink":"https:\/\/www.sestogrado.it\/it\/termini-e-condizioni\/"}}]},"product_brand":"Grivel","product_price_amount":"149.00","product_price_currency":"EUR","og_availability":"out of stock","product_availability":"out of stock","product_condition":"new"},"_links":{"self":[{"href":"https:\/\/www.sestogrado.it\/it\/wp-json\/wp\/v2\/product\/147569","targetHints":{"allow":["GET"]}}],"collection":[{"href":"https:\/\/www.sestogrado.it\/it\/wp-json\/wp\/v2\/product"}],"about":[{"href":"https:\/\/www.sestogrado.it\/it\/wp-json\/wp\/v2\/types\/product"}],"replies":[{"embeddable":true,"href":"https:\/\/www.sestogrado.it\/it\/wp-json\/wp\/v2\/comments?post=147569"}],"wp:featuredmedia":[{"embeddable":true,"href":"https:\/\/www.sestogrado.it\/it\/wp-json\/wp\/v2\/media\/147570"}],"wp:attachment":[{"href":"https:\/\/www.sestogrado.it\/it\/wp-json\/wp\/v2\/media?parent=147569"}],"wp:term":[{"taxonomy":"product_brand","embeddable":true,"href":"https:\/\/www.sestogrado.it\/it\/wp-json\/wp\/v2\/product_brand?post=147569"},{"taxonomy":"product_cat","embeddable":true,"href":"https:\/\/www.sestogrado.it\/it\/wp-json\/wp\/v2\/product_cat?post=147569"},{"taxonomy":"product_tag","embeddable":true,"href":"https:\/\/www.sestogrado.it\/it\/wp-json\/wp\/v2\/product_tag?post=147569"}],"curies":[{"name":"wp","href":"https:\/\/api.w.org\/{rel}","templated":true}]}}