{"id":14693,"date":"2018-01-11T16:09:21","date_gmt":"2018-01-11T15:09:21","guid":{"rendered":"https:\/\/www.sestogrado.it\/?post_type=product&#038;p=14693"},"modified":"2024-01-08T16:03:58","modified_gmt":"2024-01-08T15:03:58","slug":"8b-8bplus-paul-sacchetto-porta-magnesite-arrampicata","status":"publish","type":"product","link":"https:\/\/www.sestogrado.it\/it\/prodotto\/8b-8bplus-paul-sacchetto-porta-magnesite-arrampicata\/","title":{"rendered":"8b+ 8BPLUS Paul sacchetto porta magnesite arrampicata"},"content":{"rendered":"<p>Oil\u00e0 climber! Sono Paul e mi chiamano il pirata dei porta magnesite 8b+ Plus. Non per il mio occhio solo, per il mio spirito. Per me o si vince o si perde, non ci sono compromessi. Quando inizio un progetto lo finisco, non mi vedrai mai mollare. Ora dimmi: con chi hai intenzione di fare la prossima via?<\/p>\n<p>Lo spirito di Paul sar\u00e0 con te mentre arrampichi. Qualsiasi via inizierai a fare ce la metterai tutta per finirla.<\/p>\n<p>&nbsp;<\/p>\n<p>La fodera di pile morbida di Paul aiuta a distribuire il gesso, mentre la chiusura a strappo chiude con cura il sacchetto e mantiene il gesso asciutto. I sacchetti\u00a08BPLUS sono di ottima qualit\u00e0, realizzati con un bordo pi\u00f9 rigido, quindi ogni volta che si\u00a0infila la mano si tocca il gesso con le punte delle dita. Porta spazzolino (non in dotazione) a sinistra ed a destra. 8b+ Plus Paul \u00e8 un sacchetto porta magnesite fatto a mano, realizzato da climbers per i climbers, senza compromessi di qualit\u00e0 o funzionalit\u00e0.<\/p>\n<p><iframe title=\"vimeo-player\" src=\"\/\/player.vimeo.com\/video\/220572148?title=0&amp;amp;byline=0\" width=\"640\" height=\"360\" frameborder=\"0\" allowfullscreen=\"allowfullscreen\"><\/iframe><\/p>\n<p>&nbsp;<\/p>\n<p>8BPLUS realizza attrezzatura da arrampicata essenziale per sport climbing. Non convenzionali e visionari, ma sempre fedeli alle proprie origini dal cuore delle Alpi in Tirolo, Austria. Una appartenenza che portiamo con orgoglio, proprio lo stesso orgoglio che provi tu quando chiudi un progetto o riesci a fare per la prima volta quel singolo cos\u00ec duro.<\/p>\n<p>Tutti i prodotti 8BPLUS sono realizzati da climber entusiasti.<\/p>","protected":false},"excerpt":{"rendered":"<p>Oil\u00e0 climber! Sono Paul e mi chiamano il pirata dei porta magnesite 8b+ Plus. Non per il mio occhio solo, [&hellip;]<\/p>\n","protected":false},"featured_media":14695,"comment_status":"open","ping_status":"closed","template":"","meta":{"_acf_changed":false},"product_brand":[364],"product_cat":[742],"product_tag":[],"class_list":{"0":"post-14693","1":"product","2":"type-product","3":"status-publish","4":"has-post-thumbnail","6":"product_brand-8b","7":"product_cat-portamagnesite","9":"first","10":"outofstock","11":"sale","12":"taxable","13":"shipping-taxable","14":"purchasable","15":"product-type-simple"},"acf":[],"yoast_head":"<!-- This site is optimized with the Yoast SEO plugin v26.4 - https:\/\/yoast.com\/wordpress\/plugins\/seo\/ -->\n<title>8b+ 8BPLUS Paul sacchetto porta magnesite arrampicata - Sestogrado<\/title>\n<meta name=\"description\" content=\"8b+ plus Paul sacchetto porta magnesite 8BPLUS. I sacchetti 8BPLUS sono di ottima qualit\u00e0, realizzati a mano da climbers per i climbers.\" \/>\n<meta name=\"robots\" content=\"index, follow, max-snippet:-1, max-image-preview:large, max-video-preview:-1\" \/>\n<link rel=\"canonical\" href=\"https:\/\/www.sestogrado.it\/it\/prodotto\/8b-8bplus-paul-sacchetto-porta-magnesite-arrampicata\/\" \/>\n<meta property=\"og:locale\" content=\"it_IT\" \/>\n<meta property=\"og:type\" content=\"article\" \/>\n<meta property=\"og:title\" content=\"8b+ 8BPLUS Paul sacchetto porta magnesite arrampicata - Sestogrado\" \/>\n<meta property=\"og:description\" content=\"8b+ plus Paul sacchetto porta magnesite 8BPLUS. I sacchetti 8BPLUS sono di ottima qualit\u00e0, realizzati a mano da climbers per i climbers.\" \/>\n<meta property=\"og:url\" content=\"https:\/\/www.sestogrado.it\/it\/prodotto\/8b-8bplus-paul-sacchetto-porta-magnesite-arrampicata\/\" \/>\n<meta property=\"og:site_name\" content=\"Sestogrado\" \/>\n<meta property=\"article:publisher\" content=\"https:\/\/www.facebook.com\/pages\/Sestogrado\/1542635979353017?ref=bookmarks\" \/>\n<meta property=\"article:modified_time\" content=\"2024-01-08T15:03:58+00:00\" \/>\n<meta property=\"og:image\" content=\"https:\/\/www.sestogrado.it\/wp-content\/uploads\/2018\/01\/01-5.jpg\" \/>\n\t<meta property=\"og:image:width\" content=\"1000\" \/>\n\t<meta property=\"og:image:height\" content=\"1000\" \/>\n\t<meta property=\"og:image:type\" content=\"image\/jpeg\" \/>\n<meta name=\"twitter:label1\" content=\"Prezzo\" \/>\n\t<meta name=\"twitter:data1\" content=\"&euro;&nbsp;27,90\" \/>\n\t<meta name=\"twitter:label2\" content=\"Disponibilit\u00e0\" \/>\n\t<meta name=\"twitter:data2\" content=\"Esaurito\" \/>\n<script type=\"application\/ld+json\" class=\"yoast-schema-graph\">{\"@context\":\"https:\/\/schema.org\",\"@graph\":[{\"@type\":\"WebPage\",\"@id\":\"https:\/\/www.sestogrado.it\/it\/prodotto\/8b-8bplus-paul-sacchetto-porta-magnesite-arrampicata\/\",\"url\":\"https:\/\/www.sestogrado.it\/it\/prodotto\/8b-8bplus-paul-sacchetto-porta-magnesite-arrampicata\/\",\"name\":\"8b+ 8BPLUS Paul sacchetto porta magnesite arrampicata - Sestogrado\",\"isPartOf\":{\"@id\":\"https:\/\/www.sestogrado.it\/it\/#website\"},\"primaryImageOfPage\":{\"@id\":\"https:\/\/www.sestogrado.it\/it\/prodotto\/8b-8bplus-paul-sacchetto-porta-magnesite-arrampicata\/#primaryimage\"},\"image\":{\"@id\":\"https:\/\/www.sestogrado.it\/prodotto\/8b-8bplus-paul-sacchetto-porta-magnesite-arrampicata\/#primaryimage\"},\"thumbnailUrl\":\"https:\/\/www.sestogrado.it\/wp-content\/uploads\/2018\/01\/01-5.jpg\",\"datePublished\":\"2018-01-11T15:09:21+00:00\",\"dateModified\":\"2024-01-08T15:03:58+00:00\",\"description\":\"8b+ plus Paul sacchetto porta magnesite 8BPLUS. I sacchetti 8BPLUS sono di ottima qualit\u00e0, realizzati a mano da climbers per i climbers.\",\"breadcrumb\":{\"@id\":\"https:\/\/www.sestogrado.it\/it\/prodotto\/8b-8bplus-paul-sacchetto-porta-magnesite-arrampicata\/#breadcrumb\"},\"inLanguage\":\"it-IT\",\"potentialAction\":[{\"@type\":\"ReadAction\",\"target\":[[\"https:\/\/www.sestogrado.it\/it\/prodotto\/8b-8bplus-paul-sacchetto-porta-magnesite-arrampicata\/\"]]}]},{\"@type\":\"ImageObject\",\"inLanguage\":\"it-IT\",\"@id\":\"https:\/\/www.sestogrado.it\/it\/prodotto\/8b-8bplus-paul-sacchetto-porta-magnesite-arrampicata\/#primaryimage\",\"url\":\"https:\/\/www.sestogrado.it\/wp-content\/uploads\/2018\/01\/01-5.jpg\",\"contentUrl\":\"https:\/\/www.sestogrado.it\/wp-content\/uploads\/2018\/01\/01-5.jpg\",\"width\":1000,\"height\":1000,\"caption\":\"paul\"},{\"@type\":\"BreadcrumbList\",\"@id\":\"https:\/\/www.sestogrado.it\/it\/prodotto\/8b-8bplus-paul-sacchetto-porta-magnesite-arrampicata\/#breadcrumb\",\"itemListElement\":[{\"@type\":\"ListItem\",\"position\":1,\"name\":\"Home\",\"item\":\"https:\/\/www.sestogrado.it\/it\/\"},{\"@type\":\"ListItem\",\"position\":2,\"name\":\"Shop\",\"item\":\"https:\/\/www.sestogrado.it\/it\/shop\/\"},{\"@type\":\"ListItem\",\"position\":3,\"name\":\"8b+ 8BPLUS Paul sacchetto porta magnesite arrampicata\"}]},{\"@type\":\"WebSite\",\"@id\":\"https:\/\/www.sestogrado.it\/it\/#website\",\"url\":\"https:\/\/www.sestogrado.it\/it\/\",\"name\":\"Sestogrado\",\"description\":\"yes we climb\",\"publisher\":{\"@id\":\"https:\/\/www.sestogrado.it\/it\/#organization\"},\"potentialAction\":[{\"@type\":\"SearchAction\",\"target\":{\"@type\":\"EntryPoint\",\"urlTemplate\":\"https:\/\/www.sestogrado.it\/it\/?s={search_term_string}\"},\"query-input\":{\"@type\":\"PropertyValueSpecification\",\"valueRequired\":true,\"valueName\":\"search_term_string\"}}],\"inLanguage\":\"it-IT\"},{\"@type\":\"Organization\",\"@id\":\"https:\/\/www.sestogrado.it\/it\/#organization\",\"name\":\"Sestogrado\",\"url\":\"https:\/\/www.sestogrado.it\/it\/\",\"logo\":{\"@type\":\"ImageObject\",\"inLanguage\":\"it-IT\",\"@id\":\"https:\/\/www.sestogrado.it\/it\/#\/schema\/logo\/image\/\",\"url\":\"https:\/\/www.sestogrado.it\/wp-content\/uploads\/2015\/03\/sestogrado-favicon.png\",\"contentUrl\":\"https:\/\/www.sestogrado.it\/wp-content\/uploads\/2015\/03\/sestogrado-favicon.png\",\"width\":260,\"height\":260,\"caption\":\"Sestogrado\"},\"image\":{\"@id\":\"https:\/\/www.sestogrado.it\/it\/#\/schema\/logo\/image\/\"},\"sameAs\":[\"https:\/\/www.facebook.com\/pages\/Sestogrado\/1542635979353017?ref=bookmarks\",\"https:\/\/www.youtube.com\/channel\/UC847kAfTkaJsWpc1jtQwr3Q\"],\"hasMerchantReturnPolicy\":{\"@type\":\"MerchantReturnPolicy\",\"merchantReturnLink\":\"https:\/\/www.sestogrado.it\/it\/termini-e-condizioni\/\"}}]}<\/script>\n<meta property=\"product:brand\" content=\"8b+\" \/>\n<meta property=\"product:price:amount\" content=\"27.90\" \/>\n<meta property=\"product:price:currency\" content=\"EUR\" \/>\n<meta property=\"og:availability\" content=\"out of stock\" \/>\n<meta property=\"product:availability\" content=\"out of stock\" \/>\n<meta property=\"product:condition\" content=\"new\" \/>\n<!-- \/ Yoast SEO plugin. -->","yoast_head_json":{"title":"8b+ 8BPLUS Paul sacchetto porta magnesite arrampicata - Sestogrado","description":"8b+ plus Paul sacchetto porta magnesite 8BPLUS. I sacchetti 8BPLUS sono di ottima qualit\u00e0, realizzati a mano da climbers per i climbers.","robots":{"index":"index","follow":"follow","max-snippet":"max-snippet:-1","max-image-preview":"max-image-preview:large","max-video-preview":"max-video-preview:-1"},"canonical":"https:\/\/www.sestogrado.it\/it\/prodotto\/8b-8bplus-paul-sacchetto-porta-magnesite-arrampicata\/","og_locale":"it_IT","og_type":"article","og_title":"8b+ 8BPLUS Paul sacchetto porta magnesite arrampicata - Sestogrado","og_description":"8b+ plus Paul sacchetto porta magnesite 8BPLUS. I sacchetti 8BPLUS sono di ottima qualit\u00e0, realizzati a mano da climbers per i climbers.","og_url":"https:\/\/www.sestogrado.it\/it\/prodotto\/8b-8bplus-paul-sacchetto-porta-magnesite-arrampicata\/","og_site_name":"Sestogrado","article_publisher":"https:\/\/www.facebook.com\/pages\/Sestogrado\/1542635979353017?ref=bookmarks","article_modified_time":"2024-01-08T15:03:58+00:00","og_image":[{"width":1000,"height":1000,"url":"https:\/\/www.sestogrado.it\/wp-content\/uploads\/2018\/01\/01-5.jpg","type":"image\/jpeg"}],"twitter_misc":{"Prezzo":"&euro;&nbsp;27,90","Disponibilit\u00e0":"Esaurito"},"schema":{"@context":"https:\/\/schema.org","@graph":[{"@type":"WebPage","@id":"https:\/\/www.sestogrado.it\/it\/prodotto\/8b-8bplus-paul-sacchetto-porta-magnesite-arrampicata\/","url":"https:\/\/www.sestogrado.it\/it\/prodotto\/8b-8bplus-paul-sacchetto-porta-magnesite-arrampicata\/","name":"8b+ 8BPLUS Paul sacchetto porta magnesite arrampicata - Sestogrado","isPartOf":{"@id":"https:\/\/www.sestogrado.it\/it\/#website"},"primaryImageOfPage":{"@id":"https:\/\/www.sestogrado.it\/it\/prodotto\/8b-8bplus-paul-sacchetto-porta-magnesite-arrampicata\/#primaryimage"},"image":{"@id":"https:\/\/www.sestogrado.it\/prodotto\/8b-8bplus-paul-sacchetto-porta-magnesite-arrampicata\/#primaryimage"},"thumbnailUrl":"https:\/\/www.sestogrado.it\/wp-content\/uploads\/2018\/01\/01-5.jpg","datePublished":"2018-01-11T15:09:21+00:00","dateModified":"2024-01-08T15:03:58+00:00","description":"8b+ plus Paul sacchetto porta magnesite 8BPLUS. I sacchetti 8BPLUS sono di ottima qualit\u00e0, realizzati a mano da climbers per i climbers.","breadcrumb":{"@id":"https:\/\/www.sestogrado.it\/it\/prodotto\/8b-8bplus-paul-sacchetto-porta-magnesite-arrampicata\/#breadcrumb"},"inLanguage":"it-IT","potentialAction":[{"@type":"ReadAction","target":[["https:\/\/www.sestogrado.it\/it\/prodotto\/8b-8bplus-paul-sacchetto-porta-magnesite-arrampicata\/"]]}]},{"@type":"ImageObject","inLanguage":"it-IT","@id":"https:\/\/www.sestogrado.it\/it\/prodotto\/8b-8bplus-paul-sacchetto-porta-magnesite-arrampicata\/#primaryimage","url":"https:\/\/www.sestogrado.it\/wp-content\/uploads\/2018\/01\/01-5.jpg","contentUrl":"https:\/\/www.sestogrado.it\/wp-content\/uploads\/2018\/01\/01-5.jpg","width":1000,"height":1000,"caption":"paul"},{"@type":"BreadcrumbList","@id":"https:\/\/www.sestogrado.it\/it\/prodotto\/8b-8bplus-paul-sacchetto-porta-magnesite-arrampicata\/#breadcrumb","itemListElement":[{"@type":"ListItem","position":1,"name":"Home","item":"https:\/\/www.sestogrado.it\/it\/"},{"@type":"ListItem","position":2,"name":"Shop","item":"https:\/\/www.sestogrado.it\/it\/shop\/"},{"@type":"ListItem","position":3,"name":"8b+ 8BPLUS Paul sacchetto porta magnesite arrampicata"}]},{"@type":"WebSite","@id":"https:\/\/www.sestogrado.it\/it\/#website","url":"https:\/\/www.sestogrado.it\/it\/","name":"Sestogrado","description":"yes we climb","publisher":{"@id":"https:\/\/www.sestogrado.it\/it\/#organization"},"potentialAction":[{"@type":"SearchAction","target":{"@type":"EntryPoint","urlTemplate":"https:\/\/www.sestogrado.it\/it\/?s={search_term_string}"},"query-input":{"@type":"PropertyValueSpecification","valueRequired":true,"valueName":"search_term_string"}}],"inLanguage":"it-IT"},{"@type":"Organization","@id":"https:\/\/www.sestogrado.it\/it\/#organization","name":"Sestogrado","url":"https:\/\/www.sestogrado.it\/it\/","logo":{"@type":"ImageObject","inLanguage":"it-IT","@id":"https:\/\/www.sestogrado.it\/it\/#\/schema\/logo\/image\/","url":"https:\/\/www.sestogrado.it\/wp-content\/uploads\/2015\/03\/sestogrado-favicon.png","contentUrl":"https:\/\/www.sestogrado.it\/wp-content\/uploads\/2015\/03\/sestogrado-favicon.png","width":260,"height":260,"caption":"Sestogrado"},"image":{"@id":"https:\/\/www.sestogrado.it\/it\/#\/schema\/logo\/image\/"},"sameAs":["https:\/\/www.facebook.com\/pages\/Sestogrado\/1542635979353017?ref=bookmarks","https:\/\/www.youtube.com\/channel\/UC847kAfTkaJsWpc1jtQwr3Q"],"hasMerchantReturnPolicy":{"@type":"MerchantReturnPolicy","merchantReturnLink":"https:\/\/www.sestogrado.it\/it\/termini-e-condizioni\/"}}]},"product_brand":"8b+","product_price_amount":"27.90","product_price_currency":"EUR","og_availability":"out of stock","product_availability":"out of stock","product_condition":"new"},"_links":{"self":[{"href":"https:\/\/www.sestogrado.it\/it\/wp-json\/wp\/v2\/product\/14693","targetHints":{"allow":["GET"]}}],"collection":[{"href":"https:\/\/www.sestogrado.it\/it\/wp-json\/wp\/v2\/product"}],"about":[{"href":"https:\/\/www.sestogrado.it\/it\/wp-json\/wp\/v2\/types\/product"}],"replies":[{"embeddable":true,"href":"https:\/\/www.sestogrado.it\/it\/wp-json\/wp\/v2\/comments?post=14693"}],"wp:featuredmedia":[{"embeddable":true,"href":"https:\/\/www.sestogrado.it\/it\/wp-json\/wp\/v2\/media\/14695"}],"wp:attachment":[{"href":"https:\/\/www.sestogrado.it\/it\/wp-json\/wp\/v2\/media?parent=14693"}],"wp:term":[{"taxonomy":"product_brand","embeddable":true,"href":"https:\/\/www.sestogrado.it\/it\/wp-json\/wp\/v2\/product_brand?post=14693"},{"taxonomy":"product_cat","embeddable":true,"href":"https:\/\/www.sestogrado.it\/it\/wp-json\/wp\/v2\/product_cat?post=14693"},{"taxonomy":"product_tag","embeddable":true,"href":"https:\/\/www.sestogrado.it\/it\/wp-json\/wp\/v2\/product_tag?post=14693"}],"curies":[{"name":"wp","href":"https:\/\/api.w.org\/{rel}","templated":true}]}}