{"id":14629,"date":"2018-01-04T09:46:05","date_gmt":"2018-01-04T08:46:05","guid":{"rendered":"https:\/\/www.sestogrado.it\/?post_type=product&#038;p=14629"},"modified":"2025-05-02T22:26:47","modified_gmt":"2025-05-02T20:26:47","slug":"black-diamond-atc-pilot-assicuratore","status":"publish","type":"product","link":"https:\/\/www.sestogrado.it\/it\/prodotto\/black-diamond-atc-pilot-assicuratore\/","title":{"rendered":"Black Diamond ATC Pilot assicuratore"},"content":{"rendered":"<p>Il Black Diamond ATC Pilot \u00e8 un dispositivo di assicurazione a bloccaggio assistito ideale per l&#8217;arrampicata sportiva con corda singola. Progettato e sviluppato per conferire la massima maneggevolezza e facilit\u00e0 di bloccaggio, l&#8217;ATC Pilot introduce un sistema che fornisce un livello elevato di sicurezza, mentre consente di dare corda in modo fluido e scorrevole.<\/p>\n<p>L&#8217;ATC Pilot \u00e8 particolarmente leggero (86g), \u00e8 un dispositivo di tipo secchiello, quindi in grado di dare corda in modo particolarmente scorrevole, ma al tempo stesso fornisce un sistema di bloccaggio assistito estremamente semplice, sicuro e funzionale. E&#8217; progettato per ospitare corde singole da 8.7mm a 10.5mm di spessore.<\/p>\n<p>L&#8217;ATC Pilot \u00e8 ideale per l\u2019utilizzo in ambito sportivo, in falesia ed in indoor. La sua geometria consente di trattenere un volo, attraverso un cambio di inclinazione del dispositivo che ne determina il bloccaggio.\u00a0Come calare il compagno: mentre tieni la corda con la mano, ci\u00f2 che devi fare \u00e8 ruotare il dispositivo e rilasciare la corda. La calata \u00e8 morbida e progressiva.<\/p>\n<ul>\n<li>ospita corde da 8.7 a 10.5mm<\/li>\n<li>fornisce un livello aggiuntivo di sicurezza all&#8217;arrampicata sportiva con corda singola<\/li>\n<li>da corda in modo fluido e scorrevole<\/li>\n<li>calata facile e controllata<\/li>\n<li>solida costruzione in unico pezzo di metallo<\/li>\n<li>ergonomico, facile da manegggiare<\/li>\n<\/ul>\n<p>&nbsp;<\/p>\n<p>Il Black Diamond ATC Pilot \u00e8 un dispositivo compatto, privo di parti meccaniche in movimento, quindi resistente e durevole, che unisce i benefici di un secchiello nel dare corda, e quelli di un dispositivo a bloccaggio assistito nel bloccare il compagno.<\/p>\n<p>https:\/\/www.youtube.com\/watch?v=d0IN08M4pkU<\/p>","protected":false},"excerpt":{"rendered":"<p>Il Black Diamond ATC Pilot \u00e8 un dispositivo di assicurazione a bloccaggio assistito ideale per l&#8217;arrampicata sportiva con corda singola. [&hellip;]<\/p>\n","protected":false},"featured_media":14630,"comment_status":"open","ping_status":"closed","template":"","meta":{"_acf_changed":false},"product_brand":[121],"product_cat":[134],"product_tag":[408],"class_list":{"0":"post-14629","1":"product","2":"type-product","3":"status-publish","4":"has-post-thumbnail","6":"product_brand-black-diamond","7":"product_cat-assicuratori","8":"product_tag-assicuratore","10":"first","11":"instock","12":"sale","13":"taxable","14":"shipping-taxable","15":"purchasable","16":"product-type-simple"},"acf":[],"yoast_head":"<!-- This site is optimized with the Yoast SEO plugin v26.4 - https:\/\/yoast.com\/wordpress\/plugins\/seo\/ -->\n<title>Black Diamond ATC Pilot assicuratore - Sestogrado<\/title>\n<meta name=\"description\" content=\"Il Black Diamond ATC Pilot \u00e8 un dispositivo di assicurazione a bloccaggio assistito ideale per l&#039;arrampicata sportiva con corda singola. Progettato e sviluppato per conferire la massima maneggevolezza e facilit\u00e0 di bloccaggio, l&#039;ATC Pilot introduce un sistema che fornisce un livello elevato di sicurezza.\" \/>\n<meta name=\"robots\" content=\"index, follow, max-snippet:-1, max-image-preview:large, max-video-preview:-1\" \/>\n<link rel=\"canonical\" href=\"https:\/\/www.sestogrado.it\/it\/prodotto\/black-diamond-atc-pilot-assicuratore\/\" \/>\n<meta property=\"og:locale\" content=\"it_IT\" \/>\n<meta property=\"og:type\" content=\"article\" \/>\n<meta property=\"og:title\" content=\"Black Diamond ATC Pilot assicuratore - Sestogrado\" \/>\n<meta property=\"og:description\" content=\"Il Black Diamond ATC Pilot \u00e8 un dispositivo di assicurazione a bloccaggio assistito ideale per l&#039;arrampicata sportiva con corda singola. Progettato e sviluppato per conferire la massima maneggevolezza e facilit\u00e0 di bloccaggio, l&#039;ATC Pilot introduce un sistema che fornisce un livello elevato di sicurezza.\" \/>\n<meta property=\"og:url\" content=\"https:\/\/www.sestogrado.it\/it\/prodotto\/black-diamond-atc-pilot-assicuratore\/\" \/>\n<meta property=\"og:site_name\" content=\"Sestogrado\" \/>\n<meta property=\"article:publisher\" content=\"https:\/\/www.facebook.com\/pages\/Sestogrado\/1542635979353017?ref=bookmarks\" \/>\n<meta property=\"article:modified_time\" content=\"2025-05-02T20:26:47+00:00\" \/>\n<meta property=\"og:image\" content=\"https:\/\/www.sestogrado.it\/wp-content\/uploads\/2018\/01\/01-2.jpg\" \/>\n\t<meta property=\"og:image:width\" content=\"739\" \/>\n\t<meta property=\"og:image:height\" content=\"739\" \/>\n\t<meta property=\"og:image:type\" content=\"image\/jpeg\" \/>\n<meta name=\"twitter:label1\" content=\"Prezzo\" \/>\n\t<meta name=\"twitter:data1\" content=\"&euro;&nbsp;44,90\" \/>\n\t<meta name=\"twitter:label2\" content=\"Disponibilit\u00e0\" \/>\n\t<meta name=\"twitter:data2\" content=\"In stock\" \/>\n<script type=\"application\/ld+json\" class=\"yoast-schema-graph\">{\"@context\":\"https:\/\/schema.org\",\"@graph\":[{\"@type\":\"WebPage\",\"@id\":\"https:\/\/www.sestogrado.it\/it\/prodotto\/black-diamond-atc-pilot-assicuratore\/\",\"url\":\"https:\/\/www.sestogrado.it\/it\/prodotto\/black-diamond-atc-pilot-assicuratore\/\",\"name\":\"Black Diamond ATC Pilot assicuratore - Sestogrado\",\"isPartOf\":{\"@id\":\"https:\/\/www.sestogrado.it\/it\/#website\"},\"primaryImageOfPage\":{\"@id\":\"https:\/\/www.sestogrado.it\/it\/prodotto\/black-diamond-atc-pilot-assicuratore\/#primaryimage\"},\"image\":{\"@id\":\"https:\/\/www.sestogrado.it\/prodotto\/black-diamond-atc-pilot-assicuratore\/#primaryimage\"},\"thumbnailUrl\":\"https:\/\/www.sestogrado.it\/wp-content\/uploads\/2018\/01\/01-2.jpg\",\"datePublished\":\"2018-01-04T08:46:05+00:00\",\"dateModified\":\"2025-05-02T20:26:47+00:00\",\"description\":\"Il Black Diamond ATC Pilot \u00e8 un dispositivo di assicurazione a bloccaggio assistito ideale per l'arrampicata sportiva con corda singola. Progettato e sviluppato per conferire la massima maneggevolezza e facilit\u00e0 di bloccaggio, l'ATC Pilot introduce un sistema che fornisce un livello elevato di sicurezza.\",\"breadcrumb\":{\"@id\":\"https:\/\/www.sestogrado.it\/it\/prodotto\/black-diamond-atc-pilot-assicuratore\/#breadcrumb\"},\"inLanguage\":\"it-IT\",\"potentialAction\":[{\"@type\":\"ReadAction\",\"target\":[[\"https:\/\/www.sestogrado.it\/it\/prodotto\/black-diamond-atc-pilot-assicuratore\/\"]]}]},{\"@type\":\"ImageObject\",\"inLanguage\":\"it-IT\",\"@id\":\"https:\/\/www.sestogrado.it\/it\/prodotto\/black-diamond-atc-pilot-assicuratore\/#primaryimage\",\"url\":\"https:\/\/www.sestogrado.it\/wp-content\/uploads\/2018\/01\/01-2.jpg\",\"contentUrl\":\"https:\/\/www.sestogrado.it\/wp-content\/uploads\/2018\/01\/01-2.jpg\",\"width\":739,\"height\":739,\"caption\":\"atc pilot\"},{\"@type\":\"BreadcrumbList\",\"@id\":\"https:\/\/www.sestogrado.it\/it\/prodotto\/black-diamond-atc-pilot-assicuratore\/#breadcrumb\",\"itemListElement\":[{\"@type\":\"ListItem\",\"position\":1,\"name\":\"Home\",\"item\":\"https:\/\/www.sestogrado.it\/it\/\"},{\"@type\":\"ListItem\",\"position\":2,\"name\":\"Shop\",\"item\":\"https:\/\/www.sestogrado.it\/it\/shop\/\"},{\"@type\":\"ListItem\",\"position\":3,\"name\":\"Black Diamond ATC Pilot assicuratore\"}]},{\"@type\":\"WebSite\",\"@id\":\"https:\/\/www.sestogrado.it\/it\/#website\",\"url\":\"https:\/\/www.sestogrado.it\/it\/\",\"name\":\"Sestogrado\",\"description\":\"yes we climb\",\"publisher\":{\"@id\":\"https:\/\/www.sestogrado.it\/it\/#organization\"},\"potentialAction\":[{\"@type\":\"SearchAction\",\"target\":{\"@type\":\"EntryPoint\",\"urlTemplate\":\"https:\/\/www.sestogrado.it\/it\/?s={search_term_string}\"},\"query-input\":{\"@type\":\"PropertyValueSpecification\",\"valueRequired\":true,\"valueName\":\"search_term_string\"}}],\"inLanguage\":\"it-IT\"},{\"@type\":\"Organization\",\"@id\":\"https:\/\/www.sestogrado.it\/it\/#organization\",\"name\":\"Sestogrado\",\"url\":\"https:\/\/www.sestogrado.it\/it\/\",\"logo\":{\"@type\":\"ImageObject\",\"inLanguage\":\"it-IT\",\"@id\":\"https:\/\/www.sestogrado.it\/it\/#\/schema\/logo\/image\/\",\"url\":\"https:\/\/www.sestogrado.it\/wp-content\/uploads\/2015\/03\/sestogrado-favicon.png\",\"contentUrl\":\"https:\/\/www.sestogrado.it\/wp-content\/uploads\/2015\/03\/sestogrado-favicon.png\",\"width\":260,\"height\":260,\"caption\":\"Sestogrado\"},\"image\":{\"@id\":\"https:\/\/www.sestogrado.it\/it\/#\/schema\/logo\/image\/\"},\"sameAs\":[\"https:\/\/www.facebook.com\/pages\/Sestogrado\/1542635979353017?ref=bookmarks\",\"https:\/\/www.youtube.com\/channel\/UC847kAfTkaJsWpc1jtQwr3Q\"],\"hasMerchantReturnPolicy\":{\"@type\":\"MerchantReturnPolicy\",\"merchantReturnLink\":\"https:\/\/www.sestogrado.it\/it\/termini-e-condizioni\/\"}}]}<\/script>\n<meta property=\"product:brand\" content=\"Black Diamond\" \/>\n<meta property=\"product:price:amount\" content=\"44.90\" \/>\n<meta property=\"product:price:currency\" content=\"EUR\" \/>\n<meta property=\"og:availability\" content=\"instock\" \/>\n<meta property=\"product:availability\" content=\"instock\" \/>\n<meta property=\"product:condition\" content=\"new\" \/>\n<!-- \/ Yoast SEO plugin. -->","yoast_head_json":{"title":"Black Diamond ATC Pilot assicuratore - Sestogrado","description":"Il Black Diamond ATC Pilot \u00e8 un dispositivo di assicurazione a bloccaggio assistito ideale per l'arrampicata sportiva con corda singola. Progettato e sviluppato per conferire la massima maneggevolezza e facilit\u00e0 di bloccaggio, l'ATC Pilot introduce un sistema che fornisce un livello elevato di sicurezza.","robots":{"index":"index","follow":"follow","max-snippet":"max-snippet:-1","max-image-preview":"max-image-preview:large","max-video-preview":"max-video-preview:-1"},"canonical":"https:\/\/www.sestogrado.it\/it\/prodotto\/black-diamond-atc-pilot-assicuratore\/","og_locale":"it_IT","og_type":"article","og_title":"Black Diamond ATC Pilot assicuratore - Sestogrado","og_description":"Il Black Diamond ATC Pilot \u00e8 un dispositivo di assicurazione a bloccaggio assistito ideale per l'arrampicata sportiva con corda singola. Progettato e sviluppato per conferire la massima maneggevolezza e facilit\u00e0 di bloccaggio, l'ATC Pilot introduce un sistema che fornisce un livello elevato di sicurezza.","og_url":"https:\/\/www.sestogrado.it\/it\/prodotto\/black-diamond-atc-pilot-assicuratore\/","og_site_name":"Sestogrado","article_publisher":"https:\/\/www.facebook.com\/pages\/Sestogrado\/1542635979353017?ref=bookmarks","article_modified_time":"2025-05-02T20:26:47+00:00","og_image":[{"width":739,"height":739,"url":"https:\/\/www.sestogrado.it\/wp-content\/uploads\/2018\/01\/01-2.jpg","type":"image\/jpeg"}],"twitter_misc":{"Prezzo":"&euro;&nbsp;44,90","Disponibilit\u00e0":"In stock"},"schema":{"@context":"https:\/\/schema.org","@graph":[{"@type":"WebPage","@id":"https:\/\/www.sestogrado.it\/it\/prodotto\/black-diamond-atc-pilot-assicuratore\/","url":"https:\/\/www.sestogrado.it\/it\/prodotto\/black-diamond-atc-pilot-assicuratore\/","name":"Black Diamond ATC Pilot assicuratore - Sestogrado","isPartOf":{"@id":"https:\/\/www.sestogrado.it\/it\/#website"},"primaryImageOfPage":{"@id":"https:\/\/www.sestogrado.it\/it\/prodotto\/black-diamond-atc-pilot-assicuratore\/#primaryimage"},"image":{"@id":"https:\/\/www.sestogrado.it\/prodotto\/black-diamond-atc-pilot-assicuratore\/#primaryimage"},"thumbnailUrl":"https:\/\/www.sestogrado.it\/wp-content\/uploads\/2018\/01\/01-2.jpg","datePublished":"2018-01-04T08:46:05+00:00","dateModified":"2025-05-02T20:26:47+00:00","description":"Il Black Diamond ATC Pilot \u00e8 un dispositivo di assicurazione a bloccaggio assistito ideale per l'arrampicata sportiva con corda singola. Progettato e sviluppato per conferire la massima maneggevolezza e facilit\u00e0 di bloccaggio, l'ATC Pilot introduce un sistema che fornisce un livello elevato di sicurezza.","breadcrumb":{"@id":"https:\/\/www.sestogrado.it\/it\/prodotto\/black-diamond-atc-pilot-assicuratore\/#breadcrumb"},"inLanguage":"it-IT","potentialAction":[{"@type":"ReadAction","target":[["https:\/\/www.sestogrado.it\/it\/prodotto\/black-diamond-atc-pilot-assicuratore\/"]]}]},{"@type":"ImageObject","inLanguage":"it-IT","@id":"https:\/\/www.sestogrado.it\/it\/prodotto\/black-diamond-atc-pilot-assicuratore\/#primaryimage","url":"https:\/\/www.sestogrado.it\/wp-content\/uploads\/2018\/01\/01-2.jpg","contentUrl":"https:\/\/www.sestogrado.it\/wp-content\/uploads\/2018\/01\/01-2.jpg","width":739,"height":739,"caption":"atc pilot"},{"@type":"BreadcrumbList","@id":"https:\/\/www.sestogrado.it\/it\/prodotto\/black-diamond-atc-pilot-assicuratore\/#breadcrumb","itemListElement":[{"@type":"ListItem","position":1,"name":"Home","item":"https:\/\/www.sestogrado.it\/it\/"},{"@type":"ListItem","position":2,"name":"Shop","item":"https:\/\/www.sestogrado.it\/it\/shop\/"},{"@type":"ListItem","position":3,"name":"Black Diamond ATC Pilot assicuratore"}]},{"@type":"WebSite","@id":"https:\/\/www.sestogrado.it\/it\/#website","url":"https:\/\/www.sestogrado.it\/it\/","name":"Sestogrado","description":"yes we climb","publisher":{"@id":"https:\/\/www.sestogrado.it\/it\/#organization"},"potentialAction":[{"@type":"SearchAction","target":{"@type":"EntryPoint","urlTemplate":"https:\/\/www.sestogrado.it\/it\/?s={search_term_string}"},"query-input":{"@type":"PropertyValueSpecification","valueRequired":true,"valueName":"search_term_string"}}],"inLanguage":"it-IT"},{"@type":"Organization","@id":"https:\/\/www.sestogrado.it\/it\/#organization","name":"Sestogrado","url":"https:\/\/www.sestogrado.it\/it\/","logo":{"@type":"ImageObject","inLanguage":"it-IT","@id":"https:\/\/www.sestogrado.it\/it\/#\/schema\/logo\/image\/","url":"https:\/\/www.sestogrado.it\/wp-content\/uploads\/2015\/03\/sestogrado-favicon.png","contentUrl":"https:\/\/www.sestogrado.it\/wp-content\/uploads\/2015\/03\/sestogrado-favicon.png","width":260,"height":260,"caption":"Sestogrado"},"image":{"@id":"https:\/\/www.sestogrado.it\/it\/#\/schema\/logo\/image\/"},"sameAs":["https:\/\/www.facebook.com\/pages\/Sestogrado\/1542635979353017?ref=bookmarks","https:\/\/www.youtube.com\/channel\/UC847kAfTkaJsWpc1jtQwr3Q"],"hasMerchantReturnPolicy":{"@type":"MerchantReturnPolicy","merchantReturnLink":"https:\/\/www.sestogrado.it\/it\/termini-e-condizioni\/"}}]},"product_brand":"Black Diamond","product_price_amount":"44.90","product_price_currency":"EUR","og_availability":"instock","product_availability":"instock","product_condition":"new"},"_links":{"self":[{"href":"https:\/\/www.sestogrado.it\/it\/wp-json\/wp\/v2\/product\/14629","targetHints":{"allow":["GET"]}}],"collection":[{"href":"https:\/\/www.sestogrado.it\/it\/wp-json\/wp\/v2\/product"}],"about":[{"href":"https:\/\/www.sestogrado.it\/it\/wp-json\/wp\/v2\/types\/product"}],"replies":[{"embeddable":true,"href":"https:\/\/www.sestogrado.it\/it\/wp-json\/wp\/v2\/comments?post=14629"}],"wp:featuredmedia":[{"embeddable":true,"href":"https:\/\/www.sestogrado.it\/it\/wp-json\/wp\/v2\/media\/14630"}],"wp:attachment":[{"href":"https:\/\/www.sestogrado.it\/it\/wp-json\/wp\/v2\/media?parent=14629"}],"wp:term":[{"taxonomy":"product_brand","embeddable":true,"href":"https:\/\/www.sestogrado.it\/it\/wp-json\/wp\/v2\/product_brand?post=14629"},{"taxonomy":"product_cat","embeddable":true,"href":"https:\/\/www.sestogrado.it\/it\/wp-json\/wp\/v2\/product_cat?post=14629"},{"taxonomy":"product_tag","embeddable":true,"href":"https:\/\/www.sestogrado.it\/it\/wp-json\/wp\/v2\/product_tag?post=14629"}],"curies":[{"name":"wp","href":"https:\/\/api.w.org\/{rel}","templated":true}]}}