{"id":146222,"date":"2023-11-15T13:18:57","date_gmt":"2023-11-15T12:18:57","guid":{"rendered":"https:\/\/www.sestogrado.it\/?post_type=product&#038;p=146222"},"modified":"2025-04-22T16:00:57","modified_gmt":"2025-04-22T14:00:57","slug":"fixe-v-belay-station-316l-m10-e-m12-gruppo-sosta-a-v-inossidabile-con-anello","status":"publish","type":"product","link":"https:\/\/www.sestogrado.it\/it\/prodotto\/fixe-v-belay-station-316l-m10-e-m12-gruppo-sosta-a-v-inossidabile-con-anello\/","title":{"rendered":"Fixe V-Belay Station 316L M10 e M12 gruppo sosta a V inossidabile con anello"},"content":{"rendered":"<p>Il Fixe V-Belay Station 316L \u00e8 un gruppo sosta zincato a V in acciaio inossidabile con anello. Disponibile in due diametri, 10 e 12mm.<\/p>\n<ul>\n<li>Bordo interno arrotondato per una minore usura dei moschettoni.<\/li>\n<li>Orienta il moschettone per un lavoro ottimale.<\/li>\n<li>Rondella Conica. Migliore controllo della coppia di serraggio.<\/li>\n<li>Tre perni antirotazione.<\/li>\n<li>Superficie ottimizzata per un contatto completo.<\/li>\n<li>Per bulloni M10 e M12<\/li>\n<li>Peso: 57 g (10 mm)<\/li>\n<li>Resistenza alla rottura: 25 kN.<\/li>\n<li>Materiale: acciaio inossidabile 316L<\/li>\n<li>Punto di contatto con l&#8217;anello ovale. Aumenta la durata dell&#8217;insieme.<\/li>\n<\/ul>\n<p><strong>Caratteristiche dell&#8217;anello:<\/strong><\/p>\n<ul>\n<li>Anello sempre presente tra i componenti per una migliore lavorabilit\u00e0.<\/li>\n<li>Saldatura TIG. Migliore resistenza alla corrosione.<\/li>\n<li>Diametro interno 33 mm.<\/li>\n<li>Resistenza alla rottura: 25 kN.<\/li>\n<li>Materiale: acciaio inossidabile 316L<\/li>\n<\/ul>\n<p><strong>Caratteristiche della catena in acciaio 316L:<\/strong><\/p>\n<ul>\n<li>Diametro dell&#8217;asta di collegamento 7 mm.<\/li>\n<li>Lunghezza utile: 185 mm.<\/li>\n<li>Resistenza alla rottura: 25 kN.<\/li>\n<li>Materiale: acciaio inossidabile 316L<\/li>\n<\/ul>\n<p>&nbsp;<\/p>\n<p><iframe src=\"\/\/www.youtube.com\/embed\/nDK1QH-TkOs\" width=\"560\" height=\"314\" allowfullscreen=\"allowfullscreen\" data-mce-fragment=\"1\"><\/iframe><\/p>\n<p>&nbsp;<\/p>\n<p>Fixe \u00e8 stata fondata nel 1983 in un luogo circondato da montagne e zone di arrampicata di prim&#8217;ordine come Montserrat, Terradets e Siurana. \u00c8 diventato rapidamente un marchio leader nella comunit\u00e0 dell&#8217;arrampicata e i suoi prodotti sono attualmente conosciuti in tutto il mondo.<\/p>\n<p>Roca \u00e8 uno dei pi\u00f9 antichi produttori di corde al mondo. Fondata nel 1891, dal 2012 \u00e8 entrata a far parte del gruppo Fixe, per realizza tutte le corde del proprio catalogo.<\/p>\n<p>Le corde Fixe Roca sono supportate da pi\u00f9 di 125 anni di esperienza nel settore. Tutta la produzione avviene a Sant Quirze de Besora (Catalogna), dove Fixe ha anche la sua sede principale e magazzini.<\/p>\n<p>Ogni amante della montagna trover\u00e0 la corda che cerca nel catalogo Fixe. Corde per arrampicata sportiva, arrampicata trad, alpinismo, palestre di arrampicata e canyoning, sia dinamiche che statiche. Una corda per ogni situazione e ogni attivit\u00e0 su terreno verticale.<\/p>","protected":false},"excerpt":{"rendered":"<p>Il Fixe V-Belay Station 316L \u00e8 un gruppo sosta zincato a V in acciaio inossidabile con anello. Disponibile in due [&hellip;]<\/p>\n","protected":false},"featured_media":146223,"comment_status":"open","ping_status":"closed","template":"","meta":{"_acf_changed":false},"product_brand":[778],"product_cat":[343],"product_tag":[],"class_list":{"0":"post-146222","1":"product","2":"type-product","3":"status-publish","4":"has-post-thumbnail","6":"product_brand-fixe","7":"product_cat-chiodi-e-ancoraggi","9":"first","10":"instock","11":"sale","12":"taxable","13":"shipping-taxable","14":"purchasable","15":"product-type-variable"},"acf":[],"yoast_head":"<!-- This site is optimized with the Yoast SEO plugin v26.4 - https:\/\/yoast.com\/wordpress\/plugins\/seo\/ -->\n<title>Fixe V-Belay Station 316L M10 e M12 gruppo sosta a V inossidabile con anello - Sestogrado<\/title>\n<meta name=\"description\" content=\"Il Fixe V-Belay Station 316L \u00e8 un gruppo sosta zincato a V in acciaio inossidabile con anello. Disponibile in due diametri, 10 e 12mm.Bordo interno arrotondato per una minore usura dei moschettoni.Orienta il moschettone per un lavoro ottimale.Rondella Conica. Migliore controllo della coppia di serraggio.Tre perni antirotazione.Superficie ottimizzata per un contatto completo.Per bulloni M10 e M12Peso: 57 g (10 mm)Resistenza alla rottura: 25 kN.Materiale: acciaio inossidabile 316LPunto di contatto con l&#039;anello ovale. Aumenta la durata dell&#039;insieme.\" \/>\n<meta name=\"robots\" content=\"index, follow, max-snippet:-1, max-image-preview:large, max-video-preview:-1\" \/>\n<link rel=\"canonical\" href=\"https:\/\/www.sestogrado.it\/it\/prodotto\/fixe-v-belay-station-316l-m10-e-m12-gruppo-sosta-a-v-inossidabile-con-anello\/\" \/>\n<meta property=\"og:locale\" content=\"it_IT\" \/>\n<meta property=\"og:type\" content=\"article\" \/>\n<meta property=\"og:title\" content=\"Fixe V-Belay Station 316L M10 e M12 gruppo sosta a V inossidabile con anello - Sestogrado\" \/>\n<meta property=\"og:description\" content=\"Il Fixe V-Belay Station 316L \u00e8 un gruppo sosta zincato a V in acciaio inossidabile con anello. Disponibile in due diametri, 10 e 12mm.Bordo interno arrotondato per una minore usura dei moschettoni.Orienta il moschettone per un lavoro ottimale.Rondella Conica. Migliore controllo della coppia di serraggio.Tre perni antirotazione.Superficie ottimizzata per un contatto completo.Per bulloni M10 e M12Peso: 57 g (10 mm)Resistenza alla rottura: 25 kN.Materiale: acciaio inossidabile 316LPunto di contatto con l&#039;anello ovale. Aumenta la durata dell&#039;insieme.\" \/>\n<meta property=\"og:url\" content=\"https:\/\/www.sestogrado.it\/it\/prodotto\/fixe-v-belay-station-316l-m10-e-m12-gruppo-sosta-a-v-inossidabile-con-anello\/\" \/>\n<meta property=\"og:site_name\" content=\"Sestogrado\" \/>\n<meta property=\"article:publisher\" content=\"https:\/\/www.facebook.com\/pages\/Sestogrado\/1542635979353017?ref=bookmarks\" \/>\n<meta property=\"article:modified_time\" content=\"2025-04-22T14:00:57+00:00\" \/>\n<meta property=\"og:image\" content=\"https:\/\/www.sestogrado.it\/wp-content\/uploads\/2023\/11\/v-belay-station-316l.jpg\" \/>\n\t<meta property=\"og:image:width\" content=\"800\" \/>\n\t<meta property=\"og:image:height\" content=\"800\" \/>\n\t<meta property=\"og:image:type\" content=\"image\/jpeg\" \/>\n<meta name=\"twitter:label1\" content=\"Disponibilit\u00e0\" \/>\n\t<meta name=\"twitter:data1\" content=\"In stock\" \/>\n<script type=\"application\/ld+json\" class=\"yoast-schema-graph\">{\"@context\":\"https:\/\/schema.org\",\"@graph\":[{\"@type\":\"WebPage\",\"@id\":\"https:\/\/www.sestogrado.it\/it\/prodotto\/fixe-v-belay-station-316l-m10-e-m12-gruppo-sosta-a-v-inossidabile-con-anello\/\",\"url\":\"https:\/\/www.sestogrado.it\/it\/prodotto\/fixe-v-belay-station-316l-m10-e-m12-gruppo-sosta-a-v-inossidabile-con-anello\/\",\"name\":\"Fixe V-Belay Station 316L M10 e M12 gruppo sosta a V inossidabile con anello - Sestogrado\",\"isPartOf\":{\"@id\":\"https:\/\/www.sestogrado.it\/it\/#website\"},\"primaryImageOfPage\":{\"@id\":\"https:\/\/www.sestogrado.it\/it\/prodotto\/fixe-v-belay-station-316l-m10-e-m12-gruppo-sosta-a-v-inossidabile-con-anello\/#primaryimage\"},\"image\":{\"@id\":\"https:\/\/www.sestogrado.it\/prodotto\/fixe-v-belay-station-316l-m10-e-m12-gruppo-sosta-a-v-inossidabile-con-anello\/#primaryimage\"},\"thumbnailUrl\":\"https:\/\/www.sestogrado.it\/wp-content\/uploads\/2023\/11\/v-belay-station-316l.jpg\",\"datePublished\":\"2023-11-15T12:18:57+00:00\",\"dateModified\":\"2025-04-22T14:00:57+00:00\",\"description\":\"Il Fixe V-Belay Station 316L \u00e8 un gruppo sosta zincato a V in acciaio inossidabile con anello. Disponibile in due diametri, 10 e 12mm.Bordo interno arrotondato per una minore usura dei moschettoni.Orienta il moschettone per un lavoro ottimale.Rondella Conica. Migliore controllo della coppia di serraggio.Tre perni antirotazione.Superficie ottimizzata per un contatto completo.Per bulloni M10 e M12Peso: 57 g (10 mm)Resistenza alla rottura: 25 kN.Materiale: acciaio inossidabile 316LPunto di contatto con l'anello ovale. Aumenta la durata dell'insieme.\",\"breadcrumb\":{\"@id\":\"https:\/\/www.sestogrado.it\/it\/prodotto\/fixe-v-belay-station-316l-m10-e-m12-gruppo-sosta-a-v-inossidabile-con-anello\/#breadcrumb\"},\"inLanguage\":\"it-IT\",\"potentialAction\":[{\"@type\":\"ReadAction\",\"target\":[[\"https:\/\/www.sestogrado.it\/it\/prodotto\/fixe-v-belay-station-316l-m10-e-m12-gruppo-sosta-a-v-inossidabile-con-anello\/\"]]}]},{\"@type\":\"ImageObject\",\"inLanguage\":\"it-IT\",\"@id\":\"https:\/\/www.sestogrado.it\/it\/prodotto\/fixe-v-belay-station-316l-m10-e-m12-gruppo-sosta-a-v-inossidabile-con-anello\/#primaryimage\",\"url\":\"https:\/\/www.sestogrado.it\/wp-content\/uploads\/2023\/11\/v-belay-station-316l.jpg\",\"contentUrl\":\"https:\/\/www.sestogrado.it\/wp-content\/uploads\/2023\/11\/v-belay-station-316l.jpg\",\"width\":800,\"height\":800,\"caption\":\"fixe v 316L\"},{\"@type\":\"BreadcrumbList\",\"@id\":\"https:\/\/www.sestogrado.it\/it\/prodotto\/fixe-v-belay-station-316l-m10-e-m12-gruppo-sosta-a-v-inossidabile-con-anello\/#breadcrumb\",\"itemListElement\":[{\"@type\":\"ListItem\",\"position\":1,\"name\":\"Home\",\"item\":\"https:\/\/www.sestogrado.it\/it\/\"},{\"@type\":\"ListItem\",\"position\":2,\"name\":\"Shop\",\"item\":\"https:\/\/www.sestogrado.it\/it\/shop\/\"},{\"@type\":\"ListItem\",\"position\":3,\"name\":\"Fixe V-Belay Station 316L M10 e M12 gruppo sosta a V inossidabile con anello\"}]},{\"@type\":\"WebSite\",\"@id\":\"https:\/\/www.sestogrado.it\/it\/#website\",\"url\":\"https:\/\/www.sestogrado.it\/it\/\",\"name\":\"Sestogrado\",\"description\":\"yes we climb\",\"publisher\":{\"@id\":\"https:\/\/www.sestogrado.it\/it\/#organization\"},\"potentialAction\":[{\"@type\":\"SearchAction\",\"target\":{\"@type\":\"EntryPoint\",\"urlTemplate\":\"https:\/\/www.sestogrado.it\/it\/?s={search_term_string}\"},\"query-input\":{\"@type\":\"PropertyValueSpecification\",\"valueRequired\":true,\"valueName\":\"search_term_string\"}}],\"inLanguage\":\"it-IT\"},{\"@type\":\"Organization\",\"@id\":\"https:\/\/www.sestogrado.it\/it\/#organization\",\"name\":\"Sestogrado\",\"url\":\"https:\/\/www.sestogrado.it\/it\/\",\"logo\":{\"@type\":\"ImageObject\",\"inLanguage\":\"it-IT\",\"@id\":\"https:\/\/www.sestogrado.it\/it\/#\/schema\/logo\/image\/\",\"url\":\"https:\/\/www.sestogrado.it\/wp-content\/uploads\/2015\/03\/sestogrado-favicon.png\",\"contentUrl\":\"https:\/\/www.sestogrado.it\/wp-content\/uploads\/2015\/03\/sestogrado-favicon.png\",\"width\":260,\"height\":260,\"caption\":\"Sestogrado\"},\"image\":{\"@id\":\"https:\/\/www.sestogrado.it\/it\/#\/schema\/logo\/image\/\"},\"sameAs\":[\"https:\/\/www.facebook.com\/pages\/Sestogrado\/1542635979353017?ref=bookmarks\",\"https:\/\/www.youtube.com\/channel\/UC847kAfTkaJsWpc1jtQwr3Q\"],\"hasMerchantReturnPolicy\":{\"@type\":\"MerchantReturnPolicy\",\"merchantReturnLink\":\"https:\/\/www.sestogrado.it\/it\/termini-e-condizioni\/\"}}]}<\/script>\n<meta property=\"product:brand\" content=\"Fixe\" \/>\n<meta property=\"og:availability\" content=\"instock\" \/>\n<meta property=\"product:availability\" content=\"instock\" \/>\n<meta property=\"product:condition\" content=\"new\" \/>\n<!-- \/ Yoast SEO plugin. -->","yoast_head_json":{"title":"Fixe V-Belay Station 316L M10 e M12 gruppo sosta a V inossidabile con anello - Sestogrado","description":"Il Fixe V-Belay Station 316L \u00e8 un gruppo sosta zincato a V in acciaio inossidabile con anello. Disponibile in due diametri, 10 e 12mm.Bordo interno arrotondato per una minore usura dei moschettoni.Orienta il moschettone per un lavoro ottimale.Rondella Conica. Migliore controllo della coppia di serraggio.Tre perni antirotazione.Superficie ottimizzata per un contatto completo.Per bulloni M10 e M12Peso: 57 g (10 mm)Resistenza alla rottura: 25 kN.Materiale: acciaio inossidabile 316LPunto di contatto con l'anello ovale. Aumenta la durata dell'insieme.","robots":{"index":"index","follow":"follow","max-snippet":"max-snippet:-1","max-image-preview":"max-image-preview:large","max-video-preview":"max-video-preview:-1"},"canonical":"https:\/\/www.sestogrado.it\/it\/prodotto\/fixe-v-belay-station-316l-m10-e-m12-gruppo-sosta-a-v-inossidabile-con-anello\/","og_locale":"it_IT","og_type":"article","og_title":"Fixe V-Belay Station 316L M10 e M12 gruppo sosta a V inossidabile con anello - Sestogrado","og_description":"Il Fixe V-Belay Station 316L \u00e8 un gruppo sosta zincato a V in acciaio inossidabile con anello. Disponibile in due diametri, 10 e 12mm.Bordo interno arrotondato per una minore usura dei moschettoni.Orienta il moschettone per un lavoro ottimale.Rondella Conica. Migliore controllo della coppia di serraggio.Tre perni antirotazione.Superficie ottimizzata per un contatto completo.Per bulloni M10 e M12Peso: 57 g (10 mm)Resistenza alla rottura: 25 kN.Materiale: acciaio inossidabile 316LPunto di contatto con l'anello ovale. Aumenta la durata dell'insieme.","og_url":"https:\/\/www.sestogrado.it\/it\/prodotto\/fixe-v-belay-station-316l-m10-e-m12-gruppo-sosta-a-v-inossidabile-con-anello\/","og_site_name":"Sestogrado","article_publisher":"https:\/\/www.facebook.com\/pages\/Sestogrado\/1542635979353017?ref=bookmarks","article_modified_time":"2025-04-22T14:00:57+00:00","og_image":[{"width":800,"height":800,"url":"https:\/\/www.sestogrado.it\/wp-content\/uploads\/2023\/11\/v-belay-station-316l.jpg","type":"image\/jpeg"}],"twitter_misc":{"Disponibilit\u00e0":"In stock"},"schema":{"@context":"https:\/\/schema.org","@graph":[{"@type":"WebPage","@id":"https:\/\/www.sestogrado.it\/it\/prodotto\/fixe-v-belay-station-316l-m10-e-m12-gruppo-sosta-a-v-inossidabile-con-anello\/","url":"https:\/\/www.sestogrado.it\/it\/prodotto\/fixe-v-belay-station-316l-m10-e-m12-gruppo-sosta-a-v-inossidabile-con-anello\/","name":"Fixe V-Belay Station 316L M10 e M12 gruppo sosta a V inossidabile con anello - Sestogrado","isPartOf":{"@id":"https:\/\/www.sestogrado.it\/it\/#website"},"primaryImageOfPage":{"@id":"https:\/\/www.sestogrado.it\/it\/prodotto\/fixe-v-belay-station-316l-m10-e-m12-gruppo-sosta-a-v-inossidabile-con-anello\/#primaryimage"},"image":{"@id":"https:\/\/www.sestogrado.it\/prodotto\/fixe-v-belay-station-316l-m10-e-m12-gruppo-sosta-a-v-inossidabile-con-anello\/#primaryimage"},"thumbnailUrl":"https:\/\/www.sestogrado.it\/wp-content\/uploads\/2023\/11\/v-belay-station-316l.jpg","datePublished":"2023-11-15T12:18:57+00:00","dateModified":"2025-04-22T14:00:57+00:00","description":"Il Fixe V-Belay Station 316L \u00e8 un gruppo sosta zincato a V in acciaio inossidabile con anello. Disponibile in due diametri, 10 e 12mm.Bordo interno arrotondato per una minore usura dei moschettoni.Orienta il moschettone per un lavoro ottimale.Rondella Conica. Migliore controllo della coppia di serraggio.Tre perni antirotazione.Superficie ottimizzata per un contatto completo.Per bulloni M10 e M12Peso: 57 g (10 mm)Resistenza alla rottura: 25 kN.Materiale: acciaio inossidabile 316LPunto di contatto con l'anello ovale. Aumenta la durata dell'insieme.","breadcrumb":{"@id":"https:\/\/www.sestogrado.it\/it\/prodotto\/fixe-v-belay-station-316l-m10-e-m12-gruppo-sosta-a-v-inossidabile-con-anello\/#breadcrumb"},"inLanguage":"it-IT","potentialAction":[{"@type":"ReadAction","target":[["https:\/\/www.sestogrado.it\/it\/prodotto\/fixe-v-belay-station-316l-m10-e-m12-gruppo-sosta-a-v-inossidabile-con-anello\/"]]}]},{"@type":"ImageObject","inLanguage":"it-IT","@id":"https:\/\/www.sestogrado.it\/it\/prodotto\/fixe-v-belay-station-316l-m10-e-m12-gruppo-sosta-a-v-inossidabile-con-anello\/#primaryimage","url":"https:\/\/www.sestogrado.it\/wp-content\/uploads\/2023\/11\/v-belay-station-316l.jpg","contentUrl":"https:\/\/www.sestogrado.it\/wp-content\/uploads\/2023\/11\/v-belay-station-316l.jpg","width":800,"height":800,"caption":"fixe v 316L"},{"@type":"BreadcrumbList","@id":"https:\/\/www.sestogrado.it\/it\/prodotto\/fixe-v-belay-station-316l-m10-e-m12-gruppo-sosta-a-v-inossidabile-con-anello\/#breadcrumb","itemListElement":[{"@type":"ListItem","position":1,"name":"Home","item":"https:\/\/www.sestogrado.it\/it\/"},{"@type":"ListItem","position":2,"name":"Shop","item":"https:\/\/www.sestogrado.it\/it\/shop\/"},{"@type":"ListItem","position":3,"name":"Fixe V-Belay Station 316L M10 e M12 gruppo sosta a V inossidabile con anello"}]},{"@type":"WebSite","@id":"https:\/\/www.sestogrado.it\/it\/#website","url":"https:\/\/www.sestogrado.it\/it\/","name":"Sestogrado","description":"yes we climb","publisher":{"@id":"https:\/\/www.sestogrado.it\/it\/#organization"},"potentialAction":[{"@type":"SearchAction","target":{"@type":"EntryPoint","urlTemplate":"https:\/\/www.sestogrado.it\/it\/?s={search_term_string}"},"query-input":{"@type":"PropertyValueSpecification","valueRequired":true,"valueName":"search_term_string"}}],"inLanguage":"it-IT"},{"@type":"Organization","@id":"https:\/\/www.sestogrado.it\/it\/#organization","name":"Sestogrado","url":"https:\/\/www.sestogrado.it\/it\/","logo":{"@type":"ImageObject","inLanguage":"it-IT","@id":"https:\/\/www.sestogrado.it\/it\/#\/schema\/logo\/image\/","url":"https:\/\/www.sestogrado.it\/wp-content\/uploads\/2015\/03\/sestogrado-favicon.png","contentUrl":"https:\/\/www.sestogrado.it\/wp-content\/uploads\/2015\/03\/sestogrado-favicon.png","width":260,"height":260,"caption":"Sestogrado"},"image":{"@id":"https:\/\/www.sestogrado.it\/it\/#\/schema\/logo\/image\/"},"sameAs":["https:\/\/www.facebook.com\/pages\/Sestogrado\/1542635979353017?ref=bookmarks","https:\/\/www.youtube.com\/channel\/UC847kAfTkaJsWpc1jtQwr3Q"],"hasMerchantReturnPolicy":{"@type":"MerchantReturnPolicy","merchantReturnLink":"https:\/\/www.sestogrado.it\/it\/termini-e-condizioni\/"}}]},"product_brand":"Fixe","og_availability":"instock","product_availability":"instock","product_condition":"new"},"_links":{"self":[{"href":"https:\/\/www.sestogrado.it\/it\/wp-json\/wp\/v2\/product\/146222","targetHints":{"allow":["GET"]}}],"collection":[{"href":"https:\/\/www.sestogrado.it\/it\/wp-json\/wp\/v2\/product"}],"about":[{"href":"https:\/\/www.sestogrado.it\/it\/wp-json\/wp\/v2\/types\/product"}],"replies":[{"embeddable":true,"href":"https:\/\/www.sestogrado.it\/it\/wp-json\/wp\/v2\/comments?post=146222"}],"wp:featuredmedia":[{"embeddable":true,"href":"https:\/\/www.sestogrado.it\/it\/wp-json\/wp\/v2\/media\/146223"}],"wp:attachment":[{"href":"https:\/\/www.sestogrado.it\/it\/wp-json\/wp\/v2\/media?parent=146222"}],"wp:term":[{"taxonomy":"product_brand","embeddable":true,"href":"https:\/\/www.sestogrado.it\/it\/wp-json\/wp\/v2\/product_brand?post=146222"},{"taxonomy":"product_cat","embeddable":true,"href":"https:\/\/www.sestogrado.it\/it\/wp-json\/wp\/v2\/product_cat?post=146222"},{"taxonomy":"product_tag","embeddable":true,"href":"https:\/\/www.sestogrado.it\/it\/wp-json\/wp\/v2\/product_tag?post=146222"}],"curies":[{"name":"wp","href":"https:\/\/api.w.org\/{rel}","templated":true}]}}