{"id":145879,"date":"2023-11-03T14:50:56","date_gmt":"2023-11-03T13:50:56","guid":{"rendered":"https:\/\/www.sestogrado.it\/?post_type=product&#038;p=145879"},"modified":"2026-03-04T17:37:34","modified_gmt":"2026-03-04T16:37:34","slug":"camp-summit-30-zaino-scialpinismo","status":"publish","type":"product","link":"https:\/\/www.sestogrado.it\/it\/prodotto\/camp-summit-30-zaino-scialpinismo\/","title":{"rendered":"Camp Summit 30 zaino scialpinismo"},"content":{"rendered":"<p>Il Camp Summit 30 \u00e8 lo zaino da scialpinismo per antonomasia, da 30 litri, disegnato esplicitamente per le uscite con le pelli di foca. Dalle gite pi\u00f9 tranquille alle ascensioni con discese di maggiore impegno, il polivalente Summit 30 mette a disposizione degli appassionati tutta l\u2019esperienza di C.A.M.P. nella realizzazione degli zaini da skialp. Funzionalit\u00e0, comfort e leggerezza \u2013 grazie alla costruzione in tessuto in nylon 100D \u2013 sono le caratteristiche distintive di un prodotto che porta negli zaini touring le innovazioni sviluppate per quelli da competizione, a tutto vantaggio del divertimento e del piacere di andare in montagna. Basti pensare al porta ramponi con apertura laterale, accessibile senza togliere lo zaino. Ma anche allo schienale con l\u2019esclusiva apertura Full Backdoor, agli spallacci imbottiti con bordatura esterna e alle numerose tasche pensate per funzioni specifiche (tra cui quella per pala e sonda, immediatamente individuabile e facilmente accessibile in caso di necessit\u00e0). In sintesi: se C.A.M.P. ha lo scialpinismo nel proprio DNA, il Summit 30 rappresenta al meglio questa fantastica passione.<\/p>\n<ul>\n<li>Realizzato in leggero e resistente nylon triple-ripstop 100D<\/li>\n<li>Porta sci laterali, con fettucce a scomparsa dotate di fibbie a sgancio rapido<\/li>\n<li>Vano porta ramponi a tunnel con apertura laterale munita di zip, accessibile senza togliere lo zaino e collegabile al vano principale grazie a una zip interna<\/li>\n<li>Doppio porta piccozza con fettucce superiori a scomparsa ed amovibili, placchette in alluminio inferiori e vano per le lame degli attrezzi<\/li>\n<li>Schienale ergonomico e ventilato, con ampia apertura Full Backdoor dotata di tasca nella parte interna (utilizzabile anche come porta hydrobag)<\/li>\n<li>Spallacci imbottiti con bordatura esterna per maggior comfort e fettucce porta materiale<\/li>\n<li>Cintura con tasca elastica a sinistra e anello porta materiale a destra<\/li>\n<li>Cinghia sternale regolabile in altezza<\/li>\n<li>Tasche laterali dotate di chiusura con magnete e con volume elastico interno per riporre guanti, pelli o altri oggetti<\/li>\n<li>Tasche interne elastiche per piccoli oggetti e accessori<\/li>\n<li>Tasca frontale separata per pala e sonda, immediatamente individuabile e accessibile in caso di emergenza<\/li>\n<li>Tasca frontale elastica per riporre a parte oggetti umidi come pelli o\u00a0abbigliamento<\/li>\n<li>Chiusura esterna top-roll e ulteriore chiusura interna con coulisse che permette di organizzare al meglio il carico<\/li>\n<li>Porta casco a scomparsa ed eventualmente amovibile in rete elastica, da agganciare alle apposite asole in fettuccia sullo zaino<\/li>\n<li>Maniglia superiore per trasporto<\/li>\n<li>Predisposto per hydrobag<\/li>\n<\/ul>\n<p>&nbsp;<\/p>\n<p>Passione, lavoro e semplicit\u00e0 sono alcune delle parole chiave che da sempre hanno contraddistinto il modo di essere di C.A.M.P. La passione \u00e8 quella per la montagna e per i prodotti che aiutano a realizzare i sogni ed i progetti di tutti coloro che la frequentano; il lavoro \u00e8 quello tramandato da oltre 115 anni in quattro distinte generazioni succedutesi alla guida dell\u2019azienda e la semplicit\u00e0 \u00e8 quella che contraddistingue un modo di essere e relazionarsi basato sulla seriet\u00e0 e lealt\u00e0.<\/p>","protected":false},"excerpt":{"rendered":"<p>Il Camp Summit 30 \u00e8 lo zaino da scialpinismo per antonomasia, da 30 litri, disegnato esplicitamente per le uscite con [&hellip;]<\/p>\n","protected":false},"featured_media":145880,"comment_status":"open","ping_status":"closed","template":"","meta":{"_acf_changed":false},"product_brand":[31],"product_cat":[389,1431],"product_tag":[],"class_list":{"0":"post-145879","1":"product","2":"type-product","3":"status-publish","4":"has-post-thumbnail","6":"product_brand-camp","7":"product_cat-zaini-alpinismo","8":"product_cat-scialpinismo-zaini","10":"first","11":"instock","12":"sale","13":"taxable","14":"shipping-taxable","15":"purchasable","16":"product-type-variable"},"acf":[],"yoast_head":"<!-- This site is optimized with the Yoast SEO plugin v26.4 - https:\/\/yoast.com\/wordpress\/plugins\/seo\/ -->\n<title>Camp Summit 30 zaino scialpinismo - Sestogrado<\/title>\n<meta name=\"description\" content=\"Il Camp Summit 30 \u00e8 lo zaino da scialpinismo per antonomasia, da 30 litri, disegnato esplicitamente per le uscite con le pelli di foca. Dalle gite pi\u00f9 tranquille alle ascensioni con discese di maggiore impegno, il polivalente Summit 30 mette a disposizione degli appassionati tutta l\u2019esperienza di C.A.M.P. nella realizzazione degli zaini da skialp. Funzionalit\u00e0, comfort e leggerezza \u2013 grazie alla costruzione in tessuto in nylon 100D \u2013 sono le caratteristiche distintive di un prodotto che porta negli zaini touring le innovazioni sviluppate per quelli da competizione, a tutto vantaggio del divertimento e del piacere di andare in montagna. Basti pensare al porta ramponi con apertura laterale, accessibile senza togliere lo zaino. Ma anche allo schienale con l\u2019esclusiva apertura Full Backdoor, agli spallacci imbottiti con bordatura esterna e alle numerose tasche pensate per funzioni specifiche (tra cui quella per pala e sonda, immediatamente individuabile e facilmente accessibile in caso di necessit\u00e0). In sintesi: se C.A.M.P. ha lo scialpinismo nel proprio DNA, il Summit 30 rappresenta al meglio questa fantastica passione.\" \/>\n<meta name=\"robots\" content=\"index, follow, max-snippet:-1, max-image-preview:large, max-video-preview:-1\" \/>\n<link rel=\"canonical\" href=\"https:\/\/www.sestogrado.it\/it\/prodotto\/camp-summit-30-zaino-scialpinismo\/\" \/>\n<meta property=\"og:locale\" content=\"it_IT\" \/>\n<meta property=\"og:type\" content=\"article\" \/>\n<meta property=\"og:title\" content=\"Camp Summit 30 zaino scialpinismo - Sestogrado\" \/>\n<meta property=\"og:description\" content=\"Il Camp Summit 30 \u00e8 lo zaino da scialpinismo per antonomasia, da 30 litri, disegnato esplicitamente per le uscite con le pelli di foca. Dalle gite pi\u00f9 tranquille alle ascensioni con discese di maggiore impegno, il polivalente Summit 30 mette a disposizione degli appassionati tutta l\u2019esperienza di C.A.M.P. nella realizzazione degli zaini da skialp. Funzionalit\u00e0, comfort e leggerezza \u2013 grazie alla costruzione in tessuto in nylon 100D \u2013 sono le caratteristiche distintive di un prodotto che porta negli zaini touring le innovazioni sviluppate per quelli da competizione, a tutto vantaggio del divertimento e del piacere di andare in montagna. Basti pensare al porta ramponi con apertura laterale, accessibile senza togliere lo zaino. Ma anche allo schienale con l\u2019esclusiva apertura Full Backdoor, agli spallacci imbottiti con bordatura esterna e alle numerose tasche pensate per funzioni specifiche (tra cui quella per pala e sonda, immediatamente individuabile e facilmente accessibile in caso di necessit\u00e0). In sintesi: se C.A.M.P. ha lo scialpinismo nel proprio DNA, il Summit 30 rappresenta al meglio questa fantastica passione.\" \/>\n<meta property=\"og:url\" content=\"https:\/\/www.sestogrado.it\/it\/prodotto\/camp-summit-30-zaino-scialpinismo\/\" \/>\n<meta property=\"og:site_name\" content=\"Sestogrado\" \/>\n<meta property=\"article:publisher\" content=\"https:\/\/www.facebook.com\/pages\/Sestogrado\/1542635979353017?ref=bookmarks\" \/>\n<meta property=\"article:modified_time\" content=\"2026-03-04T16:37:34+00:00\" \/>\n<meta property=\"og:image\" content=\"https:\/\/www.sestogrado.it\/wp-content\/uploads\/2023\/11\/01.jpg\" \/>\n\t<meta property=\"og:image:width\" content=\"1400\" \/>\n\t<meta property=\"og:image:height\" content=\"1400\" \/>\n\t<meta property=\"og:image:type\" content=\"image\/jpeg\" \/>\n<meta name=\"twitter:label1\" content=\"Disponibilit\u00e0\" \/>\n\t<meta name=\"twitter:data1\" content=\"In stock\" \/>\n<script type=\"application\/ld+json\" class=\"yoast-schema-graph\">{\"@context\":\"https:\/\/schema.org\",\"@graph\":[{\"@type\":\"WebPage\",\"@id\":\"https:\/\/www.sestogrado.it\/it\/prodotto\/camp-summit-30-zaino-scialpinismo\/\",\"url\":\"https:\/\/www.sestogrado.it\/it\/prodotto\/camp-summit-30-zaino-scialpinismo\/\",\"name\":\"Camp Summit 30 zaino scialpinismo - Sestogrado\",\"isPartOf\":{\"@id\":\"https:\/\/www.sestogrado.it\/it\/#website\"},\"primaryImageOfPage\":{\"@id\":\"https:\/\/www.sestogrado.it\/it\/prodotto\/camp-summit-30-zaino-scialpinismo\/#primaryimage\"},\"image\":{\"@id\":\"https:\/\/www.sestogrado.it\/prodotto\/camp-summit-30-zaino-scialpinismo\/#primaryimage\"},\"thumbnailUrl\":\"https:\/\/www.sestogrado.it\/wp-content\/uploads\/2023\/11\/01.jpg\",\"datePublished\":\"2023-11-03T13:50:56+00:00\",\"dateModified\":\"2026-03-04T16:37:34+00:00\",\"description\":\"Il Camp Summit 30 \u00e8 lo zaino da scialpinismo per antonomasia, da 30 litri, disegnato esplicitamente per le uscite con le pelli di foca. Dalle gite pi\u00f9 tranquille alle ascensioni con discese di maggiore impegno, il polivalente Summit 30 mette a disposizione degli appassionati tutta l\u2019esperienza di C.A.M.P. nella realizzazione degli zaini da skialp. Funzionalit\u00e0, comfort e leggerezza \u2013 grazie alla costruzione in tessuto in nylon 100D \u2013 sono le caratteristiche distintive di un prodotto che porta negli zaini touring le innovazioni sviluppate per quelli da competizione, a tutto vantaggio del divertimento e del piacere di andare in montagna. Basti pensare al porta ramponi con apertura laterale, accessibile senza togliere lo zaino. Ma anche allo schienale con l\u2019esclusiva apertura Full Backdoor, agli spallacci imbottiti con bordatura esterna e alle numerose tasche pensate per funzioni specifiche (tra cui quella per pala e sonda, immediatamente individuabile e facilmente accessibile in caso di necessit\u00e0). In sintesi: se C.A.M.P. ha lo scialpinismo nel proprio DNA, il Summit 30 rappresenta al meglio questa fantastica passione.\",\"breadcrumb\":{\"@id\":\"https:\/\/www.sestogrado.it\/it\/prodotto\/camp-summit-30-zaino-scialpinismo\/#breadcrumb\"},\"inLanguage\":\"it-IT\",\"potentialAction\":[{\"@type\":\"ReadAction\",\"target\":[[\"https:\/\/www.sestogrado.it\/it\/prodotto\/camp-summit-30-zaino-scialpinismo\/\"]]}]},{\"@type\":\"ImageObject\",\"inLanguage\":\"it-IT\",\"@id\":\"https:\/\/www.sestogrado.it\/it\/prodotto\/camp-summit-30-zaino-scialpinismo\/#primaryimage\",\"url\":\"https:\/\/www.sestogrado.it\/wp-content\/uploads\/2023\/11\/01.jpg\",\"contentUrl\":\"https:\/\/www.sestogrado.it\/wp-content\/uploads\/2023\/11\/01.jpg\",\"width\":1400,\"height\":1400,\"caption\":\"summit 30 blue\"},{\"@type\":\"BreadcrumbList\",\"@id\":\"https:\/\/www.sestogrado.it\/it\/prodotto\/camp-summit-30-zaino-scialpinismo\/#breadcrumb\",\"itemListElement\":[{\"@type\":\"ListItem\",\"position\":1,\"name\":\"Home\",\"item\":\"https:\/\/www.sestogrado.it\/it\/\"},{\"@type\":\"ListItem\",\"position\":2,\"name\":\"Shop\",\"item\":\"https:\/\/www.sestogrado.it\/it\/shop\/\"},{\"@type\":\"ListItem\",\"position\":3,\"name\":\"Camp Summit 30 zaino scialpinismo\"}]},{\"@type\":\"WebSite\",\"@id\":\"https:\/\/www.sestogrado.it\/it\/#website\",\"url\":\"https:\/\/www.sestogrado.it\/it\/\",\"name\":\"Sestogrado\",\"description\":\"yes we climb\",\"publisher\":{\"@id\":\"https:\/\/www.sestogrado.it\/it\/#organization\"},\"potentialAction\":[{\"@type\":\"SearchAction\",\"target\":{\"@type\":\"EntryPoint\",\"urlTemplate\":\"https:\/\/www.sestogrado.it\/it\/?s={search_term_string}\"},\"query-input\":{\"@type\":\"PropertyValueSpecification\",\"valueRequired\":true,\"valueName\":\"search_term_string\"}}],\"inLanguage\":\"it-IT\"},{\"@type\":\"Organization\",\"@id\":\"https:\/\/www.sestogrado.it\/it\/#organization\",\"name\":\"Sestogrado\",\"url\":\"https:\/\/www.sestogrado.it\/it\/\",\"logo\":{\"@type\":\"ImageObject\",\"inLanguage\":\"it-IT\",\"@id\":\"https:\/\/www.sestogrado.it\/it\/#\/schema\/logo\/image\/\",\"url\":\"https:\/\/www.sestogrado.it\/wp-content\/uploads\/2015\/03\/sestogrado-favicon.png\",\"contentUrl\":\"https:\/\/www.sestogrado.it\/wp-content\/uploads\/2015\/03\/sestogrado-favicon.png\",\"width\":260,\"height\":260,\"caption\":\"Sestogrado\"},\"image\":{\"@id\":\"https:\/\/www.sestogrado.it\/it\/#\/schema\/logo\/image\/\"},\"sameAs\":[\"https:\/\/www.facebook.com\/pages\/Sestogrado\/1542635979353017?ref=bookmarks\",\"https:\/\/www.youtube.com\/channel\/UC847kAfTkaJsWpc1jtQwr3Q\"],\"hasMerchantReturnPolicy\":{\"@type\":\"MerchantReturnPolicy\",\"merchantReturnLink\":\"https:\/\/www.sestogrado.it\/it\/termini-e-condizioni\/\"}}]}<\/script>\n<meta property=\"product:brand\" content=\"Camp\" \/>\n<meta property=\"og:availability\" content=\"instock\" \/>\n<meta property=\"product:availability\" content=\"instock\" \/>\n<meta property=\"product:condition\" content=\"new\" \/>\n<!-- \/ Yoast SEO plugin. -->","yoast_head_json":{"title":"Camp Summit 30 zaino scialpinismo - Sestogrado","description":"Il Camp Summit 30 \u00e8 lo zaino da scialpinismo per antonomasia, da 30 litri, disegnato esplicitamente per le uscite con le pelli di foca. Dalle gite pi\u00f9 tranquille alle ascensioni con discese di maggiore impegno, il polivalente Summit 30 mette a disposizione degli appassionati tutta l\u2019esperienza di C.A.M.P. nella realizzazione degli zaini da skialp. Funzionalit\u00e0, comfort e leggerezza \u2013 grazie alla costruzione in tessuto in nylon 100D \u2013 sono le caratteristiche distintive di un prodotto che porta negli zaini touring le innovazioni sviluppate per quelli da competizione, a tutto vantaggio del divertimento e del piacere di andare in montagna. Basti pensare al porta ramponi con apertura laterale, accessibile senza togliere lo zaino. Ma anche allo schienale con l\u2019esclusiva apertura Full Backdoor, agli spallacci imbottiti con bordatura esterna e alle numerose tasche pensate per funzioni specifiche (tra cui quella per pala e sonda, immediatamente individuabile e facilmente accessibile in caso di necessit\u00e0). In sintesi: se C.A.M.P. ha lo scialpinismo nel proprio DNA, il Summit 30 rappresenta al meglio questa fantastica passione.","robots":{"index":"index","follow":"follow","max-snippet":"max-snippet:-1","max-image-preview":"max-image-preview:large","max-video-preview":"max-video-preview:-1"},"canonical":"https:\/\/www.sestogrado.it\/it\/prodotto\/camp-summit-30-zaino-scialpinismo\/","og_locale":"it_IT","og_type":"article","og_title":"Camp Summit 30 zaino scialpinismo - Sestogrado","og_description":"Il Camp Summit 30 \u00e8 lo zaino da scialpinismo per antonomasia, da 30 litri, disegnato esplicitamente per le uscite con le pelli di foca. Dalle gite pi\u00f9 tranquille alle ascensioni con discese di maggiore impegno, il polivalente Summit 30 mette a disposizione degli appassionati tutta l\u2019esperienza di C.A.M.P. nella realizzazione degli zaini da skialp. Funzionalit\u00e0, comfort e leggerezza \u2013 grazie alla costruzione in tessuto in nylon 100D \u2013 sono le caratteristiche distintive di un prodotto che porta negli zaini touring le innovazioni sviluppate per quelli da competizione, a tutto vantaggio del divertimento e del piacere di andare in montagna. Basti pensare al porta ramponi con apertura laterale, accessibile senza togliere lo zaino. Ma anche allo schienale con l\u2019esclusiva apertura Full Backdoor, agli spallacci imbottiti con bordatura esterna e alle numerose tasche pensate per funzioni specifiche (tra cui quella per pala e sonda, immediatamente individuabile e facilmente accessibile in caso di necessit\u00e0). In sintesi: se C.A.M.P. ha lo scialpinismo nel proprio DNA, il Summit 30 rappresenta al meglio questa fantastica passione.","og_url":"https:\/\/www.sestogrado.it\/it\/prodotto\/camp-summit-30-zaino-scialpinismo\/","og_site_name":"Sestogrado","article_publisher":"https:\/\/www.facebook.com\/pages\/Sestogrado\/1542635979353017?ref=bookmarks","article_modified_time":"2026-03-04T16:37:34+00:00","og_image":[{"width":1400,"height":1400,"url":"https:\/\/www.sestogrado.it\/wp-content\/uploads\/2023\/11\/01.jpg","type":"image\/jpeg"}],"twitter_misc":{"Disponibilit\u00e0":"In stock"},"schema":{"@context":"https:\/\/schema.org","@graph":[{"@type":"WebPage","@id":"https:\/\/www.sestogrado.it\/it\/prodotto\/camp-summit-30-zaino-scialpinismo\/","url":"https:\/\/www.sestogrado.it\/it\/prodotto\/camp-summit-30-zaino-scialpinismo\/","name":"Camp Summit 30 zaino scialpinismo - Sestogrado","isPartOf":{"@id":"https:\/\/www.sestogrado.it\/it\/#website"},"primaryImageOfPage":{"@id":"https:\/\/www.sestogrado.it\/it\/prodotto\/camp-summit-30-zaino-scialpinismo\/#primaryimage"},"image":{"@id":"https:\/\/www.sestogrado.it\/prodotto\/camp-summit-30-zaino-scialpinismo\/#primaryimage"},"thumbnailUrl":"https:\/\/www.sestogrado.it\/wp-content\/uploads\/2023\/11\/01.jpg","datePublished":"2023-11-03T13:50:56+00:00","dateModified":"2026-03-04T16:37:34+00:00","description":"Il Camp Summit 30 \u00e8 lo zaino da scialpinismo per antonomasia, da 30 litri, disegnato esplicitamente per le uscite con le pelli di foca. Dalle gite pi\u00f9 tranquille alle ascensioni con discese di maggiore impegno, il polivalente Summit 30 mette a disposizione degli appassionati tutta l\u2019esperienza di C.A.M.P. nella realizzazione degli zaini da skialp. Funzionalit\u00e0, comfort e leggerezza \u2013 grazie alla costruzione in tessuto in nylon 100D \u2013 sono le caratteristiche distintive di un prodotto che porta negli zaini touring le innovazioni sviluppate per quelli da competizione, a tutto vantaggio del divertimento e del piacere di andare in montagna. Basti pensare al porta ramponi con apertura laterale, accessibile senza togliere lo zaino. Ma anche allo schienale con l\u2019esclusiva apertura Full Backdoor, agli spallacci imbottiti con bordatura esterna e alle numerose tasche pensate per funzioni specifiche (tra cui quella per pala e sonda, immediatamente individuabile e facilmente accessibile in caso di necessit\u00e0). In sintesi: se C.A.M.P. ha lo scialpinismo nel proprio DNA, il Summit 30 rappresenta al meglio questa fantastica passione.","breadcrumb":{"@id":"https:\/\/www.sestogrado.it\/it\/prodotto\/camp-summit-30-zaino-scialpinismo\/#breadcrumb"},"inLanguage":"it-IT","potentialAction":[{"@type":"ReadAction","target":[["https:\/\/www.sestogrado.it\/it\/prodotto\/camp-summit-30-zaino-scialpinismo\/"]]}]},{"@type":"ImageObject","inLanguage":"it-IT","@id":"https:\/\/www.sestogrado.it\/it\/prodotto\/camp-summit-30-zaino-scialpinismo\/#primaryimage","url":"https:\/\/www.sestogrado.it\/wp-content\/uploads\/2023\/11\/01.jpg","contentUrl":"https:\/\/www.sestogrado.it\/wp-content\/uploads\/2023\/11\/01.jpg","width":1400,"height":1400,"caption":"summit 30 blue"},{"@type":"BreadcrumbList","@id":"https:\/\/www.sestogrado.it\/it\/prodotto\/camp-summit-30-zaino-scialpinismo\/#breadcrumb","itemListElement":[{"@type":"ListItem","position":1,"name":"Home","item":"https:\/\/www.sestogrado.it\/it\/"},{"@type":"ListItem","position":2,"name":"Shop","item":"https:\/\/www.sestogrado.it\/it\/shop\/"},{"@type":"ListItem","position":3,"name":"Camp Summit 30 zaino scialpinismo"}]},{"@type":"WebSite","@id":"https:\/\/www.sestogrado.it\/it\/#website","url":"https:\/\/www.sestogrado.it\/it\/","name":"Sestogrado","description":"yes we climb","publisher":{"@id":"https:\/\/www.sestogrado.it\/it\/#organization"},"potentialAction":[{"@type":"SearchAction","target":{"@type":"EntryPoint","urlTemplate":"https:\/\/www.sestogrado.it\/it\/?s={search_term_string}"},"query-input":{"@type":"PropertyValueSpecification","valueRequired":true,"valueName":"search_term_string"}}],"inLanguage":"it-IT"},{"@type":"Organization","@id":"https:\/\/www.sestogrado.it\/it\/#organization","name":"Sestogrado","url":"https:\/\/www.sestogrado.it\/it\/","logo":{"@type":"ImageObject","inLanguage":"it-IT","@id":"https:\/\/www.sestogrado.it\/it\/#\/schema\/logo\/image\/","url":"https:\/\/www.sestogrado.it\/wp-content\/uploads\/2015\/03\/sestogrado-favicon.png","contentUrl":"https:\/\/www.sestogrado.it\/wp-content\/uploads\/2015\/03\/sestogrado-favicon.png","width":260,"height":260,"caption":"Sestogrado"},"image":{"@id":"https:\/\/www.sestogrado.it\/it\/#\/schema\/logo\/image\/"},"sameAs":["https:\/\/www.facebook.com\/pages\/Sestogrado\/1542635979353017?ref=bookmarks","https:\/\/www.youtube.com\/channel\/UC847kAfTkaJsWpc1jtQwr3Q"],"hasMerchantReturnPolicy":{"@type":"MerchantReturnPolicy","merchantReturnLink":"https:\/\/www.sestogrado.it\/it\/termini-e-condizioni\/"}}]},"product_brand":"Camp","og_availability":"instock","product_availability":"instock","product_condition":"new"},"_links":{"self":[{"href":"https:\/\/www.sestogrado.it\/it\/wp-json\/wp\/v2\/product\/145879","targetHints":{"allow":["GET"]}}],"collection":[{"href":"https:\/\/www.sestogrado.it\/it\/wp-json\/wp\/v2\/product"}],"about":[{"href":"https:\/\/www.sestogrado.it\/it\/wp-json\/wp\/v2\/types\/product"}],"replies":[{"embeddable":true,"href":"https:\/\/www.sestogrado.it\/it\/wp-json\/wp\/v2\/comments?post=145879"}],"wp:featuredmedia":[{"embeddable":true,"href":"https:\/\/www.sestogrado.it\/it\/wp-json\/wp\/v2\/media\/145880"}],"wp:attachment":[{"href":"https:\/\/www.sestogrado.it\/it\/wp-json\/wp\/v2\/media?parent=145879"}],"wp:term":[{"taxonomy":"product_brand","embeddable":true,"href":"https:\/\/www.sestogrado.it\/it\/wp-json\/wp\/v2\/product_brand?post=145879"},{"taxonomy":"product_cat","embeddable":true,"href":"https:\/\/www.sestogrado.it\/it\/wp-json\/wp\/v2\/product_cat?post=145879"},{"taxonomy":"product_tag","embeddable":true,"href":"https:\/\/www.sestogrado.it\/it\/wp-json\/wp\/v2\/product_tag?post=145879"}],"curies":[{"name":"wp","href":"https:\/\/api.w.org\/{rel}","templated":true}]}}