{"id":144735,"date":"2023-10-17T14:19:27","date_gmt":"2023-10-17T12:19:27","guid":{"rendered":"https:\/\/www.sestogrado.it\/?post_type=product&#038;p=144735"},"modified":"2026-02-04T15:18:22","modified_gmt":"2026-02-04T14:18:22","slug":"camp-geko-pulse-guanti-da-alpinismo-e-cascate","status":"publish","type":"product","link":"https:\/\/www.sestogrado.it\/it\/prodotto\/camp-geko-pulse-guanti-da-alpinismo-e-cascate\/","title":{"rendered":"Camp Geko Pulse guanti da alpinismo e cascate"},"content":{"rendered":"<p>Il Camp Geko Pulse \u00e8 un guanto studiato per l\u2019alpinismo e l\u2019arrampicata su ghiaccio che stabilisce nuovi standard di sensibilit\u00e0 e precisione nel settore dei guanti per le attivit\u00e0 tecniche. Grazie alla tecnologia <strong>No Slip<\/strong> applicata sul palmo, tutti gli strati sono accoppiati tra loro per evitarne lo scorrimento e garantire un\u2019eccellente presa sugli attrezzi. Le performance del guanto sono ulteriormente migliorate grazie al connubio di materiali e caratteristiche costruttive: il palmo in pelle Pro Grip, combinato alle dita \u201cRoll finger\u201d e il polso elasticizzato, fanno di questo modello un\u2019eccellenza in termini di calzata e destrezza dei movimenti. La membrana <strong>DRYZONE\u00ae<\/strong> protegge dall\u2019umidit\u00e0 mentre l\u2019imbottitura in PrimaLoft\u00ae Gold 60 g\/m\u00b2 sul dorso garantisce una buona resa termica durante l\u2019azione.<\/p>\n<ul>\n<li>Sensibilit\u00e0 e presa al massimo livello<\/li>\n<li>Palmo con tecnologia &#8220;No Slip&#8221; (antiscivolo) per garantire la miglior presa sugli attrezzi<\/li>\n<li>Membrana DRYZONE\u00ae impermeabile e traspirante<\/li>\n<li>Dorso con imbottitura in PrimaLoft\u00ae Gold 60 g\/m\u00b2<\/li>\n<li>Palmo in robusta pelle di capra Pro Grip con rinforzi nei punti di maggiore usura per durata e grip eccezionali<\/li>\n<li>Dita leggermente preformate con costruzione \u201cRoll Finger\u201d, con fourchette tra le dita per aumentare la flessibilit\u00e0 e la vestibilit\u00e0, consentendo quindi la massima libert\u00e0 di movimento<\/li>\n<li>Polso stretch per la massima aderenza, con lacciolo e inserto elastico per infilare il guanto<\/li>\n<li>Asola sul dito per appendere il guanto quando non in uso<\/li>\n<li>Fibbie per unire i guanti tra loro<\/li>\n<\/ul>\n<p>&nbsp;<\/p>\n<p>Come scegliere la taglia:<\/p>\n<p><img decoding=\"async\" class=\"size-full wp-image-23609 img-fluid alignnone\" src=\"https:\/\/www.sestogrado.it\/wp-content\/uploads\/2019\/10\/mano.png\" alt=\"mano\" width=\"300\" height=\"300\" srcset=\"https:\/\/www.sestogrado.it\/wp-content\/uploads\/2019\/10\/mano.png 300w, https:\/\/www.sestogrado.it\/wp-content\/uploads\/2019\/10\/mano-100x100.png 100w, https:\/\/www.sestogrado.it\/wp-content\/uploads\/2019\/10\/mano-220x220.png 220w, https:\/\/www.sestogrado.it\/wp-content\/uploads\/2019\/10\/mano-150x150.png 150w, https:\/\/www.sestogrado.it\/wp-content\/uploads\/2019\/10\/mano-45x45.png 45w, https:\/\/www.sestogrado.it\/wp-content\/uploads\/2019\/10\/mano-64x64.png 64w, https:\/\/www.sestogrado.it\/wp-content\/uploads\/2019\/10\/mano-80x80.png 80w\" sizes=\"(max-width: 300px) 100vw, 300px\" \/><\/p>\n<p>&nbsp;<\/p>\n<p>S 15.24cm<\/p>\n<p>M 17.78cm<\/p>\n<p>L 20.32cm<\/p>\n<p>XL 22.86cm<\/p>\n<p>XXL 25.40cm<\/p>\n<p>XXXL 27.94cm<\/p>\n<p>&nbsp;<\/p>\n<p>&nbsp;<\/p>\n<p>Passione, lavoro e semplicit\u00e0 sono alcune delle parole chiave che da sempre hanno contraddistinto il modo di essere di C.A.M.P. Fondata nel 1889 a Premana, paese dell\u2019alta Valsassina dove tutt\u2019oggi ha la sua sede, C.A.M.P. realizza prodotti che aiutano a realizzare i sogni ed i progetti di tutti coloro che frequentano la montagna.<\/p>\n<p>&nbsp;<\/p>","protected":false},"excerpt":{"rendered":"<p>Il Camp Geko Pulse \u00e8 un guanto studiato per l\u2019alpinismo e l\u2019arrampicata su ghiaccio che stabilisce nuovi standard di sensibilit\u00e0 [&hellip;]<\/p>\n","protected":false},"featured_media":144736,"comment_status":"open","ping_status":"closed","template":"","meta":{"_acf_changed":false},"product_brand":[31],"product_cat":[1428],"product_tag":[],"class_list":{"0":"post-144735","1":"product","2":"type-product","3":"status-publish","4":"has-post-thumbnail","6":"product_brand-camp","7":"product_cat-guanti-da-alpinismo","9":"first","10":"instock","11":"sale","12":"taxable","13":"shipping-taxable","14":"purchasable","15":"product-type-variable"},"acf":[],"yoast_head":"<!-- This site is optimized with the Yoast SEO plugin v26.4 - https:\/\/yoast.com\/wordpress\/plugins\/seo\/ -->\n<title>Camp Geko Pulse guanti da alpinismo e cascate - Sestogrado<\/title>\n<meta name=\"description\" content=\"Il Camp Geko Pulse \u00e8 un guanto studiato per l\u2019alpinismo e l\u2019arrampicata su ghiaccio che stabilisce nuovi standard di sensibilit\u00e0 e precisione nel settore dei guanti per le attivit\u00e0 tecniche. Grazie alla tecnologia No Slip applicata sul palmo, tutti gli strati sono accoppiati tra loro per evitarne lo scorrimento e garantire un\u2019eccellente presa sugli attrezzi. Le performance del guanto sono ulteriormente migliorate grazie al connubio di materiali e caratteristiche costruttive: il palmo in pelle Pro Grip, combinato alle dita \u201cRoll finger\u201d e il polso elasticizzato, fanno di questo modello un\u2019eccellenza in termini di calzata e destrezza dei movimenti. La membrana DRYZONE\u00ae protegge dall\u2019umidit\u00e0 mentre l\u2019imbottitura in PrimaLoft\u00ae Gold 60 g\/m\u00b2 sul dorso garantisce una buona resa termica durante l\u2019azione.\" \/>\n<meta name=\"robots\" content=\"index, follow, max-snippet:-1, max-image-preview:large, max-video-preview:-1\" \/>\n<link rel=\"canonical\" href=\"https:\/\/www.sestogrado.it\/it\/prodotto\/camp-geko-pulse-guanti-da-alpinismo-e-cascate\/\" \/>\n<meta property=\"og:locale\" content=\"it_IT\" \/>\n<meta property=\"og:type\" content=\"article\" \/>\n<meta property=\"og:title\" content=\"Camp Geko Pulse guanti da alpinismo e cascate - Sestogrado\" \/>\n<meta property=\"og:description\" content=\"Il Camp Geko Pulse \u00e8 un guanto studiato per l\u2019alpinismo e l\u2019arrampicata su ghiaccio che stabilisce nuovi standard di sensibilit\u00e0 e precisione nel settore dei guanti per le attivit\u00e0 tecniche. Grazie alla tecnologia No Slip applicata sul palmo, tutti gli strati sono accoppiati tra loro per evitarne lo scorrimento e garantire un\u2019eccellente presa sugli attrezzi. Le performance del guanto sono ulteriormente migliorate grazie al connubio di materiali e caratteristiche costruttive: il palmo in pelle Pro Grip, combinato alle dita \u201cRoll finger\u201d e il polso elasticizzato, fanno di questo modello un\u2019eccellenza in termini di calzata e destrezza dei movimenti. La membrana DRYZONE\u00ae protegge dall\u2019umidit\u00e0 mentre l\u2019imbottitura in PrimaLoft\u00ae Gold 60 g\/m\u00b2 sul dorso garantisce una buona resa termica durante l\u2019azione.\" \/>\n<meta property=\"og:url\" content=\"https:\/\/www.sestogrado.it\/it\/prodotto\/camp-geko-pulse-guanti-da-alpinismo-e-cascate\/\" \/>\n<meta property=\"og:site_name\" content=\"Sestogrado\" \/>\n<meta property=\"article:publisher\" content=\"https:\/\/www.facebook.com\/pages\/Sestogrado\/1542635979353017?ref=bookmarks\" \/>\n<meta property=\"article:modified_time\" content=\"2026-02-04T14:18:22+00:00\" \/>\n<meta property=\"og:image\" content=\"https:\/\/www.sestogrado.it\/wp-content\/uploads\/2023\/10\/01-11.jpg\" \/>\n\t<meta property=\"og:image:width\" content=\"1500\" \/>\n\t<meta property=\"og:image:height\" content=\"1500\" \/>\n\t<meta property=\"og:image:type\" content=\"image\/jpeg\" \/>\n<meta name=\"twitter:label1\" content=\"Disponibilit\u00e0\" \/>\n\t<meta name=\"twitter:data1\" content=\"In stock\" \/>\n<script type=\"application\/ld+json\" class=\"yoast-schema-graph\">{\"@context\":\"https:\/\/schema.org\",\"@graph\":[{\"@type\":\"WebPage\",\"@id\":\"https:\/\/www.sestogrado.it\/it\/prodotto\/camp-geko-pulse-guanti-da-alpinismo-e-cascate\/\",\"url\":\"https:\/\/www.sestogrado.it\/it\/prodotto\/camp-geko-pulse-guanti-da-alpinismo-e-cascate\/\",\"name\":\"Camp Geko Pulse guanti da alpinismo e cascate - Sestogrado\",\"isPartOf\":{\"@id\":\"https:\/\/www.sestogrado.it\/it\/#website\"},\"primaryImageOfPage\":{\"@id\":\"https:\/\/www.sestogrado.it\/it\/prodotto\/camp-geko-pulse-guanti-da-alpinismo-e-cascate\/#primaryimage\"},\"image\":{\"@id\":\"https:\/\/www.sestogrado.it\/prodotto\/camp-geko-pulse-guanti-da-alpinismo-e-cascate\/#primaryimage\"},\"thumbnailUrl\":\"https:\/\/www.sestogrado.it\/wp-content\/uploads\/2023\/10\/01-11.jpg\",\"datePublished\":\"2023-10-17T12:19:27+00:00\",\"dateModified\":\"2026-02-04T14:18:22+00:00\",\"description\":\"Il Camp Geko Pulse \u00e8 un guanto studiato per l\u2019alpinismo e l\u2019arrampicata su ghiaccio che stabilisce nuovi standard di sensibilit\u00e0 e precisione nel settore dei guanti per le attivit\u00e0 tecniche. Grazie alla tecnologia No Slip applicata sul palmo, tutti gli strati sono accoppiati tra loro per evitarne lo scorrimento e garantire un\u2019eccellente presa sugli attrezzi. Le performance del guanto sono ulteriormente migliorate grazie al connubio di materiali e caratteristiche costruttive: il palmo in pelle Pro Grip, combinato alle dita \u201cRoll finger\u201d e il polso elasticizzato, fanno di questo modello un\u2019eccellenza in termini di calzata e destrezza dei movimenti. La membrana DRYZONE\u00ae protegge dall\u2019umidit\u00e0 mentre l\u2019imbottitura in PrimaLoft\u00ae Gold 60 g\/m\u00b2 sul dorso garantisce una buona resa termica durante l\u2019azione.\",\"breadcrumb\":{\"@id\":\"https:\/\/www.sestogrado.it\/it\/prodotto\/camp-geko-pulse-guanti-da-alpinismo-e-cascate\/#breadcrumb\"},\"inLanguage\":\"it-IT\",\"potentialAction\":[{\"@type\":\"ReadAction\",\"target\":[[\"https:\/\/www.sestogrado.it\/it\/prodotto\/camp-geko-pulse-guanti-da-alpinismo-e-cascate\/\"]]}]},{\"@type\":\"ImageObject\",\"inLanguage\":\"it-IT\",\"@id\":\"https:\/\/www.sestogrado.it\/it\/prodotto\/camp-geko-pulse-guanti-da-alpinismo-e-cascate\/#primaryimage\",\"url\":\"https:\/\/www.sestogrado.it\/wp-content\/uploads\/2023\/10\/01-11.jpg\",\"contentUrl\":\"https:\/\/www.sestogrado.it\/wp-content\/uploads\/2023\/10\/01-11.jpg\",\"width\":1500,\"height\":1500,\"caption\":\"geko pulse\"},{\"@type\":\"BreadcrumbList\",\"@id\":\"https:\/\/www.sestogrado.it\/it\/prodotto\/camp-geko-pulse-guanti-da-alpinismo-e-cascate\/#breadcrumb\",\"itemListElement\":[{\"@type\":\"ListItem\",\"position\":1,\"name\":\"Home\",\"item\":\"https:\/\/www.sestogrado.it\/it\/\"},{\"@type\":\"ListItem\",\"position\":2,\"name\":\"Shop\",\"item\":\"https:\/\/www.sestogrado.it\/it\/shop\/\"},{\"@type\":\"ListItem\",\"position\":3,\"name\":\"Camp Geko Pulse guanti da alpinismo e cascate\"}]},{\"@type\":\"WebSite\",\"@id\":\"https:\/\/www.sestogrado.it\/it\/#website\",\"url\":\"https:\/\/www.sestogrado.it\/it\/\",\"name\":\"Sestogrado\",\"description\":\"yes we climb\",\"publisher\":{\"@id\":\"https:\/\/www.sestogrado.it\/it\/#organization\"},\"potentialAction\":[{\"@type\":\"SearchAction\",\"target\":{\"@type\":\"EntryPoint\",\"urlTemplate\":\"https:\/\/www.sestogrado.it\/it\/?s={search_term_string}\"},\"query-input\":{\"@type\":\"PropertyValueSpecification\",\"valueRequired\":true,\"valueName\":\"search_term_string\"}}],\"inLanguage\":\"it-IT\"},{\"@type\":\"Organization\",\"@id\":\"https:\/\/www.sestogrado.it\/it\/#organization\",\"name\":\"Sestogrado\",\"url\":\"https:\/\/www.sestogrado.it\/it\/\",\"logo\":{\"@type\":\"ImageObject\",\"inLanguage\":\"it-IT\",\"@id\":\"https:\/\/www.sestogrado.it\/it\/#\/schema\/logo\/image\/\",\"url\":\"https:\/\/www.sestogrado.it\/wp-content\/uploads\/2015\/03\/sestogrado-favicon.png\",\"contentUrl\":\"https:\/\/www.sestogrado.it\/wp-content\/uploads\/2015\/03\/sestogrado-favicon.png\",\"width\":260,\"height\":260,\"caption\":\"Sestogrado\"},\"image\":{\"@id\":\"https:\/\/www.sestogrado.it\/it\/#\/schema\/logo\/image\/\"},\"sameAs\":[\"https:\/\/www.facebook.com\/pages\/Sestogrado\/1542635979353017?ref=bookmarks\",\"https:\/\/www.youtube.com\/channel\/UC847kAfTkaJsWpc1jtQwr3Q\"],\"hasMerchantReturnPolicy\":{\"@type\":\"MerchantReturnPolicy\",\"merchantReturnLink\":\"https:\/\/www.sestogrado.it\/it\/termini-e-condizioni\/\"}}]}<\/script>\n<meta property=\"product:brand\" content=\"Camp\" \/>\n<meta property=\"og:availability\" content=\"instock\" \/>\n<meta property=\"product:availability\" content=\"instock\" \/>\n<meta property=\"product:condition\" content=\"new\" \/>\n<!-- \/ Yoast SEO plugin. -->","yoast_head_json":{"title":"Camp Geko Pulse guanti da alpinismo e cascate - Sestogrado","description":"Il Camp Geko Pulse \u00e8 un guanto studiato per l\u2019alpinismo e l\u2019arrampicata su ghiaccio che stabilisce nuovi standard di sensibilit\u00e0 e precisione nel settore dei guanti per le attivit\u00e0 tecniche. Grazie alla tecnologia No Slip applicata sul palmo, tutti gli strati sono accoppiati tra loro per evitarne lo scorrimento e garantire un\u2019eccellente presa sugli attrezzi. Le performance del guanto sono ulteriormente migliorate grazie al connubio di materiali e caratteristiche costruttive: il palmo in pelle Pro Grip, combinato alle dita \u201cRoll finger\u201d e il polso elasticizzato, fanno di questo modello un\u2019eccellenza in termini di calzata e destrezza dei movimenti. La membrana DRYZONE\u00ae protegge dall\u2019umidit\u00e0 mentre l\u2019imbottitura in PrimaLoft\u00ae Gold 60 g\/m\u00b2 sul dorso garantisce una buona resa termica durante l\u2019azione.","robots":{"index":"index","follow":"follow","max-snippet":"max-snippet:-1","max-image-preview":"max-image-preview:large","max-video-preview":"max-video-preview:-1"},"canonical":"https:\/\/www.sestogrado.it\/it\/prodotto\/camp-geko-pulse-guanti-da-alpinismo-e-cascate\/","og_locale":"it_IT","og_type":"article","og_title":"Camp Geko Pulse guanti da alpinismo e cascate - Sestogrado","og_description":"Il Camp Geko Pulse \u00e8 un guanto studiato per l\u2019alpinismo e l\u2019arrampicata su ghiaccio che stabilisce nuovi standard di sensibilit\u00e0 e precisione nel settore dei guanti per le attivit\u00e0 tecniche. Grazie alla tecnologia No Slip applicata sul palmo, tutti gli strati sono accoppiati tra loro per evitarne lo scorrimento e garantire un\u2019eccellente presa sugli attrezzi. Le performance del guanto sono ulteriormente migliorate grazie al connubio di materiali e caratteristiche costruttive: il palmo in pelle Pro Grip, combinato alle dita \u201cRoll finger\u201d e il polso elasticizzato, fanno di questo modello un\u2019eccellenza in termini di calzata e destrezza dei movimenti. La membrana DRYZONE\u00ae protegge dall\u2019umidit\u00e0 mentre l\u2019imbottitura in PrimaLoft\u00ae Gold 60 g\/m\u00b2 sul dorso garantisce una buona resa termica durante l\u2019azione.","og_url":"https:\/\/www.sestogrado.it\/it\/prodotto\/camp-geko-pulse-guanti-da-alpinismo-e-cascate\/","og_site_name":"Sestogrado","article_publisher":"https:\/\/www.facebook.com\/pages\/Sestogrado\/1542635979353017?ref=bookmarks","article_modified_time":"2026-02-04T14:18:22+00:00","og_image":[{"width":1500,"height":1500,"url":"https:\/\/www.sestogrado.it\/wp-content\/uploads\/2023\/10\/01-11.jpg","type":"image\/jpeg"}],"twitter_misc":{"Disponibilit\u00e0":"In stock"},"schema":{"@context":"https:\/\/schema.org","@graph":[{"@type":"WebPage","@id":"https:\/\/www.sestogrado.it\/it\/prodotto\/camp-geko-pulse-guanti-da-alpinismo-e-cascate\/","url":"https:\/\/www.sestogrado.it\/it\/prodotto\/camp-geko-pulse-guanti-da-alpinismo-e-cascate\/","name":"Camp Geko Pulse guanti da alpinismo e cascate - Sestogrado","isPartOf":{"@id":"https:\/\/www.sestogrado.it\/it\/#website"},"primaryImageOfPage":{"@id":"https:\/\/www.sestogrado.it\/it\/prodotto\/camp-geko-pulse-guanti-da-alpinismo-e-cascate\/#primaryimage"},"image":{"@id":"https:\/\/www.sestogrado.it\/prodotto\/camp-geko-pulse-guanti-da-alpinismo-e-cascate\/#primaryimage"},"thumbnailUrl":"https:\/\/www.sestogrado.it\/wp-content\/uploads\/2023\/10\/01-11.jpg","datePublished":"2023-10-17T12:19:27+00:00","dateModified":"2026-02-04T14:18:22+00:00","description":"Il Camp Geko Pulse \u00e8 un guanto studiato per l\u2019alpinismo e l\u2019arrampicata su ghiaccio che stabilisce nuovi standard di sensibilit\u00e0 e precisione nel settore dei guanti per le attivit\u00e0 tecniche. Grazie alla tecnologia No Slip applicata sul palmo, tutti gli strati sono accoppiati tra loro per evitarne lo scorrimento e garantire un\u2019eccellente presa sugli attrezzi. Le performance del guanto sono ulteriormente migliorate grazie al connubio di materiali e caratteristiche costruttive: il palmo in pelle Pro Grip, combinato alle dita \u201cRoll finger\u201d e il polso elasticizzato, fanno di questo modello un\u2019eccellenza in termini di calzata e destrezza dei movimenti. La membrana DRYZONE\u00ae protegge dall\u2019umidit\u00e0 mentre l\u2019imbottitura in PrimaLoft\u00ae Gold 60 g\/m\u00b2 sul dorso garantisce una buona resa termica durante l\u2019azione.","breadcrumb":{"@id":"https:\/\/www.sestogrado.it\/it\/prodotto\/camp-geko-pulse-guanti-da-alpinismo-e-cascate\/#breadcrumb"},"inLanguage":"it-IT","potentialAction":[{"@type":"ReadAction","target":[["https:\/\/www.sestogrado.it\/it\/prodotto\/camp-geko-pulse-guanti-da-alpinismo-e-cascate\/"]]}]},{"@type":"ImageObject","inLanguage":"it-IT","@id":"https:\/\/www.sestogrado.it\/it\/prodotto\/camp-geko-pulse-guanti-da-alpinismo-e-cascate\/#primaryimage","url":"https:\/\/www.sestogrado.it\/wp-content\/uploads\/2023\/10\/01-11.jpg","contentUrl":"https:\/\/www.sestogrado.it\/wp-content\/uploads\/2023\/10\/01-11.jpg","width":1500,"height":1500,"caption":"geko pulse"},{"@type":"BreadcrumbList","@id":"https:\/\/www.sestogrado.it\/it\/prodotto\/camp-geko-pulse-guanti-da-alpinismo-e-cascate\/#breadcrumb","itemListElement":[{"@type":"ListItem","position":1,"name":"Home","item":"https:\/\/www.sestogrado.it\/it\/"},{"@type":"ListItem","position":2,"name":"Shop","item":"https:\/\/www.sestogrado.it\/it\/shop\/"},{"@type":"ListItem","position":3,"name":"Camp Geko Pulse guanti da alpinismo e cascate"}]},{"@type":"WebSite","@id":"https:\/\/www.sestogrado.it\/it\/#website","url":"https:\/\/www.sestogrado.it\/it\/","name":"Sestogrado","description":"yes we climb","publisher":{"@id":"https:\/\/www.sestogrado.it\/it\/#organization"},"potentialAction":[{"@type":"SearchAction","target":{"@type":"EntryPoint","urlTemplate":"https:\/\/www.sestogrado.it\/it\/?s={search_term_string}"},"query-input":{"@type":"PropertyValueSpecification","valueRequired":true,"valueName":"search_term_string"}}],"inLanguage":"it-IT"},{"@type":"Organization","@id":"https:\/\/www.sestogrado.it\/it\/#organization","name":"Sestogrado","url":"https:\/\/www.sestogrado.it\/it\/","logo":{"@type":"ImageObject","inLanguage":"it-IT","@id":"https:\/\/www.sestogrado.it\/it\/#\/schema\/logo\/image\/","url":"https:\/\/www.sestogrado.it\/wp-content\/uploads\/2015\/03\/sestogrado-favicon.png","contentUrl":"https:\/\/www.sestogrado.it\/wp-content\/uploads\/2015\/03\/sestogrado-favicon.png","width":260,"height":260,"caption":"Sestogrado"},"image":{"@id":"https:\/\/www.sestogrado.it\/it\/#\/schema\/logo\/image\/"},"sameAs":["https:\/\/www.facebook.com\/pages\/Sestogrado\/1542635979353017?ref=bookmarks","https:\/\/www.youtube.com\/channel\/UC847kAfTkaJsWpc1jtQwr3Q"],"hasMerchantReturnPolicy":{"@type":"MerchantReturnPolicy","merchantReturnLink":"https:\/\/www.sestogrado.it\/it\/termini-e-condizioni\/"}}]},"product_brand":"Camp","og_availability":"instock","product_availability":"instock","product_condition":"new"},"_links":{"self":[{"href":"https:\/\/www.sestogrado.it\/it\/wp-json\/wp\/v2\/product\/144735","targetHints":{"allow":["GET"]}}],"collection":[{"href":"https:\/\/www.sestogrado.it\/it\/wp-json\/wp\/v2\/product"}],"about":[{"href":"https:\/\/www.sestogrado.it\/it\/wp-json\/wp\/v2\/types\/product"}],"replies":[{"embeddable":true,"href":"https:\/\/www.sestogrado.it\/it\/wp-json\/wp\/v2\/comments?post=144735"}],"wp:featuredmedia":[{"embeddable":true,"href":"https:\/\/www.sestogrado.it\/it\/wp-json\/wp\/v2\/media\/144736"}],"wp:attachment":[{"href":"https:\/\/www.sestogrado.it\/it\/wp-json\/wp\/v2\/media?parent=144735"}],"wp:term":[{"taxonomy":"product_brand","embeddable":true,"href":"https:\/\/www.sestogrado.it\/it\/wp-json\/wp\/v2\/product_brand?post=144735"},{"taxonomy":"product_cat","embeddable":true,"href":"https:\/\/www.sestogrado.it\/it\/wp-json\/wp\/v2\/product_cat?post=144735"},{"taxonomy":"product_tag","embeddable":true,"href":"https:\/\/www.sestogrado.it\/it\/wp-json\/wp\/v2\/product_tag?post=144735"}],"curies":[{"name":"wp","href":"https:\/\/api.w.org\/{rel}","templated":true}]}}