{"id":144699,"date":"2023-10-17T10:08:22","date_gmt":"2023-10-17T08:08:22","guid":{"rendered":"https:\/\/www.sestogrado.it\/?post_type=product&#038;p=144699"},"modified":"2025-05-14T15:06:24","modified_gmt":"2025-05-14T13:06:24","slug":"umbria-rock-guida-versante-sud","status":"publish","type":"product","link":"https:\/\/www.sestogrado.it\/it\/prodotto\/umbria-rock-guida-versante-sud\/","title":{"rendered":"Umbria rock guida versante sud"},"content":{"rendered":"<p><em><strong>UMBRIA Rock<\/strong><\/em>\u00a0costituisce\u00a0<strong>la prima guida che raccoglie tutte le falesie d\u2019arrampicata in Umbria<\/strong>\u00a0e nelle immediate vicinanze. Chi desidera arrampicare in questa regione trover\u00e0 diverse\u00a0<strong>proposte,<\/strong>\u00a0<strong>nuove<\/strong>\u00a0o\u00a0<strong>completamente<\/strong>\u00a0<strong>aggiornate<\/strong>. Gli\u00a0<strong>avvicinamenti<\/strong>\u00a0sono stati tutti percorsi dagli autori; la stessa attenzione vale per i\u00a0<strong>disegni<\/strong>, ricavati da\u00a0<strong>fotografie<\/strong>\u00a0in molti casi\u00a0<strong>inedite<\/strong>. Per quanto attiene le\u00a0<strong>condizioni<\/strong>\u00a0<strong>climatiche<\/strong>, le falesie sono prevalentemente\u00a0<strong>invernali<\/strong>, ad ogni modo \u00e8 possibile<strong>\u00a0arrampicare in tutte le stagioni.<\/strong>\u00a0In definitiva,\u00a0<em>UMBRIA Rock<\/em>\u00a0\u00e8\u00a0<strong>una guida completa<\/strong>, frutto del lavoro sul campo degli autori e di una manciata di amici che vogliono offrire<strong>\u00a0uno strumento per la divulgazione dell\u2019arrampica sportiva<\/strong>\u00a0anche in questo angolo d\u2019Italia.<\/p>\n<p>Per molto tempo l\u2019Umbria \u00e8 stata conosciuta solamente come il\u00a0<strong>\u201ccuore verde\u201d d\u2019Italia<\/strong>. Oggi non \u00e8 pi\u00f9 cos\u00ec perch\u00e9, grazie al lavoro effettuato dagli autori, spesso coinvolti in prima persona nella chiodatura di diverse falesie qui presentate, \u00e8 possibile provare stili di arrampicata molto diversi. Si va\u00a0<strong>dagli strapiombi\u00a0<\/strong>di\u00a0<strong>Ferentillo<\/strong>\u00a0alle\u00a0<strong>placche<\/strong>, che costituiscono la parte numericamente prevalente; il tutto in un territorio relativamente ristretto.<\/p>\n<p><em>UMBRIA Rock<\/em>\u00a0vuole essere un libro d\u2019arrampicata utile\u00a0<strong>per chi viene in questa regione per un weekend<\/strong>, ma anche\u00a0<strong>per chi qui vive tutto l\u2019anno<\/strong>. D\u2019altronde arrampicare in Umbria \u00e8 molto gradevole in quanto le falesie sono spesso inserite in ambienti che sono una combinazione tra luoghi storici, itinerari enogastronomici e valli solitarie.<\/p>\n<p>Quando arrivate in catena, prima di scendere\u00a0<strong>guardate il panorama<\/strong>: siete pur sempre in Umbria!<\/p>\n<p><strong>Giuseppe \u201cPepito\u201d Picone<\/strong>, classe 1970, \u00e8 romano di nascita, ma da oltre vent\u2019anni risiede in Umbria. Si avvicina all\u2019arrampicata a 36 anni, ma, in poco tempo, la passione per questo sport lo porta a liberare molte vie, comprese alcune di alta difficolt\u00e0, e a realizzare, o rimettere a posto, diverse falesie. La sua attivit\u00e0 non si limita alla sola arrampicata sportiva, ma ha ripetuto molte vie classiche nelle Dolomiti. Nella palestra dove lavora si dedica a un\u2019intensa attivit\u00e0 didattica nei confronti di molti climber.<\/p>\n<p><strong>Monica<\/strong>\u00a0<strong>Delicati<\/strong>, classe 1987, \u00e8 laureata in Scienze motorie e sportive, istruttrice di nuoto. \u00c8 insegnante di sostegno in una scuola superiore. Fin da giovane ha praticato molti sport, anche a livello agonistico. Scopre l\u2019arrampicata quando conosce Pepito, di cui diviene compagna di vita e di scalate, sia in falesia che in montagna.<\/p>\n<div class=\"embed-responsive embed-responsive-16by9\"><iframe title=\"UMBRIA Rock\" src=\"https:\/\/e.issuu.com\/embed.html?u=edizioni_versante_sud&#038;d=umbriarock_issuu\" style=\"border:none; width: 500px; height: 383px;\" allow=\"clipboard-write,allow-top-navigation,allow-top-navigation-by-user-activation,allow-downloads,allow-scripts,allow-same-origin,allow-popups,allow-modals,allow-popups-to-escape-sandbox,allow-forms\"  allowfullscreen=\"true\"><\/iframe><\/div>\n<p>&nbsp;<\/p>\n<p>Versante Sud \u00e8 una casa editrice specializzata in guide di arrampicata, alpinismo, escursionismo, mtb e outdoor. Centinaia di titoli e libri sui migliori spot di arrampicata in Italia e nel mondo.<\/p>","protected":false},"excerpt":{"rendered":"<p>UMBRIA Rock\u00a0costituisce\u00a0la prima guida che raccoglie tutte le falesie d\u2019arrampicata in Umbria\u00a0e nelle immediate vicinanze. Chi desidera arrampicare in questa [&hellip;]<\/p>\n","protected":false},"featured_media":144700,"comment_status":"open","ping_status":"closed","template":"","meta":{"_acf_changed":false},"product_brand":[99],"product_cat":[98],"product_tag":[],"class_list":{"0":"post-144699","1":"product","2":"type-product","3":"status-publish","4":"has-post-thumbnail","6":"product_brand-versante-sud","7":"product_cat-libri","9":"first","10":"instock","11":"taxable","12":"shipping-taxable","13":"purchasable","14":"product-type-simple"},"acf":[],"yoast_head":"<!-- This site is optimized with the Yoast SEO plugin v26.4 - https:\/\/yoast.com\/wordpress\/plugins\/seo\/ -->\n<title>Umbria rock guida versante sud - Sestogrado<\/title>\n<meta name=\"description\" content=\"UMBRIA Rock\u00a0costituisce\u00a0la prima guida che raccoglie tutte le falesie d\u2019arrampicata in Umbria\u00a0e nelle immediate vicinanze. Chi desidera arrampicare in questa regione trover\u00e0 diverse\u00a0proposte,\u00a0nuove\u00a0o\u00a0completamente\u00a0aggiornate. Gli\u00a0avvicinamenti\u00a0sono stati tutti percorsi dagli autori; la stessa attenzione vale per i\u00a0disegni, ricavati da\u00a0fotografie\u00a0in molti casi\u00a0inedite. Per quanto attiene le\u00a0condizioni\u00a0climatiche, le falesie sono prevalentemente\u00a0invernali, ad ogni modo \u00e8 possibile\u00a0arrampicare in tutte le stagioni.\u00a0In definitiva,\u00a0UMBRIA Rock\u00a0\u00e8\u00a0una guida completa, frutto del lavoro sul campo degli autori e di una manciata di amici che vogliono offrire\u00a0uno strumento per la divulgazione dell\u2019arrampica sportiva\u00a0anche in questo angolo d\u2019Italia.Per molto tempo l\u2019Umbria \u00e8 stata conosciuta solamente come il\u00a0\u201ccuore verde\u201d d\u2019Italia. Oggi non \u00e8 pi\u00f9 cos\u00ec perch\u00e9, grazie al lavoro effettuato dagli autori, spesso coinvolti in prima persona nella chiodatura di diverse falesie qui presentate, \u00e8 possibile provare stili di arrampicata molto diversi. Si va\u00a0dagli strapiombi\u00a0di\u00a0Ferentillo\u00a0alle\u00a0placche, che costituiscono la parte numericamente prevalente; il tutto in un territorio relativamente ristretto.UMBRIA Rock\u00a0vuole essere un libro d\u2019arrampicata utile\u00a0per chi viene in questa regione per un weekend, ma anche\u00a0per chi qui vive tutto l\u2019anno. D\u2019altronde arrampicare in Umbria \u00e8 molto gradevole in quanto le falesie sono spesso inserite in ambienti che sono una combinazione tra luoghi storici, itinerari enogastronomici e valli solitarie.\" \/>\n<meta name=\"robots\" content=\"index, follow, max-snippet:-1, max-image-preview:large, max-video-preview:-1\" \/>\n<link rel=\"canonical\" href=\"https:\/\/www.sestogrado.it\/it\/prodotto\/umbria-rock-guida-versante-sud\/\" \/>\n<meta property=\"og:locale\" content=\"it_IT\" \/>\n<meta property=\"og:type\" content=\"article\" \/>\n<meta property=\"og:title\" content=\"Umbria rock guida versante sud - Sestogrado\" \/>\n<meta property=\"og:description\" content=\"UMBRIA Rock\u00a0costituisce\u00a0la prima guida che raccoglie tutte le falesie d\u2019arrampicata in Umbria\u00a0e nelle immediate vicinanze. Chi desidera arrampicare in questa regione trover\u00e0 diverse\u00a0proposte,\u00a0nuove\u00a0o\u00a0completamente\u00a0aggiornate. Gli\u00a0avvicinamenti\u00a0sono stati tutti percorsi dagli autori; la stessa attenzione vale per i\u00a0disegni, ricavati da\u00a0fotografie\u00a0in molti casi\u00a0inedite. Per quanto attiene le\u00a0condizioni\u00a0climatiche, le falesie sono prevalentemente\u00a0invernali, ad ogni modo \u00e8 possibile\u00a0arrampicare in tutte le stagioni.\u00a0In definitiva,\u00a0UMBRIA Rock\u00a0\u00e8\u00a0una guida completa, frutto del lavoro sul campo degli autori e di una manciata di amici che vogliono offrire\u00a0uno strumento per la divulgazione dell\u2019arrampica sportiva\u00a0anche in questo angolo d\u2019Italia.Per molto tempo l\u2019Umbria \u00e8 stata conosciuta solamente come il\u00a0\u201ccuore verde\u201d d\u2019Italia. Oggi non \u00e8 pi\u00f9 cos\u00ec perch\u00e9, grazie al lavoro effettuato dagli autori, spesso coinvolti in prima persona nella chiodatura di diverse falesie qui presentate, \u00e8 possibile provare stili di arrampicata molto diversi. Si va\u00a0dagli strapiombi\u00a0di\u00a0Ferentillo\u00a0alle\u00a0placche, che costituiscono la parte numericamente prevalente; il tutto in un territorio relativamente ristretto.UMBRIA Rock\u00a0vuole essere un libro d\u2019arrampicata utile\u00a0per chi viene in questa regione per un weekend, ma anche\u00a0per chi qui vive tutto l\u2019anno. D\u2019altronde arrampicare in Umbria \u00e8 molto gradevole in quanto le falesie sono spesso inserite in ambienti che sono una combinazione tra luoghi storici, itinerari enogastronomici e valli solitarie.\" \/>\n<meta property=\"og:url\" content=\"https:\/\/www.sestogrado.it\/it\/prodotto\/umbria-rock-guida-versante-sud\/\" \/>\n<meta property=\"og:site_name\" content=\"Sestogrado\" \/>\n<meta property=\"article:publisher\" content=\"https:\/\/www.facebook.com\/pages\/Sestogrado\/1542635979353017?ref=bookmarks\" \/>\n<meta property=\"article:modified_time\" content=\"2025-05-14T13:06:24+00:00\" \/>\n<meta property=\"og:image\" content=\"https:\/\/www.sestogrado.it\/wp-content\/uploads\/2023\/10\/umbria.jpg\" \/>\n\t<meta property=\"og:image:width\" content=\"900\" \/>\n\t<meta property=\"og:image:height\" content=\"900\" \/>\n\t<meta property=\"og:image:type\" content=\"image\/jpeg\" \/>\n<meta name=\"twitter:label1\" content=\"Prezzo\" \/>\n\t<meta name=\"twitter:data1\" content=\"&euro;&nbsp;34,00\" \/>\n\t<meta name=\"twitter:label2\" content=\"Disponibilit\u00e0\" \/>\n\t<meta name=\"twitter:data2\" content=\"In stock\" \/>\n<script type=\"application\/ld+json\" class=\"yoast-schema-graph\">{\"@context\":\"https:\/\/schema.org\",\"@graph\":[{\"@type\":\"WebPage\",\"@id\":\"https:\/\/www.sestogrado.it\/it\/prodotto\/umbria-rock-guida-versante-sud\/\",\"url\":\"https:\/\/www.sestogrado.it\/it\/prodotto\/umbria-rock-guida-versante-sud\/\",\"name\":\"Umbria rock guida versante sud - Sestogrado\",\"isPartOf\":{\"@id\":\"https:\/\/www.sestogrado.it\/it\/#website\"},\"primaryImageOfPage\":{\"@id\":\"https:\/\/www.sestogrado.it\/it\/prodotto\/umbria-rock-guida-versante-sud\/#primaryimage\"},\"image\":{\"@id\":\"https:\/\/www.sestogrado.it\/prodotto\/umbria-rock-guida-versante-sud\/#primaryimage\"},\"thumbnailUrl\":\"https:\/\/www.sestogrado.it\/wp-content\/uploads\/2023\/10\/umbria.jpg\",\"datePublished\":\"2023-10-17T08:08:22+00:00\",\"dateModified\":\"2025-05-14T13:06:24+00:00\",\"description\":\"UMBRIA Rock\u00a0costituisce\u00a0la prima guida che raccoglie tutte le falesie d\u2019arrampicata in Umbria\u00a0e nelle immediate vicinanze. Chi desidera arrampicare in questa regione trover\u00e0 diverse\u00a0proposte,\u00a0nuove\u00a0o\u00a0completamente\u00a0aggiornate. Gli\u00a0avvicinamenti\u00a0sono stati tutti percorsi dagli autori; la stessa attenzione vale per i\u00a0disegni, ricavati da\u00a0fotografie\u00a0in molti casi\u00a0inedite. Per quanto attiene le\u00a0condizioni\u00a0climatiche, le falesie sono prevalentemente\u00a0invernali, ad ogni modo \u00e8 possibile\u00a0arrampicare in tutte le stagioni.\u00a0In definitiva,\u00a0UMBRIA Rock\u00a0\u00e8\u00a0una guida completa, frutto del lavoro sul campo degli autori e di una manciata di amici che vogliono offrire\u00a0uno strumento per la divulgazione dell\u2019arrampica sportiva\u00a0anche in questo angolo d\u2019Italia.Per molto tempo l\u2019Umbria \u00e8 stata conosciuta solamente come il\u00a0\u201ccuore verde\u201d d\u2019Italia. Oggi non \u00e8 pi\u00f9 cos\u00ec perch\u00e9, grazie al lavoro effettuato dagli autori, spesso coinvolti in prima persona nella chiodatura di diverse falesie qui presentate, \u00e8 possibile provare stili di arrampicata molto diversi. Si va\u00a0dagli strapiombi\u00a0di\u00a0Ferentillo\u00a0alle\u00a0placche, che costituiscono la parte numericamente prevalente; il tutto in un territorio relativamente ristretto.UMBRIA Rock\u00a0vuole essere un libro d\u2019arrampicata utile\u00a0per chi viene in questa regione per un weekend, ma anche\u00a0per chi qui vive tutto l\u2019anno. D\u2019altronde arrampicare in Umbria \u00e8 molto gradevole in quanto le falesie sono spesso inserite in ambienti che sono una combinazione tra luoghi storici, itinerari enogastronomici e valli solitarie.\",\"breadcrumb\":{\"@id\":\"https:\/\/www.sestogrado.it\/it\/prodotto\/umbria-rock-guida-versante-sud\/#breadcrumb\"},\"inLanguage\":\"it-IT\",\"potentialAction\":[{\"@type\":\"ReadAction\",\"target\":[[\"https:\/\/www.sestogrado.it\/it\/prodotto\/umbria-rock-guida-versante-sud\/\"]]}]},{\"@type\":\"ImageObject\",\"inLanguage\":\"it-IT\",\"@id\":\"https:\/\/www.sestogrado.it\/it\/prodotto\/umbria-rock-guida-versante-sud\/#primaryimage\",\"url\":\"https:\/\/www.sestogrado.it\/wp-content\/uploads\/2023\/10\/umbria.jpg\",\"contentUrl\":\"https:\/\/www.sestogrado.it\/wp-content\/uploads\/2023\/10\/umbria.jpg\",\"width\":900,\"height\":900,\"caption\":\"umbria rock\"},{\"@type\":\"BreadcrumbList\",\"@id\":\"https:\/\/www.sestogrado.it\/it\/prodotto\/umbria-rock-guida-versante-sud\/#breadcrumb\",\"itemListElement\":[{\"@type\":\"ListItem\",\"position\":1,\"name\":\"Home\",\"item\":\"https:\/\/www.sestogrado.it\/it\/\"},{\"@type\":\"ListItem\",\"position\":2,\"name\":\"Shop\",\"item\":\"https:\/\/www.sestogrado.it\/it\/shop\/\"},{\"@type\":\"ListItem\",\"position\":3,\"name\":\"Umbria rock guida versante sud\"}]},{\"@type\":\"WebSite\",\"@id\":\"https:\/\/www.sestogrado.it\/it\/#website\",\"url\":\"https:\/\/www.sestogrado.it\/it\/\",\"name\":\"Sestogrado\",\"description\":\"yes we climb\",\"publisher\":{\"@id\":\"https:\/\/www.sestogrado.it\/it\/#organization\"},\"potentialAction\":[{\"@type\":\"SearchAction\",\"target\":{\"@type\":\"EntryPoint\",\"urlTemplate\":\"https:\/\/www.sestogrado.it\/it\/?s={search_term_string}\"},\"query-input\":{\"@type\":\"PropertyValueSpecification\",\"valueRequired\":true,\"valueName\":\"search_term_string\"}}],\"inLanguage\":\"it-IT\"},{\"@type\":\"Organization\",\"@id\":\"https:\/\/www.sestogrado.it\/it\/#organization\",\"name\":\"Sestogrado\",\"url\":\"https:\/\/www.sestogrado.it\/it\/\",\"logo\":{\"@type\":\"ImageObject\",\"inLanguage\":\"it-IT\",\"@id\":\"https:\/\/www.sestogrado.it\/it\/#\/schema\/logo\/image\/\",\"url\":\"https:\/\/www.sestogrado.it\/wp-content\/uploads\/2015\/03\/sestogrado-favicon.png\",\"contentUrl\":\"https:\/\/www.sestogrado.it\/wp-content\/uploads\/2015\/03\/sestogrado-favicon.png\",\"width\":260,\"height\":260,\"caption\":\"Sestogrado\"},\"image\":{\"@id\":\"https:\/\/www.sestogrado.it\/it\/#\/schema\/logo\/image\/\"},\"sameAs\":[\"https:\/\/www.facebook.com\/pages\/Sestogrado\/1542635979353017?ref=bookmarks\",\"https:\/\/www.youtube.com\/channel\/UC847kAfTkaJsWpc1jtQwr3Q\"],\"hasMerchantReturnPolicy\":{\"@type\":\"MerchantReturnPolicy\",\"merchantReturnLink\":\"https:\/\/www.sestogrado.it\/it\/termini-e-condizioni\/\"}}]}<\/script>\n<meta property=\"product:brand\" content=\"Versante Sud\" \/>\n<meta property=\"product:price:amount\" content=\"34.00\" \/>\n<meta property=\"product:price:currency\" content=\"EUR\" \/>\n<meta property=\"og:availability\" content=\"instock\" \/>\n<meta property=\"product:availability\" content=\"instock\" \/>\n<meta property=\"product:condition\" content=\"new\" \/>\n<!-- \/ Yoast SEO plugin. -->","yoast_head_json":{"title":"Umbria rock guida versante sud - Sestogrado","description":"UMBRIA Rock\u00a0costituisce\u00a0la prima guida che raccoglie tutte le falesie d\u2019arrampicata in Umbria\u00a0e nelle immediate vicinanze. Chi desidera arrampicare in questa regione trover\u00e0 diverse\u00a0proposte,\u00a0nuove\u00a0o\u00a0completamente\u00a0aggiornate. Gli\u00a0avvicinamenti\u00a0sono stati tutti percorsi dagli autori; la stessa attenzione vale per i\u00a0disegni, ricavati da\u00a0fotografie\u00a0in molti casi\u00a0inedite. Per quanto attiene le\u00a0condizioni\u00a0climatiche, le falesie sono prevalentemente\u00a0invernali, ad ogni modo \u00e8 possibile\u00a0arrampicare in tutte le stagioni.\u00a0In definitiva,\u00a0UMBRIA Rock\u00a0\u00e8\u00a0una guida completa, frutto del lavoro sul campo degli autori e di una manciata di amici che vogliono offrire\u00a0uno strumento per la divulgazione dell\u2019arrampica sportiva\u00a0anche in questo angolo d\u2019Italia.Per molto tempo l\u2019Umbria \u00e8 stata conosciuta solamente come il\u00a0\u201ccuore verde\u201d d\u2019Italia. Oggi non \u00e8 pi\u00f9 cos\u00ec perch\u00e9, grazie al lavoro effettuato dagli autori, spesso coinvolti in prima persona nella chiodatura di diverse falesie qui presentate, \u00e8 possibile provare stili di arrampicata molto diversi. Si va\u00a0dagli strapiombi\u00a0di\u00a0Ferentillo\u00a0alle\u00a0placche, che costituiscono la parte numericamente prevalente; il tutto in un territorio relativamente ristretto.UMBRIA Rock\u00a0vuole essere un libro d\u2019arrampicata utile\u00a0per chi viene in questa regione per un weekend, ma anche\u00a0per chi qui vive tutto l\u2019anno. D\u2019altronde arrampicare in Umbria \u00e8 molto gradevole in quanto le falesie sono spesso inserite in ambienti che sono una combinazione tra luoghi storici, itinerari enogastronomici e valli solitarie.","robots":{"index":"index","follow":"follow","max-snippet":"max-snippet:-1","max-image-preview":"max-image-preview:large","max-video-preview":"max-video-preview:-1"},"canonical":"https:\/\/www.sestogrado.it\/it\/prodotto\/umbria-rock-guida-versante-sud\/","og_locale":"it_IT","og_type":"article","og_title":"Umbria rock guida versante sud - Sestogrado","og_description":"UMBRIA Rock\u00a0costituisce\u00a0la prima guida che raccoglie tutte le falesie d\u2019arrampicata in Umbria\u00a0e nelle immediate vicinanze. Chi desidera arrampicare in questa regione trover\u00e0 diverse\u00a0proposte,\u00a0nuove\u00a0o\u00a0completamente\u00a0aggiornate. Gli\u00a0avvicinamenti\u00a0sono stati tutti percorsi dagli autori; la stessa attenzione vale per i\u00a0disegni, ricavati da\u00a0fotografie\u00a0in molti casi\u00a0inedite. Per quanto attiene le\u00a0condizioni\u00a0climatiche, le falesie sono prevalentemente\u00a0invernali, ad ogni modo \u00e8 possibile\u00a0arrampicare in tutte le stagioni.\u00a0In definitiva,\u00a0UMBRIA Rock\u00a0\u00e8\u00a0una guida completa, frutto del lavoro sul campo degli autori e di una manciata di amici che vogliono offrire\u00a0uno strumento per la divulgazione dell\u2019arrampica sportiva\u00a0anche in questo angolo d\u2019Italia.Per molto tempo l\u2019Umbria \u00e8 stata conosciuta solamente come il\u00a0\u201ccuore verde\u201d d\u2019Italia. Oggi non \u00e8 pi\u00f9 cos\u00ec perch\u00e9, grazie al lavoro effettuato dagli autori, spesso coinvolti in prima persona nella chiodatura di diverse falesie qui presentate, \u00e8 possibile provare stili di arrampicata molto diversi. Si va\u00a0dagli strapiombi\u00a0di\u00a0Ferentillo\u00a0alle\u00a0placche, che costituiscono la parte numericamente prevalente; il tutto in un territorio relativamente ristretto.UMBRIA Rock\u00a0vuole essere un libro d\u2019arrampicata utile\u00a0per chi viene in questa regione per un weekend, ma anche\u00a0per chi qui vive tutto l\u2019anno. D\u2019altronde arrampicare in Umbria \u00e8 molto gradevole in quanto le falesie sono spesso inserite in ambienti che sono una combinazione tra luoghi storici, itinerari enogastronomici e valli solitarie.","og_url":"https:\/\/www.sestogrado.it\/it\/prodotto\/umbria-rock-guida-versante-sud\/","og_site_name":"Sestogrado","article_publisher":"https:\/\/www.facebook.com\/pages\/Sestogrado\/1542635979353017?ref=bookmarks","article_modified_time":"2025-05-14T13:06:24+00:00","og_image":[{"width":900,"height":900,"url":"https:\/\/www.sestogrado.it\/wp-content\/uploads\/2023\/10\/umbria.jpg","type":"image\/jpeg"}],"twitter_misc":{"Prezzo":"&euro;&nbsp;34,00","Disponibilit\u00e0":"In stock"},"schema":{"@context":"https:\/\/schema.org","@graph":[{"@type":"WebPage","@id":"https:\/\/www.sestogrado.it\/it\/prodotto\/umbria-rock-guida-versante-sud\/","url":"https:\/\/www.sestogrado.it\/it\/prodotto\/umbria-rock-guida-versante-sud\/","name":"Umbria rock guida versante sud - Sestogrado","isPartOf":{"@id":"https:\/\/www.sestogrado.it\/it\/#website"},"primaryImageOfPage":{"@id":"https:\/\/www.sestogrado.it\/it\/prodotto\/umbria-rock-guida-versante-sud\/#primaryimage"},"image":{"@id":"https:\/\/www.sestogrado.it\/prodotto\/umbria-rock-guida-versante-sud\/#primaryimage"},"thumbnailUrl":"https:\/\/www.sestogrado.it\/wp-content\/uploads\/2023\/10\/umbria.jpg","datePublished":"2023-10-17T08:08:22+00:00","dateModified":"2025-05-14T13:06:24+00:00","description":"UMBRIA Rock\u00a0costituisce\u00a0la prima guida che raccoglie tutte le falesie d\u2019arrampicata in Umbria\u00a0e nelle immediate vicinanze. Chi desidera arrampicare in questa regione trover\u00e0 diverse\u00a0proposte,\u00a0nuove\u00a0o\u00a0completamente\u00a0aggiornate. Gli\u00a0avvicinamenti\u00a0sono stati tutti percorsi dagli autori; la stessa attenzione vale per i\u00a0disegni, ricavati da\u00a0fotografie\u00a0in molti casi\u00a0inedite. Per quanto attiene le\u00a0condizioni\u00a0climatiche, le falesie sono prevalentemente\u00a0invernali, ad ogni modo \u00e8 possibile\u00a0arrampicare in tutte le stagioni.\u00a0In definitiva,\u00a0UMBRIA Rock\u00a0\u00e8\u00a0una guida completa, frutto del lavoro sul campo degli autori e di una manciata di amici che vogliono offrire\u00a0uno strumento per la divulgazione dell\u2019arrampica sportiva\u00a0anche in questo angolo d\u2019Italia.Per molto tempo l\u2019Umbria \u00e8 stata conosciuta solamente come il\u00a0\u201ccuore verde\u201d d\u2019Italia. Oggi non \u00e8 pi\u00f9 cos\u00ec perch\u00e9, grazie al lavoro effettuato dagli autori, spesso coinvolti in prima persona nella chiodatura di diverse falesie qui presentate, \u00e8 possibile provare stili di arrampicata molto diversi. Si va\u00a0dagli strapiombi\u00a0di\u00a0Ferentillo\u00a0alle\u00a0placche, che costituiscono la parte numericamente prevalente; il tutto in un territorio relativamente ristretto.UMBRIA Rock\u00a0vuole essere un libro d\u2019arrampicata utile\u00a0per chi viene in questa regione per un weekend, ma anche\u00a0per chi qui vive tutto l\u2019anno. D\u2019altronde arrampicare in Umbria \u00e8 molto gradevole in quanto le falesie sono spesso inserite in ambienti che sono una combinazione tra luoghi storici, itinerari enogastronomici e valli solitarie.","breadcrumb":{"@id":"https:\/\/www.sestogrado.it\/it\/prodotto\/umbria-rock-guida-versante-sud\/#breadcrumb"},"inLanguage":"it-IT","potentialAction":[{"@type":"ReadAction","target":[["https:\/\/www.sestogrado.it\/it\/prodotto\/umbria-rock-guida-versante-sud\/"]]}]},{"@type":"ImageObject","inLanguage":"it-IT","@id":"https:\/\/www.sestogrado.it\/it\/prodotto\/umbria-rock-guida-versante-sud\/#primaryimage","url":"https:\/\/www.sestogrado.it\/wp-content\/uploads\/2023\/10\/umbria.jpg","contentUrl":"https:\/\/www.sestogrado.it\/wp-content\/uploads\/2023\/10\/umbria.jpg","width":900,"height":900,"caption":"umbria rock"},{"@type":"BreadcrumbList","@id":"https:\/\/www.sestogrado.it\/it\/prodotto\/umbria-rock-guida-versante-sud\/#breadcrumb","itemListElement":[{"@type":"ListItem","position":1,"name":"Home","item":"https:\/\/www.sestogrado.it\/it\/"},{"@type":"ListItem","position":2,"name":"Shop","item":"https:\/\/www.sestogrado.it\/it\/shop\/"},{"@type":"ListItem","position":3,"name":"Umbria rock guida versante sud"}]},{"@type":"WebSite","@id":"https:\/\/www.sestogrado.it\/it\/#website","url":"https:\/\/www.sestogrado.it\/it\/","name":"Sestogrado","description":"yes we climb","publisher":{"@id":"https:\/\/www.sestogrado.it\/it\/#organization"},"potentialAction":[{"@type":"SearchAction","target":{"@type":"EntryPoint","urlTemplate":"https:\/\/www.sestogrado.it\/it\/?s={search_term_string}"},"query-input":{"@type":"PropertyValueSpecification","valueRequired":true,"valueName":"search_term_string"}}],"inLanguage":"it-IT"},{"@type":"Organization","@id":"https:\/\/www.sestogrado.it\/it\/#organization","name":"Sestogrado","url":"https:\/\/www.sestogrado.it\/it\/","logo":{"@type":"ImageObject","inLanguage":"it-IT","@id":"https:\/\/www.sestogrado.it\/it\/#\/schema\/logo\/image\/","url":"https:\/\/www.sestogrado.it\/wp-content\/uploads\/2015\/03\/sestogrado-favicon.png","contentUrl":"https:\/\/www.sestogrado.it\/wp-content\/uploads\/2015\/03\/sestogrado-favicon.png","width":260,"height":260,"caption":"Sestogrado"},"image":{"@id":"https:\/\/www.sestogrado.it\/it\/#\/schema\/logo\/image\/"},"sameAs":["https:\/\/www.facebook.com\/pages\/Sestogrado\/1542635979353017?ref=bookmarks","https:\/\/www.youtube.com\/channel\/UC847kAfTkaJsWpc1jtQwr3Q"],"hasMerchantReturnPolicy":{"@type":"MerchantReturnPolicy","merchantReturnLink":"https:\/\/www.sestogrado.it\/it\/termini-e-condizioni\/"}}]},"product_brand":"Versante Sud","product_price_amount":"34.00","product_price_currency":"EUR","og_availability":"instock","product_availability":"instock","product_condition":"new"},"_links":{"self":[{"href":"https:\/\/www.sestogrado.it\/it\/wp-json\/wp\/v2\/product\/144699","targetHints":{"allow":["GET"]}}],"collection":[{"href":"https:\/\/www.sestogrado.it\/it\/wp-json\/wp\/v2\/product"}],"about":[{"href":"https:\/\/www.sestogrado.it\/it\/wp-json\/wp\/v2\/types\/product"}],"replies":[{"embeddable":true,"href":"https:\/\/www.sestogrado.it\/it\/wp-json\/wp\/v2\/comments?post=144699"}],"wp:featuredmedia":[{"embeddable":true,"href":"https:\/\/www.sestogrado.it\/it\/wp-json\/wp\/v2\/media\/144700"}],"wp:attachment":[{"href":"https:\/\/www.sestogrado.it\/it\/wp-json\/wp\/v2\/media?parent=144699"}],"wp:term":[{"taxonomy":"product_brand","embeddable":true,"href":"https:\/\/www.sestogrado.it\/it\/wp-json\/wp\/v2\/product_brand?post=144699"},{"taxonomy":"product_cat","embeddable":true,"href":"https:\/\/www.sestogrado.it\/it\/wp-json\/wp\/v2\/product_cat?post=144699"},{"taxonomy":"product_tag","embeddable":true,"href":"https:\/\/www.sestogrado.it\/it\/wp-json\/wp\/v2\/product_tag?post=144699"}],"curies":[{"name":"wp","href":"https:\/\/api.w.org\/{rel}","templated":true}]}}