{"id":144375,"date":"2023-10-13T13:14:18","date_gmt":"2023-10-13T11:14:18","guid":{"rendered":"https:\/\/www.sestogrado.it\/?post_type=product&#038;p=144375"},"modified":"2026-02-19T10:39:28","modified_gmt":"2026-02-19T09:39:28","slug":"camp-g-air-core-guanti-traspiranti-antivento","status":"publish","type":"product","link":"https:\/\/www.sestogrado.it\/it\/prodotto\/camp-g-air-core-guanti-traspiranti-antivento\/","title":{"rendered":"Camp G Air Core guanti traspiranti antivento"},"content":{"rendered":"<p>Eccezionale isolamento termico e straordinaria sensibilit\u00e0: il nuovo G Air Core \u00e8 un capolavoro che riesce a combinare al meglio entrambe le caratteristiche. Proponiamo quindi un prodotto unico \u2013 molto caldo, impermeabile e super confortevole &#8211; ideale in tutte le situazioni che richiedono sia protezione dal freddo che manualit\u00e0. Il G Air Core \u00e8 imbottito in PrimaLoft\u00ae Gold: ben 233 g\/m\u00b2\u00a0nel dorso e 133 g\/m\u00b2\u00a0\u00e8 nel palmo (dove incrementa la qualit\u00e0 della presa). La membrana DRYZONE\u00ae garantisce invece mani asciutte e traspirabilit\u00e0. La sensibilit\u00e0 \u00e8 assicurata dalla costruzione aderente e dai tessuti particolarmente leggeri, peculiarit\u00e0 della famiglia G Air, che permette di svolgere operazioni di precisione indossando il guanto. Le stampe Grip\u2019R in silicone sul palmo e sulle dita garantiscono una presa saldissima su bastoncini e piccozze, rendendo il prodotto polivalente e ideale per diverse attivit\u00e0.<\/p>\n<ul>\n<li>Il nuovo modello della famiglia G Air, caratterizzato da un eccezionale isolamento termico<\/li>\n<li>Membrana DRYZONE\u00ae impermeabile e traspirante<\/li>\n<li>Imbottitura in PrimaLoft\u00ae Gold 233 g\/m\u00b2\u00a0sul dorso e 133 g\/m\u00b2\u00a0sul palmo<\/li>\n<li>Stampe Grip\u2019R in silicone sul palmo e sulle dita per un grip eccezionale<\/li>\n<li>Costruzione aderente che garantisce la sensibilit\u00e0<\/li>\n<li>Dita con costruzione \u201cRoll Finger\u201d, con fourchette tra le dita per aumentare la flessibilit\u00e0 e la vestibilit\u00e0, consentendo quindi la massima libert\u00e0 di movimento<\/li>\n<li>Pollice e indice touch screen<\/li>\n<li>Polso stretch con lacciolo e tiretto per infilare il guanto<\/li>\n<li>Asola sul dito per appendere il guanto quando non in uso<\/li>\n<li>Fibbie per unire i guanti tra loro<\/li>\n<\/ul>\n<p>Come scegliere la taglia:<\/p>\n<p><img decoding=\"async\" class=\"size-full wp-image-23609 img-fluid alignnone\" src=\"https:\/\/www.sestogrado.it\/wp-content\/uploads\/2019\/10\/mano.png\" alt=\"mano\" width=\"300\" height=\"300\" srcset=\"https:\/\/www.sestogrado.it\/wp-content\/uploads\/2019\/10\/mano.png 300w, https:\/\/www.sestogrado.it\/wp-content\/uploads\/2019\/10\/mano-100x100.png 100w, https:\/\/www.sestogrado.it\/wp-content\/uploads\/2019\/10\/mano-220x220.png 220w, https:\/\/www.sestogrado.it\/wp-content\/uploads\/2019\/10\/mano-150x150.png 150w, https:\/\/www.sestogrado.it\/wp-content\/uploads\/2019\/10\/mano-45x45.png 45w, https:\/\/www.sestogrado.it\/wp-content\/uploads\/2019\/10\/mano-64x64.png 64w, https:\/\/www.sestogrado.it\/wp-content\/uploads\/2019\/10\/mano-80x80.png 80w\" sizes=\"(max-width: 300px) 100vw, 300px\" \/><\/p>\n<p>&nbsp;<\/p>\n<p>XS 12.7cm<\/p>\n<p>S 15.24cm<\/p>\n<p>M 17.78cm<\/p>\n<p>L 20.32cm<\/p>\n<p>XL 22.86cm<\/p>\n<p>XXL 25.40cm<\/p>\n<p>XXXL 27.94cm<\/p>\n<p>&nbsp;<\/p>\n<p>&nbsp;<\/p>\n<p>Passione, lavoro e semplicit\u00e0 sono alcune delle parole chiave che da sempre hanno contraddistinto il modo di essere di C.A.M.P. Fondata nel 1889 a Premana, paese dell\u2019alta Valsassina dove tutt\u2019oggi ha la sua sede, C.A.M.P. realizza prodotti che aiutano a realizzare i sogni ed i progetti di tutti coloro che frequentano la montagna.<\/p>","protected":false},"excerpt":{"rendered":"<p>Eccezionale isolamento termico e straordinaria sensibilit\u00e0: il nuovo G Air Core \u00e8 un capolavoro che riesce a combinare al meglio [&hellip;]<\/p>\n","protected":false},"featured_media":144398,"comment_status":"open","ping_status":"closed","template":"","meta":{"_acf_changed":false},"product_brand":[31],"product_cat":[1427],"product_tag":[],"class_list":{"0":"post-144375","1":"product","2":"type-product","3":"status-publish","4":"has-post-thumbnail","6":"product_brand-camp","7":"product_cat-outdoor","9":"first","10":"instock","11":"sale","12":"taxable","13":"shipping-taxable","14":"purchasable","15":"product-type-variable"},"acf":[],"yoast_head":"<!-- This site is optimized with the Yoast SEO plugin v26.4 - https:\/\/yoast.com\/wordpress\/plugins\/seo\/ -->\n<title>Camp G Air Core guanti traspiranti antivento - Sestogrado<\/title>\n<meta name=\"description\" content=\"Eccezionale isolamento termico e straordinaria sensibilit\u00e0: il nuovo G Air Core \u00e8 un capolavoro che riesce a combinare al meglio entrambe le caratteristiche. Proponiamo quindi un prodotto unico \u2013 molto caldo, impermeabile e super confortevole - ideale in tutte le situazioni che richiedono sia protezione dal freddo che manualit\u00e0. Il G Air Core \u00e8 imbottito in PrimaLoft\u00ae Gold: ben 233 g\/m\u00b2\u00a0nel dorso e 133 g\/m\u00b2\u00a0\u00e8 nel palmo (dove incrementa la qualit\u00e0 della presa). La membrana DRYZONE\u00ae garantisce invece mani asciutte e traspirabilit\u00e0. La sensibilit\u00e0 \u00e8 assicurata dalla costruzione aderente e dai tessuti particolarmente leggeri, peculiarit\u00e0 della famiglia G Air, che permette di svolgere operazioni di precisione indossando il guanto. Le stampe Grip\u2019R in silicone sul palmo e sulle dita garantiscono una presa saldissima su bastoncini e piccozze, rendendo il prodotto polivalente e ideale per diverse attivit\u00e0.\" \/>\n<meta name=\"robots\" content=\"index, follow, max-snippet:-1, max-image-preview:large, max-video-preview:-1\" \/>\n<link rel=\"canonical\" href=\"https:\/\/www.sestogrado.it\/it\/prodotto\/camp-g-air-core-guanti-traspiranti-antivento\/\" \/>\n<meta property=\"og:locale\" content=\"it_IT\" \/>\n<meta property=\"og:type\" content=\"article\" \/>\n<meta property=\"og:title\" content=\"Camp G Air Core guanti traspiranti antivento - Sestogrado\" \/>\n<meta property=\"og:description\" content=\"Eccezionale isolamento termico e straordinaria sensibilit\u00e0: il nuovo G Air Core \u00e8 un capolavoro che riesce a combinare al meglio entrambe le caratteristiche. Proponiamo quindi un prodotto unico \u2013 molto caldo, impermeabile e super confortevole - ideale in tutte le situazioni che richiedono sia protezione dal freddo che manualit\u00e0. Il G Air Core \u00e8 imbottito in PrimaLoft\u00ae Gold: ben 233 g\/m\u00b2\u00a0nel dorso e 133 g\/m\u00b2\u00a0\u00e8 nel palmo (dove incrementa la qualit\u00e0 della presa). La membrana DRYZONE\u00ae garantisce invece mani asciutte e traspirabilit\u00e0. La sensibilit\u00e0 \u00e8 assicurata dalla costruzione aderente e dai tessuti particolarmente leggeri, peculiarit\u00e0 della famiglia G Air, che permette di svolgere operazioni di precisione indossando il guanto. Le stampe Grip\u2019R in silicone sul palmo e sulle dita garantiscono una presa saldissima su bastoncini e piccozze, rendendo il prodotto polivalente e ideale per diverse attivit\u00e0.\" \/>\n<meta property=\"og:url\" content=\"https:\/\/www.sestogrado.it\/it\/prodotto\/camp-g-air-core-guanti-traspiranti-antivento\/\" \/>\n<meta property=\"og:site_name\" content=\"Sestogrado\" \/>\n<meta property=\"article:publisher\" content=\"https:\/\/www.facebook.com\/pages\/Sestogrado\/1542635979353017?ref=bookmarks\" \/>\n<meta property=\"article:modified_time\" content=\"2026-02-19T09:39:28+00:00\" \/>\n<meta property=\"og:image\" content=\"https:\/\/www.sestogrado.it\/wp-content\/uploads\/2023\/10\/01-6.jpg\" \/>\n\t<meta property=\"og:image:width\" content=\"1400\" \/>\n\t<meta property=\"og:image:height\" content=\"1400\" \/>\n\t<meta property=\"og:image:type\" content=\"image\/jpeg\" \/>\n<meta name=\"twitter:label1\" content=\"Disponibilit\u00e0\" \/>\n\t<meta name=\"twitter:data1\" content=\"In stock\" \/>\n<script type=\"application\/ld+json\" class=\"yoast-schema-graph\">{\"@context\":\"https:\/\/schema.org\",\"@graph\":[{\"@type\":\"WebPage\",\"@id\":\"https:\/\/www.sestogrado.it\/it\/prodotto\/camp-g-air-core-guanti-traspiranti-antivento\/\",\"url\":\"https:\/\/www.sestogrado.it\/it\/prodotto\/camp-g-air-core-guanti-traspiranti-antivento\/\",\"name\":\"Camp G Air Core guanti traspiranti antivento - Sestogrado\",\"isPartOf\":{\"@id\":\"https:\/\/www.sestogrado.it\/it\/#website\"},\"primaryImageOfPage\":{\"@id\":\"https:\/\/www.sestogrado.it\/it\/prodotto\/camp-g-air-core-guanti-traspiranti-antivento\/#primaryimage\"},\"image\":{\"@id\":\"https:\/\/www.sestogrado.it\/prodotto\/camp-g-air-core-guanti-traspiranti-antivento\/#primaryimage\"},\"thumbnailUrl\":\"https:\/\/www.sestogrado.it\/wp-content\/uploads\/2023\/10\/01-6.jpg\",\"datePublished\":\"2023-10-13T11:14:18+00:00\",\"dateModified\":\"2026-02-19T09:39:28+00:00\",\"description\":\"Eccezionale isolamento termico e straordinaria sensibilit\u00e0: il nuovo G Air Core \u00e8 un capolavoro che riesce a combinare al meglio entrambe le caratteristiche. Proponiamo quindi un prodotto unico \u2013 molto caldo, impermeabile e super confortevole - ideale in tutte le situazioni che richiedono sia protezione dal freddo che manualit\u00e0. Il G Air Core \u00e8 imbottito in PrimaLoft\u00ae Gold: ben 233 g\/m\u00b2\u00a0nel dorso e 133 g\/m\u00b2\u00a0\u00e8 nel palmo (dove incrementa la qualit\u00e0 della presa). La membrana DRYZONE\u00ae garantisce invece mani asciutte e traspirabilit\u00e0. La sensibilit\u00e0 \u00e8 assicurata dalla costruzione aderente e dai tessuti particolarmente leggeri, peculiarit\u00e0 della famiglia G Air, che permette di svolgere operazioni di precisione indossando il guanto. Le stampe Grip\u2019R in silicone sul palmo e sulle dita garantiscono una presa saldissima su bastoncini e piccozze, rendendo il prodotto polivalente e ideale per diverse attivit\u00e0.\",\"breadcrumb\":{\"@id\":\"https:\/\/www.sestogrado.it\/it\/prodotto\/camp-g-air-core-guanti-traspiranti-antivento\/#breadcrumb\"},\"inLanguage\":\"it-IT\",\"potentialAction\":[{\"@type\":\"ReadAction\",\"target\":[[\"https:\/\/www.sestogrado.it\/it\/prodotto\/camp-g-air-core-guanti-traspiranti-antivento\/\"]]}]},{\"@type\":\"ImageObject\",\"inLanguage\":\"it-IT\",\"@id\":\"https:\/\/www.sestogrado.it\/it\/prodotto\/camp-g-air-core-guanti-traspiranti-antivento\/#primaryimage\",\"url\":\"https:\/\/www.sestogrado.it\/wp-content\/uploads\/2023\/10\/01-6.jpg\",\"contentUrl\":\"https:\/\/www.sestogrado.it\/wp-content\/uploads\/2023\/10\/01-6.jpg\",\"width\":1400,\"height\":1400,\"caption\":\"geko air core\"},{\"@type\":\"BreadcrumbList\",\"@id\":\"https:\/\/www.sestogrado.it\/it\/prodotto\/camp-g-air-core-guanti-traspiranti-antivento\/#breadcrumb\",\"itemListElement\":[{\"@type\":\"ListItem\",\"position\":1,\"name\":\"Home\",\"item\":\"https:\/\/www.sestogrado.it\/it\/\"},{\"@type\":\"ListItem\",\"position\":2,\"name\":\"Shop\",\"item\":\"https:\/\/www.sestogrado.it\/it\/shop\/\"},{\"@type\":\"ListItem\",\"position\":3,\"name\":\"Camp G Air Core guanti traspiranti antivento\"}]},{\"@type\":\"WebSite\",\"@id\":\"https:\/\/www.sestogrado.it\/it\/#website\",\"url\":\"https:\/\/www.sestogrado.it\/it\/\",\"name\":\"Sestogrado\",\"description\":\"yes we climb\",\"publisher\":{\"@id\":\"https:\/\/www.sestogrado.it\/it\/#organization\"},\"potentialAction\":[{\"@type\":\"SearchAction\",\"target\":{\"@type\":\"EntryPoint\",\"urlTemplate\":\"https:\/\/www.sestogrado.it\/it\/?s={search_term_string}\"},\"query-input\":{\"@type\":\"PropertyValueSpecification\",\"valueRequired\":true,\"valueName\":\"search_term_string\"}}],\"inLanguage\":\"it-IT\"},{\"@type\":\"Organization\",\"@id\":\"https:\/\/www.sestogrado.it\/it\/#organization\",\"name\":\"Sestogrado\",\"url\":\"https:\/\/www.sestogrado.it\/it\/\",\"logo\":{\"@type\":\"ImageObject\",\"inLanguage\":\"it-IT\",\"@id\":\"https:\/\/www.sestogrado.it\/it\/#\/schema\/logo\/image\/\",\"url\":\"https:\/\/www.sestogrado.it\/wp-content\/uploads\/2015\/03\/sestogrado-favicon.png\",\"contentUrl\":\"https:\/\/www.sestogrado.it\/wp-content\/uploads\/2015\/03\/sestogrado-favicon.png\",\"width\":260,\"height\":260,\"caption\":\"Sestogrado\"},\"image\":{\"@id\":\"https:\/\/www.sestogrado.it\/it\/#\/schema\/logo\/image\/\"},\"sameAs\":[\"https:\/\/www.facebook.com\/pages\/Sestogrado\/1542635979353017?ref=bookmarks\",\"https:\/\/www.youtube.com\/channel\/UC847kAfTkaJsWpc1jtQwr3Q\"],\"hasMerchantReturnPolicy\":{\"@type\":\"MerchantReturnPolicy\",\"merchantReturnLink\":\"https:\/\/www.sestogrado.it\/it\/termini-e-condizioni\/\"}}]}<\/script>\n<meta property=\"product:brand\" content=\"Camp\" \/>\n<meta property=\"og:availability\" content=\"instock\" \/>\n<meta property=\"product:availability\" content=\"instock\" \/>\n<meta property=\"product:condition\" content=\"new\" \/>\n<!-- \/ Yoast SEO plugin. -->","yoast_head_json":{"title":"Camp G Air Core guanti traspiranti antivento - Sestogrado","description":"Eccezionale isolamento termico e straordinaria sensibilit\u00e0: il nuovo G Air Core \u00e8 un capolavoro che riesce a combinare al meglio entrambe le caratteristiche. Proponiamo quindi un prodotto unico \u2013 molto caldo, impermeabile e super confortevole - ideale in tutte le situazioni che richiedono sia protezione dal freddo che manualit\u00e0. Il G Air Core \u00e8 imbottito in PrimaLoft\u00ae Gold: ben 233 g\/m\u00b2\u00a0nel dorso e 133 g\/m\u00b2\u00a0\u00e8 nel palmo (dove incrementa la qualit\u00e0 della presa). La membrana DRYZONE\u00ae garantisce invece mani asciutte e traspirabilit\u00e0. La sensibilit\u00e0 \u00e8 assicurata dalla costruzione aderente e dai tessuti particolarmente leggeri, peculiarit\u00e0 della famiglia G Air, che permette di svolgere operazioni di precisione indossando il guanto. Le stampe Grip\u2019R in silicone sul palmo e sulle dita garantiscono una presa saldissima su bastoncini e piccozze, rendendo il prodotto polivalente e ideale per diverse attivit\u00e0.","robots":{"index":"index","follow":"follow","max-snippet":"max-snippet:-1","max-image-preview":"max-image-preview:large","max-video-preview":"max-video-preview:-1"},"canonical":"https:\/\/www.sestogrado.it\/it\/prodotto\/camp-g-air-core-guanti-traspiranti-antivento\/","og_locale":"it_IT","og_type":"article","og_title":"Camp G Air Core guanti traspiranti antivento - Sestogrado","og_description":"Eccezionale isolamento termico e straordinaria sensibilit\u00e0: il nuovo G Air Core \u00e8 un capolavoro che riesce a combinare al meglio entrambe le caratteristiche. Proponiamo quindi un prodotto unico \u2013 molto caldo, impermeabile e super confortevole - ideale in tutte le situazioni che richiedono sia protezione dal freddo che manualit\u00e0. Il G Air Core \u00e8 imbottito in PrimaLoft\u00ae Gold: ben 233 g\/m\u00b2\u00a0nel dorso e 133 g\/m\u00b2\u00a0\u00e8 nel palmo (dove incrementa la qualit\u00e0 della presa). La membrana DRYZONE\u00ae garantisce invece mani asciutte e traspirabilit\u00e0. La sensibilit\u00e0 \u00e8 assicurata dalla costruzione aderente e dai tessuti particolarmente leggeri, peculiarit\u00e0 della famiglia G Air, che permette di svolgere operazioni di precisione indossando il guanto. Le stampe Grip\u2019R in silicone sul palmo e sulle dita garantiscono una presa saldissima su bastoncini e piccozze, rendendo il prodotto polivalente e ideale per diverse attivit\u00e0.","og_url":"https:\/\/www.sestogrado.it\/it\/prodotto\/camp-g-air-core-guanti-traspiranti-antivento\/","og_site_name":"Sestogrado","article_publisher":"https:\/\/www.facebook.com\/pages\/Sestogrado\/1542635979353017?ref=bookmarks","article_modified_time":"2026-02-19T09:39:28+00:00","og_image":[{"width":1400,"height":1400,"url":"https:\/\/www.sestogrado.it\/wp-content\/uploads\/2023\/10\/01-6.jpg","type":"image\/jpeg"}],"twitter_misc":{"Disponibilit\u00e0":"In stock"},"schema":{"@context":"https:\/\/schema.org","@graph":[{"@type":"WebPage","@id":"https:\/\/www.sestogrado.it\/it\/prodotto\/camp-g-air-core-guanti-traspiranti-antivento\/","url":"https:\/\/www.sestogrado.it\/it\/prodotto\/camp-g-air-core-guanti-traspiranti-antivento\/","name":"Camp G Air Core guanti traspiranti antivento - Sestogrado","isPartOf":{"@id":"https:\/\/www.sestogrado.it\/it\/#website"},"primaryImageOfPage":{"@id":"https:\/\/www.sestogrado.it\/it\/prodotto\/camp-g-air-core-guanti-traspiranti-antivento\/#primaryimage"},"image":{"@id":"https:\/\/www.sestogrado.it\/prodotto\/camp-g-air-core-guanti-traspiranti-antivento\/#primaryimage"},"thumbnailUrl":"https:\/\/www.sestogrado.it\/wp-content\/uploads\/2023\/10\/01-6.jpg","datePublished":"2023-10-13T11:14:18+00:00","dateModified":"2026-02-19T09:39:28+00:00","description":"Eccezionale isolamento termico e straordinaria sensibilit\u00e0: il nuovo G Air Core \u00e8 un capolavoro che riesce a combinare al meglio entrambe le caratteristiche. Proponiamo quindi un prodotto unico \u2013 molto caldo, impermeabile e super confortevole - ideale in tutte le situazioni che richiedono sia protezione dal freddo che manualit\u00e0. Il G Air Core \u00e8 imbottito in PrimaLoft\u00ae Gold: ben 233 g\/m\u00b2\u00a0nel dorso e 133 g\/m\u00b2\u00a0\u00e8 nel palmo (dove incrementa la qualit\u00e0 della presa). La membrana DRYZONE\u00ae garantisce invece mani asciutte e traspirabilit\u00e0. La sensibilit\u00e0 \u00e8 assicurata dalla costruzione aderente e dai tessuti particolarmente leggeri, peculiarit\u00e0 della famiglia G Air, che permette di svolgere operazioni di precisione indossando il guanto. Le stampe Grip\u2019R in silicone sul palmo e sulle dita garantiscono una presa saldissima su bastoncini e piccozze, rendendo il prodotto polivalente e ideale per diverse attivit\u00e0.","breadcrumb":{"@id":"https:\/\/www.sestogrado.it\/it\/prodotto\/camp-g-air-core-guanti-traspiranti-antivento\/#breadcrumb"},"inLanguage":"it-IT","potentialAction":[{"@type":"ReadAction","target":[["https:\/\/www.sestogrado.it\/it\/prodotto\/camp-g-air-core-guanti-traspiranti-antivento\/"]]}]},{"@type":"ImageObject","inLanguage":"it-IT","@id":"https:\/\/www.sestogrado.it\/it\/prodotto\/camp-g-air-core-guanti-traspiranti-antivento\/#primaryimage","url":"https:\/\/www.sestogrado.it\/wp-content\/uploads\/2023\/10\/01-6.jpg","contentUrl":"https:\/\/www.sestogrado.it\/wp-content\/uploads\/2023\/10\/01-6.jpg","width":1400,"height":1400,"caption":"geko air core"},{"@type":"BreadcrumbList","@id":"https:\/\/www.sestogrado.it\/it\/prodotto\/camp-g-air-core-guanti-traspiranti-antivento\/#breadcrumb","itemListElement":[{"@type":"ListItem","position":1,"name":"Home","item":"https:\/\/www.sestogrado.it\/it\/"},{"@type":"ListItem","position":2,"name":"Shop","item":"https:\/\/www.sestogrado.it\/it\/shop\/"},{"@type":"ListItem","position":3,"name":"Camp G Air Core guanti traspiranti antivento"}]},{"@type":"WebSite","@id":"https:\/\/www.sestogrado.it\/it\/#website","url":"https:\/\/www.sestogrado.it\/it\/","name":"Sestogrado","description":"yes we climb","publisher":{"@id":"https:\/\/www.sestogrado.it\/it\/#organization"},"potentialAction":[{"@type":"SearchAction","target":{"@type":"EntryPoint","urlTemplate":"https:\/\/www.sestogrado.it\/it\/?s={search_term_string}"},"query-input":{"@type":"PropertyValueSpecification","valueRequired":true,"valueName":"search_term_string"}}],"inLanguage":"it-IT"},{"@type":"Organization","@id":"https:\/\/www.sestogrado.it\/it\/#organization","name":"Sestogrado","url":"https:\/\/www.sestogrado.it\/it\/","logo":{"@type":"ImageObject","inLanguage":"it-IT","@id":"https:\/\/www.sestogrado.it\/it\/#\/schema\/logo\/image\/","url":"https:\/\/www.sestogrado.it\/wp-content\/uploads\/2015\/03\/sestogrado-favicon.png","contentUrl":"https:\/\/www.sestogrado.it\/wp-content\/uploads\/2015\/03\/sestogrado-favicon.png","width":260,"height":260,"caption":"Sestogrado"},"image":{"@id":"https:\/\/www.sestogrado.it\/it\/#\/schema\/logo\/image\/"},"sameAs":["https:\/\/www.facebook.com\/pages\/Sestogrado\/1542635979353017?ref=bookmarks","https:\/\/www.youtube.com\/channel\/UC847kAfTkaJsWpc1jtQwr3Q"],"hasMerchantReturnPolicy":{"@type":"MerchantReturnPolicy","merchantReturnLink":"https:\/\/www.sestogrado.it\/it\/termini-e-condizioni\/"}}]},"product_brand":"Camp","og_availability":"instock","product_availability":"instock","product_condition":"new"},"_links":{"self":[{"href":"https:\/\/www.sestogrado.it\/it\/wp-json\/wp\/v2\/product\/144375","targetHints":{"allow":["GET"]}}],"collection":[{"href":"https:\/\/www.sestogrado.it\/it\/wp-json\/wp\/v2\/product"}],"about":[{"href":"https:\/\/www.sestogrado.it\/it\/wp-json\/wp\/v2\/types\/product"}],"replies":[{"embeddable":true,"href":"https:\/\/www.sestogrado.it\/it\/wp-json\/wp\/v2\/comments?post=144375"}],"wp:featuredmedia":[{"embeddable":true,"href":"https:\/\/www.sestogrado.it\/it\/wp-json\/wp\/v2\/media\/144398"}],"wp:attachment":[{"href":"https:\/\/www.sestogrado.it\/it\/wp-json\/wp\/v2\/media?parent=144375"}],"wp:term":[{"taxonomy":"product_brand","embeddable":true,"href":"https:\/\/www.sestogrado.it\/it\/wp-json\/wp\/v2\/product_brand?post=144375"},{"taxonomy":"product_cat","embeddable":true,"href":"https:\/\/www.sestogrado.it\/it\/wp-json\/wp\/v2\/product_cat?post=144375"},{"taxonomy":"product_tag","embeddable":true,"href":"https:\/\/www.sestogrado.it\/it\/wp-json\/wp\/v2\/product_tag?post=144375"}],"curies":[{"name":"wp","href":"https:\/\/api.w.org\/{rel}","templated":true}]}}