{"id":143768,"date":"2023-10-20T12:01:52","date_gmt":"2023-10-20T10:01:52","guid":{"rendered":"https:\/\/www.sestogrado.it\/?post_type=product&#038;p=143768"},"modified":"2026-01-11T07:21:40","modified_gmt":"2026-01-11T06:21:40","slug":"grivel-siesta-chair-seduta-per-lunghe-soste-sospese","status":"publish","type":"product","link":"https:\/\/www.sestogrado.it\/it\/prodotto\/grivel-siesta-chair-seduta-per-lunghe-soste-sospese\/","title":{"rendered":"Grivel Siesta Chair seduta per lunghe soste sospese"},"content":{"rendered":"<p>La Grivel Siesta Chair \u00e8 una seduta per lunghe soste sospese. E&#8217; la soluzione ideale per le lunghe giornate sulle big wall, quando \u00e8 necessario stare seduti a lungo sull&#8217;imbrago. Leggero e compatto, offre un comfort extra ed \u00e8 facile da trasportare grazie alla piccola borsa inclusa.<\/p>\n<ul>\n<li>Attivit\u00e0: arrampicata, alpinismo<\/li>\n<li>Materiali\/costruzione\/tecnologie: nylon<\/li>\n<li>Peso: 74 g (2,6 once)<\/li>\n<\/ul>\n<p>&nbsp;<\/p>\n<p>Nata nel 1818 a Courmayeur, la Grivel \u00e8 un\u2019azienda italiana che produce attrezzature ed equipaggiamenti per alpinismo, arrampicata ed outdoor esportando in 26 paesi.\u00a0\u00a0L\u2019azienda ha ottenuto la certificazione GS T\u00dcV dal 1992, ISO 9001 dal 1996, ISO 1400 dal 2004.\u00a0L\u2019obiettivo di\u00a0Grivel \u00e8 di facilitare la vita agli alpinisti e agli amanti della montagna\u00a0con prodotti tecnologicamente avanzati.<\/p>","protected":false},"excerpt":{"rendered":"<p>La Grivel Siesta Chair \u00e8 una seduta per lunghe soste sospese. E&#8217; la soluzione ideale per le lunghe giornate sulle [&hellip;]<\/p>\n","protected":false},"featured_media":143772,"comment_status":"open","ping_status":"closed","template":"","meta":{"_acf_changed":false},"product_brand":[126],"product_cat":[141,27],"product_tag":[],"class_list":{"0":"post-143768","1":"product","2":"type-product","3":"status-publish","4":"has-post-thumbnail","6":"product_brand-grivel","7":"product_cat-accessori-accessori","8":"product_cat-imbraghi","10":"first","11":"instock","12":"sale","13":"taxable","14":"shipping-taxable","15":"purchasable","16":"product-type-simple"},"acf":[],"yoast_head":"<!-- This site is optimized with the Yoast SEO plugin v26.4 - https:\/\/yoast.com\/wordpress\/plugins\/seo\/ -->\n<title>Grivel Siesta Chair seduta per lunghe soste sospese - Sestogrado<\/title>\n<meta name=\"description\" content=\"La Grivel Siesta Chair \u00e8 una seduta per lunghe soste sospese. E&#039; la soluzione ideale per le lunghe giornate sulle big wall, quando \u00e8 necessario stare seduti a lungo sull&#039;imbrago. Leggero e compatto, offre un comfort extra ed \u00e8 facile da trasportare grazie alla piccola borsa inclusa.\" \/>\n<meta name=\"robots\" content=\"index, follow, max-snippet:-1, max-image-preview:large, max-video-preview:-1\" \/>\n<link rel=\"canonical\" href=\"https:\/\/www.sestogrado.it\/it\/prodotto\/grivel-siesta-chair-seduta-per-lunghe-soste-sospese\/\" \/>\n<meta property=\"og:locale\" content=\"it_IT\" \/>\n<meta property=\"og:type\" content=\"article\" \/>\n<meta property=\"og:title\" content=\"Grivel Siesta Chair seduta per lunghe soste sospese - Sestogrado\" \/>\n<meta property=\"og:description\" content=\"La Grivel Siesta Chair \u00e8 una seduta per lunghe soste sospese. E&#039; la soluzione ideale per le lunghe giornate sulle big wall, quando \u00e8 necessario stare seduti a lungo sull&#039;imbrago. Leggero e compatto, offre un comfort extra ed \u00e8 facile da trasportare grazie alla piccola borsa inclusa.\" \/>\n<meta property=\"og:url\" content=\"https:\/\/www.sestogrado.it\/it\/prodotto\/grivel-siesta-chair-seduta-per-lunghe-soste-sospese\/\" \/>\n<meta property=\"og:site_name\" content=\"Sestogrado\" \/>\n<meta property=\"article:publisher\" content=\"https:\/\/www.facebook.com\/pages\/Sestogrado\/1542635979353017?ref=bookmarks\" \/>\n<meta property=\"article:modified_time\" content=\"2026-01-11T06:21:40+00:00\" \/>\n<meta property=\"og:image\" content=\"https:\/\/www.sestogrado.it\/wp-content\/uploads\/2023\/10\/03-siesta.jpg\" \/>\n\t<meta property=\"og:image:width\" content=\"1024\" \/>\n\t<meta property=\"og:image:height\" content=\"1024\" \/>\n\t<meta property=\"og:image:type\" content=\"image\/jpeg\" \/>\n<meta name=\"twitter:label1\" content=\"Prezzo\" \/>\n\t<meta name=\"twitter:data1\" content=\"&euro;&nbsp;49,00\" \/>\n\t<meta name=\"twitter:label2\" content=\"Disponibilit\u00e0\" \/>\n\t<meta name=\"twitter:data2\" content=\"In stock\" \/>\n<script type=\"application\/ld+json\" class=\"yoast-schema-graph\">{\"@context\":\"https:\/\/schema.org\",\"@graph\":[{\"@type\":\"WebPage\",\"@id\":\"https:\/\/www.sestogrado.it\/it\/prodotto\/grivel-siesta-chair-seduta-per-lunghe-soste-sospese\/\",\"url\":\"https:\/\/www.sestogrado.it\/it\/prodotto\/grivel-siesta-chair-seduta-per-lunghe-soste-sospese\/\",\"name\":\"Grivel Siesta Chair seduta per lunghe soste sospese - Sestogrado\",\"isPartOf\":{\"@id\":\"https:\/\/www.sestogrado.it\/it\/#website\"},\"primaryImageOfPage\":{\"@id\":\"https:\/\/www.sestogrado.it\/it\/prodotto\/grivel-siesta-chair-seduta-per-lunghe-soste-sospese\/#primaryimage\"},\"image\":{\"@id\":\"https:\/\/www.sestogrado.it\/prodotto\/grivel-siesta-chair-seduta-per-lunghe-soste-sospese\/#primaryimage\"},\"thumbnailUrl\":\"https:\/\/www.sestogrado.it\/wp-content\/uploads\/2023\/10\/03-siesta.jpg\",\"datePublished\":\"2023-10-20T10:01:52+00:00\",\"dateModified\":\"2026-01-11T06:21:40+00:00\",\"description\":\"La Grivel Siesta Chair \u00e8 una seduta per lunghe soste sospese. E' la soluzione ideale per le lunghe giornate sulle big wall, quando \u00e8 necessario stare seduti a lungo sull'imbrago. Leggero e compatto, offre un comfort extra ed \u00e8 facile da trasportare grazie alla piccola borsa inclusa.\",\"breadcrumb\":{\"@id\":\"https:\/\/www.sestogrado.it\/it\/prodotto\/grivel-siesta-chair-seduta-per-lunghe-soste-sospese\/#breadcrumb\"},\"inLanguage\":\"it-IT\",\"potentialAction\":[{\"@type\":\"ReadAction\",\"target\":[[\"https:\/\/www.sestogrado.it\/it\/prodotto\/grivel-siesta-chair-seduta-per-lunghe-soste-sospese\/\"]]}]},{\"@type\":\"ImageObject\",\"inLanguage\":\"it-IT\",\"@id\":\"https:\/\/www.sestogrado.it\/it\/prodotto\/grivel-siesta-chair-seduta-per-lunghe-soste-sospese\/#primaryimage\",\"url\":\"https:\/\/www.sestogrado.it\/wp-content\/uploads\/2023\/10\/03-siesta.jpg\",\"contentUrl\":\"https:\/\/www.sestogrado.it\/wp-content\/uploads\/2023\/10\/03-siesta.jpg\",\"width\":1024,\"height\":1024,\"caption\":\"grivel siesta chair\"},{\"@type\":\"BreadcrumbList\",\"@id\":\"https:\/\/www.sestogrado.it\/it\/prodotto\/grivel-siesta-chair-seduta-per-lunghe-soste-sospese\/#breadcrumb\",\"itemListElement\":[{\"@type\":\"ListItem\",\"position\":1,\"name\":\"Home\",\"item\":\"https:\/\/www.sestogrado.it\/it\/\"},{\"@type\":\"ListItem\",\"position\":2,\"name\":\"Shop\",\"item\":\"https:\/\/www.sestogrado.it\/it\/shop\/\"},{\"@type\":\"ListItem\",\"position\":3,\"name\":\"Grivel Siesta Chair seduta per lunghe soste sospese\"}]},{\"@type\":\"WebSite\",\"@id\":\"https:\/\/www.sestogrado.it\/it\/#website\",\"url\":\"https:\/\/www.sestogrado.it\/it\/\",\"name\":\"Sestogrado\",\"description\":\"yes we climb\",\"publisher\":{\"@id\":\"https:\/\/www.sestogrado.it\/it\/#organization\"},\"potentialAction\":[{\"@type\":\"SearchAction\",\"target\":{\"@type\":\"EntryPoint\",\"urlTemplate\":\"https:\/\/www.sestogrado.it\/it\/?s={search_term_string}\"},\"query-input\":{\"@type\":\"PropertyValueSpecification\",\"valueRequired\":true,\"valueName\":\"search_term_string\"}}],\"inLanguage\":\"it-IT\"},{\"@type\":\"Organization\",\"@id\":\"https:\/\/www.sestogrado.it\/it\/#organization\",\"name\":\"Sestogrado\",\"url\":\"https:\/\/www.sestogrado.it\/it\/\",\"logo\":{\"@type\":\"ImageObject\",\"inLanguage\":\"it-IT\",\"@id\":\"https:\/\/www.sestogrado.it\/it\/#\/schema\/logo\/image\/\",\"url\":\"https:\/\/www.sestogrado.it\/wp-content\/uploads\/2015\/03\/sestogrado-favicon.png\",\"contentUrl\":\"https:\/\/www.sestogrado.it\/wp-content\/uploads\/2015\/03\/sestogrado-favicon.png\",\"width\":260,\"height\":260,\"caption\":\"Sestogrado\"},\"image\":{\"@id\":\"https:\/\/www.sestogrado.it\/it\/#\/schema\/logo\/image\/\"},\"sameAs\":[\"https:\/\/www.facebook.com\/pages\/Sestogrado\/1542635979353017?ref=bookmarks\",\"https:\/\/www.youtube.com\/channel\/UC847kAfTkaJsWpc1jtQwr3Q\"],\"hasMerchantReturnPolicy\":{\"@type\":\"MerchantReturnPolicy\",\"merchantReturnLink\":\"https:\/\/www.sestogrado.it\/it\/termini-e-condizioni\/\"}}]}<\/script>\n<meta property=\"product:brand\" content=\"Grivel\" \/>\n<meta property=\"product:price:amount\" content=\"49.00\" \/>\n<meta property=\"product:price:currency\" content=\"EUR\" \/>\n<meta property=\"og:availability\" content=\"instock\" \/>\n<meta property=\"product:availability\" content=\"instock\" \/>\n<meta property=\"product:condition\" content=\"new\" \/>\n<!-- \/ Yoast SEO plugin. -->","yoast_head_json":{"title":"Grivel Siesta Chair seduta per lunghe soste sospese - Sestogrado","description":"La Grivel Siesta Chair \u00e8 una seduta per lunghe soste sospese. E' la soluzione ideale per le lunghe giornate sulle big wall, quando \u00e8 necessario stare seduti a lungo sull'imbrago. Leggero e compatto, offre un comfort extra ed \u00e8 facile da trasportare grazie alla piccola borsa inclusa.","robots":{"index":"index","follow":"follow","max-snippet":"max-snippet:-1","max-image-preview":"max-image-preview:large","max-video-preview":"max-video-preview:-1"},"canonical":"https:\/\/www.sestogrado.it\/it\/prodotto\/grivel-siesta-chair-seduta-per-lunghe-soste-sospese\/","og_locale":"it_IT","og_type":"article","og_title":"Grivel Siesta Chair seduta per lunghe soste sospese - Sestogrado","og_description":"La Grivel Siesta Chair \u00e8 una seduta per lunghe soste sospese. E' la soluzione ideale per le lunghe giornate sulle big wall, quando \u00e8 necessario stare seduti a lungo sull'imbrago. Leggero e compatto, offre un comfort extra ed \u00e8 facile da trasportare grazie alla piccola borsa inclusa.","og_url":"https:\/\/www.sestogrado.it\/it\/prodotto\/grivel-siesta-chair-seduta-per-lunghe-soste-sospese\/","og_site_name":"Sestogrado","article_publisher":"https:\/\/www.facebook.com\/pages\/Sestogrado\/1542635979353017?ref=bookmarks","article_modified_time":"2026-01-11T06:21:40+00:00","og_image":[{"width":1024,"height":1024,"url":"https:\/\/www.sestogrado.it\/wp-content\/uploads\/2023\/10\/03-siesta.jpg","type":"image\/jpeg"}],"twitter_misc":{"Prezzo":"&euro;&nbsp;49,00","Disponibilit\u00e0":"In stock"},"schema":{"@context":"https:\/\/schema.org","@graph":[{"@type":"WebPage","@id":"https:\/\/www.sestogrado.it\/it\/prodotto\/grivel-siesta-chair-seduta-per-lunghe-soste-sospese\/","url":"https:\/\/www.sestogrado.it\/it\/prodotto\/grivel-siesta-chair-seduta-per-lunghe-soste-sospese\/","name":"Grivel Siesta Chair seduta per lunghe soste sospese - Sestogrado","isPartOf":{"@id":"https:\/\/www.sestogrado.it\/it\/#website"},"primaryImageOfPage":{"@id":"https:\/\/www.sestogrado.it\/it\/prodotto\/grivel-siesta-chair-seduta-per-lunghe-soste-sospese\/#primaryimage"},"image":{"@id":"https:\/\/www.sestogrado.it\/prodotto\/grivel-siesta-chair-seduta-per-lunghe-soste-sospese\/#primaryimage"},"thumbnailUrl":"https:\/\/www.sestogrado.it\/wp-content\/uploads\/2023\/10\/03-siesta.jpg","datePublished":"2023-10-20T10:01:52+00:00","dateModified":"2026-01-11T06:21:40+00:00","description":"La Grivel Siesta Chair \u00e8 una seduta per lunghe soste sospese. E' la soluzione ideale per le lunghe giornate sulle big wall, quando \u00e8 necessario stare seduti a lungo sull'imbrago. Leggero e compatto, offre un comfort extra ed \u00e8 facile da trasportare grazie alla piccola borsa inclusa.","breadcrumb":{"@id":"https:\/\/www.sestogrado.it\/it\/prodotto\/grivel-siesta-chair-seduta-per-lunghe-soste-sospese\/#breadcrumb"},"inLanguage":"it-IT","potentialAction":[{"@type":"ReadAction","target":[["https:\/\/www.sestogrado.it\/it\/prodotto\/grivel-siesta-chair-seduta-per-lunghe-soste-sospese\/"]]}]},{"@type":"ImageObject","inLanguage":"it-IT","@id":"https:\/\/www.sestogrado.it\/it\/prodotto\/grivel-siesta-chair-seduta-per-lunghe-soste-sospese\/#primaryimage","url":"https:\/\/www.sestogrado.it\/wp-content\/uploads\/2023\/10\/03-siesta.jpg","contentUrl":"https:\/\/www.sestogrado.it\/wp-content\/uploads\/2023\/10\/03-siesta.jpg","width":1024,"height":1024,"caption":"grivel siesta chair"},{"@type":"BreadcrumbList","@id":"https:\/\/www.sestogrado.it\/it\/prodotto\/grivel-siesta-chair-seduta-per-lunghe-soste-sospese\/#breadcrumb","itemListElement":[{"@type":"ListItem","position":1,"name":"Home","item":"https:\/\/www.sestogrado.it\/it\/"},{"@type":"ListItem","position":2,"name":"Shop","item":"https:\/\/www.sestogrado.it\/it\/shop\/"},{"@type":"ListItem","position":3,"name":"Grivel Siesta Chair seduta per lunghe soste sospese"}]},{"@type":"WebSite","@id":"https:\/\/www.sestogrado.it\/it\/#website","url":"https:\/\/www.sestogrado.it\/it\/","name":"Sestogrado","description":"yes we climb","publisher":{"@id":"https:\/\/www.sestogrado.it\/it\/#organization"},"potentialAction":[{"@type":"SearchAction","target":{"@type":"EntryPoint","urlTemplate":"https:\/\/www.sestogrado.it\/it\/?s={search_term_string}"},"query-input":{"@type":"PropertyValueSpecification","valueRequired":true,"valueName":"search_term_string"}}],"inLanguage":"it-IT"},{"@type":"Organization","@id":"https:\/\/www.sestogrado.it\/it\/#organization","name":"Sestogrado","url":"https:\/\/www.sestogrado.it\/it\/","logo":{"@type":"ImageObject","inLanguage":"it-IT","@id":"https:\/\/www.sestogrado.it\/it\/#\/schema\/logo\/image\/","url":"https:\/\/www.sestogrado.it\/wp-content\/uploads\/2015\/03\/sestogrado-favicon.png","contentUrl":"https:\/\/www.sestogrado.it\/wp-content\/uploads\/2015\/03\/sestogrado-favicon.png","width":260,"height":260,"caption":"Sestogrado"},"image":{"@id":"https:\/\/www.sestogrado.it\/it\/#\/schema\/logo\/image\/"},"sameAs":["https:\/\/www.facebook.com\/pages\/Sestogrado\/1542635979353017?ref=bookmarks","https:\/\/www.youtube.com\/channel\/UC847kAfTkaJsWpc1jtQwr3Q"],"hasMerchantReturnPolicy":{"@type":"MerchantReturnPolicy","merchantReturnLink":"https:\/\/www.sestogrado.it\/it\/termini-e-condizioni\/"}}]},"product_brand":"Grivel","product_price_amount":"49.00","product_price_currency":"EUR","og_availability":"instock","product_availability":"instock","product_condition":"new"},"_links":{"self":[{"href":"https:\/\/www.sestogrado.it\/it\/wp-json\/wp\/v2\/product\/143768","targetHints":{"allow":["GET"]}}],"collection":[{"href":"https:\/\/www.sestogrado.it\/it\/wp-json\/wp\/v2\/product"}],"about":[{"href":"https:\/\/www.sestogrado.it\/it\/wp-json\/wp\/v2\/types\/product"}],"replies":[{"embeddable":true,"href":"https:\/\/www.sestogrado.it\/it\/wp-json\/wp\/v2\/comments?post=143768"}],"wp:featuredmedia":[{"embeddable":true,"href":"https:\/\/www.sestogrado.it\/it\/wp-json\/wp\/v2\/media\/143772"}],"wp:attachment":[{"href":"https:\/\/www.sestogrado.it\/it\/wp-json\/wp\/v2\/media?parent=143768"}],"wp:term":[{"taxonomy":"product_brand","embeddable":true,"href":"https:\/\/www.sestogrado.it\/it\/wp-json\/wp\/v2\/product_brand?post=143768"},{"taxonomy":"product_cat","embeddable":true,"href":"https:\/\/www.sestogrado.it\/it\/wp-json\/wp\/v2\/product_cat?post=143768"},{"taxonomy":"product_tag","embeddable":true,"href":"https:\/\/www.sestogrado.it\/it\/wp-json\/wp\/v2\/product_tag?post=143768"}],"curies":[{"name":"wp","href":"https:\/\/api.w.org\/{rel}","templated":true}]}}