{"id":143468,"date":"2023-10-06T14:34:56","date_gmt":"2023-10-06T12:34:56","guid":{"rendered":"https:\/\/www.sestogrado.it\/?post_type=product&#038;p=143468"},"modified":"2026-01-14T10:48:42","modified_gmt":"2026-01-14T09:48:42","slug":"ferrino-hl-mystic-sacco-a-pelo-in-microfibra-per-attivita-alpinistiche","status":"publish","type":"product","link":"https:\/\/www.sestogrado.it\/it\/prodotto\/ferrino-hl-mystic-sacco-a-pelo-in-microfibra-per-attivita-alpinistiche\/","title":{"rendered":"Ferrino HL Mystic sacco a pelo in microfibra per attivit\u00e0 alpinistiche"},"content":{"rendered":"<p>Il Ferrino HL Mystic \u00e8 un sacco a pelo in microfibra, con\u00a0performance di coibenza termica e leggerezza al top di gamma, ottimo per le attivit\u00e0 alpinistiche. Ha i vantaggi dei sacchi in materiale sintetico, per cui \u00e8 particolarmente resistente ed isola dall&#8217;umidit\u00e0, e, grazie alla microfibra, riesce ad avere la termicit\u00e0 e la compattezza dei sacchi letto in piuma. Ha una temperatura di comfort che per gli uomini \u00e8 intorno ai -10C.<\/p>\n<p>Frutto della serie HL, High Lab di Ferrino, \u00e8 realizzato con i migliori materiali tecnici.<\/p>\n<ul>\n<li><strong>Tessuto esterno:<\/strong>\u00a0Nylon 30D 184T Mini Ripstop<\/li>\n<li><strong>Tessuto interno:<\/strong>\u00a0Polyestere 20D 380T<\/li>\n<li><strong>Imbottitura:<\/strong>\u00a0960 gr Microfiber Polyester<\/li>\n<li><strong>Accessori:<\/strong>\u00a0Comfort termico intorno ai \u201110\u00b0C (man) | Imbottitura con costruzione \u201cshingle \u2013 a tegole\u201d\u00a0per una maggiore coibenza termica a parit\u00e0 di ingombro<strong>\u00a0<\/strong>\u00a0| Lampo centrale\u00a0\u00a0minimizza la dispersione del calore e facilita l\u2019accesso all\u2019interno del saccoletto\u00a0| Coprilampo e termocollare imbottiti\u00a0creano una barriera al freddo |\u00a0Apertura facilitata con sistema \u201cone touch\u00a0che consente di chiudere ed aprire il cappuccio dall&#8217;interno con una sola mano\u00a0| Nastro antinceppamento lampo\u00a0applicato lungo la lampo facilita lo scorrimento del cursore\u00a0| Sacca di compressione inclusa: permette di ridurre il volume del saccoletto per un inserimento facilitato nello zaino<\/li>\n<li>\n<div>PESO (Kg \/g)\u00a01500 g<\/div>\n<div>TEMPERATURA \u00b0C<br \/>\n+15 \/ \u2640 -4 \/ \u2642 -10 \/ -30<\/div>\n<div>DIMENSIONI (cm)<br \/>\n215x80x55 cm (24&#215;44 \/ 24&#215;37 cm)<\/div>\n<\/li>\n<\/ul>\n<p>&nbsp;<\/p>\n<p>1870 Tutto inizia in un negozio di vernici, a Torino. Cesare Ferrino ha un\u2019intuizione rivoluzionaria: impermeabilizzare i tessuti. Il successo \u00e8 immediato, in tutta italia. Dal tessuto alla manifattura le prime tende in dotazione a esploratori e alpinisti, poi gli anni dell\u2019alpinismo leggendario, nel 1994 l\u2019installazione sul Monte Rosa a 3585 del HighLab, un laboratorio permanente in alta quota nel\u00a0rifugio Quintino Sella, per le prove di nuovi materiali e prototipi. Ferrino \u00e8 un punto di riferimento per le grandi avventure outdoor, nel 1870 come oggi.<\/p>","protected":false},"excerpt":{"rendered":"<p>Il Ferrino HL Mystic \u00e8 un sacco a pelo in microfibra, con\u00a0performance di coibenza termica e leggerezza al top di [&hellip;]<\/p>\n","protected":false},"featured_media":143469,"comment_status":"open","ping_status":"closed","template":"","meta":{"_acf_changed":false},"product_brand":[614],"product_cat":[577],"product_tag":[],"class_list":{"0":"post-143468","1":"product","2":"type-product","3":"status-publish","4":"has-post-thumbnail","6":"product_brand-ferrino","7":"product_cat-sacchi-a-pelo","9":"first","10":"instock","11":"sale","12":"taxable","13":"shipping-taxable","14":"purchasable","15":"product-type-simple"},"acf":[],"yoast_head":"<!-- This site is optimized with the Yoast SEO plugin v26.4 - https:\/\/yoast.com\/wordpress\/plugins\/seo\/ -->\n<title>Ferrino HL Mystic sacco a pelo in microfibra per attivit\u00e0 alpinistiche - Sestogrado<\/title>\n<meta name=\"description\" content=\"Il Ferrino HL Mystic \u00e8 un sacco a pelo in microfibra, con\u00a0performance di coibenza termica e leggerezza al top di gamma, ottimo per le attivit\u00e0 alpinistiche. Ha i vantaggi dei sacchi in materiale sintetico, per cui \u00e8 particolarmente resistente ed isola dall&#039;umidit\u00e0, e, grazie alla microfibra, riesce ad avere la termicit\u00e0 e la compattezza dei sacchi letto in piuma. Ha una temperatura di comfort che per gli uomini \u00e8 intorno ai -10C.Tessuto esterno:\u00a0Nylon 30D 184T Mini RipstopTessuto interno:\u00a0Polyestere 20D 380TImbottitura:\u00a0960 gr Microfiber Polyester\" \/>\n<meta name=\"robots\" content=\"index, follow, max-snippet:-1, max-image-preview:large, max-video-preview:-1\" \/>\n<link rel=\"canonical\" href=\"https:\/\/www.sestogrado.it\/it\/prodotto\/ferrino-hl-mystic-sacco-a-pelo-in-microfibra-per-attivita-alpinistiche\/\" \/>\n<meta property=\"og:locale\" content=\"it_IT\" \/>\n<meta property=\"og:type\" content=\"article\" \/>\n<meta property=\"og:title\" content=\"Ferrino HL Mystic sacco a pelo in microfibra per attivit\u00e0 alpinistiche - Sestogrado\" \/>\n<meta property=\"og:description\" content=\"Il Ferrino HL Mystic \u00e8 un sacco a pelo in microfibra, con\u00a0performance di coibenza termica e leggerezza al top di gamma, ottimo per le attivit\u00e0 alpinistiche. Ha i vantaggi dei sacchi in materiale sintetico, per cui \u00e8 particolarmente resistente ed isola dall&#039;umidit\u00e0, e, grazie alla microfibra, riesce ad avere la termicit\u00e0 e la compattezza dei sacchi letto in piuma. Ha una temperatura di comfort che per gli uomini \u00e8 intorno ai -10C.Tessuto esterno:\u00a0Nylon 30D 184T Mini RipstopTessuto interno:\u00a0Polyestere 20D 380TImbottitura:\u00a0960 gr Microfiber Polyester\" \/>\n<meta property=\"og:url\" content=\"https:\/\/www.sestogrado.it\/it\/prodotto\/ferrino-hl-mystic-sacco-a-pelo-in-microfibra-per-attivita-alpinistiche\/\" \/>\n<meta property=\"og:site_name\" content=\"Sestogrado\" \/>\n<meta property=\"article:publisher\" content=\"https:\/\/www.facebook.com\/pages\/Sestogrado\/1542635979353017?ref=bookmarks\" \/>\n<meta property=\"article:modified_time\" content=\"2026-01-14T09:48:42+00:00\" \/>\n<meta property=\"og:image\" content=\"https:\/\/www.sestogrado.it\/wp-content\/uploads\/2023\/10\/01-3.jpg\" \/>\n\t<meta property=\"og:image:width\" content=\"2000\" \/>\n\t<meta property=\"og:image:height\" content=\"2000\" \/>\n\t<meta property=\"og:image:type\" content=\"image\/jpeg\" \/>\n<meta name=\"twitter:label1\" content=\"Prezzo\" \/>\n\t<meta name=\"twitter:data1\" content=\"&euro;&nbsp;249,00\" \/>\n\t<meta name=\"twitter:label2\" content=\"Disponibilit\u00e0\" \/>\n\t<meta name=\"twitter:data2\" content=\"In stock\" \/>\n<script type=\"application\/ld+json\" class=\"yoast-schema-graph\">{\"@context\":\"https:\/\/schema.org\",\"@graph\":[{\"@type\":\"WebPage\",\"@id\":\"https:\/\/www.sestogrado.it\/it\/prodotto\/ferrino-hl-mystic-sacco-a-pelo-in-microfibra-per-attivita-alpinistiche\/\",\"url\":\"https:\/\/www.sestogrado.it\/it\/prodotto\/ferrino-hl-mystic-sacco-a-pelo-in-microfibra-per-attivita-alpinistiche\/\",\"name\":\"Ferrino HL Mystic sacco a pelo in microfibra per attivit\u00e0 alpinistiche - Sestogrado\",\"isPartOf\":{\"@id\":\"https:\/\/www.sestogrado.it\/it\/#website\"},\"primaryImageOfPage\":{\"@id\":\"https:\/\/www.sestogrado.it\/it\/prodotto\/ferrino-hl-mystic-sacco-a-pelo-in-microfibra-per-attivita-alpinistiche\/#primaryimage\"},\"image\":{\"@id\":\"https:\/\/www.sestogrado.it\/prodotto\/ferrino-hl-mystic-sacco-a-pelo-in-microfibra-per-attivita-alpinistiche\/#primaryimage\"},\"thumbnailUrl\":\"https:\/\/www.sestogrado.it\/wp-content\/uploads\/2023\/10\/01-3.jpg\",\"datePublished\":\"2023-10-06T12:34:56+00:00\",\"dateModified\":\"2026-01-14T09:48:42+00:00\",\"description\":\"Il Ferrino HL Mystic \u00e8 un sacco a pelo in microfibra, con\u00a0performance di coibenza termica e leggerezza al top di gamma, ottimo per le attivit\u00e0 alpinistiche. Ha i vantaggi dei sacchi in materiale sintetico, per cui \u00e8 particolarmente resistente ed isola dall'umidit\u00e0, e, grazie alla microfibra, riesce ad avere la termicit\u00e0 e la compattezza dei sacchi letto in piuma. Ha una temperatura di comfort che per gli uomini \u00e8 intorno ai -10C.Tessuto esterno:\u00a0Nylon 30D 184T Mini RipstopTessuto interno:\u00a0Polyestere 20D 380TImbottitura:\u00a0960 gr Microfiber Polyester\",\"breadcrumb\":{\"@id\":\"https:\/\/www.sestogrado.it\/it\/prodotto\/ferrino-hl-mystic-sacco-a-pelo-in-microfibra-per-attivita-alpinistiche\/#breadcrumb\"},\"inLanguage\":\"it-IT\",\"potentialAction\":[{\"@type\":\"ReadAction\",\"target\":[[\"https:\/\/www.sestogrado.it\/it\/prodotto\/ferrino-hl-mystic-sacco-a-pelo-in-microfibra-per-attivita-alpinistiche\/\"]]}]},{\"@type\":\"ImageObject\",\"inLanguage\":\"it-IT\",\"@id\":\"https:\/\/www.sestogrado.it\/it\/prodotto\/ferrino-hl-mystic-sacco-a-pelo-in-microfibra-per-attivita-alpinistiche\/#primaryimage\",\"url\":\"https:\/\/www.sestogrado.it\/wp-content\/uploads\/2023\/10\/01-3.jpg\",\"contentUrl\":\"https:\/\/www.sestogrado.it\/wp-content\/uploads\/2023\/10\/01-3.jpg\",\"width\":2000,\"height\":2000,\"caption\":\"ferrino hl mystic\"},{\"@type\":\"BreadcrumbList\",\"@id\":\"https:\/\/www.sestogrado.it\/it\/prodotto\/ferrino-hl-mystic-sacco-a-pelo-in-microfibra-per-attivita-alpinistiche\/#breadcrumb\",\"itemListElement\":[{\"@type\":\"ListItem\",\"position\":1,\"name\":\"Home\",\"item\":\"https:\/\/www.sestogrado.it\/it\/\"},{\"@type\":\"ListItem\",\"position\":2,\"name\":\"Shop\",\"item\":\"https:\/\/www.sestogrado.it\/it\/shop\/\"},{\"@type\":\"ListItem\",\"position\":3,\"name\":\"Ferrino HL Mystic sacco a pelo in microfibra per attivit\u00e0 alpinistiche\"}]},{\"@type\":\"WebSite\",\"@id\":\"https:\/\/www.sestogrado.it\/it\/#website\",\"url\":\"https:\/\/www.sestogrado.it\/it\/\",\"name\":\"Sestogrado\",\"description\":\"yes we climb\",\"publisher\":{\"@id\":\"https:\/\/www.sestogrado.it\/it\/#organization\"},\"potentialAction\":[{\"@type\":\"SearchAction\",\"target\":{\"@type\":\"EntryPoint\",\"urlTemplate\":\"https:\/\/www.sestogrado.it\/it\/?s={search_term_string}\"},\"query-input\":{\"@type\":\"PropertyValueSpecification\",\"valueRequired\":true,\"valueName\":\"search_term_string\"}}],\"inLanguage\":\"it-IT\"},{\"@type\":\"Organization\",\"@id\":\"https:\/\/www.sestogrado.it\/it\/#organization\",\"name\":\"Sestogrado\",\"url\":\"https:\/\/www.sestogrado.it\/it\/\",\"logo\":{\"@type\":\"ImageObject\",\"inLanguage\":\"it-IT\",\"@id\":\"https:\/\/www.sestogrado.it\/it\/#\/schema\/logo\/image\/\",\"url\":\"https:\/\/www.sestogrado.it\/wp-content\/uploads\/2015\/03\/sestogrado-favicon.png\",\"contentUrl\":\"https:\/\/www.sestogrado.it\/wp-content\/uploads\/2015\/03\/sestogrado-favicon.png\",\"width\":260,\"height\":260,\"caption\":\"Sestogrado\"},\"image\":{\"@id\":\"https:\/\/www.sestogrado.it\/it\/#\/schema\/logo\/image\/\"},\"sameAs\":[\"https:\/\/www.facebook.com\/pages\/Sestogrado\/1542635979353017?ref=bookmarks\",\"https:\/\/www.youtube.com\/channel\/UC847kAfTkaJsWpc1jtQwr3Q\"],\"hasMerchantReturnPolicy\":{\"@type\":\"MerchantReturnPolicy\",\"merchantReturnLink\":\"https:\/\/www.sestogrado.it\/it\/termini-e-condizioni\/\"}}]}<\/script>\n<meta property=\"product:brand\" content=\"Ferrino\" \/>\n<meta property=\"product:price:amount\" content=\"249.00\" \/>\n<meta property=\"product:price:currency\" content=\"EUR\" \/>\n<meta property=\"og:availability\" content=\"instock\" \/>\n<meta property=\"product:availability\" content=\"instock\" \/>\n<meta property=\"product:condition\" content=\"new\" \/>\n<!-- \/ Yoast SEO plugin. -->","yoast_head_json":{"title":"Ferrino HL Mystic sacco a pelo in microfibra per attivit\u00e0 alpinistiche - Sestogrado","description":"Il Ferrino HL Mystic \u00e8 un sacco a pelo in microfibra, con\u00a0performance di coibenza termica e leggerezza al top di gamma, ottimo per le attivit\u00e0 alpinistiche. Ha i vantaggi dei sacchi in materiale sintetico, per cui \u00e8 particolarmente resistente ed isola dall'umidit\u00e0, e, grazie alla microfibra, riesce ad avere la termicit\u00e0 e la compattezza dei sacchi letto in piuma. Ha una temperatura di comfort che per gli uomini \u00e8 intorno ai -10C.Tessuto esterno:\u00a0Nylon 30D 184T Mini RipstopTessuto interno:\u00a0Polyestere 20D 380TImbottitura:\u00a0960 gr Microfiber Polyester","robots":{"index":"index","follow":"follow","max-snippet":"max-snippet:-1","max-image-preview":"max-image-preview:large","max-video-preview":"max-video-preview:-1"},"canonical":"https:\/\/www.sestogrado.it\/it\/prodotto\/ferrino-hl-mystic-sacco-a-pelo-in-microfibra-per-attivita-alpinistiche\/","og_locale":"it_IT","og_type":"article","og_title":"Ferrino HL Mystic sacco a pelo in microfibra per attivit\u00e0 alpinistiche - Sestogrado","og_description":"Il Ferrino HL Mystic \u00e8 un sacco a pelo in microfibra, con\u00a0performance di coibenza termica e leggerezza al top di gamma, ottimo per le attivit\u00e0 alpinistiche. Ha i vantaggi dei sacchi in materiale sintetico, per cui \u00e8 particolarmente resistente ed isola dall'umidit\u00e0, e, grazie alla microfibra, riesce ad avere la termicit\u00e0 e la compattezza dei sacchi letto in piuma. Ha una temperatura di comfort che per gli uomini \u00e8 intorno ai -10C.Tessuto esterno:\u00a0Nylon 30D 184T Mini RipstopTessuto interno:\u00a0Polyestere 20D 380TImbottitura:\u00a0960 gr Microfiber Polyester","og_url":"https:\/\/www.sestogrado.it\/it\/prodotto\/ferrino-hl-mystic-sacco-a-pelo-in-microfibra-per-attivita-alpinistiche\/","og_site_name":"Sestogrado","article_publisher":"https:\/\/www.facebook.com\/pages\/Sestogrado\/1542635979353017?ref=bookmarks","article_modified_time":"2026-01-14T09:48:42+00:00","og_image":[{"width":2000,"height":2000,"url":"https:\/\/www.sestogrado.it\/wp-content\/uploads\/2023\/10\/01-3.jpg","type":"image\/jpeg"}],"twitter_misc":{"Prezzo":"&euro;&nbsp;249,00","Disponibilit\u00e0":"In stock"},"schema":{"@context":"https:\/\/schema.org","@graph":[{"@type":"WebPage","@id":"https:\/\/www.sestogrado.it\/it\/prodotto\/ferrino-hl-mystic-sacco-a-pelo-in-microfibra-per-attivita-alpinistiche\/","url":"https:\/\/www.sestogrado.it\/it\/prodotto\/ferrino-hl-mystic-sacco-a-pelo-in-microfibra-per-attivita-alpinistiche\/","name":"Ferrino HL Mystic sacco a pelo in microfibra per attivit\u00e0 alpinistiche - Sestogrado","isPartOf":{"@id":"https:\/\/www.sestogrado.it\/it\/#website"},"primaryImageOfPage":{"@id":"https:\/\/www.sestogrado.it\/it\/prodotto\/ferrino-hl-mystic-sacco-a-pelo-in-microfibra-per-attivita-alpinistiche\/#primaryimage"},"image":{"@id":"https:\/\/www.sestogrado.it\/prodotto\/ferrino-hl-mystic-sacco-a-pelo-in-microfibra-per-attivita-alpinistiche\/#primaryimage"},"thumbnailUrl":"https:\/\/www.sestogrado.it\/wp-content\/uploads\/2023\/10\/01-3.jpg","datePublished":"2023-10-06T12:34:56+00:00","dateModified":"2026-01-14T09:48:42+00:00","description":"Il Ferrino HL Mystic \u00e8 un sacco a pelo in microfibra, con\u00a0performance di coibenza termica e leggerezza al top di gamma, ottimo per le attivit\u00e0 alpinistiche. Ha i vantaggi dei sacchi in materiale sintetico, per cui \u00e8 particolarmente resistente ed isola dall'umidit\u00e0, e, grazie alla microfibra, riesce ad avere la termicit\u00e0 e la compattezza dei sacchi letto in piuma. Ha una temperatura di comfort che per gli uomini \u00e8 intorno ai -10C.Tessuto esterno:\u00a0Nylon 30D 184T Mini RipstopTessuto interno:\u00a0Polyestere 20D 380TImbottitura:\u00a0960 gr Microfiber Polyester","breadcrumb":{"@id":"https:\/\/www.sestogrado.it\/it\/prodotto\/ferrino-hl-mystic-sacco-a-pelo-in-microfibra-per-attivita-alpinistiche\/#breadcrumb"},"inLanguage":"it-IT","potentialAction":[{"@type":"ReadAction","target":[["https:\/\/www.sestogrado.it\/it\/prodotto\/ferrino-hl-mystic-sacco-a-pelo-in-microfibra-per-attivita-alpinistiche\/"]]}]},{"@type":"ImageObject","inLanguage":"it-IT","@id":"https:\/\/www.sestogrado.it\/it\/prodotto\/ferrino-hl-mystic-sacco-a-pelo-in-microfibra-per-attivita-alpinistiche\/#primaryimage","url":"https:\/\/www.sestogrado.it\/wp-content\/uploads\/2023\/10\/01-3.jpg","contentUrl":"https:\/\/www.sestogrado.it\/wp-content\/uploads\/2023\/10\/01-3.jpg","width":2000,"height":2000,"caption":"ferrino hl mystic"},{"@type":"BreadcrumbList","@id":"https:\/\/www.sestogrado.it\/it\/prodotto\/ferrino-hl-mystic-sacco-a-pelo-in-microfibra-per-attivita-alpinistiche\/#breadcrumb","itemListElement":[{"@type":"ListItem","position":1,"name":"Home","item":"https:\/\/www.sestogrado.it\/it\/"},{"@type":"ListItem","position":2,"name":"Shop","item":"https:\/\/www.sestogrado.it\/it\/shop\/"},{"@type":"ListItem","position":3,"name":"Ferrino HL Mystic sacco a pelo in microfibra per attivit\u00e0 alpinistiche"}]},{"@type":"WebSite","@id":"https:\/\/www.sestogrado.it\/it\/#website","url":"https:\/\/www.sestogrado.it\/it\/","name":"Sestogrado","description":"yes we climb","publisher":{"@id":"https:\/\/www.sestogrado.it\/it\/#organization"},"potentialAction":[{"@type":"SearchAction","target":{"@type":"EntryPoint","urlTemplate":"https:\/\/www.sestogrado.it\/it\/?s={search_term_string}"},"query-input":{"@type":"PropertyValueSpecification","valueRequired":true,"valueName":"search_term_string"}}],"inLanguage":"it-IT"},{"@type":"Organization","@id":"https:\/\/www.sestogrado.it\/it\/#organization","name":"Sestogrado","url":"https:\/\/www.sestogrado.it\/it\/","logo":{"@type":"ImageObject","inLanguage":"it-IT","@id":"https:\/\/www.sestogrado.it\/it\/#\/schema\/logo\/image\/","url":"https:\/\/www.sestogrado.it\/wp-content\/uploads\/2015\/03\/sestogrado-favicon.png","contentUrl":"https:\/\/www.sestogrado.it\/wp-content\/uploads\/2015\/03\/sestogrado-favicon.png","width":260,"height":260,"caption":"Sestogrado"},"image":{"@id":"https:\/\/www.sestogrado.it\/it\/#\/schema\/logo\/image\/"},"sameAs":["https:\/\/www.facebook.com\/pages\/Sestogrado\/1542635979353017?ref=bookmarks","https:\/\/www.youtube.com\/channel\/UC847kAfTkaJsWpc1jtQwr3Q"],"hasMerchantReturnPolicy":{"@type":"MerchantReturnPolicy","merchantReturnLink":"https:\/\/www.sestogrado.it\/it\/termini-e-condizioni\/"}}]},"product_brand":"Ferrino","product_price_amount":"249.00","product_price_currency":"EUR","og_availability":"instock","product_availability":"instock","product_condition":"new"},"_links":{"self":[{"href":"https:\/\/www.sestogrado.it\/it\/wp-json\/wp\/v2\/product\/143468","targetHints":{"allow":["GET"]}}],"collection":[{"href":"https:\/\/www.sestogrado.it\/it\/wp-json\/wp\/v2\/product"}],"about":[{"href":"https:\/\/www.sestogrado.it\/it\/wp-json\/wp\/v2\/types\/product"}],"replies":[{"embeddable":true,"href":"https:\/\/www.sestogrado.it\/it\/wp-json\/wp\/v2\/comments?post=143468"}],"wp:featuredmedia":[{"embeddable":true,"href":"https:\/\/www.sestogrado.it\/it\/wp-json\/wp\/v2\/media\/143469"}],"wp:attachment":[{"href":"https:\/\/www.sestogrado.it\/it\/wp-json\/wp\/v2\/media?parent=143468"}],"wp:term":[{"taxonomy":"product_brand","embeddable":true,"href":"https:\/\/www.sestogrado.it\/it\/wp-json\/wp\/v2\/product_brand?post=143468"},{"taxonomy":"product_cat","embeddable":true,"href":"https:\/\/www.sestogrado.it\/it\/wp-json\/wp\/v2\/product_cat?post=143468"},{"taxonomy":"product_tag","embeddable":true,"href":"https:\/\/www.sestogrado.it\/it\/wp-json\/wp\/v2\/product_tag?post=143468"}],"curies":[{"name":"wp","href":"https:\/\/api.w.org\/{rel}","templated":true}]}}