{"id":142432,"date":"2023-09-25T10:24:22","date_gmt":"2023-09-25T08:24:22","guid":{"rendered":"https:\/\/www.sestogrado.it\/?post_type=product&#038;p=142432"},"modified":"2025-06-30T15:47:46","modified_gmt":"2025-06-30T13:47:46","slug":"black-diamond-camalot-z4-offset-friend-arrampicata-tutte-le-misure","status":"publish","type":"product","link":"https:\/\/www.sestogrado.it\/it\/prodotto\/black-diamond-camalot-z4-offset-friend-arrampicata-tutte-le-misure\/","title":{"rendered":"Black Diamond Camalot Z4 Offset friend arrampicata tutte le misure"},"content":{"rendered":"<p>Il Black Diamond Camalot Z4 Offset \u00e8 un friend da arrampicata a stelo pieghevole, in grado di rimanere rigido mentre lo posizioni, ma di flettersi quando trazionato, in caso di volo. La particolarit\u00e0 della versione Offset rispetto agli <a href=\"https:\/\/www.sestogrado.it\/it\/prodotto\/black-diamond-camalot-z4-friend-arrampicata-tutte-le-misure\/\" target=\"_blank\" rel=\"noopener\">Z4 tradizionali<\/a> \u00e8 che le camme sono sfalsate e si adattano a buchi dal profilo irregolare, collocazioni non uniformi e fessure irregolari.<\/p>\n<p>Grazie ai cavi di azionamento fluttuanti in modo indipendente, i Camalot Z4 Offsets non si piegano sotto tensione e retrazione, ma una volta posizionati permettono di muoversi, garantendo una collocazione stabile che non si sposta quando viene tirata. Le taglie pi\u00f9 grandi utilizzano anche una costruzione a doppio cavo intrecciato che offre una flessibilit\u00e0 uniforme in tutte le direzioni, mentre le taglie pi\u00f9 piccole adottano una costruzione a cavo singolo per evitare il cedimento durante un forte tiraggio sulla leva e per ridurre il profilo della leva stessa.<\/p>\n<ul>\n<li>il nuovo sistema RigidFlex mantiene il friend Camalot Z4 rigido quando lo si posiziona ma in grado di flettersi una volta inserito<\/li>\n<li>struttura a doppio cavo per le misure pi\u00f9 grandi, stelo singolo per le misure pi\u00f9 piccole per ridurre profilo<\/li>\n<li>larghezza della testa ridotta per posizionamenti stretti<\/li>\n<li>camme sabbiate per massimo grip<\/li>\n<li>leggera e durevole fettuccia in Dynex con colori differenziati per facile riconoscibilit\u00e0<\/li>\n<li>Associabili ai rackpack con moschettoni colorati\u00a0<a href=\"https:\/\/www.sestogrado.it\/it\/prodotto\/black-diamond-litewire-rackpack-set-moschettoni\/\" target=\"_blank\" rel=\"noopener noreferrer\">Litewire<\/a>\u00a0e\u00a0<a href=\"https:\/\/www.sestogrado.it\/it\/prodotto\/black-diamond-miniwire-rackpack-set-moschettoni\/\" target=\"_blank\" rel=\"noopener noreferrer\">Miniwire<\/a>\u00a0per un facile riconoscimento<\/li>\n<\/ul>\n<p>&nbsp;<\/p>\n<div class=\"attributeItem first\"><span class=\"attributeName\">Peso:\u00a0\u00a0<\/span><span class=\"attributeValue\"><br \/>\n[.1-.2] 45 g<br \/>\n[.2-.3] 48 g<br \/>\n[.3-.4] 56 g<br \/>\n[.4-.5] 64 g<br \/>\n[.5-.75] 80 g<br \/>\n<\/span><\/p>\n<div class=\"clearfix\"><\/div>\n<\/div>\n<div class=\"attributeItem \"><span class=\"attributeName\">Tenuta :\u00a0\u00a0<\/span><span class=\"attributeValue\"><br \/>\n[.1-.2] 5 kN<br \/>\n[.2-.3] 6 kN<br \/>\n[.3-.4] 8 kN<br \/>\n[.4-.5] 9 kN<br \/>\n[.5-.75] 10 kN<br \/>\n<\/span><\/p>\n<div class=\"clearfix\"><\/div>\n<\/div>\n<div class=\"attributeItem \"><span class=\"attributeName\">Range\u00a0:\u00a0\u00a0<\/span><span class=\"attributeValue\"><br \/>\n[.1-.2] 10.4-16.3 mm<br \/>\n[.2-.3] 12.5-19.6 mm<br \/>\n[.3-.4] 15.2-26.9 mm<br \/>\n[.4-.5] 18.8-33.3 mm<br \/>\n[.5-.75] 23.2-40.8 mm<br \/>\n<\/span><\/div>\n<p>Black Diamond dal 1957 rappresenta un punto di riferimento mondiale per l&#8217;attrezzatura da arrampicata. Ci\u00f2 che all&#8217;inizio era una attivit\u00e0 artigianale con incudine e martello oggi si \u00e8 trasformata in una societ\u00e0 globale con uffici in tre continenti. Il segreto di Black Diamond \u00e8 sempre lo stesso: essere una societ\u00e0 formata da appassionati climber. In Black Diamond si continua a sognare su ci\u00f2 che potrebbe essere e si continua ad essere critici su ci\u00f2 che esiste. E&#8217; cos\u00ec che il processo creativo per la realizzazione della migliore attrezzatura da arrampicata non avr\u00e0 mai fine.<\/p>","protected":false},"excerpt":{"rendered":"<p>Il Black Diamond Camalot Z4 Offset \u00e8 un friend da arrampicata a stelo pieghevole, in grado di rimanere rigido mentre [&hellip;]<\/p>\n","protected":false},"featured_media":142438,"comment_status":"open","ping_status":"closed","template":"","meta":{"_acf_changed":false},"product_brand":[121],"product_cat":[135],"product_tag":[],"class_list":{"0":"post-142432","1":"product","2":"type-product","3":"status-publish","4":"has-post-thumbnail","6":"product_brand-black-diamond","7":"product_cat-friends-e-nuts","9":"first","10":"instock","11":"sale","12":"taxable","13":"shipping-taxable","14":"purchasable","15":"product-type-variable"},"acf":[],"yoast_head":"<!-- This site is optimized with the Yoast SEO plugin v26.4 - https:\/\/yoast.com\/wordpress\/plugins\/seo\/ -->\n<title>Black Diamond Camalot Z4 Offset friend arrampicata tutte le misure - Sestogrado<\/title>\n<meta name=\"description\" content=\"Il Black Diamond Camalot Z4 Offset \u00e8 un friend da arrampicata a stelo pieghevole, in grado di rimanere rigido mentre lo posizioni, ma di flettersi quando trazionato, in caso di volo. La particolarit\u00e0 della versione Offset rispetto agli Z4 tradizionali \u00e8 che le camme sono sfalsate e si adattano a buchi dal profilo irregolare, collocazioni non uniformi e fessure irregolari.Grazie ai cavi di azionamento fluttuanti in modo indipendente, i Camalot Z4 Offsets non si piegano sotto tensione e retrazione, ma una volta posizionati permettono di muoversi, garantendo una collocazione stabile che non si sposta quando viene tirata. Le taglie pi\u00f9 grandi utilizzano anche una costruzione a doppio cavo intrecciato che offre una flessibilit\u00e0 uniforme in tutte le direzioni, mentre le taglie pi\u00f9 piccole adottano una costruzione a cavo singolo per evitare il cedimento durante un forte tiraggio sulla leva e per ridurre il profilo della leva stessa.\" \/>\n<meta name=\"robots\" content=\"index, follow, max-snippet:-1, max-image-preview:large, max-video-preview:-1\" \/>\n<link rel=\"canonical\" href=\"https:\/\/www.sestogrado.it\/it\/prodotto\/black-diamond-camalot-z4-offset-friend-arrampicata-tutte-le-misure\/\" \/>\n<meta property=\"og:locale\" content=\"it_IT\" \/>\n<meta property=\"og:type\" content=\"article\" \/>\n<meta property=\"og:title\" content=\"Black Diamond Camalot Z4 Offset friend arrampicata tutte le misure - Sestogrado\" \/>\n<meta property=\"og:description\" content=\"Il Black Diamond Camalot Z4 Offset \u00e8 un friend da arrampicata a stelo pieghevole, in grado di rimanere rigido mentre lo posizioni, ma di flettersi quando trazionato, in caso di volo. La particolarit\u00e0 della versione Offset rispetto agli Z4 tradizionali \u00e8 che le camme sono sfalsate e si adattano a buchi dal profilo irregolare, collocazioni non uniformi e fessure irregolari.Grazie ai cavi di azionamento fluttuanti in modo indipendente, i Camalot Z4 Offsets non si piegano sotto tensione e retrazione, ma una volta posizionati permettono di muoversi, garantendo una collocazione stabile che non si sposta quando viene tirata. Le taglie pi\u00f9 grandi utilizzano anche una costruzione a doppio cavo intrecciato che offre una flessibilit\u00e0 uniforme in tutte le direzioni, mentre le taglie pi\u00f9 piccole adottano una costruzione a cavo singolo per evitare il cedimento durante un forte tiraggio sulla leva e per ridurre il profilo della leva stessa.\" \/>\n<meta property=\"og:url\" content=\"https:\/\/www.sestogrado.it\/it\/prodotto\/black-diamond-camalot-z4-offset-friend-arrampicata-tutte-le-misure\/\" \/>\n<meta property=\"og:site_name\" content=\"Sestogrado\" \/>\n<meta property=\"article:publisher\" content=\"https:\/\/www.facebook.com\/pages\/Sestogrado\/1542635979353017?ref=bookmarks\" \/>\n<meta property=\"article:modified_time\" content=\"2025-06-30T13:47:46+00:00\" \/>\n<meta property=\"og:image\" content=\"https:\/\/www.sestogrado.it\/wp-content\/uploads\/2023\/09\/01-1.jpg\" \/>\n\t<meta property=\"og:image:width\" content=\"2048\" \/>\n\t<meta property=\"og:image:height\" content=\"2048\" \/>\n\t<meta property=\"og:image:type\" content=\"image\/jpeg\" \/>\n<meta name=\"twitter:label1\" content=\"Disponibilit\u00e0\" \/>\n\t<meta name=\"twitter:data1\" content=\"In stock\" \/>\n<script type=\"application\/ld+json\" class=\"yoast-schema-graph\">{\"@context\":\"https:\/\/schema.org\",\"@graph\":[{\"@type\":\"WebPage\",\"@id\":\"https:\/\/www.sestogrado.it\/it\/prodotto\/black-diamond-camalot-z4-offset-friend-arrampicata-tutte-le-misure\/\",\"url\":\"https:\/\/www.sestogrado.it\/it\/prodotto\/black-diamond-camalot-z4-offset-friend-arrampicata-tutte-le-misure\/\",\"name\":\"Black Diamond Camalot Z4 Offset friend arrampicata tutte le misure - Sestogrado\",\"isPartOf\":{\"@id\":\"https:\/\/www.sestogrado.it\/it\/#website\"},\"primaryImageOfPage\":{\"@id\":\"https:\/\/www.sestogrado.it\/it\/prodotto\/black-diamond-camalot-z4-offset-friend-arrampicata-tutte-le-misure\/#primaryimage\"},\"image\":{\"@id\":\"https:\/\/www.sestogrado.it\/prodotto\/black-diamond-camalot-z4-offset-friend-arrampicata-tutte-le-misure\/#primaryimage\"},\"thumbnailUrl\":\"https:\/\/www.sestogrado.it\/wp-content\/uploads\/2023\/09\/01-1.jpg\",\"datePublished\":\"2023-09-25T08:24:22+00:00\",\"dateModified\":\"2025-06-30T13:47:46+00:00\",\"description\":\"Il Black Diamond Camalot Z4 Offset \u00e8 un friend da arrampicata a stelo pieghevole, in grado di rimanere rigido mentre lo posizioni, ma di flettersi quando trazionato, in caso di volo. La particolarit\u00e0 della versione Offset rispetto agli Z4 tradizionali \u00e8 che le camme sono sfalsate e si adattano a buchi dal profilo irregolare, collocazioni non uniformi e fessure irregolari.Grazie ai cavi di azionamento fluttuanti in modo indipendente, i Camalot Z4 Offsets non si piegano sotto tensione e retrazione, ma una volta posizionati permettono di muoversi, garantendo una collocazione stabile che non si sposta quando viene tirata. Le taglie pi\u00f9 grandi utilizzano anche una costruzione a doppio cavo intrecciato che offre una flessibilit\u00e0 uniforme in tutte le direzioni, mentre le taglie pi\u00f9 piccole adottano una costruzione a cavo singolo per evitare il cedimento durante un forte tiraggio sulla leva e per ridurre il profilo della leva stessa.\",\"breadcrumb\":{\"@id\":\"https:\/\/www.sestogrado.it\/it\/prodotto\/black-diamond-camalot-z4-offset-friend-arrampicata-tutte-le-misure\/#breadcrumb\"},\"inLanguage\":\"it-IT\",\"potentialAction\":[{\"@type\":\"ReadAction\",\"target\":[[\"https:\/\/www.sestogrado.it\/it\/prodotto\/black-diamond-camalot-z4-offset-friend-arrampicata-tutte-le-misure\/\"]]}]},{\"@type\":\"ImageObject\",\"inLanguage\":\"it-IT\",\"@id\":\"https:\/\/www.sestogrado.it\/it\/prodotto\/black-diamond-camalot-z4-offset-friend-arrampicata-tutte-le-misure\/#primaryimage\",\"url\":\"https:\/\/www.sestogrado.it\/wp-content\/uploads\/2023\/09\/01-1.jpg\",\"contentUrl\":\"https:\/\/www.sestogrado.it\/wp-content\/uploads\/2023\/09\/01-1.jpg\",\"width\":2048,\"height\":2048,\"caption\":\"z4 offset 1-2\"},{\"@type\":\"BreadcrumbList\",\"@id\":\"https:\/\/www.sestogrado.it\/it\/prodotto\/black-diamond-camalot-z4-offset-friend-arrampicata-tutte-le-misure\/#breadcrumb\",\"itemListElement\":[{\"@type\":\"ListItem\",\"position\":1,\"name\":\"Home\",\"item\":\"https:\/\/www.sestogrado.it\/it\/\"},{\"@type\":\"ListItem\",\"position\":2,\"name\":\"Shop\",\"item\":\"https:\/\/www.sestogrado.it\/it\/shop\/\"},{\"@type\":\"ListItem\",\"position\":3,\"name\":\"Black Diamond Camalot Z4 Offset friend arrampicata tutte le misure\"}]},{\"@type\":\"WebSite\",\"@id\":\"https:\/\/www.sestogrado.it\/it\/#website\",\"url\":\"https:\/\/www.sestogrado.it\/it\/\",\"name\":\"Sestogrado\",\"description\":\"yes we climb\",\"publisher\":{\"@id\":\"https:\/\/www.sestogrado.it\/it\/#organization\"},\"potentialAction\":[{\"@type\":\"SearchAction\",\"target\":{\"@type\":\"EntryPoint\",\"urlTemplate\":\"https:\/\/www.sestogrado.it\/it\/?s={search_term_string}\"},\"query-input\":{\"@type\":\"PropertyValueSpecification\",\"valueRequired\":true,\"valueName\":\"search_term_string\"}}],\"inLanguage\":\"it-IT\"},{\"@type\":\"Organization\",\"@id\":\"https:\/\/www.sestogrado.it\/it\/#organization\",\"name\":\"Sestogrado\",\"url\":\"https:\/\/www.sestogrado.it\/it\/\",\"logo\":{\"@type\":\"ImageObject\",\"inLanguage\":\"it-IT\",\"@id\":\"https:\/\/www.sestogrado.it\/it\/#\/schema\/logo\/image\/\",\"url\":\"https:\/\/www.sestogrado.it\/wp-content\/uploads\/2015\/03\/sestogrado-favicon.png\",\"contentUrl\":\"https:\/\/www.sestogrado.it\/wp-content\/uploads\/2015\/03\/sestogrado-favicon.png\",\"width\":260,\"height\":260,\"caption\":\"Sestogrado\"},\"image\":{\"@id\":\"https:\/\/www.sestogrado.it\/it\/#\/schema\/logo\/image\/\"},\"sameAs\":[\"https:\/\/www.facebook.com\/pages\/Sestogrado\/1542635979353017?ref=bookmarks\",\"https:\/\/www.youtube.com\/channel\/UC847kAfTkaJsWpc1jtQwr3Q\"],\"hasMerchantReturnPolicy\":{\"@type\":\"MerchantReturnPolicy\",\"merchantReturnLink\":\"https:\/\/www.sestogrado.it\/it\/termini-e-condizioni\/\"}}]}<\/script>\n<meta property=\"product:brand\" content=\"Black Diamond\" \/>\n<meta property=\"og:availability\" content=\"instock\" \/>\n<meta property=\"product:availability\" content=\"instock\" \/>\n<meta property=\"product:condition\" content=\"new\" \/>\n<!-- \/ Yoast SEO plugin. -->","yoast_head_json":{"title":"Black Diamond Camalot Z4 Offset friend arrampicata tutte le misure - Sestogrado","description":"Il Black Diamond Camalot Z4 Offset \u00e8 un friend da arrampicata a stelo pieghevole, in grado di rimanere rigido mentre lo posizioni, ma di flettersi quando trazionato, in caso di volo. La particolarit\u00e0 della versione Offset rispetto agli Z4 tradizionali \u00e8 che le camme sono sfalsate e si adattano a buchi dal profilo irregolare, collocazioni non uniformi e fessure irregolari.Grazie ai cavi di azionamento fluttuanti in modo indipendente, i Camalot Z4 Offsets non si piegano sotto tensione e retrazione, ma una volta posizionati permettono di muoversi, garantendo una collocazione stabile che non si sposta quando viene tirata. Le taglie pi\u00f9 grandi utilizzano anche una costruzione a doppio cavo intrecciato che offre una flessibilit\u00e0 uniforme in tutte le direzioni, mentre le taglie pi\u00f9 piccole adottano una costruzione a cavo singolo per evitare il cedimento durante un forte tiraggio sulla leva e per ridurre il profilo della leva stessa.","robots":{"index":"index","follow":"follow","max-snippet":"max-snippet:-1","max-image-preview":"max-image-preview:large","max-video-preview":"max-video-preview:-1"},"canonical":"https:\/\/www.sestogrado.it\/it\/prodotto\/black-diamond-camalot-z4-offset-friend-arrampicata-tutte-le-misure\/","og_locale":"it_IT","og_type":"article","og_title":"Black Diamond Camalot Z4 Offset friend arrampicata tutte le misure - Sestogrado","og_description":"Il Black Diamond Camalot Z4 Offset \u00e8 un friend da arrampicata a stelo pieghevole, in grado di rimanere rigido mentre lo posizioni, ma di flettersi quando trazionato, in caso di volo. La particolarit\u00e0 della versione Offset rispetto agli Z4 tradizionali \u00e8 che le camme sono sfalsate e si adattano a buchi dal profilo irregolare, collocazioni non uniformi e fessure irregolari.Grazie ai cavi di azionamento fluttuanti in modo indipendente, i Camalot Z4 Offsets non si piegano sotto tensione e retrazione, ma una volta posizionati permettono di muoversi, garantendo una collocazione stabile che non si sposta quando viene tirata. Le taglie pi\u00f9 grandi utilizzano anche una costruzione a doppio cavo intrecciato che offre una flessibilit\u00e0 uniforme in tutte le direzioni, mentre le taglie pi\u00f9 piccole adottano una costruzione a cavo singolo per evitare il cedimento durante un forte tiraggio sulla leva e per ridurre il profilo della leva stessa.","og_url":"https:\/\/www.sestogrado.it\/it\/prodotto\/black-diamond-camalot-z4-offset-friend-arrampicata-tutte-le-misure\/","og_site_name":"Sestogrado","article_publisher":"https:\/\/www.facebook.com\/pages\/Sestogrado\/1542635979353017?ref=bookmarks","article_modified_time":"2025-06-30T13:47:46+00:00","og_image":[{"width":2048,"height":2048,"url":"https:\/\/www.sestogrado.it\/wp-content\/uploads\/2023\/09\/01-1.jpg","type":"image\/jpeg"}],"twitter_misc":{"Disponibilit\u00e0":"In stock"},"schema":{"@context":"https:\/\/schema.org","@graph":[{"@type":"WebPage","@id":"https:\/\/www.sestogrado.it\/it\/prodotto\/black-diamond-camalot-z4-offset-friend-arrampicata-tutte-le-misure\/","url":"https:\/\/www.sestogrado.it\/it\/prodotto\/black-diamond-camalot-z4-offset-friend-arrampicata-tutte-le-misure\/","name":"Black Diamond Camalot Z4 Offset friend arrampicata tutte le misure - Sestogrado","isPartOf":{"@id":"https:\/\/www.sestogrado.it\/it\/#website"},"primaryImageOfPage":{"@id":"https:\/\/www.sestogrado.it\/it\/prodotto\/black-diamond-camalot-z4-offset-friend-arrampicata-tutte-le-misure\/#primaryimage"},"image":{"@id":"https:\/\/www.sestogrado.it\/prodotto\/black-diamond-camalot-z4-offset-friend-arrampicata-tutte-le-misure\/#primaryimage"},"thumbnailUrl":"https:\/\/www.sestogrado.it\/wp-content\/uploads\/2023\/09\/01-1.jpg","datePublished":"2023-09-25T08:24:22+00:00","dateModified":"2025-06-30T13:47:46+00:00","description":"Il Black Diamond Camalot Z4 Offset \u00e8 un friend da arrampicata a stelo pieghevole, in grado di rimanere rigido mentre lo posizioni, ma di flettersi quando trazionato, in caso di volo. La particolarit\u00e0 della versione Offset rispetto agli Z4 tradizionali \u00e8 che le camme sono sfalsate e si adattano a buchi dal profilo irregolare, collocazioni non uniformi e fessure irregolari.Grazie ai cavi di azionamento fluttuanti in modo indipendente, i Camalot Z4 Offsets non si piegano sotto tensione e retrazione, ma una volta posizionati permettono di muoversi, garantendo una collocazione stabile che non si sposta quando viene tirata. Le taglie pi\u00f9 grandi utilizzano anche una costruzione a doppio cavo intrecciato che offre una flessibilit\u00e0 uniforme in tutte le direzioni, mentre le taglie pi\u00f9 piccole adottano una costruzione a cavo singolo per evitare il cedimento durante un forte tiraggio sulla leva e per ridurre il profilo della leva stessa.","breadcrumb":{"@id":"https:\/\/www.sestogrado.it\/it\/prodotto\/black-diamond-camalot-z4-offset-friend-arrampicata-tutte-le-misure\/#breadcrumb"},"inLanguage":"it-IT","potentialAction":[{"@type":"ReadAction","target":[["https:\/\/www.sestogrado.it\/it\/prodotto\/black-diamond-camalot-z4-offset-friend-arrampicata-tutte-le-misure\/"]]}]},{"@type":"ImageObject","inLanguage":"it-IT","@id":"https:\/\/www.sestogrado.it\/it\/prodotto\/black-diamond-camalot-z4-offset-friend-arrampicata-tutte-le-misure\/#primaryimage","url":"https:\/\/www.sestogrado.it\/wp-content\/uploads\/2023\/09\/01-1.jpg","contentUrl":"https:\/\/www.sestogrado.it\/wp-content\/uploads\/2023\/09\/01-1.jpg","width":2048,"height":2048,"caption":"z4 offset 1-2"},{"@type":"BreadcrumbList","@id":"https:\/\/www.sestogrado.it\/it\/prodotto\/black-diamond-camalot-z4-offset-friend-arrampicata-tutte-le-misure\/#breadcrumb","itemListElement":[{"@type":"ListItem","position":1,"name":"Home","item":"https:\/\/www.sestogrado.it\/it\/"},{"@type":"ListItem","position":2,"name":"Shop","item":"https:\/\/www.sestogrado.it\/it\/shop\/"},{"@type":"ListItem","position":3,"name":"Black Diamond Camalot Z4 Offset friend arrampicata tutte le misure"}]},{"@type":"WebSite","@id":"https:\/\/www.sestogrado.it\/it\/#website","url":"https:\/\/www.sestogrado.it\/it\/","name":"Sestogrado","description":"yes we climb","publisher":{"@id":"https:\/\/www.sestogrado.it\/it\/#organization"},"potentialAction":[{"@type":"SearchAction","target":{"@type":"EntryPoint","urlTemplate":"https:\/\/www.sestogrado.it\/it\/?s={search_term_string}"},"query-input":{"@type":"PropertyValueSpecification","valueRequired":true,"valueName":"search_term_string"}}],"inLanguage":"it-IT"},{"@type":"Organization","@id":"https:\/\/www.sestogrado.it\/it\/#organization","name":"Sestogrado","url":"https:\/\/www.sestogrado.it\/it\/","logo":{"@type":"ImageObject","inLanguage":"it-IT","@id":"https:\/\/www.sestogrado.it\/it\/#\/schema\/logo\/image\/","url":"https:\/\/www.sestogrado.it\/wp-content\/uploads\/2015\/03\/sestogrado-favicon.png","contentUrl":"https:\/\/www.sestogrado.it\/wp-content\/uploads\/2015\/03\/sestogrado-favicon.png","width":260,"height":260,"caption":"Sestogrado"},"image":{"@id":"https:\/\/www.sestogrado.it\/it\/#\/schema\/logo\/image\/"},"sameAs":["https:\/\/www.facebook.com\/pages\/Sestogrado\/1542635979353017?ref=bookmarks","https:\/\/www.youtube.com\/channel\/UC847kAfTkaJsWpc1jtQwr3Q"],"hasMerchantReturnPolicy":{"@type":"MerchantReturnPolicy","merchantReturnLink":"https:\/\/www.sestogrado.it\/it\/termini-e-condizioni\/"}}]},"product_brand":"Black Diamond","og_availability":"instock","product_availability":"instock","product_condition":"new"},"_links":{"self":[{"href":"https:\/\/www.sestogrado.it\/it\/wp-json\/wp\/v2\/product\/142432","targetHints":{"allow":["GET"]}}],"collection":[{"href":"https:\/\/www.sestogrado.it\/it\/wp-json\/wp\/v2\/product"}],"about":[{"href":"https:\/\/www.sestogrado.it\/it\/wp-json\/wp\/v2\/types\/product"}],"replies":[{"embeddable":true,"href":"https:\/\/www.sestogrado.it\/it\/wp-json\/wp\/v2\/comments?post=142432"}],"wp:featuredmedia":[{"embeddable":true,"href":"https:\/\/www.sestogrado.it\/it\/wp-json\/wp\/v2\/media\/142438"}],"wp:attachment":[{"href":"https:\/\/www.sestogrado.it\/it\/wp-json\/wp\/v2\/media?parent=142432"}],"wp:term":[{"taxonomy":"product_brand","embeddable":true,"href":"https:\/\/www.sestogrado.it\/it\/wp-json\/wp\/v2\/product_brand?post=142432"},{"taxonomy":"product_cat","embeddable":true,"href":"https:\/\/www.sestogrado.it\/it\/wp-json\/wp\/v2\/product_cat?post=142432"},{"taxonomy":"product_tag","embeddable":true,"href":"https:\/\/www.sestogrado.it\/it\/wp-json\/wp\/v2\/product_tag?post=142432"}],"curies":[{"name":"wp","href":"https:\/\/api.w.org\/{rel}","templated":true}]}}