{"id":142238,"date":"2023-09-20T10:03:30","date_gmt":"2023-09-20T08:03:30","guid":{"rendered":"https:\/\/www.sestogrado.it\/?post_type=product&#038;p=142238"},"modified":"2026-04-14T21:46:25","modified_gmt":"2026-04-14T19:46:25","slug":"fixe-roca-10-sling-fosca-anello-di-fettuccia-in-hmpe","status":"publish","type":"product","link":"https:\/\/www.sestogrado.it\/it\/prodotto\/fixe-roca-10-sling-fosca-anello-di-fettuccia-in-hmpe\/","title":{"rendered":"Fixe Roca 10 Sling Fosca anello di fettuccia in HMPE"},"content":{"rendered":"<p>La Fixe Roca 10 Sling Fosca \u00e8 un anello di fettuccia precucito in HMPE (High-Modulus Polyethylene) con una tenuta di 22kN e spessa solo 10mm.<\/p>\n<p>La combinazione dei materiali utilizzati nella fettuccia ne migliorano notevolmente la resistenza e la durata. La parte centrale della fettuccia, di colore nero, \u00e8 realizzata in HMPE (polietilene ad alta densit\u00e0), un materiale straordinariamente leggero e con un&#8217;elevata resistenza alla trazione. Entrambi i lati della fettuccia sono stati rinforzati con un profilo in poliammide, contraddistinto dal colore indicatore di lunghezza e noto per la sua elevata resistenza all&#8217;abrasione. Questa attenta scelta dei materiali ottimizza le prestazioni della fettuccia Fosca, rendendola estremamente leggera e resistente sia alla trazione che all&#8217;abrasione. Inoltre, la poliammide viene utilizzata anche nelle cuciture di sicurezza. Queste, sia sul bordo che sui lati, sono state rifinite per evitare che possano impigliarsi durante le manovre e durante le legature, con moschettoni, ecc. Sul lato della fettuccia \u00e8 cucito il logo distintivo Fixe per evitare attrito durante le manovre e i bordi dell&#8217;etichetta sono stati arrotondati.<\/p>\n<p>Consigliato per attivit\u00e0 in montagna ma anche spedizioni, alpinismo, arrampicata su ghiaccio e arrampicata classica.<\/p>\n<ul>\n<li><strong>Lunghezza:<\/strong> 30, 50, 65, 80, 125 e 240cm<\/li>\n<li><strong>Larghezza:<\/strong> 10 mm.<\/li>\n<li><strong>Resistenza:<\/strong>\u00a022 kN.<\/li>\n<li><strong>Peso:<\/strong> 23 g. (65cm)<\/li>\n<li><strong>Materiale:<\/strong>\u00a0HMPE (High-Modulus Polyethylene) &amp; Polyamide.<\/li>\n<li><strong>Certificazione:<\/strong>\u00a0EN566:2017.<\/li>\n<li><strong>Realizzata a Sant Quirze de Besora (Barcelona &#8211; Pyrenees).<\/strong><\/li>\n<\/ul>\n<p>&nbsp;<\/p>\n<p>Fixe \u00e8 stata fondata nel 1983 in un luogo circondato da montagne e zone di arrampicata di prim\u2019ordine come Montserrat, Terradets e Siurana. \u00c8 diventato rapidamente un marchio leader nella comunit\u00e0 dell\u2019arrampicata e i suoi prodotti sono attualmente conosciuti in tutto il mondo.<\/p>\n<p>Roca \u00e8 uno dei pi\u00f9 antichi produttori di corde al mondo. Fondata nel 1891, dal 2012 \u00e8 entrata a far parte del gruppo Fixe, per realizza tutte le corde del proprio catalogo.<\/p>\n<p>Le corde Fixe Roca sono supportate da pi\u00f9 di 125 anni di esperienza nel settore. Tutta la produzione avviene a Sant Quirze de Besora (Catalogna), dove Fixe ha anche la sua sede principale e magazzini.<\/p>\n<p>Ogni amante della montagna trover\u00e0 la corda che cerca nel catalogo Fixe. Corde per arrampicata sportiva, arrampicata trad, alpinismo, palestre di arrampicata e canyoning, sia dinamiche che statiche. Una corda per ogni situazione e ogni attivit\u00e0 su terreno verticale.<\/p>","protected":false},"excerpt":{"rendered":"<p>La Fixe Roca 10 Sling Fosca \u00e8 un anello di fettuccia precucito in HMPE (High-Modulus Polyethylene) con una tenuta di [&hellip;]<\/p>\n","protected":false},"featured_media":142242,"comment_status":"open","ping_status":"closed","template":"","meta":{"_acf_changed":false},"product_brand":[778],"product_cat":[137],"product_tag":[],"class_list":{"0":"post-142238","1":"product","2":"type-product","3":"status-publish","4":"has-post-thumbnail","6":"product_brand-fixe","7":"product_cat-fettucce-e-cordini","9":"first","10":"instock","11":"sale","12":"taxable","13":"shipping-taxable","14":"purchasable","15":"product-type-variable"},"acf":[],"yoast_head":"<!-- This site is optimized with the Yoast SEO plugin v26.4 - https:\/\/yoast.com\/wordpress\/plugins\/seo\/ -->\n<title>Fixe Roca 10 Sling Fosca anello di fettuccia in HMPE - Sestogrado<\/title>\n<meta name=\"description\" content=\"La Fixe Roca 10 Sling Fosca \u00e8 un anello di fettuccia precucito in HMPE (High-Modulus Polyethylene) con una tenuta di 22kN e spessa solo 10mm.La combinazione dei materiali utilizzati nella fettuccia ne migliorano notevolmente la resistenza e la durata. La parte centrale della fettuccia, di colore nero, \u00e8 realizzata in HMPE (polietilene ad alta densit\u00e0), un materiale straordinariamente leggero e con un&#039;elevata resistenza alla trazione. Entrambi i lati della fettuccia sono stati rinforzati con un profilo in poliammide, contraddistinto dal colore indicatore di lunghezza e noto per la sua elevata resistenza all&#039;abrasione. Questa attenta scelta dei materiali ottimizza le prestazioni della fettuccia Fosca, rendendola estremamente leggera e resistente sia alla trazione che all&#039;abrasione. Inoltre, la poliammide viene utilizzata anche nelle cuciture di sicurezza. Queste, sia sul bordo che sui lati, sono state rifinite per evitare che possano impigliarsi durante le manovre e durante le legature, con moschettoni, ecc. Sul lato della fettuccia \u00e8 cucito il logo distintivo Fixe per evitare attrito durante le manovre e i bordi dell&#039;etichetta sono stati arrotondati.Consigliato per attivit\u00e0 in montagna ma anche spedizioni, alpinismo, arrampicata su ghiaccio e arrampicata classica.\" \/>\n<meta name=\"robots\" content=\"index, follow, max-snippet:-1, max-image-preview:large, max-video-preview:-1\" \/>\n<link rel=\"canonical\" href=\"https:\/\/www.sestogrado.it\/it\/prodotto\/fixe-roca-10-sling-fosca-anello-di-fettuccia-in-hmpe\/\" \/>\n<meta property=\"og:locale\" content=\"it_IT\" \/>\n<meta property=\"og:type\" content=\"article\" \/>\n<meta property=\"og:title\" content=\"Fixe Roca 10 Sling Fosca anello di fettuccia in HMPE - Sestogrado\" \/>\n<meta property=\"og:description\" content=\"La Fixe Roca 10 Sling Fosca \u00e8 un anello di fettuccia precucito in HMPE (High-Modulus Polyethylene) con una tenuta di 22kN e spessa solo 10mm.La combinazione dei materiali utilizzati nella fettuccia ne migliorano notevolmente la resistenza e la durata. La parte centrale della fettuccia, di colore nero, \u00e8 realizzata in HMPE (polietilene ad alta densit\u00e0), un materiale straordinariamente leggero e con un&#039;elevata resistenza alla trazione. Entrambi i lati della fettuccia sono stati rinforzati con un profilo in poliammide, contraddistinto dal colore indicatore di lunghezza e noto per la sua elevata resistenza all&#039;abrasione. Questa attenta scelta dei materiali ottimizza le prestazioni della fettuccia Fosca, rendendola estremamente leggera e resistente sia alla trazione che all&#039;abrasione. Inoltre, la poliammide viene utilizzata anche nelle cuciture di sicurezza. Queste, sia sul bordo che sui lati, sono state rifinite per evitare che possano impigliarsi durante le manovre e durante le legature, con moschettoni, ecc. Sul lato della fettuccia \u00e8 cucito il logo distintivo Fixe per evitare attrito durante le manovre e i bordi dell&#039;etichetta sono stati arrotondati.Consigliato per attivit\u00e0 in montagna ma anche spedizioni, alpinismo, arrampicata su ghiaccio e arrampicata classica.\" \/>\n<meta property=\"og:url\" content=\"https:\/\/www.sestogrado.it\/it\/prodotto\/fixe-roca-10-sling-fosca-anello-di-fettuccia-in-hmpe\/\" \/>\n<meta property=\"og:site_name\" content=\"Sestogrado\" \/>\n<meta property=\"article:publisher\" content=\"https:\/\/www.facebook.com\/pages\/Sestogrado\/1542635979353017?ref=bookmarks\" \/>\n<meta property=\"article:modified_time\" content=\"2026-04-14T19:46:25+00:00\" \/>\n<meta property=\"og:image\" content=\"https:\/\/www.sestogrado.it\/wp-content\/uploads\/2023\/09\/100-sling.jpg\" \/>\n\t<meta property=\"og:image:width\" content=\"800\" \/>\n\t<meta property=\"og:image:height\" content=\"800\" \/>\n\t<meta property=\"og:image:type\" content=\"image\/jpeg\" \/>\n<meta name=\"twitter:label1\" content=\"Disponibilit\u00e0\" \/>\n\t<meta name=\"twitter:data1\" content=\"In stock\" \/>\n<script type=\"application\/ld+json\" class=\"yoast-schema-graph\">{\"@context\":\"https:\/\/schema.org\",\"@graph\":[{\"@type\":\"WebPage\",\"@id\":\"https:\/\/www.sestogrado.it\/it\/prodotto\/fixe-roca-10-sling-fosca-anello-di-fettuccia-in-hmpe\/\",\"url\":\"https:\/\/www.sestogrado.it\/it\/prodotto\/fixe-roca-10-sling-fosca-anello-di-fettuccia-in-hmpe\/\",\"name\":\"Fixe Roca 10 Sling Fosca anello di fettuccia in HMPE - Sestogrado\",\"isPartOf\":{\"@id\":\"https:\/\/www.sestogrado.it\/it\/#website\"},\"primaryImageOfPage\":{\"@id\":\"https:\/\/www.sestogrado.it\/it\/prodotto\/fixe-roca-10-sling-fosca-anello-di-fettuccia-in-hmpe\/#primaryimage\"},\"image\":{\"@id\":\"https:\/\/www.sestogrado.it\/prodotto\/fixe-roca-10-sling-fosca-anello-di-fettuccia-in-hmpe\/#primaryimage\"},\"thumbnailUrl\":\"https:\/\/www.sestogrado.it\/wp-content\/uploads\/2023\/09\/100-sling.jpg\",\"datePublished\":\"2023-09-20T08:03:30+00:00\",\"dateModified\":\"2026-04-14T19:46:25+00:00\",\"description\":\"La Fixe Roca 10 Sling Fosca \u00e8 un anello di fettuccia precucito in HMPE (High-Modulus Polyethylene) con una tenuta di 22kN e spessa solo 10mm.La combinazione dei materiali utilizzati nella fettuccia ne migliorano notevolmente la resistenza e la durata. La parte centrale della fettuccia, di colore nero, \u00e8 realizzata in HMPE (polietilene ad alta densit\u00e0), un materiale straordinariamente leggero e con un'elevata resistenza alla trazione. Entrambi i lati della fettuccia sono stati rinforzati con un profilo in poliammide, contraddistinto dal colore indicatore di lunghezza e noto per la sua elevata resistenza all'abrasione. Questa attenta scelta dei materiali ottimizza le prestazioni della fettuccia Fosca, rendendola estremamente leggera e resistente sia alla trazione che all'abrasione. Inoltre, la poliammide viene utilizzata anche nelle cuciture di sicurezza. Queste, sia sul bordo che sui lati, sono state rifinite per evitare che possano impigliarsi durante le manovre e durante le legature, con moschettoni, ecc. Sul lato della fettuccia \u00e8 cucito il logo distintivo Fixe per evitare attrito durante le manovre e i bordi dell'etichetta sono stati arrotondati.Consigliato per attivit\u00e0 in montagna ma anche spedizioni, alpinismo, arrampicata su ghiaccio e arrampicata classica.\",\"breadcrumb\":{\"@id\":\"https:\/\/www.sestogrado.it\/it\/prodotto\/fixe-roca-10-sling-fosca-anello-di-fettuccia-in-hmpe\/#breadcrumb\"},\"inLanguage\":\"it-IT\",\"potentialAction\":[{\"@type\":\"ReadAction\",\"target\":[[\"https:\/\/www.sestogrado.it\/it\/prodotto\/fixe-roca-10-sling-fosca-anello-di-fettuccia-in-hmpe\/\"]]}]},{\"@type\":\"ImageObject\",\"inLanguage\":\"it-IT\",\"@id\":\"https:\/\/www.sestogrado.it\/it\/prodotto\/fixe-roca-10-sling-fosca-anello-di-fettuccia-in-hmpe\/#primaryimage\",\"url\":\"https:\/\/www.sestogrado.it\/wp-content\/uploads\/2023\/09\/100-sling.jpg\",\"contentUrl\":\"https:\/\/www.sestogrado.it\/wp-content\/uploads\/2023\/09\/100-sling.jpg\",\"width\":800,\"height\":800,\"caption\":\"fosca 10\"},{\"@type\":\"BreadcrumbList\",\"@id\":\"https:\/\/www.sestogrado.it\/it\/prodotto\/fixe-roca-10-sling-fosca-anello-di-fettuccia-in-hmpe\/#breadcrumb\",\"itemListElement\":[{\"@type\":\"ListItem\",\"position\":1,\"name\":\"Home\",\"item\":\"https:\/\/www.sestogrado.it\/it\/\"},{\"@type\":\"ListItem\",\"position\":2,\"name\":\"Shop\",\"item\":\"https:\/\/www.sestogrado.it\/it\/shop\/\"},{\"@type\":\"ListItem\",\"position\":3,\"name\":\"Fixe Roca 10 Sling Fosca anello di fettuccia in HMPE\"}]},{\"@type\":\"WebSite\",\"@id\":\"https:\/\/www.sestogrado.it\/it\/#website\",\"url\":\"https:\/\/www.sestogrado.it\/it\/\",\"name\":\"Sestogrado\",\"description\":\"yes we climb\",\"publisher\":{\"@id\":\"https:\/\/www.sestogrado.it\/it\/#organization\"},\"potentialAction\":[{\"@type\":\"SearchAction\",\"target\":{\"@type\":\"EntryPoint\",\"urlTemplate\":\"https:\/\/www.sestogrado.it\/it\/?s={search_term_string}\"},\"query-input\":{\"@type\":\"PropertyValueSpecification\",\"valueRequired\":true,\"valueName\":\"search_term_string\"}}],\"inLanguage\":\"it-IT\"},{\"@type\":\"Organization\",\"@id\":\"https:\/\/www.sestogrado.it\/it\/#organization\",\"name\":\"Sestogrado\",\"url\":\"https:\/\/www.sestogrado.it\/it\/\",\"logo\":{\"@type\":\"ImageObject\",\"inLanguage\":\"it-IT\",\"@id\":\"https:\/\/www.sestogrado.it\/it\/#\/schema\/logo\/image\/\",\"url\":\"https:\/\/www.sestogrado.it\/wp-content\/uploads\/2015\/03\/sestogrado-favicon.png\",\"contentUrl\":\"https:\/\/www.sestogrado.it\/wp-content\/uploads\/2015\/03\/sestogrado-favicon.png\",\"width\":260,\"height\":260,\"caption\":\"Sestogrado\"},\"image\":{\"@id\":\"https:\/\/www.sestogrado.it\/it\/#\/schema\/logo\/image\/\"},\"sameAs\":[\"https:\/\/www.facebook.com\/pages\/Sestogrado\/1542635979353017?ref=bookmarks\",\"https:\/\/www.youtube.com\/channel\/UC847kAfTkaJsWpc1jtQwr3Q\"],\"hasMerchantReturnPolicy\":{\"@type\":\"MerchantReturnPolicy\",\"merchantReturnLink\":\"https:\/\/www.sestogrado.it\/it\/termini-e-condizioni\/\"}}]}<\/script>\n<meta property=\"product:brand\" content=\"Fixe\" \/>\n<meta property=\"og:availability\" content=\"instock\" \/>\n<meta property=\"product:availability\" content=\"instock\" \/>\n<meta property=\"product:condition\" content=\"new\" \/>\n<!-- \/ Yoast SEO plugin. -->","yoast_head_json":{"title":"Fixe Roca 10 Sling Fosca anello di fettuccia in HMPE - Sestogrado","description":"La Fixe Roca 10 Sling Fosca \u00e8 un anello di fettuccia precucito in HMPE (High-Modulus Polyethylene) con una tenuta di 22kN e spessa solo 10mm.La combinazione dei materiali utilizzati nella fettuccia ne migliorano notevolmente la resistenza e la durata. La parte centrale della fettuccia, di colore nero, \u00e8 realizzata in HMPE (polietilene ad alta densit\u00e0), un materiale straordinariamente leggero e con un'elevata resistenza alla trazione. Entrambi i lati della fettuccia sono stati rinforzati con un profilo in poliammide, contraddistinto dal colore indicatore di lunghezza e noto per la sua elevata resistenza all'abrasione. Questa attenta scelta dei materiali ottimizza le prestazioni della fettuccia Fosca, rendendola estremamente leggera e resistente sia alla trazione che all'abrasione. Inoltre, la poliammide viene utilizzata anche nelle cuciture di sicurezza. Queste, sia sul bordo che sui lati, sono state rifinite per evitare che possano impigliarsi durante le manovre e durante le legature, con moschettoni, ecc. Sul lato della fettuccia \u00e8 cucito il logo distintivo Fixe per evitare attrito durante le manovre e i bordi dell'etichetta sono stati arrotondati.Consigliato per attivit\u00e0 in montagna ma anche spedizioni, alpinismo, arrampicata su ghiaccio e arrampicata classica.","robots":{"index":"index","follow":"follow","max-snippet":"max-snippet:-1","max-image-preview":"max-image-preview:large","max-video-preview":"max-video-preview:-1"},"canonical":"https:\/\/www.sestogrado.it\/it\/prodotto\/fixe-roca-10-sling-fosca-anello-di-fettuccia-in-hmpe\/","og_locale":"it_IT","og_type":"article","og_title":"Fixe Roca 10 Sling Fosca anello di fettuccia in HMPE - Sestogrado","og_description":"La Fixe Roca 10 Sling Fosca \u00e8 un anello di fettuccia precucito in HMPE (High-Modulus Polyethylene) con una tenuta di 22kN e spessa solo 10mm.La combinazione dei materiali utilizzati nella fettuccia ne migliorano notevolmente la resistenza e la durata. La parte centrale della fettuccia, di colore nero, \u00e8 realizzata in HMPE (polietilene ad alta densit\u00e0), un materiale straordinariamente leggero e con un'elevata resistenza alla trazione. Entrambi i lati della fettuccia sono stati rinforzati con un profilo in poliammide, contraddistinto dal colore indicatore di lunghezza e noto per la sua elevata resistenza all'abrasione. Questa attenta scelta dei materiali ottimizza le prestazioni della fettuccia Fosca, rendendola estremamente leggera e resistente sia alla trazione che all'abrasione. Inoltre, la poliammide viene utilizzata anche nelle cuciture di sicurezza. Queste, sia sul bordo che sui lati, sono state rifinite per evitare che possano impigliarsi durante le manovre e durante le legature, con moschettoni, ecc. Sul lato della fettuccia \u00e8 cucito il logo distintivo Fixe per evitare attrito durante le manovre e i bordi dell'etichetta sono stati arrotondati.Consigliato per attivit\u00e0 in montagna ma anche spedizioni, alpinismo, arrampicata su ghiaccio e arrampicata classica.","og_url":"https:\/\/www.sestogrado.it\/it\/prodotto\/fixe-roca-10-sling-fosca-anello-di-fettuccia-in-hmpe\/","og_site_name":"Sestogrado","article_publisher":"https:\/\/www.facebook.com\/pages\/Sestogrado\/1542635979353017?ref=bookmarks","article_modified_time":"2026-04-14T19:46:25+00:00","og_image":[{"width":800,"height":800,"url":"https:\/\/www.sestogrado.it\/wp-content\/uploads\/2023\/09\/100-sling.jpg","type":"image\/jpeg"}],"twitter_misc":{"Disponibilit\u00e0":"In stock"},"schema":{"@context":"https:\/\/schema.org","@graph":[{"@type":"WebPage","@id":"https:\/\/www.sestogrado.it\/it\/prodotto\/fixe-roca-10-sling-fosca-anello-di-fettuccia-in-hmpe\/","url":"https:\/\/www.sestogrado.it\/it\/prodotto\/fixe-roca-10-sling-fosca-anello-di-fettuccia-in-hmpe\/","name":"Fixe Roca 10 Sling Fosca anello di fettuccia in HMPE - Sestogrado","isPartOf":{"@id":"https:\/\/www.sestogrado.it\/it\/#website"},"primaryImageOfPage":{"@id":"https:\/\/www.sestogrado.it\/it\/prodotto\/fixe-roca-10-sling-fosca-anello-di-fettuccia-in-hmpe\/#primaryimage"},"image":{"@id":"https:\/\/www.sestogrado.it\/prodotto\/fixe-roca-10-sling-fosca-anello-di-fettuccia-in-hmpe\/#primaryimage"},"thumbnailUrl":"https:\/\/www.sestogrado.it\/wp-content\/uploads\/2023\/09\/100-sling.jpg","datePublished":"2023-09-20T08:03:30+00:00","dateModified":"2026-04-14T19:46:25+00:00","description":"La Fixe Roca 10 Sling Fosca \u00e8 un anello di fettuccia precucito in HMPE (High-Modulus Polyethylene) con una tenuta di 22kN e spessa solo 10mm.La combinazione dei materiali utilizzati nella fettuccia ne migliorano notevolmente la resistenza e la durata. La parte centrale della fettuccia, di colore nero, \u00e8 realizzata in HMPE (polietilene ad alta densit\u00e0), un materiale straordinariamente leggero e con un'elevata resistenza alla trazione. Entrambi i lati della fettuccia sono stati rinforzati con un profilo in poliammide, contraddistinto dal colore indicatore di lunghezza e noto per la sua elevata resistenza all'abrasione. Questa attenta scelta dei materiali ottimizza le prestazioni della fettuccia Fosca, rendendola estremamente leggera e resistente sia alla trazione che all'abrasione. Inoltre, la poliammide viene utilizzata anche nelle cuciture di sicurezza. Queste, sia sul bordo che sui lati, sono state rifinite per evitare che possano impigliarsi durante le manovre e durante le legature, con moschettoni, ecc. Sul lato della fettuccia \u00e8 cucito il logo distintivo Fixe per evitare attrito durante le manovre e i bordi dell'etichetta sono stati arrotondati.Consigliato per attivit\u00e0 in montagna ma anche spedizioni, alpinismo, arrampicata su ghiaccio e arrampicata classica.","breadcrumb":{"@id":"https:\/\/www.sestogrado.it\/it\/prodotto\/fixe-roca-10-sling-fosca-anello-di-fettuccia-in-hmpe\/#breadcrumb"},"inLanguage":"it-IT","potentialAction":[{"@type":"ReadAction","target":[["https:\/\/www.sestogrado.it\/it\/prodotto\/fixe-roca-10-sling-fosca-anello-di-fettuccia-in-hmpe\/"]]}]},{"@type":"ImageObject","inLanguage":"it-IT","@id":"https:\/\/www.sestogrado.it\/it\/prodotto\/fixe-roca-10-sling-fosca-anello-di-fettuccia-in-hmpe\/#primaryimage","url":"https:\/\/www.sestogrado.it\/wp-content\/uploads\/2023\/09\/100-sling.jpg","contentUrl":"https:\/\/www.sestogrado.it\/wp-content\/uploads\/2023\/09\/100-sling.jpg","width":800,"height":800,"caption":"fosca 10"},{"@type":"BreadcrumbList","@id":"https:\/\/www.sestogrado.it\/it\/prodotto\/fixe-roca-10-sling-fosca-anello-di-fettuccia-in-hmpe\/#breadcrumb","itemListElement":[{"@type":"ListItem","position":1,"name":"Home","item":"https:\/\/www.sestogrado.it\/it\/"},{"@type":"ListItem","position":2,"name":"Shop","item":"https:\/\/www.sestogrado.it\/it\/shop\/"},{"@type":"ListItem","position":3,"name":"Fixe Roca 10 Sling Fosca anello di fettuccia in HMPE"}]},{"@type":"WebSite","@id":"https:\/\/www.sestogrado.it\/it\/#website","url":"https:\/\/www.sestogrado.it\/it\/","name":"Sestogrado","description":"yes we climb","publisher":{"@id":"https:\/\/www.sestogrado.it\/it\/#organization"},"potentialAction":[{"@type":"SearchAction","target":{"@type":"EntryPoint","urlTemplate":"https:\/\/www.sestogrado.it\/it\/?s={search_term_string}"},"query-input":{"@type":"PropertyValueSpecification","valueRequired":true,"valueName":"search_term_string"}}],"inLanguage":"it-IT"},{"@type":"Organization","@id":"https:\/\/www.sestogrado.it\/it\/#organization","name":"Sestogrado","url":"https:\/\/www.sestogrado.it\/it\/","logo":{"@type":"ImageObject","inLanguage":"it-IT","@id":"https:\/\/www.sestogrado.it\/it\/#\/schema\/logo\/image\/","url":"https:\/\/www.sestogrado.it\/wp-content\/uploads\/2015\/03\/sestogrado-favicon.png","contentUrl":"https:\/\/www.sestogrado.it\/wp-content\/uploads\/2015\/03\/sestogrado-favicon.png","width":260,"height":260,"caption":"Sestogrado"},"image":{"@id":"https:\/\/www.sestogrado.it\/it\/#\/schema\/logo\/image\/"},"sameAs":["https:\/\/www.facebook.com\/pages\/Sestogrado\/1542635979353017?ref=bookmarks","https:\/\/www.youtube.com\/channel\/UC847kAfTkaJsWpc1jtQwr3Q"],"hasMerchantReturnPolicy":{"@type":"MerchantReturnPolicy","merchantReturnLink":"https:\/\/www.sestogrado.it\/it\/termini-e-condizioni\/"}}]},"product_brand":"Fixe","og_availability":"instock","product_availability":"instock","product_condition":"new"},"_links":{"self":[{"href":"https:\/\/www.sestogrado.it\/it\/wp-json\/wp\/v2\/product\/142238","targetHints":{"allow":["GET"]}}],"collection":[{"href":"https:\/\/www.sestogrado.it\/it\/wp-json\/wp\/v2\/product"}],"about":[{"href":"https:\/\/www.sestogrado.it\/it\/wp-json\/wp\/v2\/types\/product"}],"replies":[{"embeddable":true,"href":"https:\/\/www.sestogrado.it\/it\/wp-json\/wp\/v2\/comments?post=142238"}],"wp:featuredmedia":[{"embeddable":true,"href":"https:\/\/www.sestogrado.it\/it\/wp-json\/wp\/v2\/media\/142242"}],"wp:attachment":[{"href":"https:\/\/www.sestogrado.it\/it\/wp-json\/wp\/v2\/media?parent=142238"}],"wp:term":[{"taxonomy":"product_brand","embeddable":true,"href":"https:\/\/www.sestogrado.it\/it\/wp-json\/wp\/v2\/product_brand?post=142238"},{"taxonomy":"product_cat","embeddable":true,"href":"https:\/\/www.sestogrado.it\/it\/wp-json\/wp\/v2\/product_cat?post=142238"},{"taxonomy":"product_tag","embeddable":true,"href":"https:\/\/www.sestogrado.it\/it\/wp-json\/wp\/v2\/product_tag?post=142238"}],"curies":[{"name":"wp","href":"https:\/\/api.w.org\/{rel}","templated":true}]}}