{"id":14219,"date":"2017-11-30T11:26:15","date_gmt":"2017-11-30T10:26:15","guid":{"rendered":"https:\/\/www.sestogrado.it\/?post_type=product&#038;p=14219"},"modified":"2025-12-24T23:41:36","modified_gmt":"2025-12-24T22:41:36","slug":"idea-montagna-alpi-di-ghiaccio-vie-classiche-con-picche-e-ramponi","status":"publish","type":"product","link":"https:\/\/www.sestogrado.it\/it\/prodotto\/idea-montagna-alpi-di-ghiaccio-vie-classiche-con-picche-e-ramponi\/","title":{"rendered":"Idea Montagna Alpi di ghiaccio vie classiche con picche e ramponi"},"content":{"rendered":"<p>Alpi di Ghiaccio \u00e8 una guida che illustra,\u00a0con relazioni dettagliate, fotografie e tracce,\u00a0<b>105 vie di ghiaccio<\/b>\u00a0dal Monviso al Grossglockner, passando per Delfinato, Gran Paradiso, Monte Bianco, Gran Combin, Monte Rosa, Mischabel, Alpi Bernesi, Gruppo del Bernina, Alpi Orobie, Ortles-Cevedale, Adamello-Presanella, Zillertal, Dolomiti e Alti Tauri.<\/p>\n<p>Il ghiaccio ha sempre attratto gli alpinisti. I grandi scivoli, i profondi canaloni, le seraccate e le esili goulottes catturano lo sguardo con le loro forme eleganti e sembrano suggerire percorsi, linee di salita perfette tracciate dalla natura stessa.<\/p>\n<p>Alpi di Ghiaccio \u00e8 una scelta completa per un alpinismo emozionante per le classiche dell&#8217;arco alpino.<br \/>\nLe vie presentate comprendono le pi\u00f9 belle salite classiche su Monviso, Les Bans, Mont Pelvoux, Barre des \u00c9crins, Grande Ciamarella, Grande Casse, Becca di Monciair, Ciarforon, Gran Paradiso, Roccia Viva, Domes de Miage, Monte Bianco, Tour Ronde, Mont Blanc du Tacul, Aiguille du Midi, Grandes Jorasses, Aiguille Verte, Les Droites, Aiguille d\u2019Argenti\u00e8re, Combin de Valsorey, Breithorn Occidentale, Lyskamm Orientale, Lenzspitze, Allalinhorn, Fletschhorn, M\u00f6nch, Monte Disgrazia, Piz Roseg, Piz Bernina, Pizzo di Coca, Monte Cristallo, Ortles, Gran Zebr\u00f9, Punta San Matteo, Cima Presanella, Cima Brenta, Cima Tosa, Palla Bianca, Wildspitze, Marmolada, Grossglockner e molte altre cime.<\/p>\n<p>Sfoglia l&#8217;anteprima:<\/p>\n<p>https:\/\/www.slideshare.net\/IdeaMontagna\/alpi-di-ghiaccio<\/p>\n<p>&nbsp;<\/p>\n<p><b>L&#8217;autore:<\/b><\/p>\n<div id=\"col-news-list\">\n<div id=\"col-news-list-img\"><img decoding=\"async\" src=\"https:\/\/www.ideamontagna.it\/public\/img-autori\/marcoromelli.jpg\" alt=\"Marco Romelli\" width=\"90\" height=\"90\" border=\"0\" \/><\/div>\n<div id=\"col-news-list-txt\">\n<p><b>Marco Romelli<\/b><\/p>\n<p>Di origini lombarde, pratica l\u00b4alpinismo da un ventennio, concentrandosi principalmente sul massiccio del Monte Bianco, su cui ha pubblicato la guida &#8220;Monte Bianco Classico &amp; Plaisir&#8221; in due edizioni successive. Illustratore di testi tecnici e relazioni, la sua passione per la montagna non si esaurisce con l\u00b4arrampicata, a cui affianca il disegno e la fotografia nella ricerca costante di un\u00b4esperienza estetica completa. E&#8217; anche autore del Grande libro dei 4000, la guida alpinistica a tutti i 4000 delle Alpi.<\/p>\n<\/div>\n<\/div>\n<p><\/p>","protected":false},"excerpt":{"rendered":"<p>Alpi di Ghiaccio \u00e8 una guida che illustra,\u00a0con relazioni dettagliate, fotografie e tracce,\u00a0105 vie di ghiaccio\u00a0dal Monviso al Grossglockner, passando [&hellip;]<\/p>\n","protected":false},"featured_media":106485,"comment_status":"open","ping_status":"closed","template":"","meta":{"_acf_changed":false},"product_brand":[331],"product_cat":[98],"product_tag":[],"class_list":{"0":"post-14219","1":"product","2":"type-product","3":"status-publish","4":"has-post-thumbnail","6":"product_brand-idea-montagna","7":"product_cat-libri","9":"first","10":"instock","11":"taxable","12":"shipping-taxable","13":"purchasable","14":"product-type-simple"},"acf":[],"yoast_head":"<!-- This site is optimized with the Yoast SEO plugin v26.4 - https:\/\/yoast.com\/wordpress\/plugins\/seo\/ -->\n<title>Idea Montagna Alpi di ghiaccio vie classiche con picche e ramponi - Sestogrado<\/title>\n<meta name=\"description\" content=\"Alpi di Ghiaccio \u00e8 una guida che illustra,\u00a0con relazioni dettagliate, fotografie e tracce,\u00a0105 vie di ghiaccio\u00a0dal Monviso al Grossglockner.\" \/>\n<meta name=\"robots\" content=\"index, follow, max-snippet:-1, max-image-preview:large, max-video-preview:-1\" \/>\n<link rel=\"canonical\" href=\"https:\/\/www.sestogrado.it\/it\/prodotto\/idea-montagna-alpi-di-ghiaccio-vie-classiche-con-picche-e-ramponi\/\" \/>\n<meta property=\"og:locale\" content=\"it_IT\" \/>\n<meta property=\"og:type\" content=\"article\" \/>\n<meta property=\"og:title\" content=\"Idea Montagna Alpi di ghiaccio vie classiche con picche e ramponi - Sestogrado\" \/>\n<meta property=\"og:description\" content=\"Alpi di Ghiaccio \u00e8 una guida che illustra,\u00a0con relazioni dettagliate, fotografie e tracce,\u00a0105 vie di ghiaccio\u00a0dal Monviso al Grossglockner.\" \/>\n<meta property=\"og:url\" content=\"https:\/\/www.sestogrado.it\/it\/prodotto\/idea-montagna-alpi-di-ghiaccio-vie-classiche-con-picche-e-ramponi\/\" \/>\n<meta property=\"og:site_name\" content=\"Sestogrado\" \/>\n<meta property=\"article:publisher\" content=\"https:\/\/www.facebook.com\/pages\/Sestogrado\/1542635979353017?ref=bookmarks\" \/>\n<meta property=\"article:modified_time\" content=\"2025-12-24T22:41:36+00:00\" \/>\n<meta property=\"og:image\" content=\"https:\/\/www.sestogrado.it\/wp-content\/uploads\/2021\/08\/Alpi-di-ghiaccio.jpg\" \/>\n\t<meta property=\"og:image:width\" content=\"1300\" \/>\n\t<meta property=\"og:image:height\" content=\"1300\" \/>\n\t<meta property=\"og:image:type\" content=\"image\/jpeg\" \/>\n<meta name=\"twitter:label1\" content=\"Prezzo\" \/>\n\t<meta name=\"twitter:data1\" content=\"&euro;&nbsp;34,00\" \/>\n\t<meta name=\"twitter:label2\" content=\"Disponibilit\u00e0\" \/>\n\t<meta name=\"twitter:data2\" content=\"In stock\" \/>\n<script type=\"application\/ld+json\" class=\"yoast-schema-graph\">{\"@context\":\"https:\/\/schema.org\",\"@graph\":[{\"@type\":\"WebPage\",\"@id\":\"https:\/\/www.sestogrado.it\/it\/prodotto\/idea-montagna-alpi-di-ghiaccio-vie-classiche-con-picche-e-ramponi\/\",\"url\":\"https:\/\/www.sestogrado.it\/it\/prodotto\/idea-montagna-alpi-di-ghiaccio-vie-classiche-con-picche-e-ramponi\/\",\"name\":\"Idea Montagna Alpi di ghiaccio vie classiche con picche e ramponi - Sestogrado\",\"isPartOf\":{\"@id\":\"https:\/\/www.sestogrado.it\/it\/#website\"},\"primaryImageOfPage\":{\"@id\":\"https:\/\/www.sestogrado.it\/it\/prodotto\/idea-montagna-alpi-di-ghiaccio-vie-classiche-con-picche-e-ramponi\/#primaryimage\"},\"image\":{\"@id\":\"https:\/\/www.sestogrado.it\/prodotto\/idea-montagna-alpi-di-ghiaccio-vie-classiche-con-picche-e-ramponi\/#primaryimage\"},\"thumbnailUrl\":\"https:\/\/www.sestogrado.it\/wp-content\/uploads\/2021\/08\/Alpi-di-ghiaccio.jpg\",\"datePublished\":\"2017-11-30T10:26:15+00:00\",\"dateModified\":\"2025-12-24T22:41:36+00:00\",\"description\":\"Alpi di Ghiaccio \u00e8 una guida che illustra,\u00a0con relazioni dettagliate, fotografie e tracce,\u00a0105 vie di ghiaccio\u00a0dal Monviso al Grossglockner.\",\"breadcrumb\":{\"@id\":\"https:\/\/www.sestogrado.it\/it\/prodotto\/idea-montagna-alpi-di-ghiaccio-vie-classiche-con-picche-e-ramponi\/#breadcrumb\"},\"inLanguage\":\"it-IT\",\"potentialAction\":[{\"@type\":\"ReadAction\",\"target\":[[\"https:\/\/www.sestogrado.it\/it\/prodotto\/idea-montagna-alpi-di-ghiaccio-vie-classiche-con-picche-e-ramponi\/\"]]}]},{\"@type\":\"ImageObject\",\"inLanguage\":\"it-IT\",\"@id\":\"https:\/\/www.sestogrado.it\/it\/prodotto\/idea-montagna-alpi-di-ghiaccio-vie-classiche-con-picche-e-ramponi\/#primaryimage\",\"url\":\"https:\/\/www.sestogrado.it\/wp-content\/uploads\/2021\/08\/Alpi-di-ghiaccio.jpg\",\"contentUrl\":\"https:\/\/www.sestogrado.it\/wp-content\/uploads\/2021\/08\/Alpi-di-ghiaccio.jpg\",\"width\":1300,\"height\":1300,\"caption\":\"idea montagna alpi di ghiaccio\"},{\"@type\":\"BreadcrumbList\",\"@id\":\"https:\/\/www.sestogrado.it\/it\/prodotto\/idea-montagna-alpi-di-ghiaccio-vie-classiche-con-picche-e-ramponi\/#breadcrumb\",\"itemListElement\":[{\"@type\":\"ListItem\",\"position\":1,\"name\":\"Home\",\"item\":\"https:\/\/www.sestogrado.it\/it\/\"},{\"@type\":\"ListItem\",\"position\":2,\"name\":\"Shop\",\"item\":\"https:\/\/www.sestogrado.it\/it\/shop\/\"},{\"@type\":\"ListItem\",\"position\":3,\"name\":\"Idea Montagna Alpi di ghiaccio vie classiche con picche e ramponi\"}]},{\"@type\":\"WebSite\",\"@id\":\"https:\/\/www.sestogrado.it\/it\/#website\",\"url\":\"https:\/\/www.sestogrado.it\/it\/\",\"name\":\"Sestogrado\",\"description\":\"yes we climb\",\"publisher\":{\"@id\":\"https:\/\/www.sestogrado.it\/it\/#organization\"},\"potentialAction\":[{\"@type\":\"SearchAction\",\"target\":{\"@type\":\"EntryPoint\",\"urlTemplate\":\"https:\/\/www.sestogrado.it\/it\/?s={search_term_string}\"},\"query-input\":{\"@type\":\"PropertyValueSpecification\",\"valueRequired\":true,\"valueName\":\"search_term_string\"}}],\"inLanguage\":\"it-IT\"},{\"@type\":\"Organization\",\"@id\":\"https:\/\/www.sestogrado.it\/it\/#organization\",\"name\":\"Sestogrado\",\"url\":\"https:\/\/www.sestogrado.it\/it\/\",\"logo\":{\"@type\":\"ImageObject\",\"inLanguage\":\"it-IT\",\"@id\":\"https:\/\/www.sestogrado.it\/it\/#\/schema\/logo\/image\/\",\"url\":\"https:\/\/www.sestogrado.it\/wp-content\/uploads\/2015\/03\/sestogrado-favicon.png\",\"contentUrl\":\"https:\/\/www.sestogrado.it\/wp-content\/uploads\/2015\/03\/sestogrado-favicon.png\",\"width\":260,\"height\":260,\"caption\":\"Sestogrado\"},\"image\":{\"@id\":\"https:\/\/www.sestogrado.it\/it\/#\/schema\/logo\/image\/\"},\"sameAs\":[\"https:\/\/www.facebook.com\/pages\/Sestogrado\/1542635979353017?ref=bookmarks\",\"https:\/\/www.youtube.com\/channel\/UC847kAfTkaJsWpc1jtQwr3Q\"],\"hasMerchantReturnPolicy\":{\"@type\":\"MerchantReturnPolicy\",\"merchantReturnLink\":\"https:\/\/www.sestogrado.it\/it\/termini-e-condizioni\/\"}}]}<\/script>\n<meta property=\"product:brand\" content=\"Idea Montagna\" \/>\n<meta property=\"product:price:amount\" content=\"34.00\" \/>\n<meta property=\"product:price:currency\" content=\"EUR\" \/>\n<meta property=\"og:availability\" content=\"instock\" \/>\n<meta property=\"product:availability\" content=\"instock\" \/>\n<meta property=\"product:condition\" content=\"new\" \/>\n<!-- \/ Yoast SEO plugin. -->","yoast_head_json":{"title":"Idea Montagna Alpi di ghiaccio vie classiche con picche e ramponi - Sestogrado","description":"Alpi di Ghiaccio \u00e8 una guida che illustra,\u00a0con relazioni dettagliate, fotografie e tracce,\u00a0105 vie di ghiaccio\u00a0dal Monviso al Grossglockner.","robots":{"index":"index","follow":"follow","max-snippet":"max-snippet:-1","max-image-preview":"max-image-preview:large","max-video-preview":"max-video-preview:-1"},"canonical":"https:\/\/www.sestogrado.it\/it\/prodotto\/idea-montagna-alpi-di-ghiaccio-vie-classiche-con-picche-e-ramponi\/","og_locale":"it_IT","og_type":"article","og_title":"Idea Montagna Alpi di ghiaccio vie classiche con picche e ramponi - Sestogrado","og_description":"Alpi di Ghiaccio \u00e8 una guida che illustra,\u00a0con relazioni dettagliate, fotografie e tracce,\u00a0105 vie di ghiaccio\u00a0dal Monviso al Grossglockner.","og_url":"https:\/\/www.sestogrado.it\/it\/prodotto\/idea-montagna-alpi-di-ghiaccio-vie-classiche-con-picche-e-ramponi\/","og_site_name":"Sestogrado","article_publisher":"https:\/\/www.facebook.com\/pages\/Sestogrado\/1542635979353017?ref=bookmarks","article_modified_time":"2025-12-24T22:41:36+00:00","og_image":[{"width":1300,"height":1300,"url":"https:\/\/www.sestogrado.it\/wp-content\/uploads\/2021\/08\/Alpi-di-ghiaccio.jpg","type":"image\/jpeg"}],"twitter_misc":{"Prezzo":"&euro;&nbsp;34,00","Disponibilit\u00e0":"In stock"},"schema":{"@context":"https:\/\/schema.org","@graph":[{"@type":"WebPage","@id":"https:\/\/www.sestogrado.it\/it\/prodotto\/idea-montagna-alpi-di-ghiaccio-vie-classiche-con-picche-e-ramponi\/","url":"https:\/\/www.sestogrado.it\/it\/prodotto\/idea-montagna-alpi-di-ghiaccio-vie-classiche-con-picche-e-ramponi\/","name":"Idea Montagna Alpi di ghiaccio vie classiche con picche e ramponi - Sestogrado","isPartOf":{"@id":"https:\/\/www.sestogrado.it\/it\/#website"},"primaryImageOfPage":{"@id":"https:\/\/www.sestogrado.it\/it\/prodotto\/idea-montagna-alpi-di-ghiaccio-vie-classiche-con-picche-e-ramponi\/#primaryimage"},"image":{"@id":"https:\/\/www.sestogrado.it\/prodotto\/idea-montagna-alpi-di-ghiaccio-vie-classiche-con-picche-e-ramponi\/#primaryimage"},"thumbnailUrl":"https:\/\/www.sestogrado.it\/wp-content\/uploads\/2021\/08\/Alpi-di-ghiaccio.jpg","datePublished":"2017-11-30T10:26:15+00:00","dateModified":"2025-12-24T22:41:36+00:00","description":"Alpi di Ghiaccio \u00e8 una guida che illustra,\u00a0con relazioni dettagliate, fotografie e tracce,\u00a0105 vie di ghiaccio\u00a0dal Monviso al Grossglockner.","breadcrumb":{"@id":"https:\/\/www.sestogrado.it\/it\/prodotto\/idea-montagna-alpi-di-ghiaccio-vie-classiche-con-picche-e-ramponi\/#breadcrumb"},"inLanguage":"it-IT","potentialAction":[{"@type":"ReadAction","target":[["https:\/\/www.sestogrado.it\/it\/prodotto\/idea-montagna-alpi-di-ghiaccio-vie-classiche-con-picche-e-ramponi\/"]]}]},{"@type":"ImageObject","inLanguage":"it-IT","@id":"https:\/\/www.sestogrado.it\/it\/prodotto\/idea-montagna-alpi-di-ghiaccio-vie-classiche-con-picche-e-ramponi\/#primaryimage","url":"https:\/\/www.sestogrado.it\/wp-content\/uploads\/2021\/08\/Alpi-di-ghiaccio.jpg","contentUrl":"https:\/\/www.sestogrado.it\/wp-content\/uploads\/2021\/08\/Alpi-di-ghiaccio.jpg","width":1300,"height":1300,"caption":"idea montagna alpi di ghiaccio"},{"@type":"BreadcrumbList","@id":"https:\/\/www.sestogrado.it\/it\/prodotto\/idea-montagna-alpi-di-ghiaccio-vie-classiche-con-picche-e-ramponi\/#breadcrumb","itemListElement":[{"@type":"ListItem","position":1,"name":"Home","item":"https:\/\/www.sestogrado.it\/it\/"},{"@type":"ListItem","position":2,"name":"Shop","item":"https:\/\/www.sestogrado.it\/it\/shop\/"},{"@type":"ListItem","position":3,"name":"Idea Montagna Alpi di ghiaccio vie classiche con picche e ramponi"}]},{"@type":"WebSite","@id":"https:\/\/www.sestogrado.it\/it\/#website","url":"https:\/\/www.sestogrado.it\/it\/","name":"Sestogrado","description":"yes we climb","publisher":{"@id":"https:\/\/www.sestogrado.it\/it\/#organization"},"potentialAction":[{"@type":"SearchAction","target":{"@type":"EntryPoint","urlTemplate":"https:\/\/www.sestogrado.it\/it\/?s={search_term_string}"},"query-input":{"@type":"PropertyValueSpecification","valueRequired":true,"valueName":"search_term_string"}}],"inLanguage":"it-IT"},{"@type":"Organization","@id":"https:\/\/www.sestogrado.it\/it\/#organization","name":"Sestogrado","url":"https:\/\/www.sestogrado.it\/it\/","logo":{"@type":"ImageObject","inLanguage":"it-IT","@id":"https:\/\/www.sestogrado.it\/it\/#\/schema\/logo\/image\/","url":"https:\/\/www.sestogrado.it\/wp-content\/uploads\/2015\/03\/sestogrado-favicon.png","contentUrl":"https:\/\/www.sestogrado.it\/wp-content\/uploads\/2015\/03\/sestogrado-favicon.png","width":260,"height":260,"caption":"Sestogrado"},"image":{"@id":"https:\/\/www.sestogrado.it\/it\/#\/schema\/logo\/image\/"},"sameAs":["https:\/\/www.facebook.com\/pages\/Sestogrado\/1542635979353017?ref=bookmarks","https:\/\/www.youtube.com\/channel\/UC847kAfTkaJsWpc1jtQwr3Q"],"hasMerchantReturnPolicy":{"@type":"MerchantReturnPolicy","merchantReturnLink":"https:\/\/www.sestogrado.it\/it\/termini-e-condizioni\/"}}]},"product_brand":"Idea Montagna","product_price_amount":"34.00","product_price_currency":"EUR","og_availability":"instock","product_availability":"instock","product_condition":"new"},"_links":{"self":[{"href":"https:\/\/www.sestogrado.it\/it\/wp-json\/wp\/v2\/product\/14219","targetHints":{"allow":["GET"]}}],"collection":[{"href":"https:\/\/www.sestogrado.it\/it\/wp-json\/wp\/v2\/product"}],"about":[{"href":"https:\/\/www.sestogrado.it\/it\/wp-json\/wp\/v2\/types\/product"}],"replies":[{"embeddable":true,"href":"https:\/\/www.sestogrado.it\/it\/wp-json\/wp\/v2\/comments?post=14219"}],"wp:featuredmedia":[{"embeddable":true,"href":"https:\/\/www.sestogrado.it\/it\/wp-json\/wp\/v2\/media\/106485"}],"wp:attachment":[{"href":"https:\/\/www.sestogrado.it\/it\/wp-json\/wp\/v2\/media?parent=14219"}],"wp:term":[{"taxonomy":"product_brand","embeddable":true,"href":"https:\/\/www.sestogrado.it\/it\/wp-json\/wp\/v2\/product_brand?post=14219"},{"taxonomy":"product_cat","embeddable":true,"href":"https:\/\/www.sestogrado.it\/it\/wp-json\/wp\/v2\/product_cat?post=14219"},{"taxonomy":"product_tag","embeddable":true,"href":"https:\/\/www.sestogrado.it\/it\/wp-json\/wp\/v2\/product_tag?post=14219"}],"curies":[{"name":"wp","href":"https:\/\/api.w.org\/{rel}","templated":true}]}}