{"id":141943,"date":"2023-10-04T13:29:23","date_gmt":"2023-10-04T11:29:23","guid":{"rendered":"https:\/\/www.sestogrado.it\/?post_type=product&#038;p=141943"},"modified":"2026-05-13T11:43:18","modified_gmt":"2026-05-13T09:43:18","slug":"grivel-levante-imbrago-per-alpinismo","status":"publish","type":"product","link":"https:\/\/www.sestogrado.it\/it\/prodotto\/grivel-levante-imbrago-per-alpinismo\/","title":{"rendered":"Grivel Levante imbrago per alpinismo e ghiaccio"},"content":{"rendered":"<p>Il Grivel Levante \u00e8 un&#8217;imbracatura leggera e super tecnica, ad una fibbia, per l&#8217;alpinismo e l&#8217;arrampicata su ghiaccio che combina tecnologia e comfort con leggerezza.<\/p>\n<p>Il Levante \u00e8 costruita con il tessuto per vele X-tech di Dimension-Polyant, che \u00e8 intrinsecamente impermeabile e incredibilmente resistente: un elevato numero di imbottitura garantisce la stabilit\u00e0 del tessuto e ne aumenta la resistenza e la durata. Il tessuto aramidico ridurr\u00e0 l&#8217;arricciamento e quindi migliorer\u00e0 il comfort.<br \/>\nLa cintura ha una forma ergonomica realizzata con imbottitura incisa risvoltata con rivestimento interno in tessuto a rete 3D che garantisce comfort e vestibilit\u00e0 extra. I gambali sono comodi grazie al tessuto a rete 3D. Questa imbracatura \u00e8 dotata di cinque porta materiali, due slot per portamateriali e due porta chiodi da ghiaccio. I punti di ancoraggio rinforzati sono progettati per fornire una resistenza duratura all&#8217;attrito della fune.<\/p>\n<ul>\n<li>Attivit\u00e0: alpinismo \/ arrampicata su ghiaccio<\/li>\n<li>Materiali\/costruzione\/tecnologie: tessuto X-Tech di Dimension-Polyant, fettuccia, mesh 3D<\/li>\n<li>Certificazioni: CE EN 12277 tipo C<\/li>\n<li>Peso: 204 g &#8211; 7 once (S)\/ 214 g &#8211; 7,5 once (M)\/ 224 g &#8211; 7,9 once (L)\/ 234 g &#8211; 8,2 once (XL)<\/li>\n<\/ul>\n<p>&nbsp;<\/p>\n<p>Nata nel 1818 a Courmayeur, la Grivel \u00e8 un\u2019azienda italiana che produce attrezzature ed equipaggiamenti per alpinismo, arrampicata ed outdoor esportando in 26 paesi.\u00a0\u00a0L\u2019azienda ha ottenuto la certificazione GS T\u00dcV dal 1992, ISO 9001 dal 1996, ISO 1400 dal 2004.\u00a0L\u2019obiettivo di\u00a0Grivel \u00e8 di facilitare la vita agli alpinisti e agli amanti della montagna\u00a0con prodotti tecnologicamente avanzati.<\/p>","protected":false},"excerpt":{"rendered":"<p>Il Grivel Levante \u00e8 un&#8217;imbracatura leggera e super tecnica, ad una fibbia, per l&#8217;alpinismo e l&#8217;arrampicata su ghiaccio che combina [&hellip;]<\/p>\n","protected":false},"featured_media":141949,"comment_status":"open","ping_status":"closed","template":"","meta":{"_acf_changed":false},"product_brand":[126],"product_cat":[183],"product_tag":[],"class_list":{"0":"post-141943","1":"product","2":"type-product","3":"status-publish","4":"has-post-thumbnail","6":"product_brand-grivel","7":"product_cat-alpinismo","9":"first","10":"instock","11":"sale","12":"taxable","13":"shipping-taxable","14":"purchasable","15":"product-type-variable"},"acf":[],"yoast_head":"<!-- This site is optimized with the Yoast SEO plugin v26.4 - https:\/\/yoast.com\/wordpress\/plugins\/seo\/ -->\n<title>Grivel Levante imbrago per alpinismo e ghiaccio - Sestogrado<\/title>\n<meta name=\"description\" content=\"Il Grivel Levante \u00e8 un&#039;imbracatura leggera e super tecnica, ad una fibbia, per l&#039;alpinismo e l&#039;arrampicata su ghiaccio che combina tecnologia e comfort con leggerezza.Il Levante \u00e8 costruita con il tessuto per vele X-tech di Dimension-Polyant, che \u00e8 intrinsecamente impermeabile e incredibilmente resistente: un elevato numero di imbottitura garantisce la stabilit\u00e0 del tessuto e ne aumenta la resistenza e la durata. Il tessuto aramidico ridurr\u00e0 l&#039;arricciamento e quindi migliorer\u00e0 il comfort.La cintura ha una forma ergonomica realizzata con imbottitura incisa risvoltata con rivestimento interno in tessuto a rete 3D che garantisce comfort e vestibilit\u00e0 extra. I gambali sono comodi grazie al tessuto a rete 3D. Questa imbracatura \u00e8 dotata di cinque porta materiali, due slot per portamateriali e due porta chiodi da ghiaccio. I punti di ancoraggio rinforzati sono progettati per fornire una resistenza duratura all&#039;attrito della fune.\" \/>\n<meta name=\"robots\" content=\"index, follow, max-snippet:-1, max-image-preview:large, max-video-preview:-1\" \/>\n<link rel=\"canonical\" href=\"https:\/\/www.sestogrado.it\/it\/prodotto\/grivel-levante-imbrago-per-alpinismo\/\" \/>\n<meta property=\"og:locale\" content=\"it_IT\" \/>\n<meta property=\"og:type\" content=\"article\" \/>\n<meta property=\"og:title\" content=\"Grivel Levante imbrago per alpinismo e ghiaccio - Sestogrado\" \/>\n<meta property=\"og:description\" content=\"Il Grivel Levante \u00e8 un&#039;imbracatura leggera e super tecnica, ad una fibbia, per l&#039;alpinismo e l&#039;arrampicata su ghiaccio che combina tecnologia e comfort con leggerezza.Il Levante \u00e8 costruita con il tessuto per vele X-tech di Dimension-Polyant, che \u00e8 intrinsecamente impermeabile e incredibilmente resistente: un elevato numero di imbottitura garantisce la stabilit\u00e0 del tessuto e ne aumenta la resistenza e la durata. Il tessuto aramidico ridurr\u00e0 l&#039;arricciamento e quindi migliorer\u00e0 il comfort.La cintura ha una forma ergonomica realizzata con imbottitura incisa risvoltata con rivestimento interno in tessuto a rete 3D che garantisce comfort e vestibilit\u00e0 extra. I gambali sono comodi grazie al tessuto a rete 3D. Questa imbracatura \u00e8 dotata di cinque porta materiali, due slot per portamateriali e due porta chiodi da ghiaccio. I punti di ancoraggio rinforzati sono progettati per fornire una resistenza duratura all&#039;attrito della fune.\" \/>\n<meta property=\"og:url\" content=\"https:\/\/www.sestogrado.it\/it\/prodotto\/grivel-levante-imbrago-per-alpinismo\/\" \/>\n<meta property=\"og:site_name\" content=\"Sestogrado\" \/>\n<meta property=\"article:publisher\" content=\"https:\/\/www.facebook.com\/pages\/Sestogrado\/1542635979353017?ref=bookmarks\" \/>\n<meta property=\"article:modified_time\" content=\"2026-05-13T09:43:18+00:00\" \/>\n<meta property=\"og:image\" content=\"https:\/\/www.sestogrado.it\/wp-content\/uploads\/2023\/09\/01-levante.jpg\" \/>\n\t<meta property=\"og:image:width\" content=\"2000\" \/>\n\t<meta property=\"og:image:height\" content=\"2000\" \/>\n\t<meta property=\"og:image:type\" content=\"image\/jpeg\" \/>\n<meta name=\"twitter:label1\" content=\"Disponibilit\u00e0\" \/>\n\t<meta name=\"twitter:data1\" content=\"In stock\" \/>\n<script type=\"application\/ld+json\" class=\"yoast-schema-graph\">{\"@context\":\"https:\/\/schema.org\",\"@graph\":[{\"@type\":\"WebPage\",\"@id\":\"https:\/\/www.sestogrado.it\/it\/prodotto\/grivel-levante-imbrago-per-alpinismo\/\",\"url\":\"https:\/\/www.sestogrado.it\/it\/prodotto\/grivel-levante-imbrago-per-alpinismo\/\",\"name\":\"Grivel Levante imbrago per alpinismo e ghiaccio - Sestogrado\",\"isPartOf\":{\"@id\":\"https:\/\/www.sestogrado.it\/it\/#website\"},\"primaryImageOfPage\":{\"@id\":\"https:\/\/www.sestogrado.it\/it\/prodotto\/grivel-levante-imbrago-per-alpinismo\/#primaryimage\"},\"image\":{\"@id\":\"https:\/\/www.sestogrado.it\/prodotto\/grivel-levante-imbrago-per-alpinismo\/#primaryimage\"},\"thumbnailUrl\":\"https:\/\/www.sestogrado.it\/wp-content\/uploads\/2023\/09\/01-levante.jpg\",\"datePublished\":\"2023-10-04T11:29:23+00:00\",\"dateModified\":\"2026-05-13T09:43:18+00:00\",\"description\":\"Il Grivel Levante \u00e8 un'imbracatura leggera e super tecnica, ad una fibbia, per l'alpinismo e l'arrampicata su ghiaccio che combina tecnologia e comfort con leggerezza.Il Levante \u00e8 costruita con il tessuto per vele X-tech di Dimension-Polyant, che \u00e8 intrinsecamente impermeabile e incredibilmente resistente: un elevato numero di imbottitura garantisce la stabilit\u00e0 del tessuto e ne aumenta la resistenza e la durata. Il tessuto aramidico ridurr\u00e0 l'arricciamento e quindi migliorer\u00e0 il comfort.La cintura ha una forma ergonomica realizzata con imbottitura incisa risvoltata con rivestimento interno in tessuto a rete 3D che garantisce comfort e vestibilit\u00e0 extra. I gambali sono comodi grazie al tessuto a rete 3D. Questa imbracatura \u00e8 dotata di cinque porta materiali, due slot per portamateriali e due porta chiodi da ghiaccio. I punti di ancoraggio rinforzati sono progettati per fornire una resistenza duratura all'attrito della fune.\",\"breadcrumb\":{\"@id\":\"https:\/\/www.sestogrado.it\/it\/prodotto\/grivel-levante-imbrago-per-alpinismo\/#breadcrumb\"},\"inLanguage\":\"it-IT\",\"potentialAction\":[{\"@type\":\"ReadAction\",\"target\":[[\"https:\/\/www.sestogrado.it\/it\/prodotto\/grivel-levante-imbrago-per-alpinismo\/\"]]}]},{\"@type\":\"ImageObject\",\"inLanguage\":\"it-IT\",\"@id\":\"https:\/\/www.sestogrado.it\/it\/prodotto\/grivel-levante-imbrago-per-alpinismo\/#primaryimage\",\"url\":\"https:\/\/www.sestogrado.it\/wp-content\/uploads\/2023\/09\/01-levante.jpg\",\"contentUrl\":\"https:\/\/www.sestogrado.it\/wp-content\/uploads\/2023\/09\/01-levante.jpg\",\"width\":2000,\"height\":2000,\"caption\":\"grivel levante\"},{\"@type\":\"BreadcrumbList\",\"@id\":\"https:\/\/www.sestogrado.it\/it\/prodotto\/grivel-levante-imbrago-per-alpinismo\/#breadcrumb\",\"itemListElement\":[{\"@type\":\"ListItem\",\"position\":1,\"name\":\"Home\",\"item\":\"https:\/\/www.sestogrado.it\/it\/\"},{\"@type\":\"ListItem\",\"position\":2,\"name\":\"Shop\",\"item\":\"https:\/\/www.sestogrado.it\/it\/shop\/\"},{\"@type\":\"ListItem\",\"position\":3,\"name\":\"Grivel Levante imbrago per alpinismo e ghiaccio\"}]},{\"@type\":\"WebSite\",\"@id\":\"https:\/\/www.sestogrado.it\/it\/#website\",\"url\":\"https:\/\/www.sestogrado.it\/it\/\",\"name\":\"Sestogrado\",\"description\":\"yes we climb\",\"publisher\":{\"@id\":\"https:\/\/www.sestogrado.it\/it\/#organization\"},\"potentialAction\":[{\"@type\":\"SearchAction\",\"target\":{\"@type\":\"EntryPoint\",\"urlTemplate\":\"https:\/\/www.sestogrado.it\/it\/?s={search_term_string}\"},\"query-input\":{\"@type\":\"PropertyValueSpecification\",\"valueRequired\":true,\"valueName\":\"search_term_string\"}}],\"inLanguage\":\"it-IT\"},{\"@type\":\"Organization\",\"@id\":\"https:\/\/www.sestogrado.it\/it\/#organization\",\"name\":\"Sestogrado\",\"url\":\"https:\/\/www.sestogrado.it\/it\/\",\"logo\":{\"@type\":\"ImageObject\",\"inLanguage\":\"it-IT\",\"@id\":\"https:\/\/www.sestogrado.it\/it\/#\/schema\/logo\/image\/\",\"url\":\"https:\/\/www.sestogrado.it\/wp-content\/uploads\/2015\/03\/sestogrado-favicon.png\",\"contentUrl\":\"https:\/\/www.sestogrado.it\/wp-content\/uploads\/2015\/03\/sestogrado-favicon.png\",\"width\":260,\"height\":260,\"caption\":\"Sestogrado\"},\"image\":{\"@id\":\"https:\/\/www.sestogrado.it\/it\/#\/schema\/logo\/image\/\"},\"sameAs\":[\"https:\/\/www.facebook.com\/pages\/Sestogrado\/1542635979353017?ref=bookmarks\",\"https:\/\/www.youtube.com\/channel\/UC847kAfTkaJsWpc1jtQwr3Q\"],\"hasMerchantReturnPolicy\":{\"@type\":\"MerchantReturnPolicy\",\"merchantReturnLink\":\"https:\/\/www.sestogrado.it\/it\/termini-e-condizioni\/\"}}]}<\/script>\n<meta property=\"product:brand\" content=\"Grivel\" \/>\n<meta property=\"og:availability\" content=\"instock\" \/>\n<meta property=\"product:availability\" content=\"instock\" \/>\n<meta property=\"product:condition\" content=\"new\" \/>\n<!-- \/ Yoast SEO plugin. -->","yoast_head_json":{"title":"Grivel Levante imbrago per alpinismo e ghiaccio - Sestogrado","description":"Il Grivel Levante \u00e8 un'imbracatura leggera e super tecnica, ad una fibbia, per l'alpinismo e l'arrampicata su ghiaccio che combina tecnologia e comfort con leggerezza.Il Levante \u00e8 costruita con il tessuto per vele X-tech di Dimension-Polyant, che \u00e8 intrinsecamente impermeabile e incredibilmente resistente: un elevato numero di imbottitura garantisce la stabilit\u00e0 del tessuto e ne aumenta la resistenza e la durata. Il tessuto aramidico ridurr\u00e0 l'arricciamento e quindi migliorer\u00e0 il comfort.La cintura ha una forma ergonomica realizzata con imbottitura incisa risvoltata con rivestimento interno in tessuto a rete 3D che garantisce comfort e vestibilit\u00e0 extra. I gambali sono comodi grazie al tessuto a rete 3D. Questa imbracatura \u00e8 dotata di cinque porta materiali, due slot per portamateriali e due porta chiodi da ghiaccio. I punti di ancoraggio rinforzati sono progettati per fornire una resistenza duratura all'attrito della fune.","robots":{"index":"index","follow":"follow","max-snippet":"max-snippet:-1","max-image-preview":"max-image-preview:large","max-video-preview":"max-video-preview:-1"},"canonical":"https:\/\/www.sestogrado.it\/it\/prodotto\/grivel-levante-imbrago-per-alpinismo\/","og_locale":"it_IT","og_type":"article","og_title":"Grivel Levante imbrago per alpinismo e ghiaccio - Sestogrado","og_description":"Il Grivel Levante \u00e8 un'imbracatura leggera e super tecnica, ad una fibbia, per l'alpinismo e l'arrampicata su ghiaccio che combina tecnologia e comfort con leggerezza.Il Levante \u00e8 costruita con il tessuto per vele X-tech di Dimension-Polyant, che \u00e8 intrinsecamente impermeabile e incredibilmente resistente: un elevato numero di imbottitura garantisce la stabilit\u00e0 del tessuto e ne aumenta la resistenza e la durata. Il tessuto aramidico ridurr\u00e0 l'arricciamento e quindi migliorer\u00e0 il comfort.La cintura ha una forma ergonomica realizzata con imbottitura incisa risvoltata con rivestimento interno in tessuto a rete 3D che garantisce comfort e vestibilit\u00e0 extra. I gambali sono comodi grazie al tessuto a rete 3D. Questa imbracatura \u00e8 dotata di cinque porta materiali, due slot per portamateriali e due porta chiodi da ghiaccio. I punti di ancoraggio rinforzati sono progettati per fornire una resistenza duratura all'attrito della fune.","og_url":"https:\/\/www.sestogrado.it\/it\/prodotto\/grivel-levante-imbrago-per-alpinismo\/","og_site_name":"Sestogrado","article_publisher":"https:\/\/www.facebook.com\/pages\/Sestogrado\/1542635979353017?ref=bookmarks","article_modified_time":"2026-05-13T09:43:18+00:00","og_image":[{"width":2000,"height":2000,"url":"https:\/\/www.sestogrado.it\/wp-content\/uploads\/2023\/09\/01-levante.jpg","type":"image\/jpeg"}],"twitter_misc":{"Disponibilit\u00e0":"In stock"},"schema":{"@context":"https:\/\/schema.org","@graph":[{"@type":"WebPage","@id":"https:\/\/www.sestogrado.it\/it\/prodotto\/grivel-levante-imbrago-per-alpinismo\/","url":"https:\/\/www.sestogrado.it\/it\/prodotto\/grivel-levante-imbrago-per-alpinismo\/","name":"Grivel Levante imbrago per alpinismo e ghiaccio - Sestogrado","isPartOf":{"@id":"https:\/\/www.sestogrado.it\/it\/#website"},"primaryImageOfPage":{"@id":"https:\/\/www.sestogrado.it\/it\/prodotto\/grivel-levante-imbrago-per-alpinismo\/#primaryimage"},"image":{"@id":"https:\/\/www.sestogrado.it\/prodotto\/grivel-levante-imbrago-per-alpinismo\/#primaryimage"},"thumbnailUrl":"https:\/\/www.sestogrado.it\/wp-content\/uploads\/2023\/09\/01-levante.jpg","datePublished":"2023-10-04T11:29:23+00:00","dateModified":"2026-05-13T09:43:18+00:00","description":"Il Grivel Levante \u00e8 un'imbracatura leggera e super tecnica, ad una fibbia, per l'alpinismo e l'arrampicata su ghiaccio che combina tecnologia e comfort con leggerezza.Il Levante \u00e8 costruita con il tessuto per vele X-tech di Dimension-Polyant, che \u00e8 intrinsecamente impermeabile e incredibilmente resistente: un elevato numero di imbottitura garantisce la stabilit\u00e0 del tessuto e ne aumenta la resistenza e la durata. Il tessuto aramidico ridurr\u00e0 l'arricciamento e quindi migliorer\u00e0 il comfort.La cintura ha una forma ergonomica realizzata con imbottitura incisa risvoltata con rivestimento interno in tessuto a rete 3D che garantisce comfort e vestibilit\u00e0 extra. I gambali sono comodi grazie al tessuto a rete 3D. Questa imbracatura \u00e8 dotata di cinque porta materiali, due slot per portamateriali e due porta chiodi da ghiaccio. I punti di ancoraggio rinforzati sono progettati per fornire una resistenza duratura all'attrito della fune.","breadcrumb":{"@id":"https:\/\/www.sestogrado.it\/it\/prodotto\/grivel-levante-imbrago-per-alpinismo\/#breadcrumb"},"inLanguage":"it-IT","potentialAction":[{"@type":"ReadAction","target":[["https:\/\/www.sestogrado.it\/it\/prodotto\/grivel-levante-imbrago-per-alpinismo\/"]]}]},{"@type":"ImageObject","inLanguage":"it-IT","@id":"https:\/\/www.sestogrado.it\/it\/prodotto\/grivel-levante-imbrago-per-alpinismo\/#primaryimage","url":"https:\/\/www.sestogrado.it\/wp-content\/uploads\/2023\/09\/01-levante.jpg","contentUrl":"https:\/\/www.sestogrado.it\/wp-content\/uploads\/2023\/09\/01-levante.jpg","width":2000,"height":2000,"caption":"grivel levante"},{"@type":"BreadcrumbList","@id":"https:\/\/www.sestogrado.it\/it\/prodotto\/grivel-levante-imbrago-per-alpinismo\/#breadcrumb","itemListElement":[{"@type":"ListItem","position":1,"name":"Home","item":"https:\/\/www.sestogrado.it\/it\/"},{"@type":"ListItem","position":2,"name":"Shop","item":"https:\/\/www.sestogrado.it\/it\/shop\/"},{"@type":"ListItem","position":3,"name":"Grivel Levante imbrago per alpinismo e ghiaccio"}]},{"@type":"WebSite","@id":"https:\/\/www.sestogrado.it\/it\/#website","url":"https:\/\/www.sestogrado.it\/it\/","name":"Sestogrado","description":"yes we climb","publisher":{"@id":"https:\/\/www.sestogrado.it\/it\/#organization"},"potentialAction":[{"@type":"SearchAction","target":{"@type":"EntryPoint","urlTemplate":"https:\/\/www.sestogrado.it\/it\/?s={search_term_string}"},"query-input":{"@type":"PropertyValueSpecification","valueRequired":true,"valueName":"search_term_string"}}],"inLanguage":"it-IT"},{"@type":"Organization","@id":"https:\/\/www.sestogrado.it\/it\/#organization","name":"Sestogrado","url":"https:\/\/www.sestogrado.it\/it\/","logo":{"@type":"ImageObject","inLanguage":"it-IT","@id":"https:\/\/www.sestogrado.it\/it\/#\/schema\/logo\/image\/","url":"https:\/\/www.sestogrado.it\/wp-content\/uploads\/2015\/03\/sestogrado-favicon.png","contentUrl":"https:\/\/www.sestogrado.it\/wp-content\/uploads\/2015\/03\/sestogrado-favicon.png","width":260,"height":260,"caption":"Sestogrado"},"image":{"@id":"https:\/\/www.sestogrado.it\/it\/#\/schema\/logo\/image\/"},"sameAs":["https:\/\/www.facebook.com\/pages\/Sestogrado\/1542635979353017?ref=bookmarks","https:\/\/www.youtube.com\/channel\/UC847kAfTkaJsWpc1jtQwr3Q"],"hasMerchantReturnPolicy":{"@type":"MerchantReturnPolicy","merchantReturnLink":"https:\/\/www.sestogrado.it\/it\/termini-e-condizioni\/"}}]},"product_brand":"Grivel","og_availability":"instock","product_availability":"instock","product_condition":"new"},"_links":{"self":[{"href":"https:\/\/www.sestogrado.it\/it\/wp-json\/wp\/v2\/product\/141943","targetHints":{"allow":["GET"]}}],"collection":[{"href":"https:\/\/www.sestogrado.it\/it\/wp-json\/wp\/v2\/product"}],"about":[{"href":"https:\/\/www.sestogrado.it\/it\/wp-json\/wp\/v2\/types\/product"}],"replies":[{"embeddable":true,"href":"https:\/\/www.sestogrado.it\/it\/wp-json\/wp\/v2\/comments?post=141943"}],"wp:featuredmedia":[{"embeddable":true,"href":"https:\/\/www.sestogrado.it\/it\/wp-json\/wp\/v2\/media\/141949"}],"wp:attachment":[{"href":"https:\/\/www.sestogrado.it\/it\/wp-json\/wp\/v2\/media?parent=141943"}],"wp:term":[{"taxonomy":"product_brand","embeddable":true,"href":"https:\/\/www.sestogrado.it\/it\/wp-json\/wp\/v2\/product_brand?post=141943"},{"taxonomy":"product_cat","embeddable":true,"href":"https:\/\/www.sestogrado.it\/it\/wp-json\/wp\/v2\/product_cat?post=141943"},{"taxonomy":"product_tag","embeddable":true,"href":"https:\/\/www.sestogrado.it\/it\/wp-json\/wp\/v2\/product_tag?post=141943"}],"curies":[{"name":"wp","href":"https:\/\/api.w.org\/{rel}","templated":true}]}}