{"id":141930,"date":"2023-09-18T09:40:50","date_gmt":"2023-09-18T07:40:50","guid":{"rendered":"https:\/\/www.sestogrado.it\/?post_type=product&#038;p=141930"},"modified":"2026-04-14T12:20:35","modified_gmt":"2026-04-14T10:20:35","slug":"fixe-roca-oliana-9-2-corda-a-tripla-omologazione","status":"publish","type":"product","link":"https:\/\/www.sestogrado.it\/it\/prodotto\/fixe-roca-oliana-9-2-corda-a-tripla-omologazione\/","title":{"rendered":"Fixe Roca Oliana 9.2 corda a tripla omologazione"},"content":{"rendered":"<p>La Fixe Roca Oliana 9.2 \u00e8 una corda a tripla omologazione, leggera e ad alte prestazioni. E&#8217; una corda omologata come singola, doppia, gemella, consigliata per arrampicatori alla ricerca di una corda performante. La sua costruzione Fusion offre una grande sicurezza durante l&#8217;arrampicata su rocce e creste affilate. Con un diametro molto contenuto e un peso di 56 grammi al metro, \u00e8 eccellente per l&#8217;arrampicata &#8220;on-sight&#8221; e per le vie impegnative. \u00c8 inoltre una corda ideale per le guide alpine che devono utilizzare la tecnica della &#8220;corda corta&#8221; su terreni rocciosi e per le squadre di arrampicatori composte da tre scalatori.<\/p>\n<p>Oliana, nella regione dell&#8217;Alt Urgell (Catalogna), \u00e8 una mecca dell&#8217;arrampicata sportiva a livello mondiale. L&#8217;alta concentrazione di vie difficili distribuite su poche pareti la rende una destinazione essenziale per gli arrampicatori sportivi. Qui puoi trovare vie strapiombanti lunghe 50 metri in cui il peso del materiale ha una grande influenza sul risultato dell&#8217;arrampicata.<\/p>\n<ul>\n<li>Diametro: 9.2mm<\/li>\n<li><span class=\"lbl\">Trattamento: <\/span><span class=\"value\">Nature 100% PFC-free<\/span><\/li>\n<li><span class=\"lbl\">Tipo di calza: <\/span><span class=\"value\">Endurance, aumenta la durata di vita della corda, 48 trefoli.<\/span><\/li>\n<li><strong>Fusion:<\/strong> previene lo scorrimento della calza. Le prestazioni e sicurezza della corda sono assicurate dall&#8217;unione tra calza e anima.<\/li>\n<li>Segno di met\u00e0 corda: presente.<\/li>\n<li>Segno di 8 metri: \u00e8 una marcatura rossa che indica che mancano 8 metri al raggiungimento della fine della corda.<\/li>\n<li>Indicatore riflettente: indicatore riflettente, con le informazioni della corda, presente ad entrambe le estremit\u00e0.<\/li>\n<li>Taglio ultrasonico: sigilla i finali della corda, impedendone l&#8217;apertura.<\/li>\n<li><span class=\"lbl\">Allungamento statico: 8% singola\/ 8% mezza\/ 7% gemella<\/span><\/li>\n<li><span class=\"lbl\">Numero di cadute UIAA: 5 singola\/ 5 mezza\/ 12 gemella<\/span><\/li>\n<li><span class=\"lbl\">Forza di impatto: 7,1kN singola\/ 7,1kN mezza\/ 7,4kN gemella<\/span><\/li>\n<li><span class=\"lbl\">Scorrimento calza: <\/span><span class=\"value\">0,0mm<\/span><\/li>\n<li>Allungamento dinamico: 37% singola\/ 37% mezza\/ 27% gemella<\/li>\n<\/ul>\n<p>&nbsp;<\/p>\n<p>La Fixe Roca Olina 9.2 \u00e8 una corda tecnica ad alte prestazioni, leggera e sicura, per progetti impegnativi.<\/p>\n<p>&nbsp;<\/p>\n<p>Fixe \u00e8 stata fondata nel 1983 in un luogo circondato da montagne e zone di arrampicata di prim&#8217;ordine come Montserrat, Terradets e Siurana. \u00c8 diventato rapidamente un marchio leader nella comunit\u00e0 dell&#8217;arrampicata e i suoi prodotti sono attualmente conosciuti in tutto il mondo.<\/p>\n<p>Roca \u00e8 uno dei pi\u00f9 antichi produttori di corde al mondo. Fondata nel 1891, dal 2012 \u00e8 entrata a far parte del gruppo Fixe, per realizza tutte le corde del proprio catalogo.<\/p>\n<p>Le corde Fixe Roca sono supportate da pi\u00f9 di 125 anni di esperienza nel settore. Tutta la produzione avviene a Sant Quirze de Besora (Catalogna), dove Fixe ha anche la sua sede principale e magazzini.<\/p>\n<p>Ogni amante della montagna trover\u00e0 la corda che cerca nel catalogo Fixe. Corde per arrampicata sportiva, arrampicata trad, alpinismo, palestre di arrampicata e canyoning, sia dinamiche che statiche. Una corda per ogni situazione e ogni attivit\u00e0 su terreno verticale.<\/p>","protected":false},"excerpt":{"rendered":"<p>La Fixe Roca Oliana 9.2 \u00e8 una corda a tripla omologazione, leggera e ad alte prestazioni. E&#8217; una corda omologata [&hellip;]<\/p>\n","protected":false},"featured_media":141938,"comment_status":"open","ping_status":"closed","template":"","meta":{"_acf_changed":false},"product_brand":[778],"product_cat":[136],"product_tag":[],"class_list":{"0":"post-141930","1":"product","2":"type-product","3":"status-publish","4":"has-post-thumbnail","6":"product_brand-fixe","7":"product_cat-corde-corde","9":"first","10":"instock","11":"sale","12":"taxable","13":"shipping-taxable","14":"purchasable","15":"product-type-variable"},"acf":[],"yoast_head":"<!-- This site is optimized with the Yoast SEO plugin v26.4 - https:\/\/yoast.com\/wordpress\/plugins\/seo\/ -->\n<title>Fixe Roca Oliana 9.2 corda a tripla omologazione - Sestogrado<\/title>\n<meta name=\"description\" content=\"La Fixe Roca Oliana 9.2 \u00e8 una corda a tripla omologazione, leggera e ad alte prestazioni. E&#039; una corda omologata come singola, doppia, gemella, consigliata per arrampicatori alla ricerca di una corda performante. La sua costruzione Fusion offre una grande sicurezza durante l&#039;arrampicata su rocce e creste affilate. Con un diametro molto contenuto e un peso di 56 grammi al metro, \u00e8 eccellente per l&#039;arrampicata &quot;on-sight&quot; e per le vie impegnative. \u00c8 inoltre una corda ideale per le guide alpine che devono utilizzare la tecnica della &quot;corda corta&quot; su terreni rocciosi e per le squadre di arrampicatori composte da tre scalatori.Oliana, nella regione dell&#039;Alt Urgell (Catalogna), \u00e8 una mecca dell&#039;arrampicata sportiva a livello mondiale. L&#039;alta concentrazione di vie difficili distribuite su poche pareti la rende una destinazione essenziale per gli arrampicatori sportivi. Qui puoi trovare vie strapiombanti lunghe 50 metri in cui il peso del materiale ha una grande influenza sul risultato dell&#039;arrampicata.\" \/>\n<meta name=\"robots\" content=\"index, follow, max-snippet:-1, max-image-preview:large, max-video-preview:-1\" \/>\n<link rel=\"canonical\" href=\"https:\/\/www.sestogrado.it\/it\/prodotto\/fixe-roca-oliana-9-2-corda-a-tripla-omologazione\/\" \/>\n<meta property=\"og:locale\" content=\"it_IT\" \/>\n<meta property=\"og:type\" content=\"article\" \/>\n<meta property=\"og:title\" content=\"Fixe Roca Oliana 9.2 corda a tripla omologazione - Sestogrado\" \/>\n<meta property=\"og:description\" content=\"La Fixe Roca Oliana 9.2 \u00e8 una corda a tripla omologazione, leggera e ad alte prestazioni. E&#039; una corda omologata come singola, doppia, gemella, consigliata per arrampicatori alla ricerca di una corda performante. La sua costruzione Fusion offre una grande sicurezza durante l&#039;arrampicata su rocce e creste affilate. Con un diametro molto contenuto e un peso di 56 grammi al metro, \u00e8 eccellente per l&#039;arrampicata &quot;on-sight&quot; e per le vie impegnative. \u00c8 inoltre una corda ideale per le guide alpine che devono utilizzare la tecnica della &quot;corda corta&quot; su terreni rocciosi e per le squadre di arrampicatori composte da tre scalatori.Oliana, nella regione dell&#039;Alt Urgell (Catalogna), \u00e8 una mecca dell&#039;arrampicata sportiva a livello mondiale. L&#039;alta concentrazione di vie difficili distribuite su poche pareti la rende una destinazione essenziale per gli arrampicatori sportivi. Qui puoi trovare vie strapiombanti lunghe 50 metri in cui il peso del materiale ha una grande influenza sul risultato dell&#039;arrampicata.\" \/>\n<meta property=\"og:url\" content=\"https:\/\/www.sestogrado.it\/it\/prodotto\/fixe-roca-oliana-9-2-corda-a-tripla-omologazione\/\" \/>\n<meta property=\"og:site_name\" content=\"Sestogrado\" \/>\n<meta property=\"article:publisher\" content=\"https:\/\/www.facebook.com\/pages\/Sestogrado\/1542635979353017?ref=bookmarks\" \/>\n<meta property=\"article:modified_time\" content=\"2026-04-14T10:20:35+00:00\" \/>\n<meta property=\"og:image\" content=\"https:\/\/www.sestogrado.it\/wp-content\/uploads\/2023\/09\/92-oliana-1.jpg\" \/>\n\t<meta property=\"og:image:width\" content=\"800\" \/>\n\t<meta property=\"og:image:height\" content=\"800\" \/>\n\t<meta property=\"og:image:type\" content=\"image\/jpeg\" \/>\n<meta name=\"twitter:label1\" content=\"Disponibilit\u00e0\" \/>\n\t<meta name=\"twitter:data1\" content=\"In stock\" \/>\n<script type=\"application\/ld+json\" class=\"yoast-schema-graph\">{\"@context\":\"https:\/\/schema.org\",\"@graph\":[{\"@type\":\"WebPage\",\"@id\":\"https:\/\/www.sestogrado.it\/it\/prodotto\/fixe-roca-oliana-9-2-corda-a-tripla-omologazione\/\",\"url\":\"https:\/\/www.sestogrado.it\/it\/prodotto\/fixe-roca-oliana-9-2-corda-a-tripla-omologazione\/\",\"name\":\"Fixe Roca Oliana 9.2 corda a tripla omologazione - Sestogrado\",\"isPartOf\":{\"@id\":\"https:\/\/www.sestogrado.it\/it\/#website\"},\"primaryImageOfPage\":{\"@id\":\"https:\/\/www.sestogrado.it\/it\/prodotto\/fixe-roca-oliana-9-2-corda-a-tripla-omologazione\/#primaryimage\"},\"image\":{\"@id\":\"https:\/\/www.sestogrado.it\/prodotto\/fixe-roca-oliana-9-2-corda-a-tripla-omologazione\/#primaryimage\"},\"thumbnailUrl\":\"https:\/\/www.sestogrado.it\/wp-content\/uploads\/2023\/09\/92-oliana-1.jpg\",\"datePublished\":\"2023-09-18T07:40:50+00:00\",\"dateModified\":\"2026-04-14T10:20:35+00:00\",\"description\":\"La Fixe Roca Oliana 9.2 \u00e8 una corda a tripla omologazione, leggera e ad alte prestazioni. E' una corda omologata come singola, doppia, gemella, consigliata per arrampicatori alla ricerca di una corda performante. La sua costruzione Fusion offre una grande sicurezza durante l'arrampicata su rocce e creste affilate. Con un diametro molto contenuto e un peso di 56 grammi al metro, \u00e8 eccellente per l'arrampicata \\\"on-sight\\\" e per le vie impegnative. \u00c8 inoltre una corda ideale per le guide alpine che devono utilizzare la tecnica della \\\"corda corta\\\" su terreni rocciosi e per le squadre di arrampicatori composte da tre scalatori.Oliana, nella regione dell'Alt Urgell (Catalogna), \u00e8 una mecca dell'arrampicata sportiva a livello mondiale. L'alta concentrazione di vie difficili distribuite su poche pareti la rende una destinazione essenziale per gli arrampicatori sportivi. Qui puoi trovare vie strapiombanti lunghe 50 metri in cui il peso del materiale ha una grande influenza sul risultato dell'arrampicata.\",\"breadcrumb\":{\"@id\":\"https:\/\/www.sestogrado.it\/it\/prodotto\/fixe-roca-oliana-9-2-corda-a-tripla-omologazione\/#breadcrumb\"},\"inLanguage\":\"it-IT\",\"potentialAction\":[{\"@type\":\"ReadAction\",\"target\":[[\"https:\/\/www.sestogrado.it\/it\/prodotto\/fixe-roca-oliana-9-2-corda-a-tripla-omologazione\/\"]]}]},{\"@type\":\"ImageObject\",\"inLanguage\":\"it-IT\",\"@id\":\"https:\/\/www.sestogrado.it\/it\/prodotto\/fixe-roca-oliana-9-2-corda-a-tripla-omologazione\/#primaryimage\",\"url\":\"https:\/\/www.sestogrado.it\/wp-content\/uploads\/2023\/09\/92-oliana-1.jpg\",\"contentUrl\":\"https:\/\/www.sestogrado.it\/wp-content\/uploads\/2023\/09\/92-oliana-1.jpg\",\"width\":800,\"height\":800,\"caption\":\"oliana 9.2\"},{\"@type\":\"BreadcrumbList\",\"@id\":\"https:\/\/www.sestogrado.it\/it\/prodotto\/fixe-roca-oliana-9-2-corda-a-tripla-omologazione\/#breadcrumb\",\"itemListElement\":[{\"@type\":\"ListItem\",\"position\":1,\"name\":\"Home\",\"item\":\"https:\/\/www.sestogrado.it\/it\/\"},{\"@type\":\"ListItem\",\"position\":2,\"name\":\"Shop\",\"item\":\"https:\/\/www.sestogrado.it\/it\/shop\/\"},{\"@type\":\"ListItem\",\"position\":3,\"name\":\"Fixe Roca Oliana 9.2 corda a tripla omologazione\"}]},{\"@type\":\"WebSite\",\"@id\":\"https:\/\/www.sestogrado.it\/it\/#website\",\"url\":\"https:\/\/www.sestogrado.it\/it\/\",\"name\":\"Sestogrado\",\"description\":\"yes we climb\",\"publisher\":{\"@id\":\"https:\/\/www.sestogrado.it\/it\/#organization\"},\"potentialAction\":[{\"@type\":\"SearchAction\",\"target\":{\"@type\":\"EntryPoint\",\"urlTemplate\":\"https:\/\/www.sestogrado.it\/it\/?s={search_term_string}\"},\"query-input\":{\"@type\":\"PropertyValueSpecification\",\"valueRequired\":true,\"valueName\":\"search_term_string\"}}],\"inLanguage\":\"it-IT\"},{\"@type\":\"Organization\",\"@id\":\"https:\/\/www.sestogrado.it\/it\/#organization\",\"name\":\"Sestogrado\",\"url\":\"https:\/\/www.sestogrado.it\/it\/\",\"logo\":{\"@type\":\"ImageObject\",\"inLanguage\":\"it-IT\",\"@id\":\"https:\/\/www.sestogrado.it\/it\/#\/schema\/logo\/image\/\",\"url\":\"https:\/\/www.sestogrado.it\/wp-content\/uploads\/2015\/03\/sestogrado-favicon.png\",\"contentUrl\":\"https:\/\/www.sestogrado.it\/wp-content\/uploads\/2015\/03\/sestogrado-favicon.png\",\"width\":260,\"height\":260,\"caption\":\"Sestogrado\"},\"image\":{\"@id\":\"https:\/\/www.sestogrado.it\/it\/#\/schema\/logo\/image\/\"},\"sameAs\":[\"https:\/\/www.facebook.com\/pages\/Sestogrado\/1542635979353017?ref=bookmarks\",\"https:\/\/www.youtube.com\/channel\/UC847kAfTkaJsWpc1jtQwr3Q\"],\"hasMerchantReturnPolicy\":{\"@type\":\"MerchantReturnPolicy\",\"merchantReturnLink\":\"https:\/\/www.sestogrado.it\/it\/termini-e-condizioni\/\"}}]}<\/script>\n<meta property=\"product:brand\" content=\"Fixe\" \/>\n<meta property=\"og:availability\" content=\"instock\" \/>\n<meta property=\"product:availability\" content=\"instock\" \/>\n<meta property=\"product:condition\" content=\"new\" \/>\n<!-- \/ Yoast SEO plugin. -->","yoast_head_json":{"title":"Fixe Roca Oliana 9.2 corda a tripla omologazione - Sestogrado","description":"La Fixe Roca Oliana 9.2 \u00e8 una corda a tripla omologazione, leggera e ad alte prestazioni. E' una corda omologata come singola, doppia, gemella, consigliata per arrampicatori alla ricerca di una corda performante. La sua costruzione Fusion offre una grande sicurezza durante l'arrampicata su rocce e creste affilate. Con un diametro molto contenuto e un peso di 56 grammi al metro, \u00e8 eccellente per l'arrampicata \"on-sight\" e per le vie impegnative. \u00c8 inoltre una corda ideale per le guide alpine che devono utilizzare la tecnica della \"corda corta\" su terreni rocciosi e per le squadre di arrampicatori composte da tre scalatori.Oliana, nella regione dell'Alt Urgell (Catalogna), \u00e8 una mecca dell'arrampicata sportiva a livello mondiale. L'alta concentrazione di vie difficili distribuite su poche pareti la rende una destinazione essenziale per gli arrampicatori sportivi. Qui puoi trovare vie strapiombanti lunghe 50 metri in cui il peso del materiale ha una grande influenza sul risultato dell'arrampicata.","robots":{"index":"index","follow":"follow","max-snippet":"max-snippet:-1","max-image-preview":"max-image-preview:large","max-video-preview":"max-video-preview:-1"},"canonical":"https:\/\/www.sestogrado.it\/it\/prodotto\/fixe-roca-oliana-9-2-corda-a-tripla-omologazione\/","og_locale":"it_IT","og_type":"article","og_title":"Fixe Roca Oliana 9.2 corda a tripla omologazione - Sestogrado","og_description":"La Fixe Roca Oliana 9.2 \u00e8 una corda a tripla omologazione, leggera e ad alte prestazioni. E' una corda omologata come singola, doppia, gemella, consigliata per arrampicatori alla ricerca di una corda performante. La sua costruzione Fusion offre una grande sicurezza durante l'arrampicata su rocce e creste affilate. Con un diametro molto contenuto e un peso di 56 grammi al metro, \u00e8 eccellente per l'arrampicata \"on-sight\" e per le vie impegnative. \u00c8 inoltre una corda ideale per le guide alpine che devono utilizzare la tecnica della \"corda corta\" su terreni rocciosi e per le squadre di arrampicatori composte da tre scalatori.Oliana, nella regione dell'Alt Urgell (Catalogna), \u00e8 una mecca dell'arrampicata sportiva a livello mondiale. L'alta concentrazione di vie difficili distribuite su poche pareti la rende una destinazione essenziale per gli arrampicatori sportivi. Qui puoi trovare vie strapiombanti lunghe 50 metri in cui il peso del materiale ha una grande influenza sul risultato dell'arrampicata.","og_url":"https:\/\/www.sestogrado.it\/it\/prodotto\/fixe-roca-oliana-9-2-corda-a-tripla-omologazione\/","og_site_name":"Sestogrado","article_publisher":"https:\/\/www.facebook.com\/pages\/Sestogrado\/1542635979353017?ref=bookmarks","article_modified_time":"2026-04-14T10:20:35+00:00","og_image":[{"width":800,"height":800,"url":"https:\/\/www.sestogrado.it\/wp-content\/uploads\/2023\/09\/92-oliana-1.jpg","type":"image\/jpeg"}],"twitter_misc":{"Disponibilit\u00e0":"In stock"},"schema":{"@context":"https:\/\/schema.org","@graph":[{"@type":"WebPage","@id":"https:\/\/www.sestogrado.it\/it\/prodotto\/fixe-roca-oliana-9-2-corda-a-tripla-omologazione\/","url":"https:\/\/www.sestogrado.it\/it\/prodotto\/fixe-roca-oliana-9-2-corda-a-tripla-omologazione\/","name":"Fixe Roca Oliana 9.2 corda a tripla omologazione - Sestogrado","isPartOf":{"@id":"https:\/\/www.sestogrado.it\/it\/#website"},"primaryImageOfPage":{"@id":"https:\/\/www.sestogrado.it\/it\/prodotto\/fixe-roca-oliana-9-2-corda-a-tripla-omologazione\/#primaryimage"},"image":{"@id":"https:\/\/www.sestogrado.it\/prodotto\/fixe-roca-oliana-9-2-corda-a-tripla-omologazione\/#primaryimage"},"thumbnailUrl":"https:\/\/www.sestogrado.it\/wp-content\/uploads\/2023\/09\/92-oliana-1.jpg","datePublished":"2023-09-18T07:40:50+00:00","dateModified":"2026-04-14T10:20:35+00:00","description":"La Fixe Roca Oliana 9.2 \u00e8 una corda a tripla omologazione, leggera e ad alte prestazioni. E' una corda omologata come singola, doppia, gemella, consigliata per arrampicatori alla ricerca di una corda performante. La sua costruzione Fusion offre una grande sicurezza durante l'arrampicata su rocce e creste affilate. Con un diametro molto contenuto e un peso di 56 grammi al metro, \u00e8 eccellente per l'arrampicata \"on-sight\" e per le vie impegnative. \u00c8 inoltre una corda ideale per le guide alpine che devono utilizzare la tecnica della \"corda corta\" su terreni rocciosi e per le squadre di arrampicatori composte da tre scalatori.Oliana, nella regione dell'Alt Urgell (Catalogna), \u00e8 una mecca dell'arrampicata sportiva a livello mondiale. L'alta concentrazione di vie difficili distribuite su poche pareti la rende una destinazione essenziale per gli arrampicatori sportivi. Qui puoi trovare vie strapiombanti lunghe 50 metri in cui il peso del materiale ha una grande influenza sul risultato dell'arrampicata.","breadcrumb":{"@id":"https:\/\/www.sestogrado.it\/it\/prodotto\/fixe-roca-oliana-9-2-corda-a-tripla-omologazione\/#breadcrumb"},"inLanguage":"it-IT","potentialAction":[{"@type":"ReadAction","target":[["https:\/\/www.sestogrado.it\/it\/prodotto\/fixe-roca-oliana-9-2-corda-a-tripla-omologazione\/"]]}]},{"@type":"ImageObject","inLanguage":"it-IT","@id":"https:\/\/www.sestogrado.it\/it\/prodotto\/fixe-roca-oliana-9-2-corda-a-tripla-omologazione\/#primaryimage","url":"https:\/\/www.sestogrado.it\/wp-content\/uploads\/2023\/09\/92-oliana-1.jpg","contentUrl":"https:\/\/www.sestogrado.it\/wp-content\/uploads\/2023\/09\/92-oliana-1.jpg","width":800,"height":800,"caption":"oliana 9.2"},{"@type":"BreadcrumbList","@id":"https:\/\/www.sestogrado.it\/it\/prodotto\/fixe-roca-oliana-9-2-corda-a-tripla-omologazione\/#breadcrumb","itemListElement":[{"@type":"ListItem","position":1,"name":"Home","item":"https:\/\/www.sestogrado.it\/it\/"},{"@type":"ListItem","position":2,"name":"Shop","item":"https:\/\/www.sestogrado.it\/it\/shop\/"},{"@type":"ListItem","position":3,"name":"Fixe Roca Oliana 9.2 corda a tripla omologazione"}]},{"@type":"WebSite","@id":"https:\/\/www.sestogrado.it\/it\/#website","url":"https:\/\/www.sestogrado.it\/it\/","name":"Sestogrado","description":"yes we climb","publisher":{"@id":"https:\/\/www.sestogrado.it\/it\/#organization"},"potentialAction":[{"@type":"SearchAction","target":{"@type":"EntryPoint","urlTemplate":"https:\/\/www.sestogrado.it\/it\/?s={search_term_string}"},"query-input":{"@type":"PropertyValueSpecification","valueRequired":true,"valueName":"search_term_string"}}],"inLanguage":"it-IT"},{"@type":"Organization","@id":"https:\/\/www.sestogrado.it\/it\/#organization","name":"Sestogrado","url":"https:\/\/www.sestogrado.it\/it\/","logo":{"@type":"ImageObject","inLanguage":"it-IT","@id":"https:\/\/www.sestogrado.it\/it\/#\/schema\/logo\/image\/","url":"https:\/\/www.sestogrado.it\/wp-content\/uploads\/2015\/03\/sestogrado-favicon.png","contentUrl":"https:\/\/www.sestogrado.it\/wp-content\/uploads\/2015\/03\/sestogrado-favicon.png","width":260,"height":260,"caption":"Sestogrado"},"image":{"@id":"https:\/\/www.sestogrado.it\/it\/#\/schema\/logo\/image\/"},"sameAs":["https:\/\/www.facebook.com\/pages\/Sestogrado\/1542635979353017?ref=bookmarks","https:\/\/www.youtube.com\/channel\/UC847kAfTkaJsWpc1jtQwr3Q"],"hasMerchantReturnPolicy":{"@type":"MerchantReturnPolicy","merchantReturnLink":"https:\/\/www.sestogrado.it\/it\/termini-e-condizioni\/"}}]},"product_brand":"Fixe","og_availability":"instock","product_availability":"instock","product_condition":"new"},"_links":{"self":[{"href":"https:\/\/www.sestogrado.it\/it\/wp-json\/wp\/v2\/product\/141930","targetHints":{"allow":["GET"]}}],"collection":[{"href":"https:\/\/www.sestogrado.it\/it\/wp-json\/wp\/v2\/product"}],"about":[{"href":"https:\/\/www.sestogrado.it\/it\/wp-json\/wp\/v2\/types\/product"}],"replies":[{"embeddable":true,"href":"https:\/\/www.sestogrado.it\/it\/wp-json\/wp\/v2\/comments?post=141930"}],"wp:featuredmedia":[{"embeddable":true,"href":"https:\/\/www.sestogrado.it\/it\/wp-json\/wp\/v2\/media\/141938"}],"wp:attachment":[{"href":"https:\/\/www.sestogrado.it\/it\/wp-json\/wp\/v2\/media?parent=141930"}],"wp:term":[{"taxonomy":"product_brand","embeddable":true,"href":"https:\/\/www.sestogrado.it\/it\/wp-json\/wp\/v2\/product_brand?post=141930"},{"taxonomy":"product_cat","embeddable":true,"href":"https:\/\/www.sestogrado.it\/it\/wp-json\/wp\/v2\/product_cat?post=141930"},{"taxonomy":"product_tag","embeddable":true,"href":"https:\/\/www.sestogrado.it\/it\/wp-json\/wp\/v2\/product_tag?post=141930"}],"curies":[{"name":"wp","href":"https:\/\/api.w.org\/{rel}","templated":true}]}}