{"id":1391,"date":"2015-05-20T09:13:16","date_gmt":"2015-05-20T07:13:16","guid":{"rendered":"http:\/\/www.sestogrado.it\/prodotto\/corde\/edelweiss-energy-9-5-60m-corda-arrampicata\/"},"modified":"2025-12-01T15:10:13","modified_gmt":"2025-12-01T14:10:13","slug":"edelweiss-energy-9-5-corda-arrampicata","status":"publish","type":"product","link":"https:\/\/www.sestogrado.it\/it\/prodotto\/edelweiss-energy-9-5-corda-arrampicata\/","title":{"rendered":"Edelweiss Energy 9.5 corda arrampicata"},"content":{"rendered":"<p>Che sia una calda giornata di sole o una fredda mattinata, l&#8217;avvicinamento alla falesia \u00e8 sempre migliore quando sai di avere nello zaino la corda Edelweiss Energy 9.5.<\/p>\n<p>Sviluppata con la tecnologia Perform3, applicata alle migliori corde della casa francese, la Edelweiss Energy 9.5 ha un peso di soli 58g\/m, risulta pi\u00f9 flessibile e comoda al tatto e\u00a0assorbe pi\u00f9 energia in fase di caduta pur con una notevole riduzione di peso. La moschettonata da primi di cordata risulta agevole e rapida.<\/p>\n<p>Il trattamento HD Cover garantisce negli anni durata e qualit\u00e0 della calza che non tende a gonfiarsi, rimanendo cos\u00ec sempre &#8220;pratica&#8221; da gestire con l&#8217;assicuratore.<\/p>\n<p>La Edelweiss Energy 9.5 \u00e8 sviluppata con la tecnologia Perform3, un processo costruttivo finalizzato a garantire:<\/p>\n<ul>\n<li>maggior flessibilit\u00e0=maggior comfort<\/li>\n<li>maggiore assorbimento di energia=maggior sicurezza<\/li>\n<li>riduzione del peso=maggiori prestazioni<\/li>\n<\/ul>\n<p>Indicatore di met\u00e0 corda: la met\u00e0 corda \u00e8 segnata, le doppie e le manovre sono pi\u00f9 sicure.<\/p>\n<p>La Edelweiss\u00a0Energy 9.5 \u00e8 una corda da arrampicata con cui si fa sul serio. Sottile e scorrevole \u00e8 una corda dedicata ai climbers esperti che si ingaggiano su tiri lunghi e duri.<\/p>\n<p>&nbsp;<\/p>\n<p>La Edelweiss \u00e8 una azienda francese parte del gruppo Beal con cui condivide, oltre alla sede a Vienne, anche il know how tecnologico su alcuni brevetti come il trattamento unicore. I prodotti Edelweiss sono fedeli alla loro reputazione di solidit\u00e0 e affidabilit\u00e0, in una gamma che va dall\u2019alpinismo, al torrentismo, al climbing in cui la sicurezza e la libert\u00e0 di divertimento sono tutto.<\/p>\n<p><img decoding=\"async\" class=\" wp-image-678 alignleft\" src=\"https:\/\/www.sestogrado.it\/wp-content\/uploads\/2015\/03\/couleur_picto-HDCover.jpg\" alt=\"couleur_picto HDCover\" width=\"82\" height=\"82\" srcset=\"https:\/\/www.sestogrado.it\/wp-content\/uploads\/2015\/03\/couleur_picto-HDCover.jpg 135w, https:\/\/www.sestogrado.it\/wp-content\/uploads\/2015\/03\/couleur_picto-HDCover-100x100.jpg 100w, https:\/\/www.sestogrado.it\/wp-content\/uploads\/2015\/03\/couleur_picto-HDCover-150x150.jpg 150w, https:\/\/www.sestogrado.it\/wp-content\/uploads\/2015\/03\/couleur_picto-HDCover-350x350.jpg 350w, https:\/\/www.sestogrado.it\/wp-content\/uploads\/2015\/03\/couleur_picto-HDCover-45x45.jpg 45w, https:\/\/www.sestogrado.it\/wp-content\/uploads\/2015\/03\/couleur_picto-HDCover-64x64.jpg 64w\" sizes=\"(max-width: 82px) 100vw, 82px\" \/> <img decoding=\"async\" class=\" wp-image-679 alignleft\" src=\"https:\/\/www.sestogrado.it\/wp-content\/uploads\/2015\/03\/midrope-indicator.jpg\" alt=\"midrope-indicator\" width=\"94\" height=\"94\" srcset=\"https:\/\/www.sestogrado.it\/wp-content\/uploads\/2015\/03\/midrope-indicator.jpg 135w, https:\/\/www.sestogrado.it\/wp-content\/uploads\/2015\/03\/midrope-indicator-100x100.jpg 100w, https:\/\/www.sestogrado.it\/wp-content\/uploads\/2015\/03\/midrope-indicator-150x150.jpg 150w, https:\/\/www.sestogrado.it\/wp-content\/uploads\/2015\/03\/midrope-indicator-350x350.jpg 350w, https:\/\/www.sestogrado.it\/wp-content\/uploads\/2015\/03\/midrope-indicator-45x45.jpg 45w, https:\/\/www.sestogrado.it\/wp-content\/uploads\/2015\/03\/midrope-indicator-64x64.jpg 64w\" sizes=\"(max-width: 94px) 100vw, 94px\" \/> <img decoding=\"async\" class=\" wp-image-681 alignleft\" src=\"https:\/\/www.sestogrado.it\/wp-content\/uploads\/2015\/03\/picto-perform3_coul.jpg\" alt=\"picto perform3_coul\" width=\"96\" height=\"96\" srcset=\"https:\/\/www.sestogrado.it\/wp-content\/uploads\/2015\/03\/picto-perform3_coul.jpg 135w, https:\/\/www.sestogrado.it\/wp-content\/uploads\/2015\/03\/picto-perform3_coul-100x100.jpg 100w, https:\/\/www.sestogrado.it\/wp-content\/uploads\/2015\/03\/picto-perform3_coul-150x150.jpg 150w, https:\/\/www.sestogrado.it\/wp-content\/uploads\/2015\/03\/picto-perform3_coul-350x350.jpg 350w, https:\/\/www.sestogrado.it\/wp-content\/uploads\/2015\/03\/picto-perform3_coul-45x45.jpg 45w, https:\/\/www.sestogrado.it\/wp-content\/uploads\/2015\/03\/picto-perform3_coul-64x64.jpg 64w\" sizes=\"(max-width: 96px) 100vw, 96px\" \/><\/p>\n<p>&nbsp;<\/p>","protected":false},"excerpt":{"rendered":"<p>Colore:\u00a0verde o rosso<\/p>\n<p>Spessore:\u00a09.5<\/p>\n","protected":false},"featured_media":12943,"comment_status":"open","ping_status":"closed","template":"","meta":{"_acf_changed":false},"product_brand":[52],"product_cat":[16,136],"product_tag":[],"class_list":{"0":"post-1391","1":"product","2":"type-product","3":"status-publish","4":"has-post-thumbnail","6":"product_brand-edelweiss","7":"product_cat-corde","8":"product_cat-corde-corde","10":"first","11":"instock","12":"sale","13":"taxable","14":"shipping-taxable","15":"purchasable","16":"product-type-variable"},"acf":[],"yoast_head":"<!-- This site is optimized with the Yoast SEO plugin v26.4 - https:\/\/yoast.com\/wordpress\/plugins\/seo\/ -->\n<title>Edelweiss Energy 9.5 corda arrampicata - Sestogrado<\/title>\n<meta name=\"description\" content=\"Edelweiss Energy 9.5 corda arrampicata.. Sottile e scorrevole \u00e8 una corda dedicata ai climbers esperti che si ingaggiano su tiri lunghi. Corda Edelweiss.\" \/>\n<meta name=\"robots\" content=\"index, follow, max-snippet:-1, max-image-preview:large, max-video-preview:-1\" \/>\n<link rel=\"canonical\" href=\"https:\/\/www.sestogrado.it\/it\/prodotto\/edelweiss-energy-9-5-corda-arrampicata\/\" \/>\n<meta property=\"og:locale\" content=\"it_IT\" \/>\n<meta property=\"og:type\" content=\"article\" \/>\n<meta property=\"og:title\" content=\"Edelweiss Energy 9.5 corda arrampicata - Sestogrado\" \/>\n<meta property=\"og:description\" content=\"Edelweiss Energy 9.5 corda arrampicata.. Sottile e scorrevole \u00e8 una corda dedicata ai climbers esperti che si ingaggiano su tiri lunghi. Corda Edelweiss.\" \/>\n<meta property=\"og:url\" content=\"https:\/\/www.sestogrado.it\/it\/prodotto\/edelweiss-energy-9-5-corda-arrampicata\/\" \/>\n<meta property=\"og:site_name\" content=\"Sestogrado\" \/>\n<meta property=\"article:publisher\" content=\"https:\/\/www.facebook.com\/pages\/Sestogrado\/1542635979353017?ref=bookmarks\" \/>\n<meta property=\"article:modified_time\" content=\"2025-12-01T14:10:13+00:00\" \/>\n<meta property=\"og:image\" content=\"https:\/\/www.sestogrado.it\/wp-content\/uploads\/2015\/05\/edelweiss-energy.jpg\" \/>\n\t<meta property=\"og:image:width\" content=\"1360\" \/>\n\t<meta property=\"og:image:height\" content=\"1360\" \/>\n\t<meta property=\"og:image:type\" content=\"image\/jpeg\" \/>\n<meta name=\"twitter:label1\" content=\"Disponibilit\u00e0\" \/>\n\t<meta name=\"twitter:data1\" content=\"In stock\" \/>\n<script type=\"application\/ld+json\" class=\"yoast-schema-graph\">{\"@context\":\"https:\/\/schema.org\",\"@graph\":[{\"@type\":\"WebPage\",\"@id\":\"https:\/\/www.sestogrado.it\/it\/prodotto\/edelweiss-energy-9-5-corda-arrampicata\/\",\"url\":\"https:\/\/www.sestogrado.it\/it\/prodotto\/edelweiss-energy-9-5-corda-arrampicata\/\",\"name\":\"Edelweiss Energy 9.5 corda arrampicata - Sestogrado\",\"isPartOf\":{\"@id\":\"https:\/\/www.sestogrado.it\/it\/#website\"},\"primaryImageOfPage\":{\"@id\":\"https:\/\/www.sestogrado.it\/it\/prodotto\/edelweiss-energy-9-5-corda-arrampicata\/#primaryimage\"},\"image\":{\"@id\":\"https:\/\/www.sestogrado.it\/prodotto\/edelweiss-energy-9-5-corda-arrampicata\/#primaryimage\"},\"thumbnailUrl\":\"https:\/\/www.sestogrado.it\/wp-content\/uploads\/2015\/05\/edelweiss-energy.jpg\",\"datePublished\":\"2015-05-20T07:13:16+00:00\",\"dateModified\":\"2025-12-01T14:10:13+00:00\",\"description\":\"Edelweiss Energy 9.5 corda arrampicata.. Sottile e scorrevole \u00e8 una corda dedicata ai climbers esperti che si ingaggiano su tiri lunghi. Corda Edelweiss.\",\"breadcrumb\":{\"@id\":\"https:\/\/www.sestogrado.it\/it\/prodotto\/edelweiss-energy-9-5-corda-arrampicata\/#breadcrumb\"},\"inLanguage\":\"it-IT\",\"potentialAction\":[{\"@type\":\"ReadAction\",\"target\":[[\"https:\/\/www.sestogrado.it\/it\/prodotto\/edelweiss-energy-9-5-corda-arrampicata\/\"]]}]},{\"@type\":\"ImageObject\",\"inLanguage\":\"it-IT\",\"@id\":\"https:\/\/www.sestogrado.it\/it\/prodotto\/edelweiss-energy-9-5-corda-arrampicata\/#primaryimage\",\"url\":\"https:\/\/www.sestogrado.it\/wp-content\/uploads\/2015\/05\/edelweiss-energy.jpg\",\"contentUrl\":\"https:\/\/www.sestogrado.it\/wp-content\/uploads\/2015\/05\/edelweiss-energy.jpg\",\"width\":1360,\"height\":1360,\"caption\":\"edelweiss energy\"},{\"@type\":\"BreadcrumbList\",\"@id\":\"https:\/\/www.sestogrado.it\/it\/prodotto\/edelweiss-energy-9-5-corda-arrampicata\/#breadcrumb\",\"itemListElement\":[{\"@type\":\"ListItem\",\"position\":1,\"name\":\"Home\",\"item\":\"https:\/\/www.sestogrado.it\/it\/\"},{\"@type\":\"ListItem\",\"position\":2,\"name\":\"Shop\",\"item\":\"https:\/\/www.sestogrado.it\/it\/shop\/\"},{\"@type\":\"ListItem\",\"position\":3,\"name\":\"Edelweiss Energy 9.5 corda arrampicata\"}]},{\"@type\":\"WebSite\",\"@id\":\"https:\/\/www.sestogrado.it\/it\/#website\",\"url\":\"https:\/\/www.sestogrado.it\/it\/\",\"name\":\"Sestogrado\",\"description\":\"yes we climb\",\"publisher\":{\"@id\":\"https:\/\/www.sestogrado.it\/it\/#organization\"},\"potentialAction\":[{\"@type\":\"SearchAction\",\"target\":{\"@type\":\"EntryPoint\",\"urlTemplate\":\"https:\/\/www.sestogrado.it\/it\/?s={search_term_string}\"},\"query-input\":{\"@type\":\"PropertyValueSpecification\",\"valueRequired\":true,\"valueName\":\"search_term_string\"}}],\"inLanguage\":\"it-IT\"},{\"@type\":\"Organization\",\"@id\":\"https:\/\/www.sestogrado.it\/it\/#organization\",\"name\":\"Sestogrado\",\"url\":\"https:\/\/www.sestogrado.it\/it\/\",\"logo\":{\"@type\":\"ImageObject\",\"inLanguage\":\"it-IT\",\"@id\":\"https:\/\/www.sestogrado.it\/it\/#\/schema\/logo\/image\/\",\"url\":\"https:\/\/www.sestogrado.it\/wp-content\/uploads\/2015\/03\/sestogrado-favicon.png\",\"contentUrl\":\"https:\/\/www.sestogrado.it\/wp-content\/uploads\/2015\/03\/sestogrado-favicon.png\",\"width\":260,\"height\":260,\"caption\":\"Sestogrado\"},\"image\":{\"@id\":\"https:\/\/www.sestogrado.it\/it\/#\/schema\/logo\/image\/\"},\"sameAs\":[\"https:\/\/www.facebook.com\/pages\/Sestogrado\/1542635979353017?ref=bookmarks\",\"https:\/\/www.youtube.com\/channel\/UC847kAfTkaJsWpc1jtQwr3Q\"],\"hasMerchantReturnPolicy\":{\"@type\":\"MerchantReturnPolicy\",\"merchantReturnLink\":\"https:\/\/www.sestogrado.it\/it\/termini-e-condizioni\/\"}}]}<\/script>\n<meta property=\"product:brand\" content=\"Edelweiss\" \/>\n<meta property=\"og:availability\" content=\"instock\" \/>\n<meta property=\"product:availability\" content=\"instock\" \/>\n<meta property=\"product:condition\" content=\"new\" \/>\n<!-- \/ Yoast SEO plugin. -->","yoast_head_json":{"title":"Edelweiss Energy 9.5 corda arrampicata - Sestogrado","description":"Edelweiss Energy 9.5 corda arrampicata.. Sottile e scorrevole \u00e8 una corda dedicata ai climbers esperti che si ingaggiano su tiri lunghi. Corda Edelweiss.","robots":{"index":"index","follow":"follow","max-snippet":"max-snippet:-1","max-image-preview":"max-image-preview:large","max-video-preview":"max-video-preview:-1"},"canonical":"https:\/\/www.sestogrado.it\/it\/prodotto\/edelweiss-energy-9-5-corda-arrampicata\/","og_locale":"it_IT","og_type":"article","og_title":"Edelweiss Energy 9.5 corda arrampicata - Sestogrado","og_description":"Edelweiss Energy 9.5 corda arrampicata.. Sottile e scorrevole \u00e8 una corda dedicata ai climbers esperti che si ingaggiano su tiri lunghi. Corda Edelweiss.","og_url":"https:\/\/www.sestogrado.it\/it\/prodotto\/edelweiss-energy-9-5-corda-arrampicata\/","og_site_name":"Sestogrado","article_publisher":"https:\/\/www.facebook.com\/pages\/Sestogrado\/1542635979353017?ref=bookmarks","article_modified_time":"2025-12-01T14:10:13+00:00","og_image":[{"width":1360,"height":1360,"url":"https:\/\/www.sestogrado.it\/wp-content\/uploads\/2015\/05\/edelweiss-energy.jpg","type":"image\/jpeg"}],"twitter_misc":{"Disponibilit\u00e0":"In stock"},"schema":{"@context":"https:\/\/schema.org","@graph":[{"@type":"WebPage","@id":"https:\/\/www.sestogrado.it\/it\/prodotto\/edelweiss-energy-9-5-corda-arrampicata\/","url":"https:\/\/www.sestogrado.it\/it\/prodotto\/edelweiss-energy-9-5-corda-arrampicata\/","name":"Edelweiss Energy 9.5 corda arrampicata - Sestogrado","isPartOf":{"@id":"https:\/\/www.sestogrado.it\/it\/#website"},"primaryImageOfPage":{"@id":"https:\/\/www.sestogrado.it\/it\/prodotto\/edelweiss-energy-9-5-corda-arrampicata\/#primaryimage"},"image":{"@id":"https:\/\/www.sestogrado.it\/prodotto\/edelweiss-energy-9-5-corda-arrampicata\/#primaryimage"},"thumbnailUrl":"https:\/\/www.sestogrado.it\/wp-content\/uploads\/2015\/05\/edelweiss-energy.jpg","datePublished":"2015-05-20T07:13:16+00:00","dateModified":"2025-12-01T14:10:13+00:00","description":"Edelweiss Energy 9.5 corda arrampicata.. Sottile e scorrevole \u00e8 una corda dedicata ai climbers esperti che si ingaggiano su tiri lunghi. Corda Edelweiss.","breadcrumb":{"@id":"https:\/\/www.sestogrado.it\/it\/prodotto\/edelweiss-energy-9-5-corda-arrampicata\/#breadcrumb"},"inLanguage":"it-IT","potentialAction":[{"@type":"ReadAction","target":[["https:\/\/www.sestogrado.it\/it\/prodotto\/edelweiss-energy-9-5-corda-arrampicata\/"]]}]},{"@type":"ImageObject","inLanguage":"it-IT","@id":"https:\/\/www.sestogrado.it\/it\/prodotto\/edelweiss-energy-9-5-corda-arrampicata\/#primaryimage","url":"https:\/\/www.sestogrado.it\/wp-content\/uploads\/2015\/05\/edelweiss-energy.jpg","contentUrl":"https:\/\/www.sestogrado.it\/wp-content\/uploads\/2015\/05\/edelweiss-energy.jpg","width":1360,"height":1360,"caption":"edelweiss energy"},{"@type":"BreadcrumbList","@id":"https:\/\/www.sestogrado.it\/it\/prodotto\/edelweiss-energy-9-5-corda-arrampicata\/#breadcrumb","itemListElement":[{"@type":"ListItem","position":1,"name":"Home","item":"https:\/\/www.sestogrado.it\/it\/"},{"@type":"ListItem","position":2,"name":"Shop","item":"https:\/\/www.sestogrado.it\/it\/shop\/"},{"@type":"ListItem","position":3,"name":"Edelweiss Energy 9.5 corda arrampicata"}]},{"@type":"WebSite","@id":"https:\/\/www.sestogrado.it\/it\/#website","url":"https:\/\/www.sestogrado.it\/it\/","name":"Sestogrado","description":"yes we climb","publisher":{"@id":"https:\/\/www.sestogrado.it\/it\/#organization"},"potentialAction":[{"@type":"SearchAction","target":{"@type":"EntryPoint","urlTemplate":"https:\/\/www.sestogrado.it\/it\/?s={search_term_string}"},"query-input":{"@type":"PropertyValueSpecification","valueRequired":true,"valueName":"search_term_string"}}],"inLanguage":"it-IT"},{"@type":"Organization","@id":"https:\/\/www.sestogrado.it\/it\/#organization","name":"Sestogrado","url":"https:\/\/www.sestogrado.it\/it\/","logo":{"@type":"ImageObject","inLanguage":"it-IT","@id":"https:\/\/www.sestogrado.it\/it\/#\/schema\/logo\/image\/","url":"https:\/\/www.sestogrado.it\/wp-content\/uploads\/2015\/03\/sestogrado-favicon.png","contentUrl":"https:\/\/www.sestogrado.it\/wp-content\/uploads\/2015\/03\/sestogrado-favicon.png","width":260,"height":260,"caption":"Sestogrado"},"image":{"@id":"https:\/\/www.sestogrado.it\/it\/#\/schema\/logo\/image\/"},"sameAs":["https:\/\/www.facebook.com\/pages\/Sestogrado\/1542635979353017?ref=bookmarks","https:\/\/www.youtube.com\/channel\/UC847kAfTkaJsWpc1jtQwr3Q"],"hasMerchantReturnPolicy":{"@type":"MerchantReturnPolicy","merchantReturnLink":"https:\/\/www.sestogrado.it\/it\/termini-e-condizioni\/"}}]},"product_brand":"Edelweiss","og_availability":"instock","product_availability":"instock","product_condition":"new"},"_links":{"self":[{"href":"https:\/\/www.sestogrado.it\/it\/wp-json\/wp\/v2\/product\/1391","targetHints":{"allow":["GET"]}}],"collection":[{"href":"https:\/\/www.sestogrado.it\/it\/wp-json\/wp\/v2\/product"}],"about":[{"href":"https:\/\/www.sestogrado.it\/it\/wp-json\/wp\/v2\/types\/product"}],"replies":[{"embeddable":true,"href":"https:\/\/www.sestogrado.it\/it\/wp-json\/wp\/v2\/comments?post=1391"}],"wp:featuredmedia":[{"embeddable":true,"href":"https:\/\/www.sestogrado.it\/it\/wp-json\/wp\/v2\/media\/12943"}],"wp:attachment":[{"href":"https:\/\/www.sestogrado.it\/it\/wp-json\/wp\/v2\/media?parent=1391"}],"wp:term":[{"taxonomy":"product_brand","embeddable":true,"href":"https:\/\/www.sestogrado.it\/it\/wp-json\/wp\/v2\/product_brand?post=1391"},{"taxonomy":"product_cat","embeddable":true,"href":"https:\/\/www.sestogrado.it\/it\/wp-json\/wp\/v2\/product_cat?post=1391"},{"taxonomy":"product_tag","embeddable":true,"href":"https:\/\/www.sestogrado.it\/it\/wp-json\/wp\/v2\/product_tag?post=1391"}],"curies":[{"name":"wp","href":"https:\/\/api.w.org\/{rel}","templated":true}]}}