{"id":138343,"date":"2023-07-27T15:24:14","date_gmt":"2023-07-27T13:24:14","guid":{"rendered":"https:\/\/www.sestogrado.it\/?post_type=product&#038;p=138343"},"modified":"2026-01-27T07:45:49","modified_gmt":"2026-01-27T06:45:49","slug":"grivel-air-tech-light-new-classic-evo-ramponi-universali","status":"publish","type":"product","link":"https:\/\/www.sestogrado.it\/it\/prodotto\/grivel-air-tech-light-new-classic-evo-ramponi-universali\/","title":{"rendered":"Grivel Air Tech Light New Classic EVO ramponi universali"},"content":{"rendered":"<p>Air Tech Light New Classic EVO, in alluminio \u00e8 uno stretto parente della famiglia Air Tech ma pensato per avere un peso nettamente inferiore. Adatto sia per l&#8217;alpinismo che per lo sci alpinismo. Possiede 12 punte distribuite in modo da permettere delle performance incredibili su ghiaccio e neve. Barretta centrale flessibile in acciaio, per seguire ogni movimento del nostro piede.<\/p>\n<p>Dotati di sistema New Classic in versione EVO, sono un rampone universale in grado di accogliere qualsiasi tipo di scarpone, anche quelli sprovvisti di bordo anteriore e posteriore.<\/p>\n<p>Il <strong>nuovo sistema di allacciatura posteriore EVO<\/strong> \u00e8 pi\u00f9 moderno, leggero e minimale, rispetto alla versione precedente. La nuova leva e staffa posteriori sono pi\u00f9 semplici. La fettuccia \u00e8 pi\u00f9 leggera e sottile (12mm invece di 14mm) e la fibbia \u00e8 pi\u00f9 minimale, facile da usare e con forte tenuta.<\/p>\n<p>Dotato del famoso sistema\u00a0Antibott\u00a0proattivo Grivel sia nella parte anteriore che posteriore. Il suoi punti forti sono la leggerezza, e la stabilit\u00e0.<\/p>\n<ul>\n<li>Attivit\u00e0: alpinismo, sci alpinismo<\/li>\n<li>Materiali \/ costruzione \/ tecnologie: alluminio,\u00a0acciaio, plastica<\/li>\n<li>Certificazione: CE EN 893, UIAA 153<\/li>\n<li>Peso: 600g (21 once)<\/li>\n<li>Taglie: 35-46<\/li>\n<li>Antibott: fronte e retro<\/li>\n<\/ul>\n<p>&nbsp;<\/p>\n<p>Il Grivel Air Tech Light New Matic EVO \u00e8 un rampone tecnico ed ultraleggero per un alpinismo tecnico.<\/p>\n<p>&nbsp;<\/p>\n<p>Nata nel 1818 a Courmayeur, la Grivel \u00e8 un\u2019azienda italiana che produce attrezzature ed equipaggiamenti per alpinismo, arrampicata ed outdoor esportando in 26 paesi.\u00a0\u00a0L\u2019azienda ha ottenuto la certificazione GS T\u00dcV dal 1992, ISO 9001 dal 1996, ISO 1400 dal 2004.\u00a0L\u2019obiettivo di\u00a0Grivel \u00e8 di facilitare la vita agli alpinisti e agli amanti della montagna\u00a0con prodotti tecnologicamente avanzati.<\/p>","protected":false},"excerpt":{"rendered":"<p>Air Tech Light New Classic EVO, in alluminio \u00e8 uno stretto parente della famiglia Air Tech ma pensato per avere [&hellip;]<\/p>\n","protected":false},"featured_media":138344,"comment_status":"open","ping_status":"closed","template":"","meta":{"_acf_changed":false},"product_brand":[126],"product_cat":[153],"product_tag":[],"class_list":{"0":"post-138343","1":"product","2":"type-product","3":"status-publish","4":"has-post-thumbnail","6":"product_brand-grivel","7":"product_cat-ramponi","9":"first","10":"instock","11":"sale","12":"taxable","13":"shipping-taxable","14":"purchasable","15":"product-type-simple"},"acf":[],"yoast_head":"<!-- This site is optimized with the Yoast SEO plugin v26.4 - https:\/\/yoast.com\/wordpress\/plugins\/seo\/ -->\n<title>Grivel Air Tech Light New Classic EVO ramponi universali - Sestogrado<\/title>\n<meta name=\"description\" content=\"Air Tech Light New Classic EVO, in alluminio \u00e8 uno stretto parente della famiglia Air Tech ma pensato per avere un peso nettamente inferiore. Adatto sia per l&#039;alpinismo che per lo sci alpinismo. Possiede 12 punte distribuite in modo da permettere delle performance incredibili su ghiaccio e neve. Barretta centrale flessibile in acciaio, per seguire ogni movimento del nostro piede.Dotati di sistema New Classic in versione EVO, sono un rampone universale in grado di accogliere qualsiasi tipo di scarpone, anche quelli sprovvisti di bordo anteriore e posteriore.Il nuovo sistema di allacciatura posteriore EVO \u00e8 pi\u00f9 moderno, leggero e minimale, rispetto alla versione precedente. La nuova leva e staffa posteriori sono pi\u00f9 semplici. La fettuccia \u00e8 pi\u00f9 leggera e sottile (12mm invece di 14mm) e la fibbia \u00e8 pi\u00f9 minimale, facile da usare e con forte tenuta.\" \/>\n<meta name=\"robots\" content=\"index, follow, max-snippet:-1, max-image-preview:large, max-video-preview:-1\" \/>\n<link rel=\"canonical\" href=\"https:\/\/www.sestogrado.it\/it\/prodotto\/grivel-air-tech-light-new-classic-evo-ramponi-universali\/\" \/>\n<meta property=\"og:locale\" content=\"it_IT\" \/>\n<meta property=\"og:type\" content=\"article\" \/>\n<meta property=\"og:title\" content=\"Grivel Air Tech Light New Classic EVO ramponi universali - Sestogrado\" \/>\n<meta property=\"og:description\" content=\"Air Tech Light New Classic EVO, in alluminio \u00e8 uno stretto parente della famiglia Air Tech ma pensato per avere un peso nettamente inferiore. Adatto sia per l&#039;alpinismo che per lo sci alpinismo. Possiede 12 punte distribuite in modo da permettere delle performance incredibili su ghiaccio e neve. Barretta centrale flessibile in acciaio, per seguire ogni movimento del nostro piede.Dotati di sistema New Classic in versione EVO, sono un rampone universale in grado di accogliere qualsiasi tipo di scarpone, anche quelli sprovvisti di bordo anteriore e posteriore.Il nuovo sistema di allacciatura posteriore EVO \u00e8 pi\u00f9 moderno, leggero e minimale, rispetto alla versione precedente. La nuova leva e staffa posteriori sono pi\u00f9 semplici. La fettuccia \u00e8 pi\u00f9 leggera e sottile (12mm invece di 14mm) e la fibbia \u00e8 pi\u00f9 minimale, facile da usare e con forte tenuta.\" \/>\n<meta property=\"og:url\" content=\"https:\/\/www.sestogrado.it\/it\/prodotto\/grivel-air-tech-light-new-classic-evo-ramponi-universali\/\" \/>\n<meta property=\"og:site_name\" content=\"Sestogrado\" \/>\n<meta property=\"article:publisher\" content=\"https:\/\/www.facebook.com\/pages\/Sestogrado\/1542635979353017?ref=bookmarks\" \/>\n<meta property=\"article:modified_time\" content=\"2026-01-27T06:45:49+00:00\" \/>\n<meta property=\"og:image\" content=\"https:\/\/www.sestogrado.it\/wp-content\/uploads\/2023\/07\/air-tech-light-new-classic.jpg\" \/>\n\t<meta property=\"og:image:width\" content=\"1575\" \/>\n\t<meta property=\"og:image:height\" content=\"1575\" \/>\n\t<meta property=\"og:image:type\" content=\"image\/jpeg\" \/>\n<meta name=\"twitter:label1\" content=\"Prezzo\" \/>\n\t<meta name=\"twitter:data1\" content=\"&euro;&nbsp;149,00\" \/>\n\t<meta name=\"twitter:label2\" content=\"Disponibilit\u00e0\" \/>\n\t<meta name=\"twitter:data2\" content=\"In stock\" \/>\n<script type=\"application\/ld+json\" class=\"yoast-schema-graph\">{\"@context\":\"https:\/\/schema.org\",\"@graph\":[{\"@type\":\"WebPage\",\"@id\":\"https:\/\/www.sestogrado.it\/it\/prodotto\/grivel-air-tech-light-new-classic-evo-ramponi-universali\/\",\"url\":\"https:\/\/www.sestogrado.it\/it\/prodotto\/grivel-air-tech-light-new-classic-evo-ramponi-universali\/\",\"name\":\"Grivel Air Tech Light New Classic EVO ramponi universali - Sestogrado\",\"isPartOf\":{\"@id\":\"https:\/\/www.sestogrado.it\/it\/#website\"},\"primaryImageOfPage\":{\"@id\":\"https:\/\/www.sestogrado.it\/it\/prodotto\/grivel-air-tech-light-new-classic-evo-ramponi-universali\/#primaryimage\"},\"image\":{\"@id\":\"https:\/\/www.sestogrado.it\/prodotto\/grivel-air-tech-light-new-classic-evo-ramponi-universali\/#primaryimage\"},\"thumbnailUrl\":\"https:\/\/www.sestogrado.it\/wp-content\/uploads\/2023\/07\/air-tech-light-new-classic.jpg\",\"datePublished\":\"2023-07-27T13:24:14+00:00\",\"dateModified\":\"2026-01-27T06:45:49+00:00\",\"description\":\"Air Tech Light New Classic EVO, in alluminio \u00e8 uno stretto parente della famiglia Air Tech ma pensato per avere un peso nettamente inferiore. Adatto sia per l'alpinismo che per lo sci alpinismo. Possiede 12 punte distribuite in modo da permettere delle performance incredibili su ghiaccio e neve. Barretta centrale flessibile in acciaio, per seguire ogni movimento del nostro piede.Dotati di sistema New Classic in versione EVO, sono un rampone universale in grado di accogliere qualsiasi tipo di scarpone, anche quelli sprovvisti di bordo anteriore e posteriore.Il nuovo sistema di allacciatura posteriore EVO \u00e8 pi\u00f9 moderno, leggero e minimale, rispetto alla versione precedente. La nuova leva e staffa posteriori sono pi\u00f9 semplici. La fettuccia \u00e8 pi\u00f9 leggera e sottile (12mm invece di 14mm) e la fibbia \u00e8 pi\u00f9 minimale, facile da usare e con forte tenuta.\",\"breadcrumb\":{\"@id\":\"https:\/\/www.sestogrado.it\/it\/prodotto\/grivel-air-tech-light-new-classic-evo-ramponi-universali\/#breadcrumb\"},\"inLanguage\":\"it-IT\",\"potentialAction\":[{\"@type\":\"ReadAction\",\"target\":[[\"https:\/\/www.sestogrado.it\/it\/prodotto\/grivel-air-tech-light-new-classic-evo-ramponi-universali\/\"]]}]},{\"@type\":\"ImageObject\",\"inLanguage\":\"it-IT\",\"@id\":\"https:\/\/www.sestogrado.it\/it\/prodotto\/grivel-air-tech-light-new-classic-evo-ramponi-universali\/#primaryimage\",\"url\":\"https:\/\/www.sestogrado.it\/wp-content\/uploads\/2023\/07\/air-tech-light-new-classic.jpg\",\"contentUrl\":\"https:\/\/www.sestogrado.it\/wp-content\/uploads\/2023\/07\/air-tech-light-new-classic.jpg\",\"width\":1575,\"height\":1575,\"caption\":\"air-tech-light-new-classic\"},{\"@type\":\"BreadcrumbList\",\"@id\":\"https:\/\/www.sestogrado.it\/it\/prodotto\/grivel-air-tech-light-new-classic-evo-ramponi-universali\/#breadcrumb\",\"itemListElement\":[{\"@type\":\"ListItem\",\"position\":1,\"name\":\"Home\",\"item\":\"https:\/\/www.sestogrado.it\/it\/\"},{\"@type\":\"ListItem\",\"position\":2,\"name\":\"Shop\",\"item\":\"https:\/\/www.sestogrado.it\/it\/shop\/\"},{\"@type\":\"ListItem\",\"position\":3,\"name\":\"Grivel Air Tech Light New Classic EVO ramponi universali\"}]},{\"@type\":\"WebSite\",\"@id\":\"https:\/\/www.sestogrado.it\/it\/#website\",\"url\":\"https:\/\/www.sestogrado.it\/it\/\",\"name\":\"Sestogrado\",\"description\":\"yes we climb\",\"publisher\":{\"@id\":\"https:\/\/www.sestogrado.it\/it\/#organization\"},\"potentialAction\":[{\"@type\":\"SearchAction\",\"target\":{\"@type\":\"EntryPoint\",\"urlTemplate\":\"https:\/\/www.sestogrado.it\/it\/?s={search_term_string}\"},\"query-input\":{\"@type\":\"PropertyValueSpecification\",\"valueRequired\":true,\"valueName\":\"search_term_string\"}}],\"inLanguage\":\"it-IT\"},{\"@type\":\"Organization\",\"@id\":\"https:\/\/www.sestogrado.it\/it\/#organization\",\"name\":\"Sestogrado\",\"url\":\"https:\/\/www.sestogrado.it\/it\/\",\"logo\":{\"@type\":\"ImageObject\",\"inLanguage\":\"it-IT\",\"@id\":\"https:\/\/www.sestogrado.it\/it\/#\/schema\/logo\/image\/\",\"url\":\"https:\/\/www.sestogrado.it\/wp-content\/uploads\/2015\/03\/sestogrado-favicon.png\",\"contentUrl\":\"https:\/\/www.sestogrado.it\/wp-content\/uploads\/2015\/03\/sestogrado-favicon.png\",\"width\":260,\"height\":260,\"caption\":\"Sestogrado\"},\"image\":{\"@id\":\"https:\/\/www.sestogrado.it\/it\/#\/schema\/logo\/image\/\"},\"sameAs\":[\"https:\/\/www.facebook.com\/pages\/Sestogrado\/1542635979353017?ref=bookmarks\",\"https:\/\/www.youtube.com\/channel\/UC847kAfTkaJsWpc1jtQwr3Q\"],\"hasMerchantReturnPolicy\":{\"@type\":\"MerchantReturnPolicy\",\"merchantReturnLink\":\"https:\/\/www.sestogrado.it\/it\/termini-e-condizioni\/\"}}]}<\/script>\n<meta property=\"product:brand\" content=\"Grivel\" \/>\n<meta property=\"product:price:amount\" content=\"149.00\" \/>\n<meta property=\"product:price:currency\" content=\"EUR\" \/>\n<meta property=\"og:availability\" content=\"instock\" \/>\n<meta property=\"product:availability\" content=\"instock\" \/>\n<meta property=\"product:condition\" content=\"new\" \/>\n<!-- \/ Yoast SEO plugin. -->","yoast_head_json":{"title":"Grivel Air Tech Light New Classic EVO ramponi universali - Sestogrado","description":"Air Tech Light New Classic EVO, in alluminio \u00e8 uno stretto parente della famiglia Air Tech ma pensato per avere un peso nettamente inferiore. Adatto sia per l'alpinismo che per lo sci alpinismo. Possiede 12 punte distribuite in modo da permettere delle performance incredibili su ghiaccio e neve. Barretta centrale flessibile in acciaio, per seguire ogni movimento del nostro piede.Dotati di sistema New Classic in versione EVO, sono un rampone universale in grado di accogliere qualsiasi tipo di scarpone, anche quelli sprovvisti di bordo anteriore e posteriore.Il nuovo sistema di allacciatura posteriore EVO \u00e8 pi\u00f9 moderno, leggero e minimale, rispetto alla versione precedente. La nuova leva e staffa posteriori sono pi\u00f9 semplici. La fettuccia \u00e8 pi\u00f9 leggera e sottile (12mm invece di 14mm) e la fibbia \u00e8 pi\u00f9 minimale, facile da usare e con forte tenuta.","robots":{"index":"index","follow":"follow","max-snippet":"max-snippet:-1","max-image-preview":"max-image-preview:large","max-video-preview":"max-video-preview:-1"},"canonical":"https:\/\/www.sestogrado.it\/it\/prodotto\/grivel-air-tech-light-new-classic-evo-ramponi-universali\/","og_locale":"it_IT","og_type":"article","og_title":"Grivel Air Tech Light New Classic EVO ramponi universali - Sestogrado","og_description":"Air Tech Light New Classic EVO, in alluminio \u00e8 uno stretto parente della famiglia Air Tech ma pensato per avere un peso nettamente inferiore. Adatto sia per l'alpinismo che per lo sci alpinismo. Possiede 12 punte distribuite in modo da permettere delle performance incredibili su ghiaccio e neve. Barretta centrale flessibile in acciaio, per seguire ogni movimento del nostro piede.Dotati di sistema New Classic in versione EVO, sono un rampone universale in grado di accogliere qualsiasi tipo di scarpone, anche quelli sprovvisti di bordo anteriore e posteriore.Il nuovo sistema di allacciatura posteriore EVO \u00e8 pi\u00f9 moderno, leggero e minimale, rispetto alla versione precedente. La nuova leva e staffa posteriori sono pi\u00f9 semplici. La fettuccia \u00e8 pi\u00f9 leggera e sottile (12mm invece di 14mm) e la fibbia \u00e8 pi\u00f9 minimale, facile da usare e con forte tenuta.","og_url":"https:\/\/www.sestogrado.it\/it\/prodotto\/grivel-air-tech-light-new-classic-evo-ramponi-universali\/","og_site_name":"Sestogrado","article_publisher":"https:\/\/www.facebook.com\/pages\/Sestogrado\/1542635979353017?ref=bookmarks","article_modified_time":"2026-01-27T06:45:49+00:00","og_image":[{"width":1575,"height":1575,"url":"https:\/\/www.sestogrado.it\/wp-content\/uploads\/2023\/07\/air-tech-light-new-classic.jpg","type":"image\/jpeg"}],"twitter_misc":{"Prezzo":"&euro;&nbsp;149,00","Disponibilit\u00e0":"In stock"},"schema":{"@context":"https:\/\/schema.org","@graph":[{"@type":"WebPage","@id":"https:\/\/www.sestogrado.it\/it\/prodotto\/grivel-air-tech-light-new-classic-evo-ramponi-universali\/","url":"https:\/\/www.sestogrado.it\/it\/prodotto\/grivel-air-tech-light-new-classic-evo-ramponi-universali\/","name":"Grivel Air Tech Light New Classic EVO ramponi universali - Sestogrado","isPartOf":{"@id":"https:\/\/www.sestogrado.it\/it\/#website"},"primaryImageOfPage":{"@id":"https:\/\/www.sestogrado.it\/it\/prodotto\/grivel-air-tech-light-new-classic-evo-ramponi-universali\/#primaryimage"},"image":{"@id":"https:\/\/www.sestogrado.it\/prodotto\/grivel-air-tech-light-new-classic-evo-ramponi-universali\/#primaryimage"},"thumbnailUrl":"https:\/\/www.sestogrado.it\/wp-content\/uploads\/2023\/07\/air-tech-light-new-classic.jpg","datePublished":"2023-07-27T13:24:14+00:00","dateModified":"2026-01-27T06:45:49+00:00","description":"Air Tech Light New Classic EVO, in alluminio \u00e8 uno stretto parente della famiglia Air Tech ma pensato per avere un peso nettamente inferiore. Adatto sia per l'alpinismo che per lo sci alpinismo. Possiede 12 punte distribuite in modo da permettere delle performance incredibili su ghiaccio e neve. Barretta centrale flessibile in acciaio, per seguire ogni movimento del nostro piede.Dotati di sistema New Classic in versione EVO, sono un rampone universale in grado di accogliere qualsiasi tipo di scarpone, anche quelli sprovvisti di bordo anteriore e posteriore.Il nuovo sistema di allacciatura posteriore EVO \u00e8 pi\u00f9 moderno, leggero e minimale, rispetto alla versione precedente. La nuova leva e staffa posteriori sono pi\u00f9 semplici. La fettuccia \u00e8 pi\u00f9 leggera e sottile (12mm invece di 14mm) e la fibbia \u00e8 pi\u00f9 minimale, facile da usare e con forte tenuta.","breadcrumb":{"@id":"https:\/\/www.sestogrado.it\/it\/prodotto\/grivel-air-tech-light-new-classic-evo-ramponi-universali\/#breadcrumb"},"inLanguage":"it-IT","potentialAction":[{"@type":"ReadAction","target":[["https:\/\/www.sestogrado.it\/it\/prodotto\/grivel-air-tech-light-new-classic-evo-ramponi-universali\/"]]}]},{"@type":"ImageObject","inLanguage":"it-IT","@id":"https:\/\/www.sestogrado.it\/it\/prodotto\/grivel-air-tech-light-new-classic-evo-ramponi-universali\/#primaryimage","url":"https:\/\/www.sestogrado.it\/wp-content\/uploads\/2023\/07\/air-tech-light-new-classic.jpg","contentUrl":"https:\/\/www.sestogrado.it\/wp-content\/uploads\/2023\/07\/air-tech-light-new-classic.jpg","width":1575,"height":1575,"caption":"air-tech-light-new-classic"},{"@type":"BreadcrumbList","@id":"https:\/\/www.sestogrado.it\/it\/prodotto\/grivel-air-tech-light-new-classic-evo-ramponi-universali\/#breadcrumb","itemListElement":[{"@type":"ListItem","position":1,"name":"Home","item":"https:\/\/www.sestogrado.it\/it\/"},{"@type":"ListItem","position":2,"name":"Shop","item":"https:\/\/www.sestogrado.it\/it\/shop\/"},{"@type":"ListItem","position":3,"name":"Grivel Air Tech Light New Classic EVO ramponi universali"}]},{"@type":"WebSite","@id":"https:\/\/www.sestogrado.it\/it\/#website","url":"https:\/\/www.sestogrado.it\/it\/","name":"Sestogrado","description":"yes we climb","publisher":{"@id":"https:\/\/www.sestogrado.it\/it\/#organization"},"potentialAction":[{"@type":"SearchAction","target":{"@type":"EntryPoint","urlTemplate":"https:\/\/www.sestogrado.it\/it\/?s={search_term_string}"},"query-input":{"@type":"PropertyValueSpecification","valueRequired":true,"valueName":"search_term_string"}}],"inLanguage":"it-IT"},{"@type":"Organization","@id":"https:\/\/www.sestogrado.it\/it\/#organization","name":"Sestogrado","url":"https:\/\/www.sestogrado.it\/it\/","logo":{"@type":"ImageObject","inLanguage":"it-IT","@id":"https:\/\/www.sestogrado.it\/it\/#\/schema\/logo\/image\/","url":"https:\/\/www.sestogrado.it\/wp-content\/uploads\/2015\/03\/sestogrado-favicon.png","contentUrl":"https:\/\/www.sestogrado.it\/wp-content\/uploads\/2015\/03\/sestogrado-favicon.png","width":260,"height":260,"caption":"Sestogrado"},"image":{"@id":"https:\/\/www.sestogrado.it\/it\/#\/schema\/logo\/image\/"},"sameAs":["https:\/\/www.facebook.com\/pages\/Sestogrado\/1542635979353017?ref=bookmarks","https:\/\/www.youtube.com\/channel\/UC847kAfTkaJsWpc1jtQwr3Q"],"hasMerchantReturnPolicy":{"@type":"MerchantReturnPolicy","merchantReturnLink":"https:\/\/www.sestogrado.it\/it\/termini-e-condizioni\/"}}]},"product_brand":"Grivel","product_price_amount":"149.00","product_price_currency":"EUR","og_availability":"instock","product_availability":"instock","product_condition":"new"},"_links":{"self":[{"href":"https:\/\/www.sestogrado.it\/it\/wp-json\/wp\/v2\/product\/138343","targetHints":{"allow":["GET"]}}],"collection":[{"href":"https:\/\/www.sestogrado.it\/it\/wp-json\/wp\/v2\/product"}],"about":[{"href":"https:\/\/www.sestogrado.it\/it\/wp-json\/wp\/v2\/types\/product"}],"replies":[{"embeddable":true,"href":"https:\/\/www.sestogrado.it\/it\/wp-json\/wp\/v2\/comments?post=138343"}],"wp:featuredmedia":[{"embeddable":true,"href":"https:\/\/www.sestogrado.it\/it\/wp-json\/wp\/v2\/media\/138344"}],"wp:attachment":[{"href":"https:\/\/www.sestogrado.it\/it\/wp-json\/wp\/v2\/media?parent=138343"}],"wp:term":[{"taxonomy":"product_brand","embeddable":true,"href":"https:\/\/www.sestogrado.it\/it\/wp-json\/wp\/v2\/product_brand?post=138343"},{"taxonomy":"product_cat","embeddable":true,"href":"https:\/\/www.sestogrado.it\/it\/wp-json\/wp\/v2\/product_cat?post=138343"},{"taxonomy":"product_tag","embeddable":true,"href":"https:\/\/www.sestogrado.it\/it\/wp-json\/wp\/v2\/product_tag?post=138343"}],"curies":[{"name":"wp","href":"https:\/\/api.w.org\/{rel}","templated":true}]}}