{"id":137511,"date":"2023-07-17T14:08:50","date_gmt":"2023-07-17T12:08:50","guid":{"rendered":"https:\/\/www.sestogrado.it\/?post_type=product&#038;p=137511"},"modified":"2024-06-28T00:54:03","modified_gmt":"2024-06-27T22:54:03","slug":"dolomiti-53-itinerari-raccontati","status":"publish","type":"product","link":"https:\/\/www.sestogrado.it\/it\/prodotto\/dolomiti-53-itinerari-raccontati\/","title":{"rendered":"Dolomiti 53 itinerari raccontati"},"content":{"rendered":"<p><strong>Heinz<\/strong>\u00a0<strong>Grill<\/strong>\u00a0\u00e8 uno dei personaggi pi\u00f9 conosciuti nel mondo dell\u2019alpinismo di lingua tedesca, non per le sue prestazioni sportive, ma per\u00a0<strong>il suo modo di vivere l\u2019arrampicata<\/strong>: per Heinz esso \u00e8 volto alla ricerca del\u00a0<strong>piacere estatico insito nel gesto corporeo<\/strong>\u00a0<strong>e nel rapporto con l\u2019ambiente<\/strong>\u00a0in cui questo si esprime.<\/p>\n<p>Nel presente volume, insieme al suo grande amico e compagno\u00a0<strong>Florian<\/strong>\u00a0<strong>Kluckner<\/strong>, Heinz presenta\u00a0<strong>una selezione dei migliori itinerari da loro aperti in Dolomiti<\/strong>, guidando il lettore non solo alla loro ripetizione, ma anche alla scoperta delle\u00a0<strong>ricchezze \u201cspirituali\u201d pi\u00f9 profonde<\/strong>\u00a0che essi contengono.<\/p>\n<p>Gli itinerari sono corredati da\u00a0<strong>racconti delle salite<\/strong>, fatti dagli autori o dai loro compagni di cordata, alcuni dai nomi prestigiosi anche in Italia come\u00a0<strong>Ivo<\/strong>\u00a0<strong>Rabanser<\/strong>.<strong>\u00a0Le foto e gli schizzi<\/strong>, tutti\u00a0<strong>ad opera degli stessi apritori<\/strong>, garantiscono la miglior qualit\u00e0 anche nella\u00a0<strong>descrizione tecnica degli itinerari<\/strong>, tutti\u00a0<strong>di<\/strong>\u00a0<strong>lungo<\/strong>\u00a0<strong>sviluppo<\/strong>\u00a0e di\u00a0<strong>difficolt\u00e0 alpinistiche comprese tra il V e il VII grado UIAA<\/strong>.<\/p>\n<p><strong>Heinz<\/strong>\u00a0<strong>Grill<\/strong>\u00a0\u00e8 cresciuto a Soyen, un paesino della Germania del sud vicino a Wasserburg am Inn, e ha iniziato ad arrampicare gi\u00e0 a 12 anni. Da giovane ha sviluppato uno stile di arrampicata free solo piuttosto inusuale per l\u2019epoca. Ha scalato circa 400 grandi e difficili vie alpine nei Monti del Karwendel, nei Monti del<br \/>\nKaiser, nei Reiter Alm e nelle Dolomiti. Dopo essersi trasferito dalla Germania del sud ad Arco, in Trentino, si \u00e8 dedicato principalmente all\u2019apertura di oltre 115 nuove vie di arrampicata. Nel farlo ha attribuito grande importanza a mettere in rilievo e stimolare il lato spirituale e sensoriale delle persone, come \u00e8 tipico della sua filosofia di vita. In Valle del Sarca questo \u00e8 stato possibile grazie allo sviluppo della cosiddetta arrampicata ritmica, che ben si adatta alle pareti pi\u00f9 accoglienti e meno impegnative. Ma a partire dal 2005, e sempre di pi\u00f9 negli ultimi anni, Heinz Grill ha aperto nuove vie anche sulle Dolomiti, con l\u2019obiettivo di fare apprezzare ai ripetitori l\u2019esperienza delle specifiche caratteristiche di ogni via in questa regione alpinisticamente impegnativa.<\/p>\n<p><strong>Florian<\/strong>\u00a0<strong>Kluckner<\/strong>\u00a0\u00e8 nato a Innsbruck, in Austria. Dal 1990 \u00e8 guida alpina, scialpinistica e istruttore di arrampicata; ha arrampicato fino all\u20198b con la salita sul Cerro Torre, in Patagonia. Nel 1994 ha incontrato Heinz Grill, e tramite lui ha imparato nuove possibilit\u00e0 per approfondire il rapporto con l\u2019alpinismo e l\u2019arrampicata. Dal 2006 ha aperto circa 100 nuove vie in Valle del Sarca, Dolomiti, Sicilia e Piemonte. Come autore ha pubblicato tra le altre cose la brochure \u201cDie Kunst der empfindsamen Bewegung\u201d (L\u2019arte del movimento sensibile, 2014), le guide di arrampicata \u201cArco Plaisir\u201d (2016) e \u201cKunst und Klettern\u201d (Arte e arrampicata, 2019), cos\u00ec come diversi articoli su riviste di alpinismo.<\/p>\n<p>Sfoglia:<\/p>\n<p>https:\/\/issuu.com\/edizioni_versante_sud\/docs\/dolomiti-grill-kluckner_ita_issuu<\/p>","protected":false},"excerpt":{"rendered":"<p>Heinz\u00a0Grill\u00a0\u00e8 uno dei personaggi pi\u00f9 conosciuti nel mondo dell\u2019alpinismo di lingua tedesca, non per le sue prestazioni sportive, ma per\u00a0il [&hellip;]<\/p>\n","protected":false},"featured_media":137514,"comment_status":"open","ping_status":"closed","template":"","meta":{"_acf_changed":false},"product_brand":[99],"product_cat":[98],"product_tag":[],"class_list":{"0":"post-137511","1":"product","2":"type-product","3":"status-publish","4":"has-post-thumbnail","6":"product_brand-versante-sud","7":"product_cat-libri","9":"first","10":"instock","11":"taxable","12":"shipping-taxable","13":"purchasable","14":"product-type-simple"},"acf":[],"yoast_head":"<!-- This site is optimized with the Yoast SEO plugin v26.4 - https:\/\/yoast.com\/wordpress\/plugins\/seo\/ -->\n<title>Dolomiti 53 itinerari raccontati - Sestogrado<\/title>\n<meta name=\"description\" content=\"Heinz\u00a0Grill\u00a0\u00e8 uno dei personaggi pi\u00f9 conosciuti nel mondo dell\u2019alpinismo di lingua tedesca, non per le sue prestazioni sportive, ma per\u00a0il suo modo di vivere l\u2019arrampicata: per Heinz esso \u00e8 volto alla ricerca del\u00a0piacere estatico insito nel gesto corporeo\u00a0e nel rapporto con l\u2019ambiente\u00a0in cui questo si esprime.Nel presente volume, insieme al suo grande amico e compagno\u00a0Florian\u00a0Kluckner, Heinz presenta\u00a0una selezione dei migliori itinerari da loro aperti in Dolomiti, guidando il lettore non solo alla loro ripetizione, ma anche alla scoperta delle\u00a0ricchezze \u201cspirituali\u201d pi\u00f9 profonde\u00a0che essi contengono.Gli itinerari sono corredati da\u00a0racconti delle salite, fatti dagli autori o dai loro compagni di cordata, alcuni dai nomi prestigiosi anche in Italia come\u00a0Ivo\u00a0Rabanser.\u00a0Le foto e gli schizzi, tutti\u00a0ad opera degli stessi apritori, garantiscono la miglior qualit\u00e0 anche nella\u00a0descrizione tecnica degli itinerari, tutti\u00a0di\u00a0lungo\u00a0sviluppo\u00a0e di\u00a0difficolt\u00e0 alpinistiche comprese tra il V e il VII grado UIAA.\" \/>\n<meta name=\"robots\" content=\"index, follow, max-snippet:-1, max-image-preview:large, max-video-preview:-1\" \/>\n<link rel=\"canonical\" href=\"https:\/\/www.sestogrado.it\/it\/prodotto\/dolomiti-53-itinerari-raccontati\/\" \/>\n<meta property=\"og:locale\" content=\"it_IT\" \/>\n<meta property=\"og:type\" content=\"article\" \/>\n<meta property=\"og:title\" content=\"Dolomiti 53 itinerari raccontati - Sestogrado\" \/>\n<meta property=\"og:description\" content=\"Heinz\u00a0Grill\u00a0\u00e8 uno dei personaggi pi\u00f9 conosciuti nel mondo dell\u2019alpinismo di lingua tedesca, non per le sue prestazioni sportive, ma per\u00a0il suo modo di vivere l\u2019arrampicata: per Heinz esso \u00e8 volto alla ricerca del\u00a0piacere estatico insito nel gesto corporeo\u00a0e nel rapporto con l\u2019ambiente\u00a0in cui questo si esprime.Nel presente volume, insieme al suo grande amico e compagno\u00a0Florian\u00a0Kluckner, Heinz presenta\u00a0una selezione dei migliori itinerari da loro aperti in Dolomiti, guidando il lettore non solo alla loro ripetizione, ma anche alla scoperta delle\u00a0ricchezze \u201cspirituali\u201d pi\u00f9 profonde\u00a0che essi contengono.Gli itinerari sono corredati da\u00a0racconti delle salite, fatti dagli autori o dai loro compagni di cordata, alcuni dai nomi prestigiosi anche in Italia come\u00a0Ivo\u00a0Rabanser.\u00a0Le foto e gli schizzi, tutti\u00a0ad opera degli stessi apritori, garantiscono la miglior qualit\u00e0 anche nella\u00a0descrizione tecnica degli itinerari, tutti\u00a0di\u00a0lungo\u00a0sviluppo\u00a0e di\u00a0difficolt\u00e0 alpinistiche comprese tra il V e il VII grado UIAA.\" \/>\n<meta property=\"og:url\" content=\"https:\/\/www.sestogrado.it\/it\/prodotto\/dolomiti-53-itinerari-raccontati\/\" \/>\n<meta property=\"og:site_name\" content=\"Sestogrado\" \/>\n<meta property=\"article:publisher\" content=\"https:\/\/www.facebook.com\/pages\/Sestogrado\/1542635979353017?ref=bookmarks\" \/>\n<meta property=\"article:modified_time\" content=\"2024-06-27T22:54:03+00:00\" \/>\n<meta property=\"og:image\" content=\"https:\/\/www.sestogrado.it\/wp-content\/uploads\/2023\/07\/04-2.jpg\" \/>\n\t<meta property=\"og:image:width\" content=\"900\" \/>\n\t<meta property=\"og:image:height\" content=\"900\" \/>\n\t<meta property=\"og:image:type\" content=\"image\/jpeg\" \/>\n<meta name=\"twitter:label1\" content=\"Prezzo\" \/>\n\t<meta name=\"twitter:data1\" content=\"&euro;&nbsp;35,00\" \/>\n\t<meta name=\"twitter:label2\" content=\"Disponibilit\u00e0\" \/>\n\t<meta name=\"twitter:data2\" content=\"In stock\" \/>\n<script type=\"application\/ld+json\" class=\"yoast-schema-graph\">{\"@context\":\"https:\/\/schema.org\",\"@graph\":[{\"@type\":\"WebPage\",\"@id\":\"https:\/\/www.sestogrado.it\/it\/prodotto\/dolomiti-53-itinerari-raccontati\/\",\"url\":\"https:\/\/www.sestogrado.it\/it\/prodotto\/dolomiti-53-itinerari-raccontati\/\",\"name\":\"Dolomiti 53 itinerari raccontati - Sestogrado\",\"isPartOf\":{\"@id\":\"https:\/\/www.sestogrado.it\/it\/#website\"},\"primaryImageOfPage\":{\"@id\":\"https:\/\/www.sestogrado.it\/it\/prodotto\/dolomiti-53-itinerari-raccontati\/#primaryimage\"},\"image\":{\"@id\":\"https:\/\/www.sestogrado.it\/prodotto\/dolomiti-53-itinerari-raccontati\/#primaryimage\"},\"thumbnailUrl\":\"https:\/\/www.sestogrado.it\/wp-content\/uploads\/2023\/07\/04-2.jpg\",\"datePublished\":\"2023-07-17T12:08:50+00:00\",\"dateModified\":\"2024-06-27T22:54:03+00:00\",\"description\":\"Heinz\u00a0Grill\u00a0\u00e8 uno dei personaggi pi\u00f9 conosciuti nel mondo dell\u2019alpinismo di lingua tedesca, non per le sue prestazioni sportive, ma per\u00a0il suo modo di vivere l\u2019arrampicata: per Heinz esso \u00e8 volto alla ricerca del\u00a0piacere estatico insito nel gesto corporeo\u00a0e nel rapporto con l\u2019ambiente\u00a0in cui questo si esprime.Nel presente volume, insieme al suo grande amico e compagno\u00a0Florian\u00a0Kluckner, Heinz presenta\u00a0una selezione dei migliori itinerari da loro aperti in Dolomiti, guidando il lettore non solo alla loro ripetizione, ma anche alla scoperta delle\u00a0ricchezze \u201cspirituali\u201d pi\u00f9 profonde\u00a0che essi contengono.Gli itinerari sono corredati da\u00a0racconti delle salite, fatti dagli autori o dai loro compagni di cordata, alcuni dai nomi prestigiosi anche in Italia come\u00a0Ivo\u00a0Rabanser.\u00a0Le foto e gli schizzi, tutti\u00a0ad opera degli stessi apritori, garantiscono la miglior qualit\u00e0 anche nella\u00a0descrizione tecnica degli itinerari, tutti\u00a0di\u00a0lungo\u00a0sviluppo\u00a0e di\u00a0difficolt\u00e0 alpinistiche comprese tra il V e il VII grado UIAA.\",\"breadcrumb\":{\"@id\":\"https:\/\/www.sestogrado.it\/it\/prodotto\/dolomiti-53-itinerari-raccontati\/#breadcrumb\"},\"inLanguage\":\"it-IT\",\"potentialAction\":[{\"@type\":\"ReadAction\",\"target\":[[\"https:\/\/www.sestogrado.it\/it\/prodotto\/dolomiti-53-itinerari-raccontati\/\"]]}]},{\"@type\":\"ImageObject\",\"inLanguage\":\"it-IT\",\"@id\":\"https:\/\/www.sestogrado.it\/it\/prodotto\/dolomiti-53-itinerari-raccontati\/#primaryimage\",\"url\":\"https:\/\/www.sestogrado.it\/wp-content\/uploads\/2023\/07\/04-2.jpg\",\"contentUrl\":\"https:\/\/www.sestogrado.it\/wp-content\/uploads\/2023\/07\/04-2.jpg\",\"width\":900,\"height\":900,\"caption\":\"dolomiti 53 itinerari\"},{\"@type\":\"BreadcrumbList\",\"@id\":\"https:\/\/www.sestogrado.it\/it\/prodotto\/dolomiti-53-itinerari-raccontati\/#breadcrumb\",\"itemListElement\":[{\"@type\":\"ListItem\",\"position\":1,\"name\":\"Home\",\"item\":\"https:\/\/www.sestogrado.it\/it\/\"},{\"@type\":\"ListItem\",\"position\":2,\"name\":\"Shop\",\"item\":\"https:\/\/www.sestogrado.it\/it\/shop\/\"},{\"@type\":\"ListItem\",\"position\":3,\"name\":\"Dolomiti 53 itinerari raccontati\"}]},{\"@type\":\"WebSite\",\"@id\":\"https:\/\/www.sestogrado.it\/it\/#website\",\"url\":\"https:\/\/www.sestogrado.it\/it\/\",\"name\":\"Sestogrado\",\"description\":\"yes we climb\",\"publisher\":{\"@id\":\"https:\/\/www.sestogrado.it\/it\/#organization\"},\"potentialAction\":[{\"@type\":\"SearchAction\",\"target\":{\"@type\":\"EntryPoint\",\"urlTemplate\":\"https:\/\/www.sestogrado.it\/it\/?s={search_term_string}\"},\"query-input\":{\"@type\":\"PropertyValueSpecification\",\"valueRequired\":true,\"valueName\":\"search_term_string\"}}],\"inLanguage\":\"it-IT\"},{\"@type\":\"Organization\",\"@id\":\"https:\/\/www.sestogrado.it\/it\/#organization\",\"name\":\"Sestogrado\",\"url\":\"https:\/\/www.sestogrado.it\/it\/\",\"logo\":{\"@type\":\"ImageObject\",\"inLanguage\":\"it-IT\",\"@id\":\"https:\/\/www.sestogrado.it\/it\/#\/schema\/logo\/image\/\",\"url\":\"https:\/\/www.sestogrado.it\/wp-content\/uploads\/2015\/03\/sestogrado-favicon.png\",\"contentUrl\":\"https:\/\/www.sestogrado.it\/wp-content\/uploads\/2015\/03\/sestogrado-favicon.png\",\"width\":260,\"height\":260,\"caption\":\"Sestogrado\"},\"image\":{\"@id\":\"https:\/\/www.sestogrado.it\/it\/#\/schema\/logo\/image\/\"},\"sameAs\":[\"https:\/\/www.facebook.com\/pages\/Sestogrado\/1542635979353017?ref=bookmarks\",\"https:\/\/www.youtube.com\/channel\/UC847kAfTkaJsWpc1jtQwr3Q\"],\"hasMerchantReturnPolicy\":{\"@type\":\"MerchantReturnPolicy\",\"merchantReturnLink\":\"https:\/\/www.sestogrado.it\/it\/termini-e-condizioni\/\"}}]}<\/script>\n<meta property=\"product:brand\" content=\"Versante Sud\" \/>\n<meta property=\"product:price:amount\" content=\"35.00\" \/>\n<meta property=\"product:price:currency\" content=\"EUR\" \/>\n<meta property=\"og:availability\" content=\"instock\" \/>\n<meta property=\"product:availability\" content=\"instock\" \/>\n<meta property=\"product:condition\" content=\"new\" \/>\n<!-- \/ Yoast SEO plugin. -->","yoast_head_json":{"title":"Dolomiti 53 itinerari raccontati - Sestogrado","description":"Heinz\u00a0Grill\u00a0\u00e8 uno dei personaggi pi\u00f9 conosciuti nel mondo dell\u2019alpinismo di lingua tedesca, non per le sue prestazioni sportive, ma per\u00a0il suo modo di vivere l\u2019arrampicata: per Heinz esso \u00e8 volto alla ricerca del\u00a0piacere estatico insito nel gesto corporeo\u00a0e nel rapporto con l\u2019ambiente\u00a0in cui questo si esprime.Nel presente volume, insieme al suo grande amico e compagno\u00a0Florian\u00a0Kluckner, Heinz presenta\u00a0una selezione dei migliori itinerari da loro aperti in Dolomiti, guidando il lettore non solo alla loro ripetizione, ma anche alla scoperta delle\u00a0ricchezze \u201cspirituali\u201d pi\u00f9 profonde\u00a0che essi contengono.Gli itinerari sono corredati da\u00a0racconti delle salite, fatti dagli autori o dai loro compagni di cordata, alcuni dai nomi prestigiosi anche in Italia come\u00a0Ivo\u00a0Rabanser.\u00a0Le foto e gli schizzi, tutti\u00a0ad opera degli stessi apritori, garantiscono la miglior qualit\u00e0 anche nella\u00a0descrizione tecnica degli itinerari, tutti\u00a0di\u00a0lungo\u00a0sviluppo\u00a0e di\u00a0difficolt\u00e0 alpinistiche comprese tra il V e il VII grado UIAA.","robots":{"index":"index","follow":"follow","max-snippet":"max-snippet:-1","max-image-preview":"max-image-preview:large","max-video-preview":"max-video-preview:-1"},"canonical":"https:\/\/www.sestogrado.it\/it\/prodotto\/dolomiti-53-itinerari-raccontati\/","og_locale":"it_IT","og_type":"article","og_title":"Dolomiti 53 itinerari raccontati - Sestogrado","og_description":"Heinz\u00a0Grill\u00a0\u00e8 uno dei personaggi pi\u00f9 conosciuti nel mondo dell\u2019alpinismo di lingua tedesca, non per le sue prestazioni sportive, ma per\u00a0il suo modo di vivere l\u2019arrampicata: per Heinz esso \u00e8 volto alla ricerca del\u00a0piacere estatico insito nel gesto corporeo\u00a0e nel rapporto con l\u2019ambiente\u00a0in cui questo si esprime.Nel presente volume, insieme al suo grande amico e compagno\u00a0Florian\u00a0Kluckner, Heinz presenta\u00a0una selezione dei migliori itinerari da loro aperti in Dolomiti, guidando il lettore non solo alla loro ripetizione, ma anche alla scoperta delle\u00a0ricchezze \u201cspirituali\u201d pi\u00f9 profonde\u00a0che essi contengono.Gli itinerari sono corredati da\u00a0racconti delle salite, fatti dagli autori o dai loro compagni di cordata, alcuni dai nomi prestigiosi anche in Italia come\u00a0Ivo\u00a0Rabanser.\u00a0Le foto e gli schizzi, tutti\u00a0ad opera degli stessi apritori, garantiscono la miglior qualit\u00e0 anche nella\u00a0descrizione tecnica degli itinerari, tutti\u00a0di\u00a0lungo\u00a0sviluppo\u00a0e di\u00a0difficolt\u00e0 alpinistiche comprese tra il V e il VII grado UIAA.","og_url":"https:\/\/www.sestogrado.it\/it\/prodotto\/dolomiti-53-itinerari-raccontati\/","og_site_name":"Sestogrado","article_publisher":"https:\/\/www.facebook.com\/pages\/Sestogrado\/1542635979353017?ref=bookmarks","article_modified_time":"2024-06-27T22:54:03+00:00","og_image":[{"width":900,"height":900,"url":"https:\/\/www.sestogrado.it\/wp-content\/uploads\/2023\/07\/04-2.jpg","type":"image\/jpeg"}],"twitter_misc":{"Prezzo":"&euro;&nbsp;35,00","Disponibilit\u00e0":"In stock"},"schema":{"@context":"https:\/\/schema.org","@graph":[{"@type":"WebPage","@id":"https:\/\/www.sestogrado.it\/it\/prodotto\/dolomiti-53-itinerari-raccontati\/","url":"https:\/\/www.sestogrado.it\/it\/prodotto\/dolomiti-53-itinerari-raccontati\/","name":"Dolomiti 53 itinerari raccontati - Sestogrado","isPartOf":{"@id":"https:\/\/www.sestogrado.it\/it\/#website"},"primaryImageOfPage":{"@id":"https:\/\/www.sestogrado.it\/it\/prodotto\/dolomiti-53-itinerari-raccontati\/#primaryimage"},"image":{"@id":"https:\/\/www.sestogrado.it\/prodotto\/dolomiti-53-itinerari-raccontati\/#primaryimage"},"thumbnailUrl":"https:\/\/www.sestogrado.it\/wp-content\/uploads\/2023\/07\/04-2.jpg","datePublished":"2023-07-17T12:08:50+00:00","dateModified":"2024-06-27T22:54:03+00:00","description":"Heinz\u00a0Grill\u00a0\u00e8 uno dei personaggi pi\u00f9 conosciuti nel mondo dell\u2019alpinismo di lingua tedesca, non per le sue prestazioni sportive, ma per\u00a0il suo modo di vivere l\u2019arrampicata: per Heinz esso \u00e8 volto alla ricerca del\u00a0piacere estatico insito nel gesto corporeo\u00a0e nel rapporto con l\u2019ambiente\u00a0in cui questo si esprime.Nel presente volume, insieme al suo grande amico e compagno\u00a0Florian\u00a0Kluckner, Heinz presenta\u00a0una selezione dei migliori itinerari da loro aperti in Dolomiti, guidando il lettore non solo alla loro ripetizione, ma anche alla scoperta delle\u00a0ricchezze \u201cspirituali\u201d pi\u00f9 profonde\u00a0che essi contengono.Gli itinerari sono corredati da\u00a0racconti delle salite, fatti dagli autori o dai loro compagni di cordata, alcuni dai nomi prestigiosi anche in Italia come\u00a0Ivo\u00a0Rabanser.\u00a0Le foto e gli schizzi, tutti\u00a0ad opera degli stessi apritori, garantiscono la miglior qualit\u00e0 anche nella\u00a0descrizione tecnica degli itinerari, tutti\u00a0di\u00a0lungo\u00a0sviluppo\u00a0e di\u00a0difficolt\u00e0 alpinistiche comprese tra il V e il VII grado UIAA.","breadcrumb":{"@id":"https:\/\/www.sestogrado.it\/it\/prodotto\/dolomiti-53-itinerari-raccontati\/#breadcrumb"},"inLanguage":"it-IT","potentialAction":[{"@type":"ReadAction","target":[["https:\/\/www.sestogrado.it\/it\/prodotto\/dolomiti-53-itinerari-raccontati\/"]]}]},{"@type":"ImageObject","inLanguage":"it-IT","@id":"https:\/\/www.sestogrado.it\/it\/prodotto\/dolomiti-53-itinerari-raccontati\/#primaryimage","url":"https:\/\/www.sestogrado.it\/wp-content\/uploads\/2023\/07\/04-2.jpg","contentUrl":"https:\/\/www.sestogrado.it\/wp-content\/uploads\/2023\/07\/04-2.jpg","width":900,"height":900,"caption":"dolomiti 53 itinerari"},{"@type":"BreadcrumbList","@id":"https:\/\/www.sestogrado.it\/it\/prodotto\/dolomiti-53-itinerari-raccontati\/#breadcrumb","itemListElement":[{"@type":"ListItem","position":1,"name":"Home","item":"https:\/\/www.sestogrado.it\/it\/"},{"@type":"ListItem","position":2,"name":"Shop","item":"https:\/\/www.sestogrado.it\/it\/shop\/"},{"@type":"ListItem","position":3,"name":"Dolomiti 53 itinerari raccontati"}]},{"@type":"WebSite","@id":"https:\/\/www.sestogrado.it\/it\/#website","url":"https:\/\/www.sestogrado.it\/it\/","name":"Sestogrado","description":"yes we climb","publisher":{"@id":"https:\/\/www.sestogrado.it\/it\/#organization"},"potentialAction":[{"@type":"SearchAction","target":{"@type":"EntryPoint","urlTemplate":"https:\/\/www.sestogrado.it\/it\/?s={search_term_string}"},"query-input":{"@type":"PropertyValueSpecification","valueRequired":true,"valueName":"search_term_string"}}],"inLanguage":"it-IT"},{"@type":"Organization","@id":"https:\/\/www.sestogrado.it\/it\/#organization","name":"Sestogrado","url":"https:\/\/www.sestogrado.it\/it\/","logo":{"@type":"ImageObject","inLanguage":"it-IT","@id":"https:\/\/www.sestogrado.it\/it\/#\/schema\/logo\/image\/","url":"https:\/\/www.sestogrado.it\/wp-content\/uploads\/2015\/03\/sestogrado-favicon.png","contentUrl":"https:\/\/www.sestogrado.it\/wp-content\/uploads\/2015\/03\/sestogrado-favicon.png","width":260,"height":260,"caption":"Sestogrado"},"image":{"@id":"https:\/\/www.sestogrado.it\/it\/#\/schema\/logo\/image\/"},"sameAs":["https:\/\/www.facebook.com\/pages\/Sestogrado\/1542635979353017?ref=bookmarks","https:\/\/www.youtube.com\/channel\/UC847kAfTkaJsWpc1jtQwr3Q"],"hasMerchantReturnPolicy":{"@type":"MerchantReturnPolicy","merchantReturnLink":"https:\/\/www.sestogrado.it\/it\/termini-e-condizioni\/"}}]},"product_brand":"Versante Sud","product_price_amount":"35.00","product_price_currency":"EUR","og_availability":"instock","product_availability":"instock","product_condition":"new"},"_links":{"self":[{"href":"https:\/\/www.sestogrado.it\/it\/wp-json\/wp\/v2\/product\/137511","targetHints":{"allow":["GET"]}}],"collection":[{"href":"https:\/\/www.sestogrado.it\/it\/wp-json\/wp\/v2\/product"}],"about":[{"href":"https:\/\/www.sestogrado.it\/it\/wp-json\/wp\/v2\/types\/product"}],"replies":[{"embeddable":true,"href":"https:\/\/www.sestogrado.it\/it\/wp-json\/wp\/v2\/comments?post=137511"}],"wp:featuredmedia":[{"embeddable":true,"href":"https:\/\/www.sestogrado.it\/it\/wp-json\/wp\/v2\/media\/137514"}],"wp:attachment":[{"href":"https:\/\/www.sestogrado.it\/it\/wp-json\/wp\/v2\/media?parent=137511"}],"wp:term":[{"taxonomy":"product_brand","embeddable":true,"href":"https:\/\/www.sestogrado.it\/it\/wp-json\/wp\/v2\/product_brand?post=137511"},{"taxonomy":"product_cat","embeddable":true,"href":"https:\/\/www.sestogrado.it\/it\/wp-json\/wp\/v2\/product_cat?post=137511"},{"taxonomy":"product_tag","embeddable":true,"href":"https:\/\/www.sestogrado.it\/it\/wp-json\/wp\/v2\/product_tag?post=137511"}],"curies":[{"name":"wp","href":"https:\/\/api.w.org\/{rel}","templated":true}]}}