{"id":137127,"date":"2023-07-18T10:48:00","date_gmt":"2023-07-18T08:48:00","guid":{"rendered":"https:\/\/www.sestogrado.it\/?post_type=product&#038;p=137127"},"modified":"2026-04-09T11:16:32","modified_gmt":"2026-04-09T09:16:32","slug":"grivel-duffel-bag-light-45-zaino-porta-materiali","status":"publish","type":"product","link":"https:\/\/www.sestogrado.it\/it\/prodotto\/grivel-duffel-bag-light-45-zaino-porta-materiali\/","title":{"rendered":"Grivel Duffel Bag Light 45 zaino porta materiali"},"content":{"rendered":"<p>Il Grivel Duffel Bag Light 45 \u00e8 un borsone con tasche multiple interne ed esterne, manici multipli superiori, laterali e tracolla regolabile. \u00c8 realizzato in un tessuto leggero per l&#8217;uso quotidiano ed \u00e8 facile da riporre quando non utilizzato. E&#8217; una versione alleggerita dei borsoni da spedizione Grivel.<\/p>\n<p>\u2022 Attivit\u00e0: viaggi \/ spedizioni<br \/>\n\u2022 Materiali\/costruzione\/tecnologie: nylon, poliestere, fettuccia<br \/>\n\u2022 Peso: 1,26 Kg<br \/>\n\u2022 Taglie: 45 L<\/p>\n<p>&nbsp;<\/p>\n<p>Nata nel 1818 a Courmayeur, la Grivel \u00e8 un\u2019azienda italiana che produce attrezzature ed equipaggiamenti per alpinismo, arrampicata ed outdoor esportando in 26 paesi.\u00a0\u00a0L\u2019azienda ha ottenuto la certificazione GS T\u00dcV dal 1992, ISO 9001 dal 1996, ISO 1400 dal 2004.\u00a0L\u2019obiettivo di\u00a0Grivel \u00e8 di facilitare la vita agli alpinisti e agli amanti della montagna\u00a0con prodotti tecnologicamente avanzati.<\/p>","protected":false},"excerpt":{"rendered":"<p>Il Grivel Duffel Bag Light 45 \u00e8 un borsone con tasche multiple interne ed esterne, manici multipli superiori, laterali e [&hellip;]<\/p>\n","protected":false},"featured_media":137128,"comment_status":"open","ping_status":"closed","template":"","meta":{"_acf_changed":false},"product_brand":[126],"product_cat":[390,392],"product_tag":[],"class_list":{"0":"post-137127","1":"product","2":"type-product","3":"status-publish","4":"has-post-thumbnail","6":"product_brand-grivel","7":"product_cat-zaini-e-borse-portacorda","8":"product_cat-borse-portacorda","10":"first","11":"instock","12":"sale","13":"taxable","14":"shipping-taxable","15":"purchasable","16":"product-type-simple"},"acf":[],"yoast_head":"<!-- This site is optimized with the Yoast SEO plugin v26.4 - https:\/\/yoast.com\/wordpress\/plugins\/seo\/ -->\n<title>Grivel Duffel Bag Light 45 zaino porta materiali - Sestogrado<\/title>\n<meta name=\"description\" content=\"Il Grivel Duffel Bag Light 45 \u00e8 un borsone con tasche multiple interne ed esterne, manici multipli superiori, laterali e tracolla regolabile. \u00c8 realizzato in un tessuto leggero per l&#039;uso quotidiano ed \u00e8 facile da riporre quando non utilizzato. E&#039; una versione alleggerita dei borsoni da spedizione Grivel.\" \/>\n<meta name=\"robots\" content=\"index, follow, max-snippet:-1, max-image-preview:large, max-video-preview:-1\" \/>\n<link rel=\"canonical\" href=\"https:\/\/www.sestogrado.it\/it\/prodotto\/grivel-duffel-bag-light-45-zaino-porta-materiali\/\" \/>\n<meta property=\"og:locale\" content=\"it_IT\" \/>\n<meta property=\"og:type\" content=\"article\" \/>\n<meta property=\"og:title\" content=\"Grivel Duffel Bag Light 45 zaino porta materiali - Sestogrado\" \/>\n<meta property=\"og:description\" content=\"Il Grivel Duffel Bag Light 45 \u00e8 un borsone con tasche multiple interne ed esterne, manici multipli superiori, laterali e tracolla regolabile. \u00c8 realizzato in un tessuto leggero per l&#039;uso quotidiano ed \u00e8 facile da riporre quando non utilizzato. E&#039; una versione alleggerita dei borsoni da spedizione Grivel.\" \/>\n<meta property=\"og:url\" content=\"https:\/\/www.sestogrado.it\/it\/prodotto\/grivel-duffel-bag-light-45-zaino-porta-materiali\/\" \/>\n<meta property=\"og:site_name\" content=\"Sestogrado\" \/>\n<meta property=\"article:publisher\" content=\"https:\/\/www.facebook.com\/pages\/Sestogrado\/1542635979353017?ref=bookmarks\" \/>\n<meta property=\"article:modified_time\" content=\"2026-04-09T09:16:32+00:00\" \/>\n<meta property=\"og:image\" content=\"https:\/\/www.sestogrado.it\/wp-content\/uploads\/2023\/07\/01-1.jpg\" \/>\n\t<meta property=\"og:image:width\" content=\"1600\" \/>\n\t<meta property=\"og:image:height\" content=\"1600\" \/>\n\t<meta property=\"og:image:type\" content=\"image\/jpeg\" \/>\n<meta name=\"twitter:label1\" content=\"Prezzo\" \/>\n\t<meta name=\"twitter:data1\" content=\"&euro;&nbsp;55,00\" \/>\n\t<meta name=\"twitter:label2\" content=\"Disponibilit\u00e0\" \/>\n\t<meta name=\"twitter:data2\" content=\"In stock\" \/>\n<script type=\"application\/ld+json\" class=\"yoast-schema-graph\">{\"@context\":\"https:\/\/schema.org\",\"@graph\":[{\"@type\":\"WebPage\",\"@id\":\"https:\/\/www.sestogrado.it\/it\/prodotto\/grivel-duffel-bag-light-45-zaino-porta-materiali\/\",\"url\":\"https:\/\/www.sestogrado.it\/it\/prodotto\/grivel-duffel-bag-light-45-zaino-porta-materiali\/\",\"name\":\"Grivel Duffel Bag Light 45 zaino porta materiali - Sestogrado\",\"isPartOf\":{\"@id\":\"https:\/\/www.sestogrado.it\/it\/#website\"},\"primaryImageOfPage\":{\"@id\":\"https:\/\/www.sestogrado.it\/it\/prodotto\/grivel-duffel-bag-light-45-zaino-porta-materiali\/#primaryimage\"},\"image\":{\"@id\":\"https:\/\/www.sestogrado.it\/prodotto\/grivel-duffel-bag-light-45-zaino-porta-materiali\/#primaryimage\"},\"thumbnailUrl\":\"https:\/\/www.sestogrado.it\/wp-content\/uploads\/2023\/07\/01-1.jpg\",\"datePublished\":\"2023-07-18T08:48:00+00:00\",\"dateModified\":\"2026-04-09T09:16:32+00:00\",\"description\":\"Il Grivel Duffel Bag Light 45 \u00e8 un borsone con tasche multiple interne ed esterne, manici multipli superiori, laterali e tracolla regolabile. \u00c8 realizzato in un tessuto leggero per l'uso quotidiano ed \u00e8 facile da riporre quando non utilizzato. E' una versione alleggerita dei borsoni da spedizione Grivel.\",\"breadcrumb\":{\"@id\":\"https:\/\/www.sestogrado.it\/it\/prodotto\/grivel-duffel-bag-light-45-zaino-porta-materiali\/#breadcrumb\"},\"inLanguage\":\"it-IT\",\"potentialAction\":[{\"@type\":\"ReadAction\",\"target\":[[\"https:\/\/www.sestogrado.it\/it\/prodotto\/grivel-duffel-bag-light-45-zaino-porta-materiali\/\"]]}]},{\"@type\":\"ImageObject\",\"inLanguage\":\"it-IT\",\"@id\":\"https:\/\/www.sestogrado.it\/it\/prodotto\/grivel-duffel-bag-light-45-zaino-porta-materiali\/#primaryimage\",\"url\":\"https:\/\/www.sestogrado.it\/wp-content\/uploads\/2023\/07\/01-1.jpg\",\"contentUrl\":\"https:\/\/www.sestogrado.it\/wp-content\/uploads\/2023\/07\/01-1.jpg\",\"width\":1600,\"height\":1600,\"caption\":\"duffel bag light 45\"},{\"@type\":\"BreadcrumbList\",\"@id\":\"https:\/\/www.sestogrado.it\/it\/prodotto\/grivel-duffel-bag-light-45-zaino-porta-materiali\/#breadcrumb\",\"itemListElement\":[{\"@type\":\"ListItem\",\"position\":1,\"name\":\"Home\",\"item\":\"https:\/\/www.sestogrado.it\/it\/\"},{\"@type\":\"ListItem\",\"position\":2,\"name\":\"Shop\",\"item\":\"https:\/\/www.sestogrado.it\/it\/shop\/\"},{\"@type\":\"ListItem\",\"position\":3,\"name\":\"Grivel Duffel Bag Light 45 zaino porta materiali\"}]},{\"@type\":\"WebSite\",\"@id\":\"https:\/\/www.sestogrado.it\/it\/#website\",\"url\":\"https:\/\/www.sestogrado.it\/it\/\",\"name\":\"Sestogrado\",\"description\":\"yes we climb\",\"publisher\":{\"@id\":\"https:\/\/www.sestogrado.it\/it\/#organization\"},\"potentialAction\":[{\"@type\":\"SearchAction\",\"target\":{\"@type\":\"EntryPoint\",\"urlTemplate\":\"https:\/\/www.sestogrado.it\/it\/?s={search_term_string}\"},\"query-input\":{\"@type\":\"PropertyValueSpecification\",\"valueRequired\":true,\"valueName\":\"search_term_string\"}}],\"inLanguage\":\"it-IT\"},{\"@type\":\"Organization\",\"@id\":\"https:\/\/www.sestogrado.it\/it\/#organization\",\"name\":\"Sestogrado\",\"url\":\"https:\/\/www.sestogrado.it\/it\/\",\"logo\":{\"@type\":\"ImageObject\",\"inLanguage\":\"it-IT\",\"@id\":\"https:\/\/www.sestogrado.it\/it\/#\/schema\/logo\/image\/\",\"url\":\"https:\/\/www.sestogrado.it\/wp-content\/uploads\/2015\/03\/sestogrado-favicon.png\",\"contentUrl\":\"https:\/\/www.sestogrado.it\/wp-content\/uploads\/2015\/03\/sestogrado-favicon.png\",\"width\":260,\"height\":260,\"caption\":\"Sestogrado\"},\"image\":{\"@id\":\"https:\/\/www.sestogrado.it\/it\/#\/schema\/logo\/image\/\"},\"sameAs\":[\"https:\/\/www.facebook.com\/pages\/Sestogrado\/1542635979353017?ref=bookmarks\",\"https:\/\/www.youtube.com\/channel\/UC847kAfTkaJsWpc1jtQwr3Q\"],\"hasMerchantReturnPolicy\":{\"@type\":\"MerchantReturnPolicy\",\"merchantReturnLink\":\"https:\/\/www.sestogrado.it\/it\/termini-e-condizioni\/\"}}]}<\/script>\n<meta property=\"product:brand\" content=\"Grivel\" \/>\n<meta property=\"product:price:amount\" content=\"55.00\" \/>\n<meta property=\"product:price:currency\" content=\"EUR\" \/>\n<meta property=\"og:availability\" content=\"instock\" \/>\n<meta property=\"product:availability\" content=\"instock\" \/>\n<meta property=\"product:condition\" content=\"new\" \/>\n<!-- \/ Yoast SEO plugin. -->","yoast_head_json":{"title":"Grivel Duffel Bag Light 45 zaino porta materiali - Sestogrado","description":"Il Grivel Duffel Bag Light 45 \u00e8 un borsone con tasche multiple interne ed esterne, manici multipli superiori, laterali e tracolla regolabile. \u00c8 realizzato in un tessuto leggero per l'uso quotidiano ed \u00e8 facile da riporre quando non utilizzato. E' una versione alleggerita dei borsoni da spedizione Grivel.","robots":{"index":"index","follow":"follow","max-snippet":"max-snippet:-1","max-image-preview":"max-image-preview:large","max-video-preview":"max-video-preview:-1"},"canonical":"https:\/\/www.sestogrado.it\/it\/prodotto\/grivel-duffel-bag-light-45-zaino-porta-materiali\/","og_locale":"it_IT","og_type":"article","og_title":"Grivel Duffel Bag Light 45 zaino porta materiali - Sestogrado","og_description":"Il Grivel Duffel Bag Light 45 \u00e8 un borsone con tasche multiple interne ed esterne, manici multipli superiori, laterali e tracolla regolabile. \u00c8 realizzato in un tessuto leggero per l'uso quotidiano ed \u00e8 facile da riporre quando non utilizzato. E' una versione alleggerita dei borsoni da spedizione Grivel.","og_url":"https:\/\/www.sestogrado.it\/it\/prodotto\/grivel-duffel-bag-light-45-zaino-porta-materiali\/","og_site_name":"Sestogrado","article_publisher":"https:\/\/www.facebook.com\/pages\/Sestogrado\/1542635979353017?ref=bookmarks","article_modified_time":"2026-04-09T09:16:32+00:00","og_image":[{"width":1600,"height":1600,"url":"https:\/\/www.sestogrado.it\/wp-content\/uploads\/2023\/07\/01-1.jpg","type":"image\/jpeg"}],"twitter_misc":{"Prezzo":"&euro;&nbsp;55,00","Disponibilit\u00e0":"In stock"},"schema":{"@context":"https:\/\/schema.org","@graph":[{"@type":"WebPage","@id":"https:\/\/www.sestogrado.it\/it\/prodotto\/grivel-duffel-bag-light-45-zaino-porta-materiali\/","url":"https:\/\/www.sestogrado.it\/it\/prodotto\/grivel-duffel-bag-light-45-zaino-porta-materiali\/","name":"Grivel Duffel Bag Light 45 zaino porta materiali - Sestogrado","isPartOf":{"@id":"https:\/\/www.sestogrado.it\/it\/#website"},"primaryImageOfPage":{"@id":"https:\/\/www.sestogrado.it\/it\/prodotto\/grivel-duffel-bag-light-45-zaino-porta-materiali\/#primaryimage"},"image":{"@id":"https:\/\/www.sestogrado.it\/prodotto\/grivel-duffel-bag-light-45-zaino-porta-materiali\/#primaryimage"},"thumbnailUrl":"https:\/\/www.sestogrado.it\/wp-content\/uploads\/2023\/07\/01-1.jpg","datePublished":"2023-07-18T08:48:00+00:00","dateModified":"2026-04-09T09:16:32+00:00","description":"Il Grivel Duffel Bag Light 45 \u00e8 un borsone con tasche multiple interne ed esterne, manici multipli superiori, laterali e tracolla regolabile. \u00c8 realizzato in un tessuto leggero per l'uso quotidiano ed \u00e8 facile da riporre quando non utilizzato. E' una versione alleggerita dei borsoni da spedizione Grivel.","breadcrumb":{"@id":"https:\/\/www.sestogrado.it\/it\/prodotto\/grivel-duffel-bag-light-45-zaino-porta-materiali\/#breadcrumb"},"inLanguage":"it-IT","potentialAction":[{"@type":"ReadAction","target":[["https:\/\/www.sestogrado.it\/it\/prodotto\/grivel-duffel-bag-light-45-zaino-porta-materiali\/"]]}]},{"@type":"ImageObject","inLanguage":"it-IT","@id":"https:\/\/www.sestogrado.it\/it\/prodotto\/grivel-duffel-bag-light-45-zaino-porta-materiali\/#primaryimage","url":"https:\/\/www.sestogrado.it\/wp-content\/uploads\/2023\/07\/01-1.jpg","contentUrl":"https:\/\/www.sestogrado.it\/wp-content\/uploads\/2023\/07\/01-1.jpg","width":1600,"height":1600,"caption":"duffel bag light 45"},{"@type":"BreadcrumbList","@id":"https:\/\/www.sestogrado.it\/it\/prodotto\/grivel-duffel-bag-light-45-zaino-porta-materiali\/#breadcrumb","itemListElement":[{"@type":"ListItem","position":1,"name":"Home","item":"https:\/\/www.sestogrado.it\/it\/"},{"@type":"ListItem","position":2,"name":"Shop","item":"https:\/\/www.sestogrado.it\/it\/shop\/"},{"@type":"ListItem","position":3,"name":"Grivel Duffel Bag Light 45 zaino porta materiali"}]},{"@type":"WebSite","@id":"https:\/\/www.sestogrado.it\/it\/#website","url":"https:\/\/www.sestogrado.it\/it\/","name":"Sestogrado","description":"yes we climb","publisher":{"@id":"https:\/\/www.sestogrado.it\/it\/#organization"},"potentialAction":[{"@type":"SearchAction","target":{"@type":"EntryPoint","urlTemplate":"https:\/\/www.sestogrado.it\/it\/?s={search_term_string}"},"query-input":{"@type":"PropertyValueSpecification","valueRequired":true,"valueName":"search_term_string"}}],"inLanguage":"it-IT"},{"@type":"Organization","@id":"https:\/\/www.sestogrado.it\/it\/#organization","name":"Sestogrado","url":"https:\/\/www.sestogrado.it\/it\/","logo":{"@type":"ImageObject","inLanguage":"it-IT","@id":"https:\/\/www.sestogrado.it\/it\/#\/schema\/logo\/image\/","url":"https:\/\/www.sestogrado.it\/wp-content\/uploads\/2015\/03\/sestogrado-favicon.png","contentUrl":"https:\/\/www.sestogrado.it\/wp-content\/uploads\/2015\/03\/sestogrado-favicon.png","width":260,"height":260,"caption":"Sestogrado"},"image":{"@id":"https:\/\/www.sestogrado.it\/it\/#\/schema\/logo\/image\/"},"sameAs":["https:\/\/www.facebook.com\/pages\/Sestogrado\/1542635979353017?ref=bookmarks","https:\/\/www.youtube.com\/channel\/UC847kAfTkaJsWpc1jtQwr3Q"],"hasMerchantReturnPolicy":{"@type":"MerchantReturnPolicy","merchantReturnLink":"https:\/\/www.sestogrado.it\/it\/termini-e-condizioni\/"}}]},"product_brand":"Grivel","product_price_amount":"55.00","product_price_currency":"EUR","og_availability":"instock","product_availability":"instock","product_condition":"new"},"_links":{"self":[{"href":"https:\/\/www.sestogrado.it\/it\/wp-json\/wp\/v2\/product\/137127","targetHints":{"allow":["GET"]}}],"collection":[{"href":"https:\/\/www.sestogrado.it\/it\/wp-json\/wp\/v2\/product"}],"about":[{"href":"https:\/\/www.sestogrado.it\/it\/wp-json\/wp\/v2\/types\/product"}],"replies":[{"embeddable":true,"href":"https:\/\/www.sestogrado.it\/it\/wp-json\/wp\/v2\/comments?post=137127"}],"wp:featuredmedia":[{"embeddable":true,"href":"https:\/\/www.sestogrado.it\/it\/wp-json\/wp\/v2\/media\/137128"}],"wp:attachment":[{"href":"https:\/\/www.sestogrado.it\/it\/wp-json\/wp\/v2\/media?parent=137127"}],"wp:term":[{"taxonomy":"product_brand","embeddable":true,"href":"https:\/\/www.sestogrado.it\/it\/wp-json\/wp\/v2\/product_brand?post=137127"},{"taxonomy":"product_cat","embeddable":true,"href":"https:\/\/www.sestogrado.it\/it\/wp-json\/wp\/v2\/product_cat?post=137127"},{"taxonomy":"product_tag","embeddable":true,"href":"https:\/\/www.sestogrado.it\/it\/wp-json\/wp\/v2\/product_tag?post=137127"}],"curies":[{"name":"wp","href":"https:\/\/api.w.org\/{rel}","templated":true}]}}