{"id":13537,"date":"2021-10-05T10:12:23","date_gmt":"2021-10-05T08:12:23","guid":{"rendered":"https:\/\/www.sestogrado.it\/?post_type=product&#038;p=13537"},"modified":"2026-03-30T12:04:42","modified_gmt":"2026-03-30T10:04:42","slug":"camp-cassin-alpinist-pro-auto-semi-auto-ramponi","status":"publish","type":"product","link":"https:\/\/www.sestogrado.it\/it\/prodotto\/camp-cassin-alpinist-pro-auto-semi-auto-ramponi\/","title":{"rendered":"Camp Alpinist Pro Auto \/ Semi-Auto ramponi"},"content":{"rendered":"<p>I Camp Alpinist Pro Auto \/ Semi-Auto sono dei ramponi da alpinismo tecnico che garantiscono performance eccezionali su ghiaccio e misto.<\/p>\n<p>L&#8217;Alpinist Pro annovera punte frontali a T che assicurano un&#8217;eccellente penetrazione sul ghiaccio, un efficace sostegno nella neve e ottima stabilit\u00e0 su fondo misto. A differenza del modello Alpinist, l&#8217;Alpinist Pro presenta un design delle punte decisamente pi\u00f9 aggressivo per affrontare pareti verticali ghiacciate, senza pregiudicare la comodit\u00e0 d&#8217;uso duranti gli avvicinamenti.<\/p>\n<p>Il rampone \u00e8 costituito da un&#8217;innovativa struttura in acciaio al nichel-chromo-molibdeno composta unicamente da 2 pezzi, nella quale la piattaforma anteriore e il tacco si compenetrano, fornendo una rigidit\u00e0 assiale impareggiabile. Non appena regolato, l&#8217;Alpinist si trasforma in un pezzo unico che aderisce perfettamente alla calzatura dello scalatore. L&#8217;asta di collegamento integrata col tacco si caratterizza di una doppia fila di fori che, in combinazione con la nuova leva posteriore a 3 posizioni, fa s\u00ec che il dispositivo abbia una regolazione incredibilmente accurata e stabile. La robustezza dell&#8217;antibott, in virt\u00f9 delle sue propriet\u00e0 elastiche e al design accurato, favorisce la corretta evacuazione della neve. I ramponi sono agevolmente trasportabili all&#8217;esterno dello zaino tramite fettucce per mezzo all&#8217;apposita custodia regolabile fornita in dotazione.<\/p>\n<ul>\n<li>Punte frontali a T<\/li>\n<li>Possibilit\u00e0 di passare dall&#8217;allacciatura automatica alla semiautomatica grazie al versatilissimo gancio cod. 2453, incluso nella confezione<\/li>\n<li>Design asimmetrico che segue perfettamente la dima della suola<\/li>\n<li>Asta di regolazione integrata col tacco che garantisce la rigidit\u00e0 del rampone seguendo il profilo dello scarpone<\/li>\n<li>Sistema di regolazione con asta a doppia fila di fori e nuova leva posteriore a 3 posizioni<\/li>\n<li>Antibott integrato ad azione attiva<\/li>\n<li>Custodia regolabile in dotazione, con fettucce per fissaggio esterno sullo zaino<\/li>\n<\/ul>\n<p>&nbsp;<\/p>\n<p>Passione, lavoro e semplicit\u00e0 sono alcune delle parole chiave che da sempre hanno contraddistinto il modo di essere di C.A.M.P. Fondata nel 1889 a Premana, paese dell\u2019alta Valsassina dove tutt\u2019oggi ha la sua sede, C.A.M.P. realizza prodotti che aiutano a realizzare i sogni ed i progetti di tutti coloro che frequentano la montagna.<\/p>","protected":false},"excerpt":{"rendered":"<p>I Camp Alpinist Pro Auto \/ Semi-Auto sono dei ramponi da alpinismo tecnico che garantiscono performance eccezionali su ghiaccio e [&hellip;]<\/p>\n","protected":false},"featured_media":101609,"comment_status":"open","ping_status":"closed","template":"","meta":{"_acf_changed":false},"product_brand":[31],"product_cat":[151,153],"product_tag":[],"class_list":{"0":"post-13537","1":"product","2":"type-product","3":"status-publish","4":"has-post-thumbnail","6":"product_brand-camp","7":"product_cat-ghiaccio","8":"product_cat-ramponi","10":"first","11":"instock","12":"sale","13":"taxable","14":"shipping-taxable","15":"purchasable","16":"product-type-simple"},"acf":[],"yoast_head":"<!-- This site is optimized with the Yoast SEO plugin v26.4 - https:\/\/yoast.com\/wordpress\/plugins\/seo\/ -->\n<title>Camp Alpinist Pro Auto \/ Semi-Auto ramponi - Sestogrado<\/title>\n<meta name=\"description\" content=\"Il Cassin Alpinist Pro Auto \/ Semi-Auto sono dei ramponi da alpinismo tecnico che garantiscono performance eccezionali su ghiaccio e misto.\" \/>\n<meta name=\"robots\" content=\"index, follow, max-snippet:-1, max-image-preview:large, max-video-preview:-1\" \/>\n<link rel=\"canonical\" href=\"https:\/\/www.sestogrado.it\/it\/prodotto\/camp-cassin-alpinist-pro-auto-semi-auto-ramponi\/\" \/>\n<meta property=\"og:locale\" content=\"it_IT\" \/>\n<meta property=\"og:type\" content=\"article\" \/>\n<meta property=\"og:title\" content=\"Camp Alpinist Pro Auto \/ Semi-Auto ramponi - Sestogrado\" \/>\n<meta property=\"og:description\" content=\"Il Cassin Alpinist Pro Auto \/ Semi-Auto sono dei ramponi da alpinismo tecnico che garantiscono performance eccezionali su ghiaccio e misto.\" \/>\n<meta property=\"og:url\" content=\"https:\/\/www.sestogrado.it\/it\/prodotto\/camp-cassin-alpinist-pro-auto-semi-auto-ramponi\/\" \/>\n<meta property=\"og:site_name\" content=\"Sestogrado\" \/>\n<meta property=\"article:publisher\" content=\"https:\/\/www.facebook.com\/pages\/Sestogrado\/1542635979353017?ref=bookmarks\" \/>\n<meta property=\"article:modified_time\" content=\"2026-03-30T10:04:42+00:00\" \/>\n<meta property=\"og:image\" content=\"https:\/\/www.sestogrado.it\/wp-content\/uploads\/2017\/10\/01-16.jpg\" \/>\n\t<meta property=\"og:image:width\" content=\"2000\" \/>\n\t<meta property=\"og:image:height\" content=\"2000\" \/>\n\t<meta property=\"og:image:type\" content=\"image\/jpeg\" \/>\n<meta name=\"twitter:label1\" content=\"Prezzo\" \/>\n\t<meta name=\"twitter:data1\" content=\"&euro;&nbsp;169,00\" \/>\n\t<meta name=\"twitter:label2\" content=\"Disponibilit\u00e0\" \/>\n\t<meta name=\"twitter:data2\" content=\"In stock\" \/>\n<script type=\"application\/ld+json\" class=\"yoast-schema-graph\">{\"@context\":\"https:\/\/schema.org\",\"@graph\":[{\"@type\":\"WebPage\",\"@id\":\"https:\/\/www.sestogrado.it\/it\/prodotto\/camp-cassin-alpinist-pro-auto-semi-auto-ramponi\/\",\"url\":\"https:\/\/www.sestogrado.it\/it\/prodotto\/camp-cassin-alpinist-pro-auto-semi-auto-ramponi\/\",\"name\":\"Camp Alpinist Pro Auto \/ Semi-Auto ramponi - Sestogrado\",\"isPartOf\":{\"@id\":\"https:\/\/www.sestogrado.it\/it\/#website\"},\"primaryImageOfPage\":{\"@id\":\"https:\/\/www.sestogrado.it\/it\/prodotto\/camp-cassin-alpinist-pro-auto-semi-auto-ramponi\/#primaryimage\"},\"image\":{\"@id\":\"https:\/\/www.sestogrado.it\/prodotto\/camp-cassin-alpinist-pro-auto-semi-auto-ramponi\/#primaryimage\"},\"thumbnailUrl\":\"https:\/\/www.sestogrado.it\/wp-content\/uploads\/2017\/10\/01-16.jpg\",\"datePublished\":\"2021-10-05T08:12:23+00:00\",\"dateModified\":\"2026-03-30T10:04:42+00:00\",\"description\":\"Il Cassin Alpinist Pro Auto \/ Semi-Auto sono dei ramponi da alpinismo tecnico che garantiscono performance eccezionali su ghiaccio e misto.\",\"breadcrumb\":{\"@id\":\"https:\/\/www.sestogrado.it\/it\/prodotto\/camp-cassin-alpinist-pro-auto-semi-auto-ramponi\/#breadcrumb\"},\"inLanguage\":\"it-IT\",\"potentialAction\":[{\"@type\":\"ReadAction\",\"target\":[[\"https:\/\/www.sestogrado.it\/it\/prodotto\/camp-cassin-alpinist-pro-auto-semi-auto-ramponi\/\"]]}]},{\"@type\":\"ImageObject\",\"inLanguage\":\"it-IT\",\"@id\":\"https:\/\/www.sestogrado.it\/it\/prodotto\/camp-cassin-alpinist-pro-auto-semi-auto-ramponi\/#primaryimage\",\"url\":\"https:\/\/www.sestogrado.it\/wp-content\/uploads\/2017\/10\/01-16.jpg\",\"contentUrl\":\"https:\/\/www.sestogrado.it\/wp-content\/uploads\/2017\/10\/01-16.jpg\",\"width\":2000,\"height\":2000,\"caption\":\"Camp Cassin Alpinist Pro Auto \/ Semi-Auto\"},{\"@type\":\"BreadcrumbList\",\"@id\":\"https:\/\/www.sestogrado.it\/it\/prodotto\/camp-cassin-alpinist-pro-auto-semi-auto-ramponi\/#breadcrumb\",\"itemListElement\":[{\"@type\":\"ListItem\",\"position\":1,\"name\":\"Home\",\"item\":\"https:\/\/www.sestogrado.it\/it\/\"},{\"@type\":\"ListItem\",\"position\":2,\"name\":\"Shop\",\"item\":\"https:\/\/www.sestogrado.it\/it\/shop\/\"},{\"@type\":\"ListItem\",\"position\":3,\"name\":\"Camp Alpinist Pro Auto \/ Semi-Auto ramponi\"}]},{\"@type\":\"WebSite\",\"@id\":\"https:\/\/www.sestogrado.it\/it\/#website\",\"url\":\"https:\/\/www.sestogrado.it\/it\/\",\"name\":\"Sestogrado\",\"description\":\"yes we climb\",\"publisher\":{\"@id\":\"https:\/\/www.sestogrado.it\/it\/#organization\"},\"potentialAction\":[{\"@type\":\"SearchAction\",\"target\":{\"@type\":\"EntryPoint\",\"urlTemplate\":\"https:\/\/www.sestogrado.it\/it\/?s={search_term_string}\"},\"query-input\":{\"@type\":\"PropertyValueSpecification\",\"valueRequired\":true,\"valueName\":\"search_term_string\"}}],\"inLanguage\":\"it-IT\"},{\"@type\":\"Organization\",\"@id\":\"https:\/\/www.sestogrado.it\/it\/#organization\",\"name\":\"Sestogrado\",\"url\":\"https:\/\/www.sestogrado.it\/it\/\",\"logo\":{\"@type\":\"ImageObject\",\"inLanguage\":\"it-IT\",\"@id\":\"https:\/\/www.sestogrado.it\/it\/#\/schema\/logo\/image\/\",\"url\":\"https:\/\/www.sestogrado.it\/wp-content\/uploads\/2015\/03\/sestogrado-favicon.png\",\"contentUrl\":\"https:\/\/www.sestogrado.it\/wp-content\/uploads\/2015\/03\/sestogrado-favicon.png\",\"width\":260,\"height\":260,\"caption\":\"Sestogrado\"},\"image\":{\"@id\":\"https:\/\/www.sestogrado.it\/it\/#\/schema\/logo\/image\/\"},\"sameAs\":[\"https:\/\/www.facebook.com\/pages\/Sestogrado\/1542635979353017?ref=bookmarks\",\"https:\/\/www.youtube.com\/channel\/UC847kAfTkaJsWpc1jtQwr3Q\"],\"hasMerchantReturnPolicy\":{\"@type\":\"MerchantReturnPolicy\",\"merchantReturnLink\":\"https:\/\/www.sestogrado.it\/it\/termini-e-condizioni\/\"}}]}<\/script>\n<meta property=\"product:brand\" content=\"Camp\" \/>\n<meta property=\"product:price:amount\" content=\"169.00\" \/>\n<meta property=\"product:price:currency\" content=\"EUR\" \/>\n<meta property=\"og:availability\" content=\"instock\" \/>\n<meta property=\"product:availability\" content=\"instock\" \/>\n<meta property=\"product:condition\" content=\"new\" \/>\n<!-- \/ Yoast SEO plugin. -->","yoast_head_json":{"title":"Camp Alpinist Pro Auto \/ Semi-Auto ramponi - Sestogrado","description":"Il Cassin Alpinist Pro Auto \/ Semi-Auto sono dei ramponi da alpinismo tecnico che garantiscono performance eccezionali su ghiaccio e misto.","robots":{"index":"index","follow":"follow","max-snippet":"max-snippet:-1","max-image-preview":"max-image-preview:large","max-video-preview":"max-video-preview:-1"},"canonical":"https:\/\/www.sestogrado.it\/it\/prodotto\/camp-cassin-alpinist-pro-auto-semi-auto-ramponi\/","og_locale":"it_IT","og_type":"article","og_title":"Camp Alpinist Pro Auto \/ Semi-Auto ramponi - Sestogrado","og_description":"Il Cassin Alpinist Pro Auto \/ Semi-Auto sono dei ramponi da alpinismo tecnico che garantiscono performance eccezionali su ghiaccio e misto.","og_url":"https:\/\/www.sestogrado.it\/it\/prodotto\/camp-cassin-alpinist-pro-auto-semi-auto-ramponi\/","og_site_name":"Sestogrado","article_publisher":"https:\/\/www.facebook.com\/pages\/Sestogrado\/1542635979353017?ref=bookmarks","article_modified_time":"2026-03-30T10:04:42+00:00","og_image":[{"width":2000,"height":2000,"url":"https:\/\/www.sestogrado.it\/wp-content\/uploads\/2017\/10\/01-16.jpg","type":"image\/jpeg"}],"twitter_misc":{"Prezzo":"&euro;&nbsp;169,00","Disponibilit\u00e0":"In stock"},"schema":{"@context":"https:\/\/schema.org","@graph":[{"@type":"WebPage","@id":"https:\/\/www.sestogrado.it\/it\/prodotto\/camp-cassin-alpinist-pro-auto-semi-auto-ramponi\/","url":"https:\/\/www.sestogrado.it\/it\/prodotto\/camp-cassin-alpinist-pro-auto-semi-auto-ramponi\/","name":"Camp Alpinist Pro Auto \/ Semi-Auto ramponi - Sestogrado","isPartOf":{"@id":"https:\/\/www.sestogrado.it\/it\/#website"},"primaryImageOfPage":{"@id":"https:\/\/www.sestogrado.it\/it\/prodotto\/camp-cassin-alpinist-pro-auto-semi-auto-ramponi\/#primaryimage"},"image":{"@id":"https:\/\/www.sestogrado.it\/prodotto\/camp-cassin-alpinist-pro-auto-semi-auto-ramponi\/#primaryimage"},"thumbnailUrl":"https:\/\/www.sestogrado.it\/wp-content\/uploads\/2017\/10\/01-16.jpg","datePublished":"2021-10-05T08:12:23+00:00","dateModified":"2026-03-30T10:04:42+00:00","description":"Il Cassin Alpinist Pro Auto \/ Semi-Auto sono dei ramponi da alpinismo tecnico che garantiscono performance eccezionali su ghiaccio e misto.","breadcrumb":{"@id":"https:\/\/www.sestogrado.it\/it\/prodotto\/camp-cassin-alpinist-pro-auto-semi-auto-ramponi\/#breadcrumb"},"inLanguage":"it-IT","potentialAction":[{"@type":"ReadAction","target":[["https:\/\/www.sestogrado.it\/it\/prodotto\/camp-cassin-alpinist-pro-auto-semi-auto-ramponi\/"]]}]},{"@type":"ImageObject","inLanguage":"it-IT","@id":"https:\/\/www.sestogrado.it\/it\/prodotto\/camp-cassin-alpinist-pro-auto-semi-auto-ramponi\/#primaryimage","url":"https:\/\/www.sestogrado.it\/wp-content\/uploads\/2017\/10\/01-16.jpg","contentUrl":"https:\/\/www.sestogrado.it\/wp-content\/uploads\/2017\/10\/01-16.jpg","width":2000,"height":2000,"caption":"Camp Cassin Alpinist Pro Auto \/ Semi-Auto"},{"@type":"BreadcrumbList","@id":"https:\/\/www.sestogrado.it\/it\/prodotto\/camp-cassin-alpinist-pro-auto-semi-auto-ramponi\/#breadcrumb","itemListElement":[{"@type":"ListItem","position":1,"name":"Home","item":"https:\/\/www.sestogrado.it\/it\/"},{"@type":"ListItem","position":2,"name":"Shop","item":"https:\/\/www.sestogrado.it\/it\/shop\/"},{"@type":"ListItem","position":3,"name":"Camp Alpinist Pro Auto \/ Semi-Auto ramponi"}]},{"@type":"WebSite","@id":"https:\/\/www.sestogrado.it\/it\/#website","url":"https:\/\/www.sestogrado.it\/it\/","name":"Sestogrado","description":"yes we climb","publisher":{"@id":"https:\/\/www.sestogrado.it\/it\/#organization"},"potentialAction":[{"@type":"SearchAction","target":{"@type":"EntryPoint","urlTemplate":"https:\/\/www.sestogrado.it\/it\/?s={search_term_string}"},"query-input":{"@type":"PropertyValueSpecification","valueRequired":true,"valueName":"search_term_string"}}],"inLanguage":"it-IT"},{"@type":"Organization","@id":"https:\/\/www.sestogrado.it\/it\/#organization","name":"Sestogrado","url":"https:\/\/www.sestogrado.it\/it\/","logo":{"@type":"ImageObject","inLanguage":"it-IT","@id":"https:\/\/www.sestogrado.it\/it\/#\/schema\/logo\/image\/","url":"https:\/\/www.sestogrado.it\/wp-content\/uploads\/2015\/03\/sestogrado-favicon.png","contentUrl":"https:\/\/www.sestogrado.it\/wp-content\/uploads\/2015\/03\/sestogrado-favicon.png","width":260,"height":260,"caption":"Sestogrado"},"image":{"@id":"https:\/\/www.sestogrado.it\/it\/#\/schema\/logo\/image\/"},"sameAs":["https:\/\/www.facebook.com\/pages\/Sestogrado\/1542635979353017?ref=bookmarks","https:\/\/www.youtube.com\/channel\/UC847kAfTkaJsWpc1jtQwr3Q"],"hasMerchantReturnPolicy":{"@type":"MerchantReturnPolicy","merchantReturnLink":"https:\/\/www.sestogrado.it\/it\/termini-e-condizioni\/"}}]},"product_brand":"Camp","product_price_amount":"169.00","product_price_currency":"EUR","og_availability":"instock","product_availability":"instock","product_condition":"new"},"_links":{"self":[{"href":"https:\/\/www.sestogrado.it\/it\/wp-json\/wp\/v2\/product\/13537","targetHints":{"allow":["GET"]}}],"collection":[{"href":"https:\/\/www.sestogrado.it\/it\/wp-json\/wp\/v2\/product"}],"about":[{"href":"https:\/\/www.sestogrado.it\/it\/wp-json\/wp\/v2\/types\/product"}],"replies":[{"embeddable":true,"href":"https:\/\/www.sestogrado.it\/it\/wp-json\/wp\/v2\/comments?post=13537"}],"wp:featuredmedia":[{"embeddable":true,"href":"https:\/\/www.sestogrado.it\/it\/wp-json\/wp\/v2\/media\/101609"}],"wp:attachment":[{"href":"https:\/\/www.sestogrado.it\/it\/wp-json\/wp\/v2\/media?parent=13537"}],"wp:term":[{"taxonomy":"product_brand","embeddable":true,"href":"https:\/\/www.sestogrado.it\/it\/wp-json\/wp\/v2\/product_brand?post=13537"},{"taxonomy":"product_cat","embeddable":true,"href":"https:\/\/www.sestogrado.it\/it\/wp-json\/wp\/v2\/product_cat?post=13537"},{"taxonomy":"product_tag","embeddable":true,"href":"https:\/\/www.sestogrado.it\/it\/wp-json\/wp\/v2\/product_tag?post=13537"}],"curies":[{"name":"wp","href":"https:\/\/api.w.org\/{rel}","templated":true}]}}